{"id":13725,"date":"2021-07-02T20:58:56","date_gmt":"2021-07-02T17:58:56","guid":{"rendered":"https:\/\/sachviet.eu\/shop\/chang-meo-duong-pho-tron-bo-2-quyen\/"},"modified":"2022-11-30T14:09:16","modified_gmt":"2022-11-30T12:09:16","slug":"chang-meo-duong-pho-tron-bo-2-quyen","status":"publish","type":"product","link":"https:\/\/sachviet.eu\/en\/shop\/chang-meo-duong-pho-tron-bo-2-quyen\/","title":{"rendered":"Ch\u00e0ng M\u00e8o \u0110\u01b0\u1eddng Ph\u1ed1\u00a0&#8211;\u00a0Tr\u1ecdn b\u1ed9 2 quy\u1ec3n"},"content":{"rendered":"<p>Combo Ch\u00e0ng M\u00e8o \u0110\u01b0\u1eddng Ph\u1ed1: Bob, V\u1ecb C\u1ee9u Tinh + T\u00ean T\u00f4i L\u00e0 Bob (B\u1ed9 2 Cu\u1ed1n)<\/p>\n<p>1. Ch\u00e0ng M\u00e8o \u0110\u01b0\u1eddng Ph\u1ed1 : T\u00ean T\u00f4i L\u00e0 Bob<br \/>\nBob v\u00e0 James l\u00e0 \u0111\u00f4i b\u1ea1n th\u00e2n. James \u0111i \u0111\u00e2u Bob c\u0169ng theo c\u00f9ng.<br \/>\nNh\u01b0ng \u0111i\u1ec1u g\u00ec \u0111\u00e3 x\u1ea3y ra v\u1edbi Bob tr\u01b0\u1edbc khi ch\u00fa g\u1eb7p James?<br \/>\nB\u1ea1n bi\u1ebft kh\u00f4ng? Bob r\u1ea5t th\u00edch qu\u00e0ng kh\u0103n<br \/>\nB\u1ea1n bi\u1ebft kh\u00f4ng? Bob v\u00e0 James g\u1eb7p nhau n\u0103m 2007<br \/>\nB\u1ea1n bi\u1ebft kh\u00f4ng? Bob c\u00f3 th\u1ec3 \u0111i l\u1ea1i ri\u00eang h\u1eb3n hoi<br \/>\nB\u1ea1n bi\u1ebft kh\u00f4ng? Bob c\u1ef1c th\u00edch xem ti vi<br \/>\nCu\u1ed1n s\u00e1ch n\u00e0y k\u1ec3 c\u00e2u chuy\u1ec7n v\u1ec1 nh\u1eefng \u201cng\u00e0y x\u01b0a\u201d c\u1ee7a Bob, khi cu\u1ed9c \u0111\u1eddi ch\u00fa c\u00f2n \u0111\u1ea7y th\u0103ng tr\u1ea7m. Ch\u00fa m\u1ea3i mi\u1ebft \u0111i t\u00ecm m\u1ed9t ng\u00f4i nh\u00e0 \u1ea5m \u00e1p v\u00e0 m\u1ed9t ai \u0111\u00f3 \u0111\u1ec3 y\u00eau th\u01b0\u01a1ng\u2026<\/p>\n<p>2. Ch\u00e0ng M\u00e8o \u0110\u01b0\u1eddng Ph\u1ed1: Bob, V\u1ecb C\u1ee9u Tinh<br \/>\nBob v\u00e0 James l\u00e0 \u0111\u00f4i b\u1ea1n th\u00e2n. James \u0111i \u0111\u00e2u Bob c\u0169ng theo c\u00f9ng.<br \/>\nB\u1ea1n bi\u1ebft kh\u00f4ng? Bob v\u00e0 James t\u1eebng l\u00ean ti vi \u0111\u1ea5y!<br \/>\nB\u1ea1n bi\u1ebft kh\u00f4ng? Bob kho\u00e1i th\u1ee9c \u0103n cho m\u00e8o.<br \/>\nB\u1ea1n bi\u1ebft kh\u00f4ng? Bob r\u1ea5t kho\u00e1i xem \u0111ua ng\u1ef1a.<br \/>\nB\u1ea1n bi\u1ebft kh\u00f4ng? Bob c\u1ef1c th\u00edch qu\u00e0ng kh\u0103n.<br \/>\nKhi Bob t\u00ecm th\u1ea5y m\u1ed9t ch\u00fa c\u00fan nh\u1ecf \u0111i l\u1ea1c trong c\u00f4ng vi\u00ean, c\u1eadu \u0111\u00e3 l\u00e0m m\u1ecdi \u0111i\u1ec1u c\u00f3 th\u1ec3 \u0111\u1ec3 gi\u00fap \u0111\u1ee1 ch\u00fa c\u00fan \u1ea5y. C\u1eadu nh\u1edb c\u1ea3m gi\u00e1c kh\u00f4ng nh\u00e0, m\u1ec7t m\u1ecfi v\u00e0 \u0111\u00f3i r\u00e9t. C\u1eadu quy\u1ebft \u0111\u1ecbnh \u201cgi\u1ea3i c\u1ee9u\u201d ng\u01b0\u1eddi b\u1ea1n m\u1edbi.<\/p>\n<p>1. Ch\u00e0ng M\u00e8o \u0110\u01b0\u1eddng Ph\u1ed1: Bob, V\u1ecb C\u1ee9u Tinh<\/p>\n<p>2. Ch\u00e0ng M\u00e8o \u0110\u01b0\u1eddng Ph\u1ed1: T\u00ean T\u00f4i L\u00e0 Bob<\/p>\n","protected":false},"excerpt":{"rendered":"<p>Combo Ch\u00e0ng M\u00e8o \u0110\u01b0\u1eddng Ph\u1ed1: Bob, V\u1ecb C\u1ee9u Tinh + T\u00ean T\u00f4i L\u00e0 Bob (B\u1ed9 2 Cu\u1ed1n)<\/p>\n<p>1. Ch\u00e0ng M\u00e8o \u0110\u01b0\u1eddng Ph\u1ed1 : T\u00ean T\u00f4i L\u00e0 Bob<br \/>\nBob v\u00e0 James l\u00e0 \u0111\u00f4i b\u1ea1n th\u00e2n. James \u0111i \u0111\u00e2u Bob c\u0169ng theo c\u00f9ng.<br \/>\nNh\u01b0ng \u0111i\u1ec1u g\u00ec \u0111\u00e3 x\u1ea3y ra v\u1edbi Bob tr\u01b0\u1edbc khi ch\u00fa g\u1eb7p James?<br \/>\nB\u1ea1n bi\u1ebft kh\u00f4ng? Bob r\u1ea5t th\u00edch qu\u00e0ng kh\u0103n<br \/>\nB\u1ea1n bi\u1ebft kh\u00f4ng? Bob v\u00e0 James g\u1eb7p nhau n\u0103m 2007<br \/>\nB\u1ea1n bi\u1ebft kh\u00f4ng? Bob c\u00f3 th\u1ec3 \u0111i l\u1ea1i ri\u00eang h\u1eb3n hoi<br \/>\nB\u1ea1n bi\u1ebft kh\u00f4ng? Bob c\u1ef1c th\u00edch xem ti vi<br \/>\nCu\u1ed1n s\u00e1ch n\u00e0y k\u1ec3 c\u00e2u chuy\u1ec7n v\u1ec1 nh\u1eefng \u201cng\u00e0y x\u01b0a\u201d c\u1ee7a Bob, khi cu\u1ed9c \u0111\u1eddi ch\u00fa c\u00f2n \u0111\u1ea7y th\u0103ng tr\u1ea7m. Ch\u00fa m\u1ea3i mi\u1ebft \u0111i t\u00ecm m\u1ed9t ng\u00f4i nh\u00e0 \u1ea5m \u00e1p v\u00e0 m\u1ed9t ai \u0111\u00f3 \u0111\u1ec3 y\u00eau th\u01b0\u01a1ng\u2026<\/p>\n<p>2. Ch\u00e0ng M\u00e8o \u0110\u01b0\u1eddng Ph\u1ed1: Bob, V\u1ecb C\u1ee9u Tinh<br \/>\nBob v\u00e0 James l\u00e0 \u0111\u00f4i b\u1ea1n th\u00e2n. James \u0111i \u0111\u00e2u Bob c\u0169ng theo c\u00f9ng.<br \/>\nB\u1ea1n bi\u1ebft kh\u00f4ng? Bob v\u00e0 James t\u1eebng l\u00ean ti vi \u0111\u1ea5y!<br \/>\nB\u1ea1n bi\u1ebft kh\u00f4ng? Bob kho\u00e1i th\u1ee9c \u0103n cho m\u00e8o.<br \/>\nB\u1ea1n bi\u1ebft kh\u00f4ng? Bob r\u1ea5t kho\u00e1i xem \u0111ua ng\u1ef1a.<br \/>\nB\u1ea1n bi\u1ebft kh\u00f4ng? Bob c\u1ef1c th\u00edch qu\u00e0ng kh\u0103n.<br \/>\nKhi Bob t\u00ecm th\u1ea5y m\u1ed9t ch\u00fa c\u00fan nh\u1ecf \u0111i l\u1ea1c trong c\u00f4ng vi\u00ean, c\u1eadu \u0111\u00e3 l\u00e0m m\u1ecdi \u0111i\u1ec1u c\u00f3 th\u1ec3 \u0111\u1ec3 gi\u00fap \u0111\u1ee1 ch\u00fa c\u00fan \u1ea5y. C\u1eadu nh\u1edb c\u1ea3m gi\u00e1c kh\u00f4ng nh\u00e0, m\u1ec7t m\u1ecfi v\u00e0 \u0111\u00f3i r\u00e9t. C\u1eadu quy\u1ebft \u0111\u1ecbnh \u201cgi\u1ea3i c\u1ee9u\u201d ng\u01b0\u1eddi b\u1ea1n m\u1edbi.<\/p>\n<p>1. Ch\u00e0ng M\u00e8o \u0110\u01b0\u1eddng Ph\u1ed1: Bob, V\u1ecb C\u1ee9u Tinh<\/p>\n<p>2. Ch\u00e0ng M\u00e8o \u0110\u01b0\u1eddng Ph\u1ed1: T\u00ean T\u00f4i L\u00e0 Bob<\/p>\n","protected":false},"featured_media":13724,"template":"","meta":{"_acf_changed":false},"product_brand":[],"product_cat":[25,17,26],"product_tag":[],"class_list":{"0":"post-13725","1":"product","2":"type-product","3":"status-publish","4":"has-post-thumbnail","6":"product_cat-nhi-dong-6-tuoi-12-tuoi","7":"product_cat-sach-danh-cho-cac-be","8":"product_cat-thieu-nien-11-tuoi-18-tuoi","10":"first","11":"instock","12":"taxable","13":"shipping-taxable","14":"purchasable","15":"product-type-simple"},"supplier_id":null,"supplier_sku":"","barcode":null,"atum_controlled":true,"out_stock_date":null,"out_stock_threshold":null,"inheritable":false,"inbound_stock":0,"stock_on_hold":0,"sold_today":0,"sales_last_days":0,"reserved_stock":0,"customer_returns":0,"warehouse_damage":0,"lost_in_post":0,"other_logs":0,"out_stock_days":0,"lost_sales":0,"has_location":false,"update_date":"2026-01-28T23:10:53","atum_locations":[],"atum_stock_status":"instock","restock_status":false,"low_stock_amount":"","sales_update_date":"2026-01-28T23:10:53","calc_backorders":null,"acf":{"publisher":{"ID":1454,"post_author":"1","post_date":"2021-02-17 01:11:34","post_date_gmt":"2021-02-16 23:11:34","post_content":"<!-- wp:flatsome\/uxbuilder -->\n<h1 style=\"text-align: center;\"><strong>Kim \u0110\u1ed3ng<\/strong><\/h1>\n[row]\n\n[col span=\"3\" span__sm=\"12\"]\n\n[ux_image id=\"1534\" image_size=\"medium\"]\n\n\n[\/col]\n[col span=\"9\" span__sm=\"12\"]\n\n<p>Nh\u00e0 xu\u1ea5t b\u1ea3n Kim \u0110\u1ed3ng tr\u1ef1c thu\u1ed9c Trung \u01b0\u01a1ng \u0110o\u00e0n TNCS H\u1ed3 Ch\u00ed Minh l\u00e0 Nh\u00e0 xu\u1ea5t b\u1ea3n t\u1ed5ng h\u1ee3p c\u00f3 ch\u1ee9c n\u0103ng xu\u1ea5t b\u1ea3n s\u00e1ch v\u00e0 v\u0103n h\u00f3a ph\u1ea9m ph\u1ee5c v\u1ee5 thi\u1ebfu nhi v\u00e0 c\u00e1c b\u1eadc ph\u1ee5 huynh trong c\u1ea3 n\u01b0\u1edbc, qu\u1ea3ng b\u00e1 v\u00e0 gi\u1edbi thi\u1ec7u v\u0103n h\u00f3a Vi\u1ec7t Nam ra th\u1ebf gi\u1edbi.<br \/>Nh\u00e0 xu\u1ea5t b\u1ea3n c\u00f3 nhi\u1ec7m v\u1ee5 t\u1ed5 ch\u1ee9c b\u1ea3n th\u1ea3o, bi\u00ean so\u1ea1n, bi\u00ean d\u1ecbch, xu\u1ea5t b\u1ea3n v\u00e0 ph\u00e1t h\u00e0nh c\u00e1c xu\u1ea5t b\u1ea3n ph\u1ea9m c\u00f3 n\u1ed9i dung: gi\u00e1o d\u1ee5c truy\u1ec1n th\u1ed1ng d\u00e2n t\u1ed9c, gi\u00e1o d\u1ee5c v\u1ec1 tri th\u1ee9c, ki\u1ebfn th\u1ee9c\u2026 tr\u00ean c\u00e1c l\u0129nh v\u1ef1c v\u0103n h\u1ecdc, ngh\u1ec7 thu\u1eadt, khoa h\u1ecdc k\u1ef9 thu\u1eadt nh\u1eb1m cung c\u1ea5p cho c\u00e1c em thi\u1ebfu nhi c\u0169ng nh\u01b0 c\u00e1c b\u1eadc ph\u1ee5 huynh c\u00e1c ki\u1ebfn th\u1ee9c c\u1ea7n thi\u1ebft trong cu\u1ed9c s\u1ed1ng, nh\u1eefng tinh hoa c\u1ee7a tri th\u1ee9c nh\u00e2n lo\u1ea1i nh\u1eb1m g\u00f3p ph\u1ea7n gi\u00e1o d\u1ee5c v\u00e0 h\u00ecnh th\u00e0nh nh\u00e2n c\u00e1ch th\u1ebf h\u1ec7 tr\u1ebb.<br \/>\u0110\u1ed1i t\u01b0\u1ee3ng ph\u1ee5c v\u1ee5 c\u1ee7a Nh\u00e0 xu\u1ea5t b\u1ea3n l\u00e0 c\u00e1c em t\u1eeb tu\u1ed5i nh\u00e0 tr\u1ebb m\u1eabu gi\u00e1o (1 \u0111\u1ebfn 5 tu\u1ed5i), nhi \u0111\u1ed3ng (6 \u0111\u1ebfn 9 tu\u1ed5i), thi\u1ebfu ni\u00ean (10 \u0111\u1ebfn 15 tu\u1ed5i) \u0111\u1ebfn c\u00e1c em tu\u1ed5i m\u1edbi l\u1edbn (16 \u0111\u1ebfn 18 tu\u1ed5i) v\u00e0 c\u00e1c b\u1eadc ph\u1ee5 huynh.<\/p>\n\n[\/col]\n\n[\/row]\n\n<!-- \/wp:flatsome\/uxbuilder -->","post_title":"Kim \u0110\u1ed3ng","post_excerpt":"","post_status":"publish","comment_status":"closed","ping_status":"closed","post_password":"","post_name":"kim-dong","to_ping":"","pinged":"","post_modified":"2021-02-17 01:31:56","post_modified_gmt":"2021-02-16 23:31:56","post_content_filtered":"","post_parent":0,"guid":"https:\/\/sachviet.eu\/nha-phat-hanh\/kim-dong\/","menu_order":0,"post_type":"publisher","post_mime_type":"","comment_count":"0","filter":"raw"}},"_links":{"self":[{"href":"https:\/\/sachviet.eu\/en\/wp-json\/wp\/v2\/product\/13725","targetHints":{"allow":["GET"]}}],"collection":[{"href":"https:\/\/sachviet.eu\/en\/wp-json\/wp\/v2\/product"}],"about":[{"href":"https:\/\/sachviet.eu\/en\/wp-json\/wp\/v2\/types\/product"}],"wp:featuredmedia":[{"embeddable":true,"href":"https:\/\/sachviet.eu\/en\/wp-json\/wp\/v2\/media\/13724"}],"wp:attachment":[{"href":"https:\/\/sachviet.eu\/en\/wp-json\/wp\/v2\/media?parent=13725"}],"wp:term":[{"taxonomy":"product_brand","embeddable":true,"href":"https:\/\/sachviet.eu\/en\/wp-json\/wp\/v2\/product_brand?post=13725"},{"taxonomy":"product_cat","embeddable":true,"href":"https:\/\/sachviet.eu\/en\/wp-json\/wp\/v2\/product_cat?post=13725"},{"taxonomy":"product_tag","embeddable":true,"href":"https:\/\/sachviet.eu\/en\/wp-json\/wp\/v2\/product_tag?post=13725"}],"curies":[{"name":"wp","href":"https:\/\/api.w.org\/{rel}","templated":true}]}}