{"id":13723,"date":"2021-07-02T20:58:51","date_gmt":"2021-07-02T17:58:51","guid":{"rendered":"https:\/\/sachviet.eu\/shop\/rong-kokosnuss-phieu-luu-ki-tron-bo-5-quyen\/"},"modified":"2022-02-13T10:25:48","modified_gmt":"2022-02-13T08:25:48","slug":"rong-kokosnuss-phieu-luu-ki-tron-bo-5-quyen","status":"publish","type":"product","link":"https:\/\/sachviet.eu\/en\/shop\/rong-kokosnuss-phieu-luu-ki-tron-bo-5-quyen\/","title":{"rendered":"R\u1ed3ng Kokosnuss Phi\u00eau L\u01b0u K\u00ed \u00a0&#8211; Tr\u1ecdn b\u1ed9\u00a05\u00a0quy\u1ec3n"},"content":{"rendered":"<p>Combo R\u1ed3ng Kokosnuss Phi\u00eau L\u01b0u K\u00ed (B\u1ed9 5 Cu\u1ed1n) l\u00e0 b\u1ed9 s\u00e1ch n\u00f3i v\u1ec1 c\u00e1c cu\u1ed9c phi\u00eau l\u01b0u c\u1ee7a r\u1ed3ng Kokosnuss, qua c\u00e1c h\u00ecnh \u1ea3nh ng\u1ed9 ngh\u0129nh \u0111\u1ec3 c\u00e1c b\u00e9 c\u1ea3m th\u1ea5y th\u00edch th\u00fa v\u00e0 d\u1ec5 d\u00e0ng hi\u1ec3u \u0111\u01b0\u1ee3c c\u00e1c c\u00e2u chuy\u1ec7n c\u1ee7a Kokosnuss nh\u01b0: chuy\u1ec7n \u0111\u1ebfn tr\u01b0\u1eddng c\u1ee7a Kokosnuss hay cu\u1ed9c \u0111\u1ea5u tr\u00ed ngh\u1eb9t th\u1edf t\u1ea1i v\u00f9ng \u0111\u1ea5t \u0111\u1ea5u s\u0129&#8230; v\u00e0 c\u00f2n nhi\u1ec1u chuy\u1ec7n kh\u00e1c r\u1ea5t h\u1ea5p d\u1eabn v\u00e0 l\u00f4i cu\u1ed1n, c\u00e1c ph\u1ee5 huynh c\u00f3 th\u1ec3 mua \u0111\u1ec3 c\u00e1c b\u00e9 c\u00f3 th\u1ec3 \u0111\u1ecdc c\u00e2u chuy\u1ec7n c\u1ee7a c\u00e1c nh\u00e2n v\u1eadt d\u1ec5 th\u01b0\u01a1ng n\u00e0y.<\/p>\n","protected":false},"excerpt":{"rendered":"<p>Combo R\u1ed3ng Kokosnuss Phi\u00eau L\u01b0u K\u00ed (B\u1ed9 5 Cu\u1ed1n) l\u00e0 b\u1ed9 s\u00e1ch n\u00f3i v\u1ec1 c\u00e1c cu\u1ed9c phi\u00eau l\u01b0u c\u1ee7a r\u1ed3ng Kokosnuss, qua c\u00e1c h\u00ecnh \u1ea3nh ng\u1ed9 ngh\u0129nh \u0111\u1ec3 c\u00e1c b\u00e9 c\u1ea3m th\u1ea5y th\u00edch th\u00fa v\u00e0 d\u1ec5 d\u00e0ng hi\u1ec3u \u0111\u01b0\u1ee3c c\u00e1c c\u00e2u chuy\u1ec7n c\u1ee7a Kokosnuss nh\u01b0: chuy\u1ec7n \u0111\u1ebfn tr\u01b0\u1eddng c\u1ee7a Kokosnuss hay cu\u1ed9c \u0111\u1ea5u tr\u00ed ngh\u1eb9t th\u1edf t\u1ea1i v\u00f9ng \u0111\u1ea5t \u0111\u1ea5u s\u0129&#8230; v\u00e0 c\u00f2n nhi\u1ec1u chuy\u1ec7n kh\u00e1c r\u1ea5t h\u1ea5p d\u1eabn v\u00e0 l\u00f4i cu\u1ed1n, c\u00e1c ph\u1ee5 huynh c\u00f3 th\u1ec3 mua \u0111\u1ec3 c\u00e1c b\u00e9 c\u00f3 th\u1ec3 \u0111\u1ecdc c\u00e2u chuy\u1ec7n c\u1ee7a c\u00e1c nh\u00e2n v\u1eadt d\u1ec5 th\u01b0\u01a1ng n\u00e0y.<\/p>\n","protected":false},"featured_media":13722,"template":"","meta":{"_acf_changed":false},"product_brand":[],"product_cat":[25,17,26],"product_tag":[],"class_list":{"0":"post-13723","1":"product","2":"type-product","3":"status-publish","4":"has-post-thumbnail","6":"product_cat-nhi-dong-6-tuoi-12-tuoi","7":"product_cat-sach-danh-cho-cac-be","8":"product_cat-thieu-nien-11-tuoi-18-tuoi","10":"first","11":"outofstock","12":"taxable","13":"shipping-taxable","14":"purchasable","15":"product-type-simple"},"supplier_id":null,"supplier_sku":"","barcode":null,"atum_controlled":true,"out_stock_date":"2022-02-13 06:25:48","out_stock_threshold":null,"inheritable":false,"inbound_stock":0,"stock_on_hold":0,"sold_today":0,"sales_last_days":0,"reserved_stock":0,"customer_returns":0,"warehouse_damage":0,"lost_in_post":0,"other_logs":0,"out_stock_days":1445,"lost_sales":0,"has_location":false,"update_date":"2026-01-28T23:10:53","atum_locations":[],"atum_stock_status":"outofstock","restock_status":false,"low_stock_amount":"","sales_update_date":"2026-01-28T23:10:53","calc_backorders":null,"acf":{"publisher":{"ID":5988,"post_author":"1","post_date":"2021-03-14 02:36:31","post_date_gmt":"2021-03-14 00:36:31","post_content":"","post_title":"Ph\u1ee5 N\u1eef","post_excerpt":"","post_status":"publish","comment_status":"closed","ping_status":"closed","post_password":"","post_name":"phu-nu","to_ping":"","pinged":"","post_modified":"2021-03-14 02:36:31","post_modified_gmt":"2021-03-14 00:36:31","post_content_filtered":"","post_parent":0,"guid":"https:\/\/sachviet.eu\/blog\/nha-phat-hanh\/phu-nu\/","menu_order":0,"post_type":"publisher","post_mime_type":"","comment_count":"0","filter":"raw"}},"_links":{"self":[{"href":"https:\/\/sachviet.eu\/en\/wp-json\/wp\/v2\/product\/13723","targetHints":{"allow":["GET"]}}],"collection":[{"href":"https:\/\/sachviet.eu\/en\/wp-json\/wp\/v2\/product"}],"about":[{"href":"https:\/\/sachviet.eu\/en\/wp-json\/wp\/v2\/types\/product"}],"wp:featuredmedia":[{"embeddable":true,"href":"https:\/\/sachviet.eu\/en\/wp-json\/wp\/v2\/media\/13722"}],"wp:attachment":[{"href":"https:\/\/sachviet.eu\/en\/wp-json\/wp\/v2\/media?parent=13723"}],"wp:term":[{"taxonomy":"product_brand","embeddable":true,"href":"https:\/\/sachviet.eu\/en\/wp-json\/wp\/v2\/product_brand?post=13723"},{"taxonomy":"product_cat","embeddable":true,"href":"https:\/\/sachviet.eu\/en\/wp-json\/wp\/v2\/product_cat?post=13723"},{"taxonomy":"product_tag","embeddable":true,"href":"https:\/\/sachviet.eu\/en\/wp-json\/wp\/v2\/product_tag?post=13723"}],"curies":[{"name":"wp","href":"https:\/\/api.w.org\/{rel}","templated":true}]}}