{"id":13720,"date":"2021-07-02T20:54:17","date_gmt":"2021-07-02T17:54:17","guid":{"rendered":"https:\/\/sachviet.eu\/shop\/truyen-tranh-tu-duy-cho-be\/"},"modified":"2023-03-17T12:06:55","modified_gmt":"2023-03-17T10:06:55","slug":"truyen-tranh-tu-duy-cho-be","status":"publish","type":"product","link":"https:\/\/sachviet.eu\/en\/shop\/truyen-tranh-tu-duy-cho-be\/","title":{"rendered":"Truy\u1ec7n Tranh T\u01b0 Duy Cho B\u00e9"},"content":{"rendered":"<p>Truy\u1ec7n tranh t\u01b0 duy cho b\u00e9<\/p>\n<p>-ph\u00e1t tri\u1ec3n ng\u00f4n ng\u1eef,<\/p>\n<p>&#8211; Ph\u00e1t tri\u1ec3n tr\u00ed t\u01b0\u1edfng t\u01b0\u1ee3ng, <\/p>\n<p>&#8211; R\u00e8n luy\u1ec7n kh\u1ea3 n\u0103ng quan s\u00e1t<\/p>\n<p>&#8211; Ph\u00e1t tri\u1ec3n kh\u1ea3 n\u0103ng t\u01b0 duy<\/p>\n<p>Cu\u1ed1n s\u00e1ch l\u00e0 nh\u1eefng c\u00e2u chuy\u1ec7n ng\u1ee5 ng\u00f4n hay nh\u1ea5t , \u0111\u01b0\u1ee3c thi\u1ebft k\u1ebf \u0111\u1ecdc truy\u1ec7n theo t\u01b0 duy h\u00ecnh \u1ea3nh ,t\u1eebng c\u00e2u chuy\u1ec7n k\u1ebft h\u1ee3p v\u1edbi h\u00ecnh \u1ea3nh thay cho t\u1eeb , \u0111\u1ec3 b\u00e9 \u0111o\u00e1n h\u00ecnh th\u00e0nh c\u00e2u chuy\u1ec7n \u0111\u1ecdc hay cho b\u00e9 , gi\u00fap b\u00e9 ph\u00e1t tri\u1ec3n t\u01b0 duy nhanh tr\u00ed , kh\u1ea3 n\u0103ng t\u01b0\u1edfng t\u01b0\u1ee3ng , r\u00e8n luy\u1ec7n cho b\u00e9<\/p>\n","protected":false},"excerpt":{"rendered":"<p>Truy\u1ec7n tranh t\u01b0 duy cho b\u00e9<\/p>\n<p>-ph\u00e1t tri\u1ec3n ng\u00f4n ng\u1eef,<\/p>\n<p>&#8211; Ph\u00e1t tri\u1ec3n tr\u00ed t\u01b0\u1edfng t\u01b0\u1ee3ng, <\/p>\n<p>&#8211; R\u00e8n luy\u1ec7n kh\u1ea3 n\u0103ng quan s\u00e1t<\/p>\n<p>&#8211; Ph\u00e1t tri\u1ec3n kh\u1ea3 n\u0103ng t\u01b0 duy<\/p>\n<p>Cu\u1ed1n s\u00e1ch l\u00e0 nh\u1eefng c\u00e2u chuy\u1ec7n ng\u1ee5 ng\u00f4n hay nh\u1ea5t , \u0111\u01b0\u1ee3c thi\u1ebft k\u1ebf \u0111\u1ecdc truy\u1ec7n theo t\u01b0 duy h\u00ecnh \u1ea3nh ,t\u1eebng c\u00e2u chuy\u1ec7n k\u1ebft h\u1ee3p v\u1edbi h\u00ecnh \u1ea3nh thay cho t\u1eeb , \u0111\u1ec3 b\u00e9 \u0111o\u00e1n h\u00ecnh th\u00e0nh c\u00e2u chuy\u1ec7n \u0111\u1ecdc hay cho b\u00e9 , gi\u00fap b\u00e9 ph\u00e1t tri\u1ec3n t\u01b0 duy nhanh tr\u00ed , kh\u1ea3 n\u0103ng t\u01b0\u1edfng t\u01b0\u1ee3ng , r\u00e8n luy\u1ec7n cho b\u00e9<\/p>\n","protected":false},"featured_media":13718,"template":"","meta":{"_acf_changed":false},"product_brand":[],"product_cat":[24,25,17],"product_tag":[81],"class_list":{"0":"post-13720","1":"product","2":"type-product","3":"status-publish","4":"has-post-thumbnail","6":"product_cat-nha-tre-mau-giao-0-tuoi-6-tuoi","7":"product_cat-nhi-dong-6-tuoi-12-tuoi","8":"product_cat-sach-danh-cho-cac-be","9":"product_tag-sach-gia-uu-dai","11":"first","12":"instock","13":"sale","14":"taxable","15":"shipping-taxable","16":"purchasable","17":"product-type-simple"},"supplier_id":null,"supplier_sku":"","barcode":null,"atum_controlled":true,"out_stock_date":null,"out_stock_threshold":null,"inheritable":false,"inbound_stock":0,"stock_on_hold":0,"sold_today":0,"sales_last_days":0,"reserved_stock":0,"customer_returns":0,"warehouse_damage":0,"lost_in_post":0,"other_logs":0,"out_stock_days":0,"lost_sales":0,"has_location":true,"update_date":"2026-01-28T23:10:53","atum_locations":[{"id":32,"name":"Helsinki","slug":"helsinki"}],"atum_stock_status":"instock","restock_status":false,"low_stock_amount":"","sales_update_date":"2026-01-28T23:10:53","calc_backorders":null,"acf":{"publisher":{"ID":4073,"post_author":"1","post_date":"2021-03-02 03:53:16","post_date_gmt":"2021-03-02 01:53:16","post_content":"","post_title":"MCBooks","post_excerpt":"","post_status":"publish","comment_status":"closed","ping_status":"closed","post_password":"","post_name":"mcbooks","to_ping":"","pinged":"","post_modified":"2021-03-02 03:53:16","post_modified_gmt":"2021-03-02 01:53:16","post_content_filtered":"","post_parent":0,"guid":"https:\/\/sachviet.eu\/nha-phat-hanh\/mcbooks\/","menu_order":0,"post_type":"publisher","post_mime_type":"","comment_count":"0","filter":"raw"}},"_links":{"self":[{"href":"https:\/\/sachviet.eu\/en\/wp-json\/wp\/v2\/product\/13720","targetHints":{"allow":["GET"]}}],"collection":[{"href":"https:\/\/sachviet.eu\/en\/wp-json\/wp\/v2\/product"}],"about":[{"href":"https:\/\/sachviet.eu\/en\/wp-json\/wp\/v2\/types\/product"}],"wp:featuredmedia":[{"embeddable":true,"href":"https:\/\/sachviet.eu\/en\/wp-json\/wp\/v2\/media\/13718"}],"wp:attachment":[{"href":"https:\/\/sachviet.eu\/en\/wp-json\/wp\/v2\/media?parent=13720"}],"wp:term":[{"taxonomy":"product_brand","embeddable":true,"href":"https:\/\/sachviet.eu\/en\/wp-json\/wp\/v2\/product_brand?post=13720"},{"taxonomy":"product_cat","embeddable":true,"href":"https:\/\/sachviet.eu\/en\/wp-json\/wp\/v2\/product_cat?post=13720"},{"taxonomy":"product_tag","embeddable":true,"href":"https:\/\/sachviet.eu\/en\/wp-json\/wp\/v2\/product_tag?post=13720"}],"curies":[{"name":"wp","href":"https:\/\/api.w.org\/{rel}","templated":true}]}}