{"id":13717,"date":"2021-07-02T20:54:08","date_gmt":"2021-07-02T17:54:08","guid":{"rendered":"https:\/\/sachviet.eu\/shop\/combo-tac-gia-tao-van-hien-tron-bo-5-quyen\/"},"modified":"2023-04-02T12:53:32","modified_gmt":"2023-04-02T09:53:32","slug":"combo-tac-gia-tao-van-hien-tron-bo-5-quyen","status":"publish","type":"product","link":"https:\/\/sachviet.eu\/en\/shop\/combo-tac-gia-tao-van-hien-tron-bo-5-quyen\/","title":{"rendered":"Combo T\u00e1c Gi\u1ea3 T\u00e0o V\u0103n Hi\u00ean &#8211; Tr\u1ecdn b\u1ed9 5 quy\u1ec3n"},"content":{"rendered":"<p>T\u00e0o V\u0103n Hi\u00ean l\u00e0 gi\u00e1o s\u01b0 Trung v\u0103n c\u1ee7a tr\u01b0\u1eddng \u0110\u1ea1i h\u1ecdc B\u1eafc Kinh. C\u00e1c t\u00e1c ph\u1ea9m c\u1ee7a \u00f4ng \u0111\u00e3 \u0111\u01b0\u1ee3c d\u1ecbch ra nhi\u1ec1u th\u1ee9 ti\u1ebfng nh\u01b0: Ph\u00e1p, \u0110\u1ee9c, Nga, Nh\u1eadt, H\u00e0n, Anh, Hy L\u1ea1p, Th\u1ee5y \u0110i\u1ec3n, \u0110an M\u1ea1ch, B\u1ed3 \u0110\u00e0o N\u00d4ng t\u1eebng \u0111o\u1ea1t gi\u1ea3i Gi\u1ea3i V\u0103n h\u1ecdc vi\u1ebft cho thi\u1ebfu nhi xu\u1ea5t s\u1eafc nh\u1ea5t c\u1ee7a H\u1ed9i Nh\u00e0 v\u0103n Trung Qu\u1ed1c c\u00f9ng c\u00e1c gi\u1ea3i th\u01b0\u1edfng v\u0103n h\u1ecdc uy t\u00edn kh\u00e1c nh\u01b0 B\u0103ng T\u00e2m, T\u1ed1ng Kh\u00e1nh Linh, S\u00e1ch hay qu\u1ed1c Ngo\u00e0i s\u00e1ng t\u00e1c v\u0103n h\u1ecdc, \u00f4ng c\u00f2n l\u00e0 t\u00e1c gi\u1ea3 k\u1ecbch b\u1ea3n v\u00e0 \u0111\u00e3 \u0111o\u1ea1t gi\u1ea3i Kim K\u00ea, Hoa Bi\u1ec3u, H\u1ed3 \u0110i\u1ec7p v\u00e0ng (Li\u00ean hoan phim qu\u1ed1c t\u1ebf Tehran) d\u00e0nh cho Bi\u00ean k\u1ecbch xu\u1ea5t s\u1eafc nh\u1ea5t. N\u0103m 2016, T\u00e0o V\u0103n Hi\u00ean \u0111o\u1ea1t Gi\u1ea3i V\u0103n h\u1ecdc Hans Christian Andersen. \u00d4ng c\u0169ng l\u00e0 nh\u00e0 v\u0103n Trung Qu\u1ed1c \u0111\u1ea7u ti\u00ean \u0111o\u1ea1t gi\u1ea3i th\u01b0\u1edfng n\u00e0y.<\/p>\n<p>D\u1eabn d\u1eaft tr\u1ebb em t\u1ef1 tr\u01b0\u1edfng th\u00e0nh t\u1eeb nh\u1eefng tr\u1ea3i nghi\u1ec7m c\u1ee7a ch\u00ednh m\u00ecnh ch\u1ee9 kh\u00f4ng c\u00f3 ai d\u1ea1y b\u1ea3o, c\u1ee9u gi\u00fap l\u00e0 c\u00e1ch nh\u00e0 v\u0103n T\u00e0o V\u0103n Hi\u00ean kh\u1eafc h\u1ecda s\u00e2u s\u1eafc h\u00ecnh t\u01b0\u1ee3ng \u201cthi\u1ebfu nhi \u0111\u1ed9c l\u1eadp\u201d trong t\u00e1c ph\u1ea9m c\u1ee7a \u00f4ng. (GS L\u00fd L\u1ee3i Ph\u01b0\u01a1ng)<\/p>\n","protected":false},"excerpt":{"rendered":"<p>T\u00e0o V\u0103n Hi\u00ean l\u00e0 gi\u00e1o s\u01b0 Trung v\u0103n c\u1ee7a tr\u01b0\u1eddng \u0110\u1ea1i h\u1ecdc B\u1eafc Kinh. C\u00e1c t\u00e1c ph\u1ea9m c\u1ee7a \u00f4ng \u0111\u00e3 \u0111\u01b0\u1ee3c d\u1ecbch ra nhi\u1ec1u th\u1ee9 ti\u1ebfng nh\u01b0: Ph\u00e1p, \u0110\u1ee9c, Nga, Nh\u1eadt, H\u00e0n, Anh, Hy L\u1ea1p, Th\u1ee5y \u0110i\u1ec3n, \u0110an M\u1ea1ch, B\u1ed3 \u0110\u00e0o N\u00d4ng t\u1eebng \u0111o\u1ea1t gi\u1ea3i Gi\u1ea3i V\u0103n h\u1ecdc vi\u1ebft cho thi\u1ebfu nhi xu\u1ea5t s\u1eafc nh\u1ea5t c\u1ee7a H\u1ed9i Nh\u00e0 v\u0103n Trung Qu\u1ed1c c\u00f9ng c\u00e1c gi\u1ea3i th\u01b0\u1edfng v\u0103n h\u1ecdc uy t\u00edn kh\u00e1c nh\u01b0 B\u0103ng T\u00e2m, T\u1ed1ng Kh\u00e1nh Linh, S\u00e1ch hay qu\u1ed1c Ngo\u00e0i s\u00e1ng t\u00e1c v\u0103n h\u1ecdc, \u00f4ng c\u00f2n l\u00e0 t\u00e1c gi\u1ea3 k\u1ecbch b\u1ea3n v\u00e0 \u0111\u00e3 \u0111o\u1ea1t gi\u1ea3i Kim K\u00ea, Hoa Bi\u1ec3u, H\u1ed3 \u0110i\u1ec7p v\u00e0ng (Li\u00ean hoan phim qu\u1ed1c t\u1ebf Tehran) d\u00e0nh cho Bi\u00ean k\u1ecbch xu\u1ea5t s\u1eafc nh\u1ea5t. N\u0103m 2016, T\u00e0o V\u0103n Hi\u00ean \u0111o\u1ea1t Gi\u1ea3i V\u0103n h\u1ecdc Hans Christian Andersen. \u00d4ng c\u0169ng l\u00e0 nh\u00e0 v\u0103n Trung Qu\u1ed1c \u0111\u1ea7u ti\u00ean \u0111o\u1ea1t gi\u1ea3i th\u01b0\u1edfng n\u00e0y.<\/p>\n<p>D\u1eabn d\u1eaft tr\u1ebb em t\u1ef1 tr\u01b0\u1edfng th\u00e0nh t\u1eeb nh\u1eefng tr\u1ea3i nghi\u1ec7m c\u1ee7a ch\u00ednh m\u00ecnh ch\u1ee9 kh\u00f4ng c\u00f3 ai d\u1ea1y b\u1ea3o, c\u1ee9u gi\u00fap l\u00e0 c\u00e1ch nh\u00e0 v\u0103n T\u00e0o V\u0103n Hi\u00ean kh\u1eafc h\u1ecda s\u00e2u s\u1eafc h\u00ecnh t\u01b0\u1ee3ng \u201cthi\u1ebfu nhi \u0111\u1ed9c l\u1eadp\u201d trong t\u00e1c ph\u1ea9m c\u1ee7a \u00f4ng. (GS L\u00fd L\u1ee3i Ph\u01b0\u01a1ng)<\/p>\n","protected":false},"featured_media":13711,"template":"","meta":{"_acf_changed":false},"product_brand":[],"product_cat":[17,26],"product_tag":[],"class_list":{"0":"post-13717","1":"product","2":"type-product","3":"status-publish","4":"has-post-thumbnail","6":"product_cat-sach-danh-cho-cac-be","7":"product_cat-thieu-nien-11-tuoi-18-tuoi","9":"first","10":"instock","11":"taxable","12":"shipping-taxable","13":"purchasable","14":"product-type-simple"},"supplier_id":null,"supplier_sku":"","barcode":null,"atum_controlled":true,"out_stock_date":null,"out_stock_threshold":null,"inheritable":false,"inbound_stock":0,"stock_on_hold":0,"sold_today":0,"sales_last_days":0,"reserved_stock":0,"customer_returns":0,"warehouse_damage":0,"lost_in_post":0,"other_logs":0,"out_stock_days":0,"lost_sales":0,"has_location":false,"update_date":"2026-01-28T23:10:53","atum_locations":[],"atum_stock_status":"instock","restock_status":false,"low_stock_amount":"","sales_update_date":"2026-01-28T23:10:53","calc_backorders":null,"acf":{"publisher":{"ID":1454,"post_author":"1","post_date":"2021-02-17 01:11:34","post_date_gmt":"2021-02-16 23:11:34","post_content":"<!-- wp:flatsome\/uxbuilder -->\n<h1 style=\"text-align: center;\"><strong>Kim \u0110\u1ed3ng<\/strong><\/h1>\n[row]\n\n[col span=\"3\" span__sm=\"12\"]\n\n[ux_image id=\"1534\" image_size=\"medium\"]\n\n\n[\/col]\n[col span=\"9\" span__sm=\"12\"]\n\n<p>Nh\u00e0 xu\u1ea5t b\u1ea3n Kim \u0110\u1ed3ng tr\u1ef1c thu\u1ed9c Trung \u01b0\u01a1ng \u0110o\u00e0n TNCS H\u1ed3 Ch\u00ed Minh l\u00e0 Nh\u00e0 xu\u1ea5t b\u1ea3n t\u1ed5ng h\u1ee3p c\u00f3 ch\u1ee9c n\u0103ng xu\u1ea5t b\u1ea3n s\u00e1ch v\u00e0 v\u0103n h\u00f3a ph\u1ea9m ph\u1ee5c v\u1ee5 thi\u1ebfu nhi v\u00e0 c\u00e1c b\u1eadc ph\u1ee5 huynh trong c\u1ea3 n\u01b0\u1edbc, qu\u1ea3ng b\u00e1 v\u00e0 gi\u1edbi thi\u1ec7u v\u0103n h\u00f3a Vi\u1ec7t Nam ra th\u1ebf gi\u1edbi.<br \/>Nh\u00e0 xu\u1ea5t b\u1ea3n c\u00f3 nhi\u1ec7m v\u1ee5 t\u1ed5 ch\u1ee9c b\u1ea3n th\u1ea3o, bi\u00ean so\u1ea1n, bi\u00ean d\u1ecbch, xu\u1ea5t b\u1ea3n v\u00e0 ph\u00e1t h\u00e0nh c\u00e1c xu\u1ea5t b\u1ea3n ph\u1ea9m c\u00f3 n\u1ed9i dung: gi\u00e1o d\u1ee5c truy\u1ec1n th\u1ed1ng d\u00e2n t\u1ed9c, gi\u00e1o d\u1ee5c v\u1ec1 tri th\u1ee9c, ki\u1ebfn th\u1ee9c\u2026 tr\u00ean c\u00e1c l\u0129nh v\u1ef1c v\u0103n h\u1ecdc, ngh\u1ec7 thu\u1eadt, khoa h\u1ecdc k\u1ef9 thu\u1eadt nh\u1eb1m cung c\u1ea5p cho c\u00e1c em thi\u1ebfu nhi c\u0169ng nh\u01b0 c\u00e1c b\u1eadc ph\u1ee5 huynh c\u00e1c ki\u1ebfn th\u1ee9c c\u1ea7n thi\u1ebft trong cu\u1ed9c s\u1ed1ng, nh\u1eefng tinh hoa c\u1ee7a tri th\u1ee9c nh\u00e2n lo\u1ea1i nh\u1eb1m g\u00f3p ph\u1ea7n gi\u00e1o d\u1ee5c v\u00e0 h\u00ecnh th\u00e0nh nh\u00e2n c\u00e1ch th\u1ebf h\u1ec7 tr\u1ebb.<br \/>\u0110\u1ed1i t\u01b0\u1ee3ng ph\u1ee5c v\u1ee5 c\u1ee7a Nh\u00e0 xu\u1ea5t b\u1ea3n l\u00e0 c\u00e1c em t\u1eeb tu\u1ed5i nh\u00e0 tr\u1ebb m\u1eabu gi\u00e1o (1 \u0111\u1ebfn 5 tu\u1ed5i), nhi \u0111\u1ed3ng (6 \u0111\u1ebfn 9 tu\u1ed5i), thi\u1ebfu ni\u00ean (10 \u0111\u1ebfn 15 tu\u1ed5i) \u0111\u1ebfn c\u00e1c em tu\u1ed5i m\u1edbi l\u1edbn (16 \u0111\u1ebfn 18 tu\u1ed5i) v\u00e0 c\u00e1c b\u1eadc ph\u1ee5 huynh.<\/p>\n\n[\/col]\n\n[\/row]\n\n<!-- \/wp:flatsome\/uxbuilder -->","post_title":"Kim \u0110\u1ed3ng","post_excerpt":"","post_status":"publish","comment_status":"closed","ping_status":"closed","post_password":"","post_name":"kim-dong","to_ping":"","pinged":"","post_modified":"2021-02-17 01:31:56","post_modified_gmt":"2021-02-16 23:31:56","post_content_filtered":"","post_parent":0,"guid":"https:\/\/sachviet.eu\/nha-phat-hanh\/kim-dong\/","menu_order":0,"post_type":"publisher","post_mime_type":"","comment_count":"0","filter":"raw"}},"_links":{"self":[{"href":"https:\/\/sachviet.eu\/en\/wp-json\/wp\/v2\/product\/13717","targetHints":{"allow":["GET"]}}],"collection":[{"href":"https:\/\/sachviet.eu\/en\/wp-json\/wp\/v2\/product"}],"about":[{"href":"https:\/\/sachviet.eu\/en\/wp-json\/wp\/v2\/types\/product"}],"wp:featuredmedia":[{"embeddable":true,"href":"https:\/\/sachviet.eu\/en\/wp-json\/wp\/v2\/media\/13711"}],"wp:attachment":[{"href":"https:\/\/sachviet.eu\/en\/wp-json\/wp\/v2\/media?parent=13717"}],"wp:term":[{"taxonomy":"product_brand","embeddable":true,"href":"https:\/\/sachviet.eu\/en\/wp-json\/wp\/v2\/product_brand?post=13717"},{"taxonomy":"product_cat","embeddable":true,"href":"https:\/\/sachviet.eu\/en\/wp-json\/wp\/v2\/product_cat?post=13717"},{"taxonomy":"product_tag","embeddable":true,"href":"https:\/\/sachviet.eu\/en\/wp-json\/wp\/v2\/product_tag?post=13717"}],"curies":[{"name":"wp","href":"https:\/\/api.w.org\/{rel}","templated":true}]}}