{"id":13710,"date":"2021-07-02T20:53:47","date_gmt":"2021-07-02T17:53:47","guid":{"rendered":"https:\/\/sachviet.eu\/shop\/bao-giong-moi-la-cuoc-doi\/"},"modified":"2022-12-19T18:36:32","modified_gmt":"2022-12-19T16:36:32","slug":"bao-giong-moi-la-cuoc-doi","status":"publish","type":"product","link":"https:\/\/sachviet.eu\/en\/shop\/bao-giong-moi-la-cuoc-doi\/","title":{"rendered":"B\u00e3o Gi\u00f4ng M\u1edbi L\u00e0 Cu\u1ed9c \u0110\u1eddi"},"content":{"rendered":"<p>Ch\u00fang ta c\u00f3 lu\u00f4n h\u00e0i l\u00f2ng v\u1edbi cu\u1ed9c s\u1ed1ng c\u1ee7a m\u00ecnh kh\u00f4ng? Ch\u01b0 v\u1ecb th\u00e1nh hi\u1ec1n trong qu\u00e1 kh\u1ee9 d\u1ea1y r\u1eb1ng n\u1ebfu chia \u0111\u1eddi m\u00ecnh th\u00e0nh m\u01b0\u1eddi ph\u1ea7n b\u1eb1ng nhau, ta th\u01b0\u1eddng ch\u1ec9 th\u1ea5y h\u1ea1nh ph\u00fac m\u1ed9t ho\u1eb7c hai ph\u1ea7n. \u0110\u1ee9c Ph\u1eadt c\u0169ng lu\u00f4n d\u1ea1y r\u1eb1ng \u0111\u1eddi l\u00e0 b\u1ec3 kh\u1ed5. D\u1eabu kh\u00f4ng ph\u1ea3i l\u00e0 \u0111au kh\u1ed5 c\u1ee7a sinh l\u00e3o b\u1ec7nh t\u1eed th\u00ec c\u0169ng kh\u00f4ng tr\u00e1nh \u0111\u01b0\u1ee3c n\u1ed7i \u0111au khi xa l\u00eca ng\u01b0\u1eddi th\u00e2n y\u00eau, \u0111\u1ed1i m\u1eb7t v\u1edbi k\u1ebb th\u00f9 v\u00e0 kh\u00f4ng \u0111\u1ea1t \u0111\u01b0\u1ee3c nh\u1eefng \u0111i\u1ec1u mong mu\u1ed1n.<\/p>\n<p>M\u1ed9t s\u1ed1 ng\u01b0\u1eddi ch\u1ec9 mong c\u1ea7u thu\u1eadn c\u1ea3nh v\u00e0 kh\u00f4ng mu\u1ed1n \u0111\u1ed1i m\u1eb7t v\u1edbi kh\u1ed5 \u0111au n\u1eb1m \u1ea9n trong nh\u1eefng thu\u1eadn c\u1ea3nh \u0111\u00f3. \u0110i\u1ec1u n\u00e0y ho\u00e0n to\u00e0n phi th\u1ef1c t\u1ebf. Cu\u1ed9c s\u1ed1ng lu\u00f4n \u0111\u1ea7y b\u00e3o gi\u00f4ng v\u00e0 nh\u1eefng chuy\u1ebfn \u0111i g\u1eadp gh\u1ec1nh. B\u00ean c\u1ea1nh \u0111\u00f3, n\u1ebfu kh\u00f4ng c\u00f3 gi\u00f3, s\u01b0\u01a1ng, tuy\u1ebft v\u00e0 m\u01b0a s\u1ebd kh\u00f4ng c\u00f3 hoa n\u1edf v\u00e0o m\u00f9a xu\u00e2n hay tr\u00e1i ng\u1ecdt v\u00e0o m\u00f9a thu. Ngo\u00e0i ra, r\u1ea5t nhi\u1ec1u ng\u01b0\u1eddi tin r\u1eb1ng l\u00f2ng v\u1ecb tha, n\u1ed7 l\u1ef1c v\u00ec h\u1ea1nh ph\u00fac c\u1ee7a ng\u01b0\u1eddi kh\u00e1c, kh\u00f4ng mang l\u1ea1i ph\u1ea7n th\u01b0\u1edfng g\u00ec; h\u1ecd kh\u00f4ng nh\u1eadn ra r\u1eb1ng \u0111\u00f3 m\u1edbi ch\u00ednh l\u00e0 ph\u1ea7n th\u01b0\u1edfng x\u1ee9ng \u0111\u00e1ng nh\u1ea5t. H\u1ecd ngh\u0129 r\u1eb1ng ch\u1ea5p nh\u1eadn ch\u00e2n l\u00fd v\u00f4 th\u01b0\u1eddng s\u1ebd l\u00e0m gi\u1ea3m \u01b0\u1edbc mu\u1ed1n ch\u00e1y b\u1ecfng v\u00e0 tham v\u1ecdng c\u1ee7a h\u1ecd m\u00e0 kh\u00f4ng h\u1ec1 nh\u1eadn ra r\u1eb1ng s\u1ed1ng v\u1edbi ch\u00e2n l\u00fd v\u00f4 th\u01b0\u1eddng l\u00e0m cho cu\u1ed9c s\u1ed1ng tr\u1edf n\u00ean vi di\u1ec7u h\u01a1n. Thay v\u00e0o \u0111\u00f3, h\u1ecd d\u00e0nh th\u1eddi gian lo l\u1eafng v\u1ec1 t\u00e0i s\u1ea3n v\u00e0 danh ti\u1ebfng. Th\u1eadt kh\u00f4ng may, kh\u00f4ng ai trong s\u1ed1 h\u1ecd \u0111\u01b0\u1ee3c \u0111\u1ea3m b\u1ea3o m\u1ed9t c\u00e1i ch\u1ebft an b\u00ecnh, n\u00f3i g\u00ec \u0111\u1ebfn h\u1ea1nh ph\u00fac trong nh\u1eefng \u0111\u1eddi t\u01b0\u01a1ng lai. Ch\u00fang ta c\u1ea7n tr\u1edf th\u00e0nh b\u1eadc th\u1ea7y c\u1ee7a n\u1ed9i t\u00e2m m\u00ecnh. B\u1ea5t k\u1ec3 t\u00ecnh h\u00ecnh ph\u1ee9c t\u1ea1p th\u1ebf n\u00e0o hay cu\u1ed9c s\u1ed1ng kh\u00f4ng th\u1ec3 ch\u1ecbu \u0111\u1ef1ng \u0111\u01b0\u1ee3c ra sao, ph\u01b0\u01a1ng thu\u1ed1c t\u1ed1t nh\u1ea5t cho cu\u1ed9c s\u1ed1ng l\u00e0 th\u1ef1c h\u00e0nh nh\u1eefng g\u00ec \u0110\u1ee9c Ph\u1eadt \u0111\u00e3 d\u1ea1y.<\/p>\n<p>Quy\u1ec3n s\u00e1ch B\u00e3o gi\u00f4ng m\u1edbi l\u00e0 cu\u1ed9c \u0111\u1eddi t\u1eadp h\u1ee3p nh\u1eefng b\u00e0i vi\u1ebft v\u00e0 thuy\u1ebft ph\u00e1p c\u1ee7a t\u00e1c gi\u1ea3 &#8211; nh\u00e0 s\u01b0 Khenpo Sodargye mang nh\u1eefng th\u00f4ng \u0111i\u1ec7p g\u1ea7n g\u0169i, gi\u1ea3n \u0111\u01a1n m\u00e0 l\u1ea1i \u0111\u1ea7y thuy\u1ebft ph\u1ee5c \u0111\u1ec3 ng\u01b0\u1eddi \u0111\u1ecdc c\u00f3 th\u1ec3 t\u1ef1 \u0111i\u1ec1u ph\u1ee5c t\u00e2m, v\u01b0\u1ee3t qua nh\u1eefng kh\u1ed5 \u0111au c\u1ee7a cu\u1ed9c \u0111\u1eddi.<br \/>\nHy v\u1ecdng cu\u1ed1n s\u00e1ch n\u00e0y c\u00f3 th\u1ec3 mang \u0111\u1ebfn s\u1ef1 an d\u1ecbu c\u00f9ng h\u1ea1nh ph\u00fac cho nhi\u1ec1u ng\u01b0\u1eddi h\u01a1n trong th\u1eddi k\u1ef3 nhi\u1ec5u lo\u1ea1n n\u00e0y.<\/p>\n<p>Tr\u00edch d\u1eabn t\u1eeb s\u00e1ch:<\/p>\n<p>N\u1ebeU B\u1ea0N \u0110EO \u0110U\u1ed4I TH\u1ee8 SAI L\u1ea6M, \u0110AU KH\u1ed4 S\u1ebc \u0110EO \u0110U\u1ed4I B\u1ea0N<\/p>\n<p>M\u1ecdi th\u1ee9 \u0111\u1ec1u v\u00f4 th\u01b0\u1eddng. T\u1ea5t c\u1ea3 m\u1ecdi th\u1ee9, k\u1ec3 c\u1ea3 th\u00e2n th\u1ec3, c\u1ee7a c\u1ea3i, danh ti\u1ebfng v\u00e0 c\u00e1c m\u1ed1i quan h\u1ec7, \u0111\u1ec1u s\u1ebd thay \u0111\u1ed5i. Ch\u00fang ta kh\u00f4ng th\u1ec3 mang theo nh\u1eefng th\u1ee9 n\u00e0y khi t\u1eeb gi\u00e3 cu\u1ed9c \u0111\u1eddi. Ch\u1ec9 c\u00f3 t\u00e2m th\u1ee9c lu\u00f4n theo ch\u00fang ta xuy\u00ean su\u1ed1t cu\u1ed9c \u0111\u1eddi v\u00e0 v\u00e0o l\u00fac ch\u1ebft. Ng\u00e0y x\u1eeda ng\u00e0y x\u01b0a c\u00f3 m\u1ed9t th\u01b0\u01a1ng gia n\u1ecd c\u00f3 b\u1ed1n ng\u01b0\u1eddi v\u1ee3. \u00d4ng h\u1ebft m\u1ef1c th\u01b0\u01a1ng y\u00eau ng\u01b0\u1eddi v\u1ee3 th\u1ee9 t\u01b0 v\u00e0 lu\u00f4n chi\u1ec1u theo \u00fd c\u00f4. Ng\u01b0\u1eddi v\u1ee3 th\u1ee9 ba \u00f4ng ph\u1ea3i n\u1ed7 l\u1ef1c m\u1edbi chi\u1ebfm \u0111\u01b0\u1ee3c tr\u00e1i tim n\u00ean l\u00fac n\u00e0o c\u0169ng k\u1ec1 s\u00e1t b\u00ean v\u00e0 d\u00e0nh cho c\u00f4 nh\u1eefng l\u1eddi n\u00f3i ng\u1ecdt ng\u00e0o. Ng\u01b0\u1eddi v\u1ee3 th\u1ee9 hai l\u00e0 ng\u01b0\u1eddi b\u1ea7u b\u1ea1n t\u00e2m s\u1ef1 c\u1ee7a \u00f4ng v\u00e0 ng\u00e0y n\u00e0o \u00f4ng c\u0169ng c\u00f9ng c\u00f4 tr\u00f2 chuy\u1ec7n. C\u00f2n ng\u01b0\u1eddi v\u1ee3 c\u1ea3 gi\u1ed1ng nh\u01b0 ng\u01b0\u1eddi gi\u00fap vi\u1ec7c, lu\u00f4n nghe l\u1eddi \u00f4ng v\u00e0 ch\u01b0a t\u1eebng than phi\u1ec1n b\u1ea5t c\u1ee9 \u0111i\u1ec1u g\u00ec, nh\u01b0ng trong tr\u00e1i tim \u00f4ng, b\u00e0 kh\u00f4ng h\u1ec1 c\u00f3 m\u1ed9t v\u1ecb tr\u00ed th\u1ef1c s\u1ef1. M\u1ed9t l\u1ea7n n\u1ecd, \u00f4ng th\u01b0\u01a1ng gia chu\u1ea9n b\u1ecb \u0111i \u0111\u1ebfn m\u1ed9t n\u01a1i xa x\u00f4i, h\u1ebbo l\u00e1nh v\u00e0 \u00f4ng h\u1ecfi ng\u01b0\u1eddi v\u1ee3 n\u00e0o s\u1ebd \u0111i c\u00f9ng v\u1edbi \u00f4ng. Ng\u01b0\u1eddi v\u1ee3 th\u1ee9 t\u01b0 t\u1eeb ch\u1ed1i th\u1eb3ng th\u1eebng.<\/p>\n<p>Ng\u01b0\u1eddi v\u1ee3 th\u1ee9 ba l\u00ean ti\u1ebfng: \u201cNgay c\u1ea3 c\u00f4 v\u1ee3 y\u00eau qu\u00fd nh\u1ea5t c\u1ee7a \u00f4ng c\u0169ng ch\u1eb3ng \u0111i th\u00ec t\u1ea1i sao t\u00f4i l\u1ea1i ph\u1ea3i \u0111i?\u201d<\/p>\n<p>C\u00f2n ng\u01b0\u1eddi v\u1ee3 th\u1ee9 hai th\u00ec n\u00f3i: \u201cT\u00f4i s\u1ebd ti\u1ec5n \u00f4ng nh\u01b0ng t\u00f4i kh\u00f4ng mu\u1ed1n \u0111\u1ebfn m\u1ed9t n\u01a1i xa x\u00f4i.\u201d<\/p>\n<p>Ch\u1ec9 duy nh\u1ea5t ng\u01b0\u1eddi v\u1ee3 \u0111\u1ea7u ti\u00ean \u0111\u00e1p: \u201cB\u1ea5t k\u1ec3 \u00f4ng \u0111i \u0111\u1ebfn \u0111\u00e2u v\u00e0 xa x\u00f4i th\u1ebf n\u00e0o, t\u00f4i lu\u00f4n s\u1eb5n l\u00f2ng \u0111i c\u00f9ng v\u1edbi \u00f4ng!\u201d<\/p>\n<p>C\u00e2u chuy\u1ec7n n\u00e0y c\u00f3 \u00fd ngh\u0129a g\u00ec? Ng\u01b0\u1eddi v\u1ee3 th\u1ee9 t\u01b0 v\u00e0 c\u0169ng l\u00e0 ng\u01b0\u1eddi v\u1ee3 y\u00eau qu\u00fd nh\u1ea5t c\u1ee7a \u00f4ng \u0111\u1ea1i di\u1ec7n cho th\u00e2n th\u1ec3. Khi ch\u00fang ta c\u00f2n s\u1ed1ng, ch\u00fang ta th\u1ea5y n\u00f3 l\u00e0 th\u1ee9 quan tr\u1ecdng nh\u1ea5t m\u00ecnh c\u00f3 nh\u01b0ng v\u00e0o l\u00fac ch\u1ebft, n\u00f3 s\u1ebd kh\u00f4ng \u0111i c\u00f9ng ch\u00fang ta. Ng\u01b0\u1eddi v\u1ee3 th\u1ee9 ba \u0111\u1ea1i di\u1ec7n cho c\u1ee7a c\u1ea3i. D\u00f9 ch\u00fang ta n\u1ed7 l\u1ef1c l\u00e0m vi\u1ec7c bao nhi\u00eau \u0111i n\u1eefa, v\u00e0o l\u00fac ch\u1ebft, ch\u00fang ta c\u0169ng ch\u1eb3ng th\u1ec3 mang theo d\u00f9 ch\u1ec9 m\u1ed9t xu. Ng\u01b0\u1eddi v\u1ee3 th\u1ee9 hai \u0111\u1ea1i di\u1ec7n cho b\u1ea1n b\u00e8 v\u00e0 ng\u01b0\u1eddi th\u00e2n c\u1ee7a ch\u00fang ta. Khi ch\u00fang ta ch\u1ebft, c\u00f9ng l\u1eafm h\u1ecd ch\u1ec9 c\u00f3 th\u1ec3 r\u01a1i n\u01b0\u1edbc m\u1eaft v\u00e0 ch\u00f4n c\u1ea5t ch\u00fang ta. Ng\u01b0\u1eddi v\u1ee3 \u0111\u1ea7u ti\u00ean \u0111\u1ea1i di\u1ec7n cho t\u00e2m th\u1ee9c c\u1ee7a ch\u00fang ta. \u0110\u00f3 l\u00e0 th\u1ee9 g\u1ea7n g\u0169i nh\u1ea5t v\u1edbi ch\u00fang ta nh\u01b0ng c\u0169ng l\u00e0 th\u1ee9 d\u1ec5 b\u1ecb l\u00e3ng qu\u00ean nh\u1ea5t v\u00ec ch\u00fang ta lu\u00f4n d\u00e0nh h\u1ebft n\u0103ng l\u01b0\u1ee3ng c\u1ee7a m\u00ecnh cho nh\u1eefng th\u1ee9 b\u00ean ngo\u00e0i.<\/p>\n<p>\u0110\u00e2y l\u00e0 l\u00fd do t\u1ea1i sao m\u1ed9t v\u1ecb th\u1ea7y t\u1eebng n\u00f3i: \u201cCh\u00fang ta th\u01b0\u1eddng c\u00f3 nhi\u1ec1u \u00fd ngh\u0129 l\u1ea1 l\u00f9ng: Ch\u00fang ta lu\u00f4n mong ng\u00f3ng \u0111\u1ebfn ng\u00e0y tr\u01b0\u1edfng th\u00e0nh nh\u01b0ng sau \u0111\u00f3 l\u1ea1i ti\u1ebfc nu\u1ed1i th\u1eddi th\u01a1 \u1ea5u \u0111\u00e3 tr\u00f4i qua t\u1eeb l\u00e2u. Ch\u00fang ta lao \u0111\u1ea7u v\u00e0o ki\u1ebfm ti\u1ec1n \u0111\u1ebfn m\u1ee9c ph\u00e1t b\u1ec7nh ch\u1ec9 \u0111\u1ec3 sau \u0111\u00f3 l\u1ea1i ti\u00eau h\u1ebft ti\u1ec1n v\u00e0o vi\u1ec7c h\u1ed3i ph\u1ee5c s\u1ee9c kh\u1ecfe. C\u00e1i ch\u1ebft lu\u00f4n c\u00f3 v\u1ebb c\u00f2n xa nh\u01b0ng khi ch\u00fang ta l\u00eca \u0111\u1eddi th\u00ec d\u01b0\u1eddng nh\u01b0 cu\u1ed9c \u0111\u1eddi l\u1ea1i qu\u00e1 ng\u1eafn ng\u1ee7i. Ch\u00fang ta li\u00ean t\u1ee5c lo l\u1eafng v\u1ec1 t\u01b0\u01a1ng lai m\u00e0 qu\u00ean m\u1ea5t h\u1ea1nh ph\u00fac trong hi\u1ec7n t\u1ea1i.\u201d N\u1ebfu ch\u00fang ta hi\u1ec3u r\u1eb1ng t\u1ea5t c\u1ea3 m\u1ecdi th\u1ee9 lu\u00f4n bi\u1ebfn \u0111\u1ed5i \u2013 ch\u00fang h\u00ecnh th\u00e0nh khi duy\u00ean sinh v\u00e0 k\u1ebft th\u00fac khi duy\u00ean di\u1ec7t \u2013 th\u00ec d\u00f9 ch\u00fang ta \u0111ang c\u00f3 trong tay g\u00ec \u0111i n\u1eefa, ch\u00fang \u0111\u1ec1u s\u1ebd c\u00f3 v\u1ebb di\u1ec7u k\u1ef3. Ch\u00fang ta s\u1ebd ng\u1eebng \u0111i\u00ean cu\u1ed3ng theo \u0111u\u1ed5i danh v\u1ecdng v\u00e0 v\u1eadt ch\u1ea5t th\u1ebf gian. Khi b\u1ea5t h\u1ea1nh \u1eadp \u0111\u1ebfn, ch\u00fang ta s\u1ebd kh\u00f4ng b\u1ecb r\u01a1i v\u00e0o tuy\u1ec7t v\u1ecdng. T\u00f3m l\u1ea1i, n\u1ebfu ch\u00fang ta quen v\u1edbi s\u1ef1 thay \u0111\u1ed5i v\u00e0 ch\u1ea5p nh\u1eadn n\u00f3, ch\u00fang ta s\u1ebd ng\u01b0ng \u0111\u1ed5 l\u1ed7i cho ng\u01b0\u1eddi kh\u00e1c v\u1ec1 nh\u1eefng v\u1ea5n \u0111\u1ec1 c\u1ee7a b\u1ea3n th\u00e2n, ch\u00fang ta s\u1ebd th\u01b0 gi\u00e3n th\u00e2n th\u1ec3 v\u00e0 c\u1edfi m\u1edf t\u00e2m h\u1ed3n.<\/p>\n<p>L\u1ea0C QUAN V\u00c0 BI QUAN<\/p>\n<p>C\u00e1ch \u0111\u00e2y kh\u00f4ng l\u00e2u, m\u1ed9t \u0111\u1ec7 t\u1eed t\u1ea1i gia g\u1ecdi \u0111i\u1ec7n cho t\u00f4i v\u00e0 n\u00f3i: \u201cTh\u01b0a Khenpo, g\u1ea7n \u0111\u00e2y con th\u1ea5y v\u00f4 c\u1ea3m v\u00e0 ch\u00e1n n\u1ea3n. Con ngh\u0129 vi\u1ec7c thay \u0111\u1ed5i m\u00f4i tr\u01b0\u1eddng c\u00f3 l\u1ebd s\u1ebd t\u1ed1t cho con.\u201d Vi\u1ec7c n\u00e0y khi\u1ebfn t\u00f4i nh\u1edb \u0111\u1ebfn m\u1ed9t c\u00e2u chuy\u1ec7n.<\/p>\n<p>X\u01b0a kia c\u00f3 m\u1ed9t ng\u01b0\u1eddi \u0111\u00e0n \u00f4ng sinh \u0111\u01b0\u1ee3c hai c\u1eadu con trai v\u00e0 quy\u1ebft \u0111\u1ecbnh \u0111\u1eb7t t\u00ean l\u00e0 L\u1ea1c Quan v\u00e0 Bi Quan. Hai \u0111\u1ee9a tr\u1ebb l\u1edbn l\u00ean trong m\u00f4i tr\u01b0\u1eddng gi\u1ed1ng nhau nh\u01b0ng t\u00ednh n\u1ebft l\u1ea1i r\u1ea5t kh\u00e1c nhau. L\u1ea1c Quan lu\u00f4n vui v\u1ebb b\u1ea5t k\u1ec3 g\u1eb7p chuy\u1ec7n g\u00ec c\u00f2n Bi Quan lu\u00f4n th\u1ea5y b\u1ee9c b\u1ed1i ngay c\u1ea3 khi m\u1ecdi chuy\u1ec7n di\u1ec5n ra t\u1ed1t \u0111\u1eb9p.<\/p>\n<p>M\u1ed9t ng\u00e0y, ng\u01b0\u1eddi \u0111\u00e0n \u00f4ng c\u1ea3m th\u1ea5y h\u1ed1i h\u1eadn v\u00ec \u0111\u00e3 \u0111\u1eb7t nh\u1eefng c\u00e1i t\u00ean v\u00f4 l\u00fd nh\u01b0 v\u1eady cho con m\u00ecnh. \u0110\u1ec3 \u0111\u1ea3o ng\u01b0\u1ee3c t\u00ecnh h\u00ecnh, \u00f4ng quy\u1ebft \u0111\u1ecbnh b\u1ecf L\u1ea1c Quan l\u00ean \u0111\u1ed1ng ph\u00e2n v\u00e0 Bi Quan l\u00ean \u0111\u1ed1ng trang s\u1ee9c c\u00f9ng \u0111\u1ed3 ch\u01a1i. M\u1ed9t l\u00e1t sau, ng\u01b0\u1eddi \u0111\u00e0n \u00f4ng quay tr\u1edf l\u1ea1i xem s\u1ef1 vi\u1ec7c di\u1ec5n ra th\u1ebf n\u00e0o. \u00d4ng ng\u1ea1c nhi\u00ean khi th\u1ea5y L\u1ea1c Quan \u0111ang th\u00edch th\u00fa kh\u00e1m ph\u00e1 \u0111\u1ed1ng ph\u00e2n v\u00e0 c\u00f2n n\u00f3i r\u1eb1ng: \u201cCha b\u1ea3o con \u1edf l\u1ea1i \u0111\u00e2y th\u00ec ch\u1eafc h\u1eb3n ph\u1ea3i c\u00f3 m\u1ed9t kho b\u00e1u quanh \u0111\u00e2y!\u201d Trong khi \u0111\u00f3, Bi Quan \u0111ang ng\u1ed3i bu\u1ed3n b\u00e3 gi\u1eefa \u0111\u1ed1ng \u0111\u1ed3 trang s\u1ee9c v\u00e0 \u0111\u00e3 \u0111\u1eadp v\u1ee1 m\u1ed9t n\u1eeda s\u1ed1 \u0111\u1ed3 ch\u01a1i. Khi nh\u00ecn th\u1ea5y c\u1ea3nh t\u01b0\u1ee3ng n\u00e0y, ng\u01b0\u1eddi cha ch\u1ee3t nh\u1eadn ra r\u1eb1ng \u0111\u1ec3 thay \u0111\u1ed5i t\u00e2m tr\u1ea1ng th\u00ec thay \u0111\u1ed5i ho\u00e0n c\u1ea3nh kh\u00f4ng th\u00f4i ch\u01b0a \u0111\u1ee7. T\u1ea5t c\u1ea3 tr\u1ea3i nghi\u1ec7m \u0111\u1ec1u l\u00e0 nh\u1eefng ph\u00f3ng chi\u1ebfu c\u1ee7a ch\u00ednh t\u00e2m ta. Do tr\u1ea1ng th\u00e1i tinh th\u1ea7n kh\u00e1c nhau, quan \u0111i\u1ec3m c\u1ee7a ch\u00fang ta v\u1ec1 c\u00f9ng m\u1ed9t \u0111\u1ed1i t\u01b0\u1ee3ng c\u00f3 th\u1ec3 c\u00e1ch xa nhau m\u1ed9t tr\u1eddi m\u1ed9t v\u1ef1c. \u0110\u00f3 l\u00e0 l\u00fd do t\u1ea1i sao ng\u01b0\u1eddi ta n\u00f3i r\u1eb1ng khi m\u1ed9t ng\u01b0\u1eddi bi quan nh\u00ecn th\u1ea5y b\u1ee5i hoa h\u1ed3ng, anh ta s\u1ebd ca th\u00e1n v\u1ec1 nh\u1eefng chi\u1ebfc gai c\u00f2n ng\u01b0\u1eddi l\u1ea1c quan s\u1ebd h\u00e2n hoan v\u00ec nh\u1eefng b\u00f4ng hoa. Ch\u00fang ta c\u00f3 th\u1ec3 th\u1eed thay \u0111\u1ed5i m\u00f4i tr\u01b0\u1eddng nh\u01b0ng chuy\u1ec3n h\u00f3a \u0111\u01b0\u1ee3c n\u1ed9i t\u00e2m th\u00ec m\u1ea1nh m\u1ebd h\u01a1n nhi\u1ec1u.<\/p>\n<p>Cu\u1ed9c s\u1ed1ng c\u1ee7a ch\u00fang ta h\u1ea1nh ph\u00fac hay kh\u1ed5 \u0111au kh\u00f4ng ph\u1ea3i do nh\u1eefng y\u1ebfu t\u1ed1 b\u00ean ngo\u00e0i quy\u1ebft \u0111\u1ecbnh. Nh\u00e0 v\u0103n M\u1ef9 Ralph Waldo Emerson \u0111\u00e3 vi\u1ebft r\u1eb1ng: \u201cCu\u1ed9c \u0111\u1eddi vui th\u00fa hay kh\u00f4ng l\u00e0 t\u00f9y v\u00e0o con ng\u01b0\u1eddi ch\u1ee9 kh\u00f4ng ph\u1ea3i v\u00e0o c\u00f4ng vi\u1ec7c hay n\u01a1i ch\u1ed1n.\u201d S\u1ebd c\u00f3 nhi\u1ec1u \u0111i\u1ec1u trong cu\u1ed9c s\u1ed1ng kh\u00f4ng di\u1ec5n ra theo k\u1ebf ho\u1ea1ch. N\u1ebfu b\u1ea1n kh\u00f4ng th\u1ec3 \u0111\u1ed1i m\u1eb7t v\u1edbi c\u00e1c v\u1ea5n \u0111\u1ec1, ch\u1ec9 \u0111\u1ed5 l\u1ed7i cho m\u1ecdi ng\u01b0\u1eddi v\u00e0 c\u1ed1 g\u1eafng t\u00ecm h\u1ea1nh ph\u00fac b\u1eb1ng c\u00e1ch thay \u0111\u1ed5i \u0111i\u1ec1u ki\u1ec7n b\u00ean ngo\u00e0i, th\u00ec b\u1ea1n s\u1ebd ch\u1ec9 l\u00e0m m\u00ecnh \u0111au kh\u1ed5 m\u00e0 th\u00f4i. Cho d\u00f9 b\u1ea1n \u1edf trong ho\u00e0n c\u1ea3nh n\u00e0o hay c\u1ea3m th\u1ea5y th\u1ea5t v\u1ecdng ra sao, t\u1ed1t h\u01a1n l\u00e0 h\u00e3y \u0111i\u1ec1u ph\u1ee5c t\u00e2m m\u00ecnh thay v\u00ec \u0111\u1ed5 l\u1ed7i cho ho\u00e0n c\u1ea3nh. L\u00e0m nh\u01b0 v\u1eady t\u1ed1t h\u01a1n b\u1ea5t k\u1ef3 \u0111i\u1ec1u g\u00ec.<\/p>\n","protected":false},"excerpt":{"rendered":"<p>Ch\u00fang ta c\u00f3 lu\u00f4n h\u00e0i l\u00f2ng v\u1edbi cu\u1ed9c s\u1ed1ng c\u1ee7a m\u00ecnh kh\u00f4ng? Ch\u01b0 v\u1ecb th\u00e1nh hi\u1ec1n trong qu\u00e1 kh\u1ee9 d\u1ea1y r\u1eb1ng n\u1ebfu chia \u0111\u1eddi m\u00ecnh th\u00e0nh m\u01b0\u1eddi ph\u1ea7n b\u1eb1ng nhau, ta th\u01b0\u1eddng ch\u1ec9 th\u1ea5y h\u1ea1nh ph\u00fac m\u1ed9t ho\u1eb7c hai ph\u1ea7n. \u0110\u1ee9c Ph\u1eadt c\u0169ng lu\u00f4n d\u1ea1y r\u1eb1ng \u0111\u1eddi l\u00e0 b\u1ec3 kh\u1ed5. D\u1eabu kh\u00f4ng ph\u1ea3i l\u00e0 \u0111au kh\u1ed5 c\u1ee7a sinh l\u00e3o b\u1ec7nh t\u1eed th\u00ec c\u0169ng kh\u00f4ng tr\u00e1nh \u0111\u01b0\u1ee3c n\u1ed7i \u0111au khi xa l\u00eca ng\u01b0\u1eddi th\u00e2n y\u00eau, \u0111\u1ed1i m\u1eb7t v\u1edbi k\u1ebb th\u00f9 v\u00e0 kh\u00f4ng \u0111\u1ea1t \u0111\u01b0\u1ee3c nh\u1eefng \u0111i\u1ec1u mong mu\u1ed1n.<\/p>\n<p>M\u1ed9t s\u1ed1 ng\u01b0\u1eddi ch\u1ec9 mong c\u1ea7u thu\u1eadn c\u1ea3nh v\u00e0 kh\u00f4ng mu\u1ed1n \u0111\u1ed1i m\u1eb7t v\u1edbi kh\u1ed5 \u0111au n\u1eb1m \u1ea9n trong nh\u1eefng thu\u1eadn c\u1ea3nh \u0111\u00f3. \u0110i\u1ec1u n\u00e0y ho\u00e0n to\u00e0n phi th\u1ef1c t\u1ebf. Cu\u1ed9c s\u1ed1ng lu\u00f4n \u0111\u1ea7y b\u00e3o gi\u00f4ng v\u00e0 nh\u1eefng chuy\u1ebfn \u0111i g\u1eadp gh\u1ec1nh. B\u00ean c\u1ea1nh \u0111\u00f3, n\u1ebfu kh\u00f4ng c\u00f3 gi\u00f3, s\u01b0\u01a1ng, tuy\u1ebft v\u00e0 m\u01b0a s\u1ebd kh\u00f4ng c\u00f3 hoa n\u1edf v\u00e0o m\u00f9a xu\u00e2n hay tr\u00e1i ng\u1ecdt v\u00e0o m\u00f9a thu. Ngo\u00e0i ra, r\u1ea5t nhi\u1ec1u ng\u01b0\u1eddi tin r\u1eb1ng l\u00f2ng v\u1ecb tha, n\u1ed7 l\u1ef1c v\u00ec h\u1ea1nh ph\u00fac c\u1ee7a ng\u01b0\u1eddi kh\u00e1c, kh\u00f4ng mang l\u1ea1i ph\u1ea7n th\u01b0\u1edfng g\u00ec; h\u1ecd kh\u00f4ng nh\u1eadn ra r\u1eb1ng \u0111\u00f3 m\u1edbi ch\u00ednh l\u00e0 ph\u1ea7n th\u01b0\u1edfng x\u1ee9ng \u0111\u00e1ng nh\u1ea5t. H\u1ecd ngh\u0129 r\u1eb1ng ch\u1ea5p nh\u1eadn ch\u00e2n l\u00fd v\u00f4 th\u01b0\u1eddng s\u1ebd l\u00e0m gi\u1ea3m \u01b0\u1edbc mu\u1ed1n ch\u00e1y b\u1ecfng v\u00e0 tham v\u1ecdng c\u1ee7a h\u1ecd m\u00e0 kh\u00f4ng h\u1ec1 nh\u1eadn ra r\u1eb1ng s\u1ed1ng v\u1edbi ch\u00e2n l\u00fd v\u00f4 th\u01b0\u1eddng l\u00e0m cho cu\u1ed9c s\u1ed1ng tr\u1edf n\u00ean vi di\u1ec7u h\u01a1n. Thay v\u00e0o \u0111\u00f3, h\u1ecd d\u00e0nh th\u1eddi gian lo l\u1eafng v\u1ec1 t\u00e0i s\u1ea3n v\u00e0 danh ti\u1ebfng. Th\u1eadt kh\u00f4ng may, kh\u00f4ng ai trong s\u1ed1 h\u1ecd \u0111\u01b0\u1ee3c \u0111\u1ea3m b\u1ea3o m\u1ed9t c\u00e1i ch\u1ebft an b\u00ecnh, n\u00f3i g\u00ec \u0111\u1ebfn h\u1ea1nh ph\u00fac trong nh\u1eefng \u0111\u1eddi t\u01b0\u01a1ng lai. Ch\u00fang ta c\u1ea7n tr\u1edf th\u00e0nh b\u1eadc th\u1ea7y c\u1ee7a n\u1ed9i t\u00e2m m\u00ecnh. B\u1ea5t k\u1ec3 t\u00ecnh h\u00ecnh ph\u1ee9c t\u1ea1p th\u1ebf n\u00e0o hay cu\u1ed9c s\u1ed1ng kh\u00f4ng th\u1ec3 ch\u1ecbu \u0111\u1ef1ng \u0111\u01b0\u1ee3c ra sao, ph\u01b0\u01a1ng thu\u1ed1c t\u1ed1t nh\u1ea5t cho cu\u1ed9c s\u1ed1ng l\u00e0 th\u1ef1c h\u00e0nh nh\u1eefng g\u00ec \u0110\u1ee9c Ph\u1eadt \u0111\u00e3 d\u1ea1y.<\/p>\n<p>Quy\u1ec3n s\u00e1ch B\u00e3o gi\u00f4ng m\u1edbi l\u00e0 cu\u1ed9c \u0111\u1eddi t\u1eadp h\u1ee3p nh\u1eefng b\u00e0i vi\u1ebft v\u00e0 thuy\u1ebft ph\u00e1p c\u1ee7a t\u00e1c gi\u1ea3 &#8211; nh\u00e0 s\u01b0 Khenpo Sodargye mang nh\u1eefng th\u00f4ng \u0111i\u1ec7p g\u1ea7n g\u0169i, gi\u1ea3n \u0111\u01a1n m\u00e0 l\u1ea1i \u0111\u1ea7y thuy\u1ebft ph\u1ee5c \u0111\u1ec3 ng\u01b0\u1eddi \u0111\u1ecdc c\u00f3 th\u1ec3 t\u1ef1 \u0111i\u1ec1u ph\u1ee5c t\u00e2m, v\u01b0\u1ee3t qua nh\u1eefng kh\u1ed5 \u0111au c\u1ee7a cu\u1ed9c \u0111\u1eddi.<br \/>\nHy v\u1ecdng cu\u1ed1n s\u00e1ch n\u00e0y c\u00f3 th\u1ec3 mang \u0111\u1ebfn s\u1ef1 an d\u1ecbu c\u00f9ng h\u1ea1nh ph\u00fac cho nhi\u1ec1u ng\u01b0\u1eddi h\u01a1n trong th\u1eddi k\u1ef3 nhi\u1ec5u lo\u1ea1n n\u00e0y.<\/p>\n","protected":false},"featured_media":13697,"template":"","meta":{"_acf_changed":false},"product_brand":[],"product_cat":[15,46],"product_tag":[81],"class_list":{"0":"post-13710","1":"product","2":"type-product","3":"status-publish","4":"has-post-thumbnail","6":"product_cat-sach-danh-cho-nguoi-lon","7":"product_cat-ky-nang-song","8":"product_tag-sach-gia-uu-dai","10":"first","11":"outofstock","12":"sale","13":"taxable","14":"shipping-taxable","15":"purchasable","16":"product-type-simple"},"supplier_id":null,"supplier_sku":"","barcode":null,"atum_controlled":true,"out_stock_date":"2022-11-25 12:13:22","out_stock_threshold":null,"inheritable":false,"inbound_stock":0,"stock_on_hold":0,"sold_today":0,"sales_last_days":0,"reserved_stock":0,"customer_returns":0,"warehouse_damage":0,"lost_in_post":0,"other_logs":0,"out_stock_days":1160,"lost_sales":0,"has_location":false,"update_date":"2026-01-28T23:10:53","atum_locations":[],"atum_stock_status":"outofstock","restock_status":false,"low_stock_amount":"","sales_update_date":"2026-01-28T23:10:53","calc_backorders":null,"acf":{"publisher":{"ID":1474,"post_author":"1","post_date":"2021-02-17 01:12:51","post_date_gmt":"2021-02-16 23:12:51","post_content":"","post_title":"Th\u00e1i H\u00e0","post_excerpt":"","post_status":"publish","comment_status":"closed","ping_status":"closed","post_password":"","post_name":"thai-ha","to_ping":"","pinged":"","post_modified":"2021-02-17 01:12:51","post_modified_gmt":"2021-02-16 23:12:51","post_content_filtered":"","post_parent":0,"guid":"https:\/\/sachviet.eu\/nha-phat-hanh\/thai-ha\/","menu_order":0,"post_type":"publisher","post_mime_type":"","comment_count":"0","filter":"raw"}},"_links":{"self":[{"href":"https:\/\/sachviet.eu\/en\/wp-json\/wp\/v2\/product\/13710","targetHints":{"allow":["GET"]}}],"collection":[{"href":"https:\/\/sachviet.eu\/en\/wp-json\/wp\/v2\/product"}],"about":[{"href":"https:\/\/sachviet.eu\/en\/wp-json\/wp\/v2\/types\/product"}],"wp:featuredmedia":[{"embeddable":true,"href":"https:\/\/sachviet.eu\/en\/wp-json\/wp\/v2\/media\/13697"}],"wp:attachment":[{"href":"https:\/\/sachviet.eu\/en\/wp-json\/wp\/v2\/media?parent=13710"}],"wp:term":[{"taxonomy":"product_brand","embeddable":true,"href":"https:\/\/sachviet.eu\/en\/wp-json\/wp\/v2\/product_brand?post=13710"},{"taxonomy":"product_cat","embeddable":true,"href":"https:\/\/sachviet.eu\/en\/wp-json\/wp\/v2\/product_cat?post=13710"},{"taxonomy":"product_tag","embeddable":true,"href":"https:\/\/sachviet.eu\/en\/wp-json\/wp\/v2\/product_tag?post=13710"}],"curies":[{"name":"wp","href":"https:\/\/api.w.org\/{rel}","templated":true}]}}