{"id":137,"date":"2021-02-11T20:49:53","date_gmt":"2021-02-11T18:49:53","guid":{"rendered":"https:\/\/sachviet.eu\/?post_type=product&#038;p=137"},"modified":"2023-12-06T12:27:38","modified_gmt":"2023-12-06T10:27:38","slug":"khi-chat-bao-nhieu-hanh-phuc-bay-nhieu-tai-ban-2020","status":"publish","type":"product","link":"https:\/\/sachviet.eu\/en\/shop\/khi-chat-bao-nhieu-hanh-phuc-bay-nhieu-tai-ban-2020\/","title":{"rendered":"Kh\u00ed ch\u1ea5t bao nhi\u00eau, h\u1ea1nh ph\u00fac b\u1ea5y nhi\u00eau"},"content":{"rendered":"<div class=\"row\"  id=\"row-1641503621\">\n\n\t<div id=\"col-76433005\" class=\"col small-12 large-12\"  >\n\t\t<div class=\"col-inner\"  >\n\t\t\t\n\t\t\t\n<p>Ti\u1ebfp n\u1ed1i th\u00e0nh c\u00f4ng t\u1eeb B\u1ea1n \u0111\u1eaft gi\u00e1 bao nhi\u00eau? d\u00e0nh cho c\u00e1c c\u00f4 g\u00e1i tr\u1ebb m\u1edbi b\u01b0\u1edbc ch\u00e2n v\u00e0o cu\u1ed9c s\u1ed1ng, Kh\u00ed Ch\u1ea5t Bao Nhi\u00eau, H\u1ea1nh Ph\u00fac B\u1ea5y Nhi\u00eau c\u1ee7a V\u00e3n T\u00ecnh \u0111\u1eb7c bi\u1ec7t h\u01b0\u1edbng \u0111\u1ebfn nh\u1eefng ph\u1ee5 n\u1eef mong mu\u1ed1n tr\u01b0\u1edfng th\u00e0nh, kh\u00e1t khao t\u1ef1 do v\u00e0 t\u1ef1 ch\u1ee7.<\/p>\n<p>Cu\u1ed1n s\u00e1ch m\u1edbi nh\u1ea5t n\u00e0y c\u1ee7a V\u00e3n T\u00ecnh \u0111\u00e3 \u0111\u1ea1p \u0111\u1ed5 c\u00e1c quan \u0111i\u1ec3m nh\u01b0: L\u1ea5y ch\u1ed3ng t\u1ed1t \u0111\u1ec3 \u0111\u1ed5i \u0111\u1eddi, s\u1ee9c m\u1ea1nh c\u1ee7a ph\u1ee5 n\u1eef l\u00e0 \u0111\u1ed9c l\u1eadp kinh t\u1ebf, ho\u1eb7c ph\u1ee5 n\u1eef s\u1ee3 ly h\u00f4n h\u01a1n \u0111\u00e0n \u00f4ng,&#8230;<\/p>\n<p>H\u01a1n 40 c\u00e2u chuy\u1ec7n trong Kh\u00ed Ch\u1ea5t Bao Nhi\u00eau, H\u1ea1nh Ph\u00fac B\u1ea5y Nhi\u00eau s\u1ebd \u0111\u01b0a b\u1ea1n phi\u00eau l\u01b0u v\u00e0o th\u1ebf gi\u1edbi c\u1ee7a nh\u1eefng ng\u01b0\u1eddi ph\u1ee5 n\u1eef tr\u01b0\u1edfng th\u00e0nh: s\u1ef1 th\u1eadt v\u1ec1 t\u00ecnh y\u00eau, h\u00f4n nh\u00e2n, h\u1ea1nh ph\u00fac, c\u00f4ng vi\u1ec7c \u2013 cu\u1ed9c s\u1ed1ng kh\u00f4ng ph\u1ea3i chu\u1ed7i ng\u00e0y m\u1ed9ng m\u01a1, m\u00e0 l\u00e0 nh\u1eefng th\u00e1ng ng\u00e0y ph\u1ee5 n\u1eef bi\u1ebft m\u00ecnh, s\u1ed1ng c\u00f3 tr\u00e1ch nhi\u1ec7m v\u1edbi cu\u1ed9c \u0111\u1eddi ch\u00ednh m\u00ecnh.<\/p>\n<p>C\u0169ng trong Kh\u00ed Ch\u1ea5t Bao Nhi\u00eau, H\u1ea1nh Ph\u00fac B\u1ea5y Nhi\u00eau, l\u1ea7n \u0111\u1ea7u ti\u00ean V\u00e3n T\u00ecnh chia s\u1ebb v\u1ec1 cu\u1ed9c s\u1ed1ng ri\u00eang t\u01b0 c\u1ee7a c\u00f4: chuy\u1ec7n gia \u0111\u00ecnh, chuy\u1ec7n t\u00ecnh y\u00eau, v\u00e0 \u0111\u00e2u l\u00e0 \u0111i\u1ec1u khi\u1ebfn c\u00f4 \u0111\u1ea1t \u0111\u01b0\u1ee3c th\u00e0nh c\u00f4ng nh\u01b0 hi\u1ec7n t\u1ea1i.<\/p>\n<p>Ngay khi ra m\u1eaft, cu\u1ed1n s\u00e1ch \u0111\u00e3 \u0111\u1ea1t \u0111\u01b0\u1ee3c h\u00e0ng tri\u1ec7u l\u01b0\u1ee3t xem tr\u00ean m\u1ea1ng, b\u00e1n \u0111\u01b0\u1ee3c h\u00e0ng tr\u0103m ngh\u00ecn b\u1ea3n t\u1edbi b\u1ea1n \u0111\u1ecdc, \u0111\u1ed3ng th\u1eddi t\u1ea1o n\u00ean m\u1ed9t l\u00e0n s\u00f3ng m\u1ea1nh m\u1ebd, g\u00f3p ph\u1ea7n thay \u0111\u1ed5i t\u01b0 duy v\u00e0 quan \u0111i\u1ec3m v\u1ec1 c\u00e1c m\u1ed1i quan h\u1ec7, gia \u0111\u00ecnh, c\u00f4ng vi\u1ec7c c\u1ee7a h\u00e0ng tri\u1ec7u ph\u1ee5 n\u1eef.<\/p>\n<p>\u201c\u0110\u1eddi ng\u01b0\u1eddi ng\u1eafn ng\u1ee7i, kh\u1ed5 l\u00e0 m\u1ed9t ng\u00e0y, s\u01b0\u1edbng c\u0169ng l\u00e0 m\u1ed9t ng\u00e0y. N\u1ebfu b\u1ea1n kh\u00f4ng c\u00f3 n\u0103ng l\u1ef1c khi\u1ebfn b\u1ea3n th\u00e2n vui v\u1ebb, v\u1eady th\u00ec kh\u00f4ng ai c\u00f3 th\u1ec3 cho b\u1ea1n cu\u1ed9c s\u1ed1ng h\u1ea1nh ph\u00fac \u0111\u00e2u.\u201d<\/p>\n\t\t<\/div>\n\t\t\t<\/div>\n\n\t\n<\/div>\n  <div class=\"banner-grid-wrapper\">\n  <div id=\"banner-grid-1961091074\" class=\"banner-grid row row-grid row-small\" data-packery-options=\"\">\n                      \n<div class=\"col grid-col large-6 grid-col-1\" ><div class=\"col-inner\">\n\t<div class=\"img has-hover x md-x lg-x y md-y lg-y\" id=\"image_1787326997\">\n\t\t\t\t\t\t\t\t<div class=\"img-inner dark\" >\n\t\t\t<img loading=\"lazy\" decoding=\"async\" width=\"600\" height=\"545\" src=\"https:\/\/sachviet.eu\/wp-content\/uploads\/2021\/02\/sach-khi-chat-bao-nhieu-hanh-phuc-bay-nhieu.jpg\" class=\"attachment-large size-large\" alt=\"\" srcset=\"https:\/\/sachviet.eu\/wp-content\/uploads\/2021\/02\/sach-khi-chat-bao-nhieu-hanh-phuc-bay-nhieu.jpg 600w, https:\/\/sachviet.eu\/wp-content\/uploads\/2021\/02\/sach-khi-chat-bao-nhieu-hanh-phuc-bay-nhieu-300x273.jpg 300w\" sizes=\"auto, (max-width: 600px) 100vw, 600px\" \/>\t\t\t\t\t\t\n\t\t\t\t\t<\/div>\n\t\t\t\t\t\t\t\t\n<style>\n#image_1787326997 {\n  width: 100%;\n}\n<\/style>\n\t<\/div>\n\t\n<\/div><\/div>\n<div class=\"col grid-col large-6 grid-col-1-2\" ><div class=\"col-inner\">\n\t<div class=\"img has-hover x md-x lg-x y md-y lg-y\" id=\"image_59464510\">\n\t\t\t\t\t\t\t\t<div class=\"img-inner dark\" >\n\t\t\t<img loading=\"lazy\" decoding=\"async\" width=\"946\" height=\"505\" src=\"https:\/\/sachviet.eu\/wp-content\/uploads\/2021\/02\/khi-chat-bao-nhieu-hanh-phuc-bay-nhieu-5-1.jpg\" class=\"attachment-large size-large\" alt=\"\" srcset=\"https:\/\/sachviet.eu\/wp-content\/uploads\/2021\/02\/khi-chat-bao-nhieu-hanh-phuc-bay-nhieu-5-1.jpg 946w, https:\/\/sachviet.eu\/wp-content\/uploads\/2021\/02\/khi-chat-bao-nhieu-hanh-phuc-bay-nhieu-5-1-300x160.jpg 300w, https:\/\/sachviet.eu\/wp-content\/uploads\/2021\/02\/khi-chat-bao-nhieu-hanh-phuc-bay-nhieu-5-1-768x410.jpg 768w, https:\/\/sachviet.eu\/wp-content\/uploads\/2021\/02\/khi-chat-bao-nhieu-hanh-phuc-bay-nhieu-5-1-600x320.jpg 600w\" sizes=\"auto, (max-width: 946px) 100vw, 946px\" \/>\t\t\t\t\t\t\n\t\t\t\t\t<\/div>\n\t\t\t\t\t\t\t\t\n<style>\n#image_59464510 {\n  width: 100%;\n}\n<\/style>\n\t<\/div>\n\t\n<\/div><\/div>\n<div class=\"col grid-col large-6 grid-col-1-2\" ><div class=\"col-inner\">\n\t<div class=\"img has-hover x md-x lg-x y md-y lg-y\" id=\"image_384648995\">\n\t\t\t\t\t\t\t\t<div class=\"img-inner dark\" >\n\t\t\t<img loading=\"lazy\" decoding=\"async\" width=\"1020\" height=\"816\" src=\"https:\/\/sachviet.eu\/wp-content\/uploads\/2021\/02\/Khi\u0301-cha\u0301t-bao-nhieu-ha\u0323nh-phu\u0301c-ba\u0301y-nhieu-1024x819.jpg\" class=\"attachment-large size-large\" alt=\"\" srcset=\"https:\/\/sachviet.eu\/wp-content\/uploads\/2021\/02\/Khi\u0301-cha\u0301t-bao-nhieu-ha\u0323nh-phu\u0301c-ba\u0301y-nhieu-1024x819.jpg 1024w, https:\/\/sachviet.eu\/wp-content\/uploads\/2021\/02\/Khi\u0301-cha\u0301t-bao-nhieu-ha\u0323nh-phu\u0301c-ba\u0301y-nhieu-300x240.jpg 300w, https:\/\/sachviet.eu\/wp-content\/uploads\/2021\/02\/Khi\u0301-cha\u0301t-bao-nhieu-ha\u0323nh-phu\u0301c-ba\u0301y-nhieu-768x614.jpg 768w, https:\/\/sachviet.eu\/wp-content\/uploads\/2021\/02\/Khi\u0301-cha\u0301t-bao-nhieu-ha\u0323nh-phu\u0301c-ba\u0301y-nhieu-1536x1229.jpg 1536w, https:\/\/sachviet.eu\/wp-content\/uploads\/2021\/02\/Khi\u0301-cha\u0301t-bao-nhieu-ha\u0323nh-phu\u0301c-ba\u0301y-nhieu-600x480.jpg 600w, https:\/\/sachviet.eu\/wp-content\/uploads\/2021\/02\/Khi\u0301-cha\u0301t-bao-nhieu-ha\u0323nh-phu\u0301c-ba\u0301y-nhieu.jpg 1800w\" sizes=\"auto, (max-width: 1020px) 100vw, 1020px\" \/>\t\t\t\t\t\t\n\t\t\t\t\t<\/div>\n\t\t\t\t\t\t\t\t\n<style>\n#image_384648995 {\n  width: 100%;\n}\n<\/style>\n\t<\/div>\n\t\n<\/div><\/div>\n            <\/div>\n    <style>\n    #banner-grid-1961091074 .grid-col-1{height: 600px}\n    #banner-grid-1961091074 .grid-col-1-2{height: 300px}\n    #banner-grid-1961091074 .grid-col-1-3{height:200px}\n    #banner-grid-1961091074 .grid-col-2-3{height: 400px}\n    #banner-grid-1961091074 .grid-col-1-4{height: 150px}\n    #banner-grid-1961091074 .grid-col-3-4{height: 450px}\n\n\n    \n    \n\n  <\/style>\n    <\/div>\n  \n","protected":false},"excerpt":{"rendered":"<p>C\u00f3 ai \u0111\u00f3 t\u1eebng n\u00f3i:<\/p>\n<p>\u201cH\u00e3y s\u1ed1ng nh\u01b0 m\u1ed9t tr\u00e1i d\u1ee9a: \u0110\u1ea7u \u0111\u1ed9i v\u01b0\u01a1ng mi\u1ec7n, d\u00e1ng \u0111\u1ee9ng hi\u00ean ngang \u2013 B\u00ean ngo\u00e0i gai g\u00f3c, b\u00ean trong ng\u1ecdt ng\u00e0o.\u201d<\/p>\n<p>C\u0169ng gi\u1ed1ng nh\u01b0 tr\u00e1i d\u1ee9a, khi m\u1ed9t ng\u01b0\u1eddi ph\u1ee5 n\u1eef \u0111\u1ee7 b\u1ea3n l\u0129nh \u0111\u1ec3 ch\u1ed1ng \u0111\u1ee1 v\u00e0 v\u01b0\u1ee3t qua ngh\u1ecbch c\u1ea3nh, \u0111\u1ee7 t\u0129nh t\u1ea1i \u0111\u1ec3 t\u1eadn h\u01b0\u1edfng tr\u1ecdn v\u1eb9n ni\u1ec1m vui cu\u1ed9c s\u1ed1ng, th\u00ec \u0111\u00f3 ch\u00ednh l\u00e0 l\u00fac h\u1ecd \u0111\u1ed9i l\u00ean \u0111\u1ea7u chi\u1ebfc v\u01b0\u01a1ng mi\u1ec7n v\u00e0 tr\u1edf th\u00e0nh n\u1eef ho\u00e0ng trong th\u1ebf gi\u1edbi c\u1ee7a ch\u00ednh m\u00ecnh.<\/p>\n<p><strong>T\u00e1c gi\u1ea3 V\u00e3n T\u00ecnh<\/strong><\/p>\n","protected":false},"featured_media":23046,"template":"","meta":{"_acf_changed":false},"product_brand":[],"product_cat":[15,46],"product_tag":[],"class_list":{"0":"post-137","1":"product","2":"type-product","3":"status-publish","4":"has-post-thumbnail","6":"product_cat-sach-danh-cho-nguoi-lon","7":"product_cat-ky-nang-song","9":"first","10":"outofstock","11":"taxable","12":"shipping-taxable","13":"purchasable","14":"product-type-simple"},"supplier_id":null,"supplier_sku":"","barcode":null,"atum_controlled":true,"out_stock_date":"2023-12-06 10:27:38","out_stock_threshold":null,"inheritable":false,"inbound_stock":0,"stock_on_hold":0,"sold_today":0,"sales_last_days":0,"reserved_stock":0,"customer_returns":0,"warehouse_damage":0,"lost_in_post":0,"other_logs":0,"out_stock_days":784,"lost_sales":0,"has_location":false,"update_date":"2026-01-28T23:10:28","atum_locations":[],"atum_stock_status":"outofstock","restock_status":false,"low_stock_amount":"","sales_update_date":"2026-01-28T23:10:28","calc_backorders":null,"acf":{"publisher":{"ID":1456,"post_author":"1","post_date":"2021-02-17 01:12:21","post_date_gmt":"2021-02-16 23:12:21","post_content":"<!-- wp:flatsome\/uxbuilder -->\n<h1 style=\"text-align: center;\"><strong>Bloom Books<\/strong><\/h1>\n[row]\n\n[col span=\"2\" span__sm=\"12\"]\n\n[ux_image id=\"1691\" image_size=\"medium\"]\n\n\n[\/col]\n[col span=\"10\" span__sm=\"12\"]\n\n<p>Bloom Books - Th\u01b0\u01a1ng hi\u1ec7u s\u00e1ch Truy\u1ec1n c\u1ea3m h\u1ee9ng \u0111\u1ea7u ti\u00ean d\u00e0nh cho gi\u1edbi tr\u1ebb Vi\u1ec7t, \u0111\u01b0\u1ee3c th\u00e0nh l\u1eadp t\u1eeb th\u00e1ng 5\/2015.<br \/>\"Khi ngh\u0129 \u0111\u1ebfn m\u1ed9t t\u1eeb \u0111\u1ec3 \u0111\u1eb7t t\u00ean cho th\u01b0\u01a1ng hi\u1ec7u, t\u00f4i \u0111\u00e3 r\u1ea5t ph\u00e2n v\u00e2n. T\u00f4i mu\u1ed1n n\u00f3 l\u00e0 m\u1ed9t \u0111i\u1ec1u g\u00ec \u0111\u00f3 xinh \u0111\u1eb9p, nh\u01b0 m\u1ed9t \u0111\u00f3a hoa, nh\u01b0 m\u00f9a xu\u00e2n v\u00e0 tr\u00e0n \u0111\u1ea7y c\u1ea3m h\u1ee9ng.<br \/>C\u00e1i t\u00ean Bloom Books ra \u0111\u1eddi gi\u1ea3n \u0111\u01a1n nh\u01b0 th\u1ebf. Bloom - l\u00e0 m\u1ed9t \u0111\u00f3a hoa \u0111ang n\u1edf r\u1ed9, v\u00e0 c\u0169ng nh\u01b0 m\u1ed9t n\u1ee5 c\u01b0\u1eddi. T\u00f4i th\u1eadt mong nh\u1eefng cu\u1ed1n s\u00e1ch c\u1ee7a Bloom Books s\u1ebd m\u00e3i mang \u0111\u1ebfn ni\u1ec1m vui, s\u1ef1 t\u01b0\u01a1i m\u1edbi v\u00e0 h\u1ee9ng kh\u1edfi D\u00c1M \u0111\u1ed5i thay cho b\u1ea5t c\u1ee9 ai \u0111\u1ecdc n\u00f3.\"<\/p>\n\n[\/col]\n\n[\/row]\n\n<!-- \/wp:flatsome\/uxbuilder -->","post_title":"Bloom Books","post_excerpt":"","post_status":"publish","comment_status":"closed","ping_status":"closed","post_password":"","post_name":"bloom-books","to_ping":"","pinged":"","post_modified":"2021-02-17 01:42:43","post_modified_gmt":"2021-02-16 23:42:43","post_content_filtered":"","post_parent":0,"guid":"https:\/\/sachviet.eu\/nha-phat-hanh\/bloom-books\/","menu_order":0,"post_type":"publisher","post_mime_type":"","comment_count":"0","filter":"raw"}},"_links":{"self":[{"href":"https:\/\/sachviet.eu\/en\/wp-json\/wp\/v2\/product\/137","targetHints":{"allow":["GET"]}}],"collection":[{"href":"https:\/\/sachviet.eu\/en\/wp-json\/wp\/v2\/product"}],"about":[{"href":"https:\/\/sachviet.eu\/en\/wp-json\/wp\/v2\/types\/product"}],"wp:featuredmedia":[{"embeddable":true,"href":"https:\/\/sachviet.eu\/en\/wp-json\/wp\/v2\/media\/23046"}],"wp:attachment":[{"href":"https:\/\/sachviet.eu\/en\/wp-json\/wp\/v2\/media?parent=137"}],"wp:term":[{"taxonomy":"product_brand","embeddable":true,"href":"https:\/\/sachviet.eu\/en\/wp-json\/wp\/v2\/product_brand?post=137"},{"taxonomy":"product_cat","embeddable":true,"href":"https:\/\/sachviet.eu\/en\/wp-json\/wp\/v2\/product_cat?post=137"},{"taxonomy":"product_tag","embeddable":true,"href":"https:\/\/sachviet.eu\/en\/wp-json\/wp\/v2\/product_tag?post=137"}],"curies":[{"name":"wp","href":"https:\/\/api.w.org\/{rel}","templated":true}]}}