{"id":13696,"date":"2021-07-02T20:52:52","date_gmt":"2021-07-02T17:52:52","guid":{"rendered":"https:\/\/sachviet.eu\/shop\/nha-nuoc-the-tuc\/"},"modified":"2021-07-03T22:01:04","modified_gmt":"2021-07-03T19:01:04","slug":"nha-nuoc-the-tuc","status":"publish","type":"product","link":"https:\/\/sachviet.eu\/en\/shop\/nha-nuoc-the-tuc\/","title":{"rendered":"Nh\u00e0 N\u01b0\u1edbc Th\u1ebf T\u1ee5c"},"content":{"rendered":"<p>B\u1eb1ng nh\u1eefng lu\u1eadn ch\u1ee9ng s\u00e2u s\u1eafc v\u00e0 ngu\u1ed3n t\u01b0 li\u1ec7u phong ph\u00fa, ti\u1ebfp c\u1eadn v\u1ea5n \u0111\u1ec1 nh\u00e0 n\u01b0\u1edbc th\u1ebf t\u1ee5c t\u1eeb l\u00fd lu\u1eadn \u0111\u1ebfn th\u1ef1c ti\u1ec5n c\u1ee7a c\u00e1c n\u01b0\u1edbc \u00c2u, M\u1ef9, \u0110\u00f4ng B\u1eafc \u00c1 v\u00e0 \u0110\u00f4ng Nam \u00c1, GS.TS. \u0110\u1ed7 Quang H\u01b0ng, nguy\u00ean Vi\u1ec7n tr\u01b0\u1edfng Vi\u1ec7n Nghi\u00ean c\u1ee9u t\u00f4n gi\u00e1o, th\u00e0nh vi\u00ean H\u1ed9i \u0111\u1ed3ng L\u00fd lu\u1eadn Trung \u01b0\u01a1ng \u0111\u00e3 kh\u00e1i qu\u00e1t h\u00f3a l\u1ed9 tr\u00ecnh x\u00e2y d\u1ef1ng, ho\u00e0n thi\u1ec7n lu\u1eadn ph\u00e1p t\u00f4n gi\u00e1o c\u1ee7a Nh\u00e0 n\u01b0\u1edbc Vi\u1ec7t Nam trong n\u1ed7 l\u1ef1c h\u01b0\u1edbng t\u1edbi m\u1ed9t m\u00f4i tr\u01b0\u1eddng th\u00edch h\u1ee3p \u0111\u1ec3 c\u00e1c c\u1ed9ng \u0111\u1ed3ng t\u00f4n gi\u00e1o kh\u00f4ng nh\u1eefng th\u1ef1c hi\u1ec7n t\u1ed1t ph\u00e1p lu\u1eadt v\u1edbi t\u01b0 c\u00e1ch c\u00f4ng d\u00e2n m\u00e0 c\u00f2n qua lu\u1eadt ph\u00e1p v\u1ec1 t\u00f4n gi\u00e1o c\u00f3 th\u1ec3 t\u00ecm th\u1ea5y s\u1ef1 th\u1ecfa m\u00e3n \u0111\u1eddi s\u1ed1ng t\u00e2m linh, g\u1ee3i m\u1edf nh\u1eefng suy ng\u1eabm, \u0111\u1ec1 xu\u1ea5t (d\u01b0\u1edbi g\u00f3c \u0111\u1ed9 nh\u00e0 chuy\u00ean m\u00f4n) \u0111\u1ed1i v\u1edbi vi\u1ec7c x\u00e2y d\u1ef1ng m\u1ed9t nh\u00e0 n\u01b0\u1edbc th\u1ebf t\u1ee5c \u1edf n\u01b0\u1edbc ta hi\u1ec7n nay.<\/p>\n<p>Cu\u1ed1n s\u00e1ch l\u00e0 t\u00e0i li\u1ec7u tham kh\u1ea3o b\u1ed5 \u00edch, thi\u1ebft th\u1ef1c \u0111\u1ed1i v\u1edbi b\u1ea1n \u0111\u1ecdc, nh\u1ea5t l\u00e0 c\u00e1c nh\u00e0 nghi\u00ean c\u1ee9u, nh\u00e0 qu\u1ea3n l\u00fd, ho\u1ea1ch \u0111\u1ecbnh ch\u00ednh s\u00e1ch v\u1ec1 t\u00f4n gi\u00e1o. B\u1ea1n \u0111\u1ecdc c\u00f3 th\u1ec3 tham kh\u1ea3o, nghi\u00ean c\u1ee9u n\u1ed9i dung cu\u1ed1n s\u00e1ch t\u1ea1i Th\u01b0 vi\u1ec7n Qu\u1ed1c gia.<\/p>\n","protected":false},"excerpt":{"rendered":"<p>B\u1eb1ng nh\u1eefng lu\u1eadn ch\u1ee9ng s\u00e2u s\u1eafc v\u00e0 ngu\u1ed3n t\u01b0 li\u1ec7u phong ph\u00fa, ti\u1ebfp c\u1eadn v\u1ea5n \u0111\u1ec1 nh\u00e0 n\u01b0\u1edbc th\u1ebf t\u1ee5c t\u1eeb l\u00fd lu\u1eadn \u0111\u1ebfn th\u1ef1c ti\u1ec5n c\u1ee7a c\u00e1c n\u01b0\u1edbc \u00c2u, M\u1ef9, \u0110\u00f4ng B\u1eafc \u00c1 v\u00e0 \u0110\u00f4ng Nam \u00c1, GS.TS. \u0110\u1ed7 Quang H\u01b0ng, nguy\u00ean Vi\u1ec7n tr\u01b0\u1edfng Vi\u1ec7n Nghi\u00ean c\u1ee9u t\u00f4n gi\u00e1o, th\u00e0nh vi\u00ean H\u1ed9i \u0111\u1ed3ng L\u00fd lu\u1eadn Trung \u01b0\u01a1ng \u0111\u00e3 kh\u00e1i qu\u00e1t h\u00f3a l\u1ed9 tr\u00ecnh x\u00e2y d\u1ef1ng, ho\u00e0n thi\u1ec7n lu\u1eadn ph\u00e1p t\u00f4n gi\u00e1o c\u1ee7a Nh\u00e0 n\u01b0\u1edbc Vi\u1ec7t Nam trong n\u1ed7 l\u1ef1c h\u01b0\u1edbng t\u1edbi m\u1ed9t m\u00f4i tr\u01b0\u1eddng th\u00edch h\u1ee3p \u0111\u1ec3 c\u00e1c c\u1ed9ng \u0111\u1ed3ng t\u00f4n gi\u00e1o kh\u00f4ng nh\u1eefng th\u1ef1c hi\u1ec7n t\u1ed1t ph\u00e1p lu\u1eadt v\u1edbi t\u01b0 c\u00e1ch c\u00f4ng d\u00e2n m\u00e0 c\u00f2n qua lu\u1eadt ph\u00e1p v\u1ec1 t\u00f4n gi\u00e1o c\u00f3 th\u1ec3 t\u00ecm th\u1ea5y s\u1ef1 th\u1ecfa m\u00e3n \u0111\u1eddi s\u1ed1ng t\u00e2m linh, g\u1ee3i m\u1edf nh\u1eefng suy ng\u1eabm, \u0111\u1ec1 xu\u1ea5t (d\u01b0\u1edbi g\u00f3c \u0111\u1ed9 nh\u00e0 chuy\u00ean m\u00f4n) \u0111\u1ed1i v\u1edbi vi\u1ec7c x\u00e2y d\u1ef1ng m\u1ed9t nh\u00e0 n\u01b0\u1edbc th\u1ebf t\u1ee5c \u1edf n\u01b0\u1edbc ta hi\u1ec7n nay.<\/p>\n<p>Cu\u1ed1n s\u00e1ch l\u00e0 t\u00e0i li\u1ec7u tham kh\u1ea3o b\u1ed5 \u00edch, thi\u1ebft th\u1ef1c \u0111\u1ed1i v\u1edbi b\u1ea1n \u0111\u1ecdc, nh\u1ea5t l\u00e0 c\u00e1c nh\u00e0 nghi\u00ean c\u1ee9u, nh\u00e0 qu\u1ea3n l\u00fd, ho\u1ea1ch \u0111\u1ecbnh ch\u00ednh s\u00e1ch v\u1ec1 t\u00f4n gi\u00e1o. B\u1ea1n \u0111\u1ecdc c\u00f3 th\u1ec3 tham kh\u1ea3o, nghi\u00ean c\u1ee9u n\u1ed9i dung cu\u1ed1n s\u00e1ch t\u1ea1i Th\u01b0 vi\u1ec7n Qu\u1ed1c gia.<\/p>\n","protected":false},"featured_media":13680,"template":"","meta":{"_acf_changed":false},"product_brand":[],"product_cat":[18],"product_tag":[],"class_list":{"0":"post-13696","1":"product","2":"type-product","3":"status-publish","4":"has-post-thumbnail","6":"product_cat-kinh-te","8":"first","9":"outofstock","10":"taxable","11":"shipping-taxable","12":"purchasable","13":"product-type-simple"},"supplier_id":null,"supplier_sku":"","barcode":null,"atum_controlled":true,"out_stock_date":null,"out_stock_threshold":null,"inheritable":false,"inbound_stock":0,"stock_on_hold":0,"sold_today":0,"sales_last_days":0,"reserved_stock":0,"customer_returns":0,"warehouse_damage":0,"lost_in_post":0,"other_logs":0,"out_stock_days":0,"lost_sales":0,"has_location":false,"update_date":"2026-01-28T23:10:53","atum_locations":[],"atum_stock_status":"outofstock","restock_status":false,"low_stock_amount":"","sales_update_date":"2026-01-28T23:10:53","calc_backorders":null,"acf":{"publisher":{"ID":13679,"post_author":"1","post_date":"2021-07-02 20:51:35","post_date_gmt":"2021-07-02 17:51:35","post_content":"","post_title":"NXB Ch\u00ednh Tr\u1ecb Qu\u1ed1c Gia","post_excerpt":"","post_status":"publish","comment_status":"closed","ping_status":"closed","post_password":"","post_name":"nxb-chinh-tri-quoc-gia","to_ping":"","pinged":"","post_modified":"2021-07-02 20:51:35","post_modified_gmt":"2021-07-02 17:51:35","post_content_filtered":"","post_parent":0,"guid":"https:\/\/sachviet.eu\/nha-phat-hanh\/nxb-chinh-tri-quoc-gia\/","menu_order":0,"post_type":"publisher","post_mime_type":"","comment_count":"0","filter":"raw"}},"_links":{"self":[{"href":"https:\/\/sachviet.eu\/en\/wp-json\/wp\/v2\/product\/13696","targetHints":{"allow":["GET"]}}],"collection":[{"href":"https:\/\/sachviet.eu\/en\/wp-json\/wp\/v2\/product"}],"about":[{"href":"https:\/\/sachviet.eu\/en\/wp-json\/wp\/v2\/types\/product"}],"wp:featuredmedia":[{"embeddable":true,"href":"https:\/\/sachviet.eu\/en\/wp-json\/wp\/v2\/media\/13680"}],"wp:attachment":[{"href":"https:\/\/sachviet.eu\/en\/wp-json\/wp\/v2\/media?parent=13696"}],"wp:term":[{"taxonomy":"product_brand","embeddable":true,"href":"https:\/\/sachviet.eu\/en\/wp-json\/wp\/v2\/product_brand?post=13696"},{"taxonomy":"product_cat","embeddable":true,"href":"https:\/\/sachviet.eu\/en\/wp-json\/wp\/v2\/product_cat?post=13696"},{"taxonomy":"product_tag","embeddable":true,"href":"https:\/\/sachviet.eu\/en\/wp-json\/wp\/v2\/product_tag?post=13696"}],"curies":[{"name":"wp","href":"https:\/\/api.w.org\/{rel}","templated":true}]}}