{"id":1369,"date":"2021-02-16T00:38:05","date_gmt":"2021-02-15T22:38:05","guid":{"rendered":"https:\/\/sachviet.eu\/shop\/phai-long-voi-co-don\/"},"modified":"2023-02-22T21:14:06","modified_gmt":"2023-02-22T19:14:06","slug":"phai-long-voi-co-don","status":"publish","type":"product","link":"https:\/\/sachviet.eu\/en\/shop\/phai-long-voi-co-don\/","title":{"rendered":"Ph\u1ea3i L\u00f2ng V\u1edbi C\u00f4 \u0110\u01a1n"},"content":{"rendered":"<p><strong>C\u00f4 \u0111\u01a1n \u01a1i, l\u1ea1i \u0111\u00e2y ch\u01a1i !<\/strong><\/p>\n<p>T\u1eeb c\u1ed5 ch\u00ed kim, con ng\u01b0\u1eddi ta sinh ra v\u1ed1n \u0111\u00e3 m\u1ed9t m\u00ecnh, c\u00f3 ng\u01b0\u1eddi b\u1ea7u b\u1ea1n th\u00ec t\u1ed1t m\u00e0 kh\u00f4ng c\u00f3 c\u0169ng ch\u1eb3ng sao.<\/p>\n<p>Ai c\u0169ng c\u00f3 th\u1ec3 t\u1ef1 ki\u1ebfm ti\u1ec1n, t\u1ef1 lo cho b\u1ea3n th\u00e2n, t\u1ef1 \u0111\u1ee9ng d\u1eady sau nh\u1eefng v\u1ea5p ng\u00e3. Bu\u1ed3n th\u00ec vui ch\u01a1i v\u1edbi b\u1ea1n b\u00e8, ch\u00e1n th\u00ec \u0111i shopping, r\u1ea3nh d\u1ed7i th\u00ec xem d\u0103m ba b\u1ed9 phim h\u00e0i&#8230; bi\u1ebft bao th\u00fa vui c\u00f3 th\u1ec3 t\u1ef1 m\u00ecnh t\u1eadn h\u01b0\u1edfng, kh\u00f4ng c\u00f3 ng\u01b0\u1eddi y\u00eau th\u00ec \u0111\u00e3 l\u00e0m sao?<\/p>\n<p>N\u1ebfu c\u1ea3 th\u1ebf gi\u1edbi cho ta bi\u1ebft c\u00f3 ng\u01b0\u1eddi y\u00eau h\u1ea1nh ph\u00fac th\u1ebf n\u00e0o, ta c\u0169ng ch\u1eb3ng ng\u1ea7n ng\u1ea1i g\u00ec m\u00e0 cho c\u1ea3 th\u1ebf gi\u1edbi bi\u1ebft m\u00ecnh c\u00f4 \u0111\u01a1n vui v\u1ebb ra l\u00e0m sao.<\/p>\n<p>C\u00f4 \u0111\u01a1n hay c\u00f3 ng\u01b0\u1eddi k\u1ec1 c\u1ea1nh, c\u0169ng ch\u1ec9 l\u00e0 m\u1ed9t tr\u1ea1ng th\u00e1i. Ai c\u0169ng c\u00f3 l\u00fac n\u00e0y, l\u00fac kia. V\u00e0 n\u1ebfu nh\u01b0 b\u1ea1n \u0111ang c\u00f4 \u0111\u01a1n, th\u00ec \u0111\u1eebng lo, b\u1edfi t\u00ecnh y\u00eau lu\u00f4n kh\u00f3 n\u00f3i. M\u1ed9t ng\u00e0y \u0111\u1eb9p tr\u1eddi n\u1ecd, r\u1ea5t c\u00f3 th\u1ec3 n\u00f3 s\u1ebd \u1eadp v\u00e0o \u0111\u1eddi b\u1ea1n m\u00e0 ch\u1eb3ng c\u1ea7n l\u00fd do.<\/p>\n<p>T\u1edbi l\u00fac \u0111\u00f3, b\u1ea1n s\u1ebd c\u00f3 c\u1ea3 h\u00e0ng tr\u0103m vi\u1ec7c \u0111\u1ec3 gi\u1ea3i quy\u1ebft, lo ng\u01b0\u1eddi y\u00eau gi\u1eadn, ngh\u0129 xem ng\u00e0y k\u1ef7 ni\u1ec7m n\u00ean l\u00e0m g\u00ec, \u0111i h\u1eb9n h\u00f2 th\u00ec \u0103n g\u00ec, m\u1eb7c nh\u01b0 th\u1ebf n\u00e0o&#8230; Ch\u1eafc ch\u1eafn l\u00fac \u0111\u00f3, b\u1ea1n s\u1ebd v\u00f4 c\u00f9ng b\u1ed1i r\u1ed1i v\u00e0 v\u00f4 c\u00f9ng lo l\u1eafng. Nh\u01b0ng \u0111\u00f3 l\u00e0 chuy\u1ec7n c\u1ee7a t\u01b0\u01a1ng lai, c\u00f2n b\u00e2y gi\u1edd, b\u1ea1n l\u00e0 ng\u01b0\u1eddi v\u00f4 c\u00f9ng t\u1ef1 do. Trong l\u00fac \u0111\u00e1m b\u1ea1n \u0111ang m\u1ea3i m\u00ea ngh\u0129 c\u00e1ch d\u1ed7 d\u00e0nh ng\u01b0\u1eddi y\u00eau th\u00ec b\u1ea1n c\u00f3 th\u1ec3 \u0111i b\u1ea5t c\u1ee9 \u0111\u00e2u, l\u00e0m m\u1ecdi vi\u1ec7c m\u00ecnh th\u00edch v\u00e0 th\u1ea3 th\u00ednh b\u1ea5t c\u1ee9 ai m\u00ecnh mu\u1ed1n. C\u00f4 \u0111\u01a1n c\u0169ng c\u00f3 nhi\u1ec1u \u0111i\u1ec3m t\u1ed1t \u0111\u1ea5y th\u00f4i !<\/p>\n<p>V\u1eady n\u00ean, th\u1ea3 l\u1ecfng v\u00e0 t\u1eadn h\u01b0\u1edfng s\u1ef1 c\u00f4 \u0111\u01a1n \u0111i n\u00e0o. V\u00ec ch\u1eb3ng ai tho\u00e1t \u0111\u01b0\u1ee3c t\u00ecnh y\u00eau. Cho n\u00ean thi tho\u1ea3ng, c\u00f4 \u0111\u01a1n c\u0169ng l\u00e0 m\u1ed9t ph\u01b0\u1edbc l\u00e0nh ! Ph\u1ea3i l\u00f2ng v\u1edbi c\u00f4 \u0111\u01a1n ch\u00ednh l\u00e0 m\u1ed9t cu\u1ed1n s\u00e1ch m\u00e0 ai c\u0169ng c\u1ea7n ph\u1ea3i c\u00f3 d\u01b0\u1edbi g\u00f3c nh\u00ecn \u0111\u1ea7y m\u1edbi m\u1ebb v\u00e0 t\u01b0\u01a1i tr\u1ebb c\u1ee7a Kulzsc v\u1ec1 s\u1ef1 c\u00f4 \u0111\u01a1n.<\/p>\n<p><strong>X\u00f3a tan c\u00e1i \u0111\u1ecbnh ngh\u0129a c\u00f4 \u0111\u01a1n l\u00e0 n\u1ed7i bu\u1ed3n, Ph\u1ea3i l\u00f2ng v\u1edbi c\u00f4 \u0111\u01a1n l\u00e0 m\u00f3n qu\u00e0 d\u00e0nh t\u1eb7ng cho b\u1ea5t c\u1ee9 ai v\u1eabn \u0111ang m\u1ed9t m\u00ecnh. Khi c\u00f4 \u0111\u01a1n, b\u1ea1n ho\u00e0n to\u00e0n c\u00f3 th\u1ec3 t\u1eadp trung \u0111\u1ec3 y\u00eau th\u01b0\u01a1ng ch\u00ednh m\u00ecnh, \u0111i\u1ec1u \u0111\u00f3 kh\u00f4ng ph\u1ea3i tuy\u1ec7t v\u1eddi hay sao?<\/strong><\/p>\n<p>Ph\u1ea3i l\u00f2ng v\u1edbi c\u00f4 \u0111\u01a1n m\u1ea5t r\u1ed3i, n\u00ean c\u00f4 \u0111\u01a1n \u00e0, l\u1ea1i \u0111\u00e2y ch\u01a1i! Ch\u1ec9 l\u00e0 c\u00f4 \u0111\u01a1n th\u00f4i c\u00f3 g\u00ec \u0111\u00e2u m\u00e0 ph\u1ea3i bu\u1ed3n, nh\u1ec9. Vui l\u00ean n\u00e0o v\u00ec b\u00ean c\u1ea1nh ch\u00fang ta c\u00f2n c\u00f3 s\u1ef1 c\u00f4 \u0111\u01a1n?<\/p>\n  <div class=\"banner-grid-wrapper\">\n  <div id=\"banner-grid-505949578\" class=\"banner-grid row row-grid row-small\" data-packery-options=\"\">\n                      \n<div class=\"col grid-col large-4 grid-col-1\" ><div class=\"col-inner\">\n\t<div class=\"img has-hover x md-x lg-x y md-y lg-y\" id=\"image_860329468\">\n\t\t\t\t\t\t\t\t<div class=\"img-inner dark\" >\n\t\t\t<img loading=\"lazy\" decoding=\"async\" width=\"960\" height=\"960\" src=\"https:\/\/sachviet.eu\/wp-content\/uploads\/2021\/02\/144f2eef5c47d68a3fb6e647a4138c95.jpg\" class=\"attachment-large size-large\" alt=\"\" srcset=\"https:\/\/sachviet.eu\/wp-content\/uploads\/2021\/02\/144f2eef5c47d68a3fb6e647a4138c95.jpg 960w, https:\/\/sachviet.eu\/wp-content\/uploads\/2021\/02\/144f2eef5c47d68a3fb6e647a4138c95-300x300.jpg 300w, https:\/\/sachviet.eu\/wp-content\/uploads\/2021\/02\/144f2eef5c47d68a3fb6e647a4138c95-150x150.jpg 150w, https:\/\/sachviet.eu\/wp-content\/uploads\/2021\/02\/144f2eef5c47d68a3fb6e647a4138c95-768x768.jpg 768w, https:\/\/sachviet.eu\/wp-content\/uploads\/2021\/02\/144f2eef5c47d68a3fb6e647a4138c95-600x600.jpg 600w, https:\/\/sachviet.eu\/wp-content\/uploads\/2021\/02\/144f2eef5c47d68a3fb6e647a4138c95-100x100.jpg 100w\" sizes=\"auto, (max-width: 960px) 100vw, 960px\" \/>\t\t\t\t\t\t\n\t\t\t\t\t<\/div>\n\t\t\t\t\t\t\t\t\n<style>\n#image_860329468 {\n  width: 100%;\n}\n<\/style>\n\t<\/div>\n\t\n<\/div><\/div>\n<div class=\"col grid-col large-3 grid-col-1\" ><div class=\"col-inner\">\n\t<div class=\"img has-hover x md-x lg-x y md-y lg-y\" id=\"image_1490676145\">\n\t\t\t\t\t\t\t\t<div class=\"img-inner dark\" >\n\t\t\t<img loading=\"lazy\" decoding=\"async\" width=\"960\" height=\"640\" src=\"https:\/\/sachviet.eu\/wp-content\/uploads\/2021\/02\/66256823_2105711059558507_160634641613586432_n.jpg\" class=\"attachment-large size-large\" alt=\"\" srcset=\"https:\/\/sachviet.eu\/wp-content\/uploads\/2021\/02\/66256823_2105711059558507_160634641613586432_n.jpg 960w, https:\/\/sachviet.eu\/wp-content\/uploads\/2021\/02\/66256823_2105711059558507_160634641613586432_n-300x200.jpg 300w, https:\/\/sachviet.eu\/wp-content\/uploads\/2021\/02\/66256823_2105711059558507_160634641613586432_n-768x512.jpg 768w, https:\/\/sachviet.eu\/wp-content\/uploads\/2021\/02\/66256823_2105711059558507_160634641613586432_n-600x400.jpg 600w\" sizes=\"auto, (max-width: 960px) 100vw, 960px\" \/>\t\t\t\t\t\t\n\t\t\t\t\t<\/div>\n\t\t\t\t\t\t\t\t\n<style>\n#image_1490676145 {\n  width: 100%;\n}\n<\/style>\n\t<\/div>\n\t\n<\/div><\/div>\n<div class=\"col grid-col large-5 grid-col-1\" ><div class=\"col-inner\">\n\t<div class=\"img has-hover x md-x lg-x y md-y lg-y\" id=\"image_1471323922\">\n\t\t\t\t\t\t\t\t<div class=\"img-inner dark\" >\n\t\t\t<img loading=\"lazy\" decoding=\"async\" width=\"526\" height=\"526\" src=\"https:\/\/sachviet.eu\/wp-content\/uploads\/2021\/02\/67405596_2115316128598000_8619842437851906048_o.jpg\" class=\"attachment-large size-large\" alt=\"\" srcset=\"https:\/\/sachviet.eu\/wp-content\/uploads\/2021\/02\/67405596_2115316128598000_8619842437851906048_o.jpg 526w, https:\/\/sachviet.eu\/wp-content\/uploads\/2021\/02\/67405596_2115316128598000_8619842437851906048_o-300x300.jpg 300w, https:\/\/sachviet.eu\/wp-content\/uploads\/2021\/02\/67405596_2115316128598000_8619842437851906048_o-150x150.jpg 150w, https:\/\/sachviet.eu\/wp-content\/uploads\/2021\/02\/67405596_2115316128598000_8619842437851906048_o-100x100.jpg 100w\" sizes=\"auto, (max-width: 526px) 100vw, 526px\" \/>\t\t\t\t\t\t\n\t\t\t\t\t<\/div>\n\t\t\t\t\t\t\t\t\n<style>\n#image_1471323922 {\n  width: 100%;\n}\n<\/style>\n\t<\/div>\n\t\n<\/div><\/div>\n            <\/div>\n    <style>\n    #banner-grid-505949578 .grid-col-1{height: 600px}\n    #banner-grid-505949578 .grid-col-1-2{height: 300px}\n    #banner-grid-505949578 .grid-col-1-3{height:200px}\n    #banner-grid-505949578 .grid-col-2-3{height: 400px}\n    #banner-grid-505949578 .grid-col-1-4{height: 150px}\n    #banner-grid-505949578 .grid-col-3-4{height: 450px}\n\n\n    \n    \n\n  <\/style>\n    <\/div>\n  \n","protected":false},"excerpt":{"rendered":"<p>Ph\u1ea3i l\u00f2ng v\u1edbi c\u00f4 \u0111\u01a1n &#8211; Kulzsc<br \/>\nCu\u1ed1n s\u00e1ch s\u1ebd bi\u1ebfn n\u1ed7i c\u00f4 \u0111\u01a1n c\u1ee7a b\u1ea1n tr\u1edf n\u00ean ng\u1ecdt ng\u00e0o.<\/p>\n<p>Ph\u1ea3i l\u00f2ng v\u1edbi c\u00f4 \u0111\u01a1n l\u00e0 \u0111\u1ee9a con tinh th\u1ea7n \u0111\u1ea7u ti\u00ean c\u1ee7a t\u00e1c gi\u1ea3 tr\u1ebb Kulzsc, cu\u1ed1n s\u00e1ch \u0111\u01b0\u1ee3c vi\u1ebft l\u00ean t\u1eeb nh\u1eefng h\u00ecnh \u1ea3nh xinh x\u1eafn, nh\u1eefng d\u00f2ng t\u00e2m s\u1ef1 ng\u1eafn ng\u1ee7i. V\u1edbi t\u00e1c gi\u1ea3 \u201ccu\u1ed1n s\u00e1ch ra \u0111\u1eddi v\u1edbi h\u00ecnh h\u00e0i nh\u01b0 m\u1ed9t cu\u1ed1n s\u1ed5 tay nho nh\u1ecf, c\u00f9ng v\u00e0i d\u00f2ng t\u00e2m s\u1ef1, \u0111\u1ec3 b\u1ea1n mang theo b\u00ean ng\u01b0\u1eddi, l\u00fac n\u00e0o r\u1ea3nh, l\u00fac n\u00e0o mu\u1ed1n suy ngh\u0129 th\u1ea9n th\u01a1, l\u1ea5y ra \u0111\u1ecdc v\u00e0i trang, ng\u1eabm ngh\u0129 v\u1ec1 cu\u1ed9c \u0111\u1eddi, v\u1ec1 chuy\u1ec7n t\u00ecnh c\u1ea3m. \u201d . Cu\u1ed1n s\u00e1ch mang \u0111\u1ebfn cho ch\u00fang ta kh\u00f4ng ph\u1ea3i l\u00e0 n\u1ed7i bu\u1ed3n c\u1ee7a s\u1ef1 c\u00f4 \u0111\u01a1n m\u00e0 l\u00e0 c\u00f4 \u0111\u01a1n m\u1ed9t c\u00e1ch l\u00e3ng m\u1ea1n. C\u00f3 l\u1ebd, Ph\u1ea3i l\u00f2ng v\u1edbi c\u00f4 \u0111\u01a1n l\u00e0 m\u1ed9t c\u00e1i g\u00ec \u0111\u00f3 bu\u1ed3n v\u00e0 \u0111\u01a1n \u0111\u1ed9c l\u1eafm nh\u01b0ng ch\u1eafc h\u1eb3n b\u1ea1n s\u1ebd b\u1ea5t ng\u1edd v\u1edbi c\u00e1i c\u00e1ch m\u00e0 t\u00e1c gi\u1ea3 nh\u00ecn nh\u1eadn v\u1ec1 n\u00f3.<\/p>\n","protected":false},"featured_media":1354,"template":"","meta":{"_acf_changed":false},"product_brand":[],"product_cat":[15,47],"product_tag":[],"class_list":{"0":"post-1369","1":"product","2":"type-product","3":"status-publish","4":"has-post-thumbnail","6":"product_cat-sach-danh-cho-nguoi-lon","7":"product_cat-truyen-ngan-tan-van","9":"first","10":"outofstock","11":"taxable","12":"shipping-taxable","13":"purchasable","14":"product-type-simple"},"supplier_id":null,"supplier_sku":"","barcode":null,"atum_controlled":true,"out_stock_date":"2023-02-22 19:14:06","out_stock_threshold":null,"inheritable":false,"inbound_stock":0,"stock_on_hold":0,"sold_today":0,"sales_last_days":0,"reserved_stock":0,"customer_returns":0,"warehouse_damage":0,"lost_in_post":0,"other_logs":0,"out_stock_days":1071,"lost_sales":0,"has_location":false,"update_date":"2026-01-28T23:10:29","atum_locations":[],"atum_stock_status":"outofstock","restock_status":false,"low_stock_amount":"","sales_update_date":"2026-01-28T23:10:29","calc_backorders":null,"acf":{"publisher":{"ID":1460,"post_author":"1","post_date":"2021-02-17 01:12:24","post_date_gmt":"2021-02-16 23:12:24","post_content":"<!-- wp:flatsome\/uxbuilder -->\n<h1 style=\"text-align: center;\"><strong>Skybooks<\/strong><\/h1>\n[row]\n\n[col span=\"7\" span__sm=\"12\"]\n\n<p>C\u00f4ng ty ph\u00e1t h\u00e0nh s\u00e1ch Skybooks. \"T\u00f4i tr\u1ebb, t\u00f4i \u0111am m\u00ea\" v\u1edbi s\u1ee9 m\u1ec7nh lan to\u1ea3 c\u1ea3m x\u00fac v\u00e0 k\u1ebft n\u1ed1i t\u00e2m h\u1ed3n<\/p>\n<p><strong>Skybooks l\u00e0 c\u00e2u chuy\u1ec7n k\u1ec3 v\u1ec1:<\/strong><br \/>M\u1ed9t th\u1ebf h\u1ec7 ng\u01b0\u1eddi vi\u1ebft tr\u1ebb, \u0111am m\u00ea v\u0103n ch\u01b0\u01a1ng v\u00e0 t\u00f4n tr\u1ecdng, g\u00ecn gi\u1eef, s\u00e1ng t\u1ea1o Ti\u1ebfng Vi\u1ec7t. M\u1ed9t th\u1ebf h\u1ec7 \u0111\u1ed9c gi\u1ea3 tr\u1ebb, \u0111am m\u00ea kh\u00e1m ph\u00e1 ng\u00f4n ng\u1eef v\u00e0 say m\u00ea \u0111\u1ebfn v\u1edbi th\u1ebf gi\u1edbi c\u1ee7a nh\u1eefng quy\u1ec3n s\u00e1ch. M\u1ed9t th\u1ebf h\u1ec7 ng\u01b0\u1eddi l\u00e0m s\u00e1ch tr\u1ebb, \u0111am m\u00ea mang nh\u1eefng gi\u00e1 tr\u1ecb tinh th\u1ea7n l\u1ea1i g\u1ea7n ng\u01b0\u1eddi \u0111\u1ecdc.<br \/>Trong b\u1ed9 nh\u1eadn d\u1ea1ng th\u01b0\u01a1ng hi\u1ec7u:<br \/>Skybooks v\u1edbi ch\u1eef Sky m\u00e0u xanh da tr\u1eddi c\u00f3 \u00fd ngh\u0129a l\u00e0 c\u00f4ng ty B\u1ea7u Tr\u1eddi - n\u01a1i t\u1ea5t c\u1ea3 \u01b0\u1edbc m\u01a1 \u0111\u01b0\u1ee3c t\u1ef1 do tung c\u00e1nh.<br \/>V\u1edbi logo h\u00ecnh hoa b\u1ed3 c\u00f4ng anh \u0111ang bay t\u01b0\u1ee3ng tr\u01b0ng cho s\u1ef1 lan to\u1ea3 c\u1ea3m x\u00fac v\u00e0 kh\u00e1t v\u1ecdng bay cao.<br \/>K\u1ebb v\u1ea1ch logo c\u00f3 n\u1ec1n m\u00e0u ghi x\u00e1m xu\u1ea5t hi\u1ec7n tr\u00ean b\u00eca m\u1ecdi \u1ea5n ph\u1ea9m th\u1ec3 hi\u1ec7n con \u0111\u01b0\u1eddng b\u01b0\u1edbc v\u00e0o th\u1ecb tr\u01b0\u1eddng s\u00e1ch v\u00e0 chinh ph\u1ee5c \u0111\u1ed9c gi\u1ea3 l\u00e0 m\u1ed9t h\u00e0nh tr\u00ecnh d\u00e0i, \u0111\u1ea7y gian kh\u00f3, c\u00f3 nhi\u1ec1u b\u00e3o t\u1ed1, nh\u01b0ng ch\u1ec9 c\u1ea7n n\u1ed7 l\u1ef1c c\u1ed1 g\u1eafng nh\u1ea5t \u0111\u1ecbnh s\u1ebd ngo\u1ea1n m\u1ee5c v\u01b0\u1ee3t qua. \u0110\u1ec3 kh\u1eb3ng \u0111\u1ecbnh v\u00e0 ch\u1ee9ng minh ch\u00ednh m\u00ecnh!<\/p>\n\n[\/col]\n[col span=\"5\" span__sm=\"12\"]\n\n[ux_image id=\"1825\" image_size=\"medium\"]\n\n\n[\/col]\n\n[\/row]\n\n<!-- \/wp:flatsome\/uxbuilder -->","post_title":"Skybooks","post_excerpt":"","post_status":"publish","comment_status":"closed","ping_status":"closed","post_password":"","post_name":"skybooks","to_ping":"","pinged":"","post_modified":"2021-02-17 01:57:31","post_modified_gmt":"2021-02-16 23:57:31","post_content_filtered":"","post_parent":0,"guid":"https:\/\/sachviet.eu\/nha-phat-hanh\/skybooks\/","menu_order":0,"post_type":"publisher","post_mime_type":"","comment_count":"0","filter":"raw"}},"_links":{"self":[{"href":"https:\/\/sachviet.eu\/en\/wp-json\/wp\/v2\/product\/1369","targetHints":{"allow":["GET"]}}],"collection":[{"href":"https:\/\/sachviet.eu\/en\/wp-json\/wp\/v2\/product"}],"about":[{"href":"https:\/\/sachviet.eu\/en\/wp-json\/wp\/v2\/types\/product"}],"wp:featuredmedia":[{"embeddable":true,"href":"https:\/\/sachviet.eu\/en\/wp-json\/wp\/v2\/media\/1354"}],"wp:attachment":[{"href":"https:\/\/sachviet.eu\/en\/wp-json\/wp\/v2\/media?parent=1369"}],"wp:term":[{"taxonomy":"product_brand","embeddable":true,"href":"https:\/\/sachviet.eu\/en\/wp-json\/wp\/v2\/product_brand?post=1369"},{"taxonomy":"product_cat","embeddable":true,"href":"https:\/\/sachviet.eu\/en\/wp-json\/wp\/v2\/product_cat?post=1369"},{"taxonomy":"product_tag","embeddable":true,"href":"https:\/\/sachviet.eu\/en\/wp-json\/wp\/v2\/product_tag?post=1369"}],"curies":[{"name":"wp","href":"https:\/\/api.w.org\/{rel}","templated":true}]}}