{"id":13678,"date":"2021-07-02T20:51:32","date_gmt":"2021-07-02T17:51:32","guid":{"rendered":"https:\/\/sachviet.eu\/shop\/tri-ky-cua-but\/"},"modified":"2022-11-13T18:29:51","modified_gmt":"2022-11-13T16:29:51","slug":"tri-ky-cua-but","status":"publish","type":"product","link":"https:\/\/sachviet.eu\/en\/shop\/tri-ky-cua-but\/","title":{"rendered":"Tri K\u1ef7 C\u1ee7a B\u1ee5t"},"content":{"rendered":"<p>Ch\u00fang ta c\u00f3 ph\u1ea3i l\u00e0 tri k\u1ef7 c\u1ee7a B\u1ee5t kh\u00f4ng? Ch\u00fang ta c\u00f3 hi\u1ec3u \u0111\u01b0\u1ee3c B\u1ee5t kh\u00f4ng? Th\u1eadt ra ng\u01b0\u1eddi ta \u0111\u00e3 hi\u1ec3u l\u1ea7m B\u1ee5t r\u1ea5t nhi\u1ec1u. Kh\u00f4ng ph\u1ea3i ch\u1ec9 nh\u1eefng ng\u01b0\u1eddi ngo\u00e0i \u0111\u1ea1o B\u1ee5t m\u00e0 ngay trong ch\u00ednh h\u00e0ng \u0111\u1ec7 t\u1eed c\u1ee7a B\u1ee5t c\u0169ng hi\u1ec3u l\u1ea7m B\u1ee5t. B\u1ee5t kh\u00f4ng d\u1ea1y nh\u01b0 v\u1eady nh\u01b0ng ng\u01b0\u1eddi ta n\u00f3i B\u1ee5t d\u1ea1y nh\u01b0 v\u1eady, r\u1ea5t oan cho B\u1ee5t. Ta hi\u1ec3u l\u1ea7m B\u1ee5t, r\u1ed3i truy\u1ec1n \u0111\u1ea1t gi\u00e1o l\u00fd c\u1ee7a B\u1ee5t m\u1ed9t c\u00e1ch sai l\u1ea1c v\u00e0 k\u00e9o theo s\u1ef1 hi\u1ec3u l\u1ea7m c\u1ee7a c\u1ea3 th\u1ebf h\u1ec7 t\u01b0\u01a1ng lai.<\/p>\n<p>T\u00e1c ph\u1ea9m Tri K\u1ef7 C\u1ee7a B\u1ee5t l\u00e0m s\u00e1ng t\u1ecf \u0111\u01b0\u1ee3c tinh th\u1ea7n r\u1ea5t \u0111\u1eb7c bi\u1ec7t c\u1ee7a Ph\u1eadt gi\u00e1o l\u00e0 khi tu t\u1eadp, t\u00ecm hi\u1ec3u v\u1ec1 t\u01b0 t\u01b0\u1edfng c\u1ee7a \u0111\u1ea1o B\u1ee5t th\u00ec ch\u00fang ta ph\u1ea3i s\u1eed d\u1ee5ng s\u1ef1 th\u00f4ng minh, kh\u1ea3 n\u0103ng ph\u00e1n x\u00e9t quy\u1ebft \u0111o\u00e1n \u0111\u1ed9c l\u1eadp c\u1ee7a m\u00ecnh \u0111\u1ec3 nh\u1eadn bi\u1ebft m\u00e0 \u0111\u1eebng v\u1ed9i tin v\u00e0o b\u1ea5t c\u1ee9 \u0111i\u1ec1u g\u00ec \u0111\u00e3 \u0111\u01b0\u1ee3c ghi ch\u00e9p l\u1ea1i trong kinh. \u0110\u00f3 l\u00e0 tinh th\u1ea7n c\u1ee7a ng\u01b0\u1eddi h\u1ecdc Ph\u1eadt, c\u00f3 kh\u1ea3 n\u0103ng t\u00ecm hi\u1ec3u th\u1ea5u \u0111\u00e1o v\u00e0 ph\u00ea ph\u00e1n t\u1ef1 do.<\/p>\n<p>V\u1edbi c\u00e1i th\u1ea5y th\u00f4ng su\u1ed1t v\u00e0 h\u1ec7 th\u1ed1ng h\u00f3a, v\u1edbi tinh th\u1ea7n nghi\u00ean c\u1ee9u v\u00e0 ph\u00ea ph\u00e1n t\u1ef1 do, ch\u00fang ta c\u00f3 th\u1ec3 thanh l\u1ecdc \u0111\u01b0\u1ee3c to\u00e0n b\u1ed9 kinh \u0111i\u1ec3n v\u00e0 c\u00f3 th\u1ec3 ph\u1ee5c h\u1ed3i \u0111\u01b0\u1ee3c t\u01b0 t\u01b0\u1edfng \u0111\u00edch th\u1ef1c c\u1ee7a \u0111\u1ee9c Th\u1ebf T\u00f4n, \u0111\u1ec3 c\u00f3 th\u1ec3 tr\u1edf th\u00e0nh tri k\u1ef7 c\u1ee7a B\u1ee5t.<\/p>\n","protected":false},"excerpt":{"rendered":"<p>Ch\u00fang ta c\u00f3 ph\u1ea3i l\u00e0 tri k\u1ef7 c\u1ee7a B\u1ee5t kh\u00f4ng? Ch\u00fang ta c\u00f3 hi\u1ec3u \u0111\u01b0\u1ee3c B\u1ee5t kh\u00f4ng? Th\u1eadt ra ng\u01b0\u1eddi ta \u0111\u00e3 hi\u1ec3u l\u1ea7m B\u1ee5t r\u1ea5t nhi\u1ec1u. Kh\u00f4ng ph\u1ea3i ch\u1ec9 nh\u1eefng ng\u01b0\u1eddi ngo\u00e0i \u0111\u1ea1o B\u1ee5t m\u00e0 ngay trong ch\u00ednh h\u00e0ng \u0111\u1ec7 t\u1eed c\u1ee7a B\u1ee5t c\u0169ng hi\u1ec3u l\u1ea7m B\u1ee5t. B\u1ee5t kh\u00f4ng d\u1ea1y nh\u01b0 v\u1eady nh\u01b0ng ng\u01b0\u1eddi ta n\u00f3i B\u1ee5t d\u1ea1y nh\u01b0 v\u1eady, r\u1ea5t oan cho B\u1ee5t. Ta hi\u1ec3u l\u1ea7m B\u1ee5t, r\u1ed3i truy\u1ec1n \u0111\u1ea1t gi\u00e1o l\u00fd c\u1ee7a B\u1ee5t m\u1ed9t c\u00e1ch sai l\u1ea1c v\u00e0 k\u00e9o theo s\u1ef1 hi\u1ec3u l\u1ea7m c\u1ee7a c\u1ea3 th\u1ebf h\u1ec7 t\u01b0\u01a1ng lai.<\/p>\n<p>T\u00e1c ph\u1ea9m Tri K\u1ef7 C\u1ee7a B\u1ee5t l\u00e0m s\u00e1ng t\u1ecf \u0111\u01b0\u1ee3c tinh th\u1ea7n r\u1ea5t \u0111\u1eb7c bi\u1ec7t c\u1ee7a Ph\u1eadt gi\u00e1o l\u00e0 khi tu t\u1eadp, t\u00ecm hi\u1ec3u v\u1ec1 t\u01b0 t\u01b0\u1edfng c\u1ee7a \u0111\u1ea1o B\u1ee5t th\u00ec ch\u00fang ta ph\u1ea3i s\u1eed d\u1ee5ng s\u1ef1 th\u00f4ng minh, kh\u1ea3 n\u0103ng ph\u00e1n x\u00e9t quy\u1ebft \u0111o\u00e1n \u0111\u1ed9c l\u1eadp c\u1ee7a m\u00ecnh \u0111\u1ec3 nh\u1eadn bi\u1ebft m\u00e0 \u0111\u1eebng v\u1ed9i tin v\u00e0o b\u1ea5t c\u1ee9 \u0111i\u1ec1u g\u00ec \u0111\u00e3 \u0111\u01b0\u1ee3c ghi ch\u00e9p l\u1ea1i trong kinh. \u0110\u00f3 l\u00e0 tinh th\u1ea7n c\u1ee7a ng\u01b0\u1eddi h\u1ecdc Ph\u1eadt, c\u00f3 kh\u1ea3 n\u0103ng t\u00ecm hi\u1ec3u th\u1ea5u \u0111\u00e1o v\u00e0 ph\u00ea ph\u00e1n t\u1ef1 do.<\/p>\n<p>V\u1edbi c\u00e1i th\u1ea5y th\u00f4ng su\u1ed1t v\u00e0 h\u1ec7 th\u1ed1ng h\u00f3a, v\u1edbi tinh th\u1ea7n nghi\u00ean c\u1ee9u v\u00e0 ph\u00ea ph\u00e1n t\u1ef1 do, ch\u00fang ta c\u00f3 th\u1ec3 thanh l\u1ecdc \u0111\u01b0\u1ee3c to\u00e0n b\u1ed9 kinh \u0111i\u1ec3n v\u00e0 c\u00f3 th\u1ec3 ph\u1ee5c h\u1ed3i \u0111\u01b0\u1ee3c t\u01b0 t\u01b0\u1edfng \u0111\u00edch th\u1ef1c c\u1ee7a \u0111\u1ee9c Th\u1ebf T\u00f4n, \u0111\u1ec3 c\u00f3 th\u1ec3 tr\u1edf th\u00e0nh tri k\u1ef7 c\u1ee7a B\u1ee5t.<\/p>\n","protected":false},"featured_media":13677,"template":"","meta":{"_acf_changed":false},"product_brand":[],"product_cat":[15,76],"product_tag":[],"class_list":{"0":"post-13678","1":"product","2":"type-product","3":"status-publish","4":"has-post-thumbnail","6":"product_cat-sach-danh-cho-nguoi-lon","7":"product_cat-ton-giao-tam-linh","9":"first","10":"outofstock","11":"taxable","12":"shipping-taxable","13":"purchasable","14":"product-type-simple"},"supplier_id":null,"supplier_sku":"","barcode":null,"atum_controlled":true,"out_stock_date":"2022-11-13 16:29:51","out_stock_threshold":null,"inheritable":false,"inbound_stock":0,"stock_on_hold":0,"sold_today":0,"sales_last_days":0,"reserved_stock":0,"customer_returns":0,"warehouse_damage":0,"lost_in_post":0,"other_logs":0,"out_stock_days":1172,"lost_sales":0,"has_location":false,"update_date":"2026-01-28T23:10:53","atum_locations":[],"atum_stock_status":"outofstock","restock_status":false,"low_stock_amount":"","sales_update_date":"2026-01-28T23:10:53","calc_backorders":null,"acf":{"publisher":{"ID":10224,"post_author":"1","post_date":"2021-06-02 18:46:58","post_date_gmt":"2021-06-02 15:46:58","post_content":"","post_title":"Ph\u01b0\u01a1ng Nam","post_excerpt":"","post_status":"publish","comment_status":"closed","ping_status":"closed","post_password":"","post_name":"phuong-nam","to_ping":"","pinged":"","post_modified":"2021-06-02 18:46:58","post_modified_gmt":"2021-06-02 15:46:58","post_content_filtered":"","post_parent":0,"guid":"https:\/\/sachviet.eu\/nha-phat-hanh\/phuong-nam\/","menu_order":0,"post_type":"publisher","post_mime_type":"","comment_count":"0","filter":"raw"}},"_links":{"self":[{"href":"https:\/\/sachviet.eu\/en\/wp-json\/wp\/v2\/product\/13678","targetHints":{"allow":["GET"]}}],"collection":[{"href":"https:\/\/sachviet.eu\/en\/wp-json\/wp\/v2\/product"}],"about":[{"href":"https:\/\/sachviet.eu\/en\/wp-json\/wp\/v2\/types\/product"}],"wp:featuredmedia":[{"embeddable":true,"href":"https:\/\/sachviet.eu\/en\/wp-json\/wp\/v2\/media\/13677"}],"wp:attachment":[{"href":"https:\/\/sachviet.eu\/en\/wp-json\/wp\/v2\/media?parent=13678"}],"wp:term":[{"taxonomy":"product_brand","embeddable":true,"href":"https:\/\/sachviet.eu\/en\/wp-json\/wp\/v2\/product_brand?post=13678"},{"taxonomy":"product_cat","embeddable":true,"href":"https:\/\/sachviet.eu\/en\/wp-json\/wp\/v2\/product_cat?post=13678"},{"taxonomy":"product_tag","embeddable":true,"href":"https:\/\/sachviet.eu\/en\/wp-json\/wp\/v2\/product_tag?post=13678"}],"curies":[{"name":"wp","href":"https:\/\/api.w.org\/{rel}","templated":true}]}}