{"id":13676,"date":"2021-07-02T20:51:27","date_gmt":"2021-07-02T17:51:27","guid":{"rendered":"https:\/\/sachviet.eu\/shop\/hoi-tho-nuoi-duong-hoi-tho-tri-lieu\/"},"modified":"2021-07-15T17:13:41","modified_gmt":"2021-07-15T14:13:41","slug":"hoi-tho-nuoi-duong-hoi-tho-tri-lieu","status":"publish","type":"product","link":"https:\/\/sachviet.eu\/en\/shop\/hoi-tho-nuoi-duong-hoi-tho-tri-lieu\/","title":{"rendered":"H\u01a1i Th\u1edf Nu\u00f4i D\u01b0\u1ee1ng &#8211; H\u01a1i Th\u1edf Tr\u1ecb Li\u1ec7u"},"content":{"rendered":"<p>Kinh Qu\u00e1n Ni\u1ec7m H\u01a1i Th\u1edf l\u00e0 m\u1ed9t kinh thi\u1ec1n t\u1eadp c\u0103n b\u1ea3n c\u1ee7a \u0111\u1ea1o B\u1ee5t. \u0110\u00f3 l\u00e0 m\u1ed9t b\u1ea3n \u0111\u1ed3 tu t\u1eadp m\u1ea7u nhi\u1ec7m m\u00e0 B\u1ee5t \u0111\u00e3 kh\u00e1m ph\u00e1 v\u00e0 c\u1ed1ng hi\u1ebfn cho ch\u00fang ta. Ng\u01b0\u1eddi n\u00e0o c\u00f3 \u0111\u01b0\u1ee3c b\u1ea3n \u0111\u1ed3 n\u00e0y tr\u00ean tay, ch\u1eafc ch\u1eafn s\u1ebd kh\u00f4ng b\u1ecb l\u1ea1c \u0111\u01b0\u1eddng. Nh\u1eefng ch\u1ec9 d\u1eabn c\u1ee7a kinh Qu\u00e1n Ni\u1ec7m H\u01a1i Th\u1edf \u0111\u01b0\u1ee3c tr\u00ecnh b\u00e0y trong cu\u1ed1n s\u00e1ch n\u00e0y r\u1ea5t \u0111\u01a1n gi\u1ea3n, r\u00f5 r\u00e0ng, d\u1ec5 hi\u1ec3u v\u00e0 thi\u1ebft th\u1ef1c. \u0110\u00f3 l\u00e0 c\u1ea3 m\u1ed9t kho t\u00e0ng tu\u1ec7 gi\u00e1c h\u1ebft s\u1ee9c th\u00e2m s\u00e2u. Ti\u1ebfp x\u00fac \u0111\u01b0\u1ee3c v\u1edbi ngu\u1ed3n tu\u1ec7 gi\u00e1c \u1ea5y th\u00ec t\u1ea5t c\u1ea3 nh\u1eefng n\u1ed7i kh\u1ed5 ni\u1ec1m \u0111au trong ta \u0111\u1ec1u tan bi\u1ebfn, h\u1ea1nh ph\u00fac v\u00e0 t\u1ef1 do li\u1ec1n c\u00f3 m\u1eb7t.<\/p>\n<p>M\u1eddi c\u00e1c b\u1ea1n h\u00e3y c\u00f9ng l\u00ean \u0111\u01b0\u1eddng cho m\u1ed9t cu\u1ed9c tr\u1edf v\u1ec1. Tr\u1edf v\u1ec1 v\u1edbi h\u01a1i th\u1edf \u00fd th\u1ee9c \u0111\u1ec3 ti\u1ebfp x\u00fac v\u1edbi s\u1ef1 s\u1ed1ng m\u1ea7u nhi\u1ec7m trong ta v\u00e0 quanh ta. H\u00e3y \u0111\u1ec3 cho th\u00e2n t\u00e2m ta \u0111\u01b0\u1ee3c ch\u1eefa tr\u1ecb, cho nh\u1eefng t\u1ebf b\u00e0o c\u1ee7a c\u01a1 th\u1ec3 ta \u0111\u01b0\u1ee3c nu\u00f4i d\u01b0\u1ee1ng v\u00e0 ch\u0103m s\u00f3c b\u1eb1ng ch\u00ednh kh\u1ea3 n\u0103ng ph\u1ee5c h\u1ed3i v\u00e0 tr\u1ecb li\u1ec7u c\u1ee7a t\u1ef1 th\u00e2n.<\/p>\n<p>(L\u00e0ng Mai)<\/p>\n","protected":false},"excerpt":{"rendered":"<p>Kinh Qu\u00e1n Ni\u1ec7m H\u01a1i Th\u1edf l\u00e0 m\u1ed9t kinh thi\u1ec1n t\u1eadp c\u0103n b\u1ea3n c\u1ee7a \u0111\u1ea1o B\u1ee5t. \u0110\u00f3 l\u00e0 m\u1ed9t b\u1ea3n \u0111\u1ed3 tu t\u1eadp m\u1ea7u nhi\u1ec7m m\u00e0 B\u1ee5t \u0111\u00e3 kh\u00e1m ph\u00e1 v\u00e0 c\u1ed1ng hi\u1ebfn cho ch\u00fang ta. Ng\u01b0\u1eddi n\u00e0o c\u00f3 \u0111\u01b0\u1ee3c b\u1ea3n \u0111\u1ed3 n\u00e0y tr\u00ean tay, ch\u1eafc ch\u1eafn s\u1ebd kh\u00f4ng b\u1ecb l\u1ea1c \u0111\u01b0\u1eddng. Nh\u1eefng ch\u1ec9 d\u1eabn c\u1ee7a kinh Qu\u00e1n Ni\u1ec7m H\u01a1i Th\u1edf \u0111\u01b0\u1ee3c tr\u00ecnh b\u00e0y trong cu\u1ed1n s\u00e1ch n\u00e0y r\u1ea5t \u0111\u01a1n gi\u1ea3n, r\u00f5 r\u00e0ng, d\u1ec5 hi\u1ec3u v\u00e0 thi\u1ebft th\u1ef1c. \u0110\u00f3 l\u00e0 c\u1ea3 m\u1ed9t kho t\u00e0ng tu\u1ec7 gi\u00e1c h\u1ebft s\u1ee9c th\u00e2m s\u00e2u. Ti\u1ebfp x\u00fac \u0111\u01b0\u1ee3c v\u1edbi ngu\u1ed3n tu\u1ec7 gi\u00e1c \u1ea5y th\u00ec t\u1ea5t c\u1ea3 nh\u1eefng n\u1ed7i kh\u1ed5 ni\u1ec1m \u0111au trong ta \u0111\u1ec1u tan bi\u1ebfn, h\u1ea1nh ph\u00fac v\u00e0 t\u1ef1 do li\u1ec1n c\u00f3 m\u1eb7t.<\/p>\n<p>M\u1eddi c\u00e1c b\u1ea1n h\u00e3y c\u00f9ng l\u00ean \u0111\u01b0\u1eddng cho m\u1ed9t cu\u1ed9c tr\u1edf v\u1ec1. Tr\u1edf v\u1ec1 v\u1edbi h\u01a1i th\u1edf \u00fd th\u1ee9c \u0111\u1ec3 ti\u1ebfp x\u00fac v\u1edbi s\u1ef1 s\u1ed1ng m\u1ea7u nhi\u1ec7m trong ta v\u00e0 quanh ta. H\u00e3y \u0111\u1ec3 cho th\u00e2n t\u00e2m ta \u0111\u01b0\u1ee3c ch\u1eefa tr\u1ecb, cho nh\u1eefng t\u1ebf b\u00e0o c\u1ee7a c\u01a1 th\u1ec3 ta \u0111\u01b0\u1ee3c nu\u00f4i d\u01b0\u1ee1ng v\u00e0 ch\u0103m s\u00f3c b\u1eb1ng ch\u00ednh kh\u1ea3 n\u0103ng ph\u1ee5c h\u1ed3i v\u00e0 tr\u1ecb li\u1ec7u c\u1ee7a t\u1ef1 th\u00e2n.<\/p>\n<p>(L\u00e0ng Mai)<\/p>\n","protected":false},"featured_media":13675,"template":"","meta":{"_acf_changed":false},"product_brand":[],"product_cat":[15,76],"product_tag":[],"class_list":{"0":"post-13676","1":"product","2":"type-product","3":"status-publish","4":"has-post-thumbnail","6":"product_cat-sach-danh-cho-nguoi-lon","7":"product_cat-ton-giao-tam-linh","9":"first","10":"outofstock","11":"taxable","12":"shipping-taxable","13":"purchasable","14":"product-type-simple"},"supplier_id":null,"supplier_sku":"","barcode":null,"atum_controlled":true,"out_stock_date":"2021-07-15 14:13:41","out_stock_threshold":null,"inheritable":false,"inbound_stock":0,"stock_on_hold":0,"sold_today":0,"sales_last_days":0,"reserved_stock":0,"customer_returns":0,"warehouse_damage":0,"lost_in_post":0,"other_logs":0,"out_stock_days":1658,"lost_sales":0,"has_location":false,"update_date":"2026-01-28T23:10:53","atum_locations":[],"atum_stock_status":"outofstock","restock_status":false,"low_stock_amount":"","sales_update_date":"2026-01-28T23:10:53","calc_backorders":null,"acf":{"publisher":{"ID":10224,"post_author":"1","post_date":"2021-06-02 18:46:58","post_date_gmt":"2021-06-02 15:46:58","post_content":"","post_title":"Ph\u01b0\u01a1ng Nam","post_excerpt":"","post_status":"publish","comment_status":"closed","ping_status":"closed","post_password":"","post_name":"phuong-nam","to_ping":"","pinged":"","post_modified":"2021-06-02 18:46:58","post_modified_gmt":"2021-06-02 15:46:58","post_content_filtered":"","post_parent":0,"guid":"https:\/\/sachviet.eu\/nha-phat-hanh\/phuong-nam\/","menu_order":0,"post_type":"publisher","post_mime_type":"","comment_count":"0","filter":"raw"}},"_links":{"self":[{"href":"https:\/\/sachviet.eu\/en\/wp-json\/wp\/v2\/product\/13676","targetHints":{"allow":["GET"]}}],"collection":[{"href":"https:\/\/sachviet.eu\/en\/wp-json\/wp\/v2\/product"}],"about":[{"href":"https:\/\/sachviet.eu\/en\/wp-json\/wp\/v2\/types\/product"}],"wp:featuredmedia":[{"embeddable":true,"href":"https:\/\/sachviet.eu\/en\/wp-json\/wp\/v2\/media\/13675"}],"wp:attachment":[{"href":"https:\/\/sachviet.eu\/en\/wp-json\/wp\/v2\/media?parent=13676"}],"wp:term":[{"taxonomy":"product_brand","embeddable":true,"href":"https:\/\/sachviet.eu\/en\/wp-json\/wp\/v2\/product_brand?post=13676"},{"taxonomy":"product_cat","embeddable":true,"href":"https:\/\/sachviet.eu\/en\/wp-json\/wp\/v2\/product_cat?post=13676"},{"taxonomy":"product_tag","embeddable":true,"href":"https:\/\/sachviet.eu\/en\/wp-json\/wp\/v2\/product_tag?post=13676"}],"curies":[{"name":"wp","href":"https:\/\/api.w.org\/{rel}","templated":true}]}}