{"id":13674,"date":"2021-07-02T20:51:22","date_gmt":"2021-07-02T17:51:22","guid":{"rendered":"https:\/\/sachviet.eu\/shop\/phep-la-cua-su-tinh-thuc\/"},"modified":"2021-09-02T22:42:58","modified_gmt":"2021-09-02T19:42:58","slug":"phep-la-cua-su-tinh-thuc","status":"publish","type":"product","link":"https:\/\/sachviet.eu\/en\/shop\/phep-la-cua-su-tinh-thuc\/","title":{"rendered":"Ph\u00e9p L\u1ea1 C\u1ee7a S\u1ef1 T\u1ec9nh Th\u1ee9c"},"content":{"rendered":"<p>Ph\u00e9p L\u1ea1 C\u1ee7a S\u1ef1 T\u1ec9nh Th\u1ee9c<br \/>\nL\u00e0 nh\u1eefng ph\u01b0\u01a1ng ph\u00e1p nhi\u1ec7m m\u00e0u th\u1ef1c t\u1eadp thi\u1ec1n qu\u00e1n trong \u0111\u1eddi s\u1ed1ng h\u00e0ng ng\u00e0y. Qua t\u1eadp s\u00e1ch n\u00e0y, th\u1ea7y Th\u00edch Nh\u1ea5t H\u1ea1nh mong mu\u1ed1n ch\u00fang ta c\u1ea3m nh\u1eadn \u0111\u01b0\u1ee3c h\u1ea1nh ph\u00fac trong t\u1eebng gi\u00e2y ph\u00fat hi\u1ec7n t\u1ea1i, trong t\u1eebng c\u00f4ng vi\u1ec7c hi\u1ec7n t\u1ea1i, to\u00e0n t\u00e2m to\u00e1n \u00fd m\u00e0 s\u1ed1ng. T\u1eeb m\u1ed9t b\u00e1c s\u0129, m\u1ed9t ng\u01b0\u1eddi c\u00f4ng nh\u00e2n, m\u1ed9t th\u1ee3 may, m\u1ed9t ng\u01b0\u1eddi th\u1ee3 ti\u1ec7n, m\u1ed9t b\u00e0 n\u1ed9i tr\u1ee3 \u0111\u1ebfn m\u1ed9t k\u1ef9 s\u01b0\u2026. T\u1ea5t c\u1ea3 nh\u1eefng c\u00f4ng vi\u1ec7c th\u01b0\u1eddng nh\u1eadt \u0111\u00f3 b\u1ed7ng tr\u1edf n\u00ean ph\u00e9p l\u1ea1 khi th\u1eafp n\u00ean \u00e1nh s\u00e1ng ch\u00e1nh ni\u1ec7m.<\/p>\n<p>S\u00e1ch \u0111\u00e3 d\u1ecbch ra g\u1ea7n 30 th\u1ee9 ti\u1ebfng tr\u00ean th\u1ebf gi\u1edbi, \u0111\u01b0\u1ee3c m\u1ecdi \u0111\u1ed9c gi\u1ea3, m\u1ecdi th\u00e0nh ph\u1ea7n trong x\u00e3 h\u1ed9i nhi\u1ec7t li\u1ec7t hoan ngh\u00eanh. C\u00f3 th\u1ec3 th\u1ea5y r\u1eb1ng \u0111\u00e2y kh\u00f4ng ch\u1ec9 l\u00e0 m\u1ed9t cu\u1ed1n s\u00e1ch m\u00e0 l\u00e0 nh\u1eefng chia s\u1ebb kinh nghi\u1ec7m n\u1ebfp s\u1ed1ng ch\u00e1nh ni\u1ec7m trong \u0111\u1eddi s\u1ed1ng h\u00e0ng ng\u00e0y, l\u00e0 b\u00e0i h\u1ecdc c\u0103n b\u1ea3n th\u1ef1c t\u1eadp thi\u1ec1n qu\u00e1n c\u1ee7a Thi\u1ec1n s\u01b0 Th\u00edch Nh\u1ea5t H\u1ea1nh.<\/p>\n","protected":false},"excerpt":{"rendered":"<p>Ph\u00e9p L\u1ea1 C\u1ee7a S\u1ef1 T\u1ec9nh Th\u1ee9c<br \/>\nL\u00e0 nh\u1eefng ph\u01b0\u01a1ng ph\u00e1p nhi\u1ec7m m\u00e0u th\u1ef1c t\u1eadp thi\u1ec1n qu\u00e1n trong \u0111\u1eddi s\u1ed1ng h\u00e0ng ng\u00e0y. Qua t\u1eadp s\u00e1ch n\u00e0y, th\u1ea7y Th\u00edch Nh\u1ea5t H\u1ea1nh mong mu\u1ed1n ch\u00fang ta c\u1ea3m nh\u1eadn \u0111\u01b0\u1ee3c h\u1ea1nh ph\u00fac trong t\u1eebng gi\u00e2y ph\u00fat hi\u1ec7n t\u1ea1i, trong t\u1eebng c\u00f4ng vi\u1ec7c hi\u1ec7n t\u1ea1i, to\u00e0n t\u00e2m to\u00e1n \u00fd m\u00e0 s\u1ed1ng. T\u1eeb m\u1ed9t b\u00e1c s\u0129, m\u1ed9t ng\u01b0\u1eddi c\u00f4ng nh\u00e2n, m\u1ed9t th\u1ee3 may, m\u1ed9t ng\u01b0\u1eddi th\u1ee3 ti\u1ec7n, m\u1ed9t b\u00e0 n\u1ed9i tr\u1ee3 \u0111\u1ebfn m\u1ed9t k\u1ef9 s\u01b0\u2026. T\u1ea5t c\u1ea3 nh\u1eefng c\u00f4ng vi\u1ec7c th\u01b0\u1eddng nh\u1eadt \u0111\u00f3 b\u1ed7ng tr\u1edf n\u00ean ph\u00e9p l\u1ea1 khi th\u1eafp n\u00ean \u00e1nh s\u00e1ng ch\u00e1nh ni\u1ec7m.<\/p>\n<p>S\u00e1ch \u0111\u00e3 d\u1ecbch ra g\u1ea7n 30 th\u1ee9 ti\u1ebfng tr\u00ean th\u1ebf gi\u1edbi, \u0111\u01b0\u1ee3c m\u1ecdi \u0111\u1ed9c gi\u1ea3, m\u1ecdi th\u00e0nh ph\u1ea7n trong x\u00e3 h\u1ed9i nhi\u1ec7t li\u1ec7t hoan ngh\u00eanh. C\u00f3 th\u1ec3 th\u1ea5y r\u1eb1ng \u0111\u00e2y kh\u00f4ng ch\u1ec9 l\u00e0 m\u1ed9t cu\u1ed1n s\u00e1ch m\u00e0 l\u00e0 nh\u1eefng chia s\u1ebb kinh nghi\u1ec7m n\u1ebfp s\u1ed1ng ch\u00e1nh ni\u1ec7m trong \u0111\u1eddi s\u1ed1ng h\u00e0ng ng\u00e0y, l\u00e0 b\u00e0i h\u1ecdc c\u0103n b\u1ea3n th\u1ef1c t\u1eadp thi\u1ec1n qu\u00e1n c\u1ee7a Thi\u1ec1n s\u01b0 Th\u00edch Nh\u1ea5t H\u1ea1nh.<\/p>\n","protected":false},"featured_media":13673,"template":"","meta":{"_acf_changed":false},"product_brand":[],"product_cat":[15,76],"product_tag":[],"class_list":{"0":"post-13674","1":"product","2":"type-product","3":"status-publish","4":"has-post-thumbnail","6":"product_cat-sach-danh-cho-nguoi-lon","7":"product_cat-ton-giao-tam-linh","9":"first","10":"outofstock","11":"taxable","12":"shipping-taxable","13":"purchasable","14":"product-type-simple"},"supplier_id":null,"supplier_sku":"","barcode":null,"atum_controlled":true,"out_stock_date":"2021-09-02 19:42:58","out_stock_threshold":null,"inheritable":false,"inbound_stock":0,"stock_on_hold":0,"sold_today":0,"sales_last_days":0,"reserved_stock":0,"customer_returns":0,"warehouse_damage":0,"lost_in_post":0,"other_logs":0,"out_stock_days":1609,"lost_sales":0,"has_location":false,"update_date":"2026-01-28T23:10:53","atum_locations":[],"atum_stock_status":"outofstock","restock_status":false,"low_stock_amount":"","sales_update_date":"2026-01-28T23:10:53","calc_backorders":null,"acf":{"publisher":{"ID":10224,"post_author":"1","post_date":"2021-06-02 18:46:58","post_date_gmt":"2021-06-02 15:46:58","post_content":"","post_title":"Ph\u01b0\u01a1ng Nam","post_excerpt":"","post_status":"publish","comment_status":"closed","ping_status":"closed","post_password":"","post_name":"phuong-nam","to_ping":"","pinged":"","post_modified":"2021-06-02 18:46:58","post_modified_gmt":"2021-06-02 15:46:58","post_content_filtered":"","post_parent":0,"guid":"https:\/\/sachviet.eu\/nha-phat-hanh\/phuong-nam\/","menu_order":0,"post_type":"publisher","post_mime_type":"","comment_count":"0","filter":"raw"}},"_links":{"self":[{"href":"https:\/\/sachviet.eu\/en\/wp-json\/wp\/v2\/product\/13674","targetHints":{"allow":["GET"]}}],"collection":[{"href":"https:\/\/sachviet.eu\/en\/wp-json\/wp\/v2\/product"}],"about":[{"href":"https:\/\/sachviet.eu\/en\/wp-json\/wp\/v2\/types\/product"}],"wp:featuredmedia":[{"embeddable":true,"href":"https:\/\/sachviet.eu\/en\/wp-json\/wp\/v2\/media\/13673"}],"wp:attachment":[{"href":"https:\/\/sachviet.eu\/en\/wp-json\/wp\/v2\/media?parent=13674"}],"wp:term":[{"taxonomy":"product_brand","embeddable":true,"href":"https:\/\/sachviet.eu\/en\/wp-json\/wp\/v2\/product_brand?post=13674"},{"taxonomy":"product_cat","embeddable":true,"href":"https:\/\/sachviet.eu\/en\/wp-json\/wp\/v2\/product_cat?post=13674"},{"taxonomy":"product_tag","embeddable":true,"href":"https:\/\/sachviet.eu\/en\/wp-json\/wp\/v2\/product_tag?post=13674"}],"curies":[{"name":"wp","href":"https:\/\/api.w.org\/{rel}","templated":true}]}}