{"id":13672,"date":"2021-07-02T20:51:17","date_gmt":"2021-07-02T17:51:17","guid":{"rendered":"https:\/\/sachviet.eu\/shop\/thuong-yeu-theo-phuong-phap-but-day\/"},"modified":"2021-09-04T01:18:46","modified_gmt":"2021-09-03T22:18:46","slug":"thuong-yeu-theo-phuong-phap-but-day","status":"publish","type":"product","link":"https:\/\/sachviet.eu\/en\/shop\/thuong-yeu-theo-phuong-phap-but-day\/","title":{"rendered":"Th\u01b0\u01a1ng Y\u00eau Theo Ph\u01b0\u01a1ng Ph\u00e1p B\u1ee5t D\u1ea1y"},"content":{"rendered":"<p>Th\u01b0\u01a1ng Y\u00eau Theo Ph\u01b0\u01a1ng Ph\u00e1t B\u1ee5t D\u1ea1y<\/p>\n<p>Th\u01b0\u01a1ng y\u00eau theo ph\u01b0\u01a1ng ph\u00e1p B\u1ee5t d\u1ea1y: Th\u00f4ng th\u01b0\u1eddng khi n\u00f3i \u0111\u1ebfn th\u01b0\u01a1ng y\u00eau, ta hay ngh\u0129 r\u1eb1ng \u0111\u1ed1i t\u01b0\u1ee3ng th\u01b0\u01a1ng y\u00eau l\u00e0 m\u1ed9t ng\u01b0\u1eddi kh\u00e1c. T\u1eeb nh\u1ecf ch\u00fang ta c\u0169ng \u0111\u01b0\u1ee3c d\u1ea1y r\u1eb1ng ph\u1ea3i y\u00eau th\u01b0\u01a1ng ng\u01b0\u1eddi kh\u00e1c, th\u1eadm ch\u00ed \u0111\u1ebfn qu\u00ean m\u00ecnh, \u0111\u00f3 \u0111\u01b0\u1ee3c ca ng\u1ee3i l\u00e0 \u0111\u1ee9c hy sinh. Nh\u01b0ng B\u1ee5t d\u1ea1y r\u1eb1ng \u0111\u1ed1i t\u01b0\u1ee3ng th\u01b0\u01a1ng y\u00eau \u0111\u1ea7u ti\u00ean ph\u1ea3i l\u00e0 ch\u00ednh b\u1ea3n th\u00e2n m\u00ecnh. N\u1ebfu kh\u00f4ng th\u01b0\u01a1ng y\u00eau \u0111\u01b0\u1ee3c b\u1ea3n th\u00e2n th\u00ec ta kh\u00f4ng th\u1ec3 th\u01b0\u01a1ng y\u00eau \u0111\u01b0\u1ee3c b\u1ea5t c\u1ee9 ai kh\u00e1c.<\/p>\n<p>Th\u01b0\u01a1ng y\u00eau \u1edf trong \u0111\u1ea1o Ph\u1eadt l\u00e0 m\u1ed9t s\u1ef1 th\u1ef1c t\u1eadp ch\u1ee9 kh\u00f4ng ph\u1ea3i l\u00e0 s\u1ef1 h\u01b0\u1edfng th\u1ee5 m\u00e0 th\u00f4i. Tu t\u1eadp nh\u01b0 v\u1eady th\u00ec c\u00e0ng ng\u00e0y m\u00ecnh c\u00e0ng h\u1ea1nh ph\u00fac v\u00e0 ng\u01b0\u1eddi y\u00eau c\u1ee7a m\u00ecnh c\u00e0ng ng\u00e0y c\u00e0ng h\u1ea1nh ph\u00fac.S\u00e1ch \u0111\u01b0\u1ee3c chia th\u00e0nh n\u0103m ph\u1ea7n. Ph\u1ea7n \u0111\u1ea7u ti\u00ean ch\u1ec9 ra cho ch\u00fang ta th\u1ea5y y\u00eau th\u01b0\u01a1ng l\u00e0 c\u1ed9i ngu\u1ed3n c\u1ee7a h\u1ea1nh ph\u00fac. C\u00e1c ch\u01b0\u01a1ng sau l\u00e0 c\u00e1i b\u00e0i th\u1ef1c t\u1eadp, t\u1eeb trong t\u00e2m, gieo tr\u1ed3ng v\u00e0 nu\u00f4i d\u01b0\u1ee1ng th\u01b0\u01a1ng y\u00eau \u0111\u1ec3 mang l\u1ea1i h\u1ea1nh ph\u00fac cho ch\u00ednh m\u00ecnh v\u00e0 ng\u01b0\u1eddi kh\u00e1c.<\/p>\n","protected":false},"excerpt":{"rendered":"<p>Th\u01b0\u01a1ng Y\u00eau Theo Ph\u01b0\u01a1ng Ph\u00e1t B\u1ee5t D\u1ea1y<\/p>\n<p>Th\u01b0\u01a1ng y\u00eau theo ph\u01b0\u01a1ng ph\u00e1p B\u1ee5t d\u1ea1y: Th\u00f4ng th\u01b0\u1eddng khi n\u00f3i \u0111\u1ebfn th\u01b0\u01a1ng y\u00eau, ta hay ngh\u0129 r\u1eb1ng \u0111\u1ed1i t\u01b0\u1ee3ng th\u01b0\u01a1ng y\u00eau l\u00e0 m\u1ed9t ng\u01b0\u1eddi kh\u00e1c. T\u1eeb nh\u1ecf ch\u00fang ta c\u0169ng \u0111\u01b0\u1ee3c d\u1ea1y r\u1eb1ng ph\u1ea3i y\u00eau th\u01b0\u01a1ng ng\u01b0\u1eddi kh\u00e1c, th\u1eadm ch\u00ed \u0111\u1ebfn qu\u00ean m\u00ecnh, \u0111\u00f3 \u0111\u01b0\u1ee3c ca ng\u1ee3i l\u00e0 \u0111\u1ee9c hy sinh. Nh\u01b0ng B\u1ee5t d\u1ea1y r\u1eb1ng \u0111\u1ed1i t\u01b0\u1ee3ng th\u01b0\u01a1ng y\u00eau \u0111\u1ea7u ti\u00ean ph\u1ea3i l\u00e0 ch\u00ednh b\u1ea3n th\u00e2n m\u00ecnh. N\u1ebfu kh\u00f4ng th\u01b0\u01a1ng y\u00eau \u0111\u01b0\u1ee3c b\u1ea3n th\u00e2n th\u00ec ta kh\u00f4ng th\u1ec3 th\u01b0\u01a1ng y\u00eau \u0111\u01b0\u1ee3c b\u1ea5t c\u1ee9 ai kh\u00e1c.<\/p>\n<p>Th\u01b0\u01a1ng y\u00eau \u1edf trong \u0111\u1ea1o Ph\u1eadt l\u00e0 m\u1ed9t s\u1ef1 th\u1ef1c t\u1eadp ch\u1ee9 kh\u00f4ng ph\u1ea3i l\u00e0 s\u1ef1 h\u01b0\u1edfng th\u1ee5 m\u00e0 th\u00f4i. Tu t\u1eadp nh\u01b0 v\u1eady th\u00ec c\u00e0ng ng\u00e0y m\u00ecnh c\u00e0ng h\u1ea1nh ph\u00fac v\u00e0 ng\u01b0\u1eddi y\u00eau c\u1ee7a m\u00ecnh c\u00e0ng ng\u00e0y c\u00e0ng h\u1ea1nh ph\u00fac.S\u00e1ch \u0111\u01b0\u1ee3c chia th\u00e0nh n\u0103m ph\u1ea7n. Ph\u1ea7n \u0111\u1ea7u ti\u00ean ch\u1ec9 ra cho ch\u00fang ta th\u1ea5y y\u00eau th\u01b0\u01a1ng l\u00e0 c\u1ed9i ngu\u1ed3n c\u1ee7a h\u1ea1nh ph\u00fac. C\u00e1c ch\u01b0\u01a1ng sau l\u00e0 c\u00e1i b\u00e0i th\u1ef1c t\u1eadp, t\u1eeb trong t\u00e2m, gieo tr\u1ed3ng v\u00e0 nu\u00f4i d\u01b0\u1ee1ng th\u01b0\u01a1ng y\u00eau \u0111\u1ec3 mang l\u1ea1i h\u1ea1nh ph\u00fac cho ch\u00ednh m\u00ecnh v\u00e0 ng\u01b0\u1eddi kh\u00e1c.<\/p>\n","protected":false},"featured_media":13669,"template":"","meta":{"_acf_changed":false},"product_brand":[],"product_cat":[15,76],"product_tag":[],"class_list":{"0":"post-13672","1":"product","2":"type-product","3":"status-publish","4":"has-post-thumbnail","6":"product_cat-sach-danh-cho-nguoi-lon","7":"product_cat-ton-giao-tam-linh","9":"first","10":"outofstock","11":"taxable","12":"shipping-taxable","13":"purchasable","14":"product-type-simple"},"supplier_id":null,"supplier_sku":"","barcode":null,"atum_controlled":true,"out_stock_date":"2021-09-03 22:18:46","out_stock_threshold":null,"inheritable":false,"inbound_stock":0,"stock_on_hold":0,"sold_today":0,"sales_last_days":0,"reserved_stock":0,"customer_returns":0,"warehouse_damage":0,"lost_in_post":0,"other_logs":0,"out_stock_days":1608,"lost_sales":0,"has_location":false,"update_date":"2026-01-28T23:10:53","atum_locations":[],"atum_stock_status":"outofstock","restock_status":false,"low_stock_amount":"","sales_update_date":"2026-01-28T23:10:53","calc_backorders":null,"acf":{"publisher":{"ID":10224,"post_author":"1","post_date":"2021-06-02 18:46:58","post_date_gmt":"2021-06-02 15:46:58","post_content":"","post_title":"Ph\u01b0\u01a1ng Nam","post_excerpt":"","post_status":"publish","comment_status":"closed","ping_status":"closed","post_password":"","post_name":"phuong-nam","to_ping":"","pinged":"","post_modified":"2021-06-02 18:46:58","post_modified_gmt":"2021-06-02 15:46:58","post_content_filtered":"","post_parent":0,"guid":"https:\/\/sachviet.eu\/nha-phat-hanh\/phuong-nam\/","menu_order":0,"post_type":"publisher","post_mime_type":"","comment_count":"0","filter":"raw"}},"_links":{"self":[{"href":"https:\/\/sachviet.eu\/en\/wp-json\/wp\/v2\/product\/13672","targetHints":{"allow":["GET"]}}],"collection":[{"href":"https:\/\/sachviet.eu\/en\/wp-json\/wp\/v2\/product"}],"about":[{"href":"https:\/\/sachviet.eu\/en\/wp-json\/wp\/v2\/types\/product"}],"wp:featuredmedia":[{"embeddable":true,"href":"https:\/\/sachviet.eu\/en\/wp-json\/wp\/v2\/media\/13669"}],"wp:attachment":[{"href":"https:\/\/sachviet.eu\/en\/wp-json\/wp\/v2\/media?parent=13672"}],"wp:term":[{"taxonomy":"product_brand","embeddable":true,"href":"https:\/\/sachviet.eu\/en\/wp-json\/wp\/v2\/product_brand?post=13672"},{"taxonomy":"product_cat","embeddable":true,"href":"https:\/\/sachviet.eu\/en\/wp-json\/wp\/v2\/product_cat?post=13672"},{"taxonomy":"product_tag","embeddable":true,"href":"https:\/\/sachviet.eu\/en\/wp-json\/wp\/v2\/product_tag?post=13672"}],"curies":[{"name":"wp","href":"https:\/\/api.w.org\/{rel}","templated":true}]}}