{"id":13668,"date":"2021-07-02T20:51:09","date_gmt":"2021-07-02T17:51:09","guid":{"rendered":"https:\/\/sachviet.eu\/shop\/trai-tim-cua-truc-lam-dai-si\/"},"modified":"2022-06-20T00:35:11","modified_gmt":"2022-06-19T21:35:11","slug":"trai-tim-cua-truc-lam-dai-si","status":"publish","type":"product","link":"https:\/\/sachviet.eu\/en\/shop\/trai-tim-cua-truc-lam-dai-si\/","title":{"rendered":"Tr\u00e1i Tim C\u1ee7a Tr\u00fac L\u00e2m \u0110\u1ea1i S\u0129"},"content":{"rendered":"<p>Tr\u00e1i tim c\u1ee7a Tr\u00fac L\u00e2m \u0111\u1ea1i s\u0129 &#8216; ch\u00ednh l\u00e0 con \u0111\u01b0\u1eddng d\u1eabn ng\u01b0\u1eddi \u0111\u1ecdc \u0111\u1ebfn v\u1edbi t\u00e2m h\u1ed3n r\u1ed9ng m\u1edf bao la c\u1ee7a v\u1ecb thi\u1ec1n s\u01b0 \u0111\u00e3 s\u00e1ng l\u1eadp n\u00ean thi\u1ec1n ph\u00e1i Tr\u00fac L\u00e2m Y\u00ean T\u1eed: Tr\u00fac L\u00e2m \u0110\u1ea1i S\u0129 Tr\u1ea7n Nh\u00e2n T\u00f4ng. \u00d4ng l\u00e0 vua th\u1ee9 ba c\u1ee7a nh\u00e0 Tr\u1ea7n, hai l\u1ea7n l\u1eadp c\u00f4ng \u0111\u00e1nh qu\u00e2n Nguy\u00ean M\u00f4ng. Sau khi nh\u01b0\u1eddng ng\u00f4i cho Th\u00e1i t\u1eed m\u1ed9t th\u1eddi gian, \u00f4ng \u0111i thuy\u1ebft ph\u00e1p \u1edf kh\u1eafp n\u01a1i, r\u1ed3i l\u00ean Y\u00ean T\u1eed tu Ph\u1eadt. T\u00e1c ph\u1ea9m g\u1ed3m m\u01b0\u1eddi h\u1ed3i, tr\u00ecnh b\u00e0y ph\u01b0\u01a1ng ph\u00e1p tu t\u1eadp c\u1ee7a Thi\u1ec1n s\u01b0. Nh\u1eefng \u0111i\u1ec3n t\u00edch Ph\u1eadt gi\u00e1o kh\u00f3 hi\u1ec3u \u0111\u01b0\u1ee3c c\u1eaft ngh\u0129a r\u00f5 r\u00e0ng, \u00fd t\u1ee9 th\u00e2m tr\u1ea7m s\u00e2u xa c\u1ee7a \u0110\u1ea1i S\u0129 \u0111\u01b0\u1ee3c c\u1ea3m hi\u1ec3u qua m\u1ed9t c\u00e1i nh\u00ecn kh\u00f4ng c\u00f2n v\u01b0\u1edbng ch\u1ea5p c\u1ee7a thi\u1ec1n s\u01b0 Th\u00edch Nh\u1ea5t H\u1ea1nh. B\u01b0\u1edbc v\u00e0o t\u00e1c ph\u1ea9m l\u00e0 b\u1ea1n b\u01b0\u1edbc v\u00e0o tr\u00e1i tim m\u00ecnh, \u0111\u1ec3 bi\u1ebft s\u1ed1ng h\u1ed3n nhi\u00ean v\u1edbi con ng\u01b0\u1eddi b\u1ea3n th\u1ec3, s\u1ed1ng gi\u1eefa tr\u1ea7n m\u00e0 vui v\u1edbi \u0111\u1ea1o.<\/p>\n","protected":false},"excerpt":{"rendered":"<p>Tr\u00e1i tim c\u1ee7a Tr\u00fac L\u00e2m \u0111\u1ea1i s\u0129 &#8216; ch\u00ednh l\u00e0 con \u0111\u01b0\u1eddng d\u1eabn ng\u01b0\u1eddi \u0111\u1ecdc \u0111\u1ebfn v\u1edbi t\u00e2m h\u1ed3n r\u1ed9ng m\u1edf bao la c\u1ee7a v\u1ecb thi\u1ec1n s\u01b0 \u0111\u00e3 s\u00e1ng l\u1eadp n\u00ean thi\u1ec1n ph\u00e1i Tr\u00fac L\u00e2m Y\u00ean T\u1eed: Tr\u00fac L\u00e2m \u0110\u1ea1i S\u0129 Tr\u1ea7n Nh\u00e2n T\u00f4ng. \u00d4ng l\u00e0 vua th\u1ee9 ba c\u1ee7a nh\u00e0 Tr\u1ea7n, hai l\u1ea7n l\u1eadp c\u00f4ng \u0111\u00e1nh qu\u00e2n Nguy\u00ean M\u00f4ng. Sau khi nh\u01b0\u1eddng ng\u00f4i cho Th\u00e1i t\u1eed m\u1ed9t th\u1eddi gian, \u00f4ng \u0111i thuy\u1ebft ph\u00e1p \u1edf kh\u1eafp n\u01a1i, r\u1ed3i l\u00ean Y\u00ean T\u1eed tu Ph\u1eadt. T\u00e1c ph\u1ea9m g\u1ed3m m\u01b0\u1eddi h\u1ed3i, tr\u00ecnh b\u00e0y ph\u01b0\u01a1ng ph\u00e1p tu t\u1eadp c\u1ee7a Thi\u1ec1n s\u01b0. Nh\u1eefng \u0111i\u1ec3n t\u00edch Ph\u1eadt gi\u00e1o kh\u00f3 hi\u1ec3u \u0111\u01b0\u1ee3c c\u1eaft ngh\u0129a r\u00f5 r\u00e0ng, \u00fd t\u1ee9 th\u00e2m tr\u1ea7m s\u00e2u xa c\u1ee7a \u0110\u1ea1i S\u0129 \u0111\u01b0\u1ee3c c\u1ea3m hi\u1ec3u qua m\u1ed9t c\u00e1i nh\u00ecn kh\u00f4ng c\u00f2n v\u01b0\u1edbng ch\u1ea5p c\u1ee7a thi\u1ec1n s\u01b0 Th\u00edch Nh\u1ea5t H\u1ea1nh. B\u01b0\u1edbc v\u00e0o t\u00e1c ph\u1ea9m l\u00e0 b\u1ea1n b\u01b0\u1edbc v\u00e0o tr\u00e1i tim m\u00ecnh, \u0111\u1ec3 bi\u1ebft s\u1ed1ng h\u1ed3n nhi\u00ean v\u1edbi con ng\u01b0\u1eddi b\u1ea3n th\u1ec3, s\u1ed1ng gi\u1eefa tr\u1ea7n m\u00e0 vui v\u1edbi \u0111\u1ea1o.<\/p>\n","protected":false},"featured_media":13667,"template":"","meta":{"_acf_changed":false},"product_brand":[],"product_cat":[15,76],"product_tag":[],"class_list":{"0":"post-13668","1":"product","2":"type-product","3":"status-publish","4":"has-post-thumbnail","6":"product_cat-sach-danh-cho-nguoi-lon","7":"product_cat-ton-giao-tam-linh","9":"first","10":"outofstock","11":"taxable","12":"shipping-taxable","13":"purchasable","14":"product-type-simple"},"supplier_id":null,"supplier_sku":"","barcode":null,"atum_controlled":true,"out_stock_date":"2022-06-19 18:35:11","out_stock_threshold":null,"inheritable":false,"inbound_stock":0,"stock_on_hold":0,"sold_today":0,"sales_last_days":0,"reserved_stock":0,"customer_returns":0,"warehouse_damage":0,"lost_in_post":0,"other_logs":0,"out_stock_days":1319,"lost_sales":0,"has_location":false,"update_date":"2026-01-28T23:10:53","atum_locations":[],"atum_stock_status":"outofstock","restock_status":false,"low_stock_amount":"","sales_update_date":"2026-01-28T23:10:53","calc_backorders":null,"acf":{"publisher":{"ID":10224,"post_author":"1","post_date":"2021-06-02 18:46:58","post_date_gmt":"2021-06-02 15:46:58","post_content":"","post_title":"Ph\u01b0\u01a1ng Nam","post_excerpt":"","post_status":"publish","comment_status":"closed","ping_status":"closed","post_password":"","post_name":"phuong-nam","to_ping":"","pinged":"","post_modified":"2021-06-02 18:46:58","post_modified_gmt":"2021-06-02 15:46:58","post_content_filtered":"","post_parent":0,"guid":"https:\/\/sachviet.eu\/nha-phat-hanh\/phuong-nam\/","menu_order":0,"post_type":"publisher","post_mime_type":"","comment_count":"0","filter":"raw"}},"_links":{"self":[{"href":"https:\/\/sachviet.eu\/en\/wp-json\/wp\/v2\/product\/13668","targetHints":{"allow":["GET"]}}],"collection":[{"href":"https:\/\/sachviet.eu\/en\/wp-json\/wp\/v2\/product"}],"about":[{"href":"https:\/\/sachviet.eu\/en\/wp-json\/wp\/v2\/types\/product"}],"wp:featuredmedia":[{"embeddable":true,"href":"https:\/\/sachviet.eu\/en\/wp-json\/wp\/v2\/media\/13667"}],"wp:attachment":[{"href":"https:\/\/sachviet.eu\/en\/wp-json\/wp\/v2\/media?parent=13668"}],"wp:term":[{"taxonomy":"product_brand","embeddable":true,"href":"https:\/\/sachviet.eu\/en\/wp-json\/wp\/v2\/product_brand?post=13668"},{"taxonomy":"product_cat","embeddable":true,"href":"https:\/\/sachviet.eu\/en\/wp-json\/wp\/v2\/product_cat?post=13668"},{"taxonomy":"product_tag","embeddable":true,"href":"https:\/\/sachviet.eu\/en\/wp-json\/wp\/v2\/product_tag?post=13668"}],"curies":[{"name":"wp","href":"https:\/\/api.w.org\/{rel}","templated":true}]}}