{"id":13665,"date":"2021-07-02T20:41:21","date_gmt":"2021-07-02T17:41:21","guid":{"rendered":"https:\/\/sachviet.eu\/shop\/osho-tu-bi\/"},"modified":"2024-04-06T00:14:55","modified_gmt":"2024-04-05T21:14:55","slug":"osho-tu-bi","status":"publish","type":"product","link":"https:\/\/sachviet.eu\/en\/shop\/osho-tu-bi\/","title":{"rendered":"Osho &#8211; T\u1eeb Bi"},"content":{"rendered":"<p>T\u1eeb bi l\u00e0 m\u1ed9t th\u1ee9 t\u00ecnh th\u01b0\u01a1ng m\u00e1t l\u00e0nh, l\u00e0 s\u1ef1 chia s\u1ebb ni\u1ec1m vui c\u1ee7a b\u1ea3n th\u00e2n \u0111\u1ebfn v\u1edbi v\u1ea1n v\u1eadt. T\u1eeb bi gi\u00fap ta tr\u1edf th\u00e0nh \u0111\u00f3a hoa sen, v\u01b0\u1ee3t l\u00ean v\u0169ng b\u00f9n c\u1ee7a th\u1ebf gi\u1edbi ham mu\u1ed1n, d\u1ee5c v\u1ecdng v\u00e0 s\u1ef1 gi\u1eadn d\u1eef.<\/p>\n<p>D\u1eabn d\u1eaft ng\u01b0\u1eddi \u0111\u1ecdc qua c\u00e2u chuy\u1ec7n v\u1ec1 cu\u1ed9c \u0111\u1eddi \u0110\u1ee9c Ph\u1eadt, Ch\u00faa Jesus v\u00e0 nh\u1eefng hi\u1ec3u bi\u1ebft v\u1ec1 Thi\u1ec1n \u0111\u1ea1o, Osho \u0111\u1eb7t ra th\u00e1ch th\u1ee9c cho c\u00e1c gi\u1ea3 \u0111\u1ecbnh v\u1ec1 t\u1eeb bi l\u00e0 g\u00ec v\u00e0 g\u1ea1t b\u1ecf nh\u1eefng sai l\u1ea7m, \u0111\u1ecbnh ki\u1ebfn, kh\u00e1m ph\u00e1 \u00fd ngh\u0129a th\u1ef1c s\u1ef1 \u1ea9n sau \u0111\u00f3.<\/p>\n<p>\u201cT\u1eeb bi kh\u00f4ng ph\u1ea3i l\u00e0 c\u00e1i m\u00e0 ch\u00fang ta v\u1eabn g\u1ecdi l\u00e0 t\u00ecnh y\u00eau. N\u00f3 mang y\u1ebfu t\u1ed1 c\u1ed1t l\u00f5i c\u1ee7a t\u00ecnh y\u00eau nh\u01b0ng l\u1ea1i kh\u00f4ng ph\u1ea3i l\u00e0 t\u00ecnh y\u00eau nh\u01b0 ch\u00fang ta v\u1eabn bi\u1ebft\u201d, Osho vi\u1ebft.<\/p>\n<p>Theo Osho, l\u00f2ng t\u1eeb bi \u0111\u00edch th\u1ef1c kh\u00f4ng ch\u1ec9 \u0111\u1ebfn t\u1eeb hi\u1ec3u bi\u1ebft v\u00e0 t\u00f4n tr\u1ecdng ng\u01b0\u1eddi \u0111\u1ed1i di\u1ec7n, m\u00e0 ph\u1ea3i b\u1eaft \u0111\u1ea7u t\u1eeb b\u00ean trong &#8211; ch\u00fang ta c\u1ea7n th\u1ef1c s\u1ef1 ch\u1ea5p nh\u1eadn v\u00e0 y\u00eau th\u01b0\u01a1ng b\u1ea3n th\u00e2n m\u00ecnh m\u1ed9t c\u00e1ch s\u00e2u s\u1eafc. Ch\u1ec9 nh\u01b0 v\u1eady, l\u00f2ng t\u1eeb bi m\u1edbi gi\u00fap ta ch\u1ea5p nh\u1eadn ng\u01b0\u1eddi kh\u00e1c m\u1ed9t c\u00e1ch v\u00f4 \u0111i\u1ec1u ki\u1ec7n, gi\u00fap ch\u00fang ta nh\u00ecn nh\u1eadn ch\u00e2n gi\u00e1 tr\u1ecb c\u1ee7a m\u1ed7i con ng\u01b0\u1eddi. Khi \u0111\u00f3, t\u1eeb bi gi\u00fap ta k\u1ebft n\u1ed1i \u0111\u01b0\u1ee3c c\u00e1i s\u00e2u l\u1eafng nh\u1ea5t b\u00ean trong ng\u01b0\u1eddi \u0111\u1ed1i di\u1ec7n &#8211; ch\u00ednh l\u00e0 t\u00e2m h\u1ed3n c\u1ee7a h\u1ecd. Khi hai t\u00e2m h\u1ed3n c\u00f3 th\u1ec3 k\u1ebft n\u1ed1i, m\u1ed9t d\u1ea1ng th\u1ee9c cao nh\u1ea5t c\u1ee7a t\u00ecnh th\u01b0\u01a1ng s\u1ebd n\u1ea3y sinh: t\u1eeb bi.<\/p>\n<p>V\u1eady, l\u00e0m th\u1ebf n\u00e0o \u0111\u1ec3 c\u00f3 \u0111\u01b0\u1ee3c s\u1ef1 t\u1eeb bi? Trong cu\u1ed1n s\u00e1ch n\u00e0y, Osho nh\u1ea5n m\u1ea1nh vai tr\u00f2 c\u1ee7a thi\u1ec1n. \u00d4ng vi\u1ebft: \u201cN\u1ebfu kh\u00f4ng c\u00f3 thi\u1ec1n, ngu\u1ed3n n\u0103ng l\u01b0\u1ee3ng trong b\u1ea1n ch\u1ec9 t\u1ed3n t\u1ea1i d\u01b0\u1edbi d\u1ea1ng th\u1ee9c \u0111am m\u00ea; nh\u01b0ng n\u1ebfu c\u00f3 thi\u1ec1n, n\u00f3 s\u1ebd chuy\u1ec3n h\u00f3a th\u00e0nh l\u00f2ng t\u1eeb bi\u201d. \u00d4ng cho r\u1eb1ng con ng\u01b0\u1eddi kh\u00f4ng th\u1ec3 luy\u1ec7n t\u1eadp \u0111\u1ec3 tr\u1edf n\u00ean t\u1eeb bi, \u201cn\u1ebfu thi\u1ec1n l\u00e0 m\u1ed9t b\u00f4ng hoa, th\u00ec t\u1eeb bi ch\u00ednh l\u00e0 h\u01b0\u01a1ng th\u01a1m\u201d.<\/p>\n<p>N\u1ebfu nh\u01b0 b\u1ea1n mu\u1ed1n bi\u1ebft th\u1ebf n\u00e0o l\u00e0 t\u1eeb bi, mu\u1ed1n t\u00ecm ki\u1ebfm c\u1ea3m h\u1ee9ng, ni\u1ec1m vui v\u00e0 ngu\u1ed3n n\u0103ng l\u01b0\u1ee3ng t\u00edch c\u1ef1c, ho\u1eb7c \u0111\u01a1n gi\u1ea3n l\u00e0 mu\u1ed1n t\u00ecm hi\u1ec3u th\u00eam m\u1ed9t \u0111\u1ea7u s\u00e1ch \u00fd ngh\u0129a kh\u00e1c c\u1ee7a Osho, cu\u1ed1n s\u00e1ch T\u1eeb bi ch\u1eafc ch\u1eafn s\u1ebd l\u00e0 m\u1ed9t l\u1ef1a ch\u1ecdn s\u00e1ng su\u1ed1t.<\/p>\n","protected":false},"excerpt":{"rendered":"<p>T\u1eeb bi l\u00e0 m\u1ed9t th\u1ee9 t\u00ecnh th\u01b0\u01a1ng m\u00e1t l\u00e0nh, l\u00e0 s\u1ef1 chia s\u1ebb ni\u1ec1m vui c\u1ee7a b\u1ea3n th\u00e2n \u0111\u1ebfn v\u1edbi v\u1ea1n v\u1eadt. T\u1eeb bi gi\u00fap ta tr\u1edf th\u00e0nh \u0111\u00f3a hoa sen, v\u01b0\u1ee3t l\u00ean v\u0169ng b\u00f9n c\u1ee7a th\u1ebf gi\u1edbi ham mu\u1ed1n, d\u1ee5c v\u1ecdng v\u00e0 s\u1ef1 gi\u1eadn d\u1eef.<\/p>\n<p>D\u1eabn d\u1eaft ng\u01b0\u1eddi \u0111\u1ecdc qua c\u00e2u chuy\u1ec7n v\u1ec1 cu\u1ed9c \u0111\u1eddi \u0110\u1ee9c Ph\u1eadt, Ch\u00faa Jesus v\u00e0 nh\u1eefng hi\u1ec3u bi\u1ebft v\u1ec1 Thi\u1ec1n \u0111\u1ea1o, Osho \u0111\u1eb7t ra th\u00e1ch th\u1ee9c cho c\u00e1c gi\u1ea3 \u0111\u1ecbnh v\u1ec1 t\u1eeb bi l\u00e0 g\u00ec v\u00e0 g\u1ea1t b\u1ecf nh\u1eefng sai l\u1ea7m, \u0111\u1ecbnh ki\u1ebfn, kh\u00e1m ph\u00e1 \u00fd ngh\u0129a th\u1ef1c s\u1ef1 \u1ea9n sau \u0111\u00f3.<\/p>\n<p>\u201cT\u1eeb bi kh\u00f4ng ph\u1ea3i l\u00e0 c\u00e1i m\u00e0 ch\u00fang ta v\u1eabn g\u1ecdi l\u00e0 t\u00ecnh y\u00eau. N\u00f3 mang y\u1ebfu t\u1ed1 c\u1ed1t l\u00f5i c\u1ee7a t\u00ecnh y\u00eau nh\u01b0ng l\u1ea1i kh\u00f4ng ph\u1ea3i l\u00e0 t\u00ecnh y\u00eau nh\u01b0 ch\u00fang ta v\u1eabn bi\u1ebft\u201d, Osho vi\u1ebft.<\/p>\n<p>Theo Osho, l\u00f2ng t\u1eeb bi \u0111\u00edch th\u1ef1c kh\u00f4ng ch\u1ec9 \u0111\u1ebfn t\u1eeb hi\u1ec3u bi\u1ebft v\u00e0 t\u00f4n tr\u1ecdng ng\u01b0\u1eddi \u0111\u1ed1i di\u1ec7n, m\u00e0 ph\u1ea3i b\u1eaft \u0111\u1ea7u t\u1eeb b\u00ean trong &#8211; ch\u00fang ta c\u1ea7n th\u1ef1c s\u1ef1 ch\u1ea5p nh\u1eadn v\u00e0 y\u00eau th\u01b0\u01a1ng b\u1ea3n th\u00e2n m\u00ecnh m\u1ed9t c\u00e1ch s\u00e2u s\u1eafc. Ch\u1ec9 nh\u01b0 v\u1eady, l\u00f2ng t\u1eeb bi m\u1edbi gi\u00fap ta ch\u1ea5p nh\u1eadn ng\u01b0\u1eddi kh\u00e1c m\u1ed9t c\u00e1ch v\u00f4 \u0111i\u1ec1u ki\u1ec7n, gi\u00fap ch\u00fang ta nh\u00ecn nh\u1eadn ch\u00e2n gi\u00e1 tr\u1ecb c\u1ee7a m\u1ed7i con ng\u01b0\u1eddi. Khi \u0111\u00f3, t\u1eeb bi gi\u00fap ta k\u1ebft n\u1ed1i \u0111\u01b0\u1ee3c c\u00e1i s\u00e2u l\u1eafng nh\u1ea5t b\u00ean trong ng\u01b0\u1eddi \u0111\u1ed1i di\u1ec7n &#8211; ch\u00ednh l\u00e0 t\u00e2m h\u1ed3n c\u1ee7a h\u1ecd. Khi hai t\u00e2m h\u1ed3n c\u00f3 th\u1ec3 k\u1ebft n\u1ed1i, m\u1ed9t d\u1ea1ng th\u1ee9c cao nh\u1ea5t c\u1ee7a t\u00ecnh th\u01b0\u01a1ng s\u1ebd n\u1ea3y sinh: t\u1eeb bi.<\/p>\n<p>V\u1eady, l\u00e0m th\u1ebf n\u00e0o \u0111\u1ec3 c\u00f3 \u0111\u01b0\u1ee3c s\u1ef1 t\u1eeb bi? Trong cu\u1ed1n s\u00e1ch n\u00e0y, Osho nh\u1ea5n m\u1ea1nh vai tr\u00f2 c\u1ee7a thi\u1ec1n. \u00d4ng vi\u1ebft: \u201cN\u1ebfu kh\u00f4ng c\u00f3 thi\u1ec1n, ngu\u1ed3n n\u0103ng l\u01b0\u1ee3ng trong b\u1ea1n ch\u1ec9 t\u1ed3n t\u1ea1i d\u01b0\u1edbi d\u1ea1ng th\u1ee9c \u0111am m\u00ea; nh\u01b0ng n\u1ebfu c\u00f3 thi\u1ec1n, n\u00f3 s\u1ebd chuy\u1ec3n h\u00f3a th\u00e0nh l\u00f2ng t\u1eeb bi\u201d. \u00d4ng cho r\u1eb1ng con ng\u01b0\u1eddi kh\u00f4ng th\u1ec3 luy\u1ec7n t\u1eadp \u0111\u1ec3 tr\u1edf n\u00ean t\u1eeb bi, \u201cn\u1ebfu thi\u1ec1n l\u00e0 m\u1ed9t b\u00f4ng hoa, th\u00ec t\u1eeb bi ch\u00ednh l\u00e0 h\u01b0\u01a1ng th\u01a1m\u201d.<\/p>\n<p>N\u1ebfu nh\u01b0 b\u1ea1n mu\u1ed1n bi\u1ebft th\u1ebf n\u00e0o l\u00e0 t\u1eeb bi, mu\u1ed1n t\u00ecm ki\u1ebfm c\u1ea3m h\u1ee9ng, ni\u1ec1m vui v\u00e0 ngu\u1ed3n n\u0103ng l\u01b0\u1ee3ng t\u00edch c\u1ef1c, ho\u1eb7c \u0111\u01a1n gi\u1ea3n l\u00e0 mu\u1ed1n t\u00ecm hi\u1ec3u th\u00eam m\u1ed9t \u0111\u1ea7u s\u00e1ch \u00fd ngh\u0129a kh\u00e1c c\u1ee7a Osho, cu\u1ed1n s\u00e1ch T\u1eeb bi ch\u1eafc ch\u1eafn s\u1ebd l\u00e0 m\u1ed9t l\u1ef1a ch\u1ecdn s\u00e1ng su\u1ed1t.<\/p>\n","protected":false},"featured_media":13659,"template":"","meta":{"_acf_changed":false},"product_brand":[],"product_cat":[15,46],"product_tag":[],"class_list":{"0":"post-13665","1":"product","2":"type-product","3":"status-publish","4":"has-post-thumbnail","6":"product_cat-sach-danh-cho-nguoi-lon","7":"product_cat-ky-nang-song","9":"first","10":"outofstock","11":"taxable","12":"shipping-taxable","13":"purchasable","14":"product-type-simple"},"supplier_id":null,"supplier_sku":"","barcode":null,"atum_controlled":true,"out_stock_date":"2024-04-05 21:14:55","out_stock_threshold":null,"inheritable":false,"inbound_stock":0,"stock_on_hold":0,"sold_today":0,"sales_last_days":0,"reserved_stock":0,"customer_returns":0,"warehouse_damage":0,"lost_in_post":0,"other_logs":0,"out_stock_days":663,"lost_sales":0,"has_location":false,"update_date":"2026-01-28T23:10:53","atum_locations":[],"atum_stock_status":"outofstock","restock_status":false,"low_stock_amount":"","sales_update_date":"2026-01-28T23:10:53","calc_backorders":null,"acf":{"publisher":{"ID":6196,"post_author":"1","post_date":"2021-03-15 01:26:01","post_date_gmt":"2021-03-14 23:26:01","post_content":"","post_title":"FIRST NEWS","post_excerpt":"","post_status":"publish","comment_status":"closed","ping_status":"closed","post_password":"","post_name":"first-news","to_ping":"","pinged":"","post_modified":"2021-03-15 01:26:01","post_modified_gmt":"2021-03-14 23:26:01","post_content_filtered":"","post_parent":0,"guid":"https:\/\/sachviet.eu\/blog\/nha-phat-hanh\/first-news\/","menu_order":0,"post_type":"publisher","post_mime_type":"","comment_count":"0","filter":"raw"}},"_links":{"self":[{"href":"https:\/\/sachviet.eu\/en\/wp-json\/wp\/v2\/product\/13665","targetHints":{"allow":["GET"]}}],"collection":[{"href":"https:\/\/sachviet.eu\/en\/wp-json\/wp\/v2\/product"}],"about":[{"href":"https:\/\/sachviet.eu\/en\/wp-json\/wp\/v2\/types\/product"}],"wp:featuredmedia":[{"embeddable":true,"href":"https:\/\/sachviet.eu\/en\/wp-json\/wp\/v2\/media\/13659"}],"wp:attachment":[{"href":"https:\/\/sachviet.eu\/en\/wp-json\/wp\/v2\/media?parent=13665"}],"wp:term":[{"taxonomy":"product_brand","embeddable":true,"href":"https:\/\/sachviet.eu\/en\/wp-json\/wp\/v2\/product_brand?post=13665"},{"taxonomy":"product_cat","embeddable":true,"href":"https:\/\/sachviet.eu\/en\/wp-json\/wp\/v2\/product_cat?post=13665"},{"taxonomy":"product_tag","embeddable":true,"href":"https:\/\/sachviet.eu\/en\/wp-json\/wp\/v2\/product_tag?post=13665"}],"curies":[{"name":"wp","href":"https:\/\/api.w.org\/{rel}","templated":true}]}}