{"id":13658,"date":"2021-07-02T20:40:56","date_gmt":"2021-07-02T17:40:56","guid":{"rendered":"https:\/\/sachviet.eu\/shop\/hoa-troi-tren-song-nuoc-tai-ban-2020\/"},"modified":"2022-11-05T15:56:30","modified_gmt":"2022-11-05T13:56:30","slug":"hoa-troi-tren-song-nuoc-tai-ban-2020","status":"publish","type":"product","link":"https:\/\/sachviet.eu\/en\/shop\/hoa-troi-tren-song-nuoc-tai-ban-2020\/","title":{"rendered":"Hoa Tr\u00f4i Tr\u00ean S\u00f3ng N\u01b0\u1edbc (T\u00e1i b\u1ea3n 2020)"},"content":{"rendered":"<p>\u201cHoa tr\u00f4i tr\u00ean s\u00f3ng n\u01b0\u1edbc\u201d l\u00e0 m\u1ed9t c\u00e2u chuy\u1ec7n \u0111\u1eb7c bi\u1ec7t. \u0110\u00f3 l\u00e0 c\u00e2u chuy\u1ec7n \u0111i t\u00ecm \u201cki\u1ebfn t\u00e1nh\u201d, \u0111\u1ea1t \u0111\u01b0\u1ee3c gi\u00e1c ng\u1ed9 c\u1ee7a ni s\u01b0 Satomi Myodo \u2013 m\u1ed9t trong nh\u1eefng ni s\u01b0 l\u1ed7i l\u1ea1c nh\u1ea5t c\u1ee7a Thi\u1ec1n t\u00f4ng Nh\u1eadt B\u1ea3n.<\/p>\n<p>C\u00e2u chuy\u1ec7n c\u1ee7a ni s\u01b0 Satomi Myodo \u0111\u1eb7c bi\u1ec7t \u1edf ch\u1ed7, tr\u01b0\u1edbc khi tu t\u1eadp theo tri\u1ebft l\u00fd Ph\u1eadt Gi\u00e1o, Satomi Myodo \u0111\u00e3 l\u00e0 v\u1ecb th\u1ea7y c\u1ee7a Th\u1ea7n \u0110\u1ea1o (m\u1ed9t t\u00f4n gi\u00e1o ph\u1ed5 bi\u1ebfn \u1edf Nh\u1eadt B\u1ea3n), \u0111\u01b0\u1ee3c nhi\u1ec1u ng\u01b0\u1eddi k\u00ednh n\u1ec3. H\u01a1n 40 tu\u1ed5i, d\u00f9 \u0111\u00e3 tu t\u1eadp \u0111\u01b0\u1ee3c nhi\u1ec1u c\u00f4ng phu nh\u01b0 nh\u00ecn \u0111\u01b0\u1ee3c qu\u00e1 kh\u1ee9 v\u1ecb lai v\u00e0 nhi\u1ec1u c\u00f4ng phu kh\u00e1c, nh\u01b0ng t\u1eeb s\u00e2u trong th\u00e2m t\u00e2m Satomi Myodo v\u1eabn ph\u1ea3i ch\u1ecbu nh\u1eefng n\u1ed5i kh\u1ed5 \u0111au d\u1eb1n v\u1eb7t c\u1ee7a b\u1ea3n ng\u00e3, th\u1ee9 m\u00e0 b\u00e0 \u201cngh\u0129 r\u1eb1ng m\u00ecnh \u0111\u00e3 di\u1ec7t \u0111\u01b0\u1ee3c n\u00f3 nh\u01b0ng th\u1ef1c ra n\u00f3 v\u1eabn ti\u1ec1m \u1ea9n d\u01b0\u1edbi m\u1ed9t h\u00ecnh th\u1ee9c tinh t\u1ebf kh\u00f4ng ng\u1edd\u201d.<\/p>\n<p>\u1ede tu\u1ed5i 40, \u0111i theo con \u0111\u01b0\u1eddng t\u1ecda thi\u1ec1n c\u1ee7a \u0110\u1ee9c Ph\u1eadt, Satomi Myodo g\u1eb7p ph\u1ea3i 3 tr\u1edf ng\u1ea1i l\u1edbn, \u1ea3nh h\u01b0\u1edfng \u0111\u1ebfn vi\u1ec7c tu t\u1eadp c\u1ee7a b\u00e0: \u0110\u00f3 l\u00e0 vi\u1ec7c \u01b0a l\u00fd lu\u1eadn, suy ngh\u0129 nhi\u1ec1u; c\u00f3 l\u00f2ng tham mong c\u1ea7u \u0111\u1ea1t ng\u1ed9; th\u1ee5 \u0111\u1ed9ng do vi\u1ec7c th\u1ef1c h\u00e0nh thi\u1ec1n ngo\u1ea1i \u0111\u1ea1o. Cu\u1ed1i c\u00f9ng, b\u1eb1ng m\u1ed9t l\u00f2ng d\u0169ng c\u1ea3m v\u00e0 c\u1ea3 kh\u00e1t khao \u0111i t\u00ecm s\u1ef1 gi\u00e1c ng\u1ed9, Satomi Myoyo \u0111\u00e3 quy\u1ebft \u0111\u1ecbnh v\u01b0\u1ee3t qua nh\u1eefng tr\u1edf ng\u1ea1i, \u0111\u1ecbnh ki\u1ebfn; b\u00e0 xu\u1ea5t gia, tr\u1edf th\u00e0nh m\u1ed9t ng\u01b0\u1eddi \u201cs\u01a1 t\u00e2m\u201d ch\u01b0a bi\u1ebft g\u00ec v\u00e0 tu t\u1eadp theo \u0111\u00fang con \u0111\u01b0\u1eddng c\u1ee7a \u0110\u1ee9c Ph\u1eadt.<\/p>\n<p>Theo s\u1ef1 ch\u1ec9 d\u1eabn c\u1ee7a thi\u1ec1n s\u01b0 B\u1ea1ch V\u00e2n Yasutani, Satomi Myoyo \u0111\u00e3 th\u1ef1c h\u00e0nh ba ph\u01b0\u01a1ng ph\u00e1p tham c\u1ee9u c\u00f4ng \u00e1n, qu\u00e1n h\u01a1i th\u1edf v\u00e0 Ch\u1ec9 Qu\u00e1n \u0110\u1ea3 T\u1ecda c\u1ee7a t\u1ed5 \u0110\u1ea1o Nguy\u00ean (ng\u01b0\u1eddi s\u00e1ng l\u1eadp d\u00f2ng thi\u1ec1n T\u00e0o \u0110\u1ed9ng Nh\u1eadt B\u1ea3n) \u0111\u1ec3 kh\u1eafc ch\u1ebf ba tr\u1edf ng\u1ea1i tr\u00ean. Cu\u1ed1i c\u00f9ng, Satomi Myoyo t\u00ecm \u0111\u01b0\u1ee3c \u201cki\u1ebfn t\u00e1nh\u201d, \u0111i\u1ec1u m\u00e0 b\u00e0 m\u00f4 t\u1ea3 l\u00e0 \u201ckh\u00e1c v\u1edbi nh\u1eefng h\u00ecnh \u1ea3nh l\u1ea1 l\u00f9ng, nh\u1eefng m\u00e0u s\u1eafc, \u00e2m thanh v\u00e0 m\u1ed9t ni\u1ec1m vui tr\u00e0n ng\u1eadp ch\u00e2u th\u00e2n, l\u1ea7n n\u00e0y con ch\u1ec9 th\u1ea5y m\u1ed9t s\u1ef1 an l\u1ea1c th\u1ea7m k\u00edn, nh\u1eb9 nh\u00e0ng kh\u00f4ng th\u1ebf di\u1ec5n t\u1ea3\u201d.<\/p>\n<p>N\u1ed5i ti\u1ebfng v\u1edbi vi\u1ec7c d\u1ecbch v\u00e0 ph\u00f3ng t\u00e1c th\u00e0nh c\u00f4ng nhi\u1ec1u t\u00e1c ph\u1ea9m v\u1ec1 t\u00e2m linh, t\u1ec9nh th\u1ee9c v\u00e0 s\u1ee9c m\u1ea1nh tinh th\u1ea7n nh\u01b0 H\u00e0nh tr\u00ecnh v\u1ec1 ph\u01b0\u01a1ng \u0110\u00f4ng, Ng\u1ecdc s\u00e1ng trong hoa sen, B\u00ean r\u1eb7ng Tuy\u1ebft S\u01a1n&#8230; m\u1ed9t l\u1ea7n n\u1eefa d\u1ecbch gi\u1ea3 Nguy\u00ean Phong (GS. John V\u0169) ti\u1ebfp t\u1ee5c th\u1ec3 hi\u1ec7n th\u00e0nh c\u00f4ng vi\u1ec7c bi\u00ean d\u1ecbch t\u1ef1 truy\u1ec7n Michi c\u1ee7a ni s\u01b0 Satomi Myodo th\u00e0nh t\u00e1c ph\u1ea9m \u201cHoa tr\u00f4i tr\u00ean s\u00f3ng n\u01b0\u1edbc\u201d s\u00e2u s\u1eafc v\u00e0 \u0111\u1ea7y thu h\u00fat.<\/p>\n<p>\u201cHoa tr\u00f4i tr\u00ean s\u00f3ng n\u01b0\u1edbc\u201d kh\u00f4ng ch\u1ec9 l\u00e0 m\u1ed9t c\u00e2u chuy\u1ec7n x\u00fac \u0111\u1ed9ng v\u1ec1 h\u00e0nh tr\u00ecnh tu t\u1eadp theo ch\u00e2n \u0110\u1ee9c Ph\u1eadt c\u1ee7a ni s\u01b0 Satomi Myodo m\u00e0 ch\u1eafc ch\u1eafn c\u00f2n l\u00e0 nh\u1eefng tr\u1ea3i nghi\u1ec7m, chia s\u1ebb s\u00e2u s\u1eafc v\u00e0 h\u1eefu \u00edch v\u1edbi nh\u1eefng ng\u01b0\u1eddi \u0111ang \u0111i t\u00ecm ch\u00e1nh ph\u00e1p, s\u1ef1 gi\u00e1c ng\u1ed9.<\/p>\n","protected":false},"excerpt":{"rendered":"<p>\u201cHoa tr\u00f4i tr\u00ean s\u00f3ng n\u01b0\u1edbc\u201d l\u00e0 m\u1ed9t c\u00e2u chuy\u1ec7n \u0111\u1eb7c bi\u1ec7t. \u0110\u00f3 l\u00e0 c\u00e2u chuy\u1ec7n \u0111i t\u00ecm \u201cki\u1ebfn t\u00e1nh\u201d, \u0111\u1ea1t \u0111\u01b0\u1ee3c gi\u00e1c ng\u1ed9 c\u1ee7a ni s\u01b0 Satomi Myodo \u2013 m\u1ed9t trong nh\u1eefng ni s\u01b0 l\u1ed7i l\u1ea1c nh\u1ea5t c\u1ee7a Thi\u1ec1n t\u00f4ng Nh\u1eadt B\u1ea3n.<\/p>\n<p>C\u00e2u chuy\u1ec7n c\u1ee7a ni s\u01b0 Satomi Myodo \u0111\u1eb7c bi\u1ec7t \u1edf ch\u1ed7, tr\u01b0\u1edbc khi tu t\u1eadp theo tri\u1ebft l\u00fd Ph\u1eadt Gi\u00e1o, Satomi Myodo \u0111\u00e3 l\u00e0 v\u1ecb th\u1ea7y c\u1ee7a Th\u1ea7n \u0110\u1ea1o (m\u1ed9t t\u00f4n gi\u00e1o ph\u1ed5 bi\u1ebfn \u1edf Nh\u1eadt B\u1ea3n), \u0111\u01b0\u1ee3c nhi\u1ec1u ng\u01b0\u1eddi k\u00ednh n\u1ec3. H\u01a1n 40 tu\u1ed5i, d\u00f9 \u0111\u00e3 tu t\u1eadp \u0111\u01b0\u1ee3c nhi\u1ec1u c\u00f4ng phu nh\u01b0 nh\u00ecn \u0111\u01b0\u1ee3c qu\u00e1 kh\u1ee9 v\u1ecb lai v\u00e0 nhi\u1ec1u c\u00f4ng phu kh\u00e1c, nh\u01b0ng t\u1eeb s\u00e2u trong th\u00e2m t\u00e2m Satomi Myodo v\u1eabn ph\u1ea3i ch\u1ecbu nh\u1eefng n\u1ed5i kh\u1ed5 \u0111au d\u1eb1n v\u1eb7t c\u1ee7a b\u1ea3n ng\u00e3, th\u1ee9 m\u00e0 b\u00e0 \u201cngh\u0129 r\u1eb1ng m\u00ecnh \u0111\u00e3 di\u1ec7t \u0111\u01b0\u1ee3c n\u00f3 nh\u01b0ng th\u1ef1c ra n\u00f3 v\u1eabn ti\u1ec1m \u1ea9n d\u01b0\u1edbi m\u1ed9t h\u00ecnh th\u1ee9c tinh t\u1ebf kh\u00f4ng ng\u1edd\u201d.<\/p>\n<p>\u1ede tu\u1ed5i 40, \u0111i theo con \u0111\u01b0\u1eddng t\u1ecda thi\u1ec1n c\u1ee7a \u0110\u1ee9c Ph\u1eadt, Satomi Myodo g\u1eb7p ph\u1ea3i 3 tr\u1edf ng\u1ea1i l\u1edbn, \u1ea3nh h\u01b0\u1edfng \u0111\u1ebfn vi\u1ec7c tu t\u1eadp c\u1ee7a b\u00e0: \u0110\u00f3 l\u00e0 vi\u1ec7c \u01b0a l\u00fd lu\u1eadn, suy ngh\u0129 nhi\u1ec1u; c\u00f3 l\u00f2ng tham mong c\u1ea7u \u0111\u1ea1t ng\u1ed9; th\u1ee5 \u0111\u1ed9ng do vi\u1ec7c th\u1ef1c h\u00e0nh thi\u1ec1n ngo\u1ea1i \u0111\u1ea1o. Cu\u1ed1i c\u00f9ng, b\u1eb1ng m\u1ed9t l\u00f2ng d\u0169ng c\u1ea3m v\u00e0 c\u1ea3 kh\u00e1t khao \u0111i t\u00ecm s\u1ef1 gi\u00e1c ng\u1ed9, Satomi Myoyo \u0111\u00e3 quy\u1ebft \u0111\u1ecbnh v\u01b0\u1ee3t qua nh\u1eefng tr\u1edf ng\u1ea1i, \u0111\u1ecbnh ki\u1ebfn; b\u00e0 xu\u1ea5t gia, tr\u1edf th\u00e0nh m\u1ed9t ng\u01b0\u1eddi \u201cs\u01a1 t\u00e2m\u201d ch\u01b0a bi\u1ebft g\u00ec v\u00e0 tu t\u1eadp theo \u0111\u00fang con \u0111\u01b0\u1eddng c\u1ee7a \u0110\u1ee9c Ph\u1eadt.<\/p>\n<p>Theo s\u1ef1 ch\u1ec9 d\u1eabn c\u1ee7a thi\u1ec1n s\u01b0 B\u1ea1ch V\u00e2n Yasutani, Satomi Myoyo \u0111\u00e3 th\u1ef1c h\u00e0nh ba ph\u01b0\u01a1ng ph\u00e1p tham c\u1ee9u c\u00f4ng \u00e1n, qu\u00e1n h\u01a1i th\u1edf v\u00e0 Ch\u1ec9 Qu\u00e1n \u0110\u1ea3 T\u1ecda c\u1ee7a t\u1ed5 \u0110\u1ea1o Nguy\u00ean (ng\u01b0\u1eddi s\u00e1ng l\u1eadp d\u00f2ng thi\u1ec1n T\u00e0o \u0110\u1ed9ng Nh\u1eadt B\u1ea3n) \u0111\u1ec3 kh\u1eafc ch\u1ebf ba tr\u1edf ng\u1ea1i tr\u00ean. Cu\u1ed1i c\u00f9ng, Satomi Myoyo t\u00ecm \u0111\u01b0\u1ee3c \u201cki\u1ebfn t\u00e1nh\u201d, \u0111i\u1ec1u m\u00e0 b\u00e0 m\u00f4 t\u1ea3 l\u00e0 \u201ckh\u00e1c v\u1edbi nh\u1eefng h\u00ecnh \u1ea3nh l\u1ea1 l\u00f9ng, nh\u1eefng m\u00e0u s\u1eafc, \u00e2m thanh v\u00e0 m\u1ed9t ni\u1ec1m vui tr\u00e0n ng\u1eadp ch\u00e2u th\u00e2n, l\u1ea7n n\u00e0y con ch\u1ec9 th\u1ea5y m\u1ed9t s\u1ef1 an l\u1ea1c th\u1ea7m k\u00edn, nh\u1eb9 nh\u00e0ng kh\u00f4ng th\u1ebf di\u1ec5n t\u1ea3\u201d.<\/p>\n<p>N\u1ed5i ti\u1ebfng v\u1edbi vi\u1ec7c d\u1ecbch v\u00e0 ph\u00f3ng t\u00e1c th\u00e0nh c\u00f4ng nhi\u1ec1u t\u00e1c ph\u1ea9m v\u1ec1 t\u00e2m linh, t\u1ec9nh th\u1ee9c v\u00e0 s\u1ee9c m\u1ea1nh tinh th\u1ea7n nh\u01b0 H\u00e0nh tr\u00ecnh v\u1ec1 ph\u01b0\u01a1ng \u0110\u00f4ng, Ng\u1ecdc s\u00e1ng trong hoa sen, B\u00ean r\u1eb7ng Tuy\u1ebft S\u01a1n&#8230; m\u1ed9t l\u1ea7n n\u1eefa d\u1ecbch gi\u1ea3 Nguy\u00ean Phong (GS. John V\u0169) ti\u1ebfp t\u1ee5c th\u1ec3 hi\u1ec7n th\u00e0nh c\u00f4ng vi\u1ec7c bi\u00ean d\u1ecbch t\u1ef1 truy\u1ec7n Michi c\u1ee7a ni s\u01b0 Satomi Myodo th\u00e0nh t\u00e1c ph\u1ea9m \u201cHoa tr\u00f4i tr\u00ean s\u00f3ng n\u01b0\u1edbc\u201d s\u00e2u s\u1eafc v\u00e0 \u0111\u1ea7y thu h\u00fat.<\/p>\n<p>\u201cHoa tr\u00f4i tr\u00ean s\u00f3ng n\u01b0\u1edbc\u201d kh\u00f4ng ch\u1ec9 l\u00e0 m\u1ed9t c\u00e2u chuy\u1ec7n x\u00fac \u0111\u1ed9ng v\u1ec1 h\u00e0nh tr\u00ecnh tu t\u1eadp theo ch\u00e2n \u0110\u1ee9c Ph\u1eadt c\u1ee7a ni s\u01b0 Satomi Myodo m\u00e0 ch\u1eafc ch\u1eafn c\u00f2n l\u00e0 nh\u1eefng tr\u1ea3i nghi\u1ec7m, chia s\u1ebb s\u00e2u s\u1eafc v\u00e0 h\u1eefu \u00edch v\u1edbi nh\u1eefng ng\u01b0\u1eddi \u0111ang \u0111i t\u00ecm ch\u00e1nh ph\u00e1p, s\u1ef1 gi\u00e1c ng\u1ed9.<\/p>\n","protected":false},"featured_media":13655,"template":"","meta":{"_acf_changed":false},"product_brand":[],"product_cat":[15,46],"product_tag":[],"class_list":{"0":"post-13658","1":"product","2":"type-product","3":"status-publish","4":"has-post-thumbnail","6":"product_cat-sach-danh-cho-nguoi-lon","7":"product_cat-ky-nang-song","9":"first","10":"outofstock","11":"taxable","12":"shipping-taxable","13":"purchasable","14":"product-type-simple"},"supplier_id":null,"supplier_sku":"","barcode":null,"atum_controlled":true,"out_stock_date":"2022-11-05 11:56:30","out_stock_threshold":null,"inheritable":false,"inbound_stock":0,"stock_on_hold":0,"sold_today":0,"sales_last_days":0,"reserved_stock":0,"customer_returns":0,"warehouse_damage":0,"lost_in_post":0,"other_logs":0,"out_stock_days":1180,"lost_sales":0,"has_location":false,"update_date":"2026-01-28T23:10:53","atum_locations":[],"atum_stock_status":"outofstock","restock_status":false,"low_stock_amount":"","sales_update_date":"2026-01-28T23:10:53","calc_backorders":null,"acf":{"publisher":{"ID":6196,"post_author":"1","post_date":"2021-03-15 01:26:01","post_date_gmt":"2021-03-14 23:26:01","post_content":"","post_title":"FIRST NEWS","post_excerpt":"","post_status":"publish","comment_status":"closed","ping_status":"closed","post_password":"","post_name":"first-news","to_ping":"","pinged":"","post_modified":"2021-03-15 01:26:01","post_modified_gmt":"2021-03-14 23:26:01","post_content_filtered":"","post_parent":0,"guid":"https:\/\/sachviet.eu\/blog\/nha-phat-hanh\/first-news\/","menu_order":0,"post_type":"publisher","post_mime_type":"","comment_count":"0","filter":"raw"}},"_links":{"self":[{"href":"https:\/\/sachviet.eu\/en\/wp-json\/wp\/v2\/product\/13658","targetHints":{"allow":["GET"]}}],"collection":[{"href":"https:\/\/sachviet.eu\/en\/wp-json\/wp\/v2\/product"}],"about":[{"href":"https:\/\/sachviet.eu\/en\/wp-json\/wp\/v2\/types\/product"}],"wp:featuredmedia":[{"embeddable":true,"href":"https:\/\/sachviet.eu\/en\/wp-json\/wp\/v2\/media\/13655"}],"wp:attachment":[{"href":"https:\/\/sachviet.eu\/en\/wp-json\/wp\/v2\/media?parent=13658"}],"wp:term":[{"taxonomy":"product_brand","embeddable":true,"href":"https:\/\/sachviet.eu\/en\/wp-json\/wp\/v2\/product_brand?post=13658"},{"taxonomy":"product_cat","embeddable":true,"href":"https:\/\/sachviet.eu\/en\/wp-json\/wp\/v2\/product_cat?post=13658"},{"taxonomy":"product_tag","embeddable":true,"href":"https:\/\/sachviet.eu\/en\/wp-json\/wp\/v2\/product_tag?post=13658"}],"curies":[{"name":"wp","href":"https:\/\/api.w.org\/{rel}","templated":true}]}}