{"id":13654,"date":"2021-07-02T20:40:47","date_gmt":"2021-07-02T17:40:47","guid":{"rendered":"https:\/\/sachviet.eu\/shop\/tim-binh-yen-trong-gia-dinh-thich-nhat-hanh\/"},"modified":"2021-07-15T17:13:41","modified_gmt":"2021-07-15T14:13:41","slug":"tim-binh-yen-trong-gia-dinh-thich-nhat-hanh","status":"publish","type":"product","link":"https:\/\/sachviet.eu\/en\/shop\/tim-binh-yen-trong-gia-dinh-thich-nhat-hanh\/","title":{"rendered":"T\u00ecm B\u00ecnh Y\u00ean Trong Gia \u0110\u00ecnh\u00a0&#8211;\u00a0Th\u00edch Nh\u1ea5t H\u1ea1nh"},"content":{"rendered":"<p>\u201cT\u00ecm b\u00ecnh y\u00ean trong gia \u0111\u00ecnh\u201d cu\u1ed1n s\u00e1ch c\u1ee7a S\u01b0 \u00f4ng L\u00e0ng Mai Th\u00edch Nh\u1ea5t H\u1ea1nh l\u00e0 t\u1eadp h\u1ee3p nhi\u1ec1u c\u00e2u h\u1ecfi v\u1ea5n \u0111\u00e1p c\u1ee7a qu\u00fd Ph\u1eadt t\u1eed, m\u1ecdi ng\u01b0\u1eddi \u1edf kh\u1eafp n\u01a1i g\u1eedi v\u1ec1 cho S\u01b0 \u00f4ng \u0111\u1ec3 gi\u1ea3i \u0111\u00e1p nh\u1eefng v\u1ea5n \u0111\u1ec1 xoay quanh c\u00e1c m\u1ed1i quan h\u1ec7 trong gia \u0111\u00ecnh, gi\u1eefa v\u1ee3 v\u1edbi ch\u1ed3ng, cha m\u1eb9 v\u1edbi con c\u00e1i v\u00e0 c\u1ea3 c\u00e1ch v\u01b0\u1ee3t qua n\u1ed7i \u0111au khi m\u1ea5t \u0111i ng\u01b0\u1eddi th\u00e2n\u2026<\/p>\n<p>\u201cQuay v\u1ec1 n\u01b0\u01a1ng t\u1ef1a<\/p>\n<p>H\u1ea3i \u0111\u1ea3o t\u1ef1 th\u00e2n<\/p>\n<p>Ch\u00e1nh ni\u1ec7m l\u00e0 B\u1ee5t<\/p>\n<p>Soi s\u00e1ng xa g\u1ea7n,<\/p>\n<p>H\u01a1i th\u1edf l\u00e0 ph\u00e1p<\/p>\n<p>B\u1ea3o h\u1ed9 th\u00e2n t\u00e2m<\/p>\n<p>N\u0103m u\u1ea9n l\u00e0 t\u0103ng<\/p>\n<p>Ph\u1ed1i h\u1ee3p tinh c\u1ea7n<\/p>\n<p>Th\u1edf v\u00e0o, th\u1edf ra<\/p>\n<p>L\u00e0 hoa t\u01b0\u01a1i m\u00e1t<\/p>\n<p>L\u00e0 n\u00fai v\u1eefng v\u00e0ng<\/p>\n<p>N\u01b0\u1edbc t\u0129nh l\u1eb7ng chi\u1ebfu<\/p>\n<p>Kh\u00f4ng gian th\u00eanh thang\u201d<\/p>\n<p>Cu\u1ed9c \u0111\u1eddi l\u00e0 m\u1ed9t chu\u1ed7i t\u01b0\u01a1ng quan t\u01b0\u01a1ng duy\u00ean. Kh\u00f4ng c\u00f3 m\u1ed9t hi\u1ec7n h\u1eefu n\u00e0o t\u1ef1 n\u00f3 c\u00f3 \u0111\u01b0\u1ee3c. M\u1ed9t b\u00f4ng hoa, kh\u00f4ng th\u1ec3 t\u1ef1 n\u00f3 m\u00e0 h\u00ecnh th\u00e0nh. Hoa ph\u1ea3i nh\u1edd nh\u1eefng y\u1ebfu t\u1ed1 kh\u00e1c nh\u01b0 \u0111\u1ea5t, n\u01b0\u1edbc, h\u1ea1t gi\u1ed1ng, ph\u00e2n b\u00f3n, ng\u01b0\u1eddi l\u00e0m v\u01b0\u1eddn\u2026 m\u1edbi h\u00ecnh th\u00e0nh. M\u00ecnh c\u0169ng v\u1eady, c\u0169ng do nhi\u1ec1u y\u1ebfu t\u1ed1 k\u1ebft h\u1ee3p, nh\u01b0 cha m\u1eb9, th\u1ee9c \u0103n, n\u01b0\u1edbc u\u1ed1ng, m\u00f4i tr\u01b0\u1eddng, x\u00e3 h\u1ed9i\u2026 H\u1ea1nh ph\u00fac v\u00e0 kh\u1ed5 \u0111au c\u0169ng nh\u01b0 th\u1ebf, c\u0169ng do nhi\u1ec1u y\u1ebfu t\u1ed1 t\u1ea1o th\u00e0nh. Nh\u1eefng y\u1ebfu t\u1ed1 t\u01b0\u01a1ng quan t\u01b0\u01a1ng duy\u00ean \u0111\u00f3 d\u00e2n gian g\u1ecdi n\u00f4m na l\u00e0 duy\u00ean n\u1ee3, nh\u1eefng g\u00ec \u0111em l\u1ea1i h\u1ea1nh ph\u00fac cho m\u00ecnh th\u00ec g\u1ecdi l\u00e0 duy\u00ean, nh\u1eefng g\u00ec \u0111em l\u1ea1i kh\u1ed5 \u0111au th\u00ec g\u1ecdi l\u00e0 n\u1ee3. \u0110\u1ea1o B\u1ee5t g\u1ecdi \u0111\u00f3 l\u00e0 t\u01b0\u01a1ng quan t\u01b0\u01a1ng duy\u00ean hay t\u01b0\u01a1ng t\u1ee9c. C\u0169ng c\u00f9ng m\u1ed9t ng\u01b0\u1eddi nh\u01b0ng khi th\u01b0\u01a1ng th\u00ec g\u1ecdi l\u00e0 m\u00ecnh c\u00f3 duy\u00ean v\u1edbi ng\u01b0\u1eddi \u0111\u00f3. R\u1ed3i c\u0169ng ng\u01b0\u1eddi \u1ea5y, c\u0169ng t\u00ecnh th\u01b0\u01a1ng \u1ea5y nh\u01b0ng v\u00ec m\u00ecnh kh\u00f4ng bi\u1ebft tr\u00e2n qu\u00fd v\u00e0 t\u01b0\u1edbi t\u1ea9m \u0111\u1ec3 cho t\u00ecnh th\u01b0\u01a1ng l\u1edbn l\u00ean \u0111\u1ec3 r\u1ed3i kh\u1ed5 \u0111au, th\u00ec l\u1ea1i g\u1ecdi l\u00e0 m\u00ecnh c\u00f3 n\u1ee3 v\u1edbi ng\u01b0\u1eddi \u1ea5y. Nh\u01b0 th\u1ebf th\u00ec v\u00f4 l\u00fd v\u00e0 m\u00e2u thu\u1eabn qu\u00e1 ph\u1ea3i kh\u00f4ng?<\/p>\n<p>M\u00ecnh \u0111\u00e2u ch\u1ecdn nh\u1ea7m ng\u01b0\u1eddi, m\u00ecnh \u0111\u00e2u c\u01b0\u1edbi ng\u01b0\u1eddi m\u00ecnh gh\u00e9t, m\u00ecnh c\u01b0\u1edbi ng\u01b0\u1eddi m\u00ecnh th\u01b0\u01a1ng m\u00e0. Ch\u1ec9 do m\u00ecnh kh\u00f4ng bi\u1ebft nu\u00f4i d\u01b0\u1ee1ng th\u00f4i. N\u1ebfu nh\u00ecn s\u00e2u v\u00e0o nh\u1eefng kh\u1ed5 \u0111au v\u00e0 h\u1ea1nh ph\u00fac c\u1ee7a m\u00ecnh, m\u00ecnh s\u1ebd th\u1ea5y \u0111\u01b0\u1ee3c nguy\u00ean nh\u00e2n v\u00e0 g\u1ed1c r\u1ec5 s\u00e2u xa c\u1ee7a n\u00f3. Khi th\u1ea5y \u0111\u01b0\u1ee3c nguy\u00ean nh\u00e2n v\u00e0 g\u1ed1c r\u1ec5 r\u1ed3i, m\u00ecnh s\u1ebd l\u00e0m m\u1edbi tr\u1edf l\u1ea1i \u0111\u1ec3 nu\u00f4i l\u1ea5y h\u1ea1nh ph\u00fac c\u1ee7a m\u00ecnh, kh\u00f4ng c\u00f2n \u0111\u1ed5 l\u1ed7i cho duy\u00ean n\u1ee3 n\u1eefa. N\u1ebfu nh\u00ecn s\u00e2u th\u00eam m\u1ed9t t\u00ed m\u00ecnh c\u00f3 th\u1ec3 th\u1ea5y \u0111\u01b0\u1ee3c r\u1eb1ng khuynh h\u01b0\u1edbng \u0111\u1ed5 l\u1ed7i c\u0169ng l\u00e0 m\u1ed9t t\u1eadp kh\u00ed c\u1ee7a m\u00ecnh. Trong m\u1ed1i quan h\u1ec7 gi\u1eefa m\u00ecnh v\u1edbi ng\u01b0\u1eddi kia, c\u00f3 l\u00fac m\u00ecnh gi\u1eadn h\u1eddn, kh\u1ed5 \u0111au, m\u00ecnh c\u1ee9 ngh\u0129 l\u00e0 ng\u01b0\u1eddi kia c\u00f3 l\u1ed7i v\u1edbi m\u00ecnh, ng\u01b0\u1eddi kia \u0111\u00e3 g\u00e2y n\u00ean nh\u1eefng n\u1ed7i kh\u1ed5 \u0111au cho m\u00ecnh n\u00ean m\u00ecnh kh\u00f4ng ch\u1ea5p nh\u1eadn \u0111\u01b0\u1ee3c ng\u01b0\u1eddi kia v\u00e0 l\u00e0m cho s\u1ef1 truy\u1ec1n th\u00f4ng tr\u1edf n\u00ean b\u1ebf t\u1eafc. Kh\u1ed5 \u0111au t\u1eeb \u0111\u00f3 m\u00e0 leo thang. M\u00ecnh kh\u00f4ng nh\u00ecn l\u1ea1i \u0111\u1ec3 th\u1ea5y r\u1eb1ng c\u00f3 th\u1ec3 m\u00ecnh \u0111\u00e3 \u0111\u00f3ng g\u00f3p m\u1ed9t ph\u1ea7n n\u00e0o \u0111\u00f3 trong n\u1ed7i kh\u1ed5 v\u00e0 c\u01a1n gi\u1eadn c\u1ee7a ng\u01b0\u1eddi kia, n\u00ean ng\u01b0\u1eddi kia \u0111\u00e3 h\u00e0nh x\u1eed v\u00e0 n\u00f3i n\u0103ng nh\u01b0 v\u1eady. C\u00f3 th\u1ec3 m\u00ecnh kh\u00f4ng \u0111\u1ee7 c\u1ea3m th\u00f4ng, c\u00f3 th\u1ec3 m\u00ecnh kh\u00f4ng \u0111\u1ee7 ni\u1ec1m vui v\u00e0 h\u1ea1nh ph\u00fac \u0111\u1ec3 hi\u1ebfn t\u1eb7ng cho ng\u01b0\u1eddi kia, c\u00f3 th\u1ec3 m\u00ecnh kh\u00f4ng t\u01b0\u1edbi t\u1ea9m nh\u1eefng h\u1ea1t gi\u1ed1ng t\u1ed1t trong ng\u01b0\u1eddi kia, m\u00e0 ch\u1ec9 c\u00f3 than phi\u1ec1n v\u00e0 tr\u00e1ch m\u00f3c. Ho\u1eb7c trong m\u00ecnh c\u00f2n c\u00f3 nh\u1eefng n\u00f3ng n\u1ea3y, d\u1ec5 b\u1ef1c b\u1ed9i c\u00e1u g\u1eaft, kh\u00f4ng d\u1ec5 d\u00e0ng tha th\u1ee9 b\u1ecf qua nh\u1eefng l\u1ed7i l\u1ea7m c\u1ee7a ng\u01b0\u1eddi kh\u00e1c. M\u00ecnh \u0111\u00e3 kh\u00f4ng n\u00f3i nh\u1eefng l\u1eddi n\u00f3i nh\u1eb9 nh\u00e0ng \u00e1i ng\u1eef, kh\u00f4ng h\u00e0nh x\u1eed kh\u00e9o l\u00e9o v.v\u2026 Kh\u1ed5 \u0111au hay h\u1ea1nh ph\u00fac \u0111\u1ec1u mang t\u00ednh h\u1eefu c\u01a1, ngh\u0129a l\u00e0 c\u00f3 th\u1ec3 chuy\u1ec3n \u0111\u1ed5i \u0111\u01b0\u1ee3c. H\u1ea1nh ph\u00fac n\u1ebfu kh\u00f4ng kh\u00e9o g\u00ecn gi\u1eef th\u00ec m\u1ed9t ng\u00e0y n\u00e0o \u0111\u00f3 s\u1ebd m\u1ea5t, s\u1ebd tr\u1edf th\u00e0nh kh\u00f3 kh\u0103n v\u00e0 kh\u1ed5 \u0111au. N\u1ebfu kh\u1ed5 \u0111au m\u00e0 bi\u1ebft tu t\u1eadp chuy\u1ec3n h\u00f3a th\u00ec s\u1ebd th\u01b0\u01a1ng y\u00eau nhau h\u01a1n, t\u1eeb \u0111\u00f3 s\u1ebd h\u1ea1nh ph\u00fac h\u01a1n. Cho n\u00ean kh\u1ed5 \u0111au hay h\u1ea1nh ph\u00fac l\u00e0 do m\u00ecnh, do m\u00ecnh quy\u1ebft \u0111\u1ecbnh. M\u00ecnh c\u00f3 \u0111\u1ed5 l\u1ed7i cho ng\u01b0\u1eddi kia, cho ho\u00e0n c\u1ea3nh, m\u00f4i tr\u01b0\u1eddng, con c\u00e1i\u2026 th\u00ec \u0111\u00f3 c\u0169ng l\u00e0 t\u1eadp kh\u00ed c\u1ee7a m\u00ecnh. S\u1ef1 th\u1ef1c t\u1eadp l\u00e0 lu\u00f4n lu\u00f4n tr\u1edf v\u1ec1 \u0111\u1ec3 nh\u00ecn l\u1ea1i ch\u00ednh m\u00ecnh. C\u00f3 th\u1ec3 m\u00ecnh kh\u00f4ng tr\u00e2n qu\u00fd \u0111\u1ee7 ng\u01b0\u1eddi th\u01b0\u01a1ng c\u1ee7a m\u00ecnh, m\u00ecnh kh\u00f4ng tr\u00e2n qu\u00fd \u0111\u1ee7 nh\u1eefng g\u00ec m\u00ecnh \u0111ang c\u00f3. Nh\u1eefng g\u00ec m\u00ecnh kh\u00f4ng c\u00f3 ho\u1eb7c ch\u01b0a c\u00f3 th\u00ec m\u00ecnh ru\u1ed5i rong t\u00ecm ki\u1ebfm, khi c\u00f3 r\u1ed3i th\u00ec m\u00ecnh l\u1ea1i kh\u00f4ng bi\u1ebft tr\u00e2n qu\u00fd, \u0111\u1ee3i \u0111\u1ebfn khi tu\u1ed9t kh\u1ecfi t\u1ea7m tay m\u1edbi th\u1ea5y ti\u1ebfc nu\u1ed1i v\u00e0 \u00e2n h\u1eadn.<\/p>\n<p>N\u1ebfu m\u00ecnh kh\u00f4ng thay \u0111\u1ed5i nh\u1eefng t\u1eadp kh\u00ed c\u1ee7a m\u00ecnh th\u00ec cho d\u00f9 c\u00f3 c\u01b0\u1edbi bao nhi\u00eau ng\u01b0\u1eddi \u0111i n\u1eefa m\u00ecnh c\u0169ng kh\u1ed5 \u0111au. V\u00ec v\u1eady, c\u00f9ng v\u1edbi s\u1ef1 th\u1ef1c t\u1eadp, m\u00ecnh lu\u00f4n lu\u00f4n tr\u1edf v\u1ec1 v\u1edbi gi\u00e2y ph\u00fat hi\u1ec7n t\u1ea1i, nh\u1eadn di\u1ec7n v\u00e0 tr\u00e2n qu\u00fd nh\u1eefng g\u00ec m\u00ecnh \u0111ang c\u00f3 \u0111\u1ec3 nu\u00f4i l\u1edbn h\u1ea1nh ph\u00fac, v\u00e0 \u0111\u1ed3ng th\u1eddi chuy\u1ec3n h\u00f3a nh\u1eefng t\u1eadp kh\u00ed trong m\u00ecnh.<\/p>\n","protected":false},"excerpt":{"rendered":"<p>Cu\u1ed9c \u0111\u1eddi l\u00e0 m\u1ed9t chu\u1ed7i t\u01b0\u01a1ng quan t\u01b0\u01a1ng duy\u00ean. Kh\u00f4ng c\u00f3 m\u1ed9t hi\u1ec7n h\u1eefu n\u00e0o t\u1ef1 n\u00f3 c\u00f3 \u0111\u01b0\u1ee3c. M\u1ed9t b\u00f4ng hoa, kh\u00f4ng th\u1ec3 t\u1ef1 n\u00f3 m\u00e0 h\u00ecnh th\u00e0nh. Hoa ph\u1ea3i nh\u1edd nh\u1eefng y\u1ebfu t\u1ed1 kh\u00e1c nh\u01b0 \u0111\u1ea5t, n\u01b0\u1edbc, h\u1ea1t gi\u1ed1ng, ph\u00e2n b\u00f3n, ng\u01b0\u1eddi l\u00e0m v\u01b0\u1eddn\u2026 m\u1edbi h\u00ecnh th\u00e0nh. M\u00ecnh c\u0169ng v\u1eady, c\u0169ng do nhi\u1ec1u y\u1ebfu t\u1ed1 k\u1ebft h\u1ee3p, nh\u01b0 cha m\u1eb9, th\u1ee9c \u0103n, n\u01b0\u1edbc u\u1ed1ng, m\u00f4i tr\u01b0\u1eddng, x\u00e3 h\u1ed9i\u2026 H\u1ea1nh ph\u00fac v\u00e0 kh\u1ed5 \u0111au c\u0169ng nh\u01b0 th\u1ebf, c\u0169ng do nhi\u1ec1u y\u1ebfu t\u1ed1 t\u1ea1o th\u00e0nh. Nh\u1eefng y\u1ebfu t\u1ed1 t\u01b0\u01a1ng quan t\u01b0\u01a1ng duy\u00ean \u0111\u00f3 d\u00e2n gian g\u1ecdi n\u00f4m na l\u00e0 duy\u00ean n\u1ee3, nh\u1eefng g\u00ec \u0111em l\u1ea1i h\u1ea1nh ph\u00fac cho m\u00ecnh th\u00ec g\u1ecdi l\u00e0 duy\u00ean, nh\u1eefng g\u00ec \u0111em l\u1ea1i kh\u1ed5 \u0111au th\u00ec g\u1ecdi l\u00e0 n\u1ee3. \u0110\u1ea1o B\u1ee5t g\u1ecdi \u0111\u00f3 l\u00e0 t\u01b0\u01a1ng quan t\u01b0\u01a1ng duy\u00ean hay t\u01b0\u01a1ng t\u1ee9c. C\u0169ng c\u00f9ng m\u1ed9t ng\u01b0\u1eddi nh\u01b0ng khi th\u01b0\u01a1ng th\u00ec g\u1ecdi l\u00e0 m\u00ecnh c\u00f3 duy\u00ean v\u1edbi ng\u01b0\u1eddi \u0111\u00f3. R\u1ed3i c\u0169ng ng\u01b0\u1eddi \u1ea5y, c\u0169ng t\u00ecnh th\u01b0\u01a1ng \u1ea5y nh\u01b0ng v\u00ec m\u00ecnh kh\u00f4ng bi\u1ebft tr\u00e2n qu\u00fd v\u00e0 t\u01b0\u1edbi t\u1ea9m \u0111\u1ec3 cho t\u00ecnh th\u01b0\u01a1ng l\u1edbn l\u00ean \u0111\u1ec3 r\u1ed3i kh\u1ed5 \u0111au, th\u00ec l\u1ea1i g\u1ecdi l\u00e0 m\u00ecnh c\u00f3 n\u1ee3 v\u1edbi ng\u01b0\u1eddi \u1ea5y. Nh\u01b0 th\u1ebf th\u00ec v\u00f4 l\u00fd v\u00e0 m\u00e2u thu\u1eabn qu\u00e1 ph\u1ea3i kh\u00f4ng?<\/p>\n","protected":false},"featured_media":13653,"template":"","meta":{"_acf_changed":false},"product_brand":[],"product_cat":[15,46],"product_tag":[],"class_list":{"0":"post-13654","1":"product","2":"type-product","3":"status-publish","4":"has-post-thumbnail","6":"product_cat-sach-danh-cho-nguoi-lon","7":"product_cat-ky-nang-song","9":"first","10":"outofstock","11":"taxable","12":"shipping-taxable","13":"purchasable","14":"product-type-simple"},"supplier_id":null,"supplier_sku":"","barcode":null,"atum_controlled":true,"out_stock_date":"2021-07-15 14:13:41","out_stock_threshold":null,"inheritable":false,"inbound_stock":0,"stock_on_hold":0,"sold_today":0,"sales_last_days":0,"reserved_stock":0,"customer_returns":0,"warehouse_damage":0,"lost_in_post":0,"other_logs":0,"out_stock_days":1658,"lost_sales":0,"has_location":false,"update_date":"2026-01-28T23:10:53","atum_locations":[],"atum_stock_status":"outofstock","restock_status":false,"low_stock_amount":"","sales_update_date":"2026-01-28T23:10:53","calc_backorders":null,"acf":{"publisher":{"ID":1474,"post_author":"1","post_date":"2021-02-17 01:12:51","post_date_gmt":"2021-02-16 23:12:51","post_content":"","post_title":"Th\u00e1i H\u00e0","post_excerpt":"","post_status":"publish","comment_status":"closed","ping_status":"closed","post_password":"","post_name":"thai-ha","to_ping":"","pinged":"","post_modified":"2021-02-17 01:12:51","post_modified_gmt":"2021-02-16 23:12:51","post_content_filtered":"","post_parent":0,"guid":"https:\/\/sachviet.eu\/nha-phat-hanh\/thai-ha\/","menu_order":0,"post_type":"publisher","post_mime_type":"","comment_count":"0","filter":"raw"}},"_links":{"self":[{"href":"https:\/\/sachviet.eu\/en\/wp-json\/wp\/v2\/product\/13654","targetHints":{"allow":["GET"]}}],"collection":[{"href":"https:\/\/sachviet.eu\/en\/wp-json\/wp\/v2\/product"}],"about":[{"href":"https:\/\/sachviet.eu\/en\/wp-json\/wp\/v2\/types\/product"}],"wp:featuredmedia":[{"embeddable":true,"href":"https:\/\/sachviet.eu\/en\/wp-json\/wp\/v2\/media\/13653"}],"wp:attachment":[{"href":"https:\/\/sachviet.eu\/en\/wp-json\/wp\/v2\/media?parent=13654"}],"wp:term":[{"taxonomy":"product_brand","embeddable":true,"href":"https:\/\/sachviet.eu\/en\/wp-json\/wp\/v2\/product_brand?post=13654"},{"taxonomy":"product_cat","embeddable":true,"href":"https:\/\/sachviet.eu\/en\/wp-json\/wp\/v2\/product_cat?post=13654"},{"taxonomy":"product_tag","embeddable":true,"href":"https:\/\/sachviet.eu\/en\/wp-json\/wp\/v2\/product_tag?post=13654"}],"curies":[{"name":"wp","href":"https:\/\/api.w.org\/{rel}","templated":true}]}}