{"id":13652,"date":"2021-07-02T20:40:42","date_gmt":"2021-07-02T17:40:42","guid":{"rendered":"https:\/\/sachviet.eu\/shop\/gieo-trong-hanh-phuc-thich-nhat-hanh\/"},"modified":"2023-05-13T19:21:28","modified_gmt":"2023-05-13T16:21:28","slug":"gieo-trong-hanh-phuc-thich-nhat-hanh","status":"publish","type":"product","link":"https:\/\/sachviet.eu\/en\/shop\/gieo-trong-hanh-phuc-thich-nhat-hanh\/","title":{"rendered":"Gieo Tr\u1ed3ng H\u1ea1nh Ph\u00fac\u00a0&#8211;\u00a0Th\u00edch Nh\u1ea5t H\u1ea1nh"},"content":{"rendered":"<p>Ch\u00e1nh Ni\u1ec7m l\u00e0 ngu\u1ed3n n\u0103ng l\u01b0\u1ee3ng t\u1ec9nh th\u1ee9c \u0111\u01b0a ta tr\u1edf v\u1ec1 v\u1edbi gi\u00e2y ph\u00fat hi\u1ec7n t\u1ea1i v\u00e0 gi\u00fap ta ti\u1ebfp x\u00fac s\u00e2u s\u1eafc v\u1edbi s\u1ef1 s\u1ed1ng trong m\u1ed7i ph\u00fat gi\u00e2y c\u1ee7a \u0111\u1eddi s\u1ed1ng h\u1eb1ng ng\u00e0y. Ch\u00fang ta kh\u00f4ng c\u1ea7n ph\u1ea3i \u0111i \u0111\u00e2u xa \u0111\u1ec3 th\u1ef1c t\u1eadp ch\u00e1nh ni\u1ec7m. Ch\u00fang ta c\u00f3 th\u1ec3 th\u1ef1c t\u1eadp ch\u00e1nh ni\u1ec7m ngay trong ph\u00f2ng m\u00ecnh ho\u1eb7c tr\u00ean \u0111\u01b0\u1eddng \u0111i t\u1eeb n\u01a1i n\u00e0y \u0111\u1ebfn n\u01a1i kh\u00e1c. Ta v\u1eabn c\u00f3 th\u1ec3 ti\u1ebfp t\u1ee5c l\u00e0m nh\u1eefng c\u00f4ng vi\u1ec7c ta th\u01b0\u1eddng l\u00e0m h\u1eb1ng ng\u00e0y nh\u01b0 \u0111i, \u0111\u1ee9ng, n\u1eb1m, ng\u1ed3i, l\u00e0m vi\u1ec7c, \u0103n, u\u1ed1ng, giao ti\u1ebfp, chuy\u1ec7n tr\u00f2\u2026 nh\u01b0ng v\u1edbi \u00fd th\u1ee9c l\u00e0 m\u00ecnh \u0111ang l\u00e0m nh\u1eefng c\u00f4ng vi\u1ec7c \u1ea5y.<\/p>\n<p>H\u00e3y t\u01b0\u1edfng t\u01b0\u1ee3ng ta \u0111ang ng\u1eafm m\u1eb7t tr\u1eddi m\u1ecdc v\u1edbi m\u1ed9t s\u1ed1 ng\u01b0\u1eddi. Trong khi nh\u1eefng ng\u01b0\u1eddi kh\u00e1c \u0111ang th\u01b0\u1edfng th\u1ee9c khung c\u1ea3nh \u0111\u1eb9p \u0111\u1ebd \u1ea5y th\u00ec ta l\u1ea1i \u201cb\u1eadn r\u1ed9n\u201d v\u1edbi nh\u1eefng th\u1ee9 trong \u0111\u1ea7u m\u00ecnh. Ta b\u1eadn r\u1ed9n v\u00e0 lo l\u1eafng cho nh\u1eefng k\u1ebf ho\u1ea1ch c\u1ee7a ta. Ta ngh\u0129 v\u1ec1 qu\u00e1 kh\u1ee9 ho\u1eb7c t\u01b0\u01a1ng lai m\u00e0 kh\u00f4ng th\u1ef1c s\u1ef1 c\u00f3 m\u1eb7t \u0111\u1ec3 tr\u00e2n qu\u00fd c\u01a1 h\u1ed9i \u0111\u00f3. Thay v\u00ec th\u01b0\u1edfng th\u1ee9c c\u1ea3nh \u0111\u1eb9p c\u1ee7a bu\u1ed5i b\u00ecnh minh, ta l\u1ea1i \u0111\u1ec3 cho nh\u1eefng kho\u1ea3nh kh\u1eafc qu\u00fd gi\u00e1 \u1ea5y tr\u00f4i qua oan u\u1ed5ng.<\/p>\n<p>N\u1ebfu qu\u1ea3 th\u1ef1c nh\u01b0 v\u1eady, ta c\u00f3 th\u1ec3 s\u1eed d\u1ee5ng m\u1ed9t ph\u01b0\u01a1ng ph\u00e1p kh\u00e1c. M\u1ed7i khi t\u00e2m ta \u0111i lang thang th\u00ec ta k\u00e9o t\u00e2m v\u1ec1 v\u00e0 t\u1eadp trung t\u00e2m \u00fd v\u00e0o h\u01a1i th\u1edf v\u00e0o \u2013 ra. Th\u1ef1c t\u1eadp h\u01a1i th\u1edf \u00fd th\u1ee9c gi\u00fap ta tr\u1edf v\u1ec1 v\u1edbi gi\u00e2y ph\u00fat hi\u1ec7n t\u1ea1i. Th\u00e2n t\u00e2m h\u1ee3p nh\u1ea5t, ta s\u1ebd c\u00f3 m\u1eb7t tr\u1ecdn v\u1eb9n \u0111\u1ec3 ng\u1eafm nh\u00ecn, qu\u00e1n chi\u1ebfu v\u00e0 th\u01b0\u1edfng th\u1ee9c khung c\u1ea3nh \u0111\u1eb9p \u0111\u1ebd \u1ea5y. B\u1eb1ng c\u00e1ch tr\u1edf v\u1ec1 v\u1edbi h\u01a1i th\u1edf, ta l\u1ea5y l\u1ea1i \u0111\u01b0\u1ee3c s\u1ef1 m\u1ea7u nhi\u1ec7m c\u1ee7a bu\u1ed5i b\u00ecnh minh.<\/p>\n<p>Ch\u00fang ta th\u01b0\u1eddng qu\u00e1 b\u1eadn r\u1ed9n \u0111\u1ebfn n\u1ed7i qu\u00ean m\u00ecnh \u0111ang l\u00e0m g\u00ec, ho\u1eb7c c\u00f3 khi ta qu\u00ean m\u00ecnh l\u00e0 ai. Th\u1eadm ch\u00ed c\u00f3 ng\u01b0\u1eddi qu\u00ean m\u1ea5t l\u00e0 m\u00ecnh \u0111ang th\u1edf. Ta qu\u00ean nh\u00ecn nh\u1eefng ng\u01b0\u1eddi th\u01b0\u01a1ng c\u1ee7a ta v\u00e0 tr\u00e2n qu\u00fd s\u1ef1 c\u00f3 m\u1eb7t c\u1ee7a h\u1ecd, cho \u0111\u1ebfn m\u1ed9t ng\u00e0y h\u1ecd \u0111i xa hay qua \u0111\u1eddi ta m\u1edbi th\u1ea5y h\u1ed1i ti\u1ebfc. C\u00f3 khi r\u1ea3nh r\u1ed7i \u0111i n\u1eefa, ta c\u0169ng kh\u00f4ng bi\u1ebft c\u00e1ch ti\u1ebfp x\u00fac v\u1edbi nh\u1eefng g\u00ec \u0111ang x\u1ea3y ra trong ta. V\u00ec v\u1eady ta m\u1edf ti vi l\u00ean xem ho\u1eb7c nh\u1ea5c \u0111i\u1ec7n tho\u1ea1i g\u1ecdi cho ai \u0111\u00f3. Ta ngh\u0129 l\u00e0m nh\u01b0 th\u1ebf l\u00e0 ta c\u00f3 th\u1ec3 tr\u1ed1n tho\u00e1t \u0111\u01b0\u1ee3c ch\u00ednh m\u00ecnh.<\/p>\n<p>\u00dd th\u1ee9c v\u1ec1 h\u01a1i th\u1edf l\u00e0 tinh y\u1ebfu c\u1ee7a ch\u00e1nh ni\u1ec7m. Theo l\u1eddi B\u1ee5t d\u1ea1y, ch\u00e1nh ni\u1ec7m l\u00e0 ngu\u1ed3n su\u1ed1i ph\u00e1t sinh h\u1ef7 l\u1ea1c. H\u1ea1t gi\u1ed1ng ch\u00e1nh ni\u1ec7m c\u00f3 trong m\u1ed7i ch\u00fang ta nh\u01b0ng th\u01b0\u1eddng th\u00ec ta qu\u00ean t\u01b0\u1edbi t\u1ea9m h\u1ea1t gi\u1ed1ng \u0111\u00f3. N\u1ebfu bi\u1ebft c\u00e1ch n\u01b0\u01a1ng v\u00e0o h\u01a1i th\u1edf, n\u01b0\u01a1ng v\u00e0o b\u01b0\u1edbc ch\u00e2n c\u1ee7a m\u00ecnh, ch\u00fang ta c\u00f3 th\u1ec3 ti\u1ebfp x\u00fac \u0111\u01b0\u1ee3c v\u1edbi nh\u1eefng h\u1ea1t gi\u1ed1ng an l\u00e0nh \u1ea5y v\u00e0 cho ph\u00e9p ch\u00fang bi\u1ec3u hi\u1ec7n. Thay v\u00ec n\u01b0\u01a1ng v\u00e0o nh\u1eefng \u00fd ni\u1ec7m tr\u1eebu t\u01b0\u1ee3ng v\u1ec1 B\u1ee5t, v\u1ec1 Ch\u00faa ho\u1eb7c v\u1ec1 Allah, ch\u00fang ta c\u00f3 th\u1ec3 ti\u1ebfp x\u00fac \u0111\u01b0\u1ee3c v\u1edbi B\u1ee5t, v\u1edbi Ch\u00faa trong t\u1eebng h\u01a1i th\u1edf v\u00e0 b\u01b0\u1edbc ch\u00e2n c\u1ee7a m\u00ecnh.<\/p>\n<p>\u0110i\u1ec1u n\u00e0y nghe c\u00f3 v\u1ebb d\u1ec5 d\u00e0ng v\u00e0 ai c\u0169ng c\u00f3 th\u1ec3 l\u00e0m \u0111\u01b0\u1ee3c, tuy nhi\u00ean \u0111\u00f2i h\u1ecfi \u1edf ch\u00fang ta m\u1ed9t s\u1ef1 t\u1eadp luy\u1ec7n. Quan tr\u1ecdng l\u00e0 t\u1eadp d\u1eebng l\u1ea1i. D\u1eebng l\u1ea1i nh\u01b0 th\u1ebf n\u00e0o? D\u1eebng l\u1ea1i b\u1eb1ng h\u01a1i th\u1edf v\u00e0o ra v\u00e0 b\u01b0\u1edbc ch\u00e2n c\u1ee7a m\u00ecnh. V\u00ec v\u1eady ph\u00e1p m\u00f4n c\u0103n b\u1ea3n c\u1ee7a ch\u00fang ta l\u00e0 h\u01a1i th\u1edf \u00fd th\u1ee9c v\u00e0 b\u01b0\u1edbc ch\u00e2n ch\u00e1nh ni\u1ec7m. N\u1ebfu n\u1eafm v\u1eefng nh\u1eefng ph\u00e1p m\u00f4n n\u00e0y, ch\u00fang ta c\u00f3 th\u1ec3 \u0103n, u\u1ed1ng, n\u1ea5u n\u01b0\u1edbng, l\u00e0m vi\u1ec7c, l\u00e1i xe\u2026 trong ch\u00e1nh ni\u1ec7m. V\u00e0 ch\u00fang ta lu\u00f4n lu\u00f4n an tr\u00fa trong gi\u00e2y ph\u00fat hi\u1ec7n t\u1ea1i, b\u00e2y gi\u1edd \u1edf \u0111\u00e2y.<\/p>\n<p>Th\u1ef1c t\u1eadp ch\u00e1nh ni\u1ec7m (smrti) \u0111\u01b0a \u0111\u1ebfn \u0111\u1ecbnh (samadhi) v\u00e0 \u0111\u1ecbnh \u0111\u01b0a \u0111\u1ebfn tu\u1ec7 (prajna). Tu\u1ec7 gi\u00e1c m\u00e0 ta \u0111\u1ea1t \u0111\u01b0\u1ee3c t\u1eeb s\u1ef1 th\u1ef1c t\u1eadp ch\u00e1nh ni\u1ec7m c\u00f3 kh\u1ea3 n\u0103ng gi\u1ea3i ph\u00f3ng ch\u00fang ta ra kh\u1ecfi nh\u1eefng t\u00ecnh tr\u1ea1ng s\u1ee3 h\u00e3i, lo \u00e2u, tuy\u1ec7t v\u1ecdng v\u00e0 \u0111em l\u1ea1i h\u1ea1nh ph\u00fac \u0111\u00edch th\u1ef1c cho ta. Ch\u00fang ta c\u00f3 th\u1ec3 s\u1eed d\u1ee5ng nh\u1eefng \u0111\u1ed1i t\u01b0\u1ee3ng \u0111\u01a1n gi\u1ea3n nh\u01b0 b\u00f4ng hoa \u0111\u1ec3 th\u1ef1c t\u1eadp ch\u00e1nh ni\u1ec7m. Khi c\u1ea7m b\u00f4ng hoa trong tay, ch\u00fang ta \u00fd th\u1ee9c v\u1ec1 b\u00f4ng hoa. H\u01a1i th\u1edf v\u00e0o ra gi\u00fap ta duy tr\u00ec \u00fd th\u1ee9c. Thay v\u00ec \u0111\u1ec3 cho nh\u1eefng suy ngh\u0129 tr\u1ea5n ng\u1ef1 ho\u1eb7c l\u00f4i k\u00e9o, ta tr\u1edf v\u1ec1 c\u00f3 m\u1eb7t cho b\u00f4ng hoa v\u00e0 th\u01b0\u1edfng th\u1ee9c v\u1ebb \u0111\u1eb9p c\u1ee7a b\u00f4ng hoa. \u0110\u1ecbnh l\u1ef1c s\u1ebd tr\u1edf th\u00e0nh ngu\u1ed3n su\u1ed1i ph\u00e1t sinh ni\u1ec1m vui trong ta.<\/p>\n<p>\u0110\u1ec3 th\u01b0\u1edfng th\u1ee9c tr\u1ecdn v\u1eb9n nh\u1eefng m\u00f3n qu\u00e0 m\u00e0 cu\u1ed9c s\u1ed1ng ban t\u1eb7ng, ch\u00fang ta ph\u1ea3i th\u1ef1c t\u1eadp ch\u00e1nh ni\u1ec7m trong m\u1ecdi l\u00fac, m\u1ecdi n\u01a1i d\u00f9 \u0111ang \u0111\u00e1nh r\u0103ng, chu\u1ea9n b\u1ecb th\u1ee9c \u0103n s\u00e1ng hay l\u00e1i xe \u0111i l\u00e0m. M\u1ed7i b\u01b0\u1edbc ch\u00e2n, m\u1ed7i h\u01a1i th\u1edf c\u00f3 th\u1ec3 l\u00e0 m\u1ed9t c\u01a1 h\u1ed9i \u0111em \u0111\u1ebfn cho ta ni\u1ec1m vui v\u00e0 h\u1ea1nh ph\u00fac. Cu\u1ed9c s\u1ed1ng \u0111\u1ea7y d\u1eaby kh\u1ed5 \u0111au. N\u1ebfu kh\u00f4ng \u0111\u1ee7 h\u1ea1nh ph\u00fac, ta s\u1ebd kh\u00f4ng ch\u0103m s\u00f3c \u0111\u01b0\u1ee3c n\u1ed7i kh\u1ed5 \u0111au v\u00e0 tuy\u1ec7t v\u1ecdng c\u1ee7a m\u00ecnh. Ch\u00fang ta h\u00e3y th\u1ef1c t\u1eadp v\u1edbi tinh th\u1ea7n nh\u1eb9 nh\u00e0ng th\u01b0 th\u00e1i, v\u1edbi t\u00e2m h\u1ed3n r\u1ed9ng m\u1edf bao la v\u00e0 v\u1edbi m\u1ed9t tr\u00e1i tim s\u1eb5n s\u00e0ng l\u1eafng nghe, ch\u1ea5p nh\u1eadn. Th\u1ef1c t\u1eadp l\u00e0 \u0111\u1ec3 nu\u00f4i l\u1edbn hi\u1ec3u bi\u1ebft ch\u1ee9 kh\u00f4ng ph\u1ea3i \u0111\u1ec3 ph\u00f4 tr\u01b0\u01a1ng h\u00ecnh th\u1ee9c. C\u00f3 ch\u00e1nh ni\u1ec7m, ta c\u00f3 th\u1ec3 nu\u00f4i l\u1edbn \u0111\u01b0\u1ee3c ni\u1ec1m vui trong ta, gi\u00fap ta x\u1eed l\u00fd t\u1ed1t h\u01a1n nh\u1eefng kh\u00f3 kh\u0103n th\u00e1ch th\u1ee9c trong cu\u1ed9c s\u1ed1ng v\u00e0 bi\u1ebft c\u00e1ch ch\u1ebf t\u00e1c t\u1ef1 do, an l\u1ea1c, th\u01b0\u01a1ng y\u00eau trong m\u1ed7i ch\u00fang ta.<\/p>\n","protected":false},"excerpt":{"rendered":"<p>Ch\u00e1nh Ni\u1ec7m l\u00e0 ngu\u1ed3n n\u0103ng l\u01b0\u1ee3ng t\u1ec9nh th\u1ee9c \u0111\u01b0a ta tr\u1edf v\u1ec1 v\u1edbi gi\u00e2y ph\u00fat hi\u1ec7n t\u1ea1i v\u00e0 gi\u00fap ta ti\u1ebfp x\u00fac s\u00e2u s\u1eafc v\u1edbi s\u1ef1 s\u1ed1ng trong m\u1ed7i ph\u00fat gi\u00e2y c\u1ee7a \u0111\u1eddi s\u1ed1ng h\u1eb1ng ng\u00e0y. Ch\u00fang ta kh\u00f4ng c\u1ea7n ph\u1ea3i \u0111i \u0111\u00e2u xa \u0111\u1ec3 th\u1ef1c t\u1eadp ch\u00e1nh ni\u1ec7m. Ch\u00fang ta c\u00f3 th\u1ec3 th\u1ef1c t\u1eadp ch\u00e1nh ni\u1ec7m ngay trong ph\u00f2ng m\u00ecnh ho\u1eb7c tr\u00ean \u0111\u01b0\u1eddng \u0111i t\u1eeb n\u01a1i n\u00e0y \u0111\u1ebfn n\u01a1i kh\u00e1c. Ta v\u1eabn c\u00f3 th\u1ec3 ti\u1ebfp t\u1ee5c l\u00e0m nh\u1eefng c\u00f4ng vi\u1ec7c ta th\u01b0\u1eddng l\u00e0m h\u1eb1ng ng\u00e0y nh\u01b0 \u0111i, \u0111\u1ee9ng, n\u1eb1m, ng\u1ed3i, l\u00e0m vi\u1ec7c, \u0103n, u\u1ed1ng, giao ti\u1ebfp, chuy\u1ec7n tr\u00f2\u2026 nh\u01b0ng v\u1edbi \u00fd th\u1ee9c l\u00e0 m\u00ecnh \u0111ang l\u00e0m nh\u1eefng c\u00f4ng vi\u1ec7c \u1ea5y.<\/p>\n<p>H\u00e3y t\u01b0\u1edfng t\u01b0\u1ee3ng ta \u0111ang ng\u1eafm m\u1eb7t tr\u1eddi m\u1ecdc v\u1edbi m\u1ed9t s\u1ed1 ng\u01b0\u1eddi. Trong khi nh\u1eefng ng\u01b0\u1eddi kh\u00e1c \u0111ang th\u01b0\u1edfng th\u1ee9c khung c\u1ea3nh \u0111\u1eb9p \u0111\u1ebd \u1ea5y th\u00ec ta l\u1ea1i \u201cb\u1eadn r\u1ed9n\u201d v\u1edbi nh\u1eefng th\u1ee9 trong \u0111\u1ea7u m\u00ecnh. Ta b\u1eadn r\u1ed9n v\u00e0 lo l\u1eafng cho nh\u1eefng k\u1ebf ho\u1ea1ch c\u1ee7a ta. Ta ngh\u0129 v\u1ec1 qu\u00e1 kh\u1ee9 ho\u1eb7c t\u01b0\u01a1ng lai m\u00e0 kh\u00f4ng th\u1ef1c s\u1ef1 c\u00f3 m\u1eb7t \u0111\u1ec3 tr\u00e2n qu\u00fd c\u01a1 h\u1ed9i \u0111\u00f3. Thay v\u00ec th\u01b0\u1edfng th\u1ee9c c\u1ea3nh \u0111\u1eb9p c\u1ee7a bu\u1ed5i b\u00ecnh minh, ta l\u1ea1i \u0111\u1ec3 cho nh\u1eefng kho\u1ea3nh kh\u1eafc qu\u00fd gi\u00e1 \u1ea5y tr\u00f4i qua oan u\u1ed5ng.<\/p>\n<p>N\u1ebfu qu\u1ea3 th\u1ef1c nh\u01b0 v\u1eady, ta c\u00f3 th\u1ec3 s\u1eed d\u1ee5ng m\u1ed9t ph\u01b0\u01a1ng ph\u00e1p kh\u00e1c. M\u1ed7i khi t\u00e2m ta \u0111i lang thang th\u00ec ta k\u00e9o t\u00e2m v\u1ec1 v\u00e0 t\u1eadp trung t\u00e2m \u00fd v\u00e0o h\u01a1i th\u1edf v\u00e0o \u2013 ra. Th\u1ef1c t\u1eadp h\u01a1i th\u1edf \u00fd th\u1ee9c gi\u00fap ta tr\u1edf v\u1ec1 v\u1edbi gi\u00e2y ph\u00fat hi\u1ec7n t\u1ea1i. Th\u00e2n t\u00e2m h\u1ee3p nh\u1ea5t, ta s\u1ebd c\u00f3 m\u1eb7t tr\u1ecdn v\u1eb9n \u0111\u1ec3 ng\u1eafm nh\u00ecn, qu\u00e1n chi\u1ebfu v\u00e0 th\u01b0\u1edfng th\u1ee9c khung c\u1ea3nh \u0111\u1eb9p \u0111\u1ebd \u1ea5y. B\u1eb1ng c\u00e1ch tr\u1edf v\u1ec1 v\u1edbi h\u01a1i th\u1edf, ta l\u1ea5y l\u1ea1i \u0111\u01b0\u1ee3c s\u1ef1 m\u1ea7u nhi\u1ec7m c\u1ee7a bu\u1ed5i b\u00ecnh minh.<\/p>\n<p>Ch\u00fang ta th\u01b0\u1eddng qu\u00e1 b\u1eadn r\u1ed9n \u0111\u1ebfn n\u1ed7i qu\u00ean m\u00ecnh \u0111ang l\u00e0m g\u00ec, ho\u1eb7c c\u00f3 khi ta qu\u00ean m\u00ecnh l\u00e0 ai. Th\u1eadm ch\u00ed c\u00f3 ng\u01b0\u1eddi qu\u00ean m\u1ea5t l\u00e0 m\u00ecnh \u0111ang th\u1edf. Ta qu\u00ean nh\u00ecn nh\u1eefng ng\u01b0\u1eddi th\u01b0\u01a1ng c\u1ee7a ta v\u00e0 tr\u00e2n qu\u00fd s\u1ef1 c\u00f3 m\u1eb7t c\u1ee7a h\u1ecd, cho \u0111\u1ebfn m\u1ed9t ng\u00e0y h\u1ecd \u0111i xa hay qua \u0111\u1eddi ta m\u1edbi th\u1ea5y h\u1ed1i ti\u1ebfc. C\u00f3 khi r\u1ea3nh r\u1ed7i \u0111i n\u1eefa, ta c\u0169ng kh\u00f4ng bi\u1ebft c\u00e1ch ti\u1ebfp x\u00fac v\u1edbi nh\u1eefng g\u00ec \u0111ang x\u1ea3y ra trong ta. V\u00ec v\u1eady ta m\u1edf ti vi l\u00ean xem ho\u1eb7c nh\u1ea5c \u0111i\u1ec7n tho\u1ea1i g\u1ecdi cho ai \u0111\u00f3. Ta ngh\u0129 l\u00e0m nh\u01b0 th\u1ebf l\u00e0 ta c\u00f3 th\u1ec3 tr\u1ed1n tho\u00e1t \u0111\u01b0\u1ee3c ch\u00ednh m\u00ecnh.<\/p>\n","protected":false},"featured_media":13651,"template":"","meta":{"_acf_changed":false},"product_brand":[],"product_cat":[15,46],"product_tag":[],"class_list":{"0":"post-13652","1":"product","2":"type-product","3":"status-publish","4":"has-post-thumbnail","6":"product_cat-sach-danh-cho-nguoi-lon","7":"product_cat-ky-nang-song","9":"first","10":"outofstock","11":"taxable","12":"shipping-taxable","13":"purchasable","14":"product-type-simple"},"supplier_id":null,"supplier_sku":"","barcode":null,"atum_controlled":true,"out_stock_date":"2023-05-13 16:21:28","out_stock_threshold":null,"inheritable":false,"inbound_stock":0,"stock_on_hold":0,"sold_today":0,"sales_last_days":0,"reserved_stock":0,"customer_returns":0,"warehouse_damage":0,"lost_in_post":0,"other_logs":0,"out_stock_days":991,"lost_sales":0,"has_location":false,"update_date":"2026-01-28T23:10:53","atum_locations":[],"atum_stock_status":"outofstock","restock_status":false,"low_stock_amount":"","sales_update_date":"2026-01-28T23:10:53","calc_backorders":null,"acf":{"publisher":{"ID":1474,"post_author":"1","post_date":"2021-02-17 01:12:51","post_date_gmt":"2021-02-16 23:12:51","post_content":"","post_title":"Th\u00e1i H\u00e0","post_excerpt":"","post_status":"publish","comment_status":"closed","ping_status":"closed","post_password":"","post_name":"thai-ha","to_ping":"","pinged":"","post_modified":"2021-02-17 01:12:51","post_modified_gmt":"2021-02-16 23:12:51","post_content_filtered":"","post_parent":0,"guid":"https:\/\/sachviet.eu\/nha-phat-hanh\/thai-ha\/","menu_order":0,"post_type":"publisher","post_mime_type":"","comment_count":"0","filter":"raw"}},"_links":{"self":[{"href":"https:\/\/sachviet.eu\/en\/wp-json\/wp\/v2\/product\/13652","targetHints":{"allow":["GET"]}}],"collection":[{"href":"https:\/\/sachviet.eu\/en\/wp-json\/wp\/v2\/product"}],"about":[{"href":"https:\/\/sachviet.eu\/en\/wp-json\/wp\/v2\/types\/product"}],"wp:featuredmedia":[{"embeddable":true,"href":"https:\/\/sachviet.eu\/en\/wp-json\/wp\/v2\/media\/13651"}],"wp:attachment":[{"href":"https:\/\/sachviet.eu\/en\/wp-json\/wp\/v2\/media?parent=13652"}],"wp:term":[{"taxonomy":"product_brand","embeddable":true,"href":"https:\/\/sachviet.eu\/en\/wp-json\/wp\/v2\/product_brand?post=13652"},{"taxonomy":"product_cat","embeddable":true,"href":"https:\/\/sachviet.eu\/en\/wp-json\/wp\/v2\/product_cat?post=13652"},{"taxonomy":"product_tag","embeddable":true,"href":"https:\/\/sachviet.eu\/en\/wp-json\/wp\/v2\/product_tag?post=13652"}],"curies":[{"name":"wp","href":"https:\/\/api.w.org\/{rel}","templated":true}]}}