{"id":13646,"date":"2021-07-02T20:40:24","date_gmt":"2021-07-02T17:40:24","guid":{"rendered":"https:\/\/sachviet.eu\/shop\/hanh-phuc-cam-tay-tai-ban\/"},"modified":"2022-01-12T15:21:13","modified_gmt":"2022-01-12T13:21:13","slug":"hanh-phuc-cam-tay-tai-ban","status":"publish","type":"product","link":"https:\/\/sachviet.eu\/en\/shop\/hanh-phuc-cam-tay-tai-ban\/","title":{"rendered":"H\u1ea1nh Ph\u00fac C\u1ea7m Tay (T\u00e1i B\u1ea3n)"},"content":{"rendered":"<p>Cu\u1ed9c s\u1ed1ng quanh ta \u0111\u1ea7y m\u00e0u nhi\u1ec7m, ch\u00e1nh ni\u1ec7m l\u00e0 tr\u00e1i tim c\u1ee7a thi\u1ec1n t\u1eadp, l\u00e0 ngu\u1ed3n n\u0103ng l\u01b0\u1ee3ng xuy\u00ean su\u1ed1t kh\u00f4ng th\u1ec3 thay \u0111\u1ed5i. M\u1ed9t ng\u01b0\u1eddi s\u1ed1ng trong ch\u00e1nh ni\u1ec7m, t\u00e2m an, s\u1ebd khi\u1ebfn nh\u1eefng ng\u01b0\u1eddi xung quanh vui v\u1ebb, an nhi\u00ean v\u00e0 th\u1eadm ch\u00ed thay \u0111\u1ed5i c\u1ea3 x\u00e3 h\u1ed9i.<\/p>\n<p>\u201cT\u1ea5t c\u1ea3 ch\u00fang ta \u0111\u1ec1u c\u00f3 h\u1ea1t gi\u1ed1ng c\u1ee7a ni\u1ec7m v\u00e0 \u0111\u1ecbnh\u201d<\/p>\n<p> \u201c\u0110\u1ecbnh l\u00e0m ph\u00e1t sinh h\u1ef7 l\u1ea1c\u201d \u0110\u1ecbnh ngu\u1ed3n c\u0103n, c\u00f3 \u0111\u1ecbnh con ng\u01b0\u1eddi s\u1ebd c\u1ea3m th\u1ea5y \u0111ang th\u1ef1c s\u1ef1 s\u1ed1ng ch\u1ee9 kh\u00f4ng ph\u1ea3i ch\u1ec9 t\u1ed3n t\u1ea1i. C\u1ea3m nh\u1eadn cu\u1ed9c \u0111\u1eddi t\u01b0\u01a1i \u0111\u1eb9p kh\u00f4ng qua \u0111\u00f4i m\u1eaft m\u00e0 qua h\u01a1i th\u1edf v\u00e0 t\u00e2m h\u1ed3n.<\/p>\n<p>Thi\u1ec1n s\u01b0 L\u00e2m T\u1ebf \u0111\u00e3 n\u00f3i r\u1eb1ng: \u201cPh\u00e9p l\u1ea1 l\u00e0 \u0111i tr\u00ean m\u1eb7t \u0111\u1ea5t m\u00e0 kh\u00f4ng ph\u1ea3i \u0111i tr\u00ean m\u1eb7t n\u01b0\u1edbc hay \u0111i tr\u00ean than h\u1ed3ng\u201d. T\u1ea5t c\u1ea3 nh\u1eefng g\u00ec ta l\u00e0m \u0111\u1ec1u c\u1ed1t y\u1ebfu l\u00e0 \u0111\u1ec3 t\u00e2m an. M\u1ed7i ng\u00e0y, ta \u0111\u00ec t\u00ecm t\u1ef1 do cho h\u1ea1nh ph\u00fac, hay h\u1ea1nh ph\u00fac \u0111\u1ec3 \u0111\u01b0\u1ee3c t\u1ef1 do?! N\u1ebfu c\u1ee9 m\u1ea3i m\u00ea m\u1eafc k\u1eb9t trong qu\u00e1 kh\u1ee9 v\u00e0 lo bu\u1ed3n v\u1ec1 t\u01b0\u01a1ng lai, hi\u1ec7n t\u1ea1i s\u1ebd t\u1ef1 nhi\u00ean ng\u1ea3 m\u00e0u h\u00e9o \u00faa.<\/p>\n<p>Ngh\u1ec9 ng\u01a1i l\u00e0 b\u01b0\u1edbc \u0111\u1ea7u ti\u00ean c\u1ee7a thi\u1ec1n t\u1eadp, v\u00e0 con \u0111\u01b0\u1eddng ng\u1eafn nh\u1ea5t l\u00e0 th\u1ea3 l\u1ecfng v\u00e0 kh\u00f4ng g\u01b0\u1ee3ng \u00e9p.<br \/>\nS\u1ed1ng l\u00e0 \u0111\u1ec3 kh\u00f4ng u\u1ed5ng ph\u00ed m\u1ed9t \u0111\u1eddi, s\u1ed1ng tr\u1ecdn v\u1eb9n t\u1eebng gi\u00e2y ph\u00fat, thanh th\u1ea3n t\u1eebng h\u00e0nh \u0111\u1ed9ng.<br \/>\nB\u01b0\u1edbc \u0111i m\u1ed9t c\u00e1ch tho\u1ea3i m\u00e1i, an l\u1ea1c, \u0111i nh\u01b0 kh\u00f4ng \u0111i s\u1ebd kh\u00f4ng th\u1ea5y m\u1ec7t m\u1ecfi. S\u1ef1 c\u1ed1 g\u01b0\u1ee3ng l\u00e0 kh\u00f4ng c\u1ea7n thi\u1ebft n\u1ebfu ta hi\u1ec3u \u0111\u01b0\u1ee3c r\u1eb1ng m\u1ed7i b\u01b0\u1edbc \u0111i l\u00e0 m\u1ed7i b\u01b0\u1edbc \u0111\u01b0\u1ee3c ti\u1ebfp x\u00fac v\u1edbi cu\u1ed9c \u0111\u1eddi v\u00e0 s\u1ef1 m\u00e0u nhi\u1ec7m v\u00f4 t\u1eadn. Ch\u1ea1m v\u00e0o \u0111\u1ea5t M\u1eb9 l\u00e0 ngu\u1ed3n c\u0103n c\u1ee7a \u201cS\u00e1m Ph\u00e1p \u0111\u1ecba x\u00fac\u201d, ng\u01b0\u1eddi th\u01b0\u1eddng c\u0169ng c\u00f3 th\u1ec3 th\u1ef1c h\u00e0nh khi b\u1ebf t\u1eafc, lo s\u1ee3, Ng\u01b0\u1eddi nh\u1eabn n\u1ea1i b\u1ea3o h\u1ed9, che ch\u1edf v\u00e0 cho ta l\u1ed1i tho\u00e1t, m\u1ecdi th\u1ee9 t\u1ef1 kh\u1eafc tr\u1edf n\u00ean nh\u1eb9 nh\u00e0ng.<\/p>\n","protected":false},"excerpt":{"rendered":"<p>Cu\u1ed9c s\u1ed1ng quanh ta \u0111\u1ea7y m\u00e0u nhi\u1ec7m, ch\u00e1nh ni\u1ec7m l\u00e0 tr\u00e1i tim c\u1ee7a thi\u1ec1n t\u1eadp, l\u00e0 ngu\u1ed3n n\u0103ng l\u01b0\u1ee3ng xuy\u00ean su\u1ed1t kh\u00f4ng th\u1ec3 thay \u0111\u1ed5i. M\u1ed9t ng\u01b0\u1eddi s\u1ed1ng trong ch\u00e1nh ni\u1ec7m, t\u00e2m an, s\u1ebd khi\u1ebfn nh\u1eefng ng\u01b0\u1eddi xung quanh vui v\u1ebb, an nhi\u00ean v\u00e0 th\u1eadm ch\u00ed thay \u0111\u1ed5i c\u1ea3 x\u00e3 h\u1ed9i.<\/p>\n<p>\u201cT\u1ea5t c\u1ea3 ch\u00fang ta \u0111\u1ec1u c\u00f3 h\u1ea1t gi\u1ed1ng c\u1ee7a ni\u1ec7m v\u00e0 \u0111\u1ecbnh\u201d<\/p>\n<p> \u201c\u0110\u1ecbnh l\u00e0m ph\u00e1t sinh h\u1ef7 l\u1ea1c\u201d \u0110\u1ecbnh ngu\u1ed3n c\u0103n, c\u00f3 \u0111\u1ecbnh con ng\u01b0\u1eddi s\u1ebd c\u1ea3m th\u1ea5y \u0111ang th\u1ef1c s\u1ef1 s\u1ed1ng ch\u1ee9 kh\u00f4ng ph\u1ea3i ch\u1ec9 t\u1ed3n t\u1ea1i. C\u1ea3m nh\u1eadn cu\u1ed9c \u0111\u1eddi t\u01b0\u01a1i \u0111\u1eb9p kh\u00f4ng qua \u0111\u00f4i m\u1eaft m\u00e0 qua h\u01a1i th\u1edf v\u00e0 t\u00e2m h\u1ed3n.<\/p>\n<p>Thi\u1ec1n s\u01b0 L\u00e2m T\u1ebf \u0111\u00e3 n\u00f3i r\u1eb1ng: \u201cPh\u00e9p l\u1ea1 l\u00e0 \u0111i tr\u00ean m\u1eb7t \u0111\u1ea5t m\u00e0 kh\u00f4ng ph\u1ea3i \u0111i tr\u00ean m\u1eb7t n\u01b0\u1edbc hay \u0111i tr\u00ean than h\u1ed3ng\u201d. T\u1ea5t c\u1ea3 nh\u1eefng g\u00ec ta l\u00e0m \u0111\u1ec1u c\u1ed1t y\u1ebfu l\u00e0 \u0111\u1ec3 t\u00e2m an. M\u1ed7i ng\u00e0y, ta \u0111\u00ec t\u00ecm t\u1ef1 do cho h\u1ea1nh ph\u00fac, hay h\u1ea1nh ph\u00fac \u0111\u1ec3 \u0111\u01b0\u1ee3c t\u1ef1 do?! N\u1ebfu c\u1ee9 m\u1ea3i m\u00ea m\u1eafc k\u1eb9t trong qu\u00e1 kh\u1ee9 v\u00e0 lo bu\u1ed3n v\u1ec1 t\u01b0\u01a1ng lai, hi\u1ec7n t\u1ea1i s\u1ebd t\u1ef1 nhi\u00ean ng\u1ea3 m\u00e0u h\u00e9o \u00faa.<\/p>\n<p>Ngh\u1ec9 ng\u01a1i l\u00e0 b\u01b0\u1edbc \u0111\u1ea7u ti\u00ean c\u1ee7a thi\u1ec1n t\u1eadp, v\u00e0 con \u0111\u01b0\u1eddng ng\u1eafn nh\u1ea5t l\u00e0 th\u1ea3 l\u1ecfng v\u00e0 kh\u00f4ng g\u01b0\u1ee3ng \u00e9p.<br \/>\nS\u1ed1ng l\u00e0 \u0111\u1ec3 kh\u00f4ng u\u1ed5ng ph\u00ed m\u1ed9t \u0111\u1eddi, s\u1ed1ng tr\u1ecdn v\u1eb9n t\u1eebng gi\u00e2y ph\u00fat, thanh th\u1ea3n t\u1eebng h\u00e0nh \u0111\u1ed9ng.<br \/>\nB\u01b0\u1edbc \u0111i m\u1ed9t c\u00e1ch tho\u1ea3i m\u00e1i, an l\u1ea1c, \u0111i nh\u01b0 kh\u00f4ng \u0111i s\u1ebd kh\u00f4ng th\u1ea5y m\u1ec7t m\u1ecfi. S\u1ef1 c\u1ed1 g\u01b0\u1ee3ng l\u00e0 kh\u00f4ng c\u1ea7n thi\u1ebft n\u1ebfu ta hi\u1ec3u \u0111\u01b0\u1ee3c r\u1eb1ng m\u1ed7i b\u01b0\u1edbc \u0111i l\u00e0 m\u1ed7i b\u01b0\u1edbc \u0111\u01b0\u1ee3c ti\u1ebfp x\u00fac v\u1edbi cu\u1ed9c \u0111\u1eddi v\u00e0 s\u1ef1 m\u00e0u nhi\u1ec7m v\u00f4 t\u1eadn. Ch\u1ea1m v\u00e0o \u0111\u1ea5t M\u1eb9 l\u00e0 ngu\u1ed3n c\u0103n c\u1ee7a \u201cS\u00e1m Ph\u00e1p \u0111\u1ecba x\u00fac\u201d, ng\u01b0\u1eddi th\u01b0\u1eddng c\u0169ng c\u00f3 th\u1ec3 th\u1ef1c h\u00e0nh khi b\u1ebf t\u1eafc, lo s\u1ee3, Ng\u01b0\u1eddi nh\u1eabn n\u1ea1i b\u1ea3o h\u1ed9, che ch\u1edf v\u00e0 cho ta l\u1ed1i tho\u00e1t, m\u1ecdi th\u1ee9 t\u1ef1 kh\u1eafc tr\u1edf n\u00ean nh\u1eb9 nh\u00e0ng.<\/p>\n<p>Cu\u1ed1n s\u00e1ch ti\u1ebfp t\u1ee5c v\u1edbi N\u0103m u\u1ea9n trong m\u1ed9t con ng\u01b0\u1eddi: s\u1eafc, th\u1ecd, t\u01b0\u1edfng, h\u00e0nh, th\u1ee9c, \u0111\u1ec1u c\u1ea7n ta tr\u1ecb v\u00ec, cai qu\u1ea3n. C\u00f3 ch\u00e1nh ni\u1ec7m s\u1ebd nh\u1eadn di\u1ec7n \u0111\u01b0\u1ee3c t\u1eadp kh\u00ed khi ch\u00fang \u0111ang ph\u00e1t kh\u1edfi v\u00e0 ng\u0103n ng\u1eeba n\u00f3 ho\u00e0nh h\u00e0nh ta, qu\u1ea5y nhi\u1ec5u gi\u1ea5c ng\u1ee7 ta m\u1ed7i \u0111\u00eam. C\u1ea3 nh\u1eefng tri gi\u00e1c sai l\u1ea7m v\u00e2y b\u00e1m l\u1ea5y t\u00e2m tr\u00ed ta, c\u0169ng s\u1ebd \u0111\u01b0\u1ee3c lo\u1ea1i b\u1ecf.<\/p>\n<p>Kh\u00e9p l\u1ea1i v\u1edbi N\u0103m gi\u1edbi t\u00e2n tu: B\u1ea3o v\u1ec7 s\u1ef1 s\u1ed1ng, H\u1ea1nh ph\u00fac ch\u00e2n th\u1eadt, T\u00ecnh th\u01b0\u01a1ng \u0111\u00edch th\u1ef1c, L\u1eafng nghe v\u00e0 \u00e1i ng\u1eef, Nu\u00f4i d\u01b0\u1ee1ng v\u00e0 tr\u1ecb li\u1ec7u l\u00e0 n\u0103m ph\u00e9p th\u1ef1c t\u1eadp ch\u00e1nh ni\u1ec7m, c\u00f3 kh\u1ea3 n\u0103ng x\u00f3a b\u1ecf m\u1ecdi r\u00e0o c\u1ea3n, k\u1ec3 c\u1ea3 h\u1eadn th\u00f9 v\u00e0 tuy\u1ec7t v\u1ecdng \u0111\u1ec3 ta b\u01b0\u1edbc \u0111i tr\u00ean con \u0111\u01b0\u1eddng thanh th\u1ea3n, s\u1ed1ng cu\u1ed9c \u0111\u1eddi \u0111\u00e1ng s\u1ed1ng c\u1ee7a ta.<\/p>\n","protected":false},"featured_media":13636,"template":"","meta":{"_acf_changed":false},"product_brand":[],"product_cat":[15,46],"product_tag":[],"class_list":{"0":"post-13646","1":"product","2":"type-product","3":"status-publish","4":"has-post-thumbnail","6":"product_cat-sach-danh-cho-nguoi-lon","7":"product_cat-ky-nang-song","9":"first","10":"outofstock","11":"taxable","12":"shipping-taxable","13":"purchasable","14":"product-type-simple"},"supplier_id":null,"supplier_sku":"","barcode":null,"atum_controlled":true,"out_stock_date":"2022-01-12 13:21:13","out_stock_threshold":null,"inheritable":false,"inbound_stock":0,"stock_on_hold":0,"sold_today":0,"sales_last_days":0,"reserved_stock":0,"customer_returns":0,"warehouse_damage":0,"lost_in_post":0,"other_logs":0,"out_stock_days":1477,"lost_sales":0,"has_location":false,"update_date":"2026-01-28T23:10:53","atum_locations":[],"atum_stock_status":"outofstock","restock_status":false,"low_stock_amount":"","sales_update_date":"2026-01-28T23:10:53","calc_backorders":null,"acf":{"publisher":{"ID":1474,"post_author":"1","post_date":"2021-02-17 01:12:51","post_date_gmt":"2021-02-16 23:12:51","post_content":"","post_title":"Th\u00e1i H\u00e0","post_excerpt":"","post_status":"publish","comment_status":"closed","ping_status":"closed","post_password":"","post_name":"thai-ha","to_ping":"","pinged":"","post_modified":"2021-02-17 01:12:51","post_modified_gmt":"2021-02-16 23:12:51","post_content_filtered":"","post_parent":0,"guid":"https:\/\/sachviet.eu\/nha-phat-hanh\/thai-ha\/","menu_order":0,"post_type":"publisher","post_mime_type":"","comment_count":"0","filter":"raw"}},"_links":{"self":[{"href":"https:\/\/sachviet.eu\/en\/wp-json\/wp\/v2\/product\/13646","targetHints":{"allow":["GET"]}}],"collection":[{"href":"https:\/\/sachviet.eu\/en\/wp-json\/wp\/v2\/product"}],"about":[{"href":"https:\/\/sachviet.eu\/en\/wp-json\/wp\/v2\/types\/product"}],"wp:featuredmedia":[{"embeddable":true,"href":"https:\/\/sachviet.eu\/en\/wp-json\/wp\/v2\/media\/13636"}],"wp:attachment":[{"href":"https:\/\/sachviet.eu\/en\/wp-json\/wp\/v2\/media?parent=13646"}],"wp:term":[{"taxonomy":"product_brand","embeddable":true,"href":"https:\/\/sachviet.eu\/en\/wp-json\/wp\/v2\/product_brand?post=13646"},{"taxonomy":"product_cat","embeddable":true,"href":"https:\/\/sachviet.eu\/en\/wp-json\/wp\/v2\/product_cat?post=13646"},{"taxonomy":"product_tag","embeddable":true,"href":"https:\/\/sachviet.eu\/en\/wp-json\/wp\/v2\/product_tag?post=13646"}],"curies":[{"name":"wp","href":"https:\/\/api.w.org\/{rel}","templated":true}]}}