{"id":13635,"date":"2021-07-02T20:39:36","date_gmt":"2021-07-02T17:39:36","guid":{"rendered":"https:\/\/sachviet.eu\/shop\/duong-xua-may-trang-theo-got-chan-but-bia-mem-tai-ban-2020\/"},"modified":"2023-11-27T21:06:00","modified_gmt":"2023-11-27T19:06:00","slug":"duong-xua-may-trang-theo-got-chan-but-bia-mem-tai-ban-2020","status":"publish","type":"product","link":"https:\/\/sachviet.eu\/en\/shop\/duong-xua-may-trang-theo-got-chan-but-bia-mem-tai-ban-2020\/","title":{"rendered":"\u0110\u01b0\u1eddng X\u01b0a M\u00e2y Tr\u1eafng &#8211; Theo G\u00f3t Ch\u00e2n B\u1ee5t &#8211; B\u00eca M\u1ec1m (T\u00e1i B\u1ea3n 2020)"},"content":{"rendered":"<p>\u0110\u01b0\u1eddng X\u01b0a M\u00e2y Tr\u1eafng &#8211; Theo G\u00f3t Ch\u00e2n B\u1ee5t l\u00e0 m\u1ed9t c\u00e2u chuy\u1ec7n v\u00f4 c\u00f9ng l\u00fd th\u00fa v\u1ec1 cu\u1ed9c \u0111\u1eddi c\u1ee7a B\u1ee5t \u0111\u01b0\u1ee3c k\u1ec3 l\u1ea1i d\u01b0\u1edbi ng\u00f2i b\u00fat h\u00f9ng h\u1ed3n \u0111\u1ea7y ch\u1ea5t th\u01a1 c\u1ee7a t\u00e1c gi\u1ea3. V\u1edbi v\u0103n phong nh\u1eb9 nh\u00e0ng gi\u1ea3n d\u1ecb, v\u1edbi l\u1ed1i k\u1ec3 chuy\u1ec7n sinh \u0111\u1ed9ng l\u00f4i cu\u1ed1n, t\u00e1c gi\u1ea3 \u0111\u00e3 \u0111\u01b0a ch\u00fang ta tr\u1edf v\u1ec1 t\u1eafm m\u00ecnh trong d\u00f2ng s\u00f4ng Nguy\u00ean th\u1ec9 c\u00e1ch \u0111\u00e2y g\u1ea7n 2.600 n\u0103m, \u0111\u1ec3 \u0111\u01b0\u1ee3c hi\u1ec3u v\u00e0 g\u1ea7n g\u0169i v\u1edbi m\u1ed9t b\u1eadc gi\u00e1c ng\u1ed9 m\u00e0 cu\u1ed9c \u0111\u1eddi c\u1ee7a Ng\u00e0i t\u1ecfa r\u1ea1ng n\u1ebfp s\u1ed1ng \u0111\u1ea7y tu\u1ec7 gi\u00e1c v\u00e0 t\u1eeb bi. \u0110\u1ecdc \u0110\u01b0\u1eddng X\u01b0a M\u00e2y Tr\u1eafng cho ch\u00fang ta c\u1ea3m t\u01b0\u1edfng nh\u01b0 \u0111ang \u0111\u1ecdc m\u1ed9t thi\u00ean t\u00ecnh s\u1eed, nh\u1eb9 nh\u00e0ng, g\u1ea7n g\u0169i m\u00e0 s\u00e2u l\u1eafng.<\/p>\n<p>S\u00e1ch \u0110\u01b0\u1eddng X\u01b0a M\u00e2y Tr\u1eafng &#8211; Theo G\u00f3t Ch\u00e2n B\u1ee5t \u0111\u00e3 \u0111\u01b0\u1ee3c d\u1ecbch ra h\u01a1n 20 th\u1ee9 ti\u1ebfng, \u0111\u01b0\u1ee3c t\u00e1i b\u1ea3n nhi\u1ec1u l\u1ea7n \u1edf c\u00e1c n\u01b0\u1edbc v\u00e0 \u0111\u01b0\u1ee3c x\u1ebfp v\u00e0o h\u00e0ng nh\u1eefng quy\u1ec3n s\u00e1ch hay nh\u1ea5t c\u1ee7a th\u1ebf k\u1ef7 20.<\/p>\n","protected":false},"excerpt":{"rendered":"<p>\u0110\u01b0\u1eddng X\u01b0a M\u00e2y Tr\u1eafng &#8211; Theo G\u00f3t Ch\u00e2n B\u1ee5t l\u00e0 m\u1ed9t c\u00e2u chuy\u1ec7n v\u00f4 c\u00f9ng l\u00fd th\u00fa v\u1ec1 cu\u1ed9c \u0111\u1eddi c\u1ee7a B\u1ee5t \u0111\u01b0\u1ee3c k\u1ec3 l\u1ea1i d\u01b0\u1edbi ng\u00f2i b\u00fat h\u00f9ng h\u1ed3n \u0111\u1ea7y ch\u1ea5t th\u01a1 c\u1ee7a t\u00e1c gi\u1ea3. V\u1edbi v\u0103n phong nh\u1eb9 nh\u00e0ng gi\u1ea3n d\u1ecb, v\u1edbi l\u1ed1i k\u1ec3 chuy\u1ec7n sinh \u0111\u1ed9ng l\u00f4i cu\u1ed1n, t\u00e1c gi\u1ea3 \u0111\u00e3 \u0111\u01b0a ch\u00fang ta tr\u1edf v\u1ec1 t\u1eafm m\u00ecnh trong d\u00f2ng s\u00f4ng Nguy\u00ean th\u1ec9 c\u00e1ch \u0111\u00e2y g\u1ea7n 2.600 n\u0103m, \u0111\u1ec3 \u0111\u01b0\u1ee3c hi\u1ec3u v\u00e0 g\u1ea7n g\u0169i v\u1edbi m\u1ed9t b\u1eadc gi\u00e1c ng\u1ed9 m\u00e0 cu\u1ed9c \u0111\u1eddi c\u1ee7a Ng\u00e0i t\u1ecfa r\u1ea1ng n\u1ebfp s\u1ed1ng \u0111\u1ea7y tu\u1ec7 gi\u00e1c v\u00e0 t\u1eeb bi. \u0110\u1ecdc \u0110\u01b0\u1eddng X\u01b0a M\u00e2y Tr\u1eafng cho ch\u00fang ta c\u1ea3m t\u01b0\u1edfng nh\u01b0 \u0111ang \u0111\u1ecdc m\u1ed9t thi\u00ean t\u00ecnh s\u1eed, nh\u1eb9 nh\u00e0ng, g\u1ea7n g\u0169i m\u00e0 s\u00e2u l\u1eafng.<\/p>\n<p>S\u00e1ch \u0110\u01b0\u1eddng X\u01b0a M\u00e2y Tr\u1eafng &#8211; Theo G\u00f3t Ch\u00e2n B\u1ee5t \u0111\u00e3 \u0111\u01b0\u1ee3c d\u1ecbch ra h\u01a1n 20 th\u1ee9 ti\u1ebfng, \u0111\u01b0\u1ee3c t\u00e1i b\u1ea3n nhi\u1ec1u l\u1ea7n \u1edf c\u00e1c n\u01b0\u1edbc v\u00e0 \u0111\u01b0\u1ee3c x\u1ebfp v\u00e0o h\u00e0ng nh\u1eefng quy\u1ec3n s\u00e1ch hay nh\u1ea5t c\u1ee7a th\u1ebf k\u1ef7 20.<\/p>\n","protected":false},"featured_media":13633,"template":"","meta":{"_acf_changed":false},"product_brand":[],"product_cat":[15,76],"product_tag":[],"class_list":{"0":"post-13635","1":"product","2":"type-product","3":"status-publish","4":"has-post-thumbnail","6":"product_cat-sach-danh-cho-nguoi-lon","7":"product_cat-ton-giao-tam-linh","9":"first","10":"outofstock","11":"taxable","12":"shipping-taxable","13":"purchasable","14":"product-type-simple"},"supplier_id":null,"supplier_sku":"","barcode":null,"atum_controlled":true,"out_stock_date":"2023-11-27 19:06:00","out_stock_threshold":null,"inheritable":false,"inbound_stock":0,"stock_on_hold":0,"sold_today":0,"sales_last_days":0,"reserved_stock":0,"customer_returns":0,"warehouse_damage":0,"lost_in_post":0,"other_logs":0,"out_stock_days":793,"lost_sales":0,"has_location":false,"update_date":"2026-01-28T23:10:53","atum_locations":[],"atum_stock_status":"outofstock","restock_status":false,"low_stock_amount":"","sales_update_date":"2026-01-28T23:10:53","calc_backorders":null,"acf":{"publisher":{"ID":10224,"post_author":"1","post_date":"2021-06-02 18:46:58","post_date_gmt":"2021-06-02 15:46:58","post_content":"","post_title":"Ph\u01b0\u01a1ng Nam","post_excerpt":"","post_status":"publish","comment_status":"closed","ping_status":"closed","post_password":"","post_name":"phuong-nam","to_ping":"","pinged":"","post_modified":"2021-06-02 18:46:58","post_modified_gmt":"2021-06-02 15:46:58","post_content_filtered":"","post_parent":0,"guid":"https:\/\/sachviet.eu\/nha-phat-hanh\/phuong-nam\/","menu_order":0,"post_type":"publisher","post_mime_type":"","comment_count":"0","filter":"raw"}},"_links":{"self":[{"href":"https:\/\/sachviet.eu\/en\/wp-json\/wp\/v2\/product\/13635","targetHints":{"allow":["GET"]}}],"collection":[{"href":"https:\/\/sachviet.eu\/en\/wp-json\/wp\/v2\/product"}],"about":[{"href":"https:\/\/sachviet.eu\/en\/wp-json\/wp\/v2\/types\/product"}],"wp:featuredmedia":[{"embeddable":true,"href":"https:\/\/sachviet.eu\/en\/wp-json\/wp\/v2\/media\/13633"}],"wp:attachment":[{"href":"https:\/\/sachviet.eu\/en\/wp-json\/wp\/v2\/media?parent=13635"}],"wp:term":[{"taxonomy":"product_brand","embeddable":true,"href":"https:\/\/sachviet.eu\/en\/wp-json\/wp\/v2\/product_brand?post=13635"},{"taxonomy":"product_cat","embeddable":true,"href":"https:\/\/sachviet.eu\/en\/wp-json\/wp\/v2\/product_cat?post=13635"},{"taxonomy":"product_tag","embeddable":true,"href":"https:\/\/sachviet.eu\/en\/wp-json\/wp\/v2\/product_tag?post=13635"}],"curies":[{"name":"wp","href":"https:\/\/api.w.org\/{rel}","templated":true}]}}