{"id":13632,"date":"2021-07-02T20:39:29","date_gmt":"2021-07-02T17:39:29","guid":{"rendered":"https:\/\/sachviet.eu\/shop\/thien-su-va-em-be-5-tuoi-thich-nhat-hanh\/"},"modified":"2022-01-31T23:17:13","modified_gmt":"2022-01-31T21:17:13","slug":"thien-su-va-em-be-5-tuoi-thich-nhat-hanh","status":"publish","type":"product","link":"https:\/\/sachviet.eu\/en\/shop\/thien-su-va-em-be-5-tuoi-thich-nhat-hanh\/","title":{"rendered":"Thi\u1ec1n S\u01b0 V\u00e0 Em B\u00e9 5 Tu\u1ed5i\u00a0&#8211;\u00a0Th\u00edch Nh\u1ea5t H\u1ea1nh"},"content":{"rendered":"<p>Trong l\u00f2ng ch\u00fang ta ai c\u0169ng c\u00f3 m\u1ed9t em b\u00e9 \u0111ang \u0111au kh\u1ed5. Ai c\u0169ng c\u00f3 m\u1ed9t th\u1eddi gian kh\u00f3 kh\u0103n khi c\u00f2n th\u01a1 \u1ea5u v\u00e0 nhi\u1ec1u ng\u01b0\u1eddi \u0111\u00e3 tr\u1ea3i qua nh\u1eefng ch\u1ea5n \u0111\u1ed9ng t\u00e2m l\u00fd, nh\u1eefng t\u1ed5n th\u01b0\u01a1ng l\u1edbn m\u00e0 v\u1ebft th\u01b0\u01a1ng c\u00f2n l\u01b0u l\u1ea1i \u0111\u1ebfn b\u00e2y gi\u1edd. \u0110\u1ec3 t\u1ef1 b\u1ea3o v\u1ec7 v\u00e0 ph\u00f2ng h\u1ed9 tr\u01b0\u1edbc nh\u1eefng kh\u1ed5 \u0111au trong t\u01b0\u01a1ng lai, ch\u00fang ta th\u01b0\u1eddng c\u1ed1 qu\u00ean \u0111i th\u1eddi gian \u0111au l\u00f2ng \u0111\u00f3. M\u1ed7i khi ti\u1ebfp x\u00fac v\u1edbi nh\u1eefng kinh nghi\u1ec7m kh\u1ed5 \u0111au \u1ea5y, ch\u00fang ta ngh\u0129 r\u1eb1ng ch\u00fang ta s\u1ebd kh\u00f4ng ch\u1ecbu \u0111\u1ef1ng n\u1ed5i, s\u1ebd kh\u00f4ng c\u00f3 kh\u1ea3 n\u0103ng x\u1eed l\u00fd n\u00ean ch\u00fang ta n\u00e9n ch\u1eb7t nh\u1eefng c\u1ea3m x\u00fac v\u00e0 k\u00fd \u1ee9c c\u1ee7a m\u00ecnh v\u00e0o \u0111\u00e1y s\u00e2u v\u00f4 th\u1ee9c. \u0110\u00f3 c\u00f3 th\u1ec3 l\u00e0 do \u0111\u00e3 t\u1eeb l\u00e2u ch\u00fang ta kh\u00f4ng \u0111\u1ee7 can \u0111\u1ea3m \u0111\u1ec3 \u0111\u1ed1i di\u1ec7n v\u1edbi em b\u00e9 \u0111\u00f3.<\/p>\n<p>Cho d\u00f9 ch\u00fang ta b\u1ecf m\u1eb7c em b\u00e9 nh\u01b0ng kh\u00f4ng c\u00f3 ngh\u0129a l\u00e0 em b\u00e9 kh\u00f4ng c\u00f3 \u1edf \u0111\u00f3. C\u00e1i em b\u00e9 t\u1ed5n th\u01b0\u01a1ng lu\u00f4n c\u00f3 m\u1eb7t trong ta v\u00e0 \u0111ang c\u1ed1 g\u1eafng l\u00f4i k\u00e9o s\u1ef1 ch\u00fa \u00fd c\u1ee7a ta. Ch\u00fang ta mu\u1ed1n ch\u1ea5m d\u1ee9t nh\u1eefng n\u1ed7i \u0111au kh\u1ed5 c\u1ee7a m\u00ecnh b\u1eb1ng c\u00e1ch nh\u1ed1t em b\u00e9 v\u00e0o m\u1ed9t n\u01a1i s\u00e2u k\u00edn trong l\u00f2ng v\u00e0 cho n\u00f3 \u1edf \u0111\u00f3 c\u00e0ng l\u00e2u c\u00e0ng t\u1ed1t. Tuy nhi\u00ean tr\u1ed1n tr\u00e1nh kh\u00f4ng th\u1ec3 ch\u1ea5m d\u1ee9t \u0111\u01b0\u1ee3c n\u1ed7i \u0111au kh\u1ed5, tr\u00e1i l\u1ea1i ch\u1ec9 k\u00e9o d\u00e0i n\u00f3 l\u00e2u h\u01a1n m\u00e0 th\u00f4i.<\/p>\n<p>Ch\u00fang ta \u0111au kh\u1ed5 v\u00ec kh\u00f4ng ti\u1ebfp x\u00fac \u0111\u01b0\u1ee3c v\u1edbi l\u00f2ng t\u1eeb bi v\u00e0 s\u1ef1 hi\u1ec3u bi\u1ebft. N\u1ebfu ch\u00fang ta ch\u1ebf t\u00e1c \u0111\u01b0\u1ee3c n\u0103ng l\u01b0\u1ee3ng ch\u00e1nh ni\u1ec7m, hi\u1ec3u bi\u1ebft v\u00e0 t\u1eeb bi cho em b\u00e9 b\u1ecb t\u1ed5n th\u01b0\u01a1ng c\u1ee7a ch\u00fang ta, ch\u00fang ta s\u1ebd \u00edt \u0111au kh\u1ed5 h\u01a1n. Khi ch\u00fang ta ch\u1ebf t\u00e1c \u0111\u01b0\u1ee3c ch\u00e1nh ni\u1ec7m th\u00ec t\u1eeb bi v\u00e0 c\u1ea3m th\u00f4ng l\u00e0 \u0111i\u1ec1u ta c\u00f3 th\u1ec3 \u0111\u1ea1t \u0111\u01b0\u1ee3c v\u00e0 ch\u00fang ta c\u00f3 th\u1ec3 cho ph\u00e9p nh\u1eefng ng\u01b0\u1eddi kh\u00e1c th\u01b0\u01a1ng m\u00ecnh.<\/p>\n<p>Tr\u01b0\u1edbc \u0111\u00e2y, ch\u00fang ta nghi ng\u1edd m\u1ecdi ng\u01b0\u1eddi, nghi ng\u1edd t\u1ea5t c\u1ea3. Tuy nhi\u00ean, l\u00f2ng t\u1eeb bi gi\u00fap ch\u00fang ta li\u00ean h\u1ec7 \u0111\u01b0\u1ee3c v\u1edbi nh\u1eefng ng\u01b0\u1eddi kh\u00e1c v\u00e0 thi\u1ebft l\u1eadp l\u1ea1i s\u1ef1 k\u1ebft n\u1ed1i.<\/p>\n<p>Nh\u1eefng ng\u01b0\u1eddi chung quanh ta, gia \u0111\u00ecnh v\u00e0 b\u1ea1n b\u00e8, c\u00f3 th\u1ec3 c\u0169ng c\u00f3 m\u1ed9t v\u00e0i em b\u00e9 b\u1ecb t\u1ed5n th\u01b0\u01a1ng trong h\u1ecd. N\u1ebfu ch\u00fang ta th\u1ef1c t\u1eadp v\u00e0 gi\u00fap \u0111\u01b0\u1ee3c cho ch\u00ednh m\u00ecnh, ch\u00fang ta c\u0169ng c\u00f3 th\u1ec3 gi\u00fap \u0111\u01b0\u1ee3c cho h\u1ecd. Khi ch\u00fang ta ch\u1eefa tr\u1ecb \u0111\u01b0\u1ee3c cho ch\u00ednh m\u00ecnh th\u00ec nh\u1eefng m\u1ed1i quan h\u1ec7 c\u1ee7a ch\u00fang ta v\u1edbi nh\u1eefng ng\u01b0\u1eddi kh\u00e1c s\u1ebd tr\u1edf n\u00ean d\u1ec5 d\u00e0ng h\u01a1n. S\u1ebd c\u00f3 nhi\u1ec1u an l\u1ea1c v\u00e0 t\u00ecnh th\u01b0\u01a1ng h\u01a1n.<\/p>\n<p>H\u00e3y quay v\u1ec1 ch\u0103m s\u00f3c ch\u00ednh m\u00ecnh. Th\u00e2n th\u1ec3 c\u1ee7a ta, nh\u1eefng c\u1ea3m nh\u1eadn c\u1ee7a ta v\u00e0 nh\u1eefng tri gi\u00e1c c\u1ee7a ta \u0111ang c\u1ea7n ta. Em b\u00e9 b\u1ecb t\u1ed5n th\u01b0\u01a1ng trong ta \u0111ang c\u1ea7n ta. N\u1ed7i kh\u1ed5 ni\u1ec1m \u0111au c\u1ee7a ta c\u1ea7n ta c\u00f4ng nh\u1eadn. H\u00e3y tr\u1edf v\u1ec1 ng\u00f4i nh\u00e0 c\u1ee7a ch\u00ednh m\u00ecnh v\u00e0 c\u00f3 m\u1eb7t cho t\u1ea5t c\u1ea3 nh\u1eefng \u0111i\u1ec1u \u0111\u00f3. Th\u1ef1c t\u1eadp h\u01a1i th\u1edf v\u00e0 b\u01b0\u1edbc ch\u00e2n ch\u00e1nh ni\u1ec7m, l\u00e0m t\u1ea5t c\u1ea3 c\u00e1c c\u00f4ng vi\u1ec7c trong ch\u00e1nh ni\u1ec7m l\u00e0 ta c\u00f3 kh\u1ea3 n\u0103ng c\u00f3 m\u1eb7t th\u1ef1c s\u1ef1, nh\u1edd \u0111\u00f3 ta l\u1ea1i c\u00f3 th\u1ec3 y\u00eau th\u01b0\u01a1ng.<\/p>\n","protected":false},"excerpt":{"rendered":"<p>Dorothy l\u00e0 c\u00f4 b\u00e9 m\u1ed3 c\u00f4i s\u1ed1ng c\u00f9ng ch\u00fa th\u00edm trong trang tr\u1ea1i nh\u1ecf n\u1eb1m gi\u1eefa v\u00f9ng th\u1ea3o nguy\u00ean Kansas bao la.<\/p>\n<p>Ng\u00e0y n\u1ecd, m\u1ed9t c\u01a1n l\u1ed1c xo\u00e1y b\u1ea5t ng\u1edd xu\u1ea5t hi\u1ec7n, cu\u1ed1n bay c\u0103n nh\u00e0 c\u00f3 Dorothy v\u00e0 ch\u00fa ch\u00f3 nh\u1ecf Toto b\u00ean trong, \u0111\u01b0a h\u1ecd \u0111\u1ebfn v\u1edbi mi\u1ec1n \u0111\u1ea5t xanh t\u01b0\u01a1i c\u00f3 t\u00ean g\u1ecdi x\u1ee9 Oz. Dorothy g\u1eb7p nh\u1eefng ng\u01b0\u1eddi Munchkin v\u00e0 \u0111\u01b0\u1ee3c h\u1ecd cho bi\u1ebft, mu\u1ed1n tr\u1edf v\u1ec1 nh\u00e0, em h\u00e3y \u0111i theo con \u0111\u01b0\u1eddng G\u1ea1ch V\u00e0ng \u0111\u1ebfn th\u00e0nh ph\u1ed1 Ng\u1ecdc L\u1ee5c B\u1ea3o nh\u1edd Ph\u00e1p S\u01b0 Oz Quy\u1ec1n N\u0103ng gi\u00fap \u0111\u1ee1.<\/p>\n<p>Tr\u00ean \u0111\u01b0\u1eddng \u0111i, Dorothy k\u1ebft b\u1ea1n v\u1edbi B\u00f9 Nh\u00ecn, Ng\u01b0\u1eddi Thi\u1ebfc, S\u01b0 T\u1eed Nh\u00e1t Gan. M\u1ed7i ng\u01b0\u1eddi \u0111\u1ec1u mang trong m\u00ecnh m\u1ed9t kh\u00e1t khao ch\u00e1y b\u1ecfng v\u00e0 s\u1eb5n l\u00f2ng v\u01b0\u1ee3t m\u1ecdi ch\u00f4ng gai \u0111\u1ec3 \u0111\u1ea1t \u0111\u01b0\u1ee3c nguy\u1ec7n \u01b0\u1edbc.<\/p>\n<p>T\u1eeb \u0111\u00e2y b\u1eaft \u0111\u1ea7u h\u00e0nh tr\u00ecnh gian nan nh\u01b0ng c\u0169ng \u0111\u1ea7y k\u1ef3 th\u00fa c\u1ee7a Dorothy, Toto v\u00e0 c\u00e1c b\u1ea1n, c\u00f9ng nhau v\u01b0\u1ee3t qua \u0111\u1ed3ng hoa ch\u1ebft ch\u00f3c, chi\u1ebfn th\u1eafng qu\u00e1i th\u00fa hung b\u1ea1o, ti\u00eau di\u1ec7t Ph\u00f9 Th\u1ee7y \u0110\u1ed9c \u00c1c, \u0111\u1ed1i m\u1eb7t v\u1edbi Ph\u00e1p S\u01b0 Oz h\u00f9ng m\u1ea1nh \u0111\u1ec3 ch\u1ea1m t\u1edbi \u01b0\u1edbc m\u01a1\u2026<\/p>\n<p>T\u1ea5t c\u1ea3 \u0111\u00e3 l\u00e0m n\u00ean m\u1ed9t Ph\u00f9 th\u1ee7y x\u1ee9 Oz h\u1ea5p d\u1eabn tuy\u1ec7t v\u1eddi, t\u00e1c ph\u1ea9m \u0111\u01b0\u1ee3c ng\u1ee3i ca l\u00e0 \u201cc\u00e2u chuy\u1ec7n th\u1ea7n ti\u00ean n\u1ed5i ti\u1ebfng nh\u1ea5t m\u1ecdi th\u1eddi \u0111\u1ea1i c\u1ee7a n\u01b0\u1edbc M\u1ef9\u201d.<\/p>\n","protected":false},"featured_media":13618,"template":"","meta":{"_acf_changed":false},"product_brand":[],"product_cat":[15,76,46],"product_tag":[],"class_list":{"0":"post-13632","1":"product","2":"type-product","3":"status-publish","4":"has-post-thumbnail","6":"product_cat-sach-danh-cho-nguoi-lon","7":"product_cat-ton-giao-tam-linh","8":"product_cat-ky-nang-song","10":"first","11":"outofstock","12":"taxable","13":"shipping-taxable","14":"purchasable","15":"product-type-simple"},"supplier_id":null,"supplier_sku":"","barcode":null,"atum_controlled":true,"out_stock_date":"2022-01-31 21:17:13","out_stock_threshold":null,"inheritable":false,"inbound_stock":0,"stock_on_hold":0,"sold_today":0,"sales_last_days":0,"reserved_stock":0,"customer_returns":0,"warehouse_damage":0,"lost_in_post":0,"other_logs":0,"out_stock_days":1458,"lost_sales":0,"has_location":false,"update_date":"2026-01-28T23:10:53","atum_locations":[],"atum_stock_status":"outofstock","restock_status":false,"low_stock_amount":"","sales_update_date":"2026-01-28T23:10:53","calc_backorders":null,"acf":{"publisher":{"ID":9871,"post_author":"1","post_date":"2021-06-02 17:52:59","post_date_gmt":"2021-06-02 14:52:59","post_content":"","post_title":"Saigon Books","post_excerpt":"","post_status":"publish","comment_status":"closed","ping_status":"closed","post_password":"","post_name":"saigon-books","to_ping":"","pinged":"","post_modified":"2021-06-02 17:52:59","post_modified_gmt":"2021-06-02 14:52:59","post_content_filtered":"","post_parent":0,"guid":"https:\/\/sachviet.eu\/nha-phat-hanh\/saigon-books\/","menu_order":0,"post_type":"publisher","post_mime_type":"","comment_count":"0","filter":"raw"}},"_links":{"self":[{"href":"https:\/\/sachviet.eu\/en\/wp-json\/wp\/v2\/product\/13632","targetHints":{"allow":["GET"]}}],"collection":[{"href":"https:\/\/sachviet.eu\/en\/wp-json\/wp\/v2\/product"}],"about":[{"href":"https:\/\/sachviet.eu\/en\/wp-json\/wp\/v2\/types\/product"}],"wp:featuredmedia":[{"embeddable":true,"href":"https:\/\/sachviet.eu\/en\/wp-json\/wp\/v2\/media\/13618"}],"wp:attachment":[{"href":"https:\/\/sachviet.eu\/en\/wp-json\/wp\/v2\/media?parent=13632"}],"wp:term":[{"taxonomy":"product_brand","embeddable":true,"href":"https:\/\/sachviet.eu\/en\/wp-json\/wp\/v2\/product_brand?post=13632"},{"taxonomy":"product_cat","embeddable":true,"href":"https:\/\/sachviet.eu\/en\/wp-json\/wp\/v2\/product_cat?post=13632"},{"taxonomy":"product_tag","embeddable":true,"href":"https:\/\/sachviet.eu\/en\/wp-json\/wp\/v2\/product_tag?post=13632"}],"curies":[{"name":"wp","href":"https:\/\/api.w.org\/{rel}","templated":true}]}}