{"id":13617,"date":"2021-07-02T20:38:40","date_gmt":"2021-07-02T17:38:40","guid":{"rendered":"https:\/\/sachviet.eu\/shop\/hay-cung-ca-voi-ngam-bien-xanh-hay-cung-khung-long-dao-choi-hay-cung-cuop-bien-tung-hoanh-bien-ca-nao-set-3-quyen\/"},"modified":"2024-04-18T14:29:40","modified_gmt":"2024-04-18T11:29:40","slug":"hay-cung-ca-voi-ngam-bien-xanh-hay-cung-khung-long-dao-choi-hay-cung-cuop-bien-tung-hoanh-bien-ca-nao-set-3-quyen","status":"publish","type":"product","link":"https:\/\/sachviet.eu\/en\/shop\/hay-cung-ca-voi-ngam-bien-xanh-hay-cung-khung-long-dao-choi-hay-cung-cuop-bien-tung-hoanh-bien-ca-nao-set-3-quyen\/","title":{"rendered":"H\u00e3y C\u00f9ng C\u00e1 Voi Ng\u1eafm Bi\u1ec3n Xanh + H\u00e3y C\u00f9ng Kh\u1ee7ng Long D\u1ea1o Ch\u01a1i + H\u00e3y C\u00f9ng C\u01b0\u1edbp Bi\u1ec3n Tung Ho\u00e0nh Bi\u1ec3n C\u1ea3 N\u00e0o! &#8211; set 3 quy\u1ec3n"},"content":{"rendered":"<p>Combo H\u00e3y C\u00f9ng C\u00e1 Voi Ng\u1eafm Bi\u1ec3n Xanh + H\u00e3y C\u00f9ng Kh\u1ee7ng Long D\u1ea1o Ch\u01a1i + H\u00e3y C\u00f9ng C\u01b0\u1edbp Bi\u1ec3n Tung Ho\u00e0nh Bi\u1ec3n C\u1ea3 N\u00e0o! (B\u1ed9 3 Cu\u1ed1n)<\/p>\n<p>1. H\u00e3y C\u00f9ng C\u00e1 Voi Ng\u1eafm Bi\u1ec3n Xanh N\u00e0o!<\/p>\n<p>M\u00ecnh l\u00e0 Jenny. M\u00ecnh r\u1ea5t th\u00edch bi\u1ec3n v\u00e0 C\u00e1 Voi. M\u00ecnh r\u1ea5t may m\u1eafn khi b\u1ed1 Jan c\u1ee7a m\u00ecnh l\u00e0 m\u1ed9t Nh\u00e0 sinh v\u1eadt h\u1ecdc. B\u1ed1 \u0111\u00e3 c\u00f9ng m\u00ecnh \u0111i t\u00ecm hi\u1ec3u t\u1ea5t t\u1ea7n t\u1eadt v\u1ec1 C\u00c1 VOI. Chuy\u1ebfn \u0111i c\u1ee7a hai b\u1ed1 con c\u00f2n c\u1ea3 c\u00f4 chim bi\u1ec3n Paula v\u00e0 ch\u00fa r\u00f9a Carlo n\u1eefa.<\/p>\n<p>Su\u1ed1t chuy\u1ebfn \u0111i, b\u1ed1 \u0111\u00e3 gi\u1ea3i th\u00edch m\u00ecnh nghe Sao c\u00e1 voi kh\u00f4ng ph\u1ea3i l\u00e0 c\u00e1 n\u00e0y? C\u00f3 bao nhi\u00eau lo\u00e0i c\u00e1 voi v\u00e0 \u0111\u00f3 l\u00e0 nh\u1eefng lo\u00e0i n\u00e0o? C\u00e1 heo c\u00f3 th\u1ec3 gi\u00fap c\u00e1c b\u1ea1n nh\u1ecf t\u1ef1 k\u1ef7 h\u00f2a nh\u1eadp v\u00e0o cu\u1ed9c s\u1ed1ng d\u1ec5 d\u00e0ng ch\u1ee9? C\u00e1 heo c\u00f3 ph\u1ea3i l\u00e0 b\u1ea1n c\u1ee7a con ng\u01b0\u1eddi kh\u00f4ng? C\u00e1 heo s\u00f4ng l\u00e0 linh h\u1ed3n c\u1ee7a s\u00f4ng Amazon \u00e0? Sao c\u00e1 voi l\u1ea1i di c\u01b0 nh\u1ec9? \u2026 nhi\u1ec1u nhi\u1ec1u l\u1eafm\u2026<\/p>\n<p>Ngo\u00e0i ki\u1ebfn th\u1ee9c v\u1ec1 c\u00e1 voi n\u00f3i chung, th\u00ec b\u1ed1 c\u00f2n ch\u1ec9 cho m\u00ecnh bi\u1ebft l\u00e0m th\u1ebf n\u00e0o \u0111\u1ec3 c\u00f3 th\u1ec3 tr\u1edf th\u00e0nh m\u1ed9t nh\u00e0 Sinh v\u1eadt h\u1ecdc. Ch\u01b0a k\u1ec3, m\u00ecnh c\u00f2n \u0111\u01b0\u1ee3c tham gia c\u00f9ng \u0111\u1ed9i c\u1ee7a b\u1ed1 \u0111\u1ec3 \u0111i gi\u1ea3i c\u1ee9u c\u00e1 voi v\u00e0 chung tay tham gia c\u00e1c ho\u1ea1t \u0111\u1ed9ng ch\u1ed1ng s\u0103n b\u1eaft c\u00e1 voi n\u1eefa. Qua \u0111\u00f3, m\u00ecnh c\u0169ng t\u1ef1 n\u00e2ng cao \u00fd th\u1ee9c b\u1ea3o v\u1ec7 m\u00f4i tr\u01b0\u1eddng cho b\u1ea3n th\u00e2n v\u00e0 nh\u1eefng ng\u01b0\u1eddi xung quanh, gi\u00fap c\u00e1 voi v\u00e0 c\u00e1c sinh v\u1eadt bi\u1ec3n kh\u00e1c \u0111\u01b0\u1ee3c s\u1ed1ng trong m\u00e1i nh\u00e0 \u0111\u1ea1i d\u01b0\u01a1ng th\u1eadt \u201c\u1ea5m c\u00fang v\u00e0 s\u1ea1ch s\u1ebd\u201d. Ch\u01b0a k\u1ec3, c\u00f4 chim bi\u1ec3n Paula v\u00e0 ch\u00fa r\u00f9a Carlo c\u0169ng chia s\u1ebb r\u1ea5t nhi\u1ec1u \u0111i\u1ec1u v\u1ec1 \u0111\u1ea1i d\u01b0\u01a1ng v\u00e0 C\u00e1 Voi n\u1eefa, ch\u1ec9 l\u00e0 h\u1ecd hay tranh c\u00e3i v\u1edbi nhau th\u00f4i.<\/p>\n<p>Th\u1ef1c ra chuy\u1ebfn h\u00e0nh tr\u00ecnh \u0111i t\u00ecm hi\u1ec3u t\u1ea5t t\u1ea7n t\u1eadt v\u1ec1 C\u00c1 VOI c\u1ee7a m\u00ecnh v\u00e0 b\u1ed1 Jan \u0111\u00e3 \u0111\u01b0\u1ee3c ghi ch\u00e9p r\u1ea5t c\u1ea9n th\u1eadn trong cu\u1ed1n H\u00e3y C\u00f9ng C\u00e1 Voi Ng\u1eafm Bi\u1ec3n Xanh N\u00e0o! L\u00fac th\u00ec \u0111\u01b0\u1ee3c chuy\u1ec3n th\u1ec3 th\u00e0nh cu\u1ed9c n\u00f3i chuy\u1ec7n c\u1ee7a hai b\u1ed1 con, m\u00e0 th\u01b0\u1eddng l\u00e0 m\u00ecnh h\u1ecfi, b\u1ed1 tr\u1ea3 l\u1eddi; l\u00fac l\u1ea1i l\u00e0 nh\u1eadt k\u00fd chuy\u1ebfn \u0111i; t\u1ef1 truy\u1ec7n; c\u00f9ng t\u00e2m s\u1ef1 c\u1ee7a C\u00e1 Voi v\u00e0 c\u00e1c sinh v\u1eadt bi\u1ec3n kh\u00e1c. \u00d4i cha, th\u00fa v\u1ecb l\u1eafm! Ch\u01b0a k\u1ec3 cu\u1ed1i cu\u1ed1n s\u00e1ch c\u00f2n c\u00f3 B\u00e0i ki\u1ec3m tra ki\u1ebfn th\u1ee9c v\u1ec1 C\u00e1 Voi v\u00e0 \u0110\u1ecba ch\u1ec9 nh\u1eefng n\u01a1i c\u00f3 th\u1ec3 th\u0103m th\u00fa C\u00e1 Voi n\u1eefa. V\u1eady c\u00f2n ch\u1ea7n ch\u1eeb g\u00ec n\u1eefa, c\u1eadu h\u00e3y c\u1ea7m cu\u1ed1n s\u00e1ch l\u00ean v\u00e0 \u0111\u1ecdc t\u1ea5t t\u1ea7n t\u1eadt v\u1ec1 C\u00e1 Voi n\u1ebfu l\u00e0 m\u1ed9t t\u00edn \u0111\u1ed3 y\u00eau bi\u1ec3n xanh v\u00e0 C\u00e1 Voi \u0111i th\u00f4i!!!  <\/p>\n<p>2. H\u00e3y C\u00f9ng C\u01b0\u1edbp Bi\u1ec3n Tung Ho\u00e0nh Bi\u1ec3n C\u1ea3 N\u00e0o!<\/p>\n<p>M\u00ecnh l\u00e0 Frederick. Sau khi xem xong phim \u201cC\u01b0\u1edbp bi\u1ec3n v\u00f9ng Ca-ri-b\u00ea\u201d c\u00f9ng b\u1ed1 m\u1eb9, m\u00ecnh ph\u1ea5n kh\u00edch qu\u00e1. Th\u1ebf m\u00e0 ch\u1eb3ng bi\u1ebft l\u00e0 m\u01a1 hay th\u1eadt, m\u00ecnh l\u1ea1i \u0111\u01b0\u1ee3c g\u1eb7p Thuy\u1ec1n tr\u01b0\u1edfng Jack, r\u1ed3i c\u00f9ng phi\u00eau l\u01b0u v\u1edbi ch\u00fa \u0111i t\u00ecm hi\u1ec3u t\u1ea5t t\u1ea7n t\u1eadt v\u1ec1 C\u01af\u1edaP BI\u1ec2N t\u1eeb th\u1eddi x\u01b0a t\u1edbi th\u1eddi nay. \u00c0 c\u00f3 c\u1ea3 ch\u00fa v\u1eb9t Rocco v\u00e0 anh kh\u1ec9 Marti \u0111i c\u00f9ng hai ch\u00fa ch\u00e1u n\u1eefa. \u00d4i cha, th\u1eadt tuy\u1ec7t v\u1eddi l\u00e0m sao!!!<\/p>\n<p>Ch\u00fa Jack k\u1ec3 m\u00ecnh nghe v\u1ec1 nh\u1eefng t\u00ean tr\u00f9m c\u01b0\u1edbp bi\u1ec3n kh\u00e9t ti\u1ebfng th\u1eddi x\u01b0a nh\u01b0 Blackbeard, Henry Morgan, Klaus St\u00f6rtebeker, Francis Drake, Rock Brasiliano, Sam Bellamy\u2026 M\u00ecnh c\u00f2n \u0111\u01b0\u1ee3c ch\u00fa m\u1eddi tham gia b\u1eefa ti\u1ec7c tr\u00ean t\u00e0u c\u1ee7a nh\u1eefng t\u00ean c\u01b0\u1edbp bi\u1ec3n. Ch\u01b0a h\u1ebft, ch\u00fa c\u00f2n b\u00e0y cho m\u00ecnh c\u00e1ch \u0111\u1ec3 tr\u1edf th\u00e0nh m\u1ed9t tay c\u01b0\u1edbp bi\u1ec3n th\u1ef1c th\u1ee5 n\u1eefa. Thi tho\u1ea3ng nh\u1edd ch\u00fa v\u1eb9t Rocco v\u00e0 anh kh\u1ec9 Marti m\u00e0 m\u00ecnh c\u0169ng bi\u1ebft th\u00eam bao nhi\u1ec1u \u0111i\u1ec1u hay ho v\u1ec1 c\u01b0\u1edbp bi\u1ec3n. M\u00ecnh b\u1eadt m\u00ed l\u00e0 nh\u1eefng t\u00ean tr\u00f9m c\u01b0\u1edbp bi\u1ec3n ng\u00e0y x\u01b0a \u201cr\u1ea5t kh\u00e1c\u201d v\u1edbi nh\u1eefng t\u00ean tr\u00f9m c\u01b0\u1edbp bi\u1ec3n ng\u00e0y nay \u0111\u1ea5y.<\/p>\n<p>Th\u1ef1c ra cu\u1ed9c phi\u00eau l\u01b0u c\u1ee7a m\u00ecnh v\u1edbi ch\u00fa Jack, ch\u00fa v\u1eb9t Rocco v\u00e0 anh kh\u1ec9 Marti \u0111\u1ec1u \u0111\u01b0\u1ee3c ghi ch\u00e9p r\u1ea5t c\u1ea9n th\u1eadn trong cu\u1ed1n H\u00e3y C\u00f9ng C\u01b0\u1edbp Bi\u1ec3n Tung Ho\u00e0nh Bi\u1ec3n C\u1ea3 N\u00e0o, l\u00fac th\u00ec theo ki\u1ec3u ph\u1ecfng v\u1ea5n, m\u00ecnh \u0111\u1eb7t c\u00e2u h\u1ecfi, ch\u00fa Jack tr\u1ea3 l\u1eddi; l\u00fac th\u00ec l\u00e0 t\u1ef1 truy\u1ec7n; l\u00fac l\u1ea1i l\u00e0 nh\u1eadt k\u00fd ghi ch\u00e9p; c\u00f3 khi c\u1ea3 truy\u1ec7n tranh n\u1eefa. Ph\u1ea3i n\u00f3i l\u00e0 ghi ch\u00e9p \u0111\u1ee7 ki\u1ec3u, nh\u01b0ng \u0111\u1ea3m b\u1ea3o r\u1ea5t th\u00fa v\u1ecb. Ch\u01b0a k\u1ec3, cu\u1ed1i cu\u1ed1n s\u00e1ch c\u00f2n c\u00f3 B\u00e0i ki\u1ec3m tra ki\u1ebfn th\u1ee9c v\u1ec1 C\u01b0\u1edbp Bi\u1ec3n v\u00e0 \u0111\u1ecba ch\u1ec9 nh\u1eefng n\u01a1i c\u00f3 th\u1ec3 th\u0103m th\u00fa C\u01b0\u1edbp bi\u1ec3n n\u1eefa. V\u1eady gi\u1edd c\u1eadu mu\u1ed1n bi\u1ebft t\u1ea7n t\u1eadt t\u1eadt v\u1ec1 c\u01b0\u1edbp bi\u1ec3n, th\u00ec ch\u1ec9 vi\u1ec7c c\u1ea7m cu\u1ed1n s\u00e1ch l\u00ean r\u1ed3i \u0111\u1ecdc ng\u1ea5u nghi\u1ebfn th\u00f4i!!!  <\/p>\n<p>3. H\u00e3y C\u00f9ng Kh\u1ee7ng Long D\u1ea1o Ch\u01a1i N\u00e0o!<\/p>\n<p>M\u00ecnh l\u00e0 Luis. M\u00ecnh r\u1ea5t th\u00edch nghe nh\u1eefng c\u00e2u chuy\u1ec7n v\u1ec1 Kh\u1ee7ng Long. Th\u1eadt tuy\u1ec7t n\u1ebfu t\u1ed1i n\u00e0o c\u0169ng c\u00f3 m\u1ed9t ch\u00fa kh\u1ee7ng long hi\u1ec1n hi\u1ec1n, nh\u00e1y m\u1eaft v\u1edbi m\u00ecnh qua c\u1eeda s\u1ed5. \u00c0, m\u00ecnh \u0111\u00e3 t\u1eebng \u0111\u01b0\u1ee3c g\u1eb7p ch\u00fa Tom \u201cDakota\u201d Tanner, r\u1ed3i c\u00f9ng ch\u00fa \u0111i t\u00ecm hi\u1ec3u t\u1ea5t t\u1ea7n t\u1eadt v\u1ec1 KH\u1ee6NG LONG n\u1eefa. Ph\u1ea3i n\u00f3i l\u00e0 m\u00ecnh r\u1ea5t may m\u1eafn v\u00ec ch\u00fa \u0111\u00edch th\u1ecb l\u00e0 m\u1ed9t nh\u00e0 C\u1ed5 sinh v\u1eadt h\u1ecdc n\u1ed5i ti\u1ebfng. Ch\u00fa c\u0169ng k\u00e9o th\u00eam c\u1ea3 c\u1eadu K-riex v\u00e0 b\u1ea1n qu\u1ea1 Potus \u0111i c\u00f9ng hai ch\u00fa ch\u00e1u lu\u00f4n.<\/p>\n<p>Su\u1ed1t \u0111\u01b0\u1eddng \u0111i, ch\u00fa k\u1ec3 m\u00ecnh nghe v\u1ec1 Kh\u1ee7ng long b\u1ea1o ch\u00faa (T-rex), r\u1ed3i \u0111\u01b0a m\u00ecnh t\u1edbi t\u1eebng n\u01a1i c\u00f3 d\u1ea5u ch\u00e2n c\u1ee7a kh\u1ee7ng long. Ch\u01b0a h\u1ebft \u0111\u00e2u nh\u00e9! Ch\u00fa c\u00f2n gi\u1ea3i th\u00edch r\u1ea5t c\u1eb7n k\u1ebd v\u1ec1 c\u00e1c m\u1ea9u h\u00f3a th\u1ea1ch x\u01b0\u01a1ng kh\u1ee7ng long v\u00e0 c\u00e1ch x\u00e1c \u0111\u1ecbnh ni\u00ean \u0111\u1ea1i c\u1ee7a ch\u00fang. V\u1eady l\u00e0 mu\u1ed1n tr\u1edf th\u00e0nh m\u1ed9t nh\u00e0 C\u1ed5 sinh v\u1eadt h\u1ecdc, ngo\u00e0i \u0111\u00e0o b\u1edbi t\u00ecm h\u00f3a th\u1ea1ch, m\u00ecnh ph\u1ea3i h\u1ecdc nhi\u1ec1u th\u1ee9 l\u1eafm \u0111\u1ea5y. Ch\u00fa c\u0169ng \u0111\u1ec3 m\u00ecnh b\u01b0\u1edbc v\u00e0o th\u1ebf gi\u1edbi kh\u1ee7ng long c\u1ee7a K\u1ef7 Trias, K\u1ef7 Jura v\u00e0 K\u1ef7 Creta. C\u00f2n, c\u00f2n n\u1eefa\u2026 Ch\u00fa m\u00f4 t\u1ea3 l\u1ea1i c\u1ea3 qu\u00e1 tr\u00ecnh b\u00e0 Mary Anning t\u00ecm ra nh\u1eefng h\u00f3a th\u1ea1ch x\u01b0\u01a1ng kh\u1ee7ng long \u0111\u1ea7u ti\u00ean v\u00e0 \u0111\u1eb7t n\u1ec1n m\u00f3ng cho ng\u00e0nh C\u1ed5 sinh v\u1eadt h\u1ecdc, hay \u0111\u1ea1i d\u01b0\u01a1ng th\u1eddi c\u1ed5 x\u01b0a, c\u0169ng nh\u01b0 cu\u1ed9c chi\u1ebfn tranh gi\u00e0nh h\u00f3a th\u1ea1ch x\u01b0\u01a1ng kh\u1ee7ng long gi\u1eefa c\u00e1c tay th\u1ee3 s\u0103n l\u00e0nh ngh\u1ec1 n\u1eefa. \u0110\u1ea5y, \u0111\u1ea5y\u2026 ch\u00fa c\u00f2n \u0111\u1ec3 m\u00ecnh \u0111\u01b0\u1ee3c \u0111i s\u0103n h\u00f3a th\u1ea1ch x\u01b0\u01a1ng kh\u1ee7ng long v\u1edbi m\u1ed9t tay th\u1ee3 s\u0103n th\u1ef1c th\u1ee5. V\u00e0 \u0111\u01b0\u01a1ng nhi\u00ean hi\u1ec7n nay lo\u00e0i n\u00e0o gi\u1edd gi\u1ed1ng kh\u1ee7ng long nh\u1ea5t ch\u00fa c\u0169ng b\u1eadt m\u00ed cho m\u00ecnh lu\u00f4n. \u00c0, thi tho\u1ea3ng c\u1eadu K-riex v\u00e0 b\u1ea1n qu\u1ea1 Potus g\u00f3p l\u1eddi, c\u0169ng l\u00e0m m\u00ecnh hi\u1ec3u \u0111\u01b0\u1ee3c bao nhi\u00eau \u0111i\u1ec1u hay ho v\u1ec1 kh\u1ee7ng long.<\/p>\n<p>Th\u1eadt ra chuy\u1ebfn \u0111i t\u00ecm hi\u1ec3u Kh\u1ee7ng Long c\u1ee7a hai ch\u00fa ch\u00e1u c\u00f9ng c\u1eadu K-riex v\u00e0 b\u1ea1n qu\u1ea1 Potus \u0111\u1ec1u \u0111\u01b0\u1ee3c ghi ch\u00e9p c\u1ea9n th\u1eadn trong cu\u1ed1n H\u00e3y C\u00f9ng Kh\u1ee7ng Long D\u1ea1o Ch\u01a1i N\u00e0o! L\u00fac th\u00ec theo ki\u1ec3u m\u00ecnh h\u1ecfi, ch\u00fa tr\u1ea3 l\u1eddi, l\u00fac l\u1ea1i l\u00e0 t\u1ef1 truy\u1ec7n, hay vi\u1ebft nh\u1eadt k\u00fd\u2026  k\u1ebft h\u1ee3p nhi\u1ec1u tranh \u1ea3nh sinh \u0111\u1ed9ng, n\u00ean \u0111\u1ec1u r\u1ea5t th\u00fa v\u1ecb v\u00e0 cu\u1ed1n h\u00fat. Ch\u01b0a k\u1ec3, cu\u1ed1i cu\u1ed1n s\u00e1ch c\u00f2n c\u00f3 B\u00e0i ki\u1ec3m tra ki\u1ebfn th\u1ee9c v\u1ec1 Kh\u1ee7ng long v\u00e0 \u0110\u1ecba ch\u1ec9 nh\u1eefng n\u01a1i th\u0103m th\u00fa \u0111\u01b0\u1ee3c Kh\u1ee7ng Long n\u1eefa. Th\u1eadt tuy\u1ec7t v\u1eddi ph\u1ea3i kh\u00f4ng? V\u1eady c\u00f2n ch\u1ea7n ch\u1eeb g\u00ec n\u1eefa, c\u1eadu h\u00e3y c\u1ea7m H\u00e3y C\u00f9ng Kh\u1ee7ng Long D\u1ea1o Ch\u01a1i N\u00e0o! l\u00ean v\u00e0 \u0111\u1ecdc ng\u1ea5u nghi\u1ebfn \u0111i th\u00f4i!!!<\/p>\n","protected":false},"excerpt":{"rendered":"<p>1. H\u00e3y C\u00f9ng C\u00e1 Voi Ng\u1eafm Bi\u1ec3n Xanh N\u00e0o!<\/p>\n<p>Su\u1ed1t chuy\u1ebfn \u0111i, b\u1ed1 \u0111\u00e3 gi\u1ea3i th\u00edch m\u00ecnh nghe Sao c\u00e1 voi kh\u00f4ng ph\u1ea3i l\u00e0 c\u00e1 n\u00e0y? C\u00f3 bao nhi\u00eau lo\u00e0i c\u00e1 voi v\u00e0 \u0111\u00f3 l\u00e0 nh\u1eefng lo\u00e0i n\u00e0o? C\u00e1 heo c\u00f3 th\u1ec3 gi\u00fap c\u00e1c b\u1ea1n nh\u1ecf t\u1ef1 k\u1ef7 h\u00f2a nh\u1eadp v\u00e0o cu\u1ed9c s\u1ed1ng d\u1ec5 d\u00e0ng ch\u1ee9? C\u00e1 heo c\u00f3 ph\u1ea3i l\u00e0 b\u1ea1n c\u1ee7a con ng\u01b0\u1eddi kh\u00f4ng? C\u00e1 heo s\u00f4ng l\u00e0 linh h\u1ed3n c\u1ee7a s\u00f4ng Amazon \u00e0? Sao c\u00e1 voi l\u1ea1i di c\u01b0 nh\u1ec9? \u2026 nhi\u1ec1u nhi\u1ec1u l\u1eafm\u2026<\/p>\n<p>Ngo\u00e0i ki\u1ebfn th\u1ee9c v\u1ec1 c\u00e1 voi n\u00f3i chung, th\u00ec b\u1ed1 c\u00f2n ch\u1ec9 cho m\u00ecnh bi\u1ebft l\u00e0m th\u1ebf n\u00e0o \u0111\u1ec3 c\u00f3 th\u1ec3 tr\u1edf th\u00e0nh m\u1ed9t nh\u00e0 Sinh v\u1eadt h\u1ecdc. Ch\u01b0a k\u1ec3, m\u00ecnh c\u00f2n \u0111\u01b0\u1ee3c tham gia c\u00f9ng \u0111\u1ed9i c\u1ee7a b\u1ed1 \u0111\u1ec3 \u0111i gi\u1ea3i c\u1ee9u c\u00e1 voi v\u00e0 chung tay tham gia c\u00e1c ho\u1ea1t \u0111\u1ed9ng ch\u1ed1ng s\u0103n b\u1eaft c\u00e1 voi n\u1eefa. Qua \u0111\u00f3, m\u00ecnh c\u0169ng t\u1ef1 n\u00e2ng cao \u00fd th\u1ee9c b\u1ea3o v\u1ec7 m\u00f4i tr\u01b0\u1eddng cho b\u1ea3n th\u00e2n v\u00e0 nh\u1eefng ng\u01b0\u1eddi xung quanh, gi\u00fap c\u00e1 voi v\u00e0 c\u00e1c sinh v\u1eadt bi\u1ec3n kh\u00e1c \u0111\u01b0\u1ee3c s\u1ed1ng trong m\u00e1i nh\u00e0 \u0111\u1ea1i d\u01b0\u01a1ng th\u1eadt \u201c\u1ea5m c\u00fang v\u00e0 s\u1ea1ch s\u1ebd\u201d. Ch\u01b0a k\u1ec3, c\u00f4 chim bi\u1ec3n Paula v\u00e0 ch\u00fa r\u00f9a Carlo c\u0169ng chia s\u1ebb r\u1ea5t nhi\u1ec1u \u0111i\u1ec1u v\u1ec1 \u0111\u1ea1i d\u01b0\u01a1ng v\u00e0 C\u00e1 Voi n\u1eefa, ch\u1ec9 l\u00e0 h\u1ecd hay tranh c\u00e3i v\u1edbi nhau th\u00f4i.<\/p>\n<p>2. H\u00e3y C\u00f9ng C\u01b0\u1edbp Bi\u1ec3n Tung Ho\u00e0nh Bi\u1ec3n C\u1ea3 N\u00e0o!<\/p>\n<p>Ch\u00fa Jack k\u1ec3 m\u00ecnh nghe v\u1ec1 nh\u1eefng t\u00ean tr\u00f9m c\u01b0\u1edbp bi\u1ec3n kh\u00e9t ti\u1ebfng th\u1eddi x\u01b0a nh\u01b0 Blackbeard, Henry Morgan, Klaus St\u00f6rtebeker, Francis Drake, Rock Brasiliano, Sam Bellamy\u2026 M\u00ecnh c\u00f2n \u0111\u01b0\u1ee3c ch\u00fa m\u1eddi tham gia b\u1eefa ti\u1ec7c tr\u00ean t\u00e0u c\u1ee7a nh\u1eefng t\u00ean c\u01b0\u1edbp bi\u1ec3n. Ch\u01b0a h\u1ebft, ch\u00fa c\u00f2n b\u00e0y cho m\u00ecnh c\u00e1ch \u0111\u1ec3 tr\u1edf th\u00e0nh m\u1ed9t tay c\u01b0\u1edbp bi\u1ec3n th\u1ef1c th\u1ee5 n\u1eefa. Thi tho\u1ea3ng nh\u1edd ch\u00fa v\u1eb9t Rocco v\u00e0 anh kh\u1ec9 Marti m\u00e0 m\u00ecnh c\u0169ng bi\u1ebft th\u00eam bao nhi\u1ec1u \u0111i\u1ec1u hay ho v\u1ec1 c\u01b0\u1edbp bi\u1ec3n. M\u00ecnh b\u1eadt m\u00ed l\u00e0 nh\u1eefng t\u00ean tr\u00f9m c\u01b0\u1edbp bi\u1ec3n ng\u00e0y x\u01b0a \u201cr\u1ea5t kh\u00e1c\u201d v\u1edbi nh\u1eefng t\u00ean tr\u00f9m c\u01b0\u1edbp bi\u1ec3n ng\u00e0y nay \u0111\u1ea5y.<\/p>\n<p>3. H\u00e3y C\u00f9ng Kh\u1ee7ng Long D\u1ea1o Ch\u01a1i N\u00e0o!<\/p>\n<p>M\u00ecnh l\u00e0 Luis. M\u00ecnh r\u1ea5t th\u00edch nghe nh\u1eefng c\u00e2u chuy\u1ec7n v\u1ec1 Kh\u1ee7ng Long. Th\u1eadt tuy\u1ec7t n\u1ebfu t\u1ed1i n\u00e0o c\u0169ng c\u00f3 m\u1ed9t ch\u00fa kh\u1ee7ng long hi\u1ec1n hi\u1ec1n, nh\u00e1y m\u1eaft v\u1edbi m\u00ecnh qua c\u1eeda s\u1ed5. \u00c0, m\u00ecnh \u0111\u00e3 t\u1eebng \u0111\u01b0\u1ee3c g\u1eb7p ch\u00fa Tom \u201cDakota\u201d Tanner, r\u1ed3i c\u00f9ng ch\u00fa \u0111i t\u00ecm hi\u1ec3u t\u1ea5t t\u1ea7n t\u1eadt v\u1ec1 KH\u1ee6NG LONG n\u1eefa. Ph\u1ea3i n\u00f3i l\u00e0 m\u00ecnh r\u1ea5t may m\u1eafn v\u00ec ch\u00fa \u0111\u00edch th\u1ecb l\u00e0 m\u1ed9t nh\u00e0 C\u1ed5 sinh v\u1eadt h\u1ecdc n\u1ed5i ti\u1ebfng. Ch\u00fa c\u0169ng k\u00e9o th\u00eam c\u1ea3 c\u1eadu K-riex v\u00e0 b\u1ea1n qu\u1ea1 Potus \u0111i c\u00f9ng hai ch\u00fa ch\u00e1u lu\u00f4n.<\/p>\n","protected":false},"featured_media":13613,"template":"","meta":{"_acf_changed":false},"product_brand":[],"product_cat":[25,17,26],"product_tag":[],"class_list":{"0":"post-13617","1":"product","2":"type-product","3":"status-publish","4":"has-post-thumbnail","6":"product_cat-nhi-dong-6-tuoi-12-tuoi","7":"product_cat-sach-danh-cho-cac-be","8":"product_cat-thieu-nien-11-tuoi-18-tuoi","10":"first","11":"outofstock","12":"taxable","13":"shipping-taxable","14":"purchasable","15":"product-type-simple"},"supplier_id":null,"supplier_sku":"","barcode":null,"atum_controlled":true,"out_stock_date":"2024-04-18 11:29:40","out_stock_threshold":null,"inheritable":false,"inbound_stock":0,"stock_on_hold":0,"sold_today":0,"sales_last_days":0,"reserved_stock":0,"customer_returns":0,"warehouse_damage":0,"lost_in_post":0,"other_logs":0,"out_stock_days":650,"lost_sales":0,"has_location":false,"update_date":"2026-01-28T23:10:53","atum_locations":[],"atum_stock_status":"outofstock","restock_status":false,"low_stock_amount":"","sales_update_date":"2026-01-28T23:10:53","calc_backorders":null,"acf":{"publisher":{"ID":1474,"post_author":"1","post_date":"2021-02-17 01:12:51","post_date_gmt":"2021-02-16 23:12:51","post_content":"","post_title":"Th\u00e1i H\u00e0","post_excerpt":"","post_status":"publish","comment_status":"closed","ping_status":"closed","post_password":"","post_name":"thai-ha","to_ping":"","pinged":"","post_modified":"2021-02-17 01:12:51","post_modified_gmt":"2021-02-16 23:12:51","post_content_filtered":"","post_parent":0,"guid":"https:\/\/sachviet.eu\/nha-phat-hanh\/thai-ha\/","menu_order":0,"post_type":"publisher","post_mime_type":"","comment_count":"0","filter":"raw"}},"_links":{"self":[{"href":"https:\/\/sachviet.eu\/en\/wp-json\/wp\/v2\/product\/13617","targetHints":{"allow":["GET"]}}],"collection":[{"href":"https:\/\/sachviet.eu\/en\/wp-json\/wp\/v2\/product"}],"about":[{"href":"https:\/\/sachviet.eu\/en\/wp-json\/wp\/v2\/types\/product"}],"wp:featuredmedia":[{"embeddable":true,"href":"https:\/\/sachviet.eu\/en\/wp-json\/wp\/v2\/media\/13613"}],"wp:attachment":[{"href":"https:\/\/sachviet.eu\/en\/wp-json\/wp\/v2\/media?parent=13617"}],"wp:term":[{"taxonomy":"product_brand","embeddable":true,"href":"https:\/\/sachviet.eu\/en\/wp-json\/wp\/v2\/product_brand?post=13617"},{"taxonomy":"product_cat","embeddable":true,"href":"https:\/\/sachviet.eu\/en\/wp-json\/wp\/v2\/product_cat?post=13617"},{"taxonomy":"product_tag","embeddable":true,"href":"https:\/\/sachviet.eu\/en\/wp-json\/wp\/v2\/product_tag?post=13617"}],"curies":[{"name":"wp","href":"https:\/\/api.w.org\/{rel}","templated":true}]}}