{"id":1353,"date":"2021-02-16T00:37:19","date_gmt":"2021-02-15T22:37:19","guid":{"rendered":"https:\/\/sachviet.eu\/shop\/ech-op-tuyen-tap-truyen-sieu-ngan\/"},"modified":"2021-09-03T09:58:08","modified_gmt":"2021-09-03T06:58:08","slug":"ech-op-tuyen-tap-truyen-sieu-ngan","status":"publish","type":"product","link":"https:\/\/sachviet.eu\/en\/shop\/ech-op-tuyen-tap-truyen-sieu-ngan\/","title":{"rendered":"\u1ebech \u1ed8p &#8211; Tuy\u1ec3n T\u1eadp Truy\u1ec7n Si\u00eau Ng\u1eafn"},"content":{"rendered":"<p><strong>1. V\u00e0i n\u00e9t v\u1ec1 t\u00e1c gi\u1ea3<\/strong><\/p>\n<p>Nguy\u1ec5n Duy H\u01b0ng sinh n\u0103m 1999, hi\u1ec7n \u0111ang l\u00e0 Founder c\u1ee7a \u1ebech \u1ed8p Entertainment chuy\u00ean v\u1ec1 truy\u1ec7n tranh, truy\u1ec1n th\u00f4ng v\u00e0 gi\u1ea3i tr\u00ed. Sinh ra trong m\u1ed9t gia \u0111\u00ecnh c\u00f3 truy\u1ec1n th\u1ed1ng ngh\u1ec7 thu\u1eadt, \u00f4ng n\u1ed9i l\u00e0 h\u1ecda s\u0129 n\u00ean t\u1eeb nh\u1ecf anh \u0111\u00e3 c\u00f3 ni\u1ec1m y\u00eau th\u00edch v\u1edbi h\u1ed9i h\u1ecda.<\/p>\n<p>N\u0103m 2017, Duy H\u01b0ng \u0111\u1ed7 v\u00e0o tr\u01b0\u1eddng \u0110\u1ea1i h\u1ecdc M\u1ef9 thu\u1eadt C\u00f4ng nghi\u1ec7p. Sau 2 n\u0103m, anh quy\u1ebft \u0111\u1ecbnh t\u00ecm cho m\u00ecnh m\u1ed9t m\u00f4i tr\u01b0\u1eddng m\u1edbi \u0111\u1ec3 ti\u1ebfn s\u00e2u h\u01a1n v\u00e0o h\u1ed9i h\u1ecda. Hi\u1ec7n gi\u1edd anh \u0111ang l\u00e0 sinh vi\u00ean n\u0103m hai, chuy\u00ean ng\u00e0nh H\u1ed9i h\u1ecda c\u1ee7a tr\u01b0\u1eddng \u0110\u1ea1i h\u1ecdc M\u0129 thu\u1eadt Vi\u1ec7t Nam.<\/p>\n<p>Nh\u1edd ni\u1ec1m \u0111am m\u00ea ch\u01b0a bao gi\u1edd t\u1eaft v\u00e0 s\u1ef1 ch\u0103m ch\u1ec9, b\u1ec1n b\u1ec9, \u0111\u1ebfn nay sau 4 n\u0103m th\u00e0nh l\u1eadp fanpage \u1ebech \u1ed8p Entertainment, Duy H\u01b0ng \u0111\u00e3 c\u00f3 cho m\u00ecnh m\u1ed9t l\u01b0\u1ee3ng fan kh\u1ed5ng l\u1ed3 lu\u00f4n d\u00f5i theo v\u00e0 \u1ee7ng h\u1ed9 c\u00e1c s\u1ea3n ph\u1ea9m c\u1ee7a anh. S\u1eafp t\u1edbi, 9X mong mu\u1ed1n c\u00f3 th\u1ec3 ph\u00e1t tri\u1ec3n, tr\u1edf th\u00e0nh ng\u01b0\u1eddi d\u1eabn \u0111\u1ea7u trong l\u0129nh v\u1ef1c truy\u1ec1n th\u00f4ng v\u00e0 gi\u1ea3i tr\u00ed qua h\u1ed9i h\u1ecda. Anh mong mu\u1ed1n c\u00e1c s\u1ea3n ph\u1ea9m c\u1ee7a m\u00ecnh c\u00f3 th\u1ec3 truy\u1ec1n t\u1ea3i \u0111\u01b0\u1ee3c t\u1edbi ng\u01b0\u1eddi xem th\u1eadt nhi\u1ec1u c\u1ea3m x\u00fac v\u00e0 \u00fd ngh\u0129a.<\/p>\n<p>V\u00ec em \u0111\u1ee7 ng\u1ecdt r\u1ed3i!<\/p>\n<p>\u201c\u1ebech \u1ed9p \u2013 Tuy\u1ec3n t\u1eadp truy\u1ec7n si\u00eau ng\u1eafn\u201d nh\u01b0ng \u0111\u1ea3m b\u1ea3o si\u00eau \u0111\u1ed9c, si\u00eau hay, c\u01b0\u1eddi \u0111\u1eafm say si\u00eau nhi\u1ec1u ng\u00e0y! Kh\u00f4ng tin th\u00ec mua ngay cu\u1ed1n s\u00e1ch n\u00e0y, b\u1ea1n nh\u00e9!<\/p>\n<p><strong>2. V\u00ec sao cu\u1ed1n s\u00e1ch lu\u00f4n n\u1eb1m trong top s\u1ea3n ph\u1ea9m b\u00e1n ch\u1ea1y nh\u1ea5t k\u1ec3 t\u1eeb khi ph\u00e1t h\u00e0nh?<\/strong><\/p>\n<p>\u0110\u01a1n gi\u1ea3n v\u00ec trong cu\u1ed9c s\u1ed1ng n\u00e0y ai c\u0169ng c\u1ea7n c\u00f3 nh\u1eefng gi\u00e2y ph\u00fat ngh\u1ec9 ng\u01a1i, th\u01b0 gi\u00e3n, \u0111\u01b0\u1ee3c l\u00e0m \u0111i\u1ec1u m\u00ecnh th\u00edch. \u201cRelax\u201d \u1edf \u0111\u00e2y kh\u00f4ng ph\u1ea3i ch\u1ec9 l\u00e0 c\u1eafm \u0111\u1ea7u v\u00e0o nh\u1eefng tr\u00f2 ch\u01a1i tr\u00ean smartphone, laptop,\u2026; l\u00e0 nh\u1eefng bu\u1ed5i nh\u1eadu nh\u1eb9t, karaoke t\u1ee5 t\u1eadp c\u00f9ng b\u1ea1n b\u00e8;\u2026 V\u1edbi m\u1ed9t s\u1ed1 ng\u01b0\u1eddi, \u201crelax\u201d \u0111\u1ed1i v\u1edbi h\u1ecd l\u00e0 t\u00ecm cho m\u00ecnh m\u1ed9t kh\u00f4ng gian y\u00ean t\u0129nh, nh\u00e2m nhi ch\u00e9n tr\u00e0 v\u00e0 \u0111\u1ecdc m\u1ed9t cu\u1ed1n s\u00e1ch n\u00e0o \u0111\u00f3. M\u1ed9t cu\u1ed1n s\u00e1ch nh\u1ecf xinh nh\u01b0 \u1ebech \u1ed9p \u2013 Tuy\u1ec3n t\u1eadp truy\u1ec7n si\u00eau ng\u1eafn c\u00f3 th\u1ec3 v\u01b0\u1ee3t qua nh\u1eefng c\u1ea3m x\u00fac ti\u00eau c\u1ef1c &#8211; d\u00f9 ch\u1ec9 c\u00f3 m\u1ed9t m\u00ecnh! B\u1eb1ng vi\u1ec7c \u0111\u00e1p \u1ee9ng t\u1ed1t nhu c\u1ea7u \u1ea5y, \u201c\u1ebech\u201d nhanh ch\u00f3ng tr\u1edf th\u00e0nh m\u1ed9t c\u00e1i t\u00ean \u0111\u01b0\u1ee3c nhi\u1ec1u \u0111\u1ed9c gi\u1ea3 mong ch\u1edd, s\u0103n \u0111\u00f3n v\u00e0 nhanh ch\u00f3ng sold out t\u1eeb khi m\u1edf link order ngay trong tu\u1ea7n \u0111\u1ea7u ra m\u1eaft.<\/p>\n<p>&#8220;Life is too deep for words&#8221; &#8211; cu\u1ed9c s\u1ed1ng qu\u00e1 &#8220;s\u00e2u&#8221; \u0111\u1ec3 c\u00f3 th\u1ec3 di\u1ec5n t\u1ea3 b\u1eb1ng l\u1eddi. C\u00e2u n\u00f3i n\u00e0y th\u1ef1c ch\u1eb3ng h\u1ec1 sai. N\u00f3i cu\u1ed9c \u0111\u1eddi \u0111\u1eb9p, ch\u1ec9 to\u00e0n \u0111au kh\u1ed5, ch\u1ec9 to\u00e0n n\u1ed7i bu\u1ed3n, ch\u1ec9 to\u00e0n th\u0103ng tr\u1ea7m hay c\u00f3 s\u01b0\u1edbng, c\u00f3 kh\u1ed5 \u1edf m\u1ed9t v\u00e0i kh\u00eda c\u1ea1nh nh\u1ea5t \u0111\u1ecbnh \u0111\u1ec1u \u0111\u00fang. \u0110i\u1ec1u quan tr\u1ecdng \u1edf \u0111\u00e2y l\u00e0 ch\u00fang ta \u0111\u1eebng t\u00ecm m\u1ecdi c\u00e1ch \u0111\u1ec3 \u0111\u1ecbnh ngh\u0129a v\u1ec1 cu\u1ed9c \u0111\u1eddi n\u1eefa. H\u00e3y s\u1ed1ng h\u1ebft m\u00ecnh \u0111i v\u00e0 r\u1ed3i \u0111\u1ebfn m\u1ed9t ng\u00e0y n\u00e0o \u0111\u00f3, b\u1ea1n s\u1ebd hi\u1ec3u: Suy cho c\u00f9ng th\u00ec cu\u1ed9c \u0111\u1eddi ch\u1eb3ng b\u1ea5t c\u00f4ng v\u1edbi b\u1ea1n ch\u00fat n\u00e0o. \u0110\u00f3 l\u00e0 do c\u00e1ch ch\u00fang ta \u0111\u1ed1i di\u1ec7n v\u1edbi n\u00f3 m\u00e0 th\u00f4i. M\u1ed7i khi th\u1ea5y \u00e1p l\u1ef1c, m\u1ed7i khi mu\u1ed1n t\u1eeb b\u1ecf, h\u00e3y t\u1ea1m d\u1eebng c\u00f4ng vi\u1ec7c l\u1ea1i v\u00e0 t\u00ecm \u0111\u1ebfn v\u1edbi nh\u1eefng th\u1ee9 c\u00f3 th\u1ec3 l\u00e0m b\u1ea1n c\u01b0\u1eddi nh\u00e9. C\u01b0\u1eddi s\u1ebd l\u00e0m t\u0103ng l\u01b0\u1ee3ng oxy l\u1ea5y v\u00e0o c\u01a1 th\u1ec3 c\u1ee7a b\u1ea1n v\u00e0 gi\u1ea3i ph\u00f3ng l\u01b0\u1ee3ng endorphin \u2013 \u0111\u00e2y l\u00e0 c\u00e1c hormon l\u00e0m cho b\u1ea1n c\u1ea3m th\u1ea5y h\u1ea1nh ph\u00fac. \u1ebech \u1ed9p \u2013 Tuy\u1ec3n t\u1eadp truy\u1ec7n si\u00eau ng\u1eafn nh\u01b0ng \u0111\u1ea3m b\u1ea3o si\u00eau \u0111\u1ed9c, si\u00eau hay, c\u01b0\u1eddi \u0111\u1eafm say si\u00eau nhi\u1ec1u ng\u00e0y! Kh\u00f4ng tin th\u00ec mua ngay cu\u1ed1n s\u00e1ch n\u00e0y, b\u1ea1n nh\u00e9!<\/p>\n  <div class=\"banner-grid-wrapper\">\n  <div id=\"banner-grid-134255002\" class=\"banner-grid row row-grid row-small\" data-packery-options=\"\">\n                      \n<div class=\"col grid-col large-7 grid-col-1\" ><div class=\"col-inner\">\n\t<div class=\"img has-hover x md-x lg-x y md-y lg-y\" id=\"image_2049439112\">\n\t\t\t\t\t\t\t\t<div class=\"img-inner dark\" >\n\t\t\t<img loading=\"lazy\" decoding=\"async\" width=\"960\" height=\"793\" src=\"https:\/\/sachviet.eu\/wp-content\/uploads\/2021\/02\/db8ce011d0d1613da70a7675a6008b5f.jpg\" class=\"attachment-large size-large\" alt=\"\" srcset=\"https:\/\/sachviet.eu\/wp-content\/uploads\/2021\/02\/db8ce011d0d1613da70a7675a6008b5f.jpg 960w, https:\/\/sachviet.eu\/wp-content\/uploads\/2021\/02\/db8ce011d0d1613da70a7675a6008b5f-300x248.jpg 300w, https:\/\/sachviet.eu\/wp-content\/uploads\/2021\/02\/db8ce011d0d1613da70a7675a6008b5f-768x634.jpg 768w, https:\/\/sachviet.eu\/wp-content\/uploads\/2021\/02\/db8ce011d0d1613da70a7675a6008b5f-600x496.jpg 600w\" sizes=\"auto, (max-width: 960px) 100vw, 960px\" \/>\t\t\t\t\t\t\n\t\t\t\t\t<\/div>\n\t\t\t\t\t\t\t\t\n<style>\n#image_2049439112 {\n  width: 100%;\n}\n<\/style>\n\t<\/div>\n\t\n<\/div><\/div>\n<div class=\"col grid-col large-5 grid-col-1-2\" ><div class=\"col-inner\">\n\t<div class=\"img has-hover x md-x lg-x y md-y lg-y\" id=\"image_1773880899\">\n\t\t\t\t\t\t\t\t<div class=\"img-inner dark\" >\n\t\t\t<img loading=\"lazy\" decoding=\"async\" width=\"1020\" height=\"574\" src=\"https:\/\/sachviet.eu\/wp-content\/uploads\/2021\/02\/1611030167541-4-1024x576.png\" class=\"attachment-large size-large\" alt=\"\" srcset=\"https:\/\/sachviet.eu\/wp-content\/uploads\/2021\/02\/1611030167541-4-1024x576.png 1024w, https:\/\/sachviet.eu\/wp-content\/uploads\/2021\/02\/1611030167541-4-300x169.png 300w, https:\/\/sachviet.eu\/wp-content\/uploads\/2021\/02\/1611030167541-4-768x432.png 768w, https:\/\/sachviet.eu\/wp-content\/uploads\/2021\/02\/1611030167541-4-1536x864.png 1536w, https:\/\/sachviet.eu\/wp-content\/uploads\/2021\/02\/1611030167541-4-600x338.png 600w, https:\/\/sachviet.eu\/wp-content\/uploads\/2021\/02\/1611030167541-4.png 1920w\" sizes=\"auto, (max-width: 1020px) 100vw, 1020px\" \/>\t\t\t\t\t\t\n\t\t\t\t\t<\/div>\n\t\t\t\t\t\t\t\t\n<style>\n#image_1773880899 {\n  width: 100%;\n}\n<\/style>\n\t<\/div>\n\t\n<\/div><\/div>\n<div class=\"col grid-col large-5 grid-col-1-2\" ><div class=\"col-inner\">\n\t<div class=\"img has-hover x md-x lg-x y md-y lg-y\" id=\"image_733908624\">\n\t\t\t\t\t\t\t\t<div class=\"img-inner dark\" >\n\t\t\t<img loading=\"lazy\" decoding=\"async\" width=\"1020\" height=\"574\" src=\"https:\/\/sachviet.eu\/wp-content\/uploads\/2021\/02\/1611031148493-5-1024x576.png\" class=\"attachment-large size-large\" alt=\"\" srcset=\"https:\/\/sachviet.eu\/wp-content\/uploads\/2021\/02\/1611031148493-5-1024x576.png 1024w, https:\/\/sachviet.eu\/wp-content\/uploads\/2021\/02\/1611031148493-5-300x169.png 300w, https:\/\/sachviet.eu\/wp-content\/uploads\/2021\/02\/1611031148493-5-768x432.png 768w, https:\/\/sachviet.eu\/wp-content\/uploads\/2021\/02\/1611031148493-5-1536x864.png 1536w, https:\/\/sachviet.eu\/wp-content\/uploads\/2021\/02\/1611031148493-5-600x338.png 600w, https:\/\/sachviet.eu\/wp-content\/uploads\/2021\/02\/1611031148493-5.png 1920w\" sizes=\"auto, (max-width: 1020px) 100vw, 1020px\" \/>\t\t\t\t\t\t\n\t\t\t\t\t<\/div>\n\t\t\t\t\t\t\t\t\n<style>\n#image_733908624 {\n  width: 100%;\n}\n<\/style>\n\t<\/div>\n\t\n<\/div><\/div>\n            <\/div>\n    <style>\n    #banner-grid-134255002 .grid-col-1{height: 600px}\n    #banner-grid-134255002 .grid-col-1-2{height: 300px}\n    #banner-grid-134255002 .grid-col-1-3{height:200px}\n    #banner-grid-134255002 .grid-col-2-3{height: 400px}\n    #banner-grid-134255002 .grid-col-1-4{height: 150px}\n    #banner-grid-134255002 .grid-col-3-4{height: 450px}\n\n\n    \n    \n\n  <\/style>\n    <\/div>\n  \n","protected":false},"excerpt":{"rendered":"<p>\u201cNghe n\u00f3i khi \u0111ang bu\u1ed3n, h\u00e3y \u0103n ch\u00fat \u0111\u1ed3 ng\u1ecdt v\u00e0 \u0111\u1ecdc v\u00e0i c\u00e2u truy\u1ec7n c\u01b0\u1eddi. N\u00f3 kh\u00f4ng gi\u1ea3i quy\u1ebft n\u1ed7i bu\u1ed3n c\u1ee7a b\u1ea1n, nh\u01b0ng \u00edt nhi\u1ec1u c\u0169ng khi\u1ebfn b\u1ea1n vui l\u00ean ph\u1ea7n n\u00e0o.\u201d<\/p>\n<p>M\u1eb7n m\u00e0, h\u00e0i h\u01b0\u1edbc, b\u1eaft trend m\u00e0 kh\u00f4ng k\u00e9m ph\u1ea7n th\u00e2m th\u00fay, \u1ebech \u1ed9p \u2013 Tuy\u1ec3n t\u1eadp truy\u1ec7n si\u00eau ng\u1eafn c\u00f3 \u0111\u1ee7 m\u1ecdi y\u1ebfu t\u1ed1 gi\u1ea3i tr\u00ed b\u1ea1n c\u1ea7n sau chu\u1ed7i ng\u00e0y \u201cl\u1ee1\u201d b\u01b0\u1edbc ch\u00e2n tr\u00e1i ra kh\u1ecfi c\u1eeda, ng\u01b0\u1eddi y\u00eau c\u1eafm s\u1eebng, s\u1ebfp m\u1eafng, h\u1ebft ti\u1ec1n, deadline d\u00ed,\u2026 H\u01a1n ai h\u1ebft, ch\u1ee7 fanpage \u1ebech \u1ed9p \u2013 ng\u01b0\u1eddi ch\u01a1i h\u1ec7 mu\u1ed1i \u2013 mu\u1ed1n g\u1eedi \u0111\u1ebfn t\u1ea5t c\u1ea3 ng\u01b0\u1eddi tr\u1ebb ch\u00fang ta m\u1ed9t th\u00f4ng \u0111i\u1ec7p gi\u1ea3n \u0111\u01a1n nh\u01b0ng l\u1ea1i ch\u1eb3ng m\u1ea5y ai nh\u1edb, \u0111\u00f3 l\u00e0: \u201cC\u1ee9 c\u01b0\u1eddi l\u00ean, \u0111\u1eddi d\u00e0i m\u1ea5y m\u00e0 \u0111i cau c\u00f3\u201d.<\/p>\n","protected":false},"featured_media":1342,"template":"","meta":{"_acf_changed":false},"product_brand":[],"product_cat":[29,15,47],"product_tag":[],"class_list":{"0":"post-1353","1":"product","2":"type-product","3":"status-publish","4":"has-post-thumbnail","6":"product_cat-manga-comics","7":"product_cat-sach-danh-cho-nguoi-lon","8":"product_cat-truyen-ngan-tan-van","10":"first","11":"outofstock","12":"taxable","13":"shipping-taxable","14":"purchasable","15":"product-type-simple"},"supplier_id":null,"supplier_sku":"","barcode":null,"atum_controlled":true,"out_stock_date":"2021-09-03 06:58:08","out_stock_threshold":null,"inheritable":false,"inbound_stock":0,"stock_on_hold":0,"sold_today":0,"sales_last_days":0,"reserved_stock":0,"customer_returns":0,"warehouse_damage":0,"lost_in_post":0,"other_logs":0,"out_stock_days":1608,"lost_sales":0,"has_location":false,"update_date":"2026-01-28T23:10:29","atum_locations":[],"atum_stock_status":"outofstock","restock_status":false,"low_stock_amount":"","sales_update_date":"2026-01-28T23:10:29","calc_backorders":null,"acf":{"publisher":{"ID":1460,"post_author":"1","post_date":"2021-02-17 01:12:24","post_date_gmt":"2021-02-16 23:12:24","post_content":"<!-- wp:flatsome\/uxbuilder -->\n<h1 style=\"text-align: center;\"><strong>Skybooks<\/strong><\/h1>\n[row]\n\n[col span=\"7\" span__sm=\"12\"]\n\n<p>C\u00f4ng ty ph\u00e1t h\u00e0nh s\u00e1ch Skybooks. \"T\u00f4i tr\u1ebb, t\u00f4i \u0111am m\u00ea\" v\u1edbi s\u1ee9 m\u1ec7nh lan to\u1ea3 c\u1ea3m x\u00fac v\u00e0 k\u1ebft n\u1ed1i t\u00e2m h\u1ed3n<\/p>\n<p><strong>Skybooks l\u00e0 c\u00e2u chuy\u1ec7n k\u1ec3 v\u1ec1:<\/strong><br \/>M\u1ed9t th\u1ebf h\u1ec7 ng\u01b0\u1eddi vi\u1ebft tr\u1ebb, \u0111am m\u00ea v\u0103n ch\u01b0\u01a1ng v\u00e0 t\u00f4n tr\u1ecdng, g\u00ecn gi\u1eef, s\u00e1ng t\u1ea1o Ti\u1ebfng Vi\u1ec7t. M\u1ed9t th\u1ebf h\u1ec7 \u0111\u1ed9c gi\u1ea3 tr\u1ebb, \u0111am m\u00ea kh\u00e1m ph\u00e1 ng\u00f4n ng\u1eef v\u00e0 say m\u00ea \u0111\u1ebfn v\u1edbi th\u1ebf gi\u1edbi c\u1ee7a nh\u1eefng quy\u1ec3n s\u00e1ch. M\u1ed9t th\u1ebf h\u1ec7 ng\u01b0\u1eddi l\u00e0m s\u00e1ch tr\u1ebb, \u0111am m\u00ea mang nh\u1eefng gi\u00e1 tr\u1ecb tinh th\u1ea7n l\u1ea1i g\u1ea7n ng\u01b0\u1eddi \u0111\u1ecdc.<br \/>Trong b\u1ed9 nh\u1eadn d\u1ea1ng th\u01b0\u01a1ng hi\u1ec7u:<br \/>Skybooks v\u1edbi ch\u1eef Sky m\u00e0u xanh da tr\u1eddi c\u00f3 \u00fd ngh\u0129a l\u00e0 c\u00f4ng ty B\u1ea7u Tr\u1eddi - n\u01a1i t\u1ea5t c\u1ea3 \u01b0\u1edbc m\u01a1 \u0111\u01b0\u1ee3c t\u1ef1 do tung c\u00e1nh.<br \/>V\u1edbi logo h\u00ecnh hoa b\u1ed3 c\u00f4ng anh \u0111ang bay t\u01b0\u1ee3ng tr\u01b0ng cho s\u1ef1 lan to\u1ea3 c\u1ea3m x\u00fac v\u00e0 kh\u00e1t v\u1ecdng bay cao.<br \/>K\u1ebb v\u1ea1ch logo c\u00f3 n\u1ec1n m\u00e0u ghi x\u00e1m xu\u1ea5t hi\u1ec7n tr\u00ean b\u00eca m\u1ecdi \u1ea5n ph\u1ea9m th\u1ec3 hi\u1ec7n con \u0111\u01b0\u1eddng b\u01b0\u1edbc v\u00e0o th\u1ecb tr\u01b0\u1eddng s\u00e1ch v\u00e0 chinh ph\u1ee5c \u0111\u1ed9c gi\u1ea3 l\u00e0 m\u1ed9t h\u00e0nh tr\u00ecnh d\u00e0i, \u0111\u1ea7y gian kh\u00f3, c\u00f3 nhi\u1ec1u b\u00e3o t\u1ed1, nh\u01b0ng ch\u1ec9 c\u1ea7n n\u1ed7 l\u1ef1c c\u1ed1 g\u1eafng nh\u1ea5t \u0111\u1ecbnh s\u1ebd ngo\u1ea1n m\u1ee5c v\u01b0\u1ee3t qua. \u0110\u1ec3 kh\u1eb3ng \u0111\u1ecbnh v\u00e0 ch\u1ee9ng minh ch\u00ednh m\u00ecnh!<\/p>\n\n[\/col]\n[col span=\"5\" span__sm=\"12\"]\n\n[ux_image id=\"1825\" image_size=\"medium\"]\n\n\n[\/col]\n\n[\/row]\n\n<!-- \/wp:flatsome\/uxbuilder -->","post_title":"Skybooks","post_excerpt":"","post_status":"publish","comment_status":"closed","ping_status":"closed","post_password":"","post_name":"skybooks","to_ping":"","pinged":"","post_modified":"2021-02-17 01:57:31","post_modified_gmt":"2021-02-16 23:57:31","post_content_filtered":"","post_parent":0,"guid":"https:\/\/sachviet.eu\/nha-phat-hanh\/skybooks\/","menu_order":0,"post_type":"publisher","post_mime_type":"","comment_count":"0","filter":"raw"}},"_links":{"self":[{"href":"https:\/\/sachviet.eu\/en\/wp-json\/wp\/v2\/product\/1353","targetHints":{"allow":["GET"]}}],"collection":[{"href":"https:\/\/sachviet.eu\/en\/wp-json\/wp\/v2\/product"}],"about":[{"href":"https:\/\/sachviet.eu\/en\/wp-json\/wp\/v2\/types\/product"}],"wp:featuredmedia":[{"embeddable":true,"href":"https:\/\/sachviet.eu\/en\/wp-json\/wp\/v2\/media\/1342"}],"wp:attachment":[{"href":"https:\/\/sachviet.eu\/en\/wp-json\/wp\/v2\/media?parent=1353"}],"wp:term":[{"taxonomy":"product_brand","embeddable":true,"href":"https:\/\/sachviet.eu\/en\/wp-json\/wp\/v2\/product_brand?post=1353"},{"taxonomy":"product_cat","embeddable":true,"href":"https:\/\/sachviet.eu\/en\/wp-json\/wp\/v2\/product_cat?post=1353"},{"taxonomy":"product_tag","embeddable":true,"href":"https:\/\/sachviet.eu\/en\/wp-json\/wp\/v2\/product_tag?post=1353"}],"curies":[{"name":"wp","href":"https:\/\/api.w.org\/{rel}","templated":true}]}}