{"id":1341,"date":"2021-02-16T00:36:53","date_gmt":"2021-02-15T22:36:53","guid":{"rendered":"https:\/\/sachviet.eu\/shop\/co-mot-nguoi-tung-la-tat-ca\/"},"modified":"2021-05-18T00:46:57","modified_gmt":"2021-05-17T21:46:57","slug":"co-mot-nguoi-tung-la-tat-ca","status":"publish","type":"product","link":"https:\/\/sachviet.eu\/en\/shop\/co-mot-nguoi-tung-la-tat-ca\/","title":{"rendered":"C\u00f3 m\u1ed9t ng\u01b0\u1eddi t\u1eebng l\u00e0 t\u1ea5t c\u1ea3"},"content":{"rendered":"<p>N\u0103m c\u0169 s\u1eafp qua \u0111i, n\u0103m m\u1edbi l\u1ea1i s\u1eafp \u0111\u1ebfn, kho\u1ea3ng th\u1eddi gian, h\u1eb3n trong l\u00f2ng m\u1ed7i ch\u00fang ta s\u1ebd c\u00f3 r\u1ea5t nhi\u1ec1u nh\u1eefng \u0111i\u1ec1u ng\u1ed5n ngang v\u00e0 h\u1ed1i ti\u1ebfc. V\u00e0 c\u00f3 l\u1ebd, h\u1ed1i ti\u1ebfc nh\u1ea5t l\u00e0 khi ch\u00fang ta c\u1ea3m nh\u1eadn th\u1eddi gian tr\u00f4i qua th\u1eadt nhanh nh\u01b0ng b\u1ea3n th\u00e2n \u0111\u00e3 b\u1ecf l\u1ee1 qu\u00e1 nhi\u1ec1u \u0111i\u1ec1u trong qu\u00e1 kh\u1ee9. B\u1ecf l\u1ee1 nh\u1ea5t v\u1eabn l\u00e0 m\u1ed9t ng\u01b0\u1eddi n\u00e0o \u0111\u00f3 t\u1eebng \u0111\u1ebfn, t\u1eebng y\u00eau th\u01b0\u01a1ng, t\u1eebng th\u1ec1 h\u1eb9n, t\u1eebng l\u00e0 m\u1ed9t ph\u1ea7n m\u00e1u th\u1ecbt, t\u1eebng l\u00e0 m\u1ed9t ph\u1ea7n th\u00f3i quen c\u1ee7a cu\u1ed9c \u0111\u1eddi m\u00ecnh. \u0110\u1ec3 r\u1ed3i m\u00ecnh xem ng\u01b0\u1eddi ta l\u00e0-t\u1ea5t-c\u1ea3 nh\u01b0ng h\u1ecd l\u1ea1i xem m\u00ecnh kh\u00f4ng-l\u00e0-g\u00ec-c\u1ea3.<\/p>\n<p>Cu\u1ed1n s\u00e1ch <strong>\u201cC\u00d3 M\u1ed8T NG\u01af\u1edcI T\u1eeaNG L\u00c0 T\u1ea4T C\u1ea2\u201d<\/strong> \u0111\u00e3 \u0111\u01b0\u1ee3c Tr\u00ed \u1ea5p \u1ee7 trong m\u1ed9t kho\u1ea3ng th\u1eddi gian r\u1ea5t d\u00e0i. Trong quy\u1ec3n s\u00e1ch l\u1ea7n n\u00e0y ch\u1ea5t ch\u1ee9a r\u1ea5t nhi\u1ec1u t\u00e2m t\u01b0 t\u00ecnh c\u1ea3m m\u00e0 tin ch\u1eafc r\u1eb1ng khi b\u1ea1n m\u1edf ra b\u1ea5t k\u1ef3 trang s\u00e1ch n\u00e0o, b\u1ea1n c\u0169ng s\u1ebd th\u1ea5y m\u00ecnh \u0111\u00e2u \u0111\u00f3. \u0110\u00e2u \u0111\u00f3 c\u1ee7a nh\u1eefng ng\u00e0y tr\u1ebb d\u1ea1i. \u0110\u00e2u \u0111\u00f3 c\u1ee7a nh\u1eefng l\u1ea7n y\u00eau \u0111au. \u0110\u00e2u c\u00f3 c\u1ee7a nh\u1eefng \u0111i\u1ec1u h\u1ed1i ti\u1ebfc. \u0110\u00e2u \u0111\u00f3 c\u1ee7a s\u1ef1 v\u1ed7 v\u1ec1 tr\u00e1i tim b\u00e9 nh\u1ecf \u0111\u1ec3 gi\u00fap b\u1ea1n c\u00f3 th\u00eam ni\u1ec1m tin b\u01b0\u1edbc ti\u1ebfp.<\/p>\n<p>B\u1ea1n bi\u1ebft kh\u00f4ng, \u0111i\u1ec1u \u0111\u1eb9p nh\u1ea5t tr\u00ean cu\u1ed9c \u0111\u1eddi n\u00e0y l\u00e0 \u0111\u01b0\u1ee3c y\u00eau, \u0111\u01b0\u1ee3c d\u1ed1c h\u1ebft v\u1ed1n li\u1ebfng y\u00eau \u0111\u01b0\u01a1ng cho m\u1ed9t ng\u01b0\u1eddi, v\u00e0 \u0111\u01b0\u1ee3c \u0111au cho ch\u00ednh t\u00ecnh y\u00eau \u1ea5y. Ph\u1ea3i \u0111au th\u00ec bi\u1ebft m\u00ecnh y\u00eau m\u1ed9t ng\u01b0\u1eddi \u0111\u1ebfn nh\u01b0\u1eddng n\u00e0o. N\u1ebfu t\u00ecnh y\u00eau kh\u00f4ng \u0111i qua tr\u1eafc tr\u1edf th\u00ec s\u1ebd kh\u00f4ng bao gi\u1edd \u0111ong \u0111\u1ebfm \u0111\u01b0\u1ee3c c\u1ea3m x\u00fac. V\u00e0 C\u00d3 M\u1ed8T NG\u01af\u1edcI T\u1eeaNG L\u00c0 T\u1ea4T C\u1ea2 s\u1ebd d\u1eabn l\u1ed1i b\u1ea1n v\u00e0o nh\u1eefng n\u0103m th\u00e1ng nh\u01b0 th\u1ebf. B\u1edfi trong \u0111\u1eddi m\u1ed7i ch\u00fang ta, \u00edt nh\u1ea5t c\u0169ng \u0111\u00e3 t\u1eebng y\u00eau v\u00e0i ng\u01b0\u1eddi. Nh\u01b0ng trong s\u1ed1 v\u00e0i ng\u01b0\u1eddi \u1ea5y, duy ch\u1ec9 c\u00f3 m\u1ed9t ng\u01b0\u1eddi y\u00eau \u0111\u1eadm s\u00e2u nh\u1ea5t. \u0110\u00f3 c\u00f3 th\u1ec3 l\u00e0 t\u00ecnh \u0111\u1ea7u ho\u1eb7c nh\u1eefng m\u1ed1i t\u00ecnh sau t\u00ecnh \u0111\u1ea7u. \u0110\u00f3 c\u0169ng c\u00f3 th\u1ec3 l\u00e0 m\u1ed9t ng\u01b0\u1eddi ch\u00fang ta s\u1ebd c\u00f9ng h\u1ecd \u0111i \u0111\u1ebfn cu\u1ed1i \u0111\u1ea5t c\u00f9ng tr\u1eddi tr\u00ean con \u0111\u01b0\u1eddng nh\u00e2n gian. Nh\u01b0ng c\u0169ng c\u00f3 th\u1ec3 ch\u1ec9 l\u00e0 m\u1ed9t ng\u01b0\u1eddi n\u1eafm tay nhau \u0111i m\u1ed9t \u0111o\u1ea1n \u0111\u1eddi ch\u00f3ng v\u00e1nh m\u00e0 th\u00f4i. Hay duy\u00ean ph\u1eadn b\u1ea1c \u0111\u1ebfn n\u1ed7i ch\u1ec9 l\u00e0 nh\u1eefng ng\u01b0\u1eddi d\u01b0ng l\u01b0\u1edbt qua \u0111\u1eddi nhau. Nh\u01b0ng l\u00e0 ai, l\u00e0 g\u00ec, d\u00e0i l\u00e2u hay ng\u1eafn ng\u1ee7i gi\u1edd \u0111\u00e3 kh\u00f4ng-c\u00f2n-quan-tr\u1ecdng n\u1eefa r\u1ed3i. Quan tr\u1ecdng l\u00e0 ch\u00fang ta \u0111\u00e3 t\u1eebng kh\u1edd d\u1ea1i cho h\u1ecd m\u1ed9t \u0111\u1eb7c quy\u1ec1n trong l\u00f2ng m\u00ecnh, \u0111\u1ec3 m\u00ecnh xem h\u1ecd l\u00e0 t\u1ea5t c\u1ea3, l\u00e0 h\u01a1i th\u1edf trong l\u1ed3ng ng\u1ef1c, l\u00e0 t\u1ebf b\u00e0o tr\u00ean t\u1eebng th\u1edb th\u1ecbt. M\u1ed9t ng\u00e0y h\u1ecd quay \u0111i, m\u00ecnh ch\u1ee3t nh\u1eadn ra r\u1eb1ng m\u00ecnh qu\u00e1 ng\u1ed1c ngh\u1ebfch v\u00ec \u0111\u00e3 \u0111\u1ec3 \u201cC\u00f3-m\u1ed9t-ng\u01b0\u1eddi-t\u1eebng-l\u00e0-t\u1ea5t-c\u1ea3!\u201d.<\/p>\n<p>\u201cV\u00e0o m\u1ed9t ng\u00e0y \u0111\u1eb9p tr\u1eddi ch\u00fang ta \u0111\u00e3 n\u00f3i l\u1eddi t\u1ea1m bi\u1ec7t. Kh\u00f4ng ai tr\u00e1ch ai, kh\u00f4ng ai h\u1eddn d\u1ed7i. Ch\u00fang ta u\u1ed1ng c\u1ea1n v\u00e0i chai r\u1ed3i m\u1ec9m c\u01b0\u1eddi ti\u1ec5n nhau th\u00eam m\u1ed9t \u0111o\u1ea1n v\u1ec1 nh\u00e0. Ho\u00e1 ra, c\u1ea3m gi\u00e1c chia tay kh\u00f4ng h\u1ec1 \u0111\u00e1ng s\u1ee3! V\u00ec ch\u00fang ta \u0111\u00e3 hi\u1ec3u m\u00ecnh b\u1eaft \u0111\u1ea7u r\u1ea5t \u00eam \u0111\u1eb9p n\u00ean k\u1ebft th\u00fac c\u0169ng ph\u1ea3i \u00eam \u0111\u1ec1m.\u201d<\/p>\n<p>\u201cN\u0103m \u1ea5y, r\u00f5 r\u00e0ng l\u00e0 th\u00edch nhau, r\u00f5 r\u00e0ng l\u00e0 ch\u1ec9 c\u1ea7n ti\u1ebfn th\u00eam m\u1ed9t b\u01b0\u1edbc n\u1eefa l\u00e0 c\u00f3 th\u1ec3 c\u00f3 \u0111\u01b0\u1ee3c m\u1ed9t cu\u1ed9c t\u00ecnh kh\u1eafc c\u1ed1t ghi t\u00e2m. V\u1eady m\u00e0, m\u1ed7i \u0111\u1ee9a l\u1ea1i ch\u1ecdn c\u00e1ch d\u1eebng l\u1ea1i v\u00ec ngh\u0129 r\u1eb1ng \u0111\u1ed1i ph\u01b0\u01a1ng ch\u01b0a th\u1ef1c s\u1ef1 th\u01b0\u01a1ng m\u00ecnh. T\u1eeb b\u1ecf c\u1ee7a tu\u1ed5i tr\u1ebb, v\u0129nh vi\u1ec5n l\u00e0 h\u1ed1i ti\u1ebfc sau n\u00e0y!\u201d<\/p>\n<p>\u201cH\u1ed3i \u0111\u00f3 t\u1ee5i m\u00ecnh hay n\u00f3i, l\u1ec5 th\u1ea5t t\u1ecbch s\u1ebd \u0103n ch\u00e8 \u0111\u1eadu \u0111\u1ecf. Anh m\u1ed9t b\u00e1t. Em m\u1ed9t b\u00e1t. M\u00e3i m\u00e3i kh\u00f4ng r\u1eddi. V\u0129nh vi\u1ec5n kh\u00f4ng xa. Sau n\u00e0y ngh\u0129 l\u1ea1i ho\u00e1 ra bu\u1ed3n c\u01b0\u1eddi. D\u1eabu c\u00f3 \u0103n m\u01b0\u1eddi b\u00e1t ch\u00e8 \u0111\u1eadu \u0111\u1ecf \u0111i n\u1eefa, m\u00e0 l\u00f2ng ng\u01b0\u1eddi \u0111\u1ed5i thay hay kh\u00f4ng c\u00f3 duy\u00ean n\u1ee3, c\u0169ng c\u00f3 b\u00ean nhau \u0111\u01b0\u1ee3c \u0111\u00e2u. Sau n\u00e0y m\u1edbi bi\u1ebft b\u00e1t ch\u00e8 \u0111\u1eadu \u0111\u1ecf n\u0103m x\u01b0a m\u00e3i l\u00e0 m\u1ed9t c\u00e2u chuy\u1ec7n n\u00f3i d\u1ed1i.\u201d<\/p>\n<p style=\"text-align: center\"><strong>\u201cc\u00f3 m\u1ed9t ng\u01b0\u1eddi t\u1eebng l\u00e0 t\u1ea5t c\u1ea3<\/strong><\/p>\n<p style=\"text-align: center\"><strong>nh\u01b0ng b\u00e2y gi\u1edd \u0111\u00e3 tr\u1edf th\u00e0nh ng\u01b0\u1eddi l\u1ea1<\/strong><\/p>\n<p style=\"text-align: center\"><strong>anh v\u1edbi ng\u01b0\u1eddi ta, c\u00f2n em&#8230; th\u00ec c\u00e1ch xa.<\/strong><\/p>\n<p style=\"text-align: center\"><strong>chuy\u1ec7n ch\u00fang m\u00ecnh v\u1eeba m\u1edbi h\u00f4m qua<\/strong><\/p>\n<p style=\"text-align: center\"><strong>b\u1ed7ng h\u00f4m nay hai ng\u01b0\u1eddi hai l\u1ed1i r\u1ebd<\/strong><\/p>\n<p style=\"text-align: center\"><strong>ch\u1ea3 nh\u1ebd y\u00eau nh\u01b0 tr\u00f2 ch\u01a1i c\u00fat b\u1eaft<\/strong><\/p>\n<p style=\"text-align: center\"><strong>anh th\u1eafng em r\u1ed3i,<\/strong><\/p>\n<p style=\"text-align: center\"><strong>em \u0111au th\u1eaft ru\u1ed9t gan.\u201d<\/strong><\/p>\n<p>\u0110\u00e2y s\u1ebd l\u00e0 m\u1ed9t quy\u1ec3n nh\u1eadt k\u00fd nh\u1ecf, m\u1ed7i ng\u00e0y b\u1ea1n h\u00e1o h\u1ee9c m\u1edf ra t\u1eebng trang m\u1ed9t, \u0111\u1ecdc t\u1eebng con ch\u1eef v\u00e0 c\u1ea3m nh\u1eadn th\u1eadt r\u00f5 nh\u1eefng \u0111o\u1ea1n phim cu\u1ed9c \u0111\u1eddi \u0111ang tua l\u1ea1i trong t\u00e2m tr\u00ed.Mong r\u1eb1ng C\u00d3 M\u1ed8T NG\u01af\u1edcI T\u1eeaNG L\u00c0 T\u1ea4T C\u1ea2 s\u1ebd gi\u00fap b\u1ea1n \u0111i qua M\u00f9a \u0110\u00f4ng n\u0103m nay th\u1eadt an y\u00ean!<\/p>\n  <div class=\"banner-grid-wrapper\">\n  <div id=\"banner-grid-1274116821\" class=\"banner-grid row row-grid row-small\" data-packery-options=\"\">\n                      \n<div class=\"col grid-col large-6 grid-col-1\" ><div class=\"col-inner\">\n\t<div class=\"img has-hover x md-x lg-x y md-y lg-y\" id=\"image_1421120480\">\n\t\t\t\t\t\t\t\t<div class=\"img-inner dark\" >\n\t\t\t<img loading=\"lazy\" decoding=\"async\" width=\"843\" height=\"843\" src=\"https:\/\/sachviet.eu\/wp-content\/uploads\/2021\/02\/133090051_397307054883996_1951664209363812679_o.jpg\" class=\"attachment-large size-large\" alt=\"\" srcset=\"https:\/\/sachviet.eu\/wp-content\/uploads\/2021\/02\/133090051_397307054883996_1951664209363812679_o.jpg 843w, https:\/\/sachviet.eu\/wp-content\/uploads\/2021\/02\/133090051_397307054883996_1951664209363812679_o-300x300.jpg 300w, https:\/\/sachviet.eu\/wp-content\/uploads\/2021\/02\/133090051_397307054883996_1951664209363812679_o-150x150.jpg 150w, https:\/\/sachviet.eu\/wp-content\/uploads\/2021\/02\/133090051_397307054883996_1951664209363812679_o-768x768.jpg 768w, https:\/\/sachviet.eu\/wp-content\/uploads\/2021\/02\/133090051_397307054883996_1951664209363812679_o-600x600.jpg 600w, https:\/\/sachviet.eu\/wp-content\/uploads\/2021\/02\/133090051_397307054883996_1951664209363812679_o-100x100.jpg 100w\" sizes=\"auto, (max-width: 843px) 100vw, 843px\" \/>\t\t\t\t\t\t\n\t\t\t\t\t<\/div>\n\t\t\t\t\t\t\t\t\n<style>\n#image_1421120480 {\n  width: 100%;\n}\n<\/style>\n\t<\/div>\n\t\n<\/div><\/div>\n<div class=\"col grid-col large-6 grid-col-1\" ><div class=\"col-inner\">\n\t<div class=\"img has-hover x md-x lg-x y md-y lg-y\" id=\"image_615248121\">\n\t\t\t\t\t\t\t\t<div class=\"img-inner dark\" >\n\t\t\t<img loading=\"lazy\" decoding=\"async\" width=\"895\" height=\"960\" src=\"https:\/\/sachviet.eu\/wp-content\/uploads\/2021\/02\/138091232_238268577707334_7238061804019174126_n.jpg\" class=\"attachment-large size-large\" alt=\"\" srcset=\"https:\/\/sachviet.eu\/wp-content\/uploads\/2021\/02\/138091232_238268577707334_7238061804019174126_n.jpg 895w, https:\/\/sachviet.eu\/wp-content\/uploads\/2021\/02\/138091232_238268577707334_7238061804019174126_n-280x300.jpg 280w, https:\/\/sachviet.eu\/wp-content\/uploads\/2021\/02\/138091232_238268577707334_7238061804019174126_n-768x824.jpg 768w, https:\/\/sachviet.eu\/wp-content\/uploads\/2021\/02\/138091232_238268577707334_7238061804019174126_n-600x644.jpg 600w\" sizes=\"auto, (max-width: 895px) 100vw, 895px\" \/>\t\t\t\t\t\t\n\t\t\t\t\t<\/div>\n\t\t\t\t\t\t\t\t\n<style>\n#image_615248121 {\n  width: 100%;\n}\n<\/style>\n\t<\/div>\n\t\n<\/div><\/div>\n            <\/div>\n    <style>\n    #banner-grid-1274116821 .grid-col-1{height: 600px}\n    #banner-grid-1274116821 .grid-col-1-2{height: 300px}\n    #banner-grid-1274116821 .grid-col-1-3{height:200px}\n    #banner-grid-1274116821 .grid-col-2-3{height: 400px}\n    #banner-grid-1274116821 .grid-col-1-4{height: 150px}\n    #banner-grid-1274116821 .grid-col-3-4{height: 450px}\n\n\n    \n    \n\n  <\/style>\n    <\/div>\n  \n","protected":false},"excerpt":{"rendered":"<p>\u0110\u1ecdc nh\u1eefng d\u00f2ng v\u0103n c\u1ee7a t\u00e1c gi\u1ea3 th\u1eadt s\u1ef1 khi\u1ebfn l\u00f2ng t\u00f4i c\u00f3 ch\u00fat \u0111au l\u00f2ng, v\u00ec nh\u1eefng c\u00e2u t\u1eeb m\u00e0 anh vi\u1ebft r\u1ea5t \u0111\u00fang. \u0110\u00fang l\u00e0 c\u00f3 nh\u1eefng ng\u01b0\u1eddi, m\u00ecnh d\u1ed1c h\u1ebft t\u00e2m can \u0111\u1ec3 y\u00eau, \u0111\u1ec3 th\u01b0\u01a1ng, nh\u01b0ng r\u1ed3i cu\u1ed1i c\u00f9ng th\u1ee9 m\u00ecnh nh\u1eadn l\u1ea1i ch\u1ec9 l\u00e0 hai ch\u1eef \u201c\u0111au l\u00f2ng\u201d.<\/p>\n<p>Ch\u1eafc h\u1eb3n l\u00e0 ai trong ch\u00fang ta c\u0169ng \u0111\u00e3 t\u1eebng y\u00eau, c\u0169ng \u0111\u00e3 t\u1eebng d\u1ed1c h\u1ebft t\u00e2m can \u0111\u1ec3 y\u00eau, \u0111\u1ec3 th\u01b0\u01a1ng m\u1ed9t ng\u01b0\u1eddi. C\u00f3 th\u1ec3 l\u00e0 t\u00ecnh \u0111\u1ea7u ho\u1eb7c kh\u00f4ng ph\u1ea3i \u0111i ch\u0103ng n\u1eefa, th\u00ec kho\u1ea3ng th\u1eddi gian \u1ea5y, ta \u0111\u00e3 trao h\u1ebft con tim c\u1ee7a m\u00ecnh cho h\u1ecd.<\/p>\n<p>\u201cV\u00e0o m\u1ed9t ng\u00e0y \u0111\u1eb9p tr\u1eddi, ch\u00fang ta \u0111\u00e3 n\u00f3i l\u1eddi t\u1ea1m bi\u1ec7t. Kh\u00f4ng ai tr\u00e1ch ai, kh\u00f4ng ai h\u1eddn d\u1ed7i. Ch\u00fang ta u\u1ed1ng c\u1ea1n v\u00e0i chai r\u1ed3i m\u1ec9m c\u01b0\u1eddi ti\u1ec5n nhau th\u00eam m\u1ed9t \u0111o\u1ea1n v\u1ec1 nh\u00e0. H\u00f3a ra, c\u1ea3m gi\u00e1c chia tay kh\u00f4ng h\u1ec1 \u0111\u00e1ng s\u1ee3! V\u00ec ch\u00fang ta \u0111\u00e3 hi\u1ec3u m\u00ecnh b\u1eaft \u0111\u1ea7u r\u1ea5t \u00eam \u0111\u1eb9p n\u00ean k\u1ebft th\u00fac c\u0169ng ph\u1ea3i \u00eam \u0111\u1ec1m.\u201d<\/p>\n<p>Ch\u00fang ta c\u0169ng ch\u1ec9 l\u00e0 nh\u1eefng con ng\u01b0\u1eddi nh\u1ecf b\u00e9 gi\u1eefa c\u00e1i th\u1ebf gi\u1edbi r\u1ed9ng l\u1edbn n\u00e0y, c\u0169ng ch\u1ec9 \u01b0\u1edbc ao \u0111\u01b0\u1ee3c t\u00ecm th\u1ea5y m\u1ed9t ng\u01b0\u1eddi y\u00eau m\u00ecnh, hi\u1ec3u m\u00ecnh, v\u1eady l\u00e0 \u0111\u1ee7. Nh\u01b0ng tu\u1ed5i tr\u1ebb m\u00e0, ph\u1ea3i m\u1ed9t l\u1ea7n \u0111au kh\u1ed5 v\u00ec t\u00ecnh y\u00eau th\u00ec m\u1edbi c\u00f3 th\u1ec3 tr\u01b0\u1edfng th\u00e0nh \u0111\u01b0\u1ee3c ch\u1ee9! D\u1eabu ch\u00fang ta c\u00f3 \u0111ang \u0111au l\u00f2ng khi v\u1eeba m\u1edbi chia tay m\u1ed9t ng\u01b0\u1eddi m\u00e0 m\u00ecnh r\u1ea5t m\u1ef1c y\u00eau th\u01b0\u01a1ng, nh\u01b0ng r\u1ed3i th\u1eddi gian \u2013 m\u1ed9t th\u1ee9 c\u00f3 th\u1ec3 g\u1ecdi l\u00e0 \u201cv\u00f4 t\u00ecnh\u201d nh\u1ea5t c\u1ee7a th\u1ebf gian n\u00e0y s\u1ebd khi\u1ebfn cho v\u1ebft th\u01b0\u01a1ng n\u01a1i ng\u1ef1c tr\u00e1i m\u00e0 m\u00ecnh c\u1ee9 t\u01b0\u1edfng n\u00f3 v\u1eabn ho\u00e0i r\u1ec9 m\u00e1u, s\u1ebd t\u1eeb t\u1eeb l\u00e0nh l\u1ea1i v\u00e0 th\u1eadm ch\u00ed c\u00f2n tr\u1edf n\u00ean chai s\u1ea1n.<\/p>\n<p>C\u00f3 nh\u1eefng ng\u00e0y m\u00e0 c\u00f5i l\u00f2ng m\u00ecnh b\u1eeba b\u1ed9n nh\u1ea5t, c\u00f3 nh\u1eefng ng\u00e0y k\u1ec9 ni\u1ec7m c\u1ee9 li\u00ean t\u1ee5c \u00f9a v\u1ec1 trong t\u00e2m tr\u00ed v\u00e0 c\u00f3 nh\u1eefng ng\u00e0y con tim v\u1eabn kh\u00f4ng ng\u1eebng nh\u00f3i \u0111au v\u00ec \u201cC\u00f3 m\u1ed9t ng\u01b0\u1eddi t\u1eebng l\u00e0 t\u1ea5t c\u1ea3\u201d\u2026<\/p>\n","protected":false},"featured_media":1326,"template":"","meta":{"_acf_changed":false},"product_brand":[],"product_cat":[15,47],"product_tag":[],"class_list":{"0":"post-1341","1":"product","2":"type-product","3":"status-publish","4":"has-post-thumbnail","6":"product_cat-sach-danh-cho-nguoi-lon","7":"product_cat-truyen-ngan-tan-van","9":"first","10":"instock","11":"taxable","12":"shipping-taxable","13":"purchasable","14":"product-type-simple"},"supplier_id":null,"supplier_sku":"","barcode":null,"atum_controlled":true,"out_stock_date":null,"out_stock_threshold":null,"inheritable":false,"inbound_stock":0,"stock_on_hold":0,"sold_today":0,"sales_last_days":0,"reserved_stock":0,"customer_returns":0,"warehouse_damage":0,"lost_in_post":0,"other_logs":0,"out_stock_days":0,"lost_sales":0,"has_location":false,"update_date":"2026-01-28T23:10:29","atum_locations":[],"atum_stock_status":"instock","restock_status":false,"low_stock_amount":"","sales_update_date":"2026-01-28T23:10:29","calc_backorders":null,"acf":{"publisher":{"ID":1459,"post_author":"1","post_date":"2021-02-17 01:12:23","post_date_gmt":"2021-02-16 23:12:23","post_content":"","post_title":"Ng\u01b0\u1eddi Tr\u1ebb Vi\u1ec7t","post_excerpt":"","post_status":"publish","comment_status":"closed","ping_status":"closed","post_password":"","post_name":"nguoi-tre-viet","to_ping":"","pinged":"","post_modified":"2021-02-17 01:12:23","post_modified_gmt":"2021-02-16 23:12:23","post_content_filtered":"","post_parent":0,"guid":"https:\/\/sachviet.eu\/nha-phat-hanh\/nguoi-tre-viet\/","menu_order":0,"post_type":"publisher","post_mime_type":"","comment_count":"0","filter":"raw"}},"_links":{"self":[{"href":"https:\/\/sachviet.eu\/en\/wp-json\/wp\/v2\/product\/1341","targetHints":{"allow":["GET"]}}],"collection":[{"href":"https:\/\/sachviet.eu\/en\/wp-json\/wp\/v2\/product"}],"about":[{"href":"https:\/\/sachviet.eu\/en\/wp-json\/wp\/v2\/types\/product"}],"wp:featuredmedia":[{"embeddable":true,"href":"https:\/\/sachviet.eu\/en\/wp-json\/wp\/v2\/media\/1326"}],"wp:attachment":[{"href":"https:\/\/sachviet.eu\/en\/wp-json\/wp\/v2\/media?parent=1341"}],"wp:term":[{"taxonomy":"product_brand","embeddable":true,"href":"https:\/\/sachviet.eu\/en\/wp-json\/wp\/v2\/product_brand?post=1341"},{"taxonomy":"product_cat","embeddable":true,"href":"https:\/\/sachviet.eu\/en\/wp-json\/wp\/v2\/product_cat?post=1341"},{"taxonomy":"product_tag","embeddable":true,"href":"https:\/\/sachviet.eu\/en\/wp-json\/wp\/v2\/product_tag?post=1341"}],"curies":[{"name":"wp","href":"https:\/\/api.w.org\/{rel}","templated":true}]}}