{"id":13310,"date":"2021-06-14T22:51:16","date_gmt":"2021-06-14T19:51:16","guid":{"rendered":"https:\/\/sachviet.eu\/shop\/bundle-10-cuon-van-hoc-kinh-dien-thieu-nhi-dong-a-classics\/"},"modified":"2022-12-19T18:36:45","modified_gmt":"2022-12-19T16:36:45","slug":"bundle-10-cuon-van-hoc-kinh-dien-thieu-nhi-dong-a-classics","status":"publish","type":"product","link":"https:\/\/sachviet.eu\/en\/shop\/bundle-10-cuon-van-hoc-kinh-dien-thieu-nhi-dong-a-classics\/","title":{"rendered":"Bundle 10 cu\u1ed1n &#8211; V\u0103n h\u1ecdc Kinh \u0111i\u1ec3n Thi\u1ebfu nhi &#8211; \u0110\u00f4ng A Classics"},"content":{"rendered":"<p>B\u1ed9 s\u00e1ch g\u1ed3m 10 cu\u1ed1n v\u0103n h\u1ecdc kinh \u0111i\u1ec3n gi\u00e0nh cho thi\u1ebfu nhi. \u0110\u00e2y l\u00e0 nh\u1eefng t\u00e1c ph\u1ea9m c\u00f3 s\u1ee9c s\u1ed1ng tr\u01b0\u1eddng t\u1ed3n qua th\u1eddi gian v\u1edbi s\u1ef1 y\u00eau th\u00edch v\u00e0 c\u00f4ng nh\u1eadn c\u1ee7a \u0111\u00f4ng \u0111\u1ea3o \u0111\u1ed9c gi\u1ea3 tr\u00ean kh\u1eafp th\u1ebf gi\u1edbi. Nh\u1eefng ai \u0111\u00e3 c\u00f3 d\u1ecbp \u0111\u1ecdc c\u00e1c t\u00e1c ph\u1ea9m n\u00e0y c\u00f3 th\u1ec3 mua phi\u00ean b\u1ea3n m\u1edbi \u0111\u1ec3 s\u01b0u t\u1ea7m ho\u1eb7c t\u1eb7ng cho nh\u1eefng ng\u01b0\u1eddi th\u00e2n qu\u00fd nh\u01b0 m\u1ed9t m\u00f3n qu\u00e0 \u00fd ngh\u0129a. \u0110\u1eb7c bi\u1ec7t, b\u1ed9 s\u00e1ch r\u1ea5t ph\u00f9 h\u1ee3p v\u1edbi l\u1ee9a tu\u1ed5i thanh thi\u1ebfu ni\u00ean trong qu\u00e1 tr\u00ecnh t\u00ecm hi\u1ec3u th\u1ebf gi\u1edbi v\u00e0 kh\u00e1m ph\u00e1 c\u00e1c gi\u00e1 tr\u1ecb t\u1ed1t \u0111\u1eb9p c\u1ee7a cu\u1ed9c s\u1ed1ng<\/p>\n","protected":false},"excerpt":{"rendered":"<p>B\u1ed9 s\u00e1ch g\u1ed3m 10 cu\u1ed1n v\u0103n h\u1ecdc kinh \u0111i\u1ec3n gi\u00e0nh cho thi\u1ebfu nhi. \u0110\u00e2y l\u00e0 nh\u1eefng t\u00e1c ph\u1ea9m c\u00f3 s\u1ee9c s\u1ed1ng tr\u01b0\u1eddng t\u1ed3n qua th\u1eddi gian v\u1edbi s\u1ef1 y\u00eau th\u00edch v\u00e0 c\u00f4ng nh\u1eadn c\u1ee7a \u0111\u00f4ng \u0111\u1ea3o \u0111\u1ed9c gi\u1ea3 tr\u00ean kh\u1eafp th\u1ebf gi\u1edbi. Nh\u1eefng ai \u0111\u00e3 c\u00f3 d\u1ecbp \u0111\u1ecdc c\u00e1c t\u00e1c ph\u1ea9m n\u00e0y c\u00f3 th\u1ec3 mua phi\u00ean b\u1ea3n m\u1edbi \u0111\u1ec3 s\u01b0u t\u1ea7m ho\u1eb7c t\u1eb7ng cho nh\u1eefng ng\u01b0\u1eddi th\u00e2n qu\u00fd nh\u01b0 m\u1ed9t m\u00f3n qu\u00e0 \u00fd ngh\u0129a. \u0110\u1eb7c bi\u1ec7t, b\u1ed9 s\u00e1ch r\u1ea5t ph\u00f9 h\u1ee3p v\u1edbi l\u1ee9a tu\u1ed5i thanh thi\u1ebfu ni\u00ean trong qu\u00e1 tr\u00ecnh t\u00ecm hi\u1ec3u th\u1ebf gi\u1edbi v\u00e0 kh\u00e1m ph\u00e1 c\u00e1c gi\u00e1 tr\u1ecb t\u1ed1t \u0111\u1eb9p c\u1ee7a cu\u1ed9c s\u1ed1ng<\/p>\n","protected":false},"featured_media":13311,"template":"","meta":{"_acf_changed":false},"product_brand":[],"product_cat":[77],"product_tag":[81],"class_list":{"0":"post-13310","1":"product","2":"type-product","3":"status-publish","4":"has-post-thumbnail","6":"product_cat-van-hoc-kinh-dien","7":"product_tag-sach-gia-uu-dai","9":"first","10":"outofstock","11":"sale","12":"taxable","13":"shipping-taxable","14":"purchasable","15":"product-type-woosb"},"supplier_id":null,"supplier_sku":"","barcode":null,"atum_controlled":true,"out_stock_date":"2021-06-14 19:51:16","out_stock_threshold":null,"inheritable":false,"inbound_stock":null,"stock_on_hold":0,"sold_today":0,"sales_last_days":0,"reserved_stock":null,"customer_returns":null,"warehouse_damage":null,"lost_in_post":null,"other_logs":null,"out_stock_days":1689,"lost_sales":0,"has_location":false,"update_date":"2026-01-28T23:10:53","atum_locations":[],"atum_stock_status":"outofstock","restock_status":false,"low_stock_amount":"","sales_update_date":"2026-01-28T23:10:53","calc_backorders":null,"acf":{"publisher":false},"_links":{"self":[{"href":"https:\/\/sachviet.eu\/en\/wp-json\/wp\/v2\/product\/13310","targetHints":{"allow":["GET"]}}],"collection":[{"href":"https:\/\/sachviet.eu\/en\/wp-json\/wp\/v2\/product"}],"about":[{"href":"https:\/\/sachviet.eu\/en\/wp-json\/wp\/v2\/types\/product"}],"wp:featuredmedia":[{"embeddable":true,"href":"https:\/\/sachviet.eu\/en\/wp-json\/wp\/v2\/media\/13311"}],"wp:attachment":[{"href":"https:\/\/sachviet.eu\/en\/wp-json\/wp\/v2\/media?parent=13310"}],"wp:term":[{"taxonomy":"product_brand","embeddable":true,"href":"https:\/\/sachviet.eu\/en\/wp-json\/wp\/v2\/product_brand?post=13310"},{"taxonomy":"product_cat","embeddable":true,"href":"https:\/\/sachviet.eu\/en\/wp-json\/wp\/v2\/product_cat?post=13310"},{"taxonomy":"product_tag","embeddable":true,"href":"https:\/\/sachviet.eu\/en\/wp-json\/wp\/v2\/product_tag?post=13310"}],"curies":[{"name":"wp","href":"https:\/\/api.w.org\/{rel}","templated":true}]}}