{"id":1325,"date":"2021-02-16T00:36:29","date_gmt":"2021-02-15T22:36:29","guid":{"rendered":"https:\/\/sachviet.eu\/shop\/vui-ve-khong-quau-nha\/"},"modified":"2021-06-07T11:17:35","modified_gmt":"2021-06-07T08:17:35","slug":"vui-ve-khong-quau-nha","status":"publish","type":"product","link":"https:\/\/sachviet.eu\/en\/shop\/vui-ve-khong-quau-nha\/","title":{"rendered":"Vui v\u1ebb kh\u00f4ng qu\u1ea1u nha"},"content":{"rendered":"<p>Cu\u1ecd\u0302c \u0111\u01a1\u0300i nga\u0300y nga\u0300y no\u0301i ye\u0302u mi\u0300nh.<\/p>\n<p>Xong cu\u1ed9c \u0111\u1eddi l\u1ea1i \u0111\u1ee7 th\u1ee9 ph\u1ee9c t\u1ea1p v\u00e0 b\u1ea5t c\u00f4ng v\u1edbi m\u00ecnh.<br \/>\nV\u1ea1\u0302y la\u0300 cu\u1ecd\u0302c \u0111\u01a1\u0300i ghe\u0301t mi\u0300nh r\u00f4\u0300i!<\/p>\n<p>Th\u00f4i n\u00e0o!<\/p>\n<p>Tha\u0309 lo\u0309ng va\u0300 t\u1ea1\u0302n hu\u031b\u01a1\u0309ng s\u01b0\u0323 vui ve\u0309 \u0111i. Vi\u0300 ch\u0103\u0309ng pha\u0309i cu\u1ecd\u0302c \u0111\u01a1\u0300i \u0111ang ghe\u0301t ba\u0323n \u0111a\u0302u, ma\u0300 chi\u0301nh ba\u0323n b\u1ea1n \u0111ang loay hoay v\u1edbi nh\u01b0\u0303ng m\u1eb9\u0302t nho\u0323c \u01a1\u0309 tre\u0302n \u0111\u01a1\u0300i. Vi\u0301 du\u0323 nhu\u031b nay \u0111a\u0303 la\u0300 deadline ma\u0300 b\u00f4\u0303ng bi\u0323 r\u01a1\u0301t ma\u0323ng, sa\u0301ng nay \u0111i la\u0300m que\u0302n \u0111em theo vi\u0301, hay \u0111\u00f4\u0300ng nghi\u1eb9\u0302p \u01a1\u0309 co\u0302ng ty no\u0301i x\u00e2\u0301u mi\u0300nh,&#8230;<\/p>\n<p>N\u00ea\u0301u k\u00ea\u0309 ra thi\u0300 se\u0303 co\u0301 ti ti\u0309 th\u01b0\u0301 kho\u0302ng theo y\u0301 mi\u0300nh m\u00f4\u0303i nga\u0300y. Kho\u0302ng no\u0301i \u0111\u00ea\u0301n nh\u01b0\u0303ng chuy\u1eb9\u0302n b\u01b0\u0323c t\u01b0\u0301c kha\u0301c, nh\u01b0\u0303ng n\u00f4\u0303i bu\u00f4\u0300n chu\u0301ng ta kho\u0302ng la\u0300m chu\u0309 \u0111u\u031b\u01a1\u0323c, nh\u01b0\u0303ng \u0111i\u00ea\u0300u vo\u0302 ti\u0300nh \u0111\u00ea\u0301n khi\u00ea\u0301n ta qua\u0323u co\u0323 va\u0300 x\u00e2\u0301u xi\u0301. R\u1ed3i khi ch\u00fang ta c\u1ee9 \u0111\u1ec3 ch\u00fang trong l\u00f2ng s\u1ef1 phi\u1ec1n mu\u1ed9n kh\u00f4ng bi\u1ebft k\u00e9o d\u00e0i \u0111\u1ebfn bao gi\u1edd m\u1edbi k\u1ebft th\u00fac.<\/p>\n<p>Cho n\u00ean, thay v\u00ec \u0111\u1ec3 t\u00e2m \u0111\u1ebfn nh\u1eefng chuy\u1ec7n khi\u1ebfn m\u00ecnh kh\u00f4ng vui, h\u00e3y l\u1ef1a ch\u1ecdn vui v\u1ebb, b\u1ea1n s\u1ebd th\u1ea5y cu\u1ed9c \u0111\u1eddi tr\u1edf n\u00ean tuy\u1ec7t v\u1eddi h\u01a1n r\u1ea5t nhi\u1ec1u. V\u00e0 \u0111\u1ec3 c\u00e2n b\u1eb1ng nh\u1eefng c\u1ea3m x\u00fac \u1ea5y \u201cVui ve\u0309 kho\u0302ng qua\u0323u nha\u201d chi\u0301nh la\u0300 m\u1ecd\u0302t m\u00f3n qu\u00e0 \u0111\u1ec3 lan t\u1ecfa v\u00e0 nh\u00e2n l\u00ean ni\u1ec1m vui, m\u1ed9t cu\u00f4\u0301n sa\u0301ch ma\u0300 ai cu\u0303ng c\u00e2\u0300n pha\u0309i co\u0301 \u0111\u00ea\u0309 the\u0302m ye\u0302u nh\u01b0\u0303ng \u0111i\u00ea\u0300u nho\u0309 xi\u0301u \u0111a\u0301ng ye\u0302u xung quanh m\u00ecnh.<\/p>\n<p>Vui v\u1ebb kh\u00f4ng qu\u1ea1u nha &#8211; Cu\u00f4\u0301n sa\u0301ch kh\u00f4ng ch\u1ec9 m\u1eb7n m\u00e0 \u0111u\u0301ng nhu\u031b te\u0302n go\u0323i cu\u0309a no\u0301 m\u00e0 c\u00f2n b\u1eaft k\u1ecbp c\u00e1c xu h\u01b0\u1edbng \u0111\u01b0\u1ee3c quan t\u00e2m t\u1eeb fanpage n\u1ed5i ti\u1ebfng \u201c\u1ede \u0111\u00e2y zui n\u00e8\u201d s\u1ebd giu\u0301p ba\u0323n co\u0301 nh\u01b0\u0303ng tra\u0300ng cu\u031b\u01a1\u0300i vui ve\u0309 kho\u0302ng ng\u01a1\u0301t, c\u00f3 c\u00e1i nh\u00ecn khoan dung c\u1edfi m\u1edf h\u01a1n, nhi\u0300n nh\u1eadn nh\u01b0\u0303ng xui xe\u0309o v\u00e2\u0301p pha\u0309i b\u00f4\u0303ng tr\u01a1\u0309 ne\u0302n nh\u1ecf b\u00e9 d\u01b0\u1edbi g\u00f3c \u0111\u1ed9 d\u00ed d\u1ecfm v\u00e0 ha\u0300i hu\u031b\u01a1\u0301c.<\/p>\n<p>Vui v\u1ebb kh\u00f4ng qu\u1ea1u nha &#8211; xin \u0111\u01b0\u1ee3c g\u01b0\u0309i \u0111\u00ea\u0301n nh\u01b0\u0303ng ba\u0323n tre\u0309 \u0111ang d\u1ec5 gi\u1eadn d\u1eef, cau c\u00f3 ngoa\u0300i th\u00ea\u0301 gi\u01a1\u0301i kia, nh\u01b0\u0303ng ai \u0111ang bu\u00f4\u0300n phi\u00ea\u0300n v\u00ea\u0300 r\u1eafc r\u1ed1i na\u0300o \u0111o\u0301, \u201ctra\u0301i tim\u201d nho\u0309 be\u0301 na\u0300y co\u0300n pha\u0309i da\u0300nh cho ni\u00ea\u0300m vui, \u0111\u01b0\u0300ng \u0111\u00ea\u0309 b\u1ef1c b\u1ed9i, d\u1ed7i h\u1eddn t\u01b0\u0300 nh\u01b0\u0303ng \u0111i\u00ea\u0300u kho\u0302ng \u0111a\u0301ng chi\u00ea\u0301m h\u00ea\u0301t ch\u00f4\u0303.<\/p>\n<p>Va\u0300 ha\u0303y he\u0301t to v\u01a1\u0301i Th\u00ea\u0301 gi\u01a1\u0301i r\u0103\u0300ng \u201cMi\u0300nh la\u0300 m\u1ecd\u0302t ngu\u031b\u01a1\u0300i tra\u0300n \u0111\u00e2\u0300y na\u0306ng lu\u031b\u01a1\u0323ng,\u201d luo\u0302n s\u1eb5n s\u00e0ng \u0111\u1ec3 h\u1ea1nh ph\u00fac h\u01a1n.  <div class=\"banner-grid-wrapper\">\n  <div id=\"banner-grid-2064636876\" class=\"banner-grid row row-grid row-small\" data-packery-options=\"\">\n                      <div class=\"col grid-col large-6 grid-col-1\" ><div class=\"col-inner\">\t<div class=\"img has-hover x md-x lg-x y md-y lg-y\" id=\"image_12843937\">\n\t\t\t\t\t\t\t\t<div class=\"img-inner dark\" >\n\t\t\t<img loading=\"lazy\" decoding=\"async\" width=\"1020\" height=\"1020\" src=\"https:\/\/sachviet.eu\/wp-content\/uploads\/2021\/02\/90803276_2619456524850622_6520192755455492096_o-1024x1024.jpg\" class=\"attachment-large size-large\" alt=\"\" srcset=\"https:\/\/sachviet.eu\/wp-content\/uploads\/2021\/02\/90803276_2619456524850622_6520192755455492096_o-1024x1024.jpg 1024w, https:\/\/sachviet.eu\/wp-content\/uploads\/2021\/02\/90803276_2619456524850622_6520192755455492096_o-300x300.jpg 300w, https:\/\/sachviet.eu\/wp-content\/uploads\/2021\/02\/90803276_2619456524850622_6520192755455492096_o-150x150.jpg 150w, https:\/\/sachviet.eu\/wp-content\/uploads\/2021\/02\/90803276_2619456524850622_6520192755455492096_o-768x768.jpg 768w, https:\/\/sachviet.eu\/wp-content\/uploads\/2021\/02\/90803276_2619456524850622_6520192755455492096_o-600x600.jpg 600w, https:\/\/sachviet.eu\/wp-content\/uploads\/2021\/02\/90803276_2619456524850622_6520192755455492096_o-100x100.jpg 100w, https:\/\/sachviet.eu\/wp-content\/uploads\/2021\/02\/90803276_2619456524850622_6520192755455492096_o.jpg 1200w\" sizes=\"auto, (max-width: 1020px) 100vw, 1020px\" \/>\t\t\t\t\t\t\n\t\t\t\t\t<\/div>\n\t\t\t\t\t\t\t\t\n<style>\n#image_12843937 {\n  width: 100%;\n}\n<\/style>\n\t<\/div>\n\t<\/div><\/div><div class=\"col grid-col large-6 grid-col-1\" ><div class=\"col-inner\">\t<div class=\"img has-hover x md-x lg-x y md-y lg-y\" id=\"image_94891161\">\n\t\t\t\t\t\t\t\t<div class=\"img-inner dark\" >\n\t\t\t<img loading=\"lazy\" decoding=\"async\" width=\"1020\" height=\"1020\" src=\"https:\/\/sachviet.eu\/wp-content\/uploads\/2021\/02\/91028662_2619638641499077_6467148539255324672_o-1024x1024.jpg\" class=\"attachment-large size-large\" alt=\"\" srcset=\"https:\/\/sachviet.eu\/wp-content\/uploads\/2021\/02\/91028662_2619638641499077_6467148539255324672_o-1024x1024.jpg 1024w, https:\/\/sachviet.eu\/wp-content\/uploads\/2021\/02\/91028662_2619638641499077_6467148539255324672_o-300x300.jpg 300w, https:\/\/sachviet.eu\/wp-content\/uploads\/2021\/02\/91028662_2619638641499077_6467148539255324672_o-150x150.jpg 150w, https:\/\/sachviet.eu\/wp-content\/uploads\/2021\/02\/91028662_2619638641499077_6467148539255324672_o-768x768.jpg 768w, https:\/\/sachviet.eu\/wp-content\/uploads\/2021\/02\/91028662_2619638641499077_6467148539255324672_o-600x600.jpg 600w, https:\/\/sachviet.eu\/wp-content\/uploads\/2021\/02\/91028662_2619638641499077_6467148539255324672_o-100x100.jpg 100w, https:\/\/sachviet.eu\/wp-content\/uploads\/2021\/02\/91028662_2619638641499077_6467148539255324672_o.jpg 1200w\" sizes=\"auto, (max-width: 1020px) 100vw, 1020px\" \/>\t\t\t\t\t\t\n\t\t\t\t\t<\/div>\n\t\t\t\t\t\t\t\t\n<style>\n#image_94891161 {\n  width: 100%;\n}\n<\/style>\n\t<\/div>\n\t<\/div><\/div>            <\/div>\n    <style>\n    #banner-grid-2064636876 .grid-col-1{height: 600px}\n    #banner-grid-2064636876 .grid-col-1-2{height: 300px}\n    #banner-grid-2064636876 .grid-col-1-3{height:200px}\n    #banner-grid-2064636876 .grid-col-2-3{height: 400px}\n    #banner-grid-2064636876 .grid-col-1-4{height: 150px}\n    #banner-grid-2064636876 .grid-col-3-4{height: 450px}\n\n\n    \n    \n\n  <\/style>\n    <\/div>\n  \n","protected":false},"excerpt":{"rendered":"<p>&#8220;Vui v\u1ebb kh\u00f4ng qu\u1ea1u nha&#8221; &#8211; \u1ede \u0111\u00e2y zui n\u00e8<br \/>\n&#8211; Cu\u1ed1n s\u00e1ch \u0111\u1eb7c bi\u1ec7t gi\u00fap cu\u1ed9c s\u1ed1ng c\u1ee7a b\u1ea1n th\u00eam th\u00fa v\u1ecb b\u1eb1ng m\u1ed9t g\u00f3c nh\u00ecn kh\u00e1c &#8211; h\u00e0i h\u01b0\u1edbc v\u00e0 m\u1eb7n m\u00e0 h\u01a1n!<\/p>\n<p>\u0110\u1ecdc l\u00e0 T\u1ee8C &#8211; V\u00ec ph\u1ea3i c\u01b0\u1eddi qu\u00e1 nhi\u1ec1u!<\/p>\n","protected":false},"featured_media":1315,"template":"","meta":{"_acf_changed":false},"product_brand":[],"product_cat":[75,15],"product_tag":[],"class_list":{"0":"post-1325","1":"product","2":"type-product","3":"status-publish","4":"has-post-thumbnail","6":"product_cat-giai-tri-truyen-cuoi","7":"product_cat-sach-danh-cho-nguoi-lon","9":"first","10":"outofstock","11":"taxable","12":"shipping-taxable","13":"purchasable","14":"product-type-simple"},"supplier_id":null,"supplier_sku":"","barcode":null,"atum_controlled":true,"out_stock_date":"2021-06-07 08:17:35","out_stock_threshold":null,"inheritable":false,"inbound_stock":0,"stock_on_hold":0,"sold_today":0,"sales_last_days":0,"reserved_stock":0,"customer_returns":0,"warehouse_damage":0,"lost_in_post":0,"other_logs":0,"out_stock_days":1696,"lost_sales":0,"has_location":false,"update_date":"2026-01-28T23:10:29","atum_locations":[],"atum_stock_status":"outofstock","restock_status":false,"low_stock_amount":"","sales_update_date":"2026-01-28T23:10:29","calc_backorders":null,"acf":{"publisher":{"ID":1460,"post_author":"1","post_date":"2021-02-17 01:12:24","post_date_gmt":"2021-02-16 23:12:24","post_content":"<!-- wp:flatsome\/uxbuilder -->\n<h1 style=\"text-align: center;\"><strong>Skybooks<\/strong><\/h1>\n[row]\n\n[col span=\"7\" span__sm=\"12\"]\n\n<p>C\u00f4ng ty ph\u00e1t h\u00e0nh s\u00e1ch Skybooks. \"T\u00f4i tr\u1ebb, t\u00f4i \u0111am m\u00ea\" v\u1edbi s\u1ee9 m\u1ec7nh lan to\u1ea3 c\u1ea3m x\u00fac v\u00e0 k\u1ebft n\u1ed1i t\u00e2m h\u1ed3n<\/p>\n<p><strong>Skybooks l\u00e0 c\u00e2u chuy\u1ec7n k\u1ec3 v\u1ec1:<\/strong><br \/>M\u1ed9t th\u1ebf h\u1ec7 ng\u01b0\u1eddi vi\u1ebft tr\u1ebb, \u0111am m\u00ea v\u0103n ch\u01b0\u01a1ng v\u00e0 t\u00f4n tr\u1ecdng, g\u00ecn gi\u1eef, s\u00e1ng t\u1ea1o Ti\u1ebfng Vi\u1ec7t. M\u1ed9t th\u1ebf h\u1ec7 \u0111\u1ed9c gi\u1ea3 tr\u1ebb, \u0111am m\u00ea kh\u00e1m ph\u00e1 ng\u00f4n ng\u1eef v\u00e0 say m\u00ea \u0111\u1ebfn v\u1edbi th\u1ebf gi\u1edbi c\u1ee7a nh\u1eefng quy\u1ec3n s\u00e1ch. M\u1ed9t th\u1ebf h\u1ec7 ng\u01b0\u1eddi l\u00e0m s\u00e1ch tr\u1ebb, \u0111am m\u00ea mang nh\u1eefng gi\u00e1 tr\u1ecb tinh th\u1ea7n l\u1ea1i g\u1ea7n ng\u01b0\u1eddi \u0111\u1ecdc.<br \/>Trong b\u1ed9 nh\u1eadn d\u1ea1ng th\u01b0\u01a1ng hi\u1ec7u:<br \/>Skybooks v\u1edbi ch\u1eef Sky m\u00e0u xanh da tr\u1eddi c\u00f3 \u00fd ngh\u0129a l\u00e0 c\u00f4ng ty B\u1ea7u Tr\u1eddi - n\u01a1i t\u1ea5t c\u1ea3 \u01b0\u1edbc m\u01a1 \u0111\u01b0\u1ee3c t\u1ef1 do tung c\u00e1nh.<br \/>V\u1edbi logo h\u00ecnh hoa b\u1ed3 c\u00f4ng anh \u0111ang bay t\u01b0\u1ee3ng tr\u01b0ng cho s\u1ef1 lan to\u1ea3 c\u1ea3m x\u00fac v\u00e0 kh\u00e1t v\u1ecdng bay cao.<br \/>K\u1ebb v\u1ea1ch logo c\u00f3 n\u1ec1n m\u00e0u ghi x\u00e1m xu\u1ea5t hi\u1ec7n tr\u00ean b\u00eca m\u1ecdi \u1ea5n ph\u1ea9m th\u1ec3 hi\u1ec7n con \u0111\u01b0\u1eddng b\u01b0\u1edbc v\u00e0o th\u1ecb tr\u01b0\u1eddng s\u00e1ch v\u00e0 chinh ph\u1ee5c \u0111\u1ed9c gi\u1ea3 l\u00e0 m\u1ed9t h\u00e0nh tr\u00ecnh d\u00e0i, \u0111\u1ea7y gian kh\u00f3, c\u00f3 nhi\u1ec1u b\u00e3o t\u1ed1, nh\u01b0ng ch\u1ec9 c\u1ea7n n\u1ed7 l\u1ef1c c\u1ed1 g\u1eafng nh\u1ea5t \u0111\u1ecbnh s\u1ebd ngo\u1ea1n m\u1ee5c v\u01b0\u1ee3t qua. \u0110\u1ec3 kh\u1eb3ng \u0111\u1ecbnh v\u00e0 ch\u1ee9ng minh ch\u00ednh m\u00ecnh!<\/p>\n\n[\/col]\n[col span=\"5\" span__sm=\"12\"]\n\n[ux_image id=\"1825\" image_size=\"medium\"]\n\n\n[\/col]\n\n[\/row]\n\n<!-- \/wp:flatsome\/uxbuilder -->","post_title":"Skybooks","post_excerpt":"","post_status":"publish","comment_status":"closed","ping_status":"closed","post_password":"","post_name":"skybooks","to_ping":"","pinged":"","post_modified":"2021-02-17 01:57:31","post_modified_gmt":"2021-02-16 23:57:31","post_content_filtered":"","post_parent":0,"guid":"https:\/\/sachviet.eu\/nha-phat-hanh\/skybooks\/","menu_order":0,"post_type":"publisher","post_mime_type":"","comment_count":"0","filter":"raw"}},"_links":{"self":[{"href":"https:\/\/sachviet.eu\/en\/wp-json\/wp\/v2\/product\/1325","targetHints":{"allow":["GET"]}}],"collection":[{"href":"https:\/\/sachviet.eu\/en\/wp-json\/wp\/v2\/product"}],"about":[{"href":"https:\/\/sachviet.eu\/en\/wp-json\/wp\/v2\/types\/product"}],"wp:featuredmedia":[{"embeddable":true,"href":"https:\/\/sachviet.eu\/en\/wp-json\/wp\/v2\/media\/1315"}],"wp:attachment":[{"href":"https:\/\/sachviet.eu\/en\/wp-json\/wp\/v2\/media?parent=1325"}],"wp:term":[{"taxonomy":"product_brand","embeddable":true,"href":"https:\/\/sachviet.eu\/en\/wp-json\/wp\/v2\/product_brand?post=1325"},{"taxonomy":"product_cat","embeddable":true,"href":"https:\/\/sachviet.eu\/en\/wp-json\/wp\/v2\/product_cat?post=1325"},{"taxonomy":"product_tag","embeddable":true,"href":"https:\/\/sachviet.eu\/en\/wp-json\/wp\/v2\/product_tag?post=1325"}],"curies":[{"name":"wp","href":"https:\/\/api.w.org\/{rel}","templated":true}]}}