{"id":1314,"date":"2021-02-16T00:36:08","date_gmt":"2021-02-15T22:36:08","guid":{"rendered":"https:\/\/sachviet.eu\/shop\/viet-nam-mien-ngon-tai-ban-2019\/"},"modified":"2022-05-21T18:37:05","modified_gmt":"2022-05-21T15:37:05","slug":"viet-nam-mien-ngon-tai-ban-2019","status":"publish","type":"product","link":"https:\/\/sachviet.eu\/en\/shop\/viet-nam-mien-ngon-tai-ban-2019\/","title":{"rendered":"Vi\u1ec7t Nam Mi\u1ec1n Ngon (T\u00e1i B\u1ea3n 2019)"},"content":{"rendered":"<p>Vi\u1ec7t Nam mi\u1ec1n ngon v\u00e0 nh\u1eefng m\u00f3n \u0103n \u0111\u1eadm m\u00e0u \u0111\u1ee7 v\u1ecb<\/p>\n<p>\u1ea8m th\u1ef1c l\u00e0 ni\u1ec1m t\u1ef1 h\u00e0o c\u1ee7a ng\u01b0\u1eddi Vi\u1ec7t khi m\u00e0 m\u1ed7i v\u00f9ng mi\u1ec1n, t\u1ec9nh th\u00e0nh \u0111\u1ec1u c\u00f3 nh\u1eefng \u0111\u1eb7c s\u1ea3n ri\u00eang mang \u0111\u1eadm v\u1ecb qu\u00ea nh\u00e0. D\u1ef1 \u00e1n \u201cVi\u1ec7t Nam mi\u1ec1n ngon\u201d v\u1edbi nh\u1eefng m\u00f3n \u0103n th\u00e2n thu\u1ed9c \u0111\u01b0\u1ee3c v\u1ebd l\u1ea1i b\u1eb1ng m\u00e0u n\u01b0\u1edbc b\u1edfi artist tr\u1ebb Le Rin l\u00e0 m\u1ed9t chuy\u1ebfn du h\u00e0nh \u1ea9m th\u1ef1c nhi\u1ec1u c\u1ea3m x\u00fac, khu\u1ea5y \u0111\u1ed9ng th\u1ecb gi\u00e1c b\u1eb1ng l\u1ed1i \u0111i m\u00e0u t\u00ecnh c\u1ea3m v\u00e0 g\u1ee3i ch\u00fat v\u1ecb n\u01a1i \u0111\u1ea7u l\u01b0\u1ee1i cho b\u1ea5t k\u00ec ai t\u1eebng n\u1ebfm qua nh\u1eefng m\u00f3n \u0103n n\u00e0y.<\/p>\n<p>L\u00e0 cu\u1ed1n s\u00e1ch song ng\u1eef Vi\u1ec7t Anh v\u1ec1 c\u00e1c m\u00f3n \u0103n Vi\u1ec7t v\u1edbi minh h\u1ecda m\u00e0u s\u1ed1ng \u0111\u1ed9ng.<\/p>\n<p>T\u00e1c gi\u1ea3 \u0111\u00e3 kh\u00e9o l\u00e9o l\u1ed3ng gh\u00e9p c\u00e1ch ch\u1ebf bi\u1ebfn (\u0111\u01a1n gi\u1ea3n) v\u00e0o m\u1ed7i ph\u1ea7n gi\u1edbi thi\u1ec7u m\u00f3n \u0103n, ng\u01b0\u1eddi \u0111\u1ecdc d\u1ec5 d\u00e0ng nh\u1eadn ra v\u0103n h\u00f3a v\u00f9ng mi\u1ec1n v\u00e0 c\u1ea3m nh\u1eadn h\u1ebft c\u00e1i tinh t\u1ebf, \u0111\u1eadm \u0111\u00e0 c\u1ee7a m\u00f3n \u0103n Vi\u1ec7t.<\/p>\n<p>\u1ea8m th\u1ef1c Vi\u1ec7t Nam, d\u00f9 l\u00e0 nh\u1eefng m\u00f3n \u0103n gia \u0111\u00ecnh hay nh\u1eefng m\u00f3n \u0103n \u0111\u1eb7c tr\u01b0ng c\u1ee7a \u1ea9m th\u1ef1c \u0111\u01b0\u1eddng ph\u1ed1 th\u00ec v\u1eabn mang nh\u1eefng gi\u00e1 tr\u1ecb to l\u1edbn trong \u0111\u1eddi s\u1ed1ng c\u1ee7a ng\u01b0\u1eddi Vi\u1ec7t. \u1ea8m th\u1ef1c Vi\u1ec7t ng\u00e0y nay \u0111\u00e3 v\u01b0\u1ee3t qua kh\u1ecfi nh\u1eefng bi\u00ean gi\u1edbi v\u00e0 \u0111\u01b0\u1ee3c ch\u00e0o \u0111\u00f3n \u1edf nhi\u1ec1u n\u01a1i tr\u00ean th\u1ebf gi\u1edbi. Ch\u00fang ta c\u00f3 quy\u1ec1n t\u1ef1 h\u00e0o v\u1ec1 \u0111i\u1ec1u \u0111\u00f3. Th\u01b0\u1edfng th\u1ee9c \u1ea9m th\u1ef1c c\u0169ng gi\u1ed1ng nh\u01b0 d\u1ea5n th\u00e2n v\u00e0o m\u1ed9t cu\u1ed9c h\u00e0nh tr\u00ecnh m\u00e0 m\u1ed7i ng\u01b0\u1eddi \u0111\u1ec1u c\u00f3 c\u1ea3m nh\u1eadn ri\u00eang.<\/p>\n<p>Hy v\u1ecdng cu\u1ed1n s\u00e1ch s\u1ebd khi\u1ebfn b\u1ea1n y\u00eau th\u00eam \u1ea9m th\u1ef1c Vi\u1ec7t !<\/p>\n  <div class=\"banner-grid-wrapper\">\n  <div id=\"banner-grid-1128991893\" class=\"banner-grid row row-grid row-small\" data-packery-options=\"\">\n                      \n<div class=\"col grid-col large-6 grid-col-1-2\" ><div class=\"col-inner\">\n\t<div class=\"img has-hover x md-x lg-x y md-y lg-y\" id=\"image_324722000\">\n\t\t\t\t\t\t\t\t<div class=\"img-inner dark\" >\n\t\t\t<img loading=\"lazy\" decoding=\"async\" width=\"1020\" height=\"551\" src=\"https:\/\/sachviet.eu\/wp-content\/uploads\/2021\/02\/idesign_vietnamesefood_2-1024x553.jpg\" class=\"attachment-large size-large\" alt=\"\" srcset=\"https:\/\/sachviet.eu\/wp-content\/uploads\/2021\/02\/idesign_vietnamesefood_2-1024x553.jpg 1024w, https:\/\/sachviet.eu\/wp-content\/uploads\/2021\/02\/idesign_vietnamesefood_2-300x162.jpg 300w, https:\/\/sachviet.eu\/wp-content\/uploads\/2021\/02\/idesign_vietnamesefood_2-768x415.jpg 768w, https:\/\/sachviet.eu\/wp-content\/uploads\/2021\/02\/idesign_vietnamesefood_2-600x324.jpg 600w, https:\/\/sachviet.eu\/wp-content\/uploads\/2021\/02\/idesign_vietnamesefood_2.jpg 1400w\" sizes=\"auto, (max-width: 1020px) 100vw, 1020px\" \/>\t\t\t\t\t\t\n\t\t\t\t\t<\/div>\n\t\t\t\t\t\t\t\t\n<style>\n#image_324722000 {\n  width: 100%;\n}\n<\/style>\n\t<\/div>\n\t\n<\/div><\/div>\n<div class=\"col grid-col large-6 grid-col-1\" ><div class=\"col-inner\">\n\t<div class=\"img has-hover x md-x lg-x y md-y lg-y\" id=\"image_1843362794\">\n\t\t\t\t\t\t\t\t<div class=\"img-inner dark\" >\n\t\t\t<img loading=\"lazy\" decoding=\"async\" width=\"800\" height=\"793\" src=\"https:\/\/sachviet.eu\/wp-content\/uploads\/2021\/02\/IMG_20171123_0080.gif\" class=\"attachment-large size-large\" alt=\"\" \/>\t\t\t\t\t\t\n\t\t\t\t\t<\/div>\n\t\t\t\t\t\t\t\t\n<style>\n#image_1843362794 {\n  width: 100%;\n}\n<\/style>\n\t<\/div>\n\t\n<\/div><\/div>\n<div class=\"col grid-col large-6 grid-col-1-2\" ><div class=\"col-inner\">\n\t<div class=\"img has-hover x md-x lg-x y md-y lg-y\" id=\"image_971268321\">\n\t\t\t\t\t\t\t\t<div class=\"img-inner dark\" >\n\t\t\t<img loading=\"lazy\" decoding=\"async\" width=\"600\" height=\"400\" src=\"https:\/\/sachviet.eu\/wp-content\/uploads\/2021\/02\/png5b73d99b15d33.png\" class=\"attachment-large size-large\" alt=\"\" srcset=\"https:\/\/sachviet.eu\/wp-content\/uploads\/2021\/02\/png5b73d99b15d33.png 600w, https:\/\/sachviet.eu\/wp-content\/uploads\/2021\/02\/png5b73d99b15d33-300x200.png 300w\" sizes=\"auto, (max-width: 600px) 100vw, 600px\" \/>\t\t\t\t\t\t\n\t\t\t\t\t<\/div>\n\t\t\t\t\t\t\t\t\n<style>\n#image_971268321 {\n  width: 100%;\n}\n<\/style>\n\t<\/div>\n\t\n<\/div><\/div>\n            <\/div>\n    <style>\n    #banner-grid-1128991893 .grid-col-1{height: 600px}\n    #banner-grid-1128991893 .grid-col-1-2{height: 300px}\n    #banner-grid-1128991893 .grid-col-1-3{height:200px}\n    #banner-grid-1128991893 .grid-col-2-3{height: 400px}\n    #banner-grid-1128991893 .grid-col-1-4{height: 150px}\n    #banner-grid-1128991893 .grid-col-3-4{height: 450px}\n\n\n    \n    \n\n  <\/style>\n    <\/div>\n  \n","protected":false},"excerpt":{"rendered":"<p>&#8220;Vi\u1ec7t Nam mi\u1ec1n ngon&#8221; t\u00e1c gi\u1ea3 Le Rin l\u00e0 cu\u1ed1n s\u00e1ch song ng\u1eef Vi\u1ec7t Anh v\u1ec1 c\u00e1c m\u00f3n \u0103n Vi\u1ec7t v\u1edbi minh h\u1ecda m\u00e0u s\u1ed1ng \u0111\u1ed9ng. T\u00e1c gi\u1ea3 \u0111\u00e3 kh\u00e9o l\u00e9o l\u1ed3ng gh\u00e9p c\u00e1ch ch\u1ebf bi\u1ebfn (\u0111\u01a1n gi\u1ea3n) v\u00e0o m\u1ed7i ph\u1ea7n gi\u1edbi thi\u1ec7u m\u00f3n \u0103n, ng\u01b0\u1eddi \u0111\u1ecdc d\u1ec5 d\u00e0ng nh\u1eadn ra v\u0103n h\u00f3a v\u00f9ng mi\u1ec1n v\u00e0 c\u1ea3m nh\u1eadn h\u1ebft c\u00e1i tinh t\u1ebf, \u0111\u1eadm \u0111\u00e0 c\u1ee7a m\u00f3n \u0103n Vi\u1ec7t.<\/p>\n<p>\u1ea8m th\u1ef1c Vi\u1ec7t Nam, d\u00f9 l\u00e0 nh\u1eefng m\u00f3n \u0103n gia \u0111\u00ecnh hay nh\u1eefng m\u00f3n \u0103n \u0111\u1eb7c tr\u01b0ng c\u1ee7a \u1ea9m th\u1ef1c \u0111\u01b0\u1eddng ph\u1ed1 th\u00ec v\u1eabn mang nh\u1eefng gi\u00e1 tr\u1ecb to l\u1edbn trong \u0111\u1eddi s\u1ed1ng c\u1ee7a ng\u01b0\u1eddi Vi\u1ec7t.<\/p>\n<p>\u1ea8m th\u1ef1c Vi\u1ec7t ng\u00e0y nay \u0111\u00e3 v\u01b0\u1ee3t qua kh\u1ecfi nh\u1eefng bi\u00ean gi\u1edbi v\u00e0 \u0111\u01b0\u1ee3c ch\u00e0o \u0111\u00f3n \u1edf nhi\u1ec1u n\u01a1i tr\u00ean th\u1ebf gi\u1edbi. Ch\u00fang ta c\u00f3 quy\u1ec1n t\u1ef1 h\u00e0o v\u1ec1 \u0111i\u1ec1u \u0111\u00f3. Th\u01b0\u1edfng th\u1ee9c \u1ea9m th\u1ef1c c\u0169ng gi\u1ed1ng nh\u01b0 d\u1ea5n th\u00e2n v\u00e0o m\u1ed9t cu\u1ed9c h\u00e0nh tr\u00ecnh m\u00e0 m\u1ed7i ng\u01b0\u1eddi \u0111\u1ec1u c\u00f3 c\u1ea3m nh\u1eadn ri\u00eang. Hy v\u1ecdng cu\u1ed1n s\u00e1ch s\u1ebd khi\u1ebfn b\u1ea1n y\u00eau th\u00eam \u1ea9m th\u1ef1c Vi\u1ec7t!<\/p>\n","protected":false},"featured_media":1300,"template":"","meta":{"_acf_changed":false},"product_brand":[],"product_cat":[42,39],"product_tag":[],"class_list":{"0":"post-1314","1":"product","2":"type-product","3":"status-publish","4":"has-post-thumbnail","6":"product_cat-sach-nau-an-am-thuc","7":"product_cat-sach-song-ngu-anh-viet","9":"first","10":"outofstock","11":"taxable","12":"shipping-taxable","13":"purchasable","14":"product-type-simple"},"supplier_id":null,"supplier_sku":"","barcode":null,"atum_controlled":true,"out_stock_date":"2022-05-21 12:37:05","out_stock_threshold":null,"inheritable":false,"inbound_stock":0,"stock_on_hold":0,"sold_today":0,"sales_last_days":0,"reserved_stock":0,"customer_returns":0,"warehouse_damage":0,"lost_in_post":0,"other_logs":0,"out_stock_days":1348,"lost_sales":0,"has_location":false,"update_date":"2026-01-28T23:10:29","atum_locations":[],"atum_stock_status":"outofstock","restock_status":false,"low_stock_amount":"","sales_update_date":"2026-01-28T23:10:29","calc_backorders":null,"acf":{"publisher":{"ID":1474,"post_author":"1","post_date":"2021-02-17 01:12:51","post_date_gmt":"2021-02-16 23:12:51","post_content":"","post_title":"Th\u00e1i H\u00e0","post_excerpt":"","post_status":"publish","comment_status":"closed","ping_status":"closed","post_password":"","post_name":"thai-ha","to_ping":"","pinged":"","post_modified":"2021-02-17 01:12:51","post_modified_gmt":"2021-02-16 23:12:51","post_content_filtered":"","post_parent":0,"guid":"https:\/\/sachviet.eu\/nha-phat-hanh\/thai-ha\/","menu_order":0,"post_type":"publisher","post_mime_type":"","comment_count":"0","filter":"raw"}},"_links":{"self":[{"href":"https:\/\/sachviet.eu\/en\/wp-json\/wp\/v2\/product\/1314","targetHints":{"allow":["GET"]}}],"collection":[{"href":"https:\/\/sachviet.eu\/en\/wp-json\/wp\/v2\/product"}],"about":[{"href":"https:\/\/sachviet.eu\/en\/wp-json\/wp\/v2\/types\/product"}],"wp:featuredmedia":[{"embeddable":true,"href":"https:\/\/sachviet.eu\/en\/wp-json\/wp\/v2\/media\/1300"}],"wp:attachment":[{"href":"https:\/\/sachviet.eu\/en\/wp-json\/wp\/v2\/media?parent=1314"}],"wp:term":[{"taxonomy":"product_brand","embeddable":true,"href":"https:\/\/sachviet.eu\/en\/wp-json\/wp\/v2\/product_brand?post=1314"},{"taxonomy":"product_cat","embeddable":true,"href":"https:\/\/sachviet.eu\/en\/wp-json\/wp\/v2\/product_cat?post=1314"},{"taxonomy":"product_tag","embeddable":true,"href":"https:\/\/sachviet.eu\/en\/wp-json\/wp\/v2\/product_tag?post=1314"}],"curies":[{"name":"wp","href":"https:\/\/api.w.org\/{rel}","templated":true}]}}