{"id":13051,"date":"2021-06-11T23:45:25","date_gmt":"2021-06-11T20:45:25","guid":{"rendered":"https:\/\/sachviet.eu\/shop\/vi-mong-be-cung-can-duoc-tho\/"},"modified":"2023-05-15T16:01:34","modified_gmt":"2023-05-15T13:01:34","slug":"vi-mong-be-cung-can-duoc-tho","status":"publish","type":"product","link":"https:\/\/sachviet.eu\/en\/shop\/vi-mong-be-cung-can-duoc-tho\/","title":{"rendered":"V\u00ec m\u00f4ng b\u00e9 c\u0169ng c\u1ea7n \u0111\u01b0\u1ee3c th\u1edf"},"content":{"rendered":"<p>Em b\u00e9 c\u1ee7a b\u1ea1n \u0111\u00e3 \u0111\u1ebfn l\u00fac c\u00f3 th\u1ec3 tr\u1edf th\u00e0nh nh\u1eefng em b\u00e9 \u201ctr\u01b0\u1edfng th\u00e0nh\u201d, v\u00e0 nh\u1eefng ng\u01b0\u1eddi l\u00e0m cha m\u1eb9 nh\u01b0 ch\u00fang ta \u0111ang r\u1ea5t hi v\u1ecdng thi\u00ean th\u1ea7n b\u00e9 b\u1ecfng c\u1ee7a m\u00ecnh c\u00f3 th\u1ec3 vui v\u1ebb n\u00f3i \u201cbai bai\u201d nh\u1eefng chi\u1ebfc b\u1ec9m \u0111\u00e3 g\u1eafn b\u00f3 c\u00f9ng b\u00e9.<\/p>\n<p>Vi\u1ec7c b\u1ecf b\u1ec9m cho b\u00e9 s\u1ebd ch\u1eb3ng c\u00f2n kh\u00f3 khan nh\u01b0 b\u1ea1n ngh\u0129, b\u1edfi: \u201cB\u1ea0N L\u00c0 CHA M\u1eb8, B\u1ea0N C\u00d3 TH\u1ec2 L\u00c0M \u0110\u01af\u1ee2C\u201d<\/p>\n<p>N\u1ebfu nghe \u0111\u01b0\u1ee3c nh\u1eefng l\u1eddi n\u00e0y gi\u00fap b\u1ea1n th\u1edf ph\u00e0o nh\u1eb9 nh\u00f5m th\u00ec cu\u1ed1n s\u00e1ch n\u00e0y d\u00e0nh cho b\u1ea1n. N\u1ebfu b\u1ea1n ngh\u0129 r\u1eb1ng  \u201c\u00d4i d\u00e0o, m\u1ed7i vi\u1ec7c b\u1ecf b\u1ec9m v\u00e0 t\u1eadp cho con \u0111i v\u1ec7 sinh \u0111\u00fang ch\u1ed7 th\u00f4i m\u00e0, sao ph\u1ea3i l\u1eafm chuy\u1ec7n\u201d th\u00ec cu\u1ed1n s\u00e1ch n\u00e0y ch\u1eafc ch\u1eafn d\u00e0nh cho b\u1ea1n. B\u1edfi c\u00f3 m\u1ed9t s\u1ef1 th\u1eadt, vi\u1ec7c b\u1ecf b\u1ec9m v\u00e0 t\u1eadp cho con \u0111i v\u1ec7 sinh \u0111\u00fang ch\u1ed7 c\u00f3 th\u1ec3 l\u00e0 m\u1ed9t tr\u1ea3i nghi\u1ec7m r\u1ea5t kh\u00f3 ch\u1ecbu. Nh\u01b0ng \u201cV\u00ec m\u00f4ng b\u00e9 c\u0169ng c\u1ea7n \u0111\u01b0\u1ee3c th\u1edf\u201d \u2013 tuy\u1ec7t chi\u00eau gi\u00fap tr\u1ebb b\u1ecf b\u1ec9m ch\u1ec9 sau 3 ng\u00e0y s\u1ebd gi\u00fap b\u1ea1n kh\u00f4ng c\u00f2n c\u1ea3m th\u1ea5y nh\u01b0 v\u1eady n\u1eefa. Brandi Brucks v\u1edbi t\u01b0 c\u00e1ch l\u00e0 m\u1ed9t chuy\u00ean gia, c\u00f4 \u1ea5y \u0111\u00e3 gi\u00fap cho c\u00e1c b\u1eadc ph\u1ee5 huynh v\u01b0\u1ee3t qua qu\u00e1 tr\u00ecnh n\u00e0y m\u00e0 kh\u00f4ng \u201cph\u00e1t \u0111i\u00ean\u201d.<\/p>\n<p>N\u1ebfu b\u1ea5t k\u00ec th\u1eddi \u0111i\u1ec3m n\u00e0o con b\u1ea1n v\u1eabn t\u1ef1 coi m\u00ecnh l\u00e0 m\u1ed9t em b\u00e9 v\u00e0 mu\u1ed1n m\u1eb7c b\u1ec9m l\u1ea1i, h\u00e3y n\u00f3i v\u1edbi em b\u00e9 r\u1eb1ng b\u00e9 kh\u00f4ng c\u00f2n b\u00e9 b\u1ecfng n\u1eefa, v\u00e0 b\u1ea1n r\u1ea5t t\u1ef1 h\u00e0o v\u00ec b\u00e9 \u0111\u00e3 tr\u1edf th\u00e0nh m\u1ed9t anh\/ch\u1ecb l\u1edbn. \u0110\u00f4i khi kh\u00f4ng c\u00f2n l\u00e0 em b\u00e9 n\u1eefa c\u00f3 th\u1ec3 l\u00e0 m\u1ed9t qu\u00e1 tr\u00ecnh chuy\u1ec3n \u0111\u1ed5i kh\u00f3 kh\u0103n, v\u00ec v\u1eady h\u00e3y l\u00e0m b\u00e9 an t\u00e2m b\u1eb1ng c\u00e1ch n\u00f3i v\u1edbi con r\u1eb1ng b\u1ea1n y\u00eau b\u00e9 r\u1ea5t nhi\u1ec1u v\u00e0 vi\u1ec7c b\u00e9 l\u1edbn d\u1ea7n l\u00ean s\u1ebd c\u00f3 r\u1ea5t nhi\u1ec1u \u0111i\u1ec1u th\u00fa v\u1ecb.<\/p>\n<p>Cu\u1ed1n s\u00e1ch n\u00e0y l\u00e0 th\u1ee9 ph\u1ea3i n\u1eb1m tr\u00ean gi\u00e1 s\u00e1ch c\u1ee7a m\u1ed7i b\u1eadc ph\u1ee5 huynh. N\u00f3 nh\u1eafc nh\u1edf cha m\u1eb9 r\u1eb1ng, khi h\u1ecd d\u1ea1y tr\u1ebb bi\u1ebft \u0111i v\u1ec7 sinh \u0111\u00fang ch\u1ed7, t\u1eeb \u0111\u00f3 gi\u00fap tr\u1ebb b\u1ecf b\u1ec9m, h\u1ecd s\u1ebd nh\u1eadn \u0111\u01b0\u1ee3c th\u00e0nh qu\u1ea3 h\u1ebft s\u1ee9c ng\u1ecdt ng\u00e0o. \u0110\u00e2y l\u00e0 cu\u1ed1n s\u00e1ch v\u1edbi b\u1ea3n h\u01b0\u1edbng d\u1eabn tuy\u1ec7t v\u1eddi. Gi\u1ed1ng nh\u01b0 Brandi n\u00f3i, h\u00e3y n\u1eafm quy\u1ec1n ch\u1ee7 \u0111\u1ed9ng, c\u00f3 th\u00e1i \u0111\u1ed9 l\u1ea1c quan v\u00e0 lu\u00f4n lu\u00f4n kh\u00edch l\u1ec7 tr\u1ebb. Khi d\u1ea1y con t\u1eadp \u0111i v\u1ec7 sinh \u0111\u00fang ch\u1ed7, \u0111\u1eebng l\u00e0 m\u1ed9t ng\u01b0\u1eddi b\u1ea1n. H\u00e3y l\u00e0 cha m\u1eb9 c\u1ee7a con.<\/p>\n","protected":false},"excerpt":{"rendered":"<p>Em b\u00e9 c\u1ee7a b\u1ea1n \u0111\u00e3 \u0111\u1ebfn l\u00fac c\u00f3 th\u1ec3 tr\u1edf th\u00e0nh nh\u1eefng em b\u00e9 \u201ctr\u01b0\u1edfng th\u00e0nh\u201d, v\u00e0 nh\u1eefng ng\u01b0\u1eddi l\u00e0m cha m\u1eb9 nh\u01b0 ch\u00fang ta \u0111ang r\u1ea5t hi v\u1ecdng thi\u00ean th\u1ea7n b\u00e9 b\u1ecfng c\u1ee7a m\u00ecnh c\u00f3 th\u1ec3 vui v\u1ebb n\u00f3i \u201cbai bai\u201d nh\u1eefng chi\u1ebfc b\u1ec9m \u0111\u00e3 g\u1eafn b\u00f3 c\u00f9ng b\u00e9.<\/p>\n<p>Vi\u1ec7c b\u1ecf b\u1ec9m cho b\u00e9 s\u1ebd ch\u1eb3ng c\u00f2n kh\u00f3 khan nh\u01b0 b\u1ea1n ngh\u0129, b\u1edfi: \u201cB\u1ea0N L\u00c0 CHA M\u1eb8, B\u1ea0N C\u00d3 TH\u1ec2 L\u00c0M \u0110\u01af\u1ee2C\u201d<\/p>\n<p>N\u1ebfu nghe \u0111\u01b0\u1ee3c nh\u1eefng l\u1eddi n\u00e0y gi\u00fap b\u1ea1n th\u1edf ph\u00e0o nh\u1eb9 nh\u00f5m th\u00ec cu\u1ed1n s\u00e1ch n\u00e0y d\u00e0nh cho b\u1ea1n. N\u1ebfu b\u1ea1n ngh\u0129 r\u1eb1ng  \u201c\u00d4i d\u00e0o, m\u1ed7i vi\u1ec7c b\u1ecf b\u1ec9m v\u00e0 t\u1eadp cho con \u0111i v\u1ec7 sinh \u0111\u00fang ch\u1ed7 th\u00f4i m\u00e0, sao ph\u1ea3i l\u1eafm chuy\u1ec7n\u201d th\u00ec cu\u1ed1n s\u00e1ch n\u00e0y ch\u1eafc ch\u1eafn d\u00e0nh cho b\u1ea1n. B\u1edfi c\u00f3 m\u1ed9t s\u1ef1 th\u1eadt, vi\u1ec7c b\u1ecf b\u1ec9m v\u00e0 t\u1eadp cho con \u0111i v\u1ec7 sinh \u0111\u00fang ch\u1ed7 c\u00f3 th\u1ec3 l\u00e0 m\u1ed9t tr\u1ea3i nghi\u1ec7m r\u1ea5t kh\u00f3 ch\u1ecbu. Nh\u01b0ng \u201cV\u00ec m\u00f4ng b\u00e9 c\u0169ng c\u1ea7n \u0111\u01b0\u1ee3c th\u1edf\u201d \u2013 tuy\u1ec7t chi\u00eau gi\u00fap tr\u1ebb b\u1ecf b\u1ec9m ch\u1ec9 sau 3 ng\u00e0y s\u1ebd gi\u00fap b\u1ea1n kh\u00f4ng c\u00f2n c\u1ea3m th\u1ea5y nh\u01b0 v\u1eady n\u1eefa. Brandi Brucks v\u1edbi t\u01b0 c\u00e1ch l\u00e0 m\u1ed9t chuy\u00ean gia, c\u00f4 \u1ea5y \u0111\u00e3 gi\u00fap cho c\u00e1c b\u1eadc ph\u1ee5 huynh v\u01b0\u1ee3t qua qu\u00e1 tr\u00ecnh n\u00e0y m\u00e0 kh\u00f4ng \u201cph\u00e1t \u0111i\u00ean\u201d.<\/p>\n<p>N\u1ebfu b\u1ea5t k\u00ec th\u1eddi \u0111i\u1ec3m n\u00e0o con b\u1ea1n v\u1eabn t\u1ef1 coi m\u00ecnh l\u00e0 m\u1ed9t em b\u00e9 v\u00e0 mu\u1ed1n m\u1eb7c b\u1ec9m l\u1ea1i, h\u00e3y n\u00f3i v\u1edbi em b\u00e9 r\u1eb1ng b\u00e9 kh\u00f4ng c\u00f2n b\u00e9 b\u1ecfng n\u1eefa, v\u00e0 b\u1ea1n r\u1ea5t t\u1ef1 h\u00e0o v\u00ec b\u00e9 \u0111\u00e3 tr\u1edf th\u00e0nh m\u1ed9t anh\/ch\u1ecb l\u1edbn. \u0110\u00f4i khi kh\u00f4ng c\u00f2n l\u00e0 em b\u00e9 n\u1eefa c\u00f3 th\u1ec3 l\u00e0 m\u1ed9t qu\u00e1 tr\u00ecnh chuy\u1ec3n \u0111\u1ed5i kh\u00f3 kh\u0103n, v\u00ec v\u1eady h\u00e3y l\u00e0m b\u00e9 an t\u00e2m b\u1eb1ng c\u00e1ch n\u00f3i v\u1edbi con r\u1eb1ng b\u1ea1n y\u00eau b\u00e9 r\u1ea5t nhi\u1ec1u v\u00e0 vi\u1ec7c b\u00e9 l\u1edbn d\u1ea7n l\u00ean s\u1ebd c\u00f3 r\u1ea5t nhi\u1ec1u \u0111i\u1ec1u th\u00fa v\u1ecb.<\/p>\n<p>Cu\u1ed1n s\u00e1ch n\u00e0y l\u00e0 th\u1ee9 ph\u1ea3i n\u1eb1m tr\u00ean gi\u00e1 s\u00e1ch c\u1ee7a m\u1ed7i b\u1eadc ph\u1ee5 huynh. N\u00f3 nh\u1eafc nh\u1edf cha m\u1eb9 r\u1eb1ng, khi h\u1ecd d\u1ea1y tr\u1ebb bi\u1ebft \u0111i v\u1ec7 sinh \u0111\u00fang ch\u1ed7, t\u1eeb \u0111\u00f3 gi\u00fap tr\u1ebb b\u1ecf b\u1ec9m, h\u1ecd s\u1ebd nh\u1eadn \u0111\u01b0\u1ee3c th\u00e0nh qu\u1ea3 h\u1ebft s\u1ee9c ng\u1ecdt ng\u00e0o. \u0110\u00e2y l\u00e0 cu\u1ed1n s\u00e1ch v\u1edbi b\u1ea3n h\u01b0\u1edbng d\u1eabn tuy\u1ec7t v\u1eddi. Gi\u1ed1ng nh\u01b0 Brandi n\u00f3i, h\u00e3y n\u1eafm quy\u1ec1n ch\u1ee7 \u0111\u1ed9ng, c\u00f3 th\u00e1i \u0111\u1ed9 l\u1ea1c quan v\u00e0 lu\u00f4n lu\u00f4n kh\u00edch l\u1ec7 tr\u1ebb. Khi d\u1ea1y con t\u1eadp \u0111i v\u1ec7 sinh \u0111\u00fang ch\u1ed7, \u0111\u1eebng l\u00e0 m\u1ed9t ng\u01b0\u1eddi b\u1ea1n. H\u00e3y l\u00e0 cha m\u1eb9 c\u1ee7a con.<\/p>\n","protected":false},"featured_media":13039,"template":"","meta":{"_acf_changed":false},"product_brand":[],"product_cat":[19],"product_tag":[],"class_list":{"0":"post-13051","1":"product","2":"type-product","3":"status-publish","4":"has-post-thumbnail","6":"product_cat-nuoi-day-con","8":"first","9":"instock","10":"taxable","11":"shipping-taxable","12":"purchasable","13":"product-type-simple"},"supplier_id":null,"supplier_sku":"","barcode":null,"atum_controlled":true,"out_stock_date":null,"out_stock_threshold":null,"inheritable":false,"inbound_stock":0,"stock_on_hold":0,"sold_today":0,"sales_last_days":0,"reserved_stock":0,"customer_returns":0,"warehouse_damage":0,"lost_in_post":0,"other_logs":0,"out_stock_days":0,"lost_sales":0,"has_location":false,"update_date":"2026-01-28T23:10:53","atum_locations":[],"atum_stock_status":"instock","restock_status":false,"low_stock_amount":"","sales_update_date":"2026-01-28T23:10:53","calc_backorders":null,"acf":{"publisher":{"ID":1460,"post_author":"1","post_date":"2021-02-17 01:12:24","post_date_gmt":"2021-02-16 23:12:24","post_content":"<!-- wp:flatsome\/uxbuilder -->\n<h1 style=\"text-align: center;\"><strong>Skybooks<\/strong><\/h1>\n[row]\n\n[col span=\"7\" span__sm=\"12\"]\n\n<p>C\u00f4ng ty ph\u00e1t h\u00e0nh s\u00e1ch Skybooks. \"T\u00f4i tr\u1ebb, t\u00f4i \u0111am m\u00ea\" v\u1edbi s\u1ee9 m\u1ec7nh lan to\u1ea3 c\u1ea3m x\u00fac v\u00e0 k\u1ebft n\u1ed1i t\u00e2m h\u1ed3n<\/p>\n<p><strong>Skybooks l\u00e0 c\u00e2u chuy\u1ec7n k\u1ec3 v\u1ec1:<\/strong><br \/>M\u1ed9t th\u1ebf h\u1ec7 ng\u01b0\u1eddi vi\u1ebft tr\u1ebb, \u0111am m\u00ea v\u0103n ch\u01b0\u01a1ng v\u00e0 t\u00f4n tr\u1ecdng, g\u00ecn gi\u1eef, s\u00e1ng t\u1ea1o Ti\u1ebfng Vi\u1ec7t. M\u1ed9t th\u1ebf h\u1ec7 \u0111\u1ed9c gi\u1ea3 tr\u1ebb, \u0111am m\u00ea kh\u00e1m ph\u00e1 ng\u00f4n ng\u1eef v\u00e0 say m\u00ea \u0111\u1ebfn v\u1edbi th\u1ebf gi\u1edbi c\u1ee7a nh\u1eefng quy\u1ec3n s\u00e1ch. M\u1ed9t th\u1ebf h\u1ec7 ng\u01b0\u1eddi l\u00e0m s\u00e1ch tr\u1ebb, \u0111am m\u00ea mang nh\u1eefng gi\u00e1 tr\u1ecb tinh th\u1ea7n l\u1ea1i g\u1ea7n ng\u01b0\u1eddi \u0111\u1ecdc.<br \/>Trong b\u1ed9 nh\u1eadn d\u1ea1ng th\u01b0\u01a1ng hi\u1ec7u:<br \/>Skybooks v\u1edbi ch\u1eef Sky m\u00e0u xanh da tr\u1eddi c\u00f3 \u00fd ngh\u0129a l\u00e0 c\u00f4ng ty B\u1ea7u Tr\u1eddi - n\u01a1i t\u1ea5t c\u1ea3 \u01b0\u1edbc m\u01a1 \u0111\u01b0\u1ee3c t\u1ef1 do tung c\u00e1nh.<br \/>V\u1edbi logo h\u00ecnh hoa b\u1ed3 c\u00f4ng anh \u0111ang bay t\u01b0\u1ee3ng tr\u01b0ng cho s\u1ef1 lan to\u1ea3 c\u1ea3m x\u00fac v\u00e0 kh\u00e1t v\u1ecdng bay cao.<br \/>K\u1ebb v\u1ea1ch logo c\u00f3 n\u1ec1n m\u00e0u ghi x\u00e1m xu\u1ea5t hi\u1ec7n tr\u00ean b\u00eca m\u1ecdi \u1ea5n ph\u1ea9m th\u1ec3 hi\u1ec7n con \u0111\u01b0\u1eddng b\u01b0\u1edbc v\u00e0o th\u1ecb tr\u01b0\u1eddng s\u00e1ch v\u00e0 chinh ph\u1ee5c \u0111\u1ed9c gi\u1ea3 l\u00e0 m\u1ed9t h\u00e0nh tr\u00ecnh d\u00e0i, \u0111\u1ea7y gian kh\u00f3, c\u00f3 nhi\u1ec1u b\u00e3o t\u1ed1, nh\u01b0ng ch\u1ec9 c\u1ea7n n\u1ed7 l\u1ef1c c\u1ed1 g\u1eafng nh\u1ea5t \u0111\u1ecbnh s\u1ebd ngo\u1ea1n m\u1ee5c v\u01b0\u1ee3t qua. \u0110\u1ec3 kh\u1eb3ng \u0111\u1ecbnh v\u00e0 ch\u1ee9ng minh ch\u00ednh m\u00ecnh!<\/p>\n\n[\/col]\n[col span=\"5\" span__sm=\"12\"]\n\n[ux_image id=\"1825\" image_size=\"medium\"]\n\n\n[\/col]\n\n[\/row]\n\n<!-- \/wp:flatsome\/uxbuilder -->","post_title":"Skybooks","post_excerpt":"","post_status":"publish","comment_status":"closed","ping_status":"closed","post_password":"","post_name":"skybooks","to_ping":"","pinged":"","post_modified":"2021-02-17 01:57:31","post_modified_gmt":"2021-02-16 23:57:31","post_content_filtered":"","post_parent":0,"guid":"https:\/\/sachviet.eu\/nha-phat-hanh\/skybooks\/","menu_order":0,"post_type":"publisher","post_mime_type":"","comment_count":"0","filter":"raw"}},"_links":{"self":[{"href":"https:\/\/sachviet.eu\/en\/wp-json\/wp\/v2\/product\/13051","targetHints":{"allow":["GET"]}}],"collection":[{"href":"https:\/\/sachviet.eu\/en\/wp-json\/wp\/v2\/product"}],"about":[{"href":"https:\/\/sachviet.eu\/en\/wp-json\/wp\/v2\/types\/product"}],"wp:featuredmedia":[{"embeddable":true,"href":"https:\/\/sachviet.eu\/en\/wp-json\/wp\/v2\/media\/13039"}],"wp:attachment":[{"href":"https:\/\/sachviet.eu\/en\/wp-json\/wp\/v2\/media?parent=13051"}],"wp:term":[{"taxonomy":"product_brand","embeddable":true,"href":"https:\/\/sachviet.eu\/en\/wp-json\/wp\/v2\/product_brand?post=13051"},{"taxonomy":"product_cat","embeddable":true,"href":"https:\/\/sachviet.eu\/en\/wp-json\/wp\/v2\/product_cat?post=13051"},{"taxonomy":"product_tag","embeddable":true,"href":"https:\/\/sachviet.eu\/en\/wp-json\/wp\/v2\/product_tag?post=13051"}],"curies":[{"name":"wp","href":"https:\/\/api.w.org\/{rel}","templated":true}]}}