{"id":13038,"date":"2021-06-11T23:44:24","date_gmt":"2021-06-11T20:44:24","guid":{"rendered":"https:\/\/sachviet.eu\/shop\/trong-vong-tay-me\/"},"modified":"2021-06-12T12:57:30","modified_gmt":"2021-06-12T09:57:30","slug":"trong-vong-tay-me","status":"publish","type":"product","link":"https:\/\/sachviet.eu\/en\/shop\/trong-vong-tay-me\/","title":{"rendered":"Trong v\u00f2ng tay m\u1eb9"},"content":{"rendered":"<p>C\u00f3 ngh\u1ec1 n\u00e0o \u0111\u1eb7c bi\u1ec7t nh\u01b0 \u201cngh\u1ec1\u201d l\u00e0m m\u1eb9? V\u1edbi ch\u1ee9a chan n\u01b0\u1edbc m\u1eaft v\u00e0 n\u1ee5 c\u01b0\u1eddi, n\u1ed7i hoang mang b\u00ean c\u1ea1nh l\u00f2ng ki\u00ean \u0111\u1ecbnh, c\u01a1n gi\u1eadn d\u1eef gi\u1eefa kh\u1ea3 n\u0103ng nh\u1eabn n\u1ea1i v\u00f4 bi\u00ean\u2026, h\u00e0nh tr\u00ecnh \u0111\u1ee9a tr\u1ebb l\u1edbn l\u00ean c\u0169ng l\u00e0 h\u00e0nh tr\u00ecnh m\u1ed9t ng\u01b0\u1eddi m\u1eb9 tr\u01b0\u1edfng th\u00e0nh.<\/p>\n<p>Trong v\u00f2ng tay m\u1eb9 c\u1ee7a Di\u1ec7u Th\u1ee7y l\u00e0 t\u1eadp h\u1ee3p nh\u1eefng m\u1ea3nh gh\u00e9p be b\u00e9, ch\u00e2n th\u1ef1c, nhi\u1ec1u m\u00e0u s\u1eafc k\u1ec3 l\u1ea1i m\u1ed9t c\u00e1ch sinh \u0111\u1ed9ng v\u00e0 c\u1ea3m \u0111\u1ed9ng c\u00e2u chuy\u1ec7n m\u1eb9 &#8211; con b\u1ea5t t\u1eadn: tr\u1ea3i nghi\u1ec7m nh\u1eefng kh\u00f3 kh\u0103n ch\u01b0a t\u1eebng g\u1eb7p, t\u1eadn h\u01b0\u1edfng ni\u1ec1m h\u1ea1nh ph\u00fac ch\u01b0a t\u1eebng bi\u1ebft, v\u00e0 c\u00e2u tr\u1ea3 l\u1eddi cho t\u1ea5t c\u1ea3 lu\u00f4n l\u00e0 th\u1ea5u hi\u1ec3u v\u00e0 y\u00eau th\u01b0\u01a1ng.<br \/>\nC\u00f3 l\u1ebd, ng\u01b0\u1eddi m\u1eb9 ng\u01b0\u1eddi b\u1ed1 n\u00e0o nu\u00f4i con c\u0169ng s\u1ebd th\u1ea5y m\u00ecnh \u0111\u00e2u \u0111\u00f3 trong cu\u1ed1n s\u00e1ch n\u00e0y.<\/p>\n<p>T\u00c1C GI\u1ea2:<\/p>\n<p>NGUY\u1ec4N HO\u00c0NG DI\u1ec6U TH\u1ee6Y<br \/>\n&#8211; S\u1ed1ng t\u1ea1i H\u00e0 N\u1ed9i<br \/>\n&#8211; Bi\u00ean t\u1eadp vi\u00ean s\u00e1ch<br \/>\n&#8211; C\u1ed9ng t\u00e1c vi\u00ean c\u1ee7a nhi\u1ec1u t\u1edd b\u00e1o; di\u1ec5n gi\u1ea3 v\u00e0 \u0111i\u1ec1u ph\u1ed1i vi\u00ean c\u1ee7a c\u00e1c t\u1ecda \u0111\u00e0m v\u1ec1 s\u00e1ch, v\u1ec1 v\u0103n ch\u01b0\u01a1ng v\u00e0 v\u1ec1 ngh\u1ec1 bi\u00ean t\u1eadp<br \/>\nS\u1edf th\u00edch: bu\u00f4n chuy\u1ec7n v\u1edbi con, n\u1ea5u \u0103n v\u00e0 \u0103n, \u0111\u1ea1p xe ngo\u00e0i tr\u1eddi, \u0111\u1ecdc s\u00e1ch tr\u00ean sofa v\u1edbi m\u1ed9t c\u1ed1c c\u00e0 ph\u00ea n\u00f3ng ho\u1eb7c m\u1ed9t ly r\u01b0\u1ee3u vang l\u1ea1nh b\u00ean c\u1ea1nh<\/p>\n<p>TR\u00cdCH \u0110O\u1ea0N:<\/p>\n<p>&#8220;Me\u0323 nh\u00e2\u0323n ra t\u01b0\u0300 khi co\u0301 hai \u0111\u01b0\u0301a, me\u0323 thay \u0111\u00f4\u0309i r\u1ea5t nhi\u00ea\u0300u.<\/p>\n<p>Nu\u00f4i con, me\u0323 tr\u01a1\u0309 n\u00ean m\u00ea\u0300m y\u00ea\u0301u h\u01a1n, d\u00ea\u0303 xu\u0301c \u0111\u00f4\u0323ng, hay s\u01a1\u0323 ha\u0303i. Me\u0323 kh\u00f4ng co\u0300n mu\u00f4\u0301n xem phim kinh di\u0323 n\u01b0\u0303a. Nh\u01b0\u0303ng c\u00e2u chuy\u00ea\u0323n bu\u00f4\u0300n li\u00ean quan \u0111\u00ea\u0301n tre\u0309 con ma\u0300 me\u0323 nghe \u0111\u01b0\u01a1\u0323c lu\u00f4n la\u0300m me\u0323 \u0111au th\u0103\u0301t. Me\u0323 t\u01b0\u0300ng kho\u0301c nh\u01b0 m\u01b0a khi \u0111\u00ea\u0301n chia bu\u00f4\u0300n v\u01a1\u0301i ba\u0300 ha\u0300ng xo\u0301m, con d\u00e2u cu\u0309a ba\u0300 m\u01a1\u0301i m\u00e2\u0301t \u0111\u00ea\u0309 la\u0323i hai \u0111\u01b0\u0301a con nho\u0309, m\u00e0 me\u0323 chi\u0309 quen xa\u0303 giao v\u01a1\u0301i c\u00f4 \u00e2\u0301y. Va\u0300 me\u0323 kho\u0301c vi\u0300 ca\u0301c con r\u00e2\u0301t nhi\u00ea\u0300u. Khi He\u0301t m\u1ed9t tha\u0301ng tu\u00f4\u0309i r\u01b0\u01a1\u0303i bi\u0323 vi\u00eam ph\u00f4\u0309i me\u0323 c\u01b0\u0301 nhi\u0300n ba\u0300n tay be\u0301 xi\u0301u qu\u00e2\u0301n b\u0103ng ca\u0301i \u00f4\u0301ng ch\u01a1\u0300 ti\u00eam ma\u0300 n\u01b0\u01a1\u0301c m\u0103\u0301t chan ho\u0300a. Khi Miu va\u0300o l\u01a1\u0301p M\u1ed9t lon ton x\u00ea\u0301p ha\u0300ng \u0111i va\u0300o l\u01a1\u0301p cu\u0300ng ca\u0301c ba\u0323n. Khi Miu l\u00e2\u0300n \u0111\u00e2\u0300u ti\u00ean \u0111a\u0323p xe ma\u0300 kh\u00f4ng c\u00e2\u0300n b\u00f4\u0301 gi\u01b0\u0303, to\u0301c bay tung trong gio\u0301. La\u0300m me\u0323 pha\u0309i ch\u0103ng la\u0300 c\u00f4ng vi\u00ea\u0323c t\u00f4\u0301n nhi\u00ea\u0300u n\u01b0\u01a1\u0301c m\u0103\u0301t nh\u00e2\u0301t?<\/p>\n<p>Nu\u00f4i con, lo\u0300ng t\u01b0\u0323 tin cu\u0309a me\u0323 gia\u0309m tr\u00e2\u0300m tro\u0323ng. Khi co\u0300n son r\u00f4\u0303i, me\u0323 t\u01b0\u0300ng tin r\u0103\u0300ng mi\u0300nh nu\u00f4i con se\u0303 r\u00e2\u0301t nha\u0300n, me\u0323 t\u01b0\u0300ng nhi\u0300n m\u00e2\u0301y me\u0323 kha\u0301c loay hoay cho con \u0103n d\u00f4\u0303 da\u0300nh con v\u00e2\u0301t va\u0309 m\u00f4\u0323t ca\u0301ch th\u01b0\u01a1ng ha\u0323i. Me\u0323 nghi\u0303 mi\u0300nh co\u0301 ki\u00ea\u0301n th\u01b0\u0301c, mi\u0300nh \u0111o\u0323c nhi\u00ea\u0300u sa\u0301ch, mi\u0300nh kho\u0309e ma\u0323nh va\u0300 mi\u0300nh bi\u00ea\u0301t y\u00eau th\u01b0\u01a1ng, nu\u00f4i con la\u0300 chuy\u00ea\u0323n \u0111\u01a1n gia\u0309n, mi\u0300nh se\u0303 th\u00ea\u0301 na\u0300y, mi\u0300nh se\u0303 th\u00ea\u0301 kia\u2026 Nh\u01b0ng \u0111\u00ea\u0301n khi th\u01b0\u0323c s\u01b0\u0323 nu\u00f4i con, me\u0323 m\u01a1\u0301i \u201csa\u0301ng m\u0103\u0301t\u201d! Co\u0301 nh\u01b0\u0303ng th\u01b0\u0301 trong sa\u0301ch kh\u00f4ng th\u00ea\u0309 no\u0301i h\u00ea\u0301t. Co\u0301 nh\u01b0\u0303ng ki\u00ea\u0301n th\u01b0\u0301c kh\u00f4ng \u0111u\u0301ng v\u01a1\u0301i con cu\u0309a me\u0323. Co\u0301 nh\u01b0\u0303ng h\u01b0\u01a1\u0301ng d\u00e2\u0303n kh\u00f4ng th\u00ea\u0309 a\u0301p du\u0323ng. Me\u0323 \u0111a\u0303 \u0111a\u0301nh v\u00e2\u0323t v\u01a1\u0301i Miu, v\u01a1\u0301i nh\u01b0\u0303ng c\u01a1n tr\u01a1\u0301 h\u0103\u0300ng nga\u0300y cu\u0309a con, ch\u0103\u0309ng co\u0301 ph\u01b0\u01a1ng pha\u0301p \u0103n d\u0103\u0323m na\u0300o gia\u0309i quy\u00ea\u0301t n\u00f4\u0309i. Me\u0323 \u0111a\u0303 \u0111a\u0301nh v\u00e2\u0323t v\u01a1\u0301i nh\u01b0\u0303ng tr\u00e2\u0323n kho\u0301c cu\u0309a He\u0301t tu\u00f4\u0309i l\u00ean ba, ch\u0103\u0309ng co\u0301 bi\u0301 ki\u0301p da\u0323y con ngoan na\u0300o \u0111\u01a1\u0303 n\u00f4\u0309i. Me\u0323 \u0111a\u0303 nhi\u00ea\u0300u lu\u0301c m\u00ea\u0323t b\u00e3 ng\u01b0\u1eddi, va\u0300 nhi\u00ea\u0300u lu\u0301c \u01a1\u0309 trong nh\u01b0\u0303ng ti\u0300nh hu\u00f4\u0301ng tha\u0301ch th\u01b0\u0301c lo\u0300ng y\u00eau th\u01b0\u01a1ng. Gi\u01a1\u0300 me\u0323 bu\u00f4\u0300n c\u01b0\u01a1\u0300i khi nh\u01a1\u0301 la\u0323i s\u01b0\u0323 t\u01b0\u0323 \u0111\u0103\u0301c v\u01a1\u0301 v\u00e2\u0309n cu\u0309a mi\u0300nh nga\u0300y x\u01b0a, me\u0323 kh\u00f4ng tuy\u00ean ng\u00f4n tuy\u00ean b\u00f4\u0301 gi\u0300 v\u00ea\u0300 vi\u00ea\u0323c nu\u00f4i da\u0323y con ca\u0301i n\u01b0\u0303a, me\u0323 th\u00f4i ky\u0300 vo\u0323ng Miu se\u0303 th\u00ea\u0301 na\u0300y He\u0301t se\u0303 th\u00ea\u0301 kia. Me\u0323 tr\u01a1\u0309 n\u00ean khi\u00eam nh\u01b0\u01a1\u0300ng, i\u0301t pha\u0301n xe\u0301t va\u0300 bi\u00ea\u0301t th\u00f4ng ca\u0309m v\u01a1\u0301i nhi\u00ea\u0300u me\u0323 kha\u0301c h\u01a1n.&#8221;<\/p>\n","protected":false},"excerpt":{"rendered":"<p>C\u00f3 ngh\u1ec1 n\u00e0o \u0111\u1eb7c bi\u1ec7t nh\u01b0 \u201cngh\u1ec1\u201d l\u00e0m m\u1eb9? V\u1edbi ch\u1ee9a chan n\u01b0\u1edbc m\u1eaft v\u00e0 n\u1ee5 c\u01b0\u1eddi, n\u1ed7i hoang mang b\u00ean c\u1ea1nh l\u00f2ng ki\u00ean \u0111\u1ecbnh, c\u01a1n gi\u1eadn d\u1eef gi\u1eefa kh\u1ea3 n\u0103ng nh\u1eabn n\u1ea1i v\u00f4 bi\u00ean\u2026, h\u00e0nh tr\u00ecnh \u0111\u1ee9a tr\u1ebb l\u1edbn l\u00ean c\u0169ng l\u00e0 h\u00e0nh tr\u00ecnh m\u1ed9t ng\u01b0\u1eddi m\u1eb9 tr\u01b0\u1edfng th\u00e0nh.<\/p>\n<p>Trong v\u00f2ng tay m\u1eb9 c\u1ee7a Di\u1ec7u Th\u1ee7y l\u00e0 t\u1eadp h\u1ee3p nh\u1eefng m\u1ea3nh gh\u00e9p be b\u00e9, ch\u00e2n th\u1ef1c, nhi\u1ec1u m\u00e0u s\u1eafc k\u1ec3 l\u1ea1i m\u1ed9t c\u00e1ch sinh \u0111\u1ed9ng v\u00e0 c\u1ea3m \u0111\u1ed9ng c\u00e2u chuy\u1ec7n m\u1eb9 &#8211; con b\u1ea5t t\u1eadn: tr\u1ea3i nghi\u1ec7m nh\u1eefng kh\u00f3 kh\u0103n ch\u01b0a t\u1eebng g\u1eb7p, t\u1eadn h\u01b0\u1edfng ni\u1ec1m h\u1ea1nh ph\u00fac ch\u01b0a t\u1eebng bi\u1ebft, v\u00e0 c\u00e2u tr\u1ea3 l\u1eddi cho t\u1ea5t c\u1ea3 lu\u00f4n l\u00e0 th\u1ea5u hi\u1ec3u v\u00e0 y\u00eau th\u01b0\u01a1ng.<br \/>\nC\u00f3 l\u1ebd, ng\u01b0\u1eddi m\u1eb9 ng\u01b0\u1eddi b\u1ed1 n\u00e0o nu\u00f4i con c\u0169ng s\u1ebd th\u1ea5y m\u00ecnh \u0111\u00e2u \u0111\u00f3 trong cu\u1ed1n s\u00e1ch n\u00e0y.<\/p>\n","protected":false},"featured_media":13037,"template":"","meta":{"_acf_changed":false},"product_brand":[],"product_cat":[19,15,47],"product_tag":[],"class_list":{"0":"post-13038","1":"product","2":"type-product","3":"status-publish","4":"has-post-thumbnail","6":"product_cat-nuoi-day-con","7":"product_cat-sach-danh-cho-nguoi-lon","8":"product_cat-truyen-ngan-tan-van","10":"first","11":"instock","12":"taxable","13":"shipping-taxable","14":"purchasable","15":"product-type-simple"},"supplier_id":null,"supplier_sku":"","barcode":null,"atum_controlled":true,"out_stock_date":null,"out_stock_threshold":null,"inheritable":false,"inbound_stock":0,"stock_on_hold":0,"sold_today":0,"sales_last_days":0,"reserved_stock":0,"customer_returns":0,"warehouse_damage":0,"lost_in_post":0,"other_logs":0,"out_stock_days":0,"lost_sales":0,"has_location":false,"update_date":"2026-01-28T23:10:52","atum_locations":[],"atum_stock_status":"instock","restock_status":false,"low_stock_amount":"","sales_update_date":"2026-01-28T23:10:52","calc_backorders":null,"acf":{"publisher":{"ID":1424,"post_author":"1","post_date":"2021-02-17 00:02:29","post_date_gmt":"2021-02-16 22:02:29","post_content":"<!-- wp:flatsome\/uxbuilder -->\n<h1 style=\"text-align: center\"><strong>Nh\u00e3 Nam<\/strong><\/h1>\n[row]\n\n[col span=\"6\" span__sm=\"12\"]\n\n[ux_image id=\"1438\" image_size=\"medium\"]\n\n\n[\/col]\n[col span=\"6\" span__sm=\"12\"]\n\n<p><strong>C\u00f4ng ty c\u1ed5 ph\u1ea7n V\u0103n h\u00f3a v\u00e0 Truy\u1ec1n th\u00f4ng Nh\u00e3 Nam<\/strong><\/p>\n<p>Th\u00e1ng 2 n\u0103m 2005, Nh\u00e3 Nam, t\u00ean \u0111\u1ea7y \u0111\u1ee7 l\u00e0 C\u00f4ng ty C\u1ed5 ph\u1ea7n V\u0103n h\u00f3a v\u00e0 Truy\u1ec1n th\u00f4ng Nh\u00e3 Nam \u0111\u00e3 gia nh\u1eadp th\u1ecb tr\u01b0\u1eddng s\u00e1ch. T\u00e1c ph\u1ea9m \"Balzac v\u00e0 c\u00f4 b\u00e9 th\u1ee3 may Trung hoa\" c\u1ee7a \u0110\u1edbi T\u01b0 Ki\u1ec7t l\u00e0 cu\u1ed1n s\u00e1ch \u0111\u1ea7u ti\u00ean \u0111\u01b0\u1ee3c nh\u1eefng ng\u01b0\u1eddi s\u00e1ng l\u1eadp Nh\u00e3 Nam xu\u1ea5t b\u1ea3n c\u1ea3 tr\u01b0\u1edbc khi c\u00f4ng ty ra \u0111\u1eddi. Ngay l\u1eadp t\u1ee9c t\u1eeb cu\u1ed1n s\u00e1ch \u0111\u1ea7u ti\u00ean, \u0111\u1ed9c gi\u1ea3 \u0111\u00e3 d\u00e0nh s\u1ef1 quan t\u00e2m v\u00e0 y\u00eau m\u1ebfn cho m\u1ed9t th\u01b0\u01a1ng hi\u1ec7u s\u00e1ch m\u1edbi m\u1ebb mang trong m\u00ecnh kh\u00e1t v\u1ecdng g\u00f3p ph\u1ea7n t\u1ea1o l\u1eadp di\u1ec7n m\u1ea1o m\u1edbi cho xu\u1ea5t b\u1ea3n v\u0103n h\u1ecdc t\u1ea1i Vi\u1ec7t Nam.<\/p>\n<p>L\u00f2ng say m\u00ea c\u1ee7a \u0111\u1ed9i ng\u0169 l\u00e0 vi\u00ean \u0111\u00e1 \u0111\u1ea7u ti\u00ean. Tr\u1ea3i qua m\u1ea5y n\u0103m ph\u00e1t tri\u1ec3n, Nh\u00e3 Nam \u0111\u00e3 \u0111\u01b0\u1ee3c x\u00e2y d\u1ef1ng d\u1ea7n l\u00ean trong di\u1ec7n m\u1ea1o m\u1ed9t nh\u00e0 xu\u1ea5t b\u1ea3n v\u1eefng ch\u00e3i v\u00e0 chuy\u00ean nghi\u1ec7p. S\u00e1u th\u00e1ng sau khi th\u00e0nh l\u1eadp c\u00f4ng ty, Nh\u1eadt k\u00fd \u0110\u1eb7ng Th\u00f9y Tr\u00e2m ra \u0111\u1eddi, t\u1ea1o n\u00ean m\u1ed9t c\u01a1n s\u1ed1t trong x\u00e3 h\u1ed9i, v\u1edbi g\u1ea7n 500,000 b\u1ea3n s\u00e1ch \u0111\u01b0\u1ee3c ph\u00e1t h\u00e0nh, ph\u00e1 m\u1ecdi k\u1ef7 l\u1ee5c v\u1ec1 xu\u1ea5t b\u1ea3n tr\u01b0\u1edbc \u0111\u00f3, k\u00e9o theo m\u1ed9t lo\u1ea1t nh\u1eefng hi\u1ec7u \u1ee9ng x\u00e3 h\u1ed9i v\u00e0 d\u01b0 lu\u1eadn c\u00f3 \u00fd ngh\u0129a. T\u1eeb \u0111\u00f3 tr\u1edf \u0111i, th\u00f4ng qua Nh\u00e3 Nam, c\u00e1c cu\u1ed1n s\u00e1ch v\u0103n h\u1ecdc n\u01b0\u1edbc ngo\u00e0i c\u00f3 gi\u00e1 tr\u1ecb \u0111\u01b0\u1ee3c li\u00ean t\u1ee5c mua b\u1ea3n quy\u1ec1n v\u00e0 xu\u1ea5t b\u1ea3n t\u1ea1i Vi\u1ec7t Nam, thu h\u00fat nhi\u1ec1u t\u1ea7ng l\u1edbp \u0111\u1ed9c gi\u1ea3. S\u00e1ch c\u1ee7a Nh\u00e3 Nam n\u1ed5i b\u1eadt b\u1edfi n\u1ed9i dung v\u0103n h\u1ecdc tinh t\u1ebf, b\u1edfi v\u1ebb \u0111\u1eb9p c\u1ee7a thi\u1ebft k\u1ebf hi\u1ec7n \u0111\u1ea1i \u1edf h\u00ecnh th\u1ee9c, b\u1edfi s\u1ef1 ch\u0103m ch\u00fat k\u1ef9 l\u01b0\u1ee1ng cho m\u1ed7i cu\u1ed1n s\u00e1ch nh\u01b0 m\u1ed9t con thuy\u1ec1n mang t\u1edbi ni\u1ec1m vui, tri th\u1ee9c, ng\u1ea1c nhi\u00ean, v\u00e0 \u0111\u1ed3ng c\u1ea3m.<\/p>\n\n[\/col]\n\n[\/row]\n<p style=\"text-align: left\">Hi\u1ec3u th\u1eddi \u0111\u1ea1i \u0111ang s\u1ed1ng th\u00f4ng qua s\u00e1ch, song h\u00e0nh v\u1edbi nh\u1eefng bi\u1ebfn chuy\u1ec3n s\u00e2u s\u1eafc trong l\u00f2ng x\u00e3 h\u1ed9i b\u1eb1ng nh\u1eefng ho\u1ea1t \u0111\u1ed9ng xu\u1ea5t b\u1ea3n mi\u1ec7t m\u00e0i v\u00e0 qu\u1ea3 c\u1ea3m, con \u0111\u01b0\u1eddng Nh\u00e3 Nam \u0111\u00e3 ch\u1ecdn \u0111\u1ec3 \u0111i s\u1ebd c\u00f2n d\u00e0i. Nhi\u1ec1u kh\u00f3 kh\u0103n, th\u1eed th\u00e1ch \u0111ang \u1edf ph\u00eda tr\u01b0\u1edbc. B\u01b0\u1edbc qua th\u1eddi k\u1ef3 s\u01a1 khai v\u1edbi nh\u1eefng b\u00e0i h\u1ecdc v\u00e0 nh\u1eefng kinh nghi\u1ec7m \u0111\u1ea7u ti\u00ean, Nh\u00e3 Nam gi\u1edd \u0111\u00e3 s\u1eb5n s\u00e0ng cho m\u1ed9t ch\u1eb7ng \u0111\u01b0\u1eddng ph\u00e1t tri\u1ec3n m\u1edbi. V\u00e0 ch\u00fang t\u00f4i mu\u1ed1n ho\u00e0n thi\u1ec7n m\u00ecnh trong s\u1ef1 c\u1ea7u th\u1ecb v\u00e0 c\u1ea9n tr\u1ecdng. T\u1ea5t c\u1ea3 v\u00ec m\u1ed9t gia s\u1ea3n s\u00e1ch to l\u1edbn, c\u00f3 s\u1ee9c s\u1ed1ng d\u00e0i l\u00e2u, c\u00f3 \u00fd ngh\u0129a v\u1edbi nhi\u1ec1u th\u1ebf h\u1ec7 b\u1ea1n \u0111\u1ecdc.<br \/>B\u1edfi v\u00ec s\u00e1ch l\u00e0 th\u1ebf gi\u1edbi.<\/p>\n<p><strong>\u0110\u00e2y l\u00e0 m\u1ed9t nh\u00e0 ph\u00e1t h\u00e0nh s\u00e1ch m\u00e0 SACHVIET.EU r\u1ea5t y\u00eau th\u00edch v\u00e0 tin t\u01b0\u1edfng. Nh\u00ecn \u0111\u01b0\u1ee3c t\u1ea7m \u1ea3nh h\u01b0\u1edfng c\u1ee7a Nh\u00e3 Nam qua t\u1eebng cu\u1ed1n s\u00e1ch, SACHVIET.EU li\u00ean h\u1ec7 h\u1ee3p t\u00e1c ngay v\u1edbi Nh\u00e3 Nam \u0111\u1ec3 \u0111em to\u00e0n b\u1ed9 nh\u1eefng t\u00e1c ph\u1ea9m m\u1edbi, hay nh\u1ea5t m\u00e0 Nh\u00e3 Nam c\u00f3 sang Ch\u00e2u \u00c2u, \u0111\u01b0a \u0111\u1ebfn cho \u0111\u1ed9c gi\u1ea3 c\u00f3 nhi\u1ec1u s\u1ef1 l\u1ef1a ch\u1ecdn phong ph\u00fa h\u01a1n c\u1ea3 s\u00e1ch cho tr\u1ebb em l\u1eabn ng\u01b0\u1eddi l\u1edbn.\u00a0<\/strong><\/p>\n\n<!-- \/wp:flatsome\/uxbuilder -->","post_title":"Nh\u00e3 Nam","post_excerpt":"","post_status":"publish","comment_status":"closed","ping_status":"closed","post_password":"","post_name":"nha-nam","to_ping":"","pinged":"","post_modified":"2022-12-19 23:15:33","post_modified_gmt":"2022-12-19 21:15:33","post_content_filtered":"","post_parent":0,"guid":"https:\/\/sachviet.eu\/?post_type=publisher&#038;p=1424","menu_order":0,"post_type":"publisher","post_mime_type":"","comment_count":"0","filter":"raw"}},"_links":{"self":[{"href":"https:\/\/sachviet.eu\/en\/wp-json\/wp\/v2\/product\/13038","targetHints":{"allow":["GET"]}}],"collection":[{"href":"https:\/\/sachviet.eu\/en\/wp-json\/wp\/v2\/product"}],"about":[{"href":"https:\/\/sachviet.eu\/en\/wp-json\/wp\/v2\/types\/product"}],"wp:featuredmedia":[{"embeddable":true,"href":"https:\/\/sachviet.eu\/en\/wp-json\/wp\/v2\/media\/13037"}],"wp:attachment":[{"href":"https:\/\/sachviet.eu\/en\/wp-json\/wp\/v2\/media?parent=13038"}],"wp:term":[{"taxonomy":"product_brand","embeddable":true,"href":"https:\/\/sachviet.eu\/en\/wp-json\/wp\/v2\/product_brand?post=13038"},{"taxonomy":"product_cat","embeddable":true,"href":"https:\/\/sachviet.eu\/en\/wp-json\/wp\/v2\/product_cat?post=13038"},{"taxonomy":"product_tag","embeddable":true,"href":"https:\/\/sachviet.eu\/en\/wp-json\/wp\/v2\/product_tag?post=13038"}],"curies":[{"name":"wp","href":"https:\/\/api.w.org\/{rel}","templated":true}]}}