{"id":13036,"date":"2021-06-11T23:44:19","date_gmt":"2021-06-11T20:44:19","guid":{"rendered":"https:\/\/sachviet.eu\/shop\/mindmap-for-kids-choi-hay-hoc-vui-voi-so-do-tu-duy-set-8-quyen\/"},"modified":"2024-08-23T22:36:52","modified_gmt":"2024-08-23T19:36:52","slug":"mindmap-for-kids-choi-hay-hoc-vui-voi-so-do-tu-duy-set-8-quyen","status":"publish","type":"product","link":"https:\/\/sachviet.eu\/en\/shop\/mindmap-for-kids-choi-hay-hoc-vui-voi-so-do-tu-duy-set-8-quyen\/","title":{"rendered":"Mindmap for kids &#8211; Ch\u01a1i hay, h\u1ecdc vui v\u1edbi s\u01a1 \u0111\u1ed3 t\u01b0 duy &#8211; Set 8 quy\u1ec3n"},"content":{"rendered":"<p>B\u1ed9 s\u00e1ch \u201cMindmap for kids \u2013 Ch\u01a1i hay, h\u1ecdc vui v\u1edbi s\u01a1 \u0111\u1ed3 t\u01b0 duy\u201d g\u1ed3m 08 cu\u1ed1n gi\u00fap tr\u1ebb 4 &#8211; 8 tu\u1ed5i b\u01b0\u1edbc \u0111\u1ea7u l\u00e0m quen v\u1edbi s\u01a1 \u0111\u1ed3 t\u01b0 duy, c\u00e1ch v\u1ebd v\u00e0 t\u1ea1o ra m\u1ed9t s\u01a1 \u0111\u1ed3 t\u01b0 duy \u2013 ph\u01b0\u01a1ng ph\u00e1p ghi ch\u00e9p th\u00f4ng tin, th\u1ec3 hi\u1ec7n \u00fd t\u01b0\u1edfng b\u1eb1ng h\u00ecnh \u1ea3nh, gi\u00fap n\u00e3o b\u1ed9 d\u1ec5 d\u00e0ng ghi nh\u1edb v\u00e0 t\u00ecm ra c\u00e1ch gi\u1ea3i quy\u1ebft v\u1ea5n \u0111\u1ec1 nhanh ch\u00f3ng.<\/p>\n<p>Cu\u1ed1n \u201cT\u01b0 duy logic\u201d gi\u00fap tr\u1ebb v\u1eeba h\u1ecdc v\u1eeba ch\u01a1i v\u1edbi s\u01a1 \u0111\u1ed3 t\u01b0 duy \u0111\u1ed3ng th\u1eddi v\u1eadn d\u1ee5ng s\u01a1 \u0111\u1ed3 t\u01b0 duy, gi\u1ea3i \u0111\u1ed1 c\u00e1c tr\u00f2 ch\u01a1i ph\u00e1t tri\u1ec3n n\u0103ng l\u1ef1c t\u01b0 duy logic. Tr\u1ebb hi\u1ec3u \u0111\u01b0\u1ee3c t\u1ea7m quan tr\u1ecdng c\u1ee7a n\u0103ng l\u1ef1c t\u01b0 duy logic \u2013 ch\u00eca kho\u00e1 gi\u00fap tr\u1ebb t\u00ecm ra m\u1ea5u ch\u1ed1t c\u1ee7a v\u1ea5n \u0111\u1ec1 v\u00e0 c\u00e1ch gi\u1ea3i quy\u1ebft nhanh ch\u00f3ng, d\u1ec5 d\u00e0ng. Tr\u1ebb \u0111\u01b0\u1ee3c ki\u1ec3m tra n\u0103ng l\u1ef1c t\u01b0 duy logic c\u1ee7a m\u00ecnh, luy\u1ec7n t\u1eadp v\u1ebd s\u01a1 \u0111\u1ed3 t\u01b0 duy, h\u00ecnh \u1ea3nh ho\u00e1 nh\u1eefng \u0111i\u1ec1u tr\u1ebb \u0111ang suy ngh\u0129, r\u00e8n luy\u1ec7n n\u0103ng l\u1ef1c t\u01b0 duy logic qua c\u00e1c tr\u00f2 ch\u01a1i th\u00fa v\u1ecb.<\/p>\n<p>C\u00e1c cu\u1ed1n s\u00e1ch thu\u1ed9c b\u1ed9 s\u00e1ch Mindmap for kids \u2013 Ch\u01a1i hay, h\u1ecdc vui v\u1edbi s\u01a1 \u0111\u1ed3 t\u01b0 duy:<\/p>\n<p>1. Kh\u1ea3 n\u0103ng quan s\u00e1t<\/p>\n<p>2. Kh\u1ea3 n\u0103ng t\u1eadp trung<\/p>\n<p>3. Kh\u1ea3 n\u0103ng t\u01b0\u1edfng t\u01b0\u1ee3ng<\/p>\n<p>4. N\u0103ng l\u1ef1c ghi nh\u1edb<\/p>\n<p>5. N\u0103ng l\u1ef1c ph\u00e1n \u0111o\u00e1n<\/p>\n<p>6. N\u0103ng l\u1ef1c s\u00e1ng t\u1ea1o<\/p>\n<p>7. Nh\u1eadn th\u1ee9c kh\u00f4ng gian<\/p>\n<p>8. T\u01b0 duy logic<\/p>\n","protected":false},"excerpt":{"rendered":"<p>B\u1ed9 s\u00e1ch \u201cMindmap for kids \u2013 Ch\u01a1i hay, h\u1ecdc vui v\u1edbi s\u01a1 \u0111\u1ed3 t\u01b0 duy\u201d g\u1ed3m 08 cu\u1ed1n gi\u00fap tr\u1ebb 4 &#8211; 8 tu\u1ed5i b\u01b0\u1edbc \u0111\u1ea7u l\u00e0m quen v\u1edbi s\u01a1 \u0111\u1ed3 t\u01b0 duy, c\u00e1ch v\u1ebd v\u00e0 t\u1ea1o ra m\u1ed9t s\u01a1 \u0111\u1ed3 t\u01b0 duy \u2013 ph\u01b0\u01a1ng ph\u00e1p ghi ch\u00e9p th\u00f4ng tin, th\u1ec3 hi\u1ec7n \u00fd t\u01b0\u1edfng b\u1eb1ng h\u00ecnh \u1ea3nh, gi\u00fap n\u00e3o b\u1ed9 d\u1ec5 d\u00e0ng ghi nh\u1edb v\u00e0 t\u00ecm ra c\u00e1ch gi\u1ea3i quy\u1ebft v\u1ea5n \u0111\u1ec1 nhanh ch\u00f3ng.<\/p>\n<p>Cu\u1ed1n \u201cT\u01b0 duy logic\u201d gi\u00fap tr\u1ebb v\u1eeba h\u1ecdc v\u1eeba ch\u01a1i v\u1edbi s\u01a1 \u0111\u1ed3 t\u01b0 duy \u0111\u1ed3ng th\u1eddi v\u1eadn d\u1ee5ng s\u01a1 \u0111\u1ed3 t\u01b0 duy, gi\u1ea3i \u0111\u1ed1 c\u00e1c tr\u00f2 ch\u01a1i ph\u00e1t tri\u1ec3n n\u0103ng l\u1ef1c t\u01b0 duy logic. Tr\u1ebb hi\u1ec3u \u0111\u01b0\u1ee3c t\u1ea7m quan tr\u1ecdng c\u1ee7a n\u0103ng l\u1ef1c t\u01b0 duy logic \u2013 ch\u00eca kho\u00e1 gi\u00fap tr\u1ebb t\u00ecm ra m\u1ea5u ch\u1ed1t c\u1ee7a v\u1ea5n \u0111\u1ec1 v\u00e0 c\u00e1ch gi\u1ea3i quy\u1ebft nhanh ch\u00f3ng, d\u1ec5 d\u00e0ng. Tr\u1ebb \u0111\u01b0\u1ee3c ki\u1ec3m tra n\u0103ng l\u1ef1c t\u01b0 duy logic c\u1ee7a m\u00ecnh, luy\u1ec7n t\u1eadp v\u1ebd s\u01a1 \u0111\u1ed3 t\u01b0 duy, h\u00ecnh \u1ea3nh ho\u00e1 nh\u1eefng \u0111i\u1ec1u tr\u1ebb \u0111ang suy ngh\u0129, r\u00e8n luy\u1ec7n n\u0103ng l\u1ef1c t\u01b0 duy logic qua c\u00e1c tr\u00f2 ch\u01a1i th\u00fa v\u1ecb.<\/p>\n<p>C\u00e1c cu\u1ed1n s\u00e1ch thu\u1ed9c b\u1ed9 s\u00e1ch Mindmap for kids \u2013 Ch\u01a1i hay, h\u1ecdc vui v\u1edbi s\u01a1 \u0111\u1ed3 t\u01b0 duy:<\/p>\n<p>1. Kh\u1ea3 n\u0103ng quan s\u00e1t<\/p>\n<p>2. Kh\u1ea3 n\u0103ng t\u1eadp trung<\/p>\n<p>3. Kh\u1ea3 n\u0103ng t\u01b0\u1edfng t\u01b0\u1ee3ng<\/p>\n<p>4. N\u0103ng l\u1ef1c ghi nh\u1edb<\/p>\n<p>5. N\u0103ng l\u1ef1c ph\u00e1n \u0111o\u00e1n<\/p>\n<p>6. N\u0103ng l\u1ef1c s\u00e1ng t\u1ea1o<\/p>\n<p>7. Nh\u1eadn th\u1ee9c kh\u00f4ng gian<\/p>\n<p>8. T\u01b0 duy logic<\/p>\n","protected":false},"featured_media":13027,"template":"","meta":{"_acf_changed":false},"product_brand":[],"product_cat":[20,17,26],"product_tag":[],"class_list":{"0":"post-13036","1":"product","2":"type-product","3":"status-publish","4":"has-post-thumbnail","6":"product_cat-be-vua-hoc-vua-choi","7":"product_cat-sach-danh-cho-cac-be","8":"product_cat-thieu-nien-11-tuoi-18-tuoi","10":"first","11":"instock","12":"taxable","13":"shipping-taxable","14":"purchasable","15":"product-type-simple"},"supplier_id":null,"supplier_sku":"","barcode":null,"atum_controlled":true,"out_stock_date":null,"out_stock_threshold":null,"inheritable":false,"inbound_stock":0,"stock_on_hold":0,"sold_today":0,"sales_last_days":0,"reserved_stock":0,"customer_returns":0,"warehouse_damage":0,"lost_in_post":0,"other_logs":0,"out_stock_days":0,"lost_sales":0,"has_location":false,"update_date":"2026-01-28T23:11:23","atum_locations":[],"atum_stock_status":"instock","restock_status":false,"low_stock_amount":"","sales_update_date":"2026-01-28T23:11:23","calc_backorders":null,"acf":{"publisher":{"ID":9745,"post_author":"1","post_date":"2021-06-02 01:36:43","post_date_gmt":"2021-06-01 22:36:43","post_content":"","post_title":"ADC","post_excerpt":"","post_status":"publish","comment_status":"closed","ping_status":"closed","post_password":"","post_name":"adc","to_ping":"","pinged":"","post_modified":"2021-06-02 01:36:43","post_modified_gmt":"2021-06-01 22:36:43","post_content_filtered":"","post_parent":0,"guid":"https:\/\/sachviet.eu\/nha-phat-hanh\/adc\/","menu_order":0,"post_type":"publisher","post_mime_type":"","comment_count":"0","filter":"raw"}},"_links":{"self":[{"href":"https:\/\/sachviet.eu\/en\/wp-json\/wp\/v2\/product\/13036","targetHints":{"allow":["GET"]}}],"collection":[{"href":"https:\/\/sachviet.eu\/en\/wp-json\/wp\/v2\/product"}],"about":[{"href":"https:\/\/sachviet.eu\/en\/wp-json\/wp\/v2\/types\/product"}],"wp:featuredmedia":[{"embeddable":true,"href":"https:\/\/sachviet.eu\/en\/wp-json\/wp\/v2\/media\/13027"}],"wp:attachment":[{"href":"https:\/\/sachviet.eu\/en\/wp-json\/wp\/v2\/media?parent=13036"}],"wp:term":[{"taxonomy":"product_brand","embeddable":true,"href":"https:\/\/sachviet.eu\/en\/wp-json\/wp\/v2\/product_brand?post=13036"},{"taxonomy":"product_cat","embeddable":true,"href":"https:\/\/sachviet.eu\/en\/wp-json\/wp\/v2\/product_cat?post=13036"},{"taxonomy":"product_tag","embeddable":true,"href":"https:\/\/sachviet.eu\/en\/wp-json\/wp\/v2\/product_tag?post=13036"}],"curies":[{"name":"wp","href":"https:\/\/api.w.org\/{rel}","templated":true}]}}