{"id":13021,"date":"2021-06-11T23:43:44","date_gmt":"2021-06-11T20:43:44","guid":{"rendered":"https:\/\/sachviet.eu\/shop\/nhat-ky-the-gioi-con-trung-phan-2-set-10-quyen\/"},"modified":"2022-12-09T13:20:07","modified_gmt":"2022-12-09T11:20:07","slug":"nhat-ky-the-gioi-con-trung-phan-2-set-10-quyen","status":"publish","type":"product","link":"https:\/\/sachviet.eu\/en\/shop\/nhat-ky-the-gioi-con-trung-phan-2-set-10-quyen\/","title":{"rendered":"Nh\u1eadt k\u00fd th\u1ebf gi\u1edbi c\u00f4n tr\u00f9ng &#8211; Set 10 quy\u1ec3n &#8211; B\u1ea3n m\u1edbi"},"content":{"rendered":"<p>Nh\u1eefng ng\u00e0y ngh\u1ec9 d\u00e0i nh\u01b0 th\u1ebf n\u00e0y vi\u1ebft nh\u1eadt k\u00ed l\u00e0 m\u1ed9t l\u1ef1a ch\u1ecdn kh\u00e1 th\u00fa v\u1ecb. Nh\u1eadt k\u00ed th\u00ec kh\u00f4ng nh\u1ea5t \u0111\u1ecbnh ph\u1ea3i l\u00e0 \u201cng\u00e0y ch\u1edd th\u00e1ng nh\u1edb n\u0103m mong\u201d hay l\u00e0 \u201ch\u00f4m nay tr\u1eddi nh\u1eb9 l\u00ean cao\/t\u00f4i bu\u1ed3n kh\u00f4ng hi\u1ec3u v\u00ec sao t\u00f4i bu\u1ed3n\u201d.<br \/>\nM\u00e0 c\u00f3 th\u1ec3 l\u00e0 nh\u1eadt k\u00ed quan s\u00e1t 1 c\u00e1i c\u00e2y. Nh\u1eadt kia quan s\u00e1t m\u1ed9t con c\u00f4n tr\u00f9ng. Nh\u1eadt k\u00ed \u0111\u1ecdc s\u00e1ch. Nh\u1eadt k\u00ed n\u1ea5u \u0103n&#8230;..<br \/>\nVi\u1ec7c vi\u1ebft nh\u1eadt k\u00ed n\u00e0y v\u1eeba vui, v\u1eeba gi\u00fap ng\u01b0\u1eddi vi\u1ebft duy tr\u00ec m\u1ed9t th\u1eddi gian bi\u1ec3u \u0111\u1ec1u \u0111\u1eb7n, t\u0103ng kh\u1ea3 n\u0103ng quan s\u00e1t, n\u0103ng l\u1ef1c ghi ch\u00e9p v\u00e0 k\u1ef9 n\u0103ng tr\u00ecnh b\u00e0y&#8230;..<br \/>\nB\u00e9 c\u00f3 th\u1ec3 tham kh\u1ea3o nh\u1eadt k\u00ed c\u1ee7a c\u00e1c b\u1ea1n c\u00f4n tr\u00f9ng nh\u00e9.<br \/>\n\u0110\u00e2y l\u00e0 b\u1ed9 NH\u1eacT K\u00cd TH\u1ebe GI\u1edaI C\u00d4N TR\u00d9NG ph\u1ea7n 2, g\u1ed3m 10 cu\u1ed1n. N\u1ebfu b\u1ea1n ch\u01b0a c\u00f3 ph\u1ea7n 1 th\u00ec n\u00ean l\u1ea5y n\u1ed1t c\u1ea3 ph\u1ea7n 1 \u0111i, v\u00ec b\u1ed9 n\u00e0y si\u00eau y\u00eau.<br \/>\nTuy nhi\u00ean, m\u00ecnh v\u1eabn ch\u01b0a hi\u1ec3u sao trong b\u1ed9 Nh\u1eadt k\u00ed th\u1ebf gi\u1edbi c\u00f4n tr\u00f9ng l\u1ea1i c\u00f3 Th\u1ea1ch s\u00f9ng. Hay v\u00ec th\u1ea1ch s\u00f9ng \u0103n c\u00f4n tr\u00f9ng ch\u0103ng \ud83d\ude00<\/p>\n","protected":false},"excerpt":{"rendered":"<p>Nh\u1eefng ng\u00e0y ngh\u1ec9 d\u00e0i nh\u01b0 th\u1ebf n\u00e0y vi\u1ebft nh\u1eadt k\u00ed l\u00e0 m\u1ed9t l\u1ef1a ch\u1ecdn kh\u00e1 th\u00fa v\u1ecb. Nh\u1eadt k\u00ed th\u00ec kh\u00f4ng nh\u1ea5t \u0111\u1ecbnh ph\u1ea3i l\u00e0 \u201cng\u00e0y ch\u1edd th\u00e1ng nh\u1edb n\u0103m mong\u201d hay l\u00e0 \u201ch\u00f4m nay tr\u1eddi nh\u1eb9 l\u00ean cao\/t\u00f4i bu\u1ed3n kh\u00f4ng hi\u1ec3u v\u00ec sao t\u00f4i bu\u1ed3n\u201d.<br \/>\nM\u00e0 c\u00f3 th\u1ec3 l\u00e0 nh\u1eadt k\u00ed quan s\u00e1t 1 c\u00e1i c\u00e2y. Nh\u1eadt kia quan s\u00e1t m\u1ed9t con c\u00f4n tr\u00f9ng. Nh\u1eadt k\u00ed \u0111\u1ecdc s\u00e1ch. Nh\u1eadt k\u00ed n\u1ea5u \u0103n&#8230;..<br \/>\nVi\u1ec7c vi\u1ebft nh\u1eadt k\u00ed n\u00e0y v\u1eeba vui, v\u1eeba gi\u00fap ng\u01b0\u1eddi vi\u1ebft duy tr\u00ec m\u1ed9t th\u1eddi gian bi\u1ec3u \u0111\u1ec1u \u0111\u1eb7n, t\u0103ng kh\u1ea3 n\u0103ng quan s\u00e1t, n\u0103ng l\u1ef1c ghi ch\u00e9p v\u00e0 k\u1ef9 n\u0103ng tr\u00ecnh b\u00e0y&#8230;..<br \/>\nB\u00e9 c\u00f3 th\u1ec3 tham kh\u1ea3o nh\u1eadt k\u00ed c\u1ee7a c\u00e1c b\u1ea1n c\u00f4n tr\u00f9ng nh\u00e9.<br \/>\n\u0110\u00e2y l\u00e0 b\u1ed9 NH\u1eacT K\u00cd TH\u1ebe GI\u1edaI C\u00d4N TR\u00d9NG ph\u1ea7n 2, g\u1ed3m 10 cu\u1ed1n. N\u1ebfu b\u1ea1n ch\u01b0a c\u00f3 ph\u1ea7n 1 th\u00ec n\u00ean l\u1ea5y n\u1ed1t c\u1ea3 ph\u1ea7n 1 \u0111i, v\u00ec b\u1ed9 n\u00e0y si\u00eau y\u00eau.<br \/>\nTuy nhi\u00ean, m\u00ecnh v\u1eabn ch\u01b0a hi\u1ec3u sao trong b\u1ed9 Nh\u1eadt k\u00ed th\u1ebf gi\u1edbi c\u00f4n tr\u00f9ng l\u1ea1i c\u00f3 Th\u1ea1ch s\u00f9ng. Hay v\u00ec th\u1ea1ch s\u00f9ng \u0103n c\u00f4n tr\u00f9ng ch\u0103ng \ud83d\ude00<\/p>\n","protected":false},"featured_media":13078,"template":"","meta":{"_acf_changed":false},"product_brand":[],"product_cat":[17,25,26],"product_tag":[],"class_list":{"0":"post-13021","1":"product","2":"type-product","3":"status-publish","4":"has-post-thumbnail","6":"product_cat-sach-danh-cho-cac-be","7":"product_cat-nhi-dong-6-tuoi-12-tuoi","8":"product_cat-thieu-nien-11-tuoi-18-tuoi","10":"first","11":"instock","12":"taxable","13":"shipping-taxable","14":"purchasable","15":"product-type-simple"},"supplier_id":null,"supplier_sku":"","barcode":null,"atum_controlled":true,"out_stock_date":null,"out_stock_threshold":null,"inheritable":false,"inbound_stock":0,"stock_on_hold":0,"sold_today":0,"sales_last_days":0,"reserved_stock":0,"customer_returns":0,"warehouse_damage":0,"lost_in_post":0,"other_logs":0,"out_stock_days":0,"lost_sales":0,"has_location":false,"update_date":"2026-01-28T23:10:52","atum_locations":[],"atum_stock_status":"instock","restock_status":false,"low_stock_amount":"","sales_update_date":"2026-01-28T23:10:52","calc_backorders":null,"acf":{"publisher":{"ID":1454,"post_author":"1","post_date":"2021-02-17 01:11:34","post_date_gmt":"2021-02-16 23:11:34","post_content":"<!-- wp:flatsome\/uxbuilder -->\n<h1 style=\"text-align: center;\"><strong>Kim \u0110\u1ed3ng<\/strong><\/h1>\n[row]\n\n[col span=\"3\" span__sm=\"12\"]\n\n[ux_image id=\"1534\" image_size=\"medium\"]\n\n\n[\/col]\n[col span=\"9\" span__sm=\"12\"]\n\n<p>Nh\u00e0 xu\u1ea5t b\u1ea3n Kim \u0110\u1ed3ng tr\u1ef1c thu\u1ed9c Trung \u01b0\u01a1ng \u0110o\u00e0n TNCS H\u1ed3 Ch\u00ed Minh l\u00e0 Nh\u00e0 xu\u1ea5t b\u1ea3n t\u1ed5ng h\u1ee3p c\u00f3 ch\u1ee9c n\u0103ng xu\u1ea5t b\u1ea3n s\u00e1ch v\u00e0 v\u0103n h\u00f3a ph\u1ea9m ph\u1ee5c v\u1ee5 thi\u1ebfu nhi v\u00e0 c\u00e1c b\u1eadc ph\u1ee5 huynh trong c\u1ea3 n\u01b0\u1edbc, qu\u1ea3ng b\u00e1 v\u00e0 gi\u1edbi thi\u1ec7u v\u0103n h\u00f3a Vi\u1ec7t Nam ra th\u1ebf gi\u1edbi.<br \/>Nh\u00e0 xu\u1ea5t b\u1ea3n c\u00f3 nhi\u1ec7m v\u1ee5 t\u1ed5 ch\u1ee9c b\u1ea3n th\u1ea3o, bi\u00ean so\u1ea1n, bi\u00ean d\u1ecbch, xu\u1ea5t b\u1ea3n v\u00e0 ph\u00e1t h\u00e0nh c\u00e1c xu\u1ea5t b\u1ea3n ph\u1ea9m c\u00f3 n\u1ed9i dung: gi\u00e1o d\u1ee5c truy\u1ec1n th\u1ed1ng d\u00e2n t\u1ed9c, gi\u00e1o d\u1ee5c v\u1ec1 tri th\u1ee9c, ki\u1ebfn th\u1ee9c\u2026 tr\u00ean c\u00e1c l\u0129nh v\u1ef1c v\u0103n h\u1ecdc, ngh\u1ec7 thu\u1eadt, khoa h\u1ecdc k\u1ef9 thu\u1eadt nh\u1eb1m cung c\u1ea5p cho c\u00e1c em thi\u1ebfu nhi c\u0169ng nh\u01b0 c\u00e1c b\u1eadc ph\u1ee5 huynh c\u00e1c ki\u1ebfn th\u1ee9c c\u1ea7n thi\u1ebft trong cu\u1ed9c s\u1ed1ng, nh\u1eefng tinh hoa c\u1ee7a tri th\u1ee9c nh\u00e2n lo\u1ea1i nh\u1eb1m g\u00f3p ph\u1ea7n gi\u00e1o d\u1ee5c v\u00e0 h\u00ecnh th\u00e0nh nh\u00e2n c\u00e1ch th\u1ebf h\u1ec7 tr\u1ebb.<br \/>\u0110\u1ed1i t\u01b0\u1ee3ng ph\u1ee5c v\u1ee5 c\u1ee7a Nh\u00e0 xu\u1ea5t b\u1ea3n l\u00e0 c\u00e1c em t\u1eeb tu\u1ed5i nh\u00e0 tr\u1ebb m\u1eabu gi\u00e1o (1 \u0111\u1ebfn 5 tu\u1ed5i), nhi \u0111\u1ed3ng (6 \u0111\u1ebfn 9 tu\u1ed5i), thi\u1ebfu ni\u00ean (10 \u0111\u1ebfn 15 tu\u1ed5i) \u0111\u1ebfn c\u00e1c em tu\u1ed5i m\u1edbi l\u1edbn (16 \u0111\u1ebfn 18 tu\u1ed5i) v\u00e0 c\u00e1c b\u1eadc ph\u1ee5 huynh.<\/p>\n\n[\/col]\n\n[\/row]\n\n<!-- \/wp:flatsome\/uxbuilder -->","post_title":"Kim \u0110\u1ed3ng","post_excerpt":"","post_status":"publish","comment_status":"closed","ping_status":"closed","post_password":"","post_name":"kim-dong","to_ping":"","pinged":"","post_modified":"2021-02-17 01:31:56","post_modified_gmt":"2021-02-16 23:31:56","post_content_filtered":"","post_parent":0,"guid":"https:\/\/sachviet.eu\/nha-phat-hanh\/kim-dong\/","menu_order":0,"post_type":"publisher","post_mime_type":"","comment_count":"0","filter":"raw"}},"_links":{"self":[{"href":"https:\/\/sachviet.eu\/en\/wp-json\/wp\/v2\/product\/13021","targetHints":{"allow":["GET"]}}],"collection":[{"href":"https:\/\/sachviet.eu\/en\/wp-json\/wp\/v2\/product"}],"about":[{"href":"https:\/\/sachviet.eu\/en\/wp-json\/wp\/v2\/types\/product"}],"wp:featuredmedia":[{"embeddable":true,"href":"https:\/\/sachviet.eu\/en\/wp-json\/wp\/v2\/media\/13078"}],"wp:attachment":[{"href":"https:\/\/sachviet.eu\/en\/wp-json\/wp\/v2\/media?parent=13021"}],"wp:term":[{"taxonomy":"product_brand","embeddable":true,"href":"https:\/\/sachviet.eu\/en\/wp-json\/wp\/v2\/product_brand?post=13021"},{"taxonomy":"product_cat","embeddable":true,"href":"https:\/\/sachviet.eu\/en\/wp-json\/wp\/v2\/product_cat?post=13021"},{"taxonomy":"product_tag","embeddable":true,"href":"https:\/\/sachviet.eu\/en\/wp-json\/wp\/v2\/product_tag?post=13021"}],"curies":[{"name":"wp","href":"https:\/\/api.w.org\/{rel}","templated":true}]}}