{"id":13020,"date":"2021-06-11T23:43:41","date_gmt":"2021-06-11T20:43:41","guid":{"rendered":"https:\/\/sachviet.eu\/shop\/arty-mouse-giup-tre-hoc-tap-dau-doi-thong-qua-my-thuat-do-theo-net\/"},"modified":"2022-12-08T19:31:50","modified_gmt":"2022-12-08T17:31:50","slug":"arty-mouse-giup-tre-hoc-tap-dau-doi-thong-qua-my-thuat-do-theo-net","status":"publish","type":"product","link":"https:\/\/sachviet.eu\/en\/shop\/arty-mouse-giup-tre-hoc-tap-dau-doi-thong-qua-my-thuat-do-theo-net\/","title":{"rendered":"Arty Mouse &#8211; Gi\u00fap Tr\u1ebb H\u1ecdc T\u1eadp \u0110\u1ea7u \u0110\u1eddi Th\u00f4ng Qua M\u1ef9 Thu\u1eadt &#8211; \u0110\u1ed2 THEO N\u00c9T"},"content":{"rendered":"<p>Vi\u1ec7c vui ch\u01a1i m\u1ed9t c\u00e1ch s\u00e1ng t\u1ea1o l\u00e0 m\u1ed9t ph\u1ea7n quan tr\u1ecdng trong s\u1ef1 ph\u00e1t tri\u1ec3n c\u1ee7a con b\u1ea1n. Do \u0111\u00f3, h\u00e3y mang \u0111\u1ebfn cho tr\u1ebb m\u1ed9t s\u1ef1 kh\u1edfi \u0111\u1ea7u thu\u1eadn l\u1ee3i v\u1edbi s\u1ef1 gi\u00fap \u0111\u1ee1 c\u1ee7a chu\u1ed9t Arty v\u00e0 nh\u1eefng ng\u01b0\u1eddi b\u1ea1n \u0111\u1ea7y m\u00e0u s\u1eafc c\u1ee7a c\u1eadu \u1ea5y.<\/p>\n<p>Trong cu\u1ed1n s\u00e1ch d\u00f9ng \u0111\u1ec3 \u0111\u1ed3 theo n\u00e9t n\u00e0y, Chu\u1ed9t Arty s\u1ebd gi\u1edbi thi\u1ec7u ho\u1ea1t \u0111\u1ed9ng s\u00e1ng t\u1ea1o vui nh\u1ed9n \u0111\u1ec3 con b\u1ea1n c\u00f3 th\u1ec3 ph\u00e1t tri\u1ec3n nh\u1eefng k\u1ef9 n\u0103ng v\u1eadn \u0111\u1ed9ng tinh v\u00e0 chu\u1ea9n b\u1ecb s\u1eb5n s\u00e0ng cho vi\u1ec7c h\u1ecdc vi\u1ebft.<\/p>\n<p>H\u00e3y b\u1eaft \u0111\u1ea7u b\u1eb1ng c\u00e1ch \u0111\u1ed3ng h\u00e0nh c\u00f9ng con \u0111\u1ec3 kh\u00e1m ph\u00e1 cu\u1ed1n s\u00e1ch n\u00e0y. H\u00e3y \u0111\u1ecdc c\u00e1c t\u1eeb v\u00e0 tr\u00f2 chuy\u1ec7n v\u1ec1 nh\u1eefng b\u1ee9c tranh, sau \u0111\u00f3 khuy\u1ebfn kh\u00edch tr\u1ebb ho\u00e0n th\u00e0nh t\u1eebng ho\u1ea1t \u0111\u1ed9ng m\u1ed9t. C\u00f3 r\u1ea5t nhi\u1ec1u b\u1ee9c tranh \u0111\u1ec3 tr\u1ebb ho\u00e0n th\u00e0nh b\u1eb1ng c\u00e1ch \u0111\u1ed3 theo nh\u1eefng \u0111\u01b0\u1eddng th\u1eb3ng \u0111\u1ee9ng, \u0111\u01b0\u1eddng ngang v\u00e0 \u0111\u01b0\u1eddng cong \u2013 t\u1ea5t c\u1ea3 \u0111\u1ec1u l\u00e0 nh\u1eefng k\u1ef9 n\u0103ng v\u1eadn \u0111\u1ed9ng quan tr\u1ecdng \u0111\u1ec3 tr\u1ebb chu\u1ea9n b\u1ecb h\u1ecdc vi\u1ebft. Khi th\u1ea5y m\u1ed9t \u0111\u01b0\u1eddng ch\u1ea5m th\u00ec \u0111i\u1ec1u \u0111\u00f3 c\u00f3 ngh\u0129a l\u00e0 tr\u1ebb c\u00f3 th\u1ec3 \u0111\u1ed3 l\u00ean \u0111\u00f3 \u0111\u1ec3 ho\u00e0n th\u00e0nh m\u1ed9t b\u1ee9c tranh. C\u00e1c b\u1ea1n nh\u1ecf s\u1ebd s\u1edbm ph\u00e1t tri\u1ec3n \u0111\u01b0\u1ee3c s\u1ef1 t\u1ef1 tin \u0111\u1ec3 t\u1ef1 kh\u00e1m ph\u00e1 m\u1ed9t m\u00ecnh!<\/p>\n<p>&#8211; Tu\u1ed5i 3+ Tr\u1ebb t\u1eadp c\u1ea7m b\u00fat v\u00e0 \u0111\u1ed3 l\u00ean nh\u1eefng \u0111\u01b0\u1eddng ch\u1ea5m tr\u00ean trang gi\u1ea5y v\u1edbi s\u1ef1 gi\u00fap \u0111\u1ee1 c\u1ee7a ng\u01b0\u1eddi l\u1edbn.<\/p>\n<p>&#8211; Tu\u1ed5i 4+ Bi\u1ebft c\u1ea7m vi\u1ebft v\u00e0 \u0111\u1ed3 l\u00ean c\u00e1c \u0111\u01b0\u1eddng ch\u1ea5m m\u00e0 kh\u00f4ng c\u1ea7n \u0111\u1ebfn s\u1ef1 tr\u1ee3 gi\u00fap.<\/p>\n<p>&#8211; Tu\u1ed5i 5+ Ph\u00e1t tri\u1ec3n c\u00e1c k\u1ef9 n\u0103ng v\u1eadn \u0111\u1ed9ng tinh b\u1eb1ng c\u00e1ch ho\u00e0n th\u00e0nh c\u00e1c ho\u1ea1t \u0111\u1ed9ng m\u00e0 kh\u00f4ng c\u1ea7n s\u1ef1 h\u1ed7 tr\u1ee3 v\u00e0 s\u1eed d\u1ee5ng c\u00e1c k\u1ef9 n\u0103ng \u0111\u1ed3 theo n\u00e9t \u0111\u00e3 h\u1ecdc \u0111\u01b0\u1ee3c \u0111\u1ec3 v\u1ebd c\u00e1c b\u1ee9c tranh kh\u00f4ng c\u00f3 trong s\u00e1ch.<\/p>\n","protected":false},"excerpt":{"rendered":"<p>Vi\u1ec7c vui ch\u01a1i m\u1ed9t c\u00e1ch s\u00e1ng t\u1ea1o l\u00e0 m\u1ed9t ph\u1ea7n quan tr\u1ecdng trong s\u1ef1 ph\u00e1t tri\u1ec3n c\u1ee7a con b\u1ea1n. Do \u0111\u00f3, h\u00e3y mang \u0111\u1ebfn cho tr\u1ebb m\u1ed9t s\u1ef1 kh\u1edfi \u0111\u1ea7u thu\u1eadn l\u1ee3i v\u1edbi s\u1ef1 gi\u00fap \u0111\u1ee1 c\u1ee7a chu\u1ed9t Arty v\u00e0 nh\u1eefng ng\u01b0\u1eddi b\u1ea1n \u0111\u1ea7y m\u00e0u s\u1eafc c\u1ee7a c\u1eadu \u1ea5y.<\/p>\n<p>Trong cu\u1ed1n s\u00e1ch d\u00f9ng \u0111\u1ec3 \u0111\u1ed3 theo n\u00e9t n\u00e0y, Chu\u1ed9t Arty s\u1ebd gi\u1edbi thi\u1ec7u ho\u1ea1t \u0111\u1ed9ng s\u00e1ng t\u1ea1o vui nh\u1ed9n \u0111\u1ec3 con b\u1ea1n c\u00f3 th\u1ec3 ph\u00e1t tri\u1ec3n nh\u1eefng k\u1ef9 n\u0103ng v\u1eadn \u0111\u1ed9ng tinh v\u00e0 chu\u1ea9n b\u1ecb s\u1eb5n s\u00e0ng cho vi\u1ec7c h\u1ecdc vi\u1ebft.<\/p>\n<p>H\u00e3y b\u1eaft \u0111\u1ea7u b\u1eb1ng c\u00e1ch \u0111\u1ed3ng h\u00e0nh c\u00f9ng con \u0111\u1ec3 kh\u00e1m ph\u00e1 cu\u1ed1n s\u00e1ch n\u00e0y. H\u00e3y \u0111\u1ecdc c\u00e1c t\u1eeb v\u00e0 tr\u00f2 chuy\u1ec7n v\u1ec1 nh\u1eefng b\u1ee9c tranh, sau \u0111\u00f3 khuy\u1ebfn kh\u00edch tr\u1ebb ho\u00e0n th\u00e0nh t\u1eebng ho\u1ea1t \u0111\u1ed9ng m\u1ed9t. C\u00f3 r\u1ea5t nhi\u1ec1u b\u1ee9c tranh \u0111\u1ec3 tr\u1ebb ho\u00e0n th\u00e0nh b\u1eb1ng c\u00e1ch \u0111\u1ed3 theo nh\u1eefng \u0111\u01b0\u1eddng th\u1eb3ng \u0111\u1ee9ng, \u0111\u01b0\u1eddng ngang v\u00e0 \u0111\u01b0\u1eddng cong \u2013 t\u1ea5t c\u1ea3 \u0111\u1ec1u l\u00e0 nh\u1eefng k\u1ef9 n\u0103ng v\u1eadn \u0111\u1ed9ng quan tr\u1ecdng \u0111\u1ec3 tr\u1ebb chu\u1ea9n b\u1ecb h\u1ecdc vi\u1ebft. Khi th\u1ea5y m\u1ed9t \u0111\u01b0\u1eddng ch\u1ea5m th\u00ec \u0111i\u1ec1u \u0111\u00f3 c\u00f3 ngh\u0129a l\u00e0 tr\u1ebb c\u00f3 th\u1ec3 \u0111\u1ed3 l\u00ean \u0111\u00f3 \u0111\u1ec3 ho\u00e0n th\u00e0nh m\u1ed9t b\u1ee9c tranh. C\u00e1c b\u1ea1n nh\u1ecf s\u1ebd s\u1edbm ph\u00e1t tri\u1ec3n \u0111\u01b0\u1ee3c s\u1ef1 t\u1ef1 tin \u0111\u1ec3 t\u1ef1 kh\u00e1m ph\u00e1 m\u1ed9t m\u00ecnh!<\/p>\n<p>&#8211; Tu\u1ed5i 3+ Tr\u1ebb t\u1eadp c\u1ea7m b\u00fat v\u00e0 \u0111\u1ed3 l\u00ean nh\u1eefng \u0111\u01b0\u1eddng ch\u1ea5m tr\u00ean trang gi\u1ea5y v\u1edbi s\u1ef1 gi\u00fap \u0111\u1ee1 c\u1ee7a ng\u01b0\u1eddi l\u1edbn.<\/p>\n<p>&#8211; Tu\u1ed5i 4+ Bi\u1ebft c\u1ea7m vi\u1ebft v\u00e0 \u0111\u1ed3 l\u00ean c\u00e1c \u0111\u01b0\u1eddng ch\u1ea5m m\u00e0 kh\u00f4ng c\u1ea7n \u0111\u1ebfn s\u1ef1 tr\u1ee3 gi\u00fap.<\/p>\n<p>&#8211; Tu\u1ed5i 5+ Ph\u00e1t tri\u1ec3n c\u00e1c k\u1ef9 n\u0103ng v\u1eadn \u0111\u1ed9ng tinh b\u1eb1ng c\u00e1ch ho\u00e0n th\u00e0nh c\u00e1c ho\u1ea1t \u0111\u1ed9ng m\u00e0 kh\u00f4ng c\u1ea7n s\u1ef1 h\u1ed7 tr\u1ee3 v\u00e0 s\u1eed d\u1ee5ng c\u00e1c k\u1ef9 n\u0103ng \u0111\u1ed3 theo n\u00e9t \u0111\u00e3 h\u1ecdc \u0111\u01b0\u1ee3c \u0111\u1ec3 v\u1ebd c\u00e1c b\u1ee9c tranh kh\u00f4ng c\u00f3 trong s\u00e1ch.<\/p>\n","protected":false},"featured_media":13108,"template":"","meta":{"_acf_changed":false},"product_brand":[],"product_cat":[20],"product_tag":[],"class_list":{"0":"post-13020","1":"product","2":"type-product","3":"status-publish","4":"has-post-thumbnail","6":"product_cat-be-vua-hoc-vua-choi","8":"first","9":"instock","10":"taxable","11":"shipping-taxable","12":"purchasable","13":"product-type-simple"},"supplier_id":null,"supplier_sku":"","barcode":null,"atum_controlled":true,"out_stock_date":null,"out_stock_threshold":null,"inheritable":false,"inbound_stock":0,"stock_on_hold":0,"sold_today":0,"sales_last_days":0,"reserved_stock":0,"customer_returns":0,"warehouse_damage":0,"lost_in_post":0,"other_logs":0,"out_stock_days":0,"lost_sales":0,"has_location":false,"update_date":"2026-01-28T23:10:52","atum_locations":[],"atum_stock_status":"instock","restock_status":false,"low_stock_amount":"","sales_update_date":"2026-01-28T23:10:52","calc_backorders":null,"acf":{"publisher":{"ID":9147,"post_author":"2","post_date":"2021-05-20 21:06:21","post_date_gmt":"2021-05-20 18:06:21","post_content":"<!-- wp:html \/-->\n\n<!-- wp:image {\"align\":\"center\",\"id\":9152,\"sizeSlug\":\"large\",\"linkDestination\":\"media\"} -->\n<div class=\"wp-block-image\"><figure class=\"aligncenter size-large\"><a href=\"https:\/\/sachviet.eu\/wp-content\/uploads\/2021\/05\/logo.png\"><img src=\"https:\/\/sachviet.eu\/wp-content\/uploads\/2021\/05\/logo.png\" alt=\"\" class=\"wp-image-9152\" \/><\/a><\/figure><\/div>\n<!-- \/wp:image -->\n\n<!-- wp:paragraph -->\n<p>\u0110\u01b0\u1ee3c th\u00e0nh l\u1eadp n\u0103m 2015 b\u1edfi nh\u1eefng c\u1ed5 \u0111\u00f4ng \u0111\u00e3 c\u00f3 nhi\u1ec1u n\u0103m kinh nghi\u1ec7m trong ng\u00e0nh s\u00e1ch \u1edf Vi\u1ec7t Nam, ZENBOOKS h\u01b0\u1edbng \u0111\u1ebfn m\u1ee5c ti\u00eau \u0111\u1ea7y tham v\u1ecdng l\u00e0 tr\u1edf th\u00e0nh m\u1ed9t trong 10 c\u00f4ng ty s\u00e1ch h\u00e0ng \u0111\u1ea7u t\u1ea1i Vi\u1ec7t Nam sau 10 n\u0103m ho\u1ea1t \u0111\u1ed9ng.<\/p>\n<!-- \/wp:paragraph -->\n\n<!-- wp:paragraph -->\n<p>ZENBOOKS t\u1eadp trung v\u00e0o c\u00e1c d\u00f2ng s\u00e1ch gi\u00fap cho ng\u01b0\u1eddi \u0111\u1ecdc t\u00ecm \u0111\u01b0\u1ee3c nh\u1eefng g\u1ee3i \u00fd v\u00e0 h\u01b0\u1edbng d\u1eabn \u0111\u1ec3 c\u00f3 m\u1ed9t cu\u1ed9c s\u1ed1ng c\u00e2n b\u1eb1ng th\u00f4ng qua vi\u1ec7c \u0111i\u1ec1u ch\u1ec9nh h\u00e0nh vi v\u00e0 th\u00e1i \u0111\u1ed9 c\u1ee7a h\u1ecd.<\/p>\n<!-- \/wp:paragraph -->\n\n<!-- wp:paragraph -->\n<p>C\u00e1c d\u00f2ng s\u00e1ch c\u1ee7a ZENBOOKS:<\/p>\n<!-- \/wp:paragraph -->\n\n<!-- wp:paragraph -->\n<p>&nbsp;- T\u00e2m l\u00fd &amp; K\u1ef9 n\u0103ng (Self-help &amp; Life Skills)<\/p>\n<!-- \/wp:paragraph -->\n\n<!-- wp:paragraph -->\n<p>&nbsp;- V\u0103n h\u1ecdc (Literature)<\/p>\n<!-- \/wp:paragraph -->\n\n<!-- wp:paragraph -->\n<p>\u00a0- H\u1ed7 tr\u1ee3 h\u1ecdc t\u1eadp (Textbook Companions)<\/p>\n<!-- \/wp:paragraph -->\n\n<!-- wp:paragraph -->\n<p><\/p>\n<!-- \/wp:paragraph -->","post_title":"Zenbooks","post_excerpt":"","post_status":"publish","comment_status":"closed","ping_status":"closed","post_password":"","post_name":"zenbooks","to_ping":"","pinged":"","post_modified":"2021-05-22 01:04:48","post_modified_gmt":"2021-05-21 22:04:48","post_content_filtered":"","post_parent":0,"guid":"https:\/\/sachviet.eu\/?post_type=publisher&#038;p=9147","menu_order":0,"post_type":"publisher","post_mime_type":"","comment_count":"0","filter":"raw"}},"_links":{"self":[{"href":"https:\/\/sachviet.eu\/en\/wp-json\/wp\/v2\/product\/13020","targetHints":{"allow":["GET"]}}],"collection":[{"href":"https:\/\/sachviet.eu\/en\/wp-json\/wp\/v2\/product"}],"about":[{"href":"https:\/\/sachviet.eu\/en\/wp-json\/wp\/v2\/types\/product"}],"wp:featuredmedia":[{"embeddable":true,"href":"https:\/\/sachviet.eu\/en\/wp-json\/wp\/v2\/media\/13108"}],"wp:attachment":[{"href":"https:\/\/sachviet.eu\/en\/wp-json\/wp\/v2\/media?parent=13020"}],"wp:term":[{"taxonomy":"product_brand","embeddable":true,"href":"https:\/\/sachviet.eu\/en\/wp-json\/wp\/v2\/product_brand?post=13020"},{"taxonomy":"product_cat","embeddable":true,"href":"https:\/\/sachviet.eu\/en\/wp-json\/wp\/v2\/product_cat?post=13020"},{"taxonomy":"product_tag","embeddable":true,"href":"https:\/\/sachviet.eu\/en\/wp-json\/wp\/v2\/product_tag?post=13020"}],"curies":[{"name":"wp","href":"https:\/\/api.w.org\/{rel}","templated":true}]}}