{"id":13013,"date":"2021-06-11T23:43:20","date_gmt":"2021-06-11T20:43:20","guid":{"rendered":"https:\/\/sachviet.eu\/shop\/arty-mouse-giup-tre-hoc-tap-dau-doi-thong-qua-my-thuat-cat-dan\/"},"modified":"2024-08-11T00:32:30","modified_gmt":"2024-08-10T21:32:30","slug":"arty-mouse-giup-tre-hoc-tap-dau-doi-thong-qua-my-thuat-cat-dan","status":"publish","type":"product","link":"https:\/\/sachviet.eu\/en\/shop\/arty-mouse-giup-tre-hoc-tap-dau-doi-thong-qua-my-thuat-cat-dan\/","title":{"rendered":"Arty Mouse &#8211; Gi\u00fap Tr\u1ebb H\u1ecdc T\u1eadp \u0110\u1ea7u \u0110\u1eddi Th\u00f4ng Qua M\u1ef9 Thu\u1eadt &#8211; C\u1eaeT D\u00c1N"},"content":{"rendered":"<p>Vi\u1ec7c vui ch\u01a1i m\u1ed9t c\u00e1ch s\u00e1ng t\u1ea1o l\u00e0 m\u1ed9t ph\u1ea7n quan tr\u1ecdng trong s\u1ef1 ph\u00e1t tri\u1ec3n c\u1ee7a con b\u1ea1n. Do \u0111\u00f3, h\u00e3y mang \u0111\u1ebfn cho tr\u1ebb m\u1ed9t s\u1ef1 kh\u1edfi \u0111\u1ea7u thu\u1eadn l\u1ee3i v\u1edbi s\u1ef1 gi\u00fap \u0111\u1ee1 c\u1ee7a chu\u1ed9t Arty v\u00e0 nh\u1eefng ng\u01b0\u1eddi b\u1ea1n \u0111\u1ea7y m\u00e0u s\u1eafc c\u1ee7a c\u1eadu \u1ea5y.<\/p>\n<p>Trong cu\u1ed1n s\u00e1ch c\u1eaft d\u00e1n n\u00e0y, Chu\u1ed9t Arty s\u1ebd gi\u1edbi thi\u1ec7u ho\u1ea1t \u0111\u1ed9ng s\u00e1ng t\u1ea1o vui nh\u1ed9n \u0111\u1ec3 con b\u1ea1n c\u00f3 th\u1ec3 ph\u00e1t tri\u1ec3n nh\u1eefng k\u1ef9 n\u0103ng v\u1eadn \u0111\u1ed9ng tinh v\u00e0 chu\u1ea9n b\u1ecb s\u1eb5n s\u00e0ng cho vi\u1ec7c h\u1ecdc vi\u1ebft.<\/p>\n<p>H\u00e3y b\u1eaft \u0111\u1ea7u b\u1eb1ng c\u00e1ch \u0111\u1ed3ng h\u00e0nh c\u00f9ng con \u0111\u1ec3 kh\u00e1m ph\u00e1 cu\u1ed1n s\u00e1ch n\u00e0y. H\u00e3y \u0111\u1ecdc c\u00e1c t\u1eeb v\u00e0 tr\u00f2 chuy\u1ec7n v\u1ec1 nh\u1eefng b\u1ee9c tranh, sau \u0111\u00f3 khuy\u1ebfn kh\u00edch tr\u1ebb ho\u00e0n th\u00e0nh t\u1eebng ho\u1ea1t \u0111\u1ed9ng m\u1ed9t b\u1eb1ng c\u00e1ch t\u00ecm ki\u1ebfm nh\u1eefng h\u00ecnh d\u1ea1ng \u1edf ph\u1ea7n sau c\u1ee7a cu\u1ed1n s\u00e1ch v\u00e0 d\u00f9ng ch\u00fang \u0111\u1ec3 ho\u00e0n thi\u1ec7n nh\u1eefng khung c\u1ea3nh. C\u00f3 r\u1ea5t nhi\u1ec1u h\u00ecnh d\u1ea1ng \u0111\u1ec3 tr\u1ebb c\u00f3 th\u1ec3 c\u1eaft ra v\u00e0 d\u00e1n v\u00e0o \u0111\u00fang v\u1ecb tr\u00ed ch\u00ednh x\u00e1c b\u1eb1ng c\u00e1ch canh theo nh\u1eefng \u0111\u01b0\u1eddng th\u1eb3ng \u0111\u1ee9ng, \u0111\u01b0\u1eddng ngang v\u00e0 \u0111\u01b0\u1eddng cong \u2013 t\u1ea5t c\u1ea3 nh\u1eefng ho\u1ea1t \u0111\u1ed9ng n\u00e0y \u0111\u1ec1u gi\u00fap th\u00fac \u0111\u1ea9y nh\u1eefng k\u1ef9 n\u0103ng v\u1eadn \u0111\u1ed9ng quan tr\u1ecdng \u0111\u1ec3 chu\u1ea9n b\u1ecb cho tr\u1ebb h\u1ecdc vi\u1ebft. Vi\u1ec7c ho\u00e0n th\u00e0nh nh\u1eefng khung c\u1ea3nh \u0111\u1ea7y m\u00e0u s\u1eafc c\u1ee7a Chu\u1ed9t Arty l\u00e0 m\u1ed9t tr\u1ea3i nghi\u1ec7m r\u1ea5t qu\u00fd gi\u00e1. C\u00e1c b\u1ea1n nh\u1ecf s\u1ebd s\u1edbm ph\u00e1t tri\u1ec3n \u0111\u01b0\u1ee3c s\u1ef1 t\u1ef1 tin \u0111\u1ec3 t\u1ef1 kh\u00e1m ph\u00e1 m\u1ed9t m\u00ecnh!<\/p>\n<p>&#8211; Tu\u1ed5i 3+ Tr\u1ebb h\u00e3y t\u00ecm nh\u1eefng h\u00ecnh d\u1ea1ng ph\u00f9 h\u1ee3p \u0111\u1ec3 ho\u00e0n t\u1ea5t c\u00e1c khung c\u1ea3nh trong s\u00e1ch v\u00e0 t\u1eadp c\u1ea7m k\u00e9o. C\u1eaft theo nh\u1eefng \u0111\u01b0\u1eddng ch\u1ea5m tr\u00ean trang gi\u1ea5y v\u00e0 d\u00e1n c\u00e1c h\u00ecnh d\u1ea1ng v\u00e0o c\u00e1c khung c\u1ea3nh v\u1edbi s\u1ef1 gi\u00fap \u0111\u1ee1 c\u1ee7a ng\u01b0\u1eddi l\u1edbn.<\/p>\n<p>&#8211; Tu\u1ed5i 4+ T\u00ecm, c\u1eaft v\u00e0 d\u00e1n c\u00e1c h\u00ecnh d\u1ea1ng v\u00e0o \u0111\u00fang v\u1ecb tr\u00ed \u0111\u1ec3 ho\u00e0n ch\u1ec9nh c\u00e1c khung c\u1ea3nh m\u00e0 kh\u00f4ng c\u1ea7n \u0111\u1ebfn s\u1ef1 tr\u1ee3 gi\u00fap.<\/p>\n<p>&#8211; Tu\u1ed5i 5+ Ho\u00e0n th\u00e0nh c\u00e1c ho\u1ea1t \u0111\u1ed9ng m\u00e0 kh\u00f4ng c\u1ea7n s\u1ef1 tr\u1ee3 gi\u00fap v\u00e0 s\u1eed d\u1ee5ng c\u00e1c k\u1ef9 n\u0103ng c\u1eaft d\u00e1n \u0111\u00e3 h\u1ecdc \u0111\u01b0\u1ee3c \u0111\u1ec3 t\u1ea1o ra nh\u1eefng b\u1ee9c tranh c\u1eaft d\u00e1n kh\u00f4ng c\u00f3 s\u1eb5n trong s\u00e1ch<\/p>\n","protected":false},"excerpt":{"rendered":"<p>Vi\u1ec7c vui ch\u01a1i m\u1ed9t c\u00e1ch s\u00e1ng t\u1ea1o l\u00e0 m\u1ed9t ph\u1ea7n quan tr\u1ecdng trong s\u1ef1 ph\u00e1t tri\u1ec3n c\u1ee7a con b\u1ea1n. Do \u0111\u00f3, h\u00e3y mang \u0111\u1ebfn cho tr\u1ebb m\u1ed9t s\u1ef1 kh\u1edfi \u0111\u1ea7u thu\u1eadn l\u1ee3i v\u1edbi s\u1ef1 gi\u00fap \u0111\u1ee1 c\u1ee7a chu\u1ed9t Arty v\u00e0 nh\u1eefng ng\u01b0\u1eddi b\u1ea1n \u0111\u1ea7y m\u00e0u s\u1eafc c\u1ee7a c\u1eadu \u1ea5y.<\/p>\n<p>Trong cu\u1ed1n s\u00e1ch c\u1eaft d\u00e1n n\u00e0y, Chu\u1ed9t Arty s\u1ebd gi\u1edbi thi\u1ec7u ho\u1ea1t \u0111\u1ed9ng s\u00e1ng t\u1ea1o vui nh\u1ed9n \u0111\u1ec3 con b\u1ea1n c\u00f3 th\u1ec3 ph\u00e1t tri\u1ec3n nh\u1eefng k\u1ef9 n\u0103ng v\u1eadn \u0111\u1ed9ng tinh v\u00e0 chu\u1ea9n b\u1ecb s\u1eb5n s\u00e0ng cho vi\u1ec7c h\u1ecdc vi\u1ebft.<\/p>\n<p>H\u00e3y b\u1eaft \u0111\u1ea7u b\u1eb1ng c\u00e1ch \u0111\u1ed3ng h\u00e0nh c\u00f9ng con \u0111\u1ec3 kh\u00e1m ph\u00e1 cu\u1ed1n s\u00e1ch n\u00e0y. H\u00e3y \u0111\u1ecdc c\u00e1c t\u1eeb v\u00e0 tr\u00f2 chuy\u1ec7n v\u1ec1 nh\u1eefng b\u1ee9c tranh, sau \u0111\u00f3 khuy\u1ebfn kh\u00edch tr\u1ebb ho\u00e0n th\u00e0nh t\u1eebng ho\u1ea1t \u0111\u1ed9ng m\u1ed9t b\u1eb1ng c\u00e1ch t\u00ecm ki\u1ebfm nh\u1eefng h\u00ecnh d\u1ea1ng \u1edf ph\u1ea7n sau c\u1ee7a cu\u1ed1n s\u00e1ch v\u00e0 d\u00f9ng ch\u00fang \u0111\u1ec3 ho\u00e0n thi\u1ec7n nh\u1eefng khung c\u1ea3nh. C\u00f3 r\u1ea5t nhi\u1ec1u h\u00ecnh d\u1ea1ng \u0111\u1ec3 tr\u1ebb c\u00f3 th\u1ec3 c\u1eaft ra v\u00e0 d\u00e1n v\u00e0o \u0111\u00fang v\u1ecb tr\u00ed ch\u00ednh x\u00e1c b\u1eb1ng c\u00e1ch canh theo nh\u1eefng \u0111\u01b0\u1eddng th\u1eb3ng \u0111\u1ee9ng, \u0111\u01b0\u1eddng ngang v\u00e0 \u0111\u01b0\u1eddng cong \u2013 t\u1ea5t c\u1ea3 nh\u1eefng ho\u1ea1t \u0111\u1ed9ng n\u00e0y \u0111\u1ec1u gi\u00fap th\u00fac \u0111\u1ea9y nh\u1eefng k\u1ef9 n\u0103ng v\u1eadn \u0111\u1ed9ng quan tr\u1ecdng \u0111\u1ec3 chu\u1ea9n b\u1ecb cho tr\u1ebb h\u1ecdc vi\u1ebft. Vi\u1ec7c ho\u00e0n th\u00e0nh nh\u1eefng khung c\u1ea3nh \u0111\u1ea7y m\u00e0u s\u1eafc c\u1ee7a Chu\u1ed9t Arty l\u00e0 m\u1ed9t tr\u1ea3i nghi\u1ec7m r\u1ea5t qu\u00fd gi\u00e1. C\u00e1c b\u1ea1n nh\u1ecf s\u1ebd s\u1edbm ph\u00e1t tri\u1ec3n \u0111\u01b0\u1ee3c s\u1ef1 t\u1ef1 tin \u0111\u1ec3 t\u1ef1 kh\u00e1m ph\u00e1 m\u1ed9t m\u00ecnh!<\/p>\n<p>&#8211; Tu\u1ed5i 3+ Tr\u1ebb h\u00e3y t\u00ecm nh\u1eefng h\u00ecnh d\u1ea1ng ph\u00f9 h\u1ee3p \u0111\u1ec3 ho\u00e0n t\u1ea5t c\u00e1c khung c\u1ea3nh trong s\u00e1ch v\u00e0 t\u1eadp c\u1ea7m k\u00e9o. C\u1eaft theo nh\u1eefng \u0111\u01b0\u1eddng ch\u1ea5m tr\u00ean trang gi\u1ea5y v\u00e0 d\u00e1n c\u00e1c h\u00ecnh d\u1ea1ng v\u00e0o c\u00e1c khung c\u1ea3nh v\u1edbi s\u1ef1 gi\u00fap \u0111\u1ee1 c\u1ee7a ng\u01b0\u1eddi l\u1edbn.<\/p>\n<p>&#8211; Tu\u1ed5i 4+ T\u00ecm, c\u1eaft v\u00e0 d\u00e1n c\u00e1c h\u00ecnh d\u1ea1ng v\u00e0o \u0111\u00fang v\u1ecb tr\u00ed \u0111\u1ec3 ho\u00e0n ch\u1ec9nh c\u00e1c khung c\u1ea3nh m\u00e0 kh\u00f4ng c\u1ea7n \u0111\u1ebfn s\u1ef1 tr\u1ee3 gi\u00fap.<\/p>\n<p>&#8211; Tu\u1ed5i 5+ Ho\u00e0n th\u00e0nh c\u00e1c ho\u1ea1t \u0111\u1ed9ng m\u00e0 kh\u00f4ng c\u1ea7n s\u1ef1 tr\u1ee3 gi\u00fap v\u00e0 s\u1eed d\u1ee5ng c\u00e1c k\u1ef9 n\u0103ng c\u1eaft d\u00e1n \u0111\u00e3 h\u1ecdc \u0111\u01b0\u1ee3c \u0111\u1ec3 t\u1ea1o ra nh\u1eefng b\u1ee9c tranh c\u1eaft d\u00e1n kh\u00f4ng c\u00f3 s\u1eb5n trong s\u00e1ch<\/p>\n","protected":false},"featured_media":13093,"template":"","meta":{"_acf_changed":false},"product_brand":[],"product_cat":[20],"product_tag":[],"class_list":{"0":"post-13013","1":"product","2":"type-product","3":"status-publish","4":"has-post-thumbnail","6":"product_cat-be-vua-hoc-vua-choi","8":"first","9":"instock","10":"taxable","11":"shipping-taxable","12":"purchasable","13":"product-type-simple"},"supplier_id":null,"supplier_sku":"","barcode":null,"atum_controlled":true,"out_stock_date":null,"out_stock_threshold":null,"inheritable":false,"inbound_stock":0,"stock_on_hold":0,"sold_today":0,"sales_last_days":0,"reserved_stock":0,"customer_returns":0,"warehouse_damage":0,"lost_in_post":0,"other_logs":0,"out_stock_days":0,"lost_sales":0,"has_location":false,"update_date":"2026-01-28T23:11:19","atum_locations":[],"atum_stock_status":"instock","restock_status":false,"low_stock_amount":"","sales_update_date":"2026-01-28T23:11:19","calc_backorders":null,"acf":{"publisher":{"ID":9147,"post_author":"2","post_date":"2021-05-20 21:06:21","post_date_gmt":"2021-05-20 18:06:21","post_content":"<!-- wp:html \/-->\n\n<!-- wp:image {\"align\":\"center\",\"id\":9152,\"sizeSlug\":\"large\",\"linkDestination\":\"media\"} -->\n<div class=\"wp-block-image\"><figure class=\"aligncenter size-large\"><a href=\"https:\/\/sachviet.eu\/wp-content\/uploads\/2021\/05\/logo.png\"><img src=\"https:\/\/sachviet.eu\/wp-content\/uploads\/2021\/05\/logo.png\" alt=\"\" class=\"wp-image-9152\" \/><\/a><\/figure><\/div>\n<!-- \/wp:image -->\n\n<!-- wp:paragraph -->\n<p>\u0110\u01b0\u1ee3c th\u00e0nh l\u1eadp n\u0103m 2015 b\u1edfi nh\u1eefng c\u1ed5 \u0111\u00f4ng \u0111\u00e3 c\u00f3 nhi\u1ec1u n\u0103m kinh nghi\u1ec7m trong ng\u00e0nh s\u00e1ch \u1edf Vi\u1ec7t Nam, ZENBOOKS h\u01b0\u1edbng \u0111\u1ebfn m\u1ee5c ti\u00eau \u0111\u1ea7y tham v\u1ecdng l\u00e0 tr\u1edf th\u00e0nh m\u1ed9t trong 10 c\u00f4ng ty s\u00e1ch h\u00e0ng \u0111\u1ea7u t\u1ea1i Vi\u1ec7t Nam sau 10 n\u0103m ho\u1ea1t \u0111\u1ed9ng.<\/p>\n<!-- \/wp:paragraph -->\n\n<!-- wp:paragraph -->\n<p>ZENBOOKS t\u1eadp trung v\u00e0o c\u00e1c d\u00f2ng s\u00e1ch gi\u00fap cho ng\u01b0\u1eddi \u0111\u1ecdc t\u00ecm \u0111\u01b0\u1ee3c nh\u1eefng g\u1ee3i \u00fd v\u00e0 h\u01b0\u1edbng d\u1eabn \u0111\u1ec3 c\u00f3 m\u1ed9t cu\u1ed9c s\u1ed1ng c\u00e2n b\u1eb1ng th\u00f4ng qua vi\u1ec7c \u0111i\u1ec1u ch\u1ec9nh h\u00e0nh vi v\u00e0 th\u00e1i \u0111\u1ed9 c\u1ee7a h\u1ecd.<\/p>\n<!-- \/wp:paragraph -->\n\n<!-- wp:paragraph -->\n<p>C\u00e1c d\u00f2ng s\u00e1ch c\u1ee7a ZENBOOKS:<\/p>\n<!-- \/wp:paragraph -->\n\n<!-- wp:paragraph -->\n<p>&nbsp;- T\u00e2m l\u00fd &amp; K\u1ef9 n\u0103ng (Self-help &amp; Life Skills)<\/p>\n<!-- \/wp:paragraph -->\n\n<!-- wp:paragraph -->\n<p>&nbsp;- V\u0103n h\u1ecdc (Literature)<\/p>\n<!-- \/wp:paragraph -->\n\n<!-- wp:paragraph -->\n<p>\u00a0- H\u1ed7 tr\u1ee3 h\u1ecdc t\u1eadp (Textbook Companions)<\/p>\n<!-- \/wp:paragraph -->\n\n<!-- wp:paragraph -->\n<p><\/p>\n<!-- \/wp:paragraph -->","post_title":"Zenbooks","post_excerpt":"","post_status":"publish","comment_status":"closed","ping_status":"closed","post_password":"","post_name":"zenbooks","to_ping":"","pinged":"","post_modified":"2021-05-22 01:04:48","post_modified_gmt":"2021-05-21 22:04:48","post_content_filtered":"","post_parent":0,"guid":"https:\/\/sachviet.eu\/?post_type=publisher&#038;p=9147","menu_order":0,"post_type":"publisher","post_mime_type":"","comment_count":"0","filter":"raw"}},"_links":{"self":[{"href":"https:\/\/sachviet.eu\/en\/wp-json\/wp\/v2\/product\/13013","targetHints":{"allow":["GET"]}}],"collection":[{"href":"https:\/\/sachviet.eu\/en\/wp-json\/wp\/v2\/product"}],"about":[{"href":"https:\/\/sachviet.eu\/en\/wp-json\/wp\/v2\/types\/product"}],"wp:featuredmedia":[{"embeddable":true,"href":"https:\/\/sachviet.eu\/en\/wp-json\/wp\/v2\/media\/13093"}],"wp:attachment":[{"href":"https:\/\/sachviet.eu\/en\/wp-json\/wp\/v2\/media?parent=13013"}],"wp:term":[{"taxonomy":"product_brand","embeddable":true,"href":"https:\/\/sachviet.eu\/en\/wp-json\/wp\/v2\/product_brand?post=13013"},{"taxonomy":"product_cat","embeddable":true,"href":"https:\/\/sachviet.eu\/en\/wp-json\/wp\/v2\/product_cat?post=13013"},{"taxonomy":"product_tag","embeddable":true,"href":"https:\/\/sachviet.eu\/en\/wp-json\/wp\/v2\/product_tag?post=13013"}],"curies":[{"name":"wp","href":"https:\/\/api.w.org\/{rel}","templated":true}]}}