{"id":13003,"date":"2021-06-11T23:42:37","date_gmt":"2021-06-11T20:42:37","guid":{"rendered":"https:\/\/sachviet.eu\/shop\/nghe-thay\/"},"modified":"2022-03-22T23:33:36","modified_gmt":"2022-03-22T21:33:36","slug":"nghe-thay","status":"publish","type":"product","link":"https:\/\/sachviet.eu\/en\/shop\/nghe-thay\/","title":{"rendered":"Ngh\u1ec1 Th\u1ea7y"},"content":{"rendered":"<p>&#8220;T\u00f4i nh\u1eadn \u0111\u01b0\u1ee3c l\u1eddi m\u1eddi vi\u1ebft l\u1eddi gi\u1edbi thi\u1ec7u cho cu\u1ed1n \u201cNgh\u1ec1 th\u1ea7y\u201d c\u1ee7a c\u1ee5 Ho\u00e0ng \u0110\u1ea1o Th\u00fay (1900-1994) gi\u1eefa l\u00fac l\u00e0n s\u00f3ng ph\u00ea b\u00ecnh s\u00e1ch gi\u00e1o khoa ti\u1ebfng Vi\u1ec7t l\u1edbp 1 v\u1eeba l\u1eafng xu\u1ed1ng.<\/p>\n<p>B\u1edfi th\u1ebf, t\u00f4i \u0111\u00e3 \u0111\u1ecdc b\u1ea3n th\u1ea3o cu\u1ed1n s\u00e1ch trong m\u1ed9t t\u00e2m tr\u1ea1ng r\u1ea5t \u0111\u1eb7c bi\u1ec7t v\u1edbi kh\u00f4ng bi\u1ebft bao nhi\u00eau m\u1ed1i li\u00ean t\u01b0\u1edfng d\u1ecdc ngang gi\u1ed1ng nh\u01b0 t\u1eebng \u0111\u1ee3t s\u00f3ng.<br \/>\nHi\u1ec7n th\u1ef1c ng\u1ed5n ngang c\u1ee7a gi\u00e1o d\u1ee5c hi\u1ec7n t\u1ea1i v\u00e0 nh\u1eefng l\u1eddi gan ru\u1ed9t c\u1ee7a m\u1ed9t ng\u01b0\u1eddi th\u1ea7y n\u1ed5i ti\u1ebfng, th\u1ea7n t\u01b0\u1ee3ng c\u1ee7a nhi\u1ec1u th\u1ebf h\u1ec7 thanh ni\u00ean, \u0111\u00e3 l\u00e0m t\u00f4i ch\u00ecm \u0111\u1eafm trong nhi\u1ec1u suy ng\u1eabm v\u00e0 li\u00ean t\u01b0\u1edfng.<\/p>\n<p>\u0110\u00e3 g\u1ea7n 80 n\u0103m tr\u00f4i qua k\u1ec3 t\u1eeb khi cu\u1ed1n s\u00e1ch \u201cNgh\u1ec1 th\u1ea7y\u201d \u0111\u01b0\u1ee3c xu\u1ea5t b\u1ea3n l\u1ea7n \u0111\u1ea7u ti\u00ean (1944). Tuy nhi\u00ean, chong \u0111\u00e8n l\u00ean v\u00e0 \u0111\u1ecdc n\u00f3 trong t\u00e2m th\u1ebf kh\u00f4ng r\u1eddi b\u1ecf nh\u1eefng ng\u1ed5n ngang c\u1ee7a hi\u1ec7n th\u1ef1c v\u00e0 k\u00ecm n\u00e9n suy t\u01b0, ta s\u1ebd th\u1ea5y nh\u1eefng g\u00ec c\u1ee5 vi\u1ebft trong cu\u1ed1n s\u00e1ch, nh\u1eefng l\u1eddi t\u00e2m s\u1ef1 m\u00e0 c\u1ee5 gi\u00e3i b\u00e0y trong cu\u1ed1n s\u00e1ch m\u1ecfng n\u00e0y v\u1eabn c\u00f2n n\u00f3ng h\u1ed5i.<br \/>\nT\u1ea5t nhi\u00ean, c\u00f3 ng\u01b0\u1eddi s\u1ebd b\u1ea3o \u201cin l\u1ea1i m\u1ed9t cu\u1ed1n s\u00e1ch \u0111\u00e3 xu\u1ea5t b\u1ea3n t\u1eeb 1944 c\u00f3 c\u1ea7n thi\u1ebft kh\u00f4ng khi m\u1ecdi th\u1ee9 \u1edf \u0111\u00f3 \u0111\u00e3 tr\u1edf th\u00e0nh\u2026\u0111\u1ed3 c\u1ed5?\u201d.<\/p>\n<p>Kh\u00f4ng! Nhi\u1ec1u th\u1ee9, k\u1ec3 c\u1ea3 nh\u1eefng tri th\u1ee9c gi\u00e1o d\u1ee5c h\u1ecdc \u1edf trong s\u00e1ch v\u1eabn c\u00f2n n\u00f3ng h\u1ed5i! Cho d\u00f9 ch\u1ec9 l\u00e0 m\u1ed9t cu\u1ed1n s\u00e1ch m\u1ecfng, vi\u1ebft d\u01b0\u1edbi d\u1ea1ng nh\u1eefng l\u1eddi t\u00e2m s\u1ef1, chia s\u1ebb v\u1ec1 chuy\u1ec7n ngh\u1ec1 c\u1ee7a m\u1ed9t ng\u01b0\u1eddi th\u1ea7y c\u1ea3 \u0111\u1eddi t\u00e2m huy\u1ebft h\u01a1n l\u00e0 m\u1ed9t c\u00f4ng tr\u00ecnh kh\u1ea3o c\u1ee9u c\u00f4ng phu c\u1ee7a m\u1ed9t h\u1ecdc gi\u1ea3 ch\u1ee7 tr\u01b0\u01a1ng l\u1eadp thuy\u1ebft, nh\u01b0ng k\u00ec l\u1ea1 thay, \u0111a s\u1ed1 nh\u1eefng v\u1ea5n \u0111\u1ec1 m\u00e0 t\u00e1c gi\u1ea3 \u0111\u1eb7t ra, b\u00e0n lu\u1eadn, h\u01b0\u1edbng d\u1eabn cho \u0111\u1ebfn h\u00f4m nay v\u1eabn ch\u01b0a h\u1ec1 c\u0169, th\u1eadm ch\u00ed l\u00e0 c\u00f2n r\u1ea5t m\u1edbi, th\u1eadm ch\u00ed nhi\u1ec1u gi\u00e1o vi\u00ean \u0111\u01b0\u01a1ng \u0111\u1ea1i c\u00f2n ch\u01b0a v\u1edbi t\u1edbi.<\/p>\n<p>N\u1ebfu lo\u1ea1i tr\u1eeb \u0111i c\u00e1ch d\u00f9ng t\u1eeb ng\u1eef c\u1ed5 k\u00ednh mang d\u1ea5u \u1ea5n c\u1ee7a th\u1eddi \u0111\u1ea1i \u0111\u00e3 qua v\u00e0 t\u1ea1m thay v\u00e0o \u0111\u00f3 b\u1eb1ng m\u1ed9t s\u1ed1 t\u1eeb ng\u1eef \u0111ang \u0111\u01b0\u1ee3c d\u00f9ng ph\u1ed5 bi\u1ebfn th\u1eadm ch\u00ed l\u00e0 \u201cth\u1eddi th\u01b0\u1ee3ng\u201d \u1edf hi\u1ec7n t\u1ea1i, ta s\u1ebd th\u1ea5y h\u00ecnh nh\u01b0 cu\u1ed1n s\u00e1ch \u0111\u01b0\u1ee3c vi\u1ebft cho ch\u00ednh ch\u00fang ta, cho ch\u00ednh nh\u1eefng ng\u01b0\u1eddi \u0111ang l\u00e0m \u201cngh\u1ec1 th\u1ea7y\u201d trong th\u1ebf k\u1ec9 XXI n\u00e0y!<\/p>\n[&#8230;]\n<p>S\u1ebd c\u00f2n r\u1ea5t nhi\u1ec1u \u0111i\u1ec1u hay v\u00e0 m\u1edbi m\u1ebb n\u1eefa trong t\u01b0 t\u01b0\u1edfng, quan ni\u1ec7m v\u00e0 kinh nghi\u1ec7m c\u1ee7a c\u1ee5 Ho\u00e0ng \u0110\u1ea1o Th\u00fay nh\u01b0ng t\u00f4i xin k\u1ebft th\u00fac b\u00e0i gi\u1edbi thi\u1ec7u \u1edf \u0111\u00e2y b\u1eb1ng c\u00e1ch d\u1eabn l\u1ea1i nh\u1eefng l\u1eddi t\u00e2m s\u1ef1 nh\u1eb9 nh\u00e0ng m\u00e0 ch\u00e1y b\u1ecfng c\u1ee7a t\u00e1c gi\u1ea3 v\u1ec1 ngh\u1ec1 th\u1ea7y. Ch\u00fang ta h\u00e3y c\u00f9ng \u0111\u1ecdc \u0111i \u0111\u1ecdc l\u1ea1i v\u00e0 suy ng\u1eabm:<\/p>\n<p>\u201cK\u1ec3 ra th\u00ec c\u00e1i ngh\u1ec1 c\u1ee7a ch\u00fang ta c\u0169ng nh\u01b0, hay l\u00e0 h\u01a1n c\u00e1c ngh\u1ec1 kh\u00e1c, c\u0169ng c\u00f3 l\u1eafm c\u00e1i nh\u1ee5c v\u00e0 l\u1eafm c\u00e1i vinh.<\/p>\n<p>Th\u1ea7y ng\u1ed3i m\u1ed9t n\u01a1i m\u00e0 tr\u1ebb x\u1ea5c l\u00e1o, cha m\u1eb9 h\u1ecdc tr\u00f2 l\u1ea1i khinh kh\u1ec9nh, l\u01b0\u1eddm ngu\u00fdt, c\u00f4 ra ch\u1ee3, ng\u01b0\u1eddi ta b\u00e1n \u0111\u1eaft, h\u00e0ng x\u00f3m ch\u1ec9 ch\u1ef1c ch\u1eedi \u0111\u1ed5ng, gi\u1eef nhau t\u1eebng mi\u1ebfng, th\u00ec c\u00e1i ngh\u1ec1 m\u00ecnh c\u1ef1c th\u1eadt, th\u00e0 l\u00e0m cu ly \u0111\u1eadp \u0111\u00e1 c\u00f2n h\u01a1n.<\/p>\n<p>Nh\u1eefng th\u1ea7y \u0111\u00e3 t\u1eadn t\u1ee5y, trong l\u00e2u n\u0103m, h\u1ecdc tr\u00f2 \u0111\u00e3 kh\u00e1 gi\u1ea3, l\u00e0ng \u0111\u00e3 s\u1ea1ch s\u1ebd, th\u1ecbnh v\u01b0\u1ee3ng, n\u01b0\u1edbc \u0111\u00e3 th\u1ea3nh th\u01a1i, l\u00fac tr\u1ebb nh\u1ecf v\u00e0o h\u1ecdc, m\u1eb7t s\u00e1ng s\u1ee7a t\u1ec9nh t\u00e1o; th\u1ebf th\u00ec th\u1ea7y c\u0169ng c\u00f3 th\u1ec3 vui l\u00f2ng m\u00e0 b\u1ea3o r\u1eb1ng: \u201cti\u1ebfn vi quan, \u0111\u1ea1t vi s\u01b0\u201d ng\u01b0\u1eddi x\u01b0a n\u00f3i v\u1eady m\u00e0 ph\u1ea3i\u201d.<\/p>\n<p>&#8211; Nguy\u1ec5n Qu\u1ed1c V\u01b0\u01a1ng<\/p>\n<p>T\u00c1C GI\u1ea2:<\/p>\n<p>Ho\u00e0ng \u0110\u1ea1o Th\u00fay (1900 \u2013 1994), l\u00e0 nh\u00e0 gi\u00e1o d\u1ee5c, nh\u00e0 bi\u00ean kh\u1ea3o, nh\u00e0 ho\u1ea1t \u0111\u1ed9ng v\u0103n h\u00f3a x\u00e3 h\u1ed9i n\u1ed5i ti\u1ebfng \u1edf Vi\u1ec7t Nam. \u00d4ng sinh ra trong m\u1ed9t gia \u0111\u00ecnh nh\u00e0 Nho \u1edf l\u00e0ng Kim L\u0169, x\u00e3 \u0110\u1ea1i Kim, huy\u1ec7n Thanh Tr\u00ec, H\u00e0 N\u1ed9i. \u00d4ng h\u1ecdc tr\u01b0\u1eddng B\u01b0\u1edfi, t\u1ed1t nghi\u1ec7p Th\u00e0nh chung, sau \u0111\u00f3 d\u1ea1y h\u1ecdc v\u00e0 t\u00edch c\u1ef1c tham gia c\u00e1c phong tr\u00e0o c\u1ee9u t\u1ebf x\u00e3 h\u1ed9i, truy\u1ec1n b\u00e1 qu\u1ed1c ng\u1eef v\u00e0 l\u00e0 th\u1ee7 l\u0129nh c\u1ee7a phong tr\u00e0o H\u01b0\u1edbng \u0111\u1ea1o sinh Vi\u1ec7t Nam. Sau n\u0103m 1945, \u00f4ng gia nh\u1eadp qu\u00e2n \u0111\u1ed9i v\u00e0 l\u1ea7n l\u01b0\u1ee3t \u0111\u1ea3m \u0111\u01b0\u01a1ng nhi\u1ec1u ch\u1ee9c v\u1ee5 quan tr\u1ecdng trong ch\u00ednh quy\u1ec1n \u0111\u01b0\u01a1ng th\u1eddi cho \u0111\u1ebfn khi v\u1ec1 h\u01b0u.<\/p>\n<p>Ho\u00e0ng \u0110\u1ea1o Th\u00fay ho\u1ea1t \u0111\u1ed9ng tr\u00ean nhi\u1ec1u l\u0129nh v\u1ef1c kh\u00e1c nhau v\u00e0 trong l\u0129nh v\u1ef1c n\u00e0o c\u0169ng \u0111\u1ec3 l\u1ea1i nh\u1eefng d\u1ea5u \u1ea5n \u0111\u1eb7c bi\u1ec7t. \u00d4ng \u0111\u00e3 vi\u1ebft nhi\u1ec1u t\u00e1c ph\u1ea9m v\u1ec1 gi\u00e1o d\u1ee5c, x\u00e3 h\u1ed9i, ch\u00ednh tr\u1ecb, qu\u00e2n s\u1ef1, l\u1ecbch s\u1eed, v\u0103n h\u00f3a, \u0111\u1eb7c bi\u1ec7t l\u00e0 nh\u1eefng t\u00e1c ph\u1ea9m nghi\u00ean c\u1ee9u l\u1ecbch s\u1eed v\u0103n h\u00f3a H\u00e0 N\u1ed9i. \u00d4ng \u0111\u01b0\u1ee3c m\u1ec7nh danh l\u00e0 nh\u00e0 H\u00e0 N\u1ed9i h\u1ecdc h\u00e0ng \u0111\u1ea7u c\u1ee7a Vi\u1ec7t Nam.<\/p>\n","protected":false},"excerpt":{"rendered":"<p>T\u00f4i nh\u1eadn \u0111\u01b0\u1ee3c l\u1eddi m\u1eddi vi\u1ebft l\u1eddi gi\u1edbi thi\u1ec7u cho cu\u1ed1n \u201cNgh\u1ec1 th\u1ea7y\u201d c\u1ee7a c\u1ee5 Ho\u00e0ng \u0110\u1ea1o Th\u00fay (1900-1994) gi\u1eefa l\u00fac l\u00e0n s\u00f3ng ph\u00ea b\u00ecnh s\u00e1ch gi\u00e1o khoa ti\u1ebfng Vi\u1ec7t l\u1edbp 1 v\u1eeba l\u1eafng xu\u1ed1ng.<\/p>\n<p>B\u1edfi th\u1ebf, t\u00f4i \u0111\u00e3 \u0111\u1ecdc b\u1ea3n th\u1ea3o cu\u1ed1n s\u00e1ch trong m\u1ed9t t\u00e2m tr\u1ea1ng r\u1ea5t \u0111\u1eb7c bi\u1ec7t v\u1edbi kh\u00f4ng bi\u1ebft bao nhi\u00eau m\u1ed1i li\u00ean t\u01b0\u1edfng d\u1ecdc ngang gi\u1ed1ng nh\u01b0 t\u1eebng \u0111\u1ee3t s\u00f3ng.<br \/>\nHi\u1ec7n th\u1ef1c ng\u1ed5n ngang c\u1ee7a gi\u00e1o d\u1ee5c hi\u1ec7n t\u1ea1i v\u00e0 nh\u1eefng l\u1eddi gan ru\u1ed9t c\u1ee7a m\u1ed9t ng\u01b0\u1eddi th\u1ea7y n\u1ed5i ti\u1ebfng, th\u1ea7n t\u01b0\u1ee3ng c\u1ee7a nhi\u1ec1u th\u1ebf h\u1ec7 thanh ni\u00ean, \u0111\u00e3 l\u00e0m t\u00f4i ch\u00ecm \u0111\u1eafm trong nhi\u1ec1u suy ng\u1eabm v\u00e0 li\u00ean t\u01b0\u1edfng.<\/p>\n<p>\u0110\u00e3 g\u1ea7n 80 n\u0103m tr\u00f4i qua k\u1ec3 t\u1eeb khi cu\u1ed1n s\u00e1ch \u201cNgh\u1ec1 th\u1ea7y\u201d \u0111\u01b0\u1ee3c xu\u1ea5t b\u1ea3n l\u1ea7n \u0111\u1ea7u ti\u00ean (1944). Tuy nhi\u00ean, chong \u0111\u00e8n l\u00ean v\u00e0 \u0111\u1ecdc n\u00f3 trong t\u00e2m th\u1ebf kh\u00f4ng r\u1eddi b\u1ecf nh\u1eefng ng\u1ed5n ngang c\u1ee7a hi\u1ec7n th\u1ef1c v\u00e0 k\u00ecm n\u00e9n suy t\u01b0, ta s\u1ebd th\u1ea5y nh\u1eefng g\u00ec c\u1ee5 vi\u1ebft trong cu\u1ed1n s\u00e1ch, nh\u1eefng l\u1eddi t\u00e2m s\u1ef1 m\u00e0 c\u1ee5 gi\u00e3i b\u00e0y trong cu\u1ed1n s\u00e1ch m\u1ecfng n\u00e0y v\u1eabn c\u00f2n n\u00f3ng h\u1ed5i.<br \/>\nT\u1ea5t nhi\u00ean, c\u00f3 ng\u01b0\u1eddi s\u1ebd b\u1ea3o \u201cin l\u1ea1i m\u1ed9t cu\u1ed1n s\u00e1ch \u0111\u00e3 xu\u1ea5t b\u1ea3n t\u1eeb 1944 c\u00f3 c\u1ea7n thi\u1ebft kh\u00f4ng khi m\u1ecdi th\u1ee9 \u1edf \u0111\u00f3 \u0111\u00e3 tr\u1edf th\u00e0nh\u2026\u0111\u1ed3 c\u1ed5?\u201d.<\/p>\n<p>Kh\u00f4ng! Nhi\u1ec1u th\u1ee9, k\u1ec3 c\u1ea3 nh\u1eefng tri th\u1ee9c gi\u00e1o d\u1ee5c h\u1ecdc \u1edf trong s\u00e1ch v\u1eabn c\u00f2n n\u00f3ng h\u1ed5i! Cho d\u00f9 ch\u1ec9 l\u00e0 m\u1ed9t cu\u1ed1n s\u00e1ch m\u1ecfng, vi\u1ebft d\u01b0\u1edbi d\u1ea1ng nh\u1eefng l\u1eddi t\u00e2m s\u1ef1, chia s\u1ebb v\u1ec1 chuy\u1ec7n ngh\u1ec1 c\u1ee7a m\u1ed9t ng\u01b0\u1eddi th\u1ea7y c\u1ea3 \u0111\u1eddi t\u00e2m huy\u1ebft h\u01a1n l\u00e0 m\u1ed9t c\u00f4ng tr\u00ecnh kh\u1ea3o c\u1ee9u c\u00f4ng phu c\u1ee7a m\u1ed9t h\u1ecdc gi\u1ea3 ch\u1ee7 tr\u01b0\u01a1ng l\u1eadp thuy\u1ebft, nh\u01b0ng k\u00ec l\u1ea1 thay, \u0111a s\u1ed1 nh\u1eefng v\u1ea5n \u0111\u1ec1 m\u00e0 t\u00e1c gi\u1ea3 \u0111\u1eb7t ra, b\u00e0n lu\u1eadn, h\u01b0\u1edbng d\u1eabn cho \u0111\u1ebfn h\u00f4m nay v\u1eabn ch\u01b0a h\u1ec1 c\u0169, th\u1eadm ch\u00ed l\u00e0 c\u00f2n r\u1ea5t m\u1edbi, th\u1eadm ch\u00ed nhi\u1ec1u gi\u00e1o vi\u00ean \u0111\u01b0\u01a1ng \u0111\u1ea1i c\u00f2n ch\u01b0a v\u1edbi t\u1edbi.<\/p>\n<p>N\u1ebfu lo\u1ea1i tr\u1eeb \u0111i c\u00e1ch d\u00f9ng t\u1eeb ng\u1eef c\u1ed5 k\u00ednh mang d\u1ea5u \u1ea5n c\u1ee7a th\u1eddi \u0111\u1ea1i \u0111\u00e3 qua v\u00e0 t\u1ea1m thay v\u00e0o \u0111\u00f3 b\u1eb1ng m\u1ed9t s\u1ed1 t\u1eeb ng\u1eef \u0111ang \u0111\u01b0\u1ee3c d\u00f9ng ph\u1ed5 bi\u1ebfn th\u1eadm ch\u00ed l\u00e0 \u201cth\u1eddi th\u01b0\u1ee3ng\u201d \u1edf hi\u1ec7n t\u1ea1i, ta s\u1ebd th\u1ea5y h\u00ecnh nh\u01b0 cu\u1ed1n s\u00e1ch \u0111\u01b0\u1ee3c vi\u1ebft cho ch\u00ednh ch\u00fang ta, cho ch\u00ednh nh\u1eefng ng\u01b0\u1eddi \u0111ang l\u00e0m \u201cngh\u1ec1 th\u1ea7y\u201d trong th\u1ebf k\u1ec9 XXI n\u00e0y!<\/p>\n","protected":false},"featured_media":13001,"template":"","meta":{"_acf_changed":false},"product_brand":[],"product_cat":[15,47],"product_tag":[],"class_list":{"0":"post-13003","1":"product","2":"type-product","3":"status-publish","4":"has-post-thumbnail","6":"product_cat-sach-danh-cho-nguoi-lon","7":"product_cat-truyen-ngan-tan-van","9":"first","10":"outofstock","11":"taxable","12":"shipping-taxable","13":"purchasable","14":"product-type-simple"},"supplier_id":null,"supplier_sku":"","barcode":null,"atum_controlled":true,"out_stock_date":"2022-03-22 19:33:36","out_stock_threshold":null,"inheritable":false,"inbound_stock":0,"stock_on_hold":0,"sold_today":0,"sales_last_days":0,"reserved_stock":0,"customer_returns":0,"warehouse_damage":0,"lost_in_post":0,"other_logs":0,"out_stock_days":1408,"lost_sales":0,"has_location":false,"update_date":"2026-01-28T23:10:52","atum_locations":[],"atum_stock_status":"outofstock","restock_status":false,"low_stock_amount":"","sales_update_date":"2026-01-28T23:10:52","calc_backorders":null,"acf":{"publisher":{"ID":1424,"post_author":"1","post_date":"2021-02-17 00:02:29","post_date_gmt":"2021-02-16 22:02:29","post_content":"<!-- wp:flatsome\/uxbuilder -->\n<h1 style=\"text-align: center\"><strong>Nh\u00e3 Nam<\/strong><\/h1>\n[row]\n\n[col span=\"6\" span__sm=\"12\"]\n\n[ux_image id=\"1438\" image_size=\"medium\"]\n\n\n[\/col]\n[col span=\"6\" span__sm=\"12\"]\n\n<p><strong>C\u00f4ng ty c\u1ed5 ph\u1ea7n V\u0103n h\u00f3a v\u00e0 Truy\u1ec1n th\u00f4ng Nh\u00e3 Nam<\/strong><\/p>\n<p>Th\u00e1ng 2 n\u0103m 2005, Nh\u00e3 Nam, t\u00ean \u0111\u1ea7y \u0111\u1ee7 l\u00e0 C\u00f4ng ty C\u1ed5 ph\u1ea7n V\u0103n h\u00f3a v\u00e0 Truy\u1ec1n th\u00f4ng Nh\u00e3 Nam \u0111\u00e3 gia nh\u1eadp th\u1ecb tr\u01b0\u1eddng s\u00e1ch. T\u00e1c ph\u1ea9m \"Balzac v\u00e0 c\u00f4 b\u00e9 th\u1ee3 may Trung hoa\" c\u1ee7a \u0110\u1edbi T\u01b0 Ki\u1ec7t l\u00e0 cu\u1ed1n s\u00e1ch \u0111\u1ea7u ti\u00ean \u0111\u01b0\u1ee3c nh\u1eefng ng\u01b0\u1eddi s\u00e1ng l\u1eadp Nh\u00e3 Nam xu\u1ea5t b\u1ea3n c\u1ea3 tr\u01b0\u1edbc khi c\u00f4ng ty ra \u0111\u1eddi. Ngay l\u1eadp t\u1ee9c t\u1eeb cu\u1ed1n s\u00e1ch \u0111\u1ea7u ti\u00ean, \u0111\u1ed9c gi\u1ea3 \u0111\u00e3 d\u00e0nh s\u1ef1 quan t\u00e2m v\u00e0 y\u00eau m\u1ebfn cho m\u1ed9t th\u01b0\u01a1ng hi\u1ec7u s\u00e1ch m\u1edbi m\u1ebb mang trong m\u00ecnh kh\u00e1t v\u1ecdng g\u00f3p ph\u1ea7n t\u1ea1o l\u1eadp di\u1ec7n m\u1ea1o m\u1edbi cho xu\u1ea5t b\u1ea3n v\u0103n h\u1ecdc t\u1ea1i Vi\u1ec7t Nam.<\/p>\n<p>L\u00f2ng say m\u00ea c\u1ee7a \u0111\u1ed9i ng\u0169 l\u00e0 vi\u00ean \u0111\u00e1 \u0111\u1ea7u ti\u00ean. Tr\u1ea3i qua m\u1ea5y n\u0103m ph\u00e1t tri\u1ec3n, Nh\u00e3 Nam \u0111\u00e3 \u0111\u01b0\u1ee3c x\u00e2y d\u1ef1ng d\u1ea7n l\u00ean trong di\u1ec7n m\u1ea1o m\u1ed9t nh\u00e0 xu\u1ea5t b\u1ea3n v\u1eefng ch\u00e3i v\u00e0 chuy\u00ean nghi\u1ec7p. S\u00e1u th\u00e1ng sau khi th\u00e0nh l\u1eadp c\u00f4ng ty, Nh\u1eadt k\u00fd \u0110\u1eb7ng Th\u00f9y Tr\u00e2m ra \u0111\u1eddi, t\u1ea1o n\u00ean m\u1ed9t c\u01a1n s\u1ed1t trong x\u00e3 h\u1ed9i, v\u1edbi g\u1ea7n 500,000 b\u1ea3n s\u00e1ch \u0111\u01b0\u1ee3c ph\u00e1t h\u00e0nh, ph\u00e1 m\u1ecdi k\u1ef7 l\u1ee5c v\u1ec1 xu\u1ea5t b\u1ea3n tr\u01b0\u1edbc \u0111\u00f3, k\u00e9o theo m\u1ed9t lo\u1ea1t nh\u1eefng hi\u1ec7u \u1ee9ng x\u00e3 h\u1ed9i v\u00e0 d\u01b0 lu\u1eadn c\u00f3 \u00fd ngh\u0129a. T\u1eeb \u0111\u00f3 tr\u1edf \u0111i, th\u00f4ng qua Nh\u00e3 Nam, c\u00e1c cu\u1ed1n s\u00e1ch v\u0103n h\u1ecdc n\u01b0\u1edbc ngo\u00e0i c\u00f3 gi\u00e1 tr\u1ecb \u0111\u01b0\u1ee3c li\u00ean t\u1ee5c mua b\u1ea3n quy\u1ec1n v\u00e0 xu\u1ea5t b\u1ea3n t\u1ea1i Vi\u1ec7t Nam, thu h\u00fat nhi\u1ec1u t\u1ea7ng l\u1edbp \u0111\u1ed9c gi\u1ea3. S\u00e1ch c\u1ee7a Nh\u00e3 Nam n\u1ed5i b\u1eadt b\u1edfi n\u1ed9i dung v\u0103n h\u1ecdc tinh t\u1ebf, b\u1edfi v\u1ebb \u0111\u1eb9p c\u1ee7a thi\u1ebft k\u1ebf hi\u1ec7n \u0111\u1ea1i \u1edf h\u00ecnh th\u1ee9c, b\u1edfi s\u1ef1 ch\u0103m ch\u00fat k\u1ef9 l\u01b0\u1ee1ng cho m\u1ed7i cu\u1ed1n s\u00e1ch nh\u01b0 m\u1ed9t con thuy\u1ec1n mang t\u1edbi ni\u1ec1m vui, tri th\u1ee9c, ng\u1ea1c nhi\u00ean, v\u00e0 \u0111\u1ed3ng c\u1ea3m.<\/p>\n\n[\/col]\n\n[\/row]\n<p style=\"text-align: left\">Hi\u1ec3u th\u1eddi \u0111\u1ea1i \u0111ang s\u1ed1ng th\u00f4ng qua s\u00e1ch, song h\u00e0nh v\u1edbi nh\u1eefng bi\u1ebfn chuy\u1ec3n s\u00e2u s\u1eafc trong l\u00f2ng x\u00e3 h\u1ed9i b\u1eb1ng nh\u1eefng ho\u1ea1t \u0111\u1ed9ng xu\u1ea5t b\u1ea3n mi\u1ec7t m\u00e0i v\u00e0 qu\u1ea3 c\u1ea3m, con \u0111\u01b0\u1eddng Nh\u00e3 Nam \u0111\u00e3 ch\u1ecdn \u0111\u1ec3 \u0111i s\u1ebd c\u00f2n d\u00e0i. Nhi\u1ec1u kh\u00f3 kh\u0103n, th\u1eed th\u00e1ch \u0111ang \u1edf ph\u00eda tr\u01b0\u1edbc. B\u01b0\u1edbc qua th\u1eddi k\u1ef3 s\u01a1 khai v\u1edbi nh\u1eefng b\u00e0i h\u1ecdc v\u00e0 nh\u1eefng kinh nghi\u1ec7m \u0111\u1ea7u ti\u00ean, Nh\u00e3 Nam gi\u1edd \u0111\u00e3 s\u1eb5n s\u00e0ng cho m\u1ed9t ch\u1eb7ng \u0111\u01b0\u1eddng ph\u00e1t tri\u1ec3n m\u1edbi. V\u00e0 ch\u00fang t\u00f4i mu\u1ed1n ho\u00e0n thi\u1ec7n m\u00ecnh trong s\u1ef1 c\u1ea7u th\u1ecb v\u00e0 c\u1ea9n tr\u1ecdng. T\u1ea5t c\u1ea3 v\u00ec m\u1ed9t gia s\u1ea3n s\u00e1ch to l\u1edbn, c\u00f3 s\u1ee9c s\u1ed1ng d\u00e0i l\u00e2u, c\u00f3 \u00fd ngh\u0129a v\u1edbi nhi\u1ec1u th\u1ebf h\u1ec7 b\u1ea1n \u0111\u1ecdc.<br \/>B\u1edfi v\u00ec s\u00e1ch l\u00e0 th\u1ebf gi\u1edbi.<\/p>\n<p><strong>\u0110\u00e2y l\u00e0 m\u1ed9t nh\u00e0 ph\u00e1t h\u00e0nh s\u00e1ch m\u00e0 SACHVIET.EU r\u1ea5t y\u00eau th\u00edch v\u00e0 tin t\u01b0\u1edfng. Nh\u00ecn \u0111\u01b0\u1ee3c t\u1ea7m \u1ea3nh h\u01b0\u1edfng c\u1ee7a Nh\u00e3 Nam qua t\u1eebng cu\u1ed1n s\u00e1ch, SACHVIET.EU li\u00ean h\u1ec7 h\u1ee3p t\u00e1c ngay v\u1edbi Nh\u00e3 Nam \u0111\u1ec3 \u0111em to\u00e0n b\u1ed9 nh\u1eefng t\u00e1c ph\u1ea9m m\u1edbi, hay nh\u1ea5t m\u00e0 Nh\u00e3 Nam c\u00f3 sang Ch\u00e2u \u00c2u, \u0111\u01b0a \u0111\u1ebfn cho \u0111\u1ed9c gi\u1ea3 c\u00f3 nhi\u1ec1u s\u1ef1 l\u1ef1a ch\u1ecdn phong ph\u00fa h\u01a1n c\u1ea3 s\u00e1ch cho tr\u1ebb em l\u1eabn ng\u01b0\u1eddi l\u1edbn.\u00a0<\/strong><\/p>\n\n<!-- \/wp:flatsome\/uxbuilder -->","post_title":"Nh\u00e3 Nam","post_excerpt":"","post_status":"publish","comment_status":"closed","ping_status":"closed","post_password":"","post_name":"nha-nam","to_ping":"","pinged":"","post_modified":"2022-12-19 23:15:33","post_modified_gmt":"2022-12-19 21:15:33","post_content_filtered":"","post_parent":0,"guid":"https:\/\/sachviet.eu\/?post_type=publisher&#038;p=1424","menu_order":0,"post_type":"publisher","post_mime_type":"","comment_count":"0","filter":"raw"}},"_links":{"self":[{"href":"https:\/\/sachviet.eu\/en\/wp-json\/wp\/v2\/product\/13003","targetHints":{"allow":["GET"]}}],"collection":[{"href":"https:\/\/sachviet.eu\/en\/wp-json\/wp\/v2\/product"}],"about":[{"href":"https:\/\/sachviet.eu\/en\/wp-json\/wp\/v2\/types\/product"}],"wp:featuredmedia":[{"embeddable":true,"href":"https:\/\/sachviet.eu\/en\/wp-json\/wp\/v2\/media\/13001"}],"wp:attachment":[{"href":"https:\/\/sachviet.eu\/en\/wp-json\/wp\/v2\/media?parent=13003"}],"wp:term":[{"taxonomy":"product_brand","embeddable":true,"href":"https:\/\/sachviet.eu\/en\/wp-json\/wp\/v2\/product_brand?post=13003"},{"taxonomy":"product_cat","embeddable":true,"href":"https:\/\/sachviet.eu\/en\/wp-json\/wp\/v2\/product_cat?post=13003"},{"taxonomy":"product_tag","embeddable":true,"href":"https:\/\/sachviet.eu\/en\/wp-json\/wp\/v2\/product_tag?post=13003"}],"curies":[{"name":"wp","href":"https:\/\/api.w.org\/{rel}","templated":true}]}}