{"id":1299,"date":"2021-02-16T00:35:19","date_gmt":"2021-02-15T22:35:19","guid":{"rendered":"https:\/\/sachviet.eu\/shop\/viet-nam-mien-ngon-tap-1-ban-pho-thong\/"},"modified":"2021-05-18T00:47:35","modified_gmt":"2021-05-17T21:47:35","slug":"viet-nam-mien-ngon-tap-1-ban-pho-thong","status":"publish","type":"product","link":"https:\/\/sachviet.eu\/en\/shop\/viet-nam-mien-ngon-tap-1-ban-pho-thong\/","title":{"rendered":"Vi\u1ec7t Nam d\u1ecdc mi\u1ec1n du k\u00fd &#8211; T\u1eadp 1 (B\u1ea3n ph\u1ed5 th\u00f4ng)"},"content":{"rendered":"<p>Ch\u1ec9 v\u1eeba \u201cra l\u00f2\u201d trong th\u1eddi gian g\u1ea7n \u0111\u00e2y, th\u1ebf nh\u01b0ng artbook<strong> \u201cVi\u1ec7t Nam d\u1ecdc mi\u1ec1n du k\u00fd \u2013 t\u1eadp 1\u201d<\/strong> c\u1ee7a ho\u1ea1 s\u1ef9 L\u00ea Rin \u0111\u01b0\u1ee3c r\u1ea5t nhi\u1ec1u \u0111\u1ed9c gi\u1ea3 \u1edf m\u1ecdi l\u1ee9a tu\u1ed5i y\u00eau th\u00edch, t\u00ecm \u0111\u1ecdc b\u1edfi s\u1ee9c h\u00fat t\u1eeb chuy\u1ebfn \u201cth\u01b0\u1edfng ngo\u1ea1n\u201d c\u1ea3nh s\u1eafc tuy\u1ec7t m\u0129 v\u00e0 n\u1ed9i dung ki\u1ebfn th\u1ee9c v\u1ec1 v\u0103n ho\u00e1 Vi\u1ec7t s\u00e2u r\u1ed9ng \u0111\u01b0\u1ee3c minh ho\u1ea1 qua ng\u00f4n ng\u1eef tranh v\u1ebd.<br \/>\nT\u1ef1 b\u1ea1ch c\u1ee7a t\u00e1c gi\u1ea3 b\u1eb1ng m\u1ed9t m\u00f3n \u0111\u1ed3 hay mang theo.<\/p>\n<blockquote><p>Xin ch\u00e0o c\u00e1c b\u1ea1n, m\u00ecnh l\u00e0 chi\u1ebfc \u0111i\u1ec7n tho\u1ea1i di \u0111\u1ed9ng \u0111\u00e2y. M\u1ed7i khi pin \u0111\u01b0\u1ee3c s\u1ea1c \u0111\u1ea7y m\u00ecnh s\u1ebd vui v\u1ebb v\u00e0 ho\u1ea1t \u0111\u1ed9ng v\u1edbi nhi\u1ec1u n\u0103ng su\u1ea5t, c\u00f2n khi s\u1eafp h\u1ebft pin l\u00e0 m\u00ecnh n\u1ed5i qu\u1ea1o \u0111\u00f3. \ud83d\ude42<\/p><\/blockquote>\n<p>Tr\u01b0\u1edbc gi\u1edd, ho\u1ea1 s\u1ef9 L\u00ea Rin n\u1ed5i ti\u1ebfng v\u1edbi t\u00e0i v\u1ebd minh ho\u1ea1 v\u1ec1 \u1ea9m th\u1ef1c, \u0111\u1eb7c bi\u1ec7t l\u00e0 c\u00e1c m\u00f3n \u0103n Vi\u1ec7t. Song, \u201cV\u1ebd nhi\u1ec1u th\u00ec \u0111\u00e2m ra suy gi\u1ea3m s\u1ef1 h\u00e0o h\u1ee9ng hay c\u1ea1n ki\u1ec7t \u00fd t\u01b0\u1edfng\u201d \u2013 Rin chia s\u1ebb.<\/p>\n<p>Anh quy\u1ebft \u0111\u1ecbnh l\u00e0m m\u1edbi b\u1ea3n th\u00e2n v\u1edbi ch\u1ee7 \u0111\u1ec1 v\u1ec1 du k\u00fd v\u00ec du l\u1ecbch l\u00e0 m\u1ed9t trong nh\u1eefng s\u1edf th\u00edch c\u00e1 nh\u00e2n c\u1ee7a Rin ngo\u00e0i \u1ea9m th\u1ef1c. Anh c\u00f2n \u0111\u00f9a \u201cv\u00ec cu\u1ed9c \u0111\u1eddi m\u00ecnh v\u1ed1n \u0111\u00e3 qu\u00e1 nhi\u1ec1u s\u1ef1 nh\u1ea1t nh\u1ebdo :))\u201d n\u00ean l\u1ef1a ch\u1ecdn n\u00e0y khi\u1ebfn anh tr\u00e2n tr\u1ecdng nh\u1eefng chuy\u1ebfn \u0111i c\u1ee7a m\u00ecnh, t\u1ea1o c\u1ea3m h\u1ee9ng s\u1ed1ng t\u01b0\u01a1i m\u1edbi h\u01a1n.<\/p>\n<p>Th\u00f4ng qua \u201cVi\u1ec7t Nam d\u1ecdc mi\u1ec1n du k\u00fd \u2013 t\u1eadp 1\u201d, L\u00ea Rin mong mu\u1ed1n gi\u1edbi thi\u1ec7u ba n\u00e9t \u0111\u1eb9p c\u1ee7a \u0111\u1ea5t n\u01b0\u1edbc \u0111\u1ebfn m\u1ecdi ng\u01b0\u1eddi, d\u01b0\u1edbi g\u00f3c nh\u00ecn c\u1ee7a m\u00ecnh b\u1eb1ng tranh v\u1ebd m\u00e0u n\u01b0\u1edbc.<\/p>\n<p><strong>\u201cM\u1ed9t l\u00e0 \u0111\u1ea5t n\u01b0\u1edbc Vi\u1ec7t Nam v\u00f4 c\u00f9ng xinh \u0111\u1eb9p. N\u1ebfu b\u1ea1n ch\u01b0a \u0111i h\u1ebft, h\u00e3y c\u00f9ng \u0111i kh\u00e1m ph\u00e1 v\u1edbi m\u00ecnh qua nh\u1eefng trang s\u00e1ch.\u201d<\/strong><\/p>\n<p><strong>\u201cHai l\u00e0 c\u00e1c l\u00e0ng ngh\u1ec1 truy\u1ec1n th\u1ed1ng \u1edf kh\u1eafp m\u1ecdi n\u01a1i.\u201d<\/strong><\/p>\n<p>Xen l\u1eabn c\u1ea3nh s\u1eafc h\u1eefu t\u00ecnh n\u00ean th\u01a1, ng\u01b0\u1eddi \u0111\u1ecdc c\u1ee9 th\u1ebf \u0111\u01b0\u1ee3c k\u00e9o g\u1ea7n l\u1ea1i h\u01a1n v\u1edbi c\u00e1c l\u00e0ng ngh\u1ec1 truy\u1ec1n th\u1ed1ng qua h\u00ecnh \u1ea3nh v\u00e0 l\u1eddi v\u0103n ch\u00e2n th\u1eadt c\u1ee7a L\u00ea Rin, ng\u01b0\u1eddi \u0111\u00e3 mang tr\u1ea3i nghi\u1ec7m c\u1ee7a m\u00ecnh v\u00e0o artbook, b\u1edfi anh nh\u1eadn ra \u201cNh\u1eefng ngh\u1ec1 truy\u1ec1n th\u1ed1ng n\u00e0y r\u1ea5t n\u1ed5i ti\u1ebfng v\u00e0 \u1edf nhi\u1ec1u \u0111\u1ecba ph\u01b0\u01a1ng, n\u00f3 l\u00e0 m\u1ed9t ph\u1ea7n quan tr\u1ecdng trong \u0111\u1eddi s\u1ed1ng v\u0103n h\u00f3a c\u1ee7a h\u1ecd. Tuy nhi\u00ean, b\u1ea1n bi\u1ebft kh\u00f4ng, c\u00f3 nh\u1eefng ngh\u1ec1 m\u1ed9t th\u1eddi ho\u00e0ng kim, h\u01b0ng th\u1ecbnh, nay n\u00f3 s\u1eafp b\u1ecb ch\u00ecm v\u00e0o qu\u00ean l\u00e3ng.\u201d L\u00ea Rin \u0111\u00e3 t\u00e1i hi\u1ec7n n\u00e9t \u0111\u1eb9p v\u0103n ho\u00e1 \u1ea5y, theo c\u00e1ch l\u00e0 m\u1ed9t s\u1ef1 tri \u00e2n v\u00e0 l\u1eddi nh\u1eafc nh\u1edf \u0111\u1ebfn th\u1ebf h\u1ec7 tr\u1ebb v\u1ec1 vi\u1ec7c b\u1ea3o t\u1ed3n, ph\u00e1t huy gi\u00e1 tr\u1ecb v\u0103n ho\u00e1 truy\u1ec1n th\u1ed1ng, \u0111\u1eb7c bi\u1ec7t l\u00e0 nh\u1eefng ng\u01b0\u1eddi l\u00e0m c\u00f4ng vi\u1ec7c li\u00ean quan \u0111\u1ebfn l\u0129nh v\u1ef1c n\u00e0y.<\/p>\n<p><strong>\u201cTh\u1ee9 ba, \u0111\u00f3 l\u00e0 h\u00ecnh \u1ea3nh c\u00e1c d\u00e2n t\u1ed9c anh em sinh s\u1ed1ng tr\u00ean \u0111\u1ea5t n\u01b0\u1edbc Vi\u1ec7t Nam\u2026. \u1ede h\u1ecd c\u00f3 s\u1ef1 \u0111a d\u1ea1ng, c\u00f3 t\u00ednh truy\u1ec1n th\u1ed1ng v\u00e0 r\u1ea5t nhi\u1ec1u \u0111i\u1ec1u hay ho kh\u00e1c n\u1eefa.\u201d<\/strong><\/p>\n<p>Cu\u1ed1n s\u00e1ch n\u00e0y s\u1ebd gi\u00fap b\u1ea1n y\u00eau t\u1ed5 qu\u1ed1c, y\u00eau \u0111\u1ed3ng b\u00e0o. \u0110\u1ecdc xong cu\u1ed1n s\u00e1ch n\u00e0y, b\u1ea1n s\u1ebd t\u1ef1 h\u1ecfi \u201cKhi n\u00e0o \u00f4ng t\u00e1c gi\u1ea3 \u1ed5ng ra t\u1eadp 2 v\u1eady ta!?\u201d.<\/p>\n<p>Sau c\u00f9ng, khi nh\u1eadn c\u00e2u h\u1ecfi \u0111\u1ec1 ngh\u1ecb b\u1eadt m\u00ed v\u1ec1 ph\u1ea7n 2, \u201c\u00f4ng\u201d t\u00e1c gi\u1ea3 \u0111\u00e3 gi\u1eef k\u00edn nh\u01b0 b\u01b0ng v\u00e0 \u0111\u00f9a vu v\u01a1 \u201cTr\u01b0\u1edbc m\u1eaft, ph\u1ea7n 2 s\u1ebd c\u00f3 \u0111i\u1ec1u kh\u00e1c bi\u1ec7t l\u1edbn nh\u1ea5t l\u00e0 tr\u00ean trang b\u00eca \u0111\u01b0\u1ee3c g\u1eafn ch\u1eef \u201cT\u1eadp 2\u201d :)\u201d b\u1edfi L\u00ea Rin hy v\u1ecdng \u201cVi\u1ec7t Nam d\u1ecdc mi\u1ec1n du k\u00fd \u2013 t\u1eadp 1\u201d c\u00f3 th\u1ec3 khi\u1ebfn m\u1ecdi ng\u01b0\u1eddi \u0111\u1ee7 t\u00f2 m\u00f2, h\u1ee9ng th\u00fa \u0111\u1ec3 \u0111o\u00e1n xem t\u1eadp 2 s\u1ebd bao g\u1ed3m nh\u1eefng \u0111\u1ecba danh hay qu\u00ea h\u01b0\u01a1ng c\u1ee7a b\u1ea1n \u0111\u1ed9c gi\u1ea3 n\u00e0o s\u1ebd c\u00f3 m\u1eb7t v\u00e0 \u0111\u00f3n \u0111\u1ecdc n\u00f3 m\u1ed9t c\u00e1ch \u0111\u01a1n thu\u1ea7n, t\u1ef1 nhi\u00ean. M\u1eb7t kh\u00e1c, anh c\u0169ng \u0111ang \u201ctr\u01b0ng c\u1ea7u \u00fd d\u00e2n\u201d cho ph\u1ea7n ti\u1ebfp theo c\u1ee7a cu\u1ed1n s\u00e1ch, \u201cm\u00ecnh s\u1ebd ti\u1ebfp nh\u1eadn c\u00e1c \u00fd ki\u1ebfn \u0111\u00f3ng g\u00f3p c\u1ee7a \u0111\u1ed9c gi\u1ea3 \u0111\u1ec3 t\u1eadp 2 m\u00ecnh l\u00e0m t\u1ed1t v\u00e0 kh\u00e1c h\u01a1n.\u201d<\/p>\n  <div class=\"banner-grid-wrapper\">\n  <div id=\"banner-grid-1997297919\" class=\"banner-grid row row-grid row-small\" data-packery-options=\"\">\n                      \n<div class=\"col grid-col large-6 grid-col-1\" ><div class=\"col-inner\">\n\t<div class=\"img has-hover x md-x lg-x y md-y lg-y\" id=\"image_781743861\">\n\t\t\t\t\t\t\t\t<div class=\"img-inner dark\" >\n\t\t\t<img loading=\"lazy\" decoding=\"async\" width=\"756\" height=\"756\" src=\"https:\/\/sachviet.eu\/wp-content\/uploads\/2021\/02\/VNDMDK-2.jpg\" class=\"attachment-large size-large\" alt=\"\" srcset=\"https:\/\/sachviet.eu\/wp-content\/uploads\/2021\/02\/VNDMDK-2.jpg 756w, https:\/\/sachviet.eu\/wp-content\/uploads\/2021\/02\/VNDMDK-2-300x300.jpg 300w, https:\/\/sachviet.eu\/wp-content\/uploads\/2021\/02\/VNDMDK-2-150x150.jpg 150w, https:\/\/sachviet.eu\/wp-content\/uploads\/2021\/02\/VNDMDK-2-600x600.jpg 600w, https:\/\/sachviet.eu\/wp-content\/uploads\/2021\/02\/VNDMDK-2-100x100.jpg 100w\" sizes=\"auto, (max-width: 756px) 100vw, 756px\" \/>\t\t\t\t\t\t\n\t\t\t\t\t<\/div>\n\t\t\t\t\t\t\t\t\n<style>\n#image_781743861 {\n  width: 100%;\n}\n<\/style>\n\t<\/div>\n\t\n<\/div><\/div>\n<div class=\"col grid-col large-6 grid-col-1\" ><div class=\"col-inner\">\n\t<div class=\"img has-hover x md-x lg-x y md-y lg-y\" id=\"image_2079739414\">\n\t\t\t\t\t\t\t\t<div class=\"img-inner dark\" >\n\t\t\t<img loading=\"lazy\" decoding=\"async\" width=\"640\" height=\"640\" src=\"https:\/\/sachviet.eu\/wp-content\/uploads\/2021\/02\/cc6dd0b65d3bc315476ff00d5849adc6.png\" class=\"attachment-large size-large\" alt=\"\" srcset=\"https:\/\/sachviet.eu\/wp-content\/uploads\/2021\/02\/cc6dd0b65d3bc315476ff00d5849adc6.png 640w, https:\/\/sachviet.eu\/wp-content\/uploads\/2021\/02\/cc6dd0b65d3bc315476ff00d5849adc6-300x300.png 300w, https:\/\/sachviet.eu\/wp-content\/uploads\/2021\/02\/cc6dd0b65d3bc315476ff00d5849adc6-150x150.png 150w, https:\/\/sachviet.eu\/wp-content\/uploads\/2021\/02\/cc6dd0b65d3bc315476ff00d5849adc6-600x600.png 600w, https:\/\/sachviet.eu\/wp-content\/uploads\/2021\/02\/cc6dd0b65d3bc315476ff00d5849adc6-100x100.png 100w\" sizes=\"auto, (max-width: 640px) 100vw, 640px\" \/>\t\t\t\t\t\t\n\t\t\t\t\t<\/div>\n\t\t\t\t\t\t\t\t\n<style>\n#image_2079739414 {\n  width: 100%;\n}\n<\/style>\n\t<\/div>\n\t\n<\/div><\/div>\n<div class=\"col grid-col large-13 grid-col-1-2\" ><div class=\"col-inner\">\n\t<div class=\"img has-hover x md-x lg-x y md-y lg-y\" id=\"image_1642094204\">\n\t\t\t\t\t\t\t\t<div class=\"img-inner dark\" >\n\t\t\t<img loading=\"lazy\" decoding=\"async\" width=\"1020\" height=\"332\" src=\"https:\/\/sachviet.eu\/wp-content\/uploads\/2021\/02\/screen-shot-2020-03-24-at-13-26-06-1024x333.png\" class=\"attachment-large size-large\" alt=\"\" srcset=\"https:\/\/sachviet.eu\/wp-content\/uploads\/2021\/02\/screen-shot-2020-03-24-at-13-26-06-1024x333.png 1024w, https:\/\/sachviet.eu\/wp-content\/uploads\/2021\/02\/screen-shot-2020-03-24-at-13-26-06-300x98.png 300w, https:\/\/sachviet.eu\/wp-content\/uploads\/2021\/02\/screen-shot-2020-03-24-at-13-26-06-768x250.png 768w, https:\/\/sachviet.eu\/wp-content\/uploads\/2021\/02\/screen-shot-2020-03-24-at-13-26-06-1536x500.png 1536w, https:\/\/sachviet.eu\/wp-content\/uploads\/2021\/02\/screen-shot-2020-03-24-at-13-26-06-600x195.png 600w, https:\/\/sachviet.eu\/wp-content\/uploads\/2021\/02\/screen-shot-2020-03-24-at-13-26-06.png 1941w\" sizes=\"auto, (max-width: 1020px) 100vw, 1020px\" \/>\t\t\t\t\t\t\n\t\t\t\t\t<\/div>\n\t\t\t\t\t\t\t\t\n<style>\n#image_1642094204 {\n  width: 100%;\n}\n<\/style>\n\t<\/div>\n\t\n<\/div><\/div>\n            <\/div>\n    <style>\n    #banner-grid-1997297919 .grid-col-1{height: 600px}\n    #banner-grid-1997297919 .grid-col-1-2{height: 300px}\n    #banner-grid-1997297919 .grid-col-1-3{height:200px}\n    #banner-grid-1997297919 .grid-col-2-3{height: 400px}\n    #banner-grid-1997297919 .grid-col-1-4{height: 150px}\n    #banner-grid-1997297919 .grid-col-3-4{height: 450px}\n\n\n    \n    \n\n  <\/style>\n    <\/div>\n  \n","protected":false},"excerpt":{"rendered":"<p>\u1ede \u0111\u1ed9 tu\u1ed5i n\u00e0o c\u0169ng v\u1eady, ta \u0111i \u0111\u1ec3 bi\u1ebft \u0111\u00f4i ch\u00e2n m\u00ecnh ch\u01b0a gi\u00e0, \u0111\u1ec3 th\u1ea5y l\u00f2ng reo vang c\u00f9ng nh\u1eefng thanh \u00e2m b\u1ea5t t\u1eadn c\u1ee7a thi\u00ean nhi\u00ean b\u00ed \u1ea9n nhi\u1ec7m m\u00e0u, \u0111\u1ec3 tr\u00e1i tim v\u00e0 nh\u1eefng t\u1ebf b\u00e0o c\u1ea3m x\u00fac \u0111\u01b0\u1ee3c rung \u0111\u1ed9ng theo v\u0169 kh\u00fac nh\u1ecbp nh\u00e0ng c\u1ee7a ng\u01b0\u1eddi d\u00e2n b\u1ea3n x\u1ee9 hay h\u01b0\u01a1ng v\u1ecb h\u1ea5p d\u1eabn c\u1ee7a nh\u1eefng m\u00f3n \u0103n mang \u0111\u1eadm b\u1ea3n s\u1eafc m\u1ed7i v\u00f9ng mi\u1ec1n, \u0111\u1ec3 l\u1ed3ng ng\u1ef1c r\u1ea1o r\u1ef1c nh\u1eefng y\u00eau th\u01b0\u01a1ng t\u1ef1 h\u00e0o, nh\u1eefng b\u1ed3i h\u1ed3i x\u1ed1n xang, v\u00e0 \u0111\u1ec3 khi tr\u1edf v\u1ec1, ta g\u00f3p v\u00e0o gia t\u00e0i c\u1ee7a ta m\u1ed9t h\u00e0nh trang \u0111\u00e1ng gi\u00e1 &#8211; h\u00e0nh trang gi\u1ee5c gi\u00e3 ta ng\u00e0y mai l\u1ea1i b\u01b0\u1edbc ti\u1ebfp l\u00ean \u0111\u01b0\u1eddng\u2026<\/p>\n<p>G\u00f3p nh\u1eb7t t\u1eebng m\u1ea9u chuy\u1ec7n, ch\u1ecdn l\u1ecdc t\u1eebng h\u00ecnh \u1ea3nh, t\u00e1c gi\u1ea3 L\u00ea Rin \u2013 th\u00f4ng qua g\u00f3c nh\u00ecn m\u1edbi m\u1ebb c\u1ee7a m\u1ed9t ng\u01b0\u1eddi tr\u1ebb v\u00e0 t\u00e0i n\u0103ng c\u1ee7a m\u1ed9t h\u1ecda s\u0129 \u2013 \u0111\u00e3 cho ra \u0111\u1eddi b\u1ed9 s\u00e1ch \u201cVi\u1ec7t Nam d\u1ecdc mi\u1ec1n du k\u00fd\u201d. Th\u00f4ng qua \u0111\u00f3, L\u00ea Rin chia s\u1ebb gia t\u00e0i c\u1ee7a m\u00ecnh cho b\u1ea5t k\u1ef3 ai mu\u1ed1n \u201cl\u00e0m gi\u00e0u\u201d t\u00e2m h\u1ed3n t\u1eeb nh\u1eefng s\u1ea3i ch\u00e2n d\u00e0i r\u1ed9ng.<\/p>\n<p>H\u00e0 Giang, C\u1ea7n Th\u01a1, Ninh Thu\u1eadn, Ph\u00fa Y\u00ean, H\u1ed9i An, Sa Pa\u2026 m\u1ed7i \u0111\u1ecba danh xu\u1ea5t hi\u1ec7n trong t\u1eadp 1 c\u1ee7a b\u1ed9 s\u00e1ch ch\u1eb3ng nh\u1eefng \u0111\u01b0\u1ee3c gi\u1edbi thi\u1ec7u b\u1eb1ng ng\u00f4n t\u1eeb m\u00e0 c\u00f2n \u0111\u01b0\u1ee3c v\u1ebd b\u1eb1ng m\u00e0u s\u1eafc, h\u00ecnh kh\u1ed1i ch\u00e2n th\u1ef1c, sinh \u0111\u1ed9ng v\u00e0 b\u1eaft m\u1eaft. Ng\u01b0\u1eddi ta n\u00f3i, \u0111\u00f3 l\u00e0 c\u00e1ch \u201ccheck \u2013 in\u201d \u0111i\u1ec7u ngh\u1ec7 c\u1ee7a t\u00e1c gi\u1ea3 \u0111\u1ed1i v\u1edbi m\u1ed7i m\u1ea3nh \u0111\u1ea5t m\u00e0 anh \u0111\u1eb7t ch\u00e2n \u0111\u1ebfn.<\/p>\n<p>Kh\u00f4ng d\u1eebng l\u1ea1i \u1edf phong c\u1ea3nh, trong \u201cVi\u1ec7t Nam d\u1ecdc mi\u1ec1n du k\u00fd\u201d t\u1eadp 1, L\u00ea Rin c\u00f2n \u0111i s\u00e2u khai th\u00e1c nh\u1eefng c\u00e2u chuy\u1ec7n v\u0103n h\u00f3a \u2013 ngh\u1ec7 thu\u1eadt \u2013 \u1ea9m th\u1ef1c m\u00e0 \u1edf \u0111\u00f3, n\u00e9t \u0111\u1eb9p lao \u0111\u1ed9ng c\u1ee7a con ng\u01b0\u1eddi ch\u00ednh l\u00e0 \u0111i\u1ec3m nh\u1ea5n. H\u1ecd c\u00f3 th\u1ec3 l\u00e0 nh\u1eefng ng\u01b0\u1eddi d\u00e2n ch\u1ea5t ph\u00e1c b\u00ecnh th\u01b0\u1eddng, c\u0169ng c\u00f3 th\u1ec3 l\u00e0 nh\u1eefng ngh\u1ec7 nh\u00e2n ngh\u1ec1 truy\u1ec1n th\u1ed1ng, nh\u01b0ng d\u00f9 l\u00e0 ai, h\u1ecd c\u0169ng \u0111\u00e3 k\u1ec3 m\u1ed9t c\u00e1ch ch\u00e2n th\u00e0nh v\u1ec1 qu\u00ea h\u01b0\u01a1ng, v\u1ec1 ni\u1ec1m t\u1ef1 h\u00e0o c\u1ee7a h\u1ecd.<\/p>\n<p>Gi\u1edd th\u00ec ch\u00fang ta h\u00e3y theo ch\u00e2n L\u00ea Rin, c\u00f9ng ng\u1eafm nh\u00ecn v\u1ebb \u0111\u1eb9p c\u1ee7a \u0111\u1ea5t n\u01b0\u1edbc \u2013 con ng\u01b0\u1eddi Vi\u1ec7t Nam qua nh\u1eefng trang s\u00e1ch ngh\u1ec7 thu\u1eadt trong \u201cVi\u1ec7t Nam d\u1ecdc mi\u1ec1n du k\u00fd\u201d t\u1eadp 1. Hi v\u1ecdng r\u1eb1ng cu\u1ed1n s\u00e1ch s\u1ebd s\u1edbm c\u00f3 trong ba l\u00f4 c\u1ee7a b\u1ea1n v\u00e0 lu\u00f4n l\u00e0 ng\u01b0\u1eddi b\u1ea1n th\u00e2n thi\u1ebft tr\u00ean h\u00e0nh tr\u00ecnh b\u1ea1n kh\u00e1m ph\u00e1 m\u1ea3nh \u0111\u1ea5t h\u00ecnh ch\u1eef S n\u00e0y.<\/p>\n","protected":false},"featured_media":1286,"template":"","meta":{"_acf_changed":false},"product_brand":[],"product_cat":[15,47],"product_tag":[],"class_list":{"0":"post-1299","1":"product","2":"type-product","3":"status-publish","4":"has-post-thumbnail","6":"product_cat-sach-danh-cho-nguoi-lon","7":"product_cat-truyen-ngan-tan-van","9":"first","10":"outofstock","11":"taxable","12":"shipping-taxable","13":"purchasable","14":"product-type-simple"},"supplier_id":null,"supplier_sku":"","barcode":null,"atum_controlled":true,"out_stock_date":"2021-05-04 07:08:09","out_stock_threshold":null,"inheritable":false,"inbound_stock":0,"stock_on_hold":0,"sold_today":0,"sales_last_days":0,"reserved_stock":0,"customer_returns":0,"warehouse_damage":0,"lost_in_post":0,"other_logs":0,"out_stock_days":1730,"lost_sales":0,"has_location":false,"update_date":"2026-01-28T23:10:29","atum_locations":[],"atum_stock_status":"outofstock","restock_status":false,"low_stock_amount":"","sales_update_date":"2026-01-28T23:10:29","calc_backorders":null,"acf":{"publisher":{"ID":1474,"post_author":"1","post_date":"2021-02-17 01:12:51","post_date_gmt":"2021-02-16 23:12:51","post_content":"","post_title":"Th\u00e1i H\u00e0","post_excerpt":"","post_status":"publish","comment_status":"closed","ping_status":"closed","post_password":"","post_name":"thai-ha","to_ping":"","pinged":"","post_modified":"2021-02-17 01:12:51","post_modified_gmt":"2021-02-16 23:12:51","post_content_filtered":"","post_parent":0,"guid":"https:\/\/sachviet.eu\/nha-phat-hanh\/thai-ha\/","menu_order":0,"post_type":"publisher","post_mime_type":"","comment_count":"0","filter":"raw"}},"_links":{"self":[{"href":"https:\/\/sachviet.eu\/en\/wp-json\/wp\/v2\/product\/1299","targetHints":{"allow":["GET"]}}],"collection":[{"href":"https:\/\/sachviet.eu\/en\/wp-json\/wp\/v2\/product"}],"about":[{"href":"https:\/\/sachviet.eu\/en\/wp-json\/wp\/v2\/types\/product"}],"wp:featuredmedia":[{"embeddable":true,"href":"https:\/\/sachviet.eu\/en\/wp-json\/wp\/v2\/media\/1286"}],"wp:attachment":[{"href":"https:\/\/sachviet.eu\/en\/wp-json\/wp\/v2\/media?parent=1299"}],"wp:term":[{"taxonomy":"product_brand","embeddable":true,"href":"https:\/\/sachviet.eu\/en\/wp-json\/wp\/v2\/product_brand?post=1299"},{"taxonomy":"product_cat","embeddable":true,"href":"https:\/\/sachviet.eu\/en\/wp-json\/wp\/v2\/product_cat?post=1299"},{"taxonomy":"product_tag","embeddable":true,"href":"https:\/\/sachviet.eu\/en\/wp-json\/wp\/v2\/product_tag?post=1299"}],"curies":[{"name":"wp","href":"https:\/\/api.w.org\/{rel}","templated":true}]}}