{"id":12987,"date":"2021-06-11T23:41:19","date_gmt":"2021-06-11T20:41:19","guid":{"rendered":"https:\/\/sachviet.eu\/shop\/nhan-to-enzyme-tron-bo-4-quyen-tai-ban\/"},"modified":"2023-12-13T10:40:40","modified_gmt":"2023-12-13T08:40:40","slug":"nhan-to-enzyme-tron-bo-4-quyen-tai-ban","status":"publish","type":"product","link":"https:\/\/sachviet.eu\/en\/shop\/nhan-to-enzyme-tron-bo-4-quyen-tai-ban\/","title":{"rendered":"Nh\u00e2n T\u1ed1 Enzyme (Tr\u1ecdn B\u1ed9 4 quy\u1ec3n) &#8211; T\u00e1i B\u1ea3n"},"content":{"rendered":"<p>Ng\u00e0y nay, n\u1ec1n y h\u1ecdc hi\u1ec7n \u0111\u1ea1i \u0111ang kh\u00f4ng ng\u1eebng ph\u00e1t tri\u1ec3n, th\u1ebf nh\u01b0ng t\u1ea1i sao s\u1ed1 ng\u01b0\u1eddi ph\u1ea3i ch\u1ed1ng ch\u1ecdi v\u1edbi b\u1ec7nh t\u1eadt v\u1eabn kh\u00f4ng h\u1ec1 gi\u1ea3m b\u1edbt?<\/p>\n<p>Sau h\u00e0ng ch\u1ee5c n\u0103m nghi\u00ean c\u1ee9u, b\u00e1c s\u0129 Hiromi Shinya nh\u1eadn ra r\u1eb1ng vi\u1ec7c m\u1ed9t ng\u01b0\u1eddi h\u1ea5p thu lo\u1ea1i th\u1ef1c ph\u1ea9m g\u00ec, v\u1edbi s\u1ed1 l\u01b0\u1ee3ng bao nhi\u00eau, c\u0169ng nh\u01b0 c\u00f3 th\u00f3i quen sinh ho\u1ea1t nh\u01b0 th\u1ebf n\u00e0o \u0111\u1ec1u quan h\u1ec7 m\u1eadt thi\u1ebft t\u1edbi v\u1ecb t\u01b0\u1edbng, tr\u00e0ng t\u01b0\u1edbng. H\u01a1n n\u1eefa, vi\u1ec7c n\u00e0y c\u00f2n li\u00ean quan t\u1edbi c\u1ea3 t\u00ecnh tr\u1ea1ng s\u1ee9c kh\u1ecfe c\u1ee7a ch\u00ednh ng\u01b0\u1eddi \u0111\u00f3.<\/p>\n<p>T\u1ea1i c\u00e1c c\u01a1 s\u1edf y t\u1ebf, c\u00e1c b\u00e1c s\u0129 c\u0169ng h\u01b0\u1edbng d\u1eabn \u0103n u\u1ed1ng \u0111\u1ed1i v\u1edbi m\u1ed9t s\u1ed1 c\u0103n b\u1ec7nh c\u1ea7n ph\u1ea3i h\u1ea1n ch\u1ebf \u0103n u\u1ed1ng nh\u01b0 b\u1ec7nh ti\u1ec3u \u0111\u01b0\u1eddng. Tuy nhi\u00ean, nh\u1eefng h\u01b0\u1edbng d\u1eabn \u0111\u00f3 ch\u1ec9 gi\u00fap b\u1ec7nh t\u00ecnh kh\u00f4ng tr\u1edf n\u1eb7ng h\u01a1n. Kh\u00f4ng qu\u00e1 l\u1eddi khi n\u00f3i r\u1eb1ng cho \u0111\u1ebfn nay, nh\u1eefng h\u01b0\u1edbng d\u1eabn trong c\u00e1ch \u0103n u\u1ed1ng, sinh ho\u1ea1t \u0111\u1ec3 b\u1ec7nh nh\u00e2n kh\u00f4ng b\u1ecb b\u1ec7nh, hay c\u00f3 th\u1ec3 s\u1ed1ng th\u1ecd m\u1ed9t c\u00e1ch kh\u1ecfe m\u1ea1nh v\u1eabn c\u00f2n l\u00e0 \u0111i\u1ec3m m\u00f9 c\u1ee7a n\u1ec1n y h\u1ecdc hi\u1ec7n \u0111\u1ea1i.<\/p>\n<p>V\u1ed1n d\u0129 c\u01a1 th\u1ec3 con ng\u01b0\u1eddi c\u00f3 r\u1ea5t nhi\u1ec1u h\u1ec7 th\u1ed1ng ph\u00f2ng v\u1ec7 v\u00e0 c\u01a1 ch\u1ebf mi\u1ec5n d\u1ecbch b\u1ea3o v\u1ec7 kh\u1ecfi b\u1ec7nh t\u1eadt. Do \u0111\u00f3, n\u1ebfu kh\u00f4ng ph\u1ea3i l\u00e0 c\u00e1c v\u1ea5n \u0111\u1ec1 b\u1ea9m sinh, ch\u1ec9 c\u1ea7n kh\u00f4ng l\u00e0m nh\u1eefng vi\u1ec7c qu\u00e1 b\u1ea5t th\u01b0\u1eddng th\u00ec d\u00f9 \u0111\u00f4i khi vi ph\u1ea1m m\u1ed9t hai \u0111i\u1ec1u, b\u1ea1n v\u1eabn s\u1ebd kh\u00f4ng b\u1ecb m\u1eafc b\u1ec7nh.<\/p>\n<p>Nguy\u00ean nh\u00e2n l\u1edbn nh\u1ea5t khi\u1ebfn c\u01a1 th\u1ec3 v\u1ed1n c\u00f3 c\u01a1 ch\u1ebf t\u1ef1 b\u1ea3o v\u1ec7 b\u1ecb m\u1eafc b\u1ec7nh ch\u00ednh l\u00e0 do \u201cth\u00f3i quen \u0103n u\u1ed1ng v\u00e0 sinh ho\u1ea1t sai l\u1ea7m\u201d \u0111\u01b0\u1ee3c t\u00edch l\u0169y trong th\u1eddi gian d\u00e0i.<\/p>\n<p>Do ph\u1ea7n l\u1edbn m\u1ecdi ng\u01b0\u1eddi kh\u00f4ng bi\u1ebft th\u1ef1c ph\u1ea9m n\u00e0o l\u00e0 t\u1ed1t, th\u1ef1c ph\u1ea9m n\u00e0o l\u00e0 kh\u00f4ng t\u1ed1t \u0111\u1ed1i v\u1edbi c\u01a1 th\u1ec3 con ng\u01b0\u1eddi n\u00ean m\u1edbi b\u1ecb m\u1eafc b\u1ec7nh. V\u1edbi t\u00e2m nguy\u1ec7n gi\u1edbi thi\u1ec7u v\u1ec1 th\u00f3i quen \u0103n u\u1ed1ng v\u00e0 sinh ho\u1ea1t \u0111\u00fang \u0111\u1eafn \u0111\u1ec3 gi\u00fap m\u1ecdi ng\u01b0\u1eddi c\u00f3 th\u1ec3 duy tr\u00ec s\u1ee9c kh\u1ecfe c\u1ee7a b\u1ea3n th\u00e2n, t\u00e1c gi\u1ea3 \u0111\u00e3 cho ra \u0111\u1eddi cu\u1ed1n s\u00e1ch Nh\u00e2n t\u1ed1 enzyme \u2013 Ph\u01b0\u01a1ng th\u1ee9cs\u1ed1ng l\u00e0nh m\u1ea1nh gi\u1edbi thi\u1ec7u v\u1edbi m\u1ecdi ng\u01b0\u1eddi v\u1ec1 \u201cb\u1eefa \u0103n l\u00fd t\u01b0\u1edfng\u201d v\u00e0 th\u00f3i quen sinh ho\u1ea1t l\u00fd t\u01b0\u1edfng\u201d. \u0110\u00e3 nh\u1eadn \u0111\u01b0\u1ee3c r\u1ea5t nhi\u1ec1u ph\u1ea3n h\u1ed3i t\u1eeb b\u1ea1n \u0111\u1ecdc tr\u00ean th\u1ebf gi\u1edbi.<\/p>\n<p>Nh\u01b0ng n\u1ebfu nh\u01b0 Nh\u00e2n t\u1ed1 enzyme \u2013 Ph\u01b0\u01a1ng th\u1ee9c s\u1ed1ng l\u00e0nh m\u1ea1nh ch\u1ec9 l\u00e0 nh\u1eefng \u0111\u1ec1 xu\u1ea5t \u201cl\u00fd t\u01b0\u1edfng\u201d, th\u00ec cu\u1ed1n s\u00e1ch n\u00e0y c\u1ee7a t\u00e1c gi\u1ea3 ch\u00ednh l\u00e0 \u201ccu\u1ed1n th\u1ef1c h\u00e0nh\u201d \u0111\u1ec3 b\u1ea1n c\u00f3 th\u1ec3 v\u1eeba t\u1eadn h\u01b0\u1edfng cu\u1ed9c s\u1ed1ng, v\u1eeba bi\u1ebft c\u00e1ch \u0103n u\u1ed1ng, sinh ho\u1ea1t t\u1ed1t cho c\u01a1 th\u1ec3 c\u1ee7a m\u00ecnh. Trong cu\u1ed1n s\u00e1ch n\u00e0y, t\u00e1c gi\u1ea3 \u0111\u00e3 tr\u00ecnh b\u00e0y nhi\u1ec1u ph\u01b0\u01a1ng ph\u00e1p \u0111\u1ec3 b\u1ea1n c\u00f3 th\u1ec3 bi\u1ebft \u0111\u01b0\u1ee3c gi\u1edbi h\u1ea1n cho ph\u00e9p c\u1ee7a b\u1ea3n th\u00e2n v\u00e0 c\u00f3 th\u1ec3 th\u1ef1c hi\u1ec7n nh\u1eefng th\u00f3i quen sinh ho\u1ea1t t\u1ed1t cho c\u01a1 th\u1ec3 m\u00e0 kh\u00f4ng qu\u00e1 h\u00e0 kh\u1eafc.<\/p>\n<p>Hy v\u1ecdng r\u1eb1ng b\u1ea1n c\u00f3 th\u1ec3 t\u00ecm th\u1ea5y ph\u01b0\u01a1ng ph\u00e1p ph\u00f9 h\u1ee3p v\u1edbi l\u1ed1i s\u1ed1ng ri\u00eang c\u1ee7a m\u00ecnh \u0111\u1ec3 c\u00f3 th\u1ec3 v\u1eeba t\u1eadn h\u01b0\u1edfng cu\u1ed9c s\u1ed1ng, v\u1eeba c\u00f3 th\u1ec3 s\u1ed1ng kh\u1ecfe m\u1ea1nh m\u1ed7i ng\u00e0y.<\/p>\n<p>1. Nh\u00e2n T\u1ed1 Enzyme &#8211; Minh H\u1ecda (T\u00e1i B\u1ea3n 2018)<\/p>\n<p>2. \u200bNh\u00e2n T\u1ed1 Enzyme 2 &#8211; Th\u1ef1c H\u00e0nh (T\u00e1i B\u1ea3n 2018)<\/p>\n<p>3. Nh\u00e2n T\u1ed1 Enzyme &#8211; Ph\u01b0\u01a1ng Th\u1ee9c S\u1ed1ng L\u00e0nh M\u1ea1nh (T\u00e1i B\u1ea3n 2019)<\/p>\n<p>4. Nh\u00e2n T\u1ed1 Enzyme 3 &#8211; Tr\u1ebb H\u00f3a (T\u00e1i B\u1ea3n 2018)<\/p>\n","protected":false},"excerpt":{"rendered":"<p>Ng\u00e0y nay, n\u1ec1n y h\u1ecdc hi\u1ec7n \u0111\u1ea1i \u0111ang kh\u00f4ng ng\u1eebng ph\u00e1t tri\u1ec3n, th\u1ebf nh\u01b0ng t\u1ea1i sao s\u1ed1 ng\u01b0\u1eddi ph\u1ea3i ch\u1ed1ng ch\u1ecdi v\u1edbi b\u1ec7nh t\u1eadt v\u1eabn kh\u00f4ng h\u1ec1 gi\u1ea3m b\u1edbt?<\/p>\n<p>Sau h\u00e0ng ch\u1ee5c n\u0103m nghi\u00ean c\u1ee9u, b\u00e1c s\u0129 Hiromi Shinya nh\u1eadn ra r\u1eb1ng vi\u1ec7c m\u1ed9t ng\u01b0\u1eddi h\u1ea5p thu lo\u1ea1i th\u1ef1c ph\u1ea9m g\u00ec, v\u1edbi s\u1ed1 l\u01b0\u1ee3ng bao nhi\u00eau, c\u0169ng nh\u01b0 c\u00f3 th\u00f3i quen sinh ho\u1ea1t nh\u01b0 th\u1ebf n\u00e0o \u0111\u1ec1u quan h\u1ec7 m\u1eadt thi\u1ebft t\u1edbi v\u1ecb t\u01b0\u1edbng, tr\u00e0ng t\u01b0\u1edbng. H\u01a1n n\u1eefa, vi\u1ec7c n\u00e0y c\u00f2n li\u00ean quan t\u1edbi c\u1ea3 t\u00ecnh tr\u1ea1ng s\u1ee9c kh\u1ecfe c\u1ee7a ch\u00ednh ng\u01b0\u1eddi \u0111\u00f3.<\/p>\n<p>T\u1ea1i c\u00e1c c\u01a1 s\u1edf y t\u1ebf, c\u00e1c b\u00e1c s\u0129 c\u0169ng h\u01b0\u1edbng d\u1eabn \u0103n u\u1ed1ng \u0111\u1ed1i v\u1edbi m\u1ed9t s\u1ed1 c\u0103n b\u1ec7nh c\u1ea7n ph\u1ea3i h\u1ea1n ch\u1ebf \u0103n u\u1ed1ng nh\u01b0 b\u1ec7nh ti\u1ec3u \u0111\u01b0\u1eddng. Tuy nhi\u00ean, nh\u1eefng h\u01b0\u1edbng d\u1eabn \u0111\u00f3 ch\u1ec9 gi\u00fap b\u1ec7nh t\u00ecnh kh\u00f4ng tr\u1edf n\u1eb7ng h\u01a1n. Kh\u00f4ng qu\u00e1 l\u1eddi khi n\u00f3i r\u1eb1ng cho \u0111\u1ebfn nay, nh\u1eefng h\u01b0\u1edbng d\u1eabn trong c\u00e1ch \u0103n u\u1ed1ng, sinh ho\u1ea1t \u0111\u1ec3 b\u1ec7nh nh\u00e2n kh\u00f4ng b\u1ecb b\u1ec7nh, hay c\u00f3 th\u1ec3 s\u1ed1ng th\u1ecd m\u1ed9t c\u00e1ch kh\u1ecfe m\u1ea1nh v\u1eabn c\u00f2n l\u00e0 \u0111i\u1ec3m m\u00f9 c\u1ee7a n\u1ec1n y h\u1ecdc hi\u1ec7n \u0111\u1ea1i.<\/p>\n<p>V\u1ed1n d\u0129 c\u01a1 th\u1ec3 con ng\u01b0\u1eddi c\u00f3 r\u1ea5t nhi\u1ec1u h\u1ec7 th\u1ed1ng ph\u00f2ng v\u1ec7 v\u00e0 c\u01a1 ch\u1ebf mi\u1ec5n d\u1ecbch b\u1ea3o v\u1ec7 kh\u1ecfi b\u1ec7nh t\u1eadt. Do \u0111\u00f3, n\u1ebfu kh\u00f4ng ph\u1ea3i l\u00e0 c\u00e1c v\u1ea5n \u0111\u1ec1 b\u1ea9m sinh, ch\u1ec9 c\u1ea7n kh\u00f4ng l\u00e0m nh\u1eefng vi\u1ec7c qu\u00e1 b\u1ea5t th\u01b0\u1eddng th\u00ec d\u00f9 \u0111\u00f4i khi vi ph\u1ea1m m\u1ed9t hai \u0111i\u1ec1u, b\u1ea1n v\u1eabn s\u1ebd kh\u00f4ng b\u1ecb m\u1eafc b\u1ec7nh.<\/p>\n<p>Nguy\u00ean nh\u00e2n l\u1edbn nh\u1ea5t khi\u1ebfn c\u01a1 th\u1ec3 v\u1ed1n c\u00f3 c\u01a1 ch\u1ebf t\u1ef1 b\u1ea3o v\u1ec7 b\u1ecb m\u1eafc b\u1ec7nh ch\u00ednh l\u00e0 do \u201cth\u00f3i quen \u0103n u\u1ed1ng v\u00e0 sinh ho\u1ea1t sai l\u1ea7m\u201d \u0111\u01b0\u1ee3c t\u00edch l\u0169y trong th\u1eddi gian d\u00e0i.<\/p>\n<p>Do ph\u1ea7n l\u1edbn m\u1ecdi ng\u01b0\u1eddi kh\u00f4ng bi\u1ebft th\u1ef1c ph\u1ea9m n\u00e0o l\u00e0 t\u1ed1t, th\u1ef1c ph\u1ea9m n\u00e0o l\u00e0 kh\u00f4ng t\u1ed1t \u0111\u1ed1i v\u1edbi c\u01a1 th\u1ec3 con ng\u01b0\u1eddi n\u00ean m\u1edbi b\u1ecb m\u1eafc b\u1ec7nh. V\u1edbi t\u00e2m nguy\u1ec7n gi\u1edbi thi\u1ec7u v\u1ec1 th\u00f3i quen \u0103n u\u1ed1ng v\u00e0 sinh ho\u1ea1t \u0111\u00fang \u0111\u1eafn \u0111\u1ec3 gi\u00fap m\u1ecdi ng\u01b0\u1eddi c\u00f3 th\u1ec3 duy tr\u00ec s\u1ee9c kh\u1ecfe c\u1ee7a b\u1ea3n th\u00e2n, t\u00e1c gi\u1ea3 \u0111\u00e3 cho ra \u0111\u1eddi cu\u1ed1n s\u00e1ch Nh\u00e2n t\u1ed1 enzyme \u2013 Ph\u01b0\u01a1ng th\u1ee9cs\u1ed1ng l\u00e0nh m\u1ea1nh gi\u1edbi thi\u1ec7u v\u1edbi m\u1ecdi ng\u01b0\u1eddi v\u1ec1 \u201cb\u1eefa \u0103n l\u00fd t\u01b0\u1edfng\u201d v\u00e0 th\u00f3i quen sinh ho\u1ea1t l\u00fd t\u01b0\u1edfng\u201d. \u0110\u00e3 nh\u1eadn \u0111\u01b0\u1ee3c r\u1ea5t nhi\u1ec1u ph\u1ea3n h\u1ed3i t\u1eeb b\u1ea1n \u0111\u1ecdc tr\u00ean th\u1ebf gi\u1edbi.<\/p>\n","protected":false},"featured_media":12986,"template":"","meta":{"_acf_changed":false},"product_brand":[],"product_cat":[18],"product_tag":[],"class_list":{"0":"post-12987","1":"product","2":"type-product","3":"status-publish","4":"has-post-thumbnail","6":"product_cat-kinh-te","8":"first","9":"outofstock","10":"taxable","11":"shipping-taxable","12":"purchasable","13":"product-type-simple"},"supplier_id":null,"supplier_sku":"","barcode":null,"atum_controlled":true,"out_stock_date":"2023-12-13 08:40:40","out_stock_threshold":null,"inheritable":false,"inbound_stock":0,"stock_on_hold":0,"sold_today":0,"sales_last_days":0,"reserved_stock":0,"customer_returns":0,"warehouse_damage":0,"lost_in_post":0,"other_logs":0,"out_stock_days":777,"lost_sales":0,"has_location":false,"update_date":"2026-01-28T23:10:52","atum_locations":[],"atum_stock_status":"outofstock","restock_status":false,"low_stock_amount":"","sales_update_date":"2026-01-28T23:10:52","calc_backorders":null,"acf":{"publisher":{"ID":1474,"post_author":"1","post_date":"2021-02-17 01:12:51","post_date_gmt":"2021-02-16 23:12:51","post_content":"","post_title":"Th\u00e1i H\u00e0","post_excerpt":"","post_status":"publish","comment_status":"closed","ping_status":"closed","post_password":"","post_name":"thai-ha","to_ping":"","pinged":"","post_modified":"2021-02-17 01:12:51","post_modified_gmt":"2021-02-16 23:12:51","post_content_filtered":"","post_parent":0,"guid":"https:\/\/sachviet.eu\/nha-phat-hanh\/thai-ha\/","menu_order":0,"post_type":"publisher","post_mime_type":"","comment_count":"0","filter":"raw"}},"_links":{"self":[{"href":"https:\/\/sachviet.eu\/en\/wp-json\/wp\/v2\/product\/12987","targetHints":{"allow":["GET"]}}],"collection":[{"href":"https:\/\/sachviet.eu\/en\/wp-json\/wp\/v2\/product"}],"about":[{"href":"https:\/\/sachviet.eu\/en\/wp-json\/wp\/v2\/types\/product"}],"wp:featuredmedia":[{"embeddable":true,"href":"https:\/\/sachviet.eu\/en\/wp-json\/wp\/v2\/media\/12986"}],"wp:attachment":[{"href":"https:\/\/sachviet.eu\/en\/wp-json\/wp\/v2\/media?parent=12987"}],"wp:term":[{"taxonomy":"product_brand","embeddable":true,"href":"https:\/\/sachviet.eu\/en\/wp-json\/wp\/v2\/product_brand?post=12987"},{"taxonomy":"product_cat","embeddable":true,"href":"https:\/\/sachviet.eu\/en\/wp-json\/wp\/v2\/product_cat?post=12987"},{"taxonomy":"product_tag","embeddable":true,"href":"https:\/\/sachviet.eu\/en\/wp-json\/wp\/v2\/product_tag?post=12987"}],"curies":[{"name":"wp","href":"https:\/\/api.w.org\/{rel}","templated":true}]}}