{"id":12960,"date":"2021-06-11T23:40:07","date_gmt":"2021-06-11T20:40:07","guid":{"rendered":"https:\/\/sachviet.eu\/shop\/lac-tri-2-tap-ban-thuong\/"},"modified":"2021-06-12T13:08:03","modified_gmt":"2021-06-12T10:08:03","slug":"lac-tri-2-tap-ban-thuong","status":"publish","type":"product","link":"https:\/\/sachviet.eu\/en\/shop\/lac-tri-2-tap-ban-thuong\/","title":{"rendered":"L\u1ea1c Tr\u00ec (2 T\u1eadp) &#8211; B\u1ea3n Th\u01b0\u1eddng"},"content":{"rendered":"<p>Di\u1ec7p Kh\u00e2m \u2013 c\u1eadu thi\u1ebfu ni\u00ean trong th\u1eddi k\u1ef3 ph\u1ea3n ngh\u1ecbch v\u00e0 n\u1ed5i lo\u1ea1n khi bi\u1ebft cha m\u00ecnh ngo\u1ea1i t\u00ecnh l\u00e0m t\u1ed5n th\u01b0\u01a1ng m\u1eb9 khi\u1ebfn c\u1eadu tr\u1edf n\u00ean m\u1eabn c\u1ea3m h\u01a1n. Nh\u1ea5t l\u00e0 ng\u01b0\u1eddi c\u1eadu t\u01b0\u1edfng l\u00e0 con ri\u00eang c\u1ee7a cha l\u1ea1i h\u1ecdc c\u00f9ng tr\u01b0\u1eddng v\u1edbi c\u1eadu, m\u1ecdi m\u1eb7t \u0111\u1ec1u gi\u1ecfi h\u01a1n c\u1eadu nh\u01b0 l\u00e0 m\u1ed1i \u0111e do\u1ea1 l\u1edbn cho gia \u0111\u00ecnh ng\u01b0\u1ee1ng t\u01b0\u1edfng h\u1ea1nh ph\u00fac trong m\u1eaft ng\u01b0\u1eddi ngo\u00e0i kia. V\u1eady n\u00ean, v\u1edbi s\u1ef1 b\u1ed3ng b\u1ed9t tu\u1ed5i tr\u1ebb khi\u1ebfn c\u1eadu \u0111\u1ed3ng \u00fd v\u1edbi ph\u01b0\u01a1ng \u00e1n \u0111\u00e1m b\u1ea1n b\u00e0y m\u01b0u t\u00ednh k\u1ebf cho m\u00e0 ch\u1ea1y theo ng\u01b0\u1eddi con trai c\u1eadu gh\u00e9t nh\u1ea5t, l\u00e0 ng\u01b0\u1eddi \u0111\u00e3 ph\u00e1 ho\u1ea1i h\u1ea1nh ph\u00fac gia \u0111\u00ecnh c\u1eadu, \u0111e do\u1ea1 \u0111\u1ebfn quy\u1ec1n th\u1eeba h\u01b0\u1edfng t\u00e0i s\u1ea3n sau n\u00e0y c\u1ee7a c\u1eadu,\u2026 Di\u1ec7p Kh\u00e2m d\u00f9 kh\u00f4ng ch\u1ecbu th\u1eeba nh\u1eadn nh\u01b0ng ch\u1eb3ng bi\u1ebft t\u1ef1 l\u00fac n\u00e0o c\u1eadu ch\u00e0ng kh\u1edd d\u1ea1i n\u00e0y \u0111\u00e3 l\u1ee1 y\u00eau ch\u00ednh ng\u01b0\u1eddi m\u00e0 c\u1eadu gh\u00e9t nh\u1ea5t \u2013 Tr\u00ecnh Phi Tr\u00ec.<\/p>\n<p>Tr\u00ecnh Phi Tr\u00ec \u2013 tr\u1ea7m \u1ed5n, \u00f4n nhu l\u00e0 m\u1ed9t h\u1ecdc sinh gi\u1ecfi to\u00e0n di\u1ec7n t\u1eeb h\u1ecdc th\u1ee9c \u0111\u1ebfn th\u1ec3 thao. Anh mang trong m\u00ecnh m\u1ed9t v\u1ebft th\u01b0\u01a1ng l\u00f2ng \u0111\u01b0\u1ee3c d\u1ea5u k\u00edn k\u1ebd trong tr\u00e1i tim ch\u1eb3ng ai c\u00f3 th\u1ec3 ch\u1ea1m t\u1edbi. L\u00e0 m\u1ed9t c\u1ed7 m\u00e1y lu\u00f4n ho\u1ea1t \u0111\u1ed9ng h\u1ebft c\u00f4ng xu\u1ea5t v\u1edbi m\u1ed9t \u00fd ngh\u0129 ki\u1ebfm ti\u1ec1n m\u00e3nh li\u1ec7t \u0111\u1ec3 cho m\u1eb9 m\u1ed9t cu\u1ed9c s\u1ed1ng t\u1ed1t h\u01a1n kh\u00f4ng c\u1ea7n tr\u1ea3i qua nh\u1eefng kh\u1ed5 c\u1ef1c m\u00e0 c\u1ea3 2 \u0111\u00e3 t\u1eebng ph\u1ea3i ch\u1ecbu l\u00fac tr\u01b0\u1edbc n\u1eefa. Trong t\u00e2m tr\u00ed c\u1ee7a anh ch\u1ec9 c\u00f3 hai th\u1ee9 h\u1ecdc v\u00e0 l\u00e0m vi\u1ec7c ki\u1ebfm ti\u1ec1n; cho \u0111\u1ebfn m\u1ed9t ng\u00e0y b\u00f3ng d\u00e1ng nh\u1ecf g\u1ea7y xinh x\u1eafn c\u1ee9 th\u1ec3 \u0111i\u1ec1m nhi\u00ean b\u01b0\u1edbc v\u00e0o cu\u1ed9c s\u1ed1ng c\u1ee7a anh t\u1eeb l\u00fac n\u00e0o kh\u00f4ng hay. Ng\u01b0\u1ee1ng t\u01b0\u1edfng c\u1eadu ta ch\u1ec9 ch\u01a1i \u0111\u00f9a ch\u1ed1c l\u00e1t r\u1ed3i \u0111i, anh s\u1eb5n s\u00e0ng b\u1ed3i ch\u01a1i m\u1ed9t ch\u00fat v\u1eady m\u00e0 c\u1eadu c\u1ee9 l\u1ef3 l\u1ee3m \u1edf \u0111\u1ea5y m\u00e3i, khu\u1ea5y \u0111\u1ea3o cu\u1ed9c s\u1ed1ng c\u1ee7a anh, gan l\u1ef3 kh\u00f4ng t\u1eeb b\u1ecf t\u1eebng ch\u00fat t\u1eebng ch\u00fat len l\u00f3i v\u00e0o tr\u00e1i tim anh; \u0111\u00f3 l\u00e0 Di\u1ec7p Kh\u00e2m.<\/p>\n<p>B\u1eaft \u0111\u1ea7u t\u1eeb m\u1ed9t hi\u1ec3u l\u1ea7m tai h\u1ea1i, c\u1eadu ch\u00e0ng Di\u1ec7p Kh\u00e2m stun v\u00e0 b\u1ed1c \u0111\u1ed3ng \u0111\u00e3 tr\u0103m ph\u01b0\u01a1ng ng\u00e0n k\u1ebf k\u00e9o Tr\u00ecnh Phi Tr\u00ec v\u00e0 m\u00ecnh t\u1eeb 2 \u0111\u01b0\u1eddng th\u1eb3ng song song kh\u00f4ng th\u1ec3 ch\u1ea1m t\u1edbi v\u00e0o th\u1ec3 gi\u1edbi c\u1ee7a m\u00ecnh. Du\u0300 mu\u0323c \u0111i\u0301ch ban \u0111a\u0302\u0300u la\u0300 tro\u0300 tra\u0309 thu\u0300 a\u0302\u0301u tri\u0303 ngu ngo\u0302\u0301c, nhu\u031bng Die\u0323\u0302p Kha\u0302m cha\u0306\u0309ng the\u0302\u0309 ngo\u031b\u0300 ra\u0306\u0300ng, ba\u0309n tha\u0302n la\u0323i vo\u0302 ti\u0300nh chi\u0300m \u0111a\u0306\u0301m trong su\u031b\u0323 di\u0323u da\u0300ng cu\u0309a anh. Tri\u0300nh Phi Tri\u0300 nhu\u031b ngo\u0323n ne\u0302\u0301n su\u031bo\u031b\u0309i a\u0302\u0301m tra\u0301i tim bi\u0323 to\u0302\u0309n thu\u031bo\u031bng vi\u0300 gia \u0111i\u0300nh ra\u0323n nu\u031b\u0301t cu\u0309a Die\u0323\u0302p Kha\u0302m, co\u0300n Die\u0323\u0302p Kha\u0302m cu\u0303ng chi\u0301nh la\u0300 va\u0302\u0300ng ma\u0323\u0306t tro\u031b\u0300i nho\u0309 xua tan la\u0323nh le\u0303o trong cuo\u0323\u0302c \u0111o\u031b\u0300i anh. Nhu\u031bng ro\u0302\u0300i bo\u031b\u0309i nguo\u0302\u0300n ca\u0306n hie\u0302\u0309u la\u0302\u0300m tu\u031b\u0300 tru\u031bo\u031b\u0301c, co\u0323\u0302ng the\u0302m su\u031b\u0323 vo\u0323\u0302i va\u0303 ngo\u0302ng cuo\u0302\u0300ng ma\u0300 non no\u031b\u0301t cu\u0309a tuo\u0302\u0309i tre\u0309, Die\u0323\u0302p Kha\u0302m \u0111a\u0303 la\u0300m to\u0302\u0309n thu\u031bo\u031bng sa\u0302u sa\u0306\u0301c Tri\u0300nh Phi Tri\u0300 ngay trong lu\u0301c anh ye\u0302\u0301u \u0111uo\u0302\u0301i nha\u0302\u0301t. Mo\u0302\u0301i ti\u0300nh \u0111a\u0302\u0300u nga\u0302y ngo\u0302 nhu\u031b\u0303ng tu\u031bo\u031b\u0309ng se\u0303 ke\u0301o da\u0300i ca\u0309 \u0111o\u031b\u0300i, gio\u031b\u0300 \u0111a\u0302y chi\u0309 co\u0300n la\u0300 gia\u0302\u0301c mo\u0323\u0302ng vo\u031b\u0303 tan.<\/p>\n<p>Na\u0306m na\u0306m sau, hoa\u0300n ca\u0309nh cu\u0309a hai ngu\u031bo\u031b\u0300i hoa\u0300n toa\u0300n \u0111a\u0309o ngu\u031bo\u031b\u0323c, Die\u0323\u0302p Kha\u0302m la\u0300 nghe\u0323\u0302 si\u0303 nho\u0309 cha\u0306\u0309ng co\u0301 tie\u0302\u0301ng ta\u0306m bi\u0323 ke\u0309 kha\u0301c ba\u0306\u0301t na\u0323t \u0111u\u0309 \u0111u\u031bo\u031b\u0300ng, co\u0300n Tri\u0300nh Phi Tri\u0300 \u0111a\u0303 tro\u031b\u0309 tha\u0300nh mo\u0323\u0302t doanh nha\u0302n tha\u0300nh \u0111a\u0323t \u0111u\u031bo\u031b\u0323c ngu\u031bo\u031b\u0300i ngu\u031bo\u031b\u0300i ngu\u031bo\u031b\u0303ng mo\u0323\u0302. Ti\u0300nh ca\u0309m cho\u0302n sa\u0302u trong tra\u0301i tim tru\u031bo\u031b\u0301c \u0111a\u0302y la\u0323i u\u0300a ve\u0302\u0300, so\u0302\u0301 pha\u0323\u0302n da\u0302\u0303n da\u0306\u0301t ca\u0309 hai quay la\u0323i vo\u031b\u0301i nhau, mo\u0323\u0302t la\u0302\u0300n nu\u031b\u0303a chu\u031b\u0303a la\u0300nh nhu\u031b\u0303ng to\u0302\u0309n thu\u031bo\u031bng va\u0300 gia\u0309i to\u0309a hie\u0302\u0309u la\u0302\u0300m tru\u031bo\u031b\u0301c kia.<\/p>\n<p>\u201cNo\u031bi co\u0301 anh se\u0303 la\u0300 phu\u031bo\u031bng hu\u031bo\u031b\u0301ng cu\u0309a em.<\/p>\n<p>Anh o\u031b\u0309 \u0111a\u0302u, em se\u0303 \u0111a\u0323\u0306t cha\u0302n \u0111e\u0302\u0301n \u0111a\u0302\u0301y.\u201d<\/p>\n","protected":false},"excerpt":{"rendered":"<p>Di\u1ec7p Kh\u00e2m \u2013 c\u1eadu thi\u1ebfu ni\u00ean trong th\u1eddi k\u1ef3 ph\u1ea3n ngh\u1ecbch v\u00e0 n\u1ed5i lo\u1ea1n khi bi\u1ebft cha m\u00ecnh ngo\u1ea1i t\u00ecnh l\u00e0m t\u1ed5n th\u01b0\u01a1ng m\u1eb9 khi\u1ebfn c\u1eadu tr\u1edf n\u00ean m\u1eabn c\u1ea3m h\u01a1n. Nh\u1ea5t l\u00e0 ng\u01b0\u1eddi c\u1eadu t\u01b0\u1edfng l\u00e0 con ri\u00eang c\u1ee7a cha l\u1ea1i h\u1ecdc c\u00f9ng tr\u01b0\u1eddng v\u1edbi c\u1eadu, m\u1ecdi m\u1eb7t \u0111\u1ec1u gi\u1ecfi h\u01a1n c\u1eadu nh\u01b0 l\u00e0 m\u1ed1i \u0111e do\u1ea1 l\u1edbn cho gia \u0111\u00ecnh ng\u01b0\u1ee1ng t\u01b0\u1edfng h\u1ea1nh ph\u00fac trong m\u1eaft ng\u01b0\u1eddi ngo\u00e0i kia. V\u1eady n\u00ean, v\u1edbi s\u1ef1 b\u1ed3ng b\u1ed9t tu\u1ed5i tr\u1ebb khi\u1ebfn c\u1eadu \u0111\u1ed3ng \u00fd v\u1edbi ph\u01b0\u01a1ng \u00e1n \u0111\u00e1m b\u1ea1n b\u00e0y m\u01b0u t\u00ednh k\u1ebf cho m\u00e0 ch\u1ea1y theo ng\u01b0\u1eddi con trai c\u1eadu gh\u00e9t nh\u1ea5t, l\u00e0 ng\u01b0\u1eddi \u0111\u00e3 ph\u00e1 ho\u1ea1i h\u1ea1nh ph\u00fac gia \u0111\u00ecnh c\u1eadu, \u0111e do\u1ea1 \u0111\u1ebfn quy\u1ec1n th\u1eeba h\u01b0\u1edfng t\u00e0i s\u1ea3n sau n\u00e0y c\u1ee7a c\u1eadu,\u2026 Di\u1ec7p Kh\u00e2m d\u00f9 kh\u00f4ng ch\u1ecbu th\u1eeba nh\u1eadn nh\u01b0ng ch\u1eb3ng bi\u1ebft t\u1ef1 l\u00fac n\u00e0o c\u1eadu ch\u00e0ng kh\u1edd d\u1ea1i n\u00e0y \u0111\u00e3 l\u1ee1 y\u00eau ch\u00ednh ng\u01b0\u1eddi m\u00e0 c\u1eadu gh\u00e9t nh\u1ea5t \u2013 Tr\u00ecnh Phi Tr\u00ec.<\/p>\n<p>Tr\u00ecnh Phi Tr\u00ec \u2013 tr\u1ea7m \u1ed5n, \u00f4n nhu l\u00e0 m\u1ed9t h\u1ecdc sinh gi\u1ecfi to\u00e0n di\u1ec7n t\u1eeb h\u1ecdc th\u1ee9c \u0111\u1ebfn th\u1ec3 thao. Anh mang trong m\u00ecnh m\u1ed9t v\u1ebft th\u01b0\u01a1ng l\u00f2ng \u0111\u01b0\u1ee3c d\u1ea5u k\u00edn k\u1ebd trong tr\u00e1i tim ch\u1eb3ng ai c\u00f3 th\u1ec3 ch\u1ea1m t\u1edbi. L\u00e0 m\u1ed9t c\u1ed7 m\u00e1y lu\u00f4n ho\u1ea1t \u0111\u1ed9ng h\u1ebft c\u00f4ng xu\u1ea5t v\u1edbi m\u1ed9t \u00fd ngh\u0129 ki\u1ebfm ti\u1ec1n m\u00e3nh li\u1ec7t \u0111\u1ec3 cho m\u1eb9 m\u1ed9t cu\u1ed9c s\u1ed1ng t\u1ed1t h\u01a1n kh\u00f4ng c\u1ea7n tr\u1ea3i qua nh\u1eefng kh\u1ed5 c\u1ef1c m\u00e0 c\u1ea3 2 \u0111\u00e3 t\u1eebng ph\u1ea3i ch\u1ecbu l\u00fac tr\u01b0\u1edbc n\u1eefa. Trong t\u00e2m tr\u00ed c\u1ee7a anh ch\u1ec9 c\u00f3 hai th\u1ee9 h\u1ecdc v\u00e0 l\u00e0m vi\u1ec7c ki\u1ebfm ti\u1ec1n; cho \u0111\u1ebfn m\u1ed9t ng\u00e0y b\u00f3ng d\u00e1ng nh\u1ecf g\u1ea7y xinh x\u1eafn c\u1ee9 th\u1ec3 \u0111i\u1ec1m nhi\u00ean b\u01b0\u1edbc v\u00e0o cu\u1ed9c s\u1ed1ng c\u1ee7a anh t\u1eeb l\u00fac n\u00e0o kh\u00f4ng hay. Ng\u01b0\u1ee1ng t\u01b0\u1edfng c\u1eadu ta ch\u1ec9 ch\u01a1i \u0111\u00f9a ch\u1ed1c l\u00e1t r\u1ed3i \u0111i, anh s\u1eb5n s\u00e0ng b\u1ed3i ch\u01a1i m\u1ed9t ch\u00fat v\u1eady m\u00e0 c\u1eadu c\u1ee9 l\u1ef3 l\u1ee3m \u1edf \u0111\u1ea5y m\u00e3i, khu\u1ea5y \u0111\u1ea3o cu\u1ed9c s\u1ed1ng c\u1ee7a anh, gan l\u1ef3 kh\u00f4ng t\u1eeb b\u1ecf t\u1eebng ch\u00fat t\u1eebng ch\u00fat len l\u00f3i v\u00e0o tr\u00e1i tim anh; \u0111\u00f3 l\u00e0 Di\u1ec7p Kh\u00e2m.<\/p>\n<p>B\u1eaft \u0111\u1ea7u t\u1eeb m\u1ed9t hi\u1ec3u l\u1ea7m tai h\u1ea1i, c\u1eadu ch\u00e0ng Di\u1ec7p Kh\u00e2m stun v\u00e0 b\u1ed1c \u0111\u1ed3ng \u0111\u00e3 tr\u0103m ph\u01b0\u01a1ng ng\u00e0n k\u1ebf k\u00e9o Tr\u00ecnh Phi Tr\u00ec v\u00e0 m\u00ecnh t\u1eeb 2 \u0111\u01b0\u1eddng th\u1eb3ng song song kh\u00f4ng th\u1ec3 ch\u1ea1m t\u1edbi v\u00e0o th\u1ec3 gi\u1edbi c\u1ee7a m\u00ecnh. Du\u0300 mu\u0323c \u0111i\u0301ch ban \u0111a\u0302\u0300u la\u0300 tro\u0300 tra\u0309 thu\u0300 a\u0302\u0301u tri\u0303 ngu ngo\u0302\u0301c, nhu\u031bng Die\u0323\u0302p Kha\u0302m cha\u0306\u0309ng the\u0302\u0309 ngo\u031b\u0300 ra\u0306\u0300ng, ba\u0309n tha\u0302n la\u0323i vo\u0302 ti\u0300nh chi\u0300m \u0111a\u0306\u0301m trong su\u031b\u0323 di\u0323u da\u0300ng cu\u0309a anh. Tri\u0300nh Phi Tri\u0300 nhu\u031b ngo\u0323n ne\u0302\u0301n su\u031bo\u031b\u0309i a\u0302\u0301m tra\u0301i tim bi\u0323 to\u0302\u0309n thu\u031bo\u031bng vi\u0300 gia \u0111i\u0300nh ra\u0323n nu\u031b\u0301t cu\u0309a Die\u0323\u0302p Kha\u0302m, co\u0300n Die\u0323\u0302p Kha\u0302m cu\u0303ng chi\u0301nh la\u0300 va\u0302\u0300ng ma\u0323\u0306t tro\u031b\u0300i nho\u0309 xua tan la\u0323nh le\u0303o trong cuo\u0323\u0302c \u0111o\u031b\u0300i anh. Nhu\u031bng ro\u0302\u0300i bo\u031b\u0309i nguo\u0302\u0300n ca\u0306n hie\u0302\u0309u la\u0302\u0300m tu\u031b\u0300 tru\u031bo\u031b\u0301c, co\u0323\u0302ng the\u0302m su\u031b\u0323 vo\u0323\u0302i va\u0303 ngo\u0302ng cuo\u0302\u0300ng ma\u0300 non no\u031b\u0301t cu\u0309a tuo\u0302\u0309i tre\u0309, Die\u0323\u0302p Kha\u0302m \u0111a\u0303 la\u0300m to\u0302\u0309n thu\u031bo\u031bng sa\u0302u sa\u0306\u0301c Tri\u0300nh Phi Tri\u0300 ngay trong lu\u0301c anh ye\u0302\u0301u \u0111uo\u0302\u0301i nha\u0302\u0301t. Mo\u0302\u0301i ti\u0300nh \u0111a\u0302\u0300u nga\u0302y ngo\u0302 nhu\u031b\u0303ng tu\u031bo\u031b\u0309ng se\u0303 ke\u0301o da\u0300i ca\u0309 \u0111o\u031b\u0300i, gio\u031b\u0300 \u0111a\u0302y chi\u0309 co\u0300n la\u0300 gia\u0302\u0301c mo\u0323\u0302ng vo\u031b\u0303 tan.<\/p>\n<p>Na\u0306m na\u0306m sau, hoa\u0300n ca\u0309nh cu\u0309a hai ngu\u031bo\u031b\u0300i hoa\u0300n toa\u0300n \u0111a\u0309o ngu\u031bo\u031b\u0323c, Die\u0323\u0302p Kha\u0302m la\u0300 nghe\u0323\u0302 si\u0303 nho\u0309 cha\u0306\u0309ng co\u0301 tie\u0302\u0301ng ta\u0306m bi\u0323 ke\u0309 kha\u0301c ba\u0306\u0301t na\u0323t \u0111u\u0309 \u0111u\u031bo\u031b\u0300ng, co\u0300n Tri\u0300nh Phi Tri\u0300 \u0111a\u0303 tro\u031b\u0309 tha\u0300nh mo\u0323\u0302t doanh nha\u0302n tha\u0300nh \u0111a\u0323t \u0111u\u031bo\u031b\u0323c ngu\u031bo\u031b\u0300i ngu\u031bo\u031b\u0300i ngu\u031bo\u031b\u0303ng mo\u0323\u0302. Ti\u0300nh ca\u0309m cho\u0302n sa\u0302u trong tra\u0301i tim tru\u031bo\u031b\u0301c \u0111a\u0302y la\u0323i u\u0300a ve\u0302\u0300, so\u0302\u0301 pha\u0323\u0302n da\u0302\u0303n da\u0306\u0301t ca\u0309 hai quay la\u0323i vo\u031b\u0301i nhau, mo\u0323\u0302t la\u0302\u0300n nu\u031b\u0303a chu\u031b\u0303a la\u0300nh nhu\u031b\u0303ng to\u0302\u0309n thu\u031bo\u031bng va\u0300 gia\u0309i to\u0309a hie\u0302\u0309u la\u0302\u0300m tru\u031bo\u031b\u0301c kia.<\/p>\n<p>\u201cNo\u031bi co\u0301 anh se\u0303 la\u0300 phu\u031bo\u031bng hu\u031bo\u031b\u0301ng cu\u0309a em.<\/p>\n<p>Anh o\u031b\u0309 \u0111a\u0302u, em se\u0303 \u0111a\u0323\u0306t cha\u0302n \u0111e\u0302\u0301n \u0111a\u0302\u0301y.\u201d<\/p>\n","protected":false},"featured_media":12955,"template":"","meta":{"_acf_changed":false},"product_brand":[],"product_cat":[73,15],"product_tag":[],"class_list":{"0":"post-12960","1":"product","2":"type-product","3":"status-publish","4":"has-post-thumbnail","6":"product_cat-dam-my-ngon-tinh","7":"product_cat-sach-danh-cho-nguoi-lon","9":"first","10":"instock","11":"taxable","12":"shipping-taxable","13":"purchasable","14":"product-type-simple"},"supplier_id":null,"supplier_sku":"","barcode":null,"atum_controlled":true,"out_stock_date":null,"out_stock_threshold":null,"inheritable":false,"inbound_stock":0,"stock_on_hold":0,"sold_today":0,"sales_last_days":0,"reserved_stock":0,"customer_returns":0,"warehouse_damage":0,"lost_in_post":0,"other_logs":0,"out_stock_days":0,"lost_sales":0,"has_location":false,"update_date":"2026-01-28T23:10:52","atum_locations":[],"atum_stock_status":"instock","restock_status":false,"low_stock_amount":"","sales_update_date":"2026-01-28T23:10:52","calc_backorders":null,"acf":{"publisher":{"ID":1785,"post_author":"1","post_date":"2021-02-17 01:54:46","post_date_gmt":"2021-02-16 23:54:46","post_content":"<!-- wp:flatsome\/uxbuilder -->\n<h1 style=\"text-align: center;\"><strong>AZ VIETNAM<\/strong><\/h1>\n[row]\n\n[col span=\"8\" span__sm=\"12\"]\n\n<p>Th\u00e0nh l\u1eadp n\u0103m: 2015<br \/>V\u1ed1n \u0111\u1ea7u t\u01b0: 4,000,000,000 \u0111\u1ed3ng<br \/><strong>L\u0129nh v\u1ef1c:<\/strong><br \/>- Xu\u1ea5t b\u1ea3n v\u00e0 ph\u00e1t h\u00e0nh v\u0103n h\u00f3a ph\u1ea9m<br \/>- Cung c\u1ea5p v\u0103n h\u00f3a ph\u1ea9m, c\u00e1c s\u1ea3n ph\u1ea9m cho in \u1ea5n, trang thi\u1ebft b\u1ecb cho c\u00e1c th\u01b0 vi\u1ec7n v\u00e0 trung t\u00e2m s\u00e1ch tr\u00ean c\u1ea3 n\u01b0\u1edbc.<br \/>- Th\u1eddi trang v\u00e0 c\u00e1c s\u1ea3n ph\u1ea9m li\u00ean quan \u0111\u1ebfn l\u0129nh v\u1ef1c th\u1eddi trang<br \/>- Xu\u1ea5t nh\u1eadp kh\u1ea9u c\u00e1c s\u1ea3n ph\u1ea9m v\u0103n h\u00f3a<\/p>\n<p><strong>Quy m\u00f4:<\/strong> 60 nh\u00e2n vi\u00ean<br \/>Kh\u1edfi ngu\u1ed3n c\u1ee7a AZ Vi\u1ec7t Nam ng\u00e0y nay l\u00e0 C\u00f4ng ty TNHH Trung t\u00e2m S\u00e1ch v\u00e0 Thi\u1ebft b\u1ecb Th\u01b0 vi\u1ec7n, v\u1edbi ho\u1ea1t \u0111\u1ed9ng \u0111\u1ea7u ti\u00ean l\u00e0 cung c\u1ea5p s\u00e1ch, trang thi\u1ebft b\u1ecb, v\u0103n h\u00f3a ph\u1ea9m cho c\u00e1c th\u01b0 vi\u1ec7n v\u00e0 trung t\u00e2m s\u00e1ch tr\u00ean c\u1ea3 n\u01b0\u1edbc. T\u1eeb cu\u1ed1i n\u0103m 2010 \u0111\u1ebfn nay, ch\u00fang t\u00f4i \u0111\u00e3 kh\u00f4ng ng\u1eebng n\u1ed7 l\u1ef1c khai ph\u00e1 v\u00e0 ph\u00e1t tri\u1ec3n c\u00e1c d\u00f2ng s\u1ea3n ph\u1ea9m m\u1edbi v\u1edbi 8 th\u01b0\u01a1ng hi\u1ec7u uy t\u00edn. \u0110\u1ec3 \u0111\u00e1p \u1ee9ng nhu c\u1ea7u ph\u00e1t tri\u1ec3n ng\u00e0y m\u1ed9t l\u1edbn m\u1ea1nh v\u00e0 t\u1eadp h\u1ee3p c\u00e1c th\u01b0\u01a1ng hi\u1ec7u \u0111\u00e3 \u0111\u01b0\u1ee3c ch\u00fang t\u00f4i x\u00e2y d\u1ef1ng, 2015 C\u00f4ng ty TNHH AZ Vi\u1ec7t Nam \u0111\u00e3 ra \u0111\u1eddi v\u1edbi s\u1ee9 m\u1ec7nh mang \u0111\u1ebfn nhi\u1ec1u h\u01a1n n\u1eefa nh\u1eefng gi\u00e1 tr\u1ecb tinh th\u1ea7n, tri th\u1ee9c ti\u00ean ti\u1ebfn cho ng\u01b0\u1eddi ti\u00eau d\u00f9ng b\u1eb1ng vi\u1ec7c cung c\u1ea5p nh\u1eefng s\u1ea3n ph\u1ea9m c\u00f3 ch\u1ea5t l\u01b0\u1ee3ng.<\/p>\n\n[\/col]\n[col span=\"4\" span__sm=\"12\"]\n\n[ux_image id=\"1836\" image_size=\"medium\"]\n\n\n[\/col]\n\n[\/row]\n\n<!-- \/wp:flatsome\/uxbuilder -->","post_title":"AZ Vi\u1ec7t Nam","post_excerpt":"","post_status":"publish","comment_status":"closed","ping_status":"closed","post_password":"","post_name":"az-viet-nam","to_ping":"","pinged":"","post_modified":"2021-02-17 22:07:10","post_modified_gmt":"2021-02-17 20:07:10","post_content_filtered":"","post_parent":0,"guid":"https:\/\/sachviet.eu\/nha-phat-hanh\/az-viet-nam\/","menu_order":0,"post_type":"publisher","post_mime_type":"","comment_count":"0","filter":"raw"}},"_links":{"self":[{"href":"https:\/\/sachviet.eu\/en\/wp-json\/wp\/v2\/product\/12960","targetHints":{"allow":["GET"]}}],"collection":[{"href":"https:\/\/sachviet.eu\/en\/wp-json\/wp\/v2\/product"}],"about":[{"href":"https:\/\/sachviet.eu\/en\/wp-json\/wp\/v2\/types\/product"}],"wp:featuredmedia":[{"embeddable":true,"href":"https:\/\/sachviet.eu\/en\/wp-json\/wp\/v2\/media\/12955"}],"wp:attachment":[{"href":"https:\/\/sachviet.eu\/en\/wp-json\/wp\/v2\/media?parent=12960"}],"wp:term":[{"taxonomy":"product_brand","embeddable":true,"href":"https:\/\/sachviet.eu\/en\/wp-json\/wp\/v2\/product_brand?post=12960"},{"taxonomy":"product_cat","embeddable":true,"href":"https:\/\/sachviet.eu\/en\/wp-json\/wp\/v2\/product_cat?post=12960"},{"taxonomy":"product_tag","embeddable":true,"href":"https:\/\/sachviet.eu\/en\/wp-json\/wp\/v2\/product_tag?post=12960"}],"curies":[{"name":"wp","href":"https:\/\/api.w.org\/{rel}","templated":true}]}}