{"id":12954,"date":"2021-06-11T23:39:54","date_gmt":"2021-06-11T20:39:54","guid":{"rendered":"https:\/\/sachviet.eu\/shop\/nguoi-tuyet\/"},"modified":"2023-11-27T21:06:01","modified_gmt":"2023-11-27T19:06:01","slug":"nguoi-tuyet","status":"publish","type":"product","link":"https:\/\/sachviet.eu\/en\/shop\/nguoi-tuyet\/","title":{"rendered":"Ng\u01b0\u1eddi Tuy\u1ebft"},"content":{"rendered":"<p>\u201cV\u00f4 c\u00f9ng ph\u1ee9c t\u1ea1p v\u00e0 c\u1ef1c k\u00ec gi\u1ea3i tr\u00ed.\u201d &#8211; The New York Times Book Review<br \/>\n\u201cM\u1ed9t t\u1eadp trinh th\u00e1m si\u00eau h\u1ea1ng \u2013 th\u00f4ng minh, phong c\u00e1ch, t\u00ednh to\u00e1n t\u1ec9 m\u1ec9 v\u00e0 gi\u1eef nh\u1ecbp h\u00e0i h\u00f2a.\u201d \u2013 Newsday<br \/>\n\u201cN\u1ebfu b\u1ea1n c\u00f2n ch\u01b0a bi\u1ebft Jo Nesb\u00f8 l\u00e0 ai, gi\u1edd \u0111\u00e3 \u0111\u1ebfn l\u00fac r\u1ed3i.\u201d &#8211; USA Today<\/p>\n<p>V\u1edbi Ng\u01b0\u1eddi Tuy\u1ebft, Jo Nesb\u00f8 kh\u00f4ng d\u1eebng l\u1ea1i \u1edf vi\u1ec7c v\u1ea1ch ra m\u1ed9t b\u1ea3n \u0111\u1ed3 t\u1ed9i \u00e1c ho\u00e0n h\u1ea3o, m\u00e0 c\u00f2n \u0111\u1eb7t ra m\u1ed9t h\u00e0nh tr\u00ecnh c\u00e1 nh\u00e2n \u0111\u1ea7y th\u00e1ch th\u1ee9c cho nh\u00e2n v\u1eadt \u0111\u01b0\u1ee3c \u01b0u \u00e1i nh\u1ea5t c\u1ee7a \u00f4ng: Harry Hole. Gi\u1eefa nh\u1eefng s\u00e1ng-t\u1ed1i, thi\u1ec7n-\u00e1c \u0111\u1ed1i l\u1eadp xuy\u00ean su\u1ed1t quy\u1ec3n s\u00e1ch, khi thanh tra Hole l\u1ea7n theo nh\u1eefng d\u1ea5u ch\u00e2n tr\u00ean tuy\u1ebft \u0111\u1ec3 t\u00ecm k\u1ebb th\u1ee7 \u00e1c c\u0169ng ch\u00ednh l\u00e0 l\u1ea7n theo qu\u00e1 kh\u1ee9 v\u00e0 nh\u1eefng m\u1ea3nh v\u1ee1 c\u1ee7a ch\u00ednh b\u1ea3n th\u00e2n m\u00ecnh.<\/p>\n<p>T\u00d3M T\u1eaeT:<br \/>\nN\u0103m 1980, m\u1ed9t ng\u01b0\u1eddi ph\u1ee5 n\u1eef c\u00f3 gia \u0111\u00ecnh ch\u1edf theo con trai tr\u00ean m\u1ed9t chi\u1ebfc Toyota Corolla ch\u1ea1y \u0111\u1ebfn m\u1ed9t c\u0103n nh\u00e0 ri\u00eang \u1edf mi\u1ec1n qu\u00ea. C\u00f4 d\u1eb7n con m\u00ecnh ch\u1edd \u1edf trong xe r\u1ed3i v\u00e0o nh\u00e0 g\u1eb7p ng\u01b0\u1eddi t\u00ecnh. Khi c\u00f4 v\u00e0 t\u00ecnh nh\u00e2n \u00e2n \u00e1i v\u1edbi nhau, h\u1ecd c\u1ea3m gi\u00e1c nh\u01b0 ai \u0111\u00f3 \u0111ang nh\u00ecn l\u00e9n t\u1eeb ngo\u00e0i c\u1eeda s\u1ed5. H\u1ecd nh\u00ecn ra ngo\u00e0i v\u00e0 ch\u1ec9 ph\u00e1t hi\u1ec7n m\u1ed9t ng\u01b0\u1eddi tuy\u1ebft to.<\/p>\n<p>H\u00f4m c\u00f4 \u0111\u1ebfn c\u0169ng l\u00e0 ng\u00e0y tuy\u1ebft b\u1eaft \u0111\u1ea7u r\u01a1i.<\/p>\n<p>Hai m\u01b0\u01a1i b\u1ed1n n\u0103m sau, thanh tra Harry Hole ph\u1ea3i l\u1ea7n theo d\u1ea5u v\u1ebft c\u1ee7a m\u1ed9t k\u1ebb s\u00e1t nh\u00e2n h\u00e0ng lo\u1ea1t v\u1edbi nh\u1eefng th\u1ee7 \u0111o\u1ea1n anh ch\u01b0a t\u1eebng g\u1eb7p. Kh\u1ea3 n\u0103ng suy lu\u1eadn nh\u1ea1y b\u00e9n, s\u1ef1 c\u1ee9ng \u0111\u1ea7u c\u1ed9ng v\u1edbi nh\u1eefng k\u0129 n\u0103ng h\u1ecdc \u0111\u01b0\u1ee3c t\u1eeb kh\u00f3a nghi\u1ec7p v\u1ee5 FBI th\u00fac \u0111\u1ea9y Harry t\u00ecm ra k\u1ebft n\u1ed1i gi\u1eefa c\u00e1c v\u1ee5 \u00e1n, anh nh\u1eadn ra hai \u0111i\u1ec3m chung: t\u1ea5t c\u1ea3 n\u1ea1n nh\u00e2n \u0111\u1ec1u l\u00e0 nh\u1eefng ph\u1ee5 n\u1eef \u0111\u00e3 c\u00f3 gia \u0111\u00ecnh v\u00e0 \u1edf m\u1ed7i hi\u1ec7n tr\u01b0\u1eddng v\u1ee5 \u00e1n \u0111\u1ec1u c\u00f3 m\u1ed9t ng\u01b0\u1eddi tuy\u1ebft.<\/p>\n<p>V\u1ec0 T\u00c1C GI\u1ea2: Jo Nesb\u00f8 (sinh ng\u00e0y 29 Th\u00e1ng Ba n\u0103m 1960) l\u00e0 m\u1ed9t ng\u01b0\u1eddi nh\u00e0 v\u0103n Na Uy, nh\u1ea1c s\u0129 v\u00e0 c\u1ef1u chuy\u00ean gia kinh t\u1ebf. T\u00ednh \u0111\u1ebfn th\u00e1ng Ba n\u0103m 2014 h\u01a1n 3 tri\u1ec7u b\u1ea3n ti\u1ec3u thuy\u1ebft c\u1ee7a \u00f4ng \u0111\u00e3 \u0111\u01b0\u1ee3c b\u00e1n \u1edf Na Uy, v\u00e0 t\u00e1c ph\u1ea9m c\u1ee7a \u00f4ng \u0111\u00e3 \u0111\u01b0\u1ee3c d\u1ecbch sang h\u01a1n 40 ng\u00f4n ng\u1eef, b\u00e1n 23 tri\u1ec7u b\u1ea3n. Nesb\u00f8 ch\u1ee7 y\u1ebfu \u0111\u01b0\u1ee3c bi\u1ebft \u0111\u1ebfn qua cu\u1ed1n ti\u1ec3u thuy\u1ebft t\u1ed9i ph\u1ea1m v\u1ec1 Thanh tra Harry Hole, nh\u01b0ng \u00f4ng c\u0169ng l\u00e0 ca s\u0129 ch\u00ednh v\u00e0 nh\u00e0 so\u1ea1n nh\u1ea1c cho ban nh\u1ea1c rock c\u1ee7a Na Uy l\u00e0 Di Derre.<br \/>\nL\u00e0 m\u1ed9t ng\u01b0\u1eddi th\u00edch v\u1eadn \u0111\u1ed9ng, Jo Nesb\u00f8 c\u00f2n c\u00f3 s\u1edf th\u00edch leo n\u00fai.<\/p>\n<p>T\u00e1c ph\u1ea9m \u0111\u00e3 \u0111\u01b0\u1ee3c Nh\u00e3 Nam ph\u00e1t h\u00e0nh:<br \/>\n&#8211; Chim C\u1ed5 \u0110\u1ecf (2015)<br \/>\n&#8211; K\u1ebb B\u00e1o Th\u00f9 (2015)<br \/>\n&#8211; Ng\u01b0\u1eddi Con Trai (2017)<\/p>\n","protected":false},"excerpt":{"rendered":"<p>N\u0103m 1980, m\u1ed9t ng\u01b0\u1eddi ph\u1ee5 n\u1eef c\u00f3 gia \u0111\u00ecnh ch\u1edf theo con trai tr\u00ean m\u1ed9t chi\u1ebfc Toyota Corolla ch\u1ea1y \u0111\u1ebfn m\u1ed9t c\u0103n nh\u00e0 ri\u00eang \u1edf mi\u1ec1n qu\u00ea. C\u00f4 d\u1eb7n con m\u00ecnh ch\u1edd \u1edf trong xe r\u1ed3i v\u00e0o nh\u00e0 g\u1eb7p ng\u01b0\u1eddi t\u00ecnh. Khi c\u00f4 v\u00e0 t\u00ecnh nh\u00e2n \u00e2n \u00e1i v\u1edbi nhau, h\u1ecd c\u1ea3m gi\u00e1c nh\u01b0 ai \u0111\u00f3 \u0111ang nh\u00ecn l\u00e9n t\u1eeb ngo\u00e0i c\u1eeda s\u1ed5. H\u1ecd nh\u00ecn ra ngo\u00e0i v\u00e0 ch\u1ec9 ph\u00e1t hi\u1ec7n m\u1ed9t ng\u01b0\u1eddi tuy\u1ebft to.<\/p>\n<p>H\u00f4m c\u00f4 \u0111\u1ebfn c\u0169ng l\u00e0 ng\u00e0y tuy\u1ebft b\u1eaft \u0111\u1ea7u r\u01a1i.<\/p>\n<p>Hai m\u01b0\u01a1i b\u1ed1n n\u0103m sau, thanh tra Harry Hole ph\u1ea3i l\u1ea7n theo d\u1ea5u v\u1ebft c\u1ee7a m\u1ed9t k\u1ebb s\u00e1t nh\u00e2n h\u00e0ng lo\u1ea1t v\u1edbi nh\u1eefng th\u1ee7 \u0111o\u1ea1n anh ch\u01b0a t\u1eebng g\u1eb7p. Kh\u1ea3 n\u0103ng suy lu\u1eadn nh\u1ea1y b\u00e9n, s\u1ef1 c\u1ee9ng \u0111\u1ea7u c\u1ed9ng v\u1edbi nh\u1eefng k\u0129 n\u0103ng h\u1ecdc \u0111\u01b0\u1ee3c t\u1eeb kh\u00f3a nghi\u1ec7p v\u1ee5 FBI th\u00fac \u0111\u1ea9y Harry t\u00ecm ra k\u1ebft n\u1ed1i gi\u1eefa c\u00e1c v\u1ee5 \u00e1n, anh nh\u1eadn ra hai \u0111i\u1ec3m chung: t\u1ea5t c\u1ea3 n\u1ea1n nh\u00e2n \u0111\u1ec1u l\u00e0 nh\u1eefng ph\u1ee5 n\u1eef \u0111\u00e3 c\u00f3 gia \u0111\u00ecnh v\u00e0 \u1edf m\u1ed7i hi\u1ec7n tr\u01b0\u1eddng v\u1ee5 \u00e1n \u0111\u1ec1u c\u00f3 m\u1ed9t ng\u01b0\u1eddi tuy\u1ebft.<\/p>\n","protected":false},"featured_media":12953,"template":"","meta":{"_acf_changed":false},"product_brand":[],"product_cat":[15,72],"product_tag":[],"class_list":{"0":"post-12954","1":"product","2":"type-product","3":"status-publish","4":"has-post-thumbnail","6":"product_cat-sach-danh-cho-nguoi-lon","7":"product_cat-trinh-tham-kinh-di","9":"first","10":"outofstock","11":"taxable","12":"shipping-taxable","13":"purchasable","14":"product-type-simple"},"supplier_id":null,"supplier_sku":"","barcode":null,"atum_controlled":true,"out_stock_date":"2023-11-27 19:06:01","out_stock_threshold":null,"inheritable":false,"inbound_stock":0,"stock_on_hold":0,"sold_today":0,"sales_last_days":0,"reserved_stock":0,"customer_returns":0,"warehouse_damage":0,"lost_in_post":0,"other_logs":0,"out_stock_days":793,"lost_sales":0,"has_location":false,"update_date":"2026-01-28T23:10:52","atum_locations":[],"atum_stock_status":"outofstock","restock_status":false,"low_stock_amount":"","sales_update_date":"2026-01-28T23:10:52","calc_backorders":null,"acf":{"publisher":{"ID":1424,"post_author":"1","post_date":"2021-02-17 00:02:29","post_date_gmt":"2021-02-16 22:02:29","post_content":"<!-- wp:flatsome\/uxbuilder -->\n<h1 style=\"text-align: center\"><strong>Nh\u00e3 Nam<\/strong><\/h1>\n[row]\n\n[col span=\"6\" span__sm=\"12\"]\n\n[ux_image id=\"1438\" image_size=\"medium\"]\n\n\n[\/col]\n[col span=\"6\" span__sm=\"12\"]\n\n<p><strong>C\u00f4ng ty c\u1ed5 ph\u1ea7n V\u0103n h\u00f3a v\u00e0 Truy\u1ec1n th\u00f4ng Nh\u00e3 Nam<\/strong><\/p>\n<p>Th\u00e1ng 2 n\u0103m 2005, Nh\u00e3 Nam, t\u00ean \u0111\u1ea7y \u0111\u1ee7 l\u00e0 C\u00f4ng ty C\u1ed5 ph\u1ea7n V\u0103n h\u00f3a v\u00e0 Truy\u1ec1n th\u00f4ng Nh\u00e3 Nam \u0111\u00e3 gia nh\u1eadp th\u1ecb tr\u01b0\u1eddng s\u00e1ch. T\u00e1c ph\u1ea9m \"Balzac v\u00e0 c\u00f4 b\u00e9 th\u1ee3 may Trung hoa\" c\u1ee7a \u0110\u1edbi T\u01b0 Ki\u1ec7t l\u00e0 cu\u1ed1n s\u00e1ch \u0111\u1ea7u ti\u00ean \u0111\u01b0\u1ee3c nh\u1eefng ng\u01b0\u1eddi s\u00e1ng l\u1eadp Nh\u00e3 Nam xu\u1ea5t b\u1ea3n c\u1ea3 tr\u01b0\u1edbc khi c\u00f4ng ty ra \u0111\u1eddi. Ngay l\u1eadp t\u1ee9c t\u1eeb cu\u1ed1n s\u00e1ch \u0111\u1ea7u ti\u00ean, \u0111\u1ed9c gi\u1ea3 \u0111\u00e3 d\u00e0nh s\u1ef1 quan t\u00e2m v\u00e0 y\u00eau m\u1ebfn cho m\u1ed9t th\u01b0\u01a1ng hi\u1ec7u s\u00e1ch m\u1edbi m\u1ebb mang trong m\u00ecnh kh\u00e1t v\u1ecdng g\u00f3p ph\u1ea7n t\u1ea1o l\u1eadp di\u1ec7n m\u1ea1o m\u1edbi cho xu\u1ea5t b\u1ea3n v\u0103n h\u1ecdc t\u1ea1i Vi\u1ec7t Nam.<\/p>\n<p>L\u00f2ng say m\u00ea c\u1ee7a \u0111\u1ed9i ng\u0169 l\u00e0 vi\u00ean \u0111\u00e1 \u0111\u1ea7u ti\u00ean. Tr\u1ea3i qua m\u1ea5y n\u0103m ph\u00e1t tri\u1ec3n, Nh\u00e3 Nam \u0111\u00e3 \u0111\u01b0\u1ee3c x\u00e2y d\u1ef1ng d\u1ea7n l\u00ean trong di\u1ec7n m\u1ea1o m\u1ed9t nh\u00e0 xu\u1ea5t b\u1ea3n v\u1eefng ch\u00e3i v\u00e0 chuy\u00ean nghi\u1ec7p. S\u00e1u th\u00e1ng sau khi th\u00e0nh l\u1eadp c\u00f4ng ty, Nh\u1eadt k\u00fd \u0110\u1eb7ng Th\u00f9y Tr\u00e2m ra \u0111\u1eddi, t\u1ea1o n\u00ean m\u1ed9t c\u01a1n s\u1ed1t trong x\u00e3 h\u1ed9i, v\u1edbi g\u1ea7n 500,000 b\u1ea3n s\u00e1ch \u0111\u01b0\u1ee3c ph\u00e1t h\u00e0nh, ph\u00e1 m\u1ecdi k\u1ef7 l\u1ee5c v\u1ec1 xu\u1ea5t b\u1ea3n tr\u01b0\u1edbc \u0111\u00f3, k\u00e9o theo m\u1ed9t lo\u1ea1t nh\u1eefng hi\u1ec7u \u1ee9ng x\u00e3 h\u1ed9i v\u00e0 d\u01b0 lu\u1eadn c\u00f3 \u00fd ngh\u0129a. T\u1eeb \u0111\u00f3 tr\u1edf \u0111i, th\u00f4ng qua Nh\u00e3 Nam, c\u00e1c cu\u1ed1n s\u00e1ch v\u0103n h\u1ecdc n\u01b0\u1edbc ngo\u00e0i c\u00f3 gi\u00e1 tr\u1ecb \u0111\u01b0\u1ee3c li\u00ean t\u1ee5c mua b\u1ea3n quy\u1ec1n v\u00e0 xu\u1ea5t b\u1ea3n t\u1ea1i Vi\u1ec7t Nam, thu h\u00fat nhi\u1ec1u t\u1ea7ng l\u1edbp \u0111\u1ed9c gi\u1ea3. S\u00e1ch c\u1ee7a Nh\u00e3 Nam n\u1ed5i b\u1eadt b\u1edfi n\u1ed9i dung v\u0103n h\u1ecdc tinh t\u1ebf, b\u1edfi v\u1ebb \u0111\u1eb9p c\u1ee7a thi\u1ebft k\u1ebf hi\u1ec7n \u0111\u1ea1i \u1edf h\u00ecnh th\u1ee9c, b\u1edfi s\u1ef1 ch\u0103m ch\u00fat k\u1ef9 l\u01b0\u1ee1ng cho m\u1ed7i cu\u1ed1n s\u00e1ch nh\u01b0 m\u1ed9t con thuy\u1ec1n mang t\u1edbi ni\u1ec1m vui, tri th\u1ee9c, ng\u1ea1c nhi\u00ean, v\u00e0 \u0111\u1ed3ng c\u1ea3m.<\/p>\n\n[\/col]\n\n[\/row]\n<p style=\"text-align: left\">Hi\u1ec3u th\u1eddi \u0111\u1ea1i \u0111ang s\u1ed1ng th\u00f4ng qua s\u00e1ch, song h\u00e0nh v\u1edbi nh\u1eefng bi\u1ebfn chuy\u1ec3n s\u00e2u s\u1eafc trong l\u00f2ng x\u00e3 h\u1ed9i b\u1eb1ng nh\u1eefng ho\u1ea1t \u0111\u1ed9ng xu\u1ea5t b\u1ea3n mi\u1ec7t m\u00e0i v\u00e0 qu\u1ea3 c\u1ea3m, con \u0111\u01b0\u1eddng Nh\u00e3 Nam \u0111\u00e3 ch\u1ecdn \u0111\u1ec3 \u0111i s\u1ebd c\u00f2n d\u00e0i. Nhi\u1ec1u kh\u00f3 kh\u0103n, th\u1eed th\u00e1ch \u0111ang \u1edf ph\u00eda tr\u01b0\u1edbc. B\u01b0\u1edbc qua th\u1eddi k\u1ef3 s\u01a1 khai v\u1edbi nh\u1eefng b\u00e0i h\u1ecdc v\u00e0 nh\u1eefng kinh nghi\u1ec7m \u0111\u1ea7u ti\u00ean, Nh\u00e3 Nam gi\u1edd \u0111\u00e3 s\u1eb5n s\u00e0ng cho m\u1ed9t ch\u1eb7ng \u0111\u01b0\u1eddng ph\u00e1t tri\u1ec3n m\u1edbi. V\u00e0 ch\u00fang t\u00f4i mu\u1ed1n ho\u00e0n thi\u1ec7n m\u00ecnh trong s\u1ef1 c\u1ea7u th\u1ecb v\u00e0 c\u1ea9n tr\u1ecdng. T\u1ea5t c\u1ea3 v\u00ec m\u1ed9t gia s\u1ea3n s\u00e1ch to l\u1edbn, c\u00f3 s\u1ee9c s\u1ed1ng d\u00e0i l\u00e2u, c\u00f3 \u00fd ngh\u0129a v\u1edbi nhi\u1ec1u th\u1ebf h\u1ec7 b\u1ea1n \u0111\u1ecdc.<br \/>B\u1edfi v\u00ec s\u00e1ch l\u00e0 th\u1ebf gi\u1edbi.<\/p>\n<p><strong>\u0110\u00e2y l\u00e0 m\u1ed9t nh\u00e0 ph\u00e1t h\u00e0nh s\u00e1ch m\u00e0 SACHVIET.EU r\u1ea5t y\u00eau th\u00edch v\u00e0 tin t\u01b0\u1edfng. Nh\u00ecn \u0111\u01b0\u1ee3c t\u1ea7m \u1ea3nh h\u01b0\u1edfng c\u1ee7a Nh\u00e3 Nam qua t\u1eebng cu\u1ed1n s\u00e1ch, SACHVIET.EU li\u00ean h\u1ec7 h\u1ee3p t\u00e1c ngay v\u1edbi Nh\u00e3 Nam \u0111\u1ec3 \u0111em to\u00e0n b\u1ed9 nh\u1eefng t\u00e1c ph\u1ea9m m\u1edbi, hay nh\u1ea5t m\u00e0 Nh\u00e3 Nam c\u00f3 sang Ch\u00e2u \u00c2u, \u0111\u01b0a \u0111\u1ebfn cho \u0111\u1ed9c gi\u1ea3 c\u00f3 nhi\u1ec1u s\u1ef1 l\u1ef1a ch\u1ecdn phong ph\u00fa h\u01a1n c\u1ea3 s\u00e1ch cho tr\u1ebb em l\u1eabn ng\u01b0\u1eddi l\u1edbn.\u00a0<\/strong><\/p>\n\n<!-- \/wp:flatsome\/uxbuilder -->","post_title":"Nh\u00e3 Nam","post_excerpt":"","post_status":"publish","comment_status":"closed","ping_status":"closed","post_password":"","post_name":"nha-nam","to_ping":"","pinged":"","post_modified":"2022-12-19 23:15:33","post_modified_gmt":"2022-12-19 21:15:33","post_content_filtered":"","post_parent":0,"guid":"https:\/\/sachviet.eu\/?post_type=publisher&#038;p=1424","menu_order":0,"post_type":"publisher","post_mime_type":"","comment_count":"0","filter":"raw"}},"_links":{"self":[{"href":"https:\/\/sachviet.eu\/en\/wp-json\/wp\/v2\/product\/12954","targetHints":{"allow":["GET"]}}],"collection":[{"href":"https:\/\/sachviet.eu\/en\/wp-json\/wp\/v2\/product"}],"about":[{"href":"https:\/\/sachviet.eu\/en\/wp-json\/wp\/v2\/types\/product"}],"wp:featuredmedia":[{"embeddable":true,"href":"https:\/\/sachviet.eu\/en\/wp-json\/wp\/v2\/media\/12953"}],"wp:attachment":[{"href":"https:\/\/sachviet.eu\/en\/wp-json\/wp\/v2\/media?parent=12954"}],"wp:term":[{"taxonomy":"product_brand","embeddable":true,"href":"https:\/\/sachviet.eu\/en\/wp-json\/wp\/v2\/product_brand?post=12954"},{"taxonomy":"product_cat","embeddable":true,"href":"https:\/\/sachviet.eu\/en\/wp-json\/wp\/v2\/product_cat?post=12954"},{"taxonomy":"product_tag","embeddable":true,"href":"https:\/\/sachviet.eu\/en\/wp-json\/wp\/v2\/product_tag?post=12954"}],"curies":[{"name":"wp","href":"https:\/\/api.w.org\/{rel}","templated":true}]}}