{"id":12952,"date":"2021-06-11T23:39:49","date_gmt":"2021-06-11T20:39:49","guid":{"rendered":"https:\/\/sachviet.eu\/shop\/nhung-chiec-dong-ho-ky-la-agatha-christie-tai-ban\/"},"modified":"2023-06-16T23:11:21","modified_gmt":"2023-06-16T20:11:21","slug":"nhung-chiec-dong-ho-ky-la-agatha-christie-tai-ban","status":"publish","type":"product","link":"https:\/\/sachviet.eu\/en\/shop\/nhung-chiec-dong-ho-ky-la-agatha-christie-tai-ban\/","title":{"rendered":"Nh\u1eefng Chi\u1ebfc \u0110\u1ed3ng H\u1ed3 K\u1ef3 L\u1ea1 (Agatha Christie) (T\u00e1i B\u1ea3n)"},"content":{"rendered":"<p>Sheila Webb ngh\u0129 m\u00ecnh \u0111\u1ebfn g\u1eb7p m\u1ed9t qu\u00fd b\u00e0 b\u1ecb m\u00f9 \u0111\u1ee3i c\u00f4 \u1edf nh\u00e0 s\u1ed1 19 khu Wilbraham Crescent \u2014 ch\u1ee9 kh\u00f4ng ph\u1ea3i l\u00e0 g\u1eb7p m\u1ed9t c\u00e1i x\u00e1c \u0111\u00e0n \u00f4ng tr\u00ean s\u00e0n nh\u00e0. Nh\u01b0ng khi c\u00f4 Pebmarsh ph\u1ee7 nh\u1eadn vi\u1ec7c y\u00eau c\u1ea7u c\u1eed c\u00f4 Sheila Webb \u0111\u1ebfn \u0111\u00e2y, c\u0169ng nh\u01b0 kh\u00f4ng h\u1ec1 s\u1edf h\u1eefu nh\u1eefng chi\u1ebfc \u0111\u1ed3ng h\u1ed3 hi\u1ec7n di\u1ec7n xung quanh c\u00e1i x\u00e1c, r\u00f5 r\u00e0ng h\u1ecd c\u1ea7n \u0111\u1ebfn m\u1ed9t th\u00e1m t\u1eed t\u00e0i ba.<\/p>\n<p>\u201cV\u1ee5 \u00e1n qu\u00e1 ph\u1ee9c t\u1ea1p n\u00ean h\u1eb3n nhi\u00ean n\u00f3 ph\u1ea3i r\u1ea5t \u0111\u01a1n gi\u1ea3n,\u201d Hercule Poirot tuy\u00ean b\u1ed1. Nh\u01b0ng k\u1ebb s\u00e1t nh\u00e2n v\u1eabn l\u1ed9ng h\u00e0nh c\u00f2n th\u1eddi gian th\u00ec c\u1ee9 tr\u00f4i \u0111i\u2026<\/p>\n<p>Cu\u1ed1n ti\u1ec3u thuy\u1ebft n\u1ed5i ti\u1ebfng v\u1edbi s\u1ef1 ki\u1ec7n Hercules Poirot kh\u00f4ng h\u1ec1 \u0111\u1ebfn hi\u1ec7n tr\u01b0\u1eddng x\u1ea3y ra t\u1ed9i \u00e1c ho\u1eb7c th\u1ea9m v\u1ea5n nh\u00e2n ch\u1ee9ng hay ng\u01b0\u1eddi b\u1ecb t\u00ecnh nghi. \u00d4ng b\u1ecb th\u00e1ch th\u1ee9c ch\u1ee9ng minh r\u1eb1ng c\u00f3 th\u1ec3 gi\u1ea3i quy\u1ebft m\u1ed9t v\u1ee5 \u00e1n ch\u1ec9 b\u1eb1ng kinh nghi\u1ec7m v\u00e0 tr\u00ed th\u00f4ng minh.  <\/p>\n","protected":false},"excerpt":{"rendered":"<p>Sheila Webb ngh\u0129 m\u00ecnh \u0111\u1ebfn g\u1eb7p m\u1ed9t qu\u00fd b\u00e0 b\u1ecb m\u00f9 \u0111\u1ee3i c\u00f4 \u1edf nh\u00e0 s\u1ed1 19 khu Wilbraham Crescent \u2014 ch\u1ee9 kh\u00f4ng ph\u1ea3i l\u00e0 g\u1eb7p m\u1ed9t c\u00e1i x\u00e1c \u0111\u00e0n \u00f4ng tr\u00ean s\u00e0n nh\u00e0. Nh\u01b0ng khi c\u00f4 Pebmarsh ph\u1ee7 nh\u1eadn vi\u1ec7c y\u00eau c\u1ea7u c\u1eed c\u00f4 Sheila Webb \u0111\u1ebfn \u0111\u00e2y, c\u0169ng nh\u01b0 kh\u00f4ng h\u1ec1 s\u1edf h\u1eefu nh\u1eefng chi\u1ebfc \u0111\u1ed3ng h\u1ed3 hi\u1ec7n di\u1ec7n xung quanh c\u00e1i x\u00e1c, r\u00f5 r\u00e0ng h\u1ecd c\u1ea7n \u0111\u1ebfn m\u1ed9t th\u00e1m t\u1eed t\u00e0i ba.<\/p>\n<p>\u201cV\u1ee5 \u00e1n qu\u00e1 ph\u1ee9c t\u1ea1p n\u00ean h\u1eb3n nhi\u00ean n\u00f3 ph\u1ea3i r\u1ea5t \u0111\u01a1n gi\u1ea3n,\u201d Hercule Poirot tuy\u00ean b\u1ed1. Nh\u01b0ng k\u1ebb s\u00e1t nh\u00e2n v\u1eabn l\u1ed9ng h\u00e0nh c\u00f2n th\u1eddi gian th\u00ec c\u1ee9 tr\u00f4i \u0111i\u2026<\/p>\n<p>Cu\u1ed1n ti\u1ec3u thuy\u1ebft n\u1ed5i ti\u1ebfng v\u1edbi s\u1ef1 ki\u1ec7n Hercules Poirot kh\u00f4ng h\u1ec1 \u0111\u1ebfn hi\u1ec7n tr\u01b0\u1eddng x\u1ea3y ra t\u1ed9i \u00e1c ho\u1eb7c th\u1ea9m v\u1ea5n nh\u00e2n ch\u1ee9ng hay ng\u01b0\u1eddi b\u1ecb t\u00ecnh nghi. \u00d4ng b\u1ecb th\u00e1ch th\u1ee9c ch\u1ee9ng minh r\u1eb1ng c\u00f3 th\u1ec3 gi\u1ea3i quy\u1ebft m\u1ed9t v\u1ee5 \u00e1n ch\u1ec9 b\u1eb1ng kinh nghi\u1ec7m v\u00e0 tr\u00ed th\u00f4ng minh.<\/p>\n","protected":false},"featured_media":12940,"template":"","meta":{"_acf_changed":false},"product_brand":[],"product_cat":[15,72],"product_tag":[],"class_list":{"0":"post-12952","1":"product","2":"type-product","3":"status-publish","4":"has-post-thumbnail","6":"product_cat-sach-danh-cho-nguoi-lon","7":"product_cat-trinh-tham-kinh-di","9":"first","10":"outofstock","11":"taxable","12":"shipping-taxable","13":"purchasable","14":"product-type-simple"},"supplier_id":null,"supplier_sku":"","barcode":null,"atum_controlled":true,"out_stock_date":"2023-06-16 20:11:21","out_stock_threshold":null,"inheritable":false,"inbound_stock":0,"stock_on_hold":0,"sold_today":0,"sales_last_days":0,"reserved_stock":0,"customer_returns":0,"warehouse_damage":0,"lost_in_post":0,"other_logs":0,"out_stock_days":957,"lost_sales":0,"has_location":false,"update_date":"2026-01-28T23:10:52","atum_locations":[],"atum_stock_status":"outofstock","restock_status":false,"low_stock_amount":"","sales_update_date":"2026-01-28T23:10:52","calc_backorders":null,"acf":{"publisher":{"ID":1517,"post_author":"1","post_date":"2021-02-17 01:14:41","post_date_gmt":"2021-02-16 23:14:41","post_content":"","post_title":"NXB Tr\u1ebb","post_excerpt":"","post_status":"publish","comment_status":"closed","ping_status":"closed","post_password":"","post_name":"nxb-tre","to_ping":"","pinged":"","post_modified":"2021-02-17 01:14:41","post_modified_gmt":"2021-02-16 23:14:41","post_content_filtered":"","post_parent":0,"guid":"https:\/\/sachviet.eu\/nha-phat-hanh\/nxb-tre\/","menu_order":0,"post_type":"publisher","post_mime_type":"","comment_count":"0","filter":"raw"}},"_links":{"self":[{"href":"https:\/\/sachviet.eu\/en\/wp-json\/wp\/v2\/product\/12952","targetHints":{"allow":["GET"]}}],"collection":[{"href":"https:\/\/sachviet.eu\/en\/wp-json\/wp\/v2\/product"}],"about":[{"href":"https:\/\/sachviet.eu\/en\/wp-json\/wp\/v2\/types\/product"}],"wp:featuredmedia":[{"embeddable":true,"href":"https:\/\/sachviet.eu\/en\/wp-json\/wp\/v2\/media\/12940"}],"wp:attachment":[{"href":"https:\/\/sachviet.eu\/en\/wp-json\/wp\/v2\/media?parent=12952"}],"wp:term":[{"taxonomy":"product_brand","embeddable":true,"href":"https:\/\/sachviet.eu\/en\/wp-json\/wp\/v2\/product_brand?post=12952"},{"taxonomy":"product_cat","embeddable":true,"href":"https:\/\/sachviet.eu\/en\/wp-json\/wp\/v2\/product_cat?post=12952"},{"taxonomy":"product_tag","embeddable":true,"href":"https:\/\/sachviet.eu\/en\/wp-json\/wp\/v2\/product_tag?post=12952"}],"curies":[{"name":"wp","href":"https:\/\/api.w.org\/{rel}","templated":true}]}}