{"id":12939,"date":"2021-06-11T23:38:57","date_gmt":"2021-06-11T20:38:57","guid":{"rendered":"https:\/\/sachviet.eu\/shop\/hen-voi-than-chet-agatha-christie-tai-ban\/"},"modified":"2021-06-12T13:26:04","modified_gmt":"2021-06-12T10:26:04","slug":"hen-voi-than-chet-agatha-christie-tai-ban","status":"publish","type":"product","link":"https:\/\/sachviet.eu\/en\/shop\/hen-voi-than-chet-agatha-christie-tai-ban\/","title":{"rendered":"H\u1eb9n V\u1edbi Th\u1ea7n Ch\u1ebft\u00a0(Agatha Christie) (T\u00e1i B\u1ea3n)"},"content":{"rendered":"<p>\u0110i ngh\u1ec9 \u1edf Jerusalem, Poirot nghe l\u1ecfm Raymond Boynton n\u00f3i v\u1edbi em g\u00e1i: \u201cPh\u1ea3i gi\u1ebft ch\u1ebft b\u00e0 ta, hi\u1ec3u r\u1ed3i ph\u1ea3i kh\u00f4ng?\u201d M\u1eb9 k\u1ebf c\u1ee7a h\u1ecd, b\u00e0 Boynton, l\u00e0 m\u1ed9t b\u1ea1o ch\u00faa t\u00e0n \u00e1c kh\u1ed1ng ch\u1ebf c\u1ea3 gia \u0111\u00ecnh. Khi ng\u01b0\u1eddi ta ph\u00e1t hi\u1ec7n b\u00e0 b\u1ecb ch\u1ebft trong l\u00fac \u1edf Petra, Poirot \u0111\u1ec1 ngh\u1ecb gi\u1ea3i quy\u1ebft v\u1ee5 \u00e1n trong v\u00f2ng hai m\u01b0\u01a1i b\u1ed1n gi\u1edd, d\u00f9 \u00f4ng kh\u00f4ng c\u00e1ch n\u00e0o ch\u1ee9ng t\u1ecf ngay r\u1eb1ng \u0111\u00e2y c\u00f3 ph\u1ea3i l\u00e0 m\u1ed9t v\u1ee5 gi\u1ebft ng\u01b0\u1eddi kh\u00f4ng.  <\/p>\n","protected":false},"excerpt":{"rendered":"<p>\u0110i ngh\u1ec9 \u1edf Jerusalem, Poirot nghe l\u1ecfm Raymond Boynton n\u00f3i v\u1edbi em g\u00e1i: \u201cPh\u1ea3i gi\u1ebft ch\u1ebft b\u00e0 ta, hi\u1ec3u r\u1ed3i ph\u1ea3i kh\u00f4ng?\u201d M\u1eb9 k\u1ebf c\u1ee7a h\u1ecd, b\u00e0 Boynton, l\u00e0 m\u1ed9t b\u1ea1o ch\u00faa t\u00e0n \u00e1c kh\u1ed1ng ch\u1ebf c\u1ea3 gia \u0111\u00ecnh. Khi ng\u01b0\u1eddi ta ph\u00e1t hi\u1ec7n b\u00e0 b\u1ecb ch\u1ebft trong l\u00fac \u1edf Petra, Poirot \u0111\u1ec1 ngh\u1ecb gi\u1ea3i quy\u1ebft v\u1ee5 \u00e1n trong v\u00f2ng hai m\u01b0\u01a1i b\u1ed1n gi\u1edd, d\u00f9 \u00f4ng kh\u00f4ng c\u00e1ch n\u00e0o ch\u1ee9ng t\u1ecf ngay r\u1eb1ng \u0111\u00e2y c\u00f3 ph\u1ea3i l\u00e0 m\u1ed9t v\u1ee5 gi\u1ebft ng\u01b0\u1eddi kh\u00f4ng.<\/p>\n","protected":false},"featured_media":12937,"template":"","meta":{"_acf_changed":false},"product_brand":[],"product_cat":[15,72],"product_tag":[],"class_list":{"0":"post-12939","1":"product","2":"type-product","3":"status-publish","4":"has-post-thumbnail","6":"product_cat-sach-danh-cho-nguoi-lon","7":"product_cat-trinh-tham-kinh-di","9":"first","10":"outofstock","11":"taxable","12":"shipping-taxable","13":"purchasable","14":"product-type-simple"},"supplier_id":null,"supplier_sku":"","barcode":null,"atum_controlled":true,"out_stock_date":"2021-06-12 10:26:04","out_stock_threshold":null,"inheritable":false,"inbound_stock":0,"stock_on_hold":0,"sold_today":0,"sales_last_days":0,"reserved_stock":0,"customer_returns":0,"warehouse_damage":0,"lost_in_post":0,"other_logs":0,"out_stock_days":1691,"lost_sales":0,"has_location":false,"update_date":"2026-01-28T23:10:52","atum_locations":[],"atum_stock_status":"outofstock","restock_status":false,"low_stock_amount":"","sales_update_date":"2026-01-28T23:10:52","calc_backorders":null,"acf":{"publisher":{"ID":1517,"post_author":"1","post_date":"2021-02-17 01:14:41","post_date_gmt":"2021-02-16 23:14:41","post_content":"","post_title":"NXB Tr\u1ebb","post_excerpt":"","post_status":"publish","comment_status":"closed","ping_status":"closed","post_password":"","post_name":"nxb-tre","to_ping":"","pinged":"","post_modified":"2021-02-17 01:14:41","post_modified_gmt":"2021-02-16 23:14:41","post_content_filtered":"","post_parent":0,"guid":"https:\/\/sachviet.eu\/nha-phat-hanh\/nxb-tre\/","menu_order":0,"post_type":"publisher","post_mime_type":"","comment_count":"0","filter":"raw"}},"_links":{"self":[{"href":"https:\/\/sachviet.eu\/en\/wp-json\/wp\/v2\/product\/12939","targetHints":{"allow":["GET"]}}],"collection":[{"href":"https:\/\/sachviet.eu\/en\/wp-json\/wp\/v2\/product"}],"about":[{"href":"https:\/\/sachviet.eu\/en\/wp-json\/wp\/v2\/types\/product"}],"wp:featuredmedia":[{"embeddable":true,"href":"https:\/\/sachviet.eu\/en\/wp-json\/wp\/v2\/media\/12937"}],"wp:attachment":[{"href":"https:\/\/sachviet.eu\/en\/wp-json\/wp\/v2\/media?parent=12939"}],"wp:term":[{"taxonomy":"product_brand","embeddable":true,"href":"https:\/\/sachviet.eu\/en\/wp-json\/wp\/v2\/product_brand?post=12939"},{"taxonomy":"product_cat","embeddable":true,"href":"https:\/\/sachviet.eu\/en\/wp-json\/wp\/v2\/product_cat?post=12939"},{"taxonomy":"product_tag","embeddable":true,"href":"https:\/\/sachviet.eu\/en\/wp-json\/wp\/v2\/product_tag?post=12939"}],"curies":[{"name":"wp","href":"https:\/\/api.w.org\/{rel}","templated":true}]}}