{"id":12928,"date":"2021-06-11T23:38:19","date_gmt":"2021-06-11T20:38:19","guid":{"rendered":"https:\/\/sachviet.eu\/shop\/tu-anna\/"},"modified":"2024-06-17T07:00:55","modified_gmt":"2024-06-17T04:00:55","slug":"tu-anna","status":"publish","type":"product","link":"https:\/\/sachviet.eu\/en\/shop\/tu-anna\/","title":{"rendered":"T\u1eeb Anna"},"content":{"rendered":"<p>\u201cM\u1ed9t l\u1ea7n n\u1eefa Jean Little l\u1ea1i t\u1ea1o ra nh\u1eefng nh\u00e2n v\u1eadt \u0111\u1ea7y hi\u1ec7n th\u1ef1c v\u1edbi nh\u1eefng t\u01b0\u01a1ng t\u00e1c bi\u1ebfn cu\u1ed1n s\u00e1ch n\u00e0y th\u00e0nh m\u1ed9t c\u00e2u chuy\u1ec7n c\u1ea3m \u0111\u1ed9ng m\u00e0 c\u00e1c b\u1ea1n nh\u1ecf c\u00f3 th\u1ec3 d\u1ec5 d\u00e0ng nh\u1eadn ra m\u00ecnh trong \u0111\u00f3.\u201d \u2013 School Library Journal<\/p>\n<p>GI\u1edaI THI\u1ec6U S\u00c1CH:<\/p>\n<p>Chuy\u1ec3n ch\u1ed7 \u1edf ch\u1eb3ng khi n\u00e0o d\u1ec5 d\u00e0ng. Nh\u1ea5t l\u00e0 khi b\u1ea1n m\u1edbi ch\u1ec9 l\u00e0 m\u1ed9t c\u00f4 b\u00e9 ch\u00edn tu\u1ed5i. Nh\u1ea5t l\u00e0 khi qu\u00ea h\u01b0\u01a1ng b\u1ea1n r\u1eddi b\u1ecf \u0111ang u \u00e1m tr\u01b0\u1edbc b\u00f3ng \u0111en ph\u00e1t x\u00edt kinh ho\u00e0ng. Nh\u1ea5t l\u00e0 khi \u0111\u00f3 l\u00e0 m\u1ed9t cu\u1ed9c di c\u01b0 thi\u00ean l\u00fd \u0111\u1ebfn h\u1eb3n m\u1ed9t ch\u00e2u l\u1ee5c kh\u00e1c. V\u00e0 \u0111\u1eb7c bi\u1ec7t l\u00e0 khi b\u1ea1n v\u1ee5ng v\u1ec1, x\u1ea5u x\u00ed b\u00ean c\u1ea1nh c\u00e1c \u00f4ng anh b\u00e0 ch\u1ecb ho\u00e0n h\u1ea3o t\u00f3t v\u1eddi, lu\u00f4n mi\u1ec7ng g\u1ecdi b\u1ea1n b\u1eb1ng c\u00e1i t\u00ean \u201cAnna \u1ea4m \u1eda\u201d.<\/p>\n<p>Ai c\u00f3 th\u1ec3 kh\u00f4ng c\u1ea3m \u0111\u1ed9ng tr\u01b0\u1edbc nh\u1eefng n\u1ed7 l\u1ef1c \u00e2m th\u1ea7m m\u00e0 d\u1eef d\u1ed9i c\u1ee7a Anna \u0111\u1ec3 h\u00f2a nh\u1eadp v\u1edbi cu\u1ed9c s\u1ed1ng m\u1edbi, l\u00e0m quen v\u1edbi m\u1ed9t ng\u00f4n ng\u1eef m\u1edbi, v\u00e0 tr\u00ean h\u1ebft, \u0111\u1ec3 khe kh\u1ebd m\u1edf l\u00f2ng, r\u1ee5t r\u00e8 thu l\u1ea1i nh\u1eefng chi\u1ebfc l\u00f4ng gai g\u00f3c em \u0111\u00e3 x\u00f9 l\u00ean v\u1edbi \u0111\u1eddi, v\u1edbi ng\u01b0\u1eddi b\u1ea5y l\u00e2u. Tr\u00ean \u0111\u1ea5t n\u01b0\u1edbc Canada, n\u01a1i em ph\u00e1t hi\u1ec7n ra s\u1ef1 v\u1ee5ng v\u1ec1 c\u1ee7a m\u00ecnh c\u00f3 m\u1ed9t l\u00fd do, th\u1ebf gi\u1edbi c\u1ee7a em b\u1eaft \u0111\u1ea7u thay \u0111\u1ed5i, m\u1ed9t c\u00e1ch gi\u1ea3n d\u1ecb m\u00e0 \u0111\u00e1ng kinh ng\u1ea1c, xao xuy\u1ebfn v\u00e0 \u1ea5m l\u00f2ng.<\/p>\n<p>T\u1eeb Anna l\u00e0 m\u1ed9t trong nh\u1eefng ti\u1ec3u thuy\u1ebft \u0111\u01b0\u1ee3c y\u00eau m\u1ebfn nh\u1ea5t c\u1ee7a nh\u00e0 v\u0103n thi\u1ebfu nhi g\u1ea1o c\u1ed9i Jean Little, m\u1ed9t \u0111i\u1ec1u k\u1ef3 di\u1ec7u nho nh\u1ecf ch\u1eafc ch\u1eafn s\u1ebd th\u1eafp s\u00e1ng t\u00e2m h\u1ed3n m\u1ecdi ng\u01b0\u1eddi \u0111\u1ecdc.<\/p>\n<p>T\u00c1C GI\u1ea2:<\/p>\n<p>JEAN LITTLE (1932) l\u00e0 nh\u00e0 v\u0103n chuy\u00ean vi\u1ebft s\u00e1ch thi\u1ebfu nhi ng\u01b0\u1eddi Canada. M\u1eb7c d\u00f9 g\u1ea7n nh\u01b0 m\u00f9 b\u1ea9m sinh do v\u1ebft s\u1eb9o tr\u00ean gi\u00e1c m\u1ea1c nh\u01b0ng b\u00e0 v\u1eabn theo h\u1ecdc ti\u1ec3u h\u1ecdc v\u00e0 trung h\u1ecdc \u1edf l\u1edbp h\u1ecdc cho tr\u1ebb b\u00ecnh th\u01b0\u1eddng v\u00e0 t\u1ed1t nghi\u1ec7p \u0110\u1ea1i h\u1ecdc Toronto v\u1edbi t\u1ea5m b\u1eb1ng c\u1eed nh\u00e2n Ng\u00f4n ng\u1eef v\u00e0 V\u0103n h\u1ecdc Anh. Ph\u1ea7n l\u1edbn s\u00e1ng t\u00e1c c\u1ee7a b\u00e0 l\u00e0 cho thi\u1ebfu nhi, nh\u01b0ng b\u00e0 c\u0169ng vi\u1ebft hai cu\u1ed1n t\u1ef1 truy\u1ec7n: Little by Little v\u00e0 Stars Come Out Within. Truy\u1ec7n thi\u1ebfu nhi c\u1ee7a b\u00e0 th\u01b0\u1eddng \u0111\u1ec1 c\u1eadp \u0111\u1ebfn nh\u1eefng ch\u1ee7 \u0111\u1ec1 bu\u1ed3n nh\u01b0 tr\u1ebb khuy\u1ebft t\u1eadt ho\u1eb7c s\u1ed1ng v\u1edbi ng\u01b0\u1eddi khuy\u1ebft t\u1eadt, tr\u1ebb \u0111\u01b0\u1ee3c nh\u1eadn l\u00e0m con nu\u00f4i, nh\u01b0ng th\u01b0\u1eddng k\u1ebft th\u00fac c\u00f3 h\u1eadu, th\u1ec3 hi\u1ec7n s\u1ee9c m\u1ea1nh d\u1ebbo dai b\u1ec1n b\u1ec9 c\u1ee7a nh\u1eefng ng\u01b0\u1eddi b\u1ea1n nh\u1ecf.<\/p>\n","protected":false},"excerpt":{"rendered":"<p>Chuy\u1ec3n ch\u1ed7 \u1edf ch\u1eb3ng khi n\u00e0o d\u1ec5 d\u00e0ng. Nh\u1ea5t l\u00e0 khi b\u1ea1n m\u1edbi ch\u1ec9 l\u00e0 m\u1ed9t c\u00f4 b\u00e9 ch\u00edn tu\u1ed5i. Nh\u1ea5t l\u00e0 khi qu\u00ea h\u01b0\u01a1ng b\u1ea1n r\u1eddi b\u1ecf \u0111ang u \u00e1m tr\u01b0\u1edbc b\u00f3ng \u0111en ph\u00e1t x\u00edt kinh ho\u00e0ng. Nh\u1ea5t l\u00e0 khi \u0111\u00f3 l\u00e0 m\u1ed9t cu\u1ed9c di c\u01b0 thi\u00ean l\u00fd \u0111\u1ebfn h\u1eb3n m\u1ed9t ch\u00e2u l\u1ee5c kh\u00e1c. V\u00e0 \u0111\u1eb7c bi\u1ec7t l\u00e0 khi b\u1ea1n v\u1ee5ng v\u1ec1, x\u1ea5u x\u00ed b\u00ean c\u1ea1nh c\u00e1c \u00f4ng anh b\u00e0 ch\u1ecb ho\u00e0n h\u1ea3o t\u00f3t v\u1eddi, lu\u00f4n mi\u1ec7ng g\u1ecdi b\u1ea1n b\u1eb1ng c\u00e1i t\u00ean \u201cAnna \u1ea4m \u1eda\u201d.<\/p>\n<p>Ai c\u00f3 th\u1ec3 kh\u00f4ng c\u1ea3m \u0111\u1ed9ng tr\u01b0\u1edbc nh\u1eefng n\u1ed7 l\u1ef1c \u00e2m th\u1ea7m m\u00e0 d\u1eef d\u1ed9i c\u1ee7a Anna \u0111\u1ec3 h\u00f2a nh\u1eadp v\u1edbi cu\u1ed9c s\u1ed1ng m\u1edbi, l\u00e0m quen v\u1edbi m\u1ed9t ng\u00f4n ng\u1eef m\u1edbi, v\u00e0 tr\u00ean h\u1ebft, \u0111\u1ec3 khe kh\u1ebd m\u1edf l\u00f2ng, r\u1ee5t r\u00e8 thu l\u1ea1i nh\u1eefng chi\u1ebfc l\u00f4ng gai g\u00f3c em \u0111\u00e3 x\u00f9 l\u00ean v\u1edbi \u0111\u1eddi, v\u1edbi ng\u01b0\u1eddi b\u1ea5y l\u00e2u. Tr\u00ean \u0111\u1ea5t n\u01b0\u1edbc Canada, n\u01a1i em ph\u00e1t hi\u1ec7n ra s\u1ef1 v\u1ee5ng v\u1ec1 c\u1ee7a m\u00ecnh c\u00f3 m\u1ed9t l\u00fd do, th\u1ebf gi\u1edbi c\u1ee7a em b\u1eaft \u0111\u1ea7u thay \u0111\u1ed5i, m\u1ed9t c\u00e1ch gi\u1ea3n d\u1ecb m\u00e0 \u0111\u00e1ng kinh ng\u1ea1c, xao xuy\u1ebfn v\u00e0 \u1ea5m l\u00f2ng.<\/p>\n<p>T\u1eeb Anna l\u00e0 m\u1ed9t trong nh\u1eefng ti\u1ec3u thuy\u1ebft \u0111\u01b0\u1ee3c y\u00eau m\u1ebfn nh\u1ea5t c\u1ee7a nh\u00e0 v\u0103n thi\u1ebfu nhi g\u1ea1o c\u1ed9i Jean Little, m\u1ed9t \u0111i\u1ec1u k\u1ef3 di\u1ec7u nho nh\u1ecf ch\u1eafc ch\u1eafn s\u1ebd th\u1eafp s\u00e1ng t\u00e2m h\u1ed3n m\u1ecdi ng\u01b0\u1eddi \u0111\u1ecdc.<\/p>\n","protected":false},"featured_media":12927,"template":"","meta":{"_acf_changed":false},"product_brand":[],"product_cat":[17,26],"product_tag":[],"class_list":{"0":"post-12928","1":"product","2":"type-product","3":"status-publish","4":"has-post-thumbnail","6":"product_cat-sach-danh-cho-cac-be","7":"product_cat-thieu-nien-11-tuoi-18-tuoi","9":"first","10":"instock","11":"taxable","12":"shipping-taxable","13":"purchasable","14":"product-type-simple"},"supplier_id":null,"supplier_sku":"","barcode":null,"atum_controlled":true,"out_stock_date":null,"out_stock_threshold":null,"inheritable":false,"inbound_stock":0,"stock_on_hold":0,"sold_today":0,"sales_last_days":0,"reserved_stock":0,"customer_returns":0,"warehouse_damage":0,"lost_in_post":0,"other_logs":0,"out_stock_days":0,"lost_sales":0,"has_location":false,"update_date":"2026-01-28T23:11:18","atum_locations":[],"atum_stock_status":"instock","restock_status":false,"low_stock_amount":"","sales_update_date":"2026-01-28T23:11:18","calc_backorders":null,"acf":{"publisher":{"ID":1424,"post_author":"1","post_date":"2021-02-17 00:02:29","post_date_gmt":"2021-02-16 22:02:29","post_content":"<!-- wp:flatsome\/uxbuilder -->\n<h1 style=\"text-align: center\"><strong>Nh\u00e3 Nam<\/strong><\/h1>\n[row]\n\n[col span=\"6\" span__sm=\"12\"]\n\n[ux_image id=\"1438\" image_size=\"medium\"]\n\n\n[\/col]\n[col span=\"6\" span__sm=\"12\"]\n\n<p><strong>C\u00f4ng ty c\u1ed5 ph\u1ea7n V\u0103n h\u00f3a v\u00e0 Truy\u1ec1n th\u00f4ng Nh\u00e3 Nam<\/strong><\/p>\n<p>Th\u00e1ng 2 n\u0103m 2005, Nh\u00e3 Nam, t\u00ean \u0111\u1ea7y \u0111\u1ee7 l\u00e0 C\u00f4ng ty C\u1ed5 ph\u1ea7n V\u0103n h\u00f3a v\u00e0 Truy\u1ec1n th\u00f4ng Nh\u00e3 Nam \u0111\u00e3 gia nh\u1eadp th\u1ecb tr\u01b0\u1eddng s\u00e1ch. T\u00e1c ph\u1ea9m \"Balzac v\u00e0 c\u00f4 b\u00e9 th\u1ee3 may Trung hoa\" c\u1ee7a \u0110\u1edbi T\u01b0 Ki\u1ec7t l\u00e0 cu\u1ed1n s\u00e1ch \u0111\u1ea7u ti\u00ean \u0111\u01b0\u1ee3c nh\u1eefng ng\u01b0\u1eddi s\u00e1ng l\u1eadp Nh\u00e3 Nam xu\u1ea5t b\u1ea3n c\u1ea3 tr\u01b0\u1edbc khi c\u00f4ng ty ra \u0111\u1eddi. Ngay l\u1eadp t\u1ee9c t\u1eeb cu\u1ed1n s\u00e1ch \u0111\u1ea7u ti\u00ean, \u0111\u1ed9c gi\u1ea3 \u0111\u00e3 d\u00e0nh s\u1ef1 quan t\u00e2m v\u00e0 y\u00eau m\u1ebfn cho m\u1ed9t th\u01b0\u01a1ng hi\u1ec7u s\u00e1ch m\u1edbi m\u1ebb mang trong m\u00ecnh kh\u00e1t v\u1ecdng g\u00f3p ph\u1ea7n t\u1ea1o l\u1eadp di\u1ec7n m\u1ea1o m\u1edbi cho xu\u1ea5t b\u1ea3n v\u0103n h\u1ecdc t\u1ea1i Vi\u1ec7t Nam.<\/p>\n<p>L\u00f2ng say m\u00ea c\u1ee7a \u0111\u1ed9i ng\u0169 l\u00e0 vi\u00ean \u0111\u00e1 \u0111\u1ea7u ti\u00ean. Tr\u1ea3i qua m\u1ea5y n\u0103m ph\u00e1t tri\u1ec3n, Nh\u00e3 Nam \u0111\u00e3 \u0111\u01b0\u1ee3c x\u00e2y d\u1ef1ng d\u1ea7n l\u00ean trong di\u1ec7n m\u1ea1o m\u1ed9t nh\u00e0 xu\u1ea5t b\u1ea3n v\u1eefng ch\u00e3i v\u00e0 chuy\u00ean nghi\u1ec7p. S\u00e1u th\u00e1ng sau khi th\u00e0nh l\u1eadp c\u00f4ng ty, Nh\u1eadt k\u00fd \u0110\u1eb7ng Th\u00f9y Tr\u00e2m ra \u0111\u1eddi, t\u1ea1o n\u00ean m\u1ed9t c\u01a1n s\u1ed1t trong x\u00e3 h\u1ed9i, v\u1edbi g\u1ea7n 500,000 b\u1ea3n s\u00e1ch \u0111\u01b0\u1ee3c ph\u00e1t h\u00e0nh, ph\u00e1 m\u1ecdi k\u1ef7 l\u1ee5c v\u1ec1 xu\u1ea5t b\u1ea3n tr\u01b0\u1edbc \u0111\u00f3, k\u00e9o theo m\u1ed9t lo\u1ea1t nh\u1eefng hi\u1ec7u \u1ee9ng x\u00e3 h\u1ed9i v\u00e0 d\u01b0 lu\u1eadn c\u00f3 \u00fd ngh\u0129a. T\u1eeb \u0111\u00f3 tr\u1edf \u0111i, th\u00f4ng qua Nh\u00e3 Nam, c\u00e1c cu\u1ed1n s\u00e1ch v\u0103n h\u1ecdc n\u01b0\u1edbc ngo\u00e0i c\u00f3 gi\u00e1 tr\u1ecb \u0111\u01b0\u1ee3c li\u00ean t\u1ee5c mua b\u1ea3n quy\u1ec1n v\u00e0 xu\u1ea5t b\u1ea3n t\u1ea1i Vi\u1ec7t Nam, thu h\u00fat nhi\u1ec1u t\u1ea7ng l\u1edbp \u0111\u1ed9c gi\u1ea3. S\u00e1ch c\u1ee7a Nh\u00e3 Nam n\u1ed5i b\u1eadt b\u1edfi n\u1ed9i dung v\u0103n h\u1ecdc tinh t\u1ebf, b\u1edfi v\u1ebb \u0111\u1eb9p c\u1ee7a thi\u1ebft k\u1ebf hi\u1ec7n \u0111\u1ea1i \u1edf h\u00ecnh th\u1ee9c, b\u1edfi s\u1ef1 ch\u0103m ch\u00fat k\u1ef9 l\u01b0\u1ee1ng cho m\u1ed7i cu\u1ed1n s\u00e1ch nh\u01b0 m\u1ed9t con thuy\u1ec1n mang t\u1edbi ni\u1ec1m vui, tri th\u1ee9c, ng\u1ea1c nhi\u00ean, v\u00e0 \u0111\u1ed3ng c\u1ea3m.<\/p>\n\n[\/col]\n\n[\/row]\n<p style=\"text-align: left\">Hi\u1ec3u th\u1eddi \u0111\u1ea1i \u0111ang s\u1ed1ng th\u00f4ng qua s\u00e1ch, song h\u00e0nh v\u1edbi nh\u1eefng bi\u1ebfn chuy\u1ec3n s\u00e2u s\u1eafc trong l\u00f2ng x\u00e3 h\u1ed9i b\u1eb1ng nh\u1eefng ho\u1ea1t \u0111\u1ed9ng xu\u1ea5t b\u1ea3n mi\u1ec7t m\u00e0i v\u00e0 qu\u1ea3 c\u1ea3m, con \u0111\u01b0\u1eddng Nh\u00e3 Nam \u0111\u00e3 ch\u1ecdn \u0111\u1ec3 \u0111i s\u1ebd c\u00f2n d\u00e0i. Nhi\u1ec1u kh\u00f3 kh\u0103n, th\u1eed th\u00e1ch \u0111ang \u1edf ph\u00eda tr\u01b0\u1edbc. B\u01b0\u1edbc qua th\u1eddi k\u1ef3 s\u01a1 khai v\u1edbi nh\u1eefng b\u00e0i h\u1ecdc v\u00e0 nh\u1eefng kinh nghi\u1ec7m \u0111\u1ea7u ti\u00ean, Nh\u00e3 Nam gi\u1edd \u0111\u00e3 s\u1eb5n s\u00e0ng cho m\u1ed9t ch\u1eb7ng \u0111\u01b0\u1eddng ph\u00e1t tri\u1ec3n m\u1edbi. V\u00e0 ch\u00fang t\u00f4i mu\u1ed1n ho\u00e0n thi\u1ec7n m\u00ecnh trong s\u1ef1 c\u1ea7u th\u1ecb v\u00e0 c\u1ea9n tr\u1ecdng. T\u1ea5t c\u1ea3 v\u00ec m\u1ed9t gia s\u1ea3n s\u00e1ch to l\u1edbn, c\u00f3 s\u1ee9c s\u1ed1ng d\u00e0i l\u00e2u, c\u00f3 \u00fd ngh\u0129a v\u1edbi nhi\u1ec1u th\u1ebf h\u1ec7 b\u1ea1n \u0111\u1ecdc.<br \/>B\u1edfi v\u00ec s\u00e1ch l\u00e0 th\u1ebf gi\u1edbi.<\/p>\n<p><strong>\u0110\u00e2y l\u00e0 m\u1ed9t nh\u00e0 ph\u00e1t h\u00e0nh s\u00e1ch m\u00e0 SACHVIET.EU r\u1ea5t y\u00eau th\u00edch v\u00e0 tin t\u01b0\u1edfng. Nh\u00ecn \u0111\u01b0\u1ee3c t\u1ea7m \u1ea3nh h\u01b0\u1edfng c\u1ee7a Nh\u00e3 Nam qua t\u1eebng cu\u1ed1n s\u00e1ch, SACHVIET.EU li\u00ean h\u1ec7 h\u1ee3p t\u00e1c ngay v\u1edbi Nh\u00e3 Nam \u0111\u1ec3 \u0111em to\u00e0n b\u1ed9 nh\u1eefng t\u00e1c ph\u1ea9m m\u1edbi, hay nh\u1ea5t m\u00e0 Nh\u00e3 Nam c\u00f3 sang Ch\u00e2u \u00c2u, \u0111\u01b0a \u0111\u1ebfn cho \u0111\u1ed9c gi\u1ea3 c\u00f3 nhi\u1ec1u s\u1ef1 l\u1ef1a ch\u1ecdn phong ph\u00fa h\u01a1n c\u1ea3 s\u00e1ch cho tr\u1ebb em l\u1eabn ng\u01b0\u1eddi l\u1edbn.\u00a0<\/strong><\/p>\n\n<!-- \/wp:flatsome\/uxbuilder -->","post_title":"Nh\u00e3 Nam","post_excerpt":"","post_status":"publish","comment_status":"closed","ping_status":"closed","post_password":"","post_name":"nha-nam","to_ping":"","pinged":"","post_modified":"2022-12-19 23:15:33","post_modified_gmt":"2022-12-19 21:15:33","post_content_filtered":"","post_parent":0,"guid":"https:\/\/sachviet.eu\/?post_type=publisher&#038;p=1424","menu_order":0,"post_type":"publisher","post_mime_type":"","comment_count":"0","filter":"raw"}},"_links":{"self":[{"href":"https:\/\/sachviet.eu\/en\/wp-json\/wp\/v2\/product\/12928","targetHints":{"allow":["GET"]}}],"collection":[{"href":"https:\/\/sachviet.eu\/en\/wp-json\/wp\/v2\/product"}],"about":[{"href":"https:\/\/sachviet.eu\/en\/wp-json\/wp\/v2\/types\/product"}],"wp:featuredmedia":[{"embeddable":true,"href":"https:\/\/sachviet.eu\/en\/wp-json\/wp\/v2\/media\/12927"}],"wp:attachment":[{"href":"https:\/\/sachviet.eu\/en\/wp-json\/wp\/v2\/media?parent=12928"}],"wp:term":[{"taxonomy":"product_brand","embeddable":true,"href":"https:\/\/sachviet.eu\/en\/wp-json\/wp\/v2\/product_brand?post=12928"},{"taxonomy":"product_cat","embeddable":true,"href":"https:\/\/sachviet.eu\/en\/wp-json\/wp\/v2\/product_cat?post=12928"},{"taxonomy":"product_tag","embeddable":true,"href":"https:\/\/sachviet.eu\/en\/wp-json\/wp\/v2\/product_tag?post=12928"}],"curies":[{"name":"wp","href":"https:\/\/api.w.org\/{rel}","templated":true}]}}