{"id":12924,"date":"2021-06-11T23:38:09","date_gmt":"2021-06-11T20:38:09","guid":{"rendered":"https:\/\/sachviet.eu\/shop\/nhung-tu-nhan-cua-dia-li-kham-pha-su-van-hanh-cua-the-gioi-qua-nhung-tam-ban-do-phien-ban-minh-hoa-mau-danh-cho-doc-gia-tre\/"},"modified":"2026-02-19T13:12:30","modified_gmt":"2026-02-19T11:12:30","slug":"nhung-tu-nhan-cua-dia-li-kham-pha-su-van-hanh-cua-the-gioi-qua-nhung-tam-ban-do-phien-ban-minh-hoa-mau-danh-cho-doc-gia-tre","status":"publish","type":"product","link":"https:\/\/sachviet.eu\/en\/shop\/nhung-tu-nhan-cua-dia-li-kham-pha-su-van-hanh-cua-the-gioi-qua-nhung-tam-ban-do-phien-ban-minh-hoa-mau-danh-cho-doc-gia-tre\/","title":{"rendered":"Nh\u1eefng T\u00f9 Nh\u00e2n C\u1ee7a \u0110\u1ecba L\u00ed &#8211; Kh\u00e1m Ph\u00e1 S\u1ef1 V\u1eadn H\u00e0nh C\u1ee7a Th\u1ebf Gi\u1edbi Qua Nh\u1eefng T\u1ea5m B\u1ea3n \u0110\u1ed3 &#8211; Phi\u00ean B\u1ea3n Minh Ho\u1ea1 M\u00e0u D\u00e0nh Cho \u0110\u1ed9c Gi\u1ea3 Tr\u1ebb"},"content":{"rendered":"<p>M\u1ed9t qu\u1ed1c gia si\u00eau c\u01b0\u1eddng l\u00e0 nh\u01b0 th\u1ebf n\u00e0o?<\/p>\n<p>T\u1eeb N\u01b0\u1edbc Nga \u0111\u1ebfn Trung \u0110\u00f4ng, Pakistan, \u1ea4n \u0110\u1ed9, Tri\u1ec1u Ti\u00ean\u2026 v\u00e0 nhi\u1ec1u c\u00e1i t\u00ean xa l\u1ea1 kh\u00e1c b\u1ea1n mu\u1ed1n bi\u1ebft?<\/p>\n<p>T\u1ea1i sao ch\u00fang ta l\u00e0 \u201cT\u00f9 nh\u00e2n c\u1ee7a \u0111\u1ecba l\u00ed\u201d?<\/p>\n<p>C\u00f3 ph\u1ea3i hi\u1ec3u v\u1ec1 \u0111\u1ecba l\u00ed Tr\u00e1i \u0110\u1ea5t, l\u00e0 con \u0111\u01b0\u1eddng \u0111\u1ec3 ch\u00fang ta \u0111\u1ecbnh h\u00ecnh v\u00e0 nh\u00ecn nh\u1eadn nh\u1eefng s\u1ef1 ki\u1ec7n \u0111ang di\u1ec5n ra kh\u1eafp th\u1ebf gi\u1edbi ?<\/p>\n<p>NH\u1eeeNG T\u00d9 NH\u00c2N C\u1ee6A \u0110\u1ecaA L\u00dd \u2013 KH\u00c1M PH\u00c1 S\u1ef0 V\u1eacN H\u00c0NH C\u1ee6A TH\u1ebe GI\u1edaI QUA NH\u1eeeNG T\u1ea4M B\u1ea2N \u0110\u1ed2 c\u1ee7a Tim Marshall \u0111\u00f3ng g\u00f3i t\u1ea5t c\u1ea3 nh\u1eefng c\u00e2u tr\u1ea3 l\u1eddi s\u00e1ng su\u1ed1t nh\u1ea5t, \u0111\u1ed9c \u0111\u00e1o nh\u1ea5t cho nh\u1eefng th\u1eafc m\u1eafc tr\u00ean, v\u00e0 nhi\u1ec1u v\u1ea5n \u0111\u1ec1 kh\u00e1c c\u1ee7a \u0111\u1ecba l\u00ed th\u1ebf gi\u1edbi!<\/p>\n<p>B\u1eb1ng d\u1eabn ch\u1ee9ng kh\u00e1ch quan, nh\u00e3n quan c\u00e1 nh\u00e2n d\u1ef1a tr\u00ean s\u1ef1 hi\u1ec3u bi\u1ebft th\u1ea5u su\u1ed1t, th\u00f4ng qua h\u1ec7 th\u1ed1ng b\u1ea3n \u0111\u1ed3 \u0111\u1ecba l\u00ed r\u1ed9ng kh\u1eafp n\u0103m ch\u00e2u, t\u00e1c gi\u1ea3 \u0111\u01b0a ng\u01b0\u1eddi \u0111\u1ecdc b\u01b0\u1edbc v\u00e0o h\u00e0nh tr\u00ecnh kh\u00e1m ph\u00e1 v\u00e0 tr\u1ea3i nghi\u1ec7m l\u1ecbch s\u1eed &#8211; ch\u00ednh tr\u1ecb c\u00f3 m\u1ed9t kh\u00f4ng hai.<\/p>\n<p>Ta s\u1ebd hi\u1ec3u nh\u1eefng l\u1ef1a ch\u1ecdn c\u1ee7a c\u00e1c nh\u00e0 l\u00e3nh \u0111\u1ea1o th\u1ebf gi\u1edbi b\u1ecb \u1ea3nh h\u01b0\u1edfng b\u1edfi n\u00fai non, s\u00f4ng su\u1ed1i, bi\u1ec3n h\u1ed3 ra sao? T\u1ea1i sao c\u00e1c y\u1ebfu t\u1ed1 \u0111\u1ecba l\u00ed l\u1ea1i c\u00f3 ngh\u0129a l\u00e0 l\u1ecbch s\u1eed lu\u00f4n l\u1eb7p l\u1ea1i?<\/p>\n<p>V\u1edbi c\u00e1ch tr\u00ecnh b\u00e0y s\u1ed1ng \u0111\u1ed9ng, phi\u00ean b\u1ea3n minh h\u1ecda m\u00e0u \u0111\u1ed9c \u0111\u00e1o d\u00e0nh cho \u0111\u1ed9c gi\u1ea3 tr\u1ebb, \u0111\u00e2y l\u00e0 t\u00e1c ph\u1ea9m truy\u1ec1n c\u1ea3m h\u1ee9ng s\u00e2u s\u1eafc, cho c\u00e1c b\u1ea1n t\u00ecm th\u1ea5y nhi\u1ec1u \u0111i\u1ec1u n\u1eefa v\u1ec1 l\u1ecbch s\u1eed phong ph\u00fa c\u1ee7a c\u00e1c qu\u1ed1c gia, d\u00e2n t\u1ed9c, v\u00e0 \u0111\u1ecba l\u00ed c\u1ee7a th\u1ebf gi\u1edbi!<\/p>\n<p>Nh\u1eefng t\u00f9 nh\u00e2n c\u1ee7a \u0111\u1ecba l\u00ed l\u00e0 s\u1ef1 k\u1ebft h\u1ee3p c\u1ee7a c\u00e1c y\u1ebfu t\u1ed1 \u0111\u1ecba l\u00ed, l\u1ecbch s\u1eed v\u00e0 ch\u00ednh tr\u1ecb.<\/p>\n<p>\u0110\u1ecba ch\u00ednh tr\u1ecb v\u1eabn \u0111ang thay \u0111\u1ed5i li\u00ean t\u1ee5c, v\u00e0 con ng\u01b0\u1eddi tr\u00ean kh\u1eafp th\u1ebf gi\u1edbi c\u00f3 nh\u1eefng nh\u00ecn nh\u1eadn kh\u00e1c nhau v\u1ec1 m\u1ecdi kh\u00eda c\u1ea1nh c\u1ee7a n\u00f3.<\/p>\n<p>T\u1eeb nh\u1eefng kh\u00e1m ph\u00e1 v\u1ec1 s\u1ef1 v\u1eadn h\u00e0nh c\u1ee7a th\u1ebf gi\u1edbi, qua nh\u1eefng t\u1ea5m b\u1ea3n \u0111\u1ed3 trong s\u00e1ch, hi v\u1ecdng s\u1ebd g\u1ee3i \u00fd cho b\u1ea1n \u0111\u1ecdc nh\u1eefng con \u0111\u01b0\u1eddng t\u01b0 duy m\u1edbi, c\u00f3 chi\u1ec1u s\u00e2u, v\u00e0 th\u1eadt gi\u00e1 tr\u1ecb.<\/p>\n<p>Tim Marshall l\u00e0 k\u00fd gi\u1ea3 ng\u01b0\u1eddi Anh v\u1edbi h\u01a1n 25 n\u0103m kinh nghi\u1ec7m v\u1ec1 tin t\u1ee9c \u0111\u1ed1i ngo\u1ea1i. Theo t\u00e1c gi\u1ea3, cu\u1ed1n s\u00e1ch m\u1edbi n\u00e0y khai th\u00e1c nh\u1eefng \u0111i\u1ec3m ch\u00ednh t\u1eeb b\u1ea3n s\u00e1ch g\u1ed1c, \u0111\u00fac r\u00fat v\u00e0 \u2013 quan tr\u1ecdng nh\u1ea5t \u2013 \u0111\u01b0a ch\u00fang ta v\u00e0o cu\u1ed9c s\u1ed1ng nh\u1edd s\u1ef1 minh h\u1ecda tuy\u1ec7t v\u1eddi t\u1eeb h\u1ecda s\u0129 Grace Easton v\u00e0 Jessica Smith, gi\u00fap \u0111\u1ed9c gi\u1ea3 c\u00f3 c\u00e1i nh\u00ecn m\u1edbi v\u1ec1 th\u1ebf gi\u1edbi quanh h\u1ecd.<\/p>\n","protected":false},"excerpt":{"rendered":"<p>M\u1ed9t qu\u1ed1c gia si\u00eau c\u01b0\u1eddng l\u00e0 nh\u01b0 th\u1ebf n\u00e0o?<\/p>\n<p>T\u1eeb N\u01b0\u1edbc Nga \u0111\u1ebfn Trung \u0110\u00f4ng, Pakistan, \u1ea4n \u0110\u1ed9, Tri\u1ec1u Ti\u00ean\u2026 v\u00e0 nhi\u1ec1u c\u00e1i t\u00ean xa l\u1ea1 kh\u00e1c b\u1ea1n mu\u1ed1n bi\u1ebft?<\/p>\n<p>T\u1ea1i sao ch\u00fang ta l\u00e0 \u201cT\u00f9 nh\u00e2n c\u1ee7a \u0111\u1ecba l\u00ed\u201d?<\/p>\n<p>C\u00f3 ph\u1ea3i hi\u1ec3u v\u1ec1 \u0111\u1ecba l\u00ed Tr\u00e1i \u0110\u1ea5t, l\u00e0 con \u0111\u01b0\u1eddng \u0111\u1ec3 ch\u00fang ta \u0111\u1ecbnh h\u00ecnh v\u00e0 nh\u00ecn nh\u1eadn nh\u1eefng s\u1ef1 ki\u1ec7n \u0111ang di\u1ec5n ra kh\u1eafp th\u1ebf gi\u1edbi ?<\/p>\n<p>NH\u1eeeNG T\u00d9 NH\u00c2N C\u1ee6A \u0110\u1ecaA L\u00dd \u2013 KH\u00c1M PH\u00c1 S\u1ef0 V\u1eacN H\u00c0NH C\u1ee6A TH\u1ebe GI\u1edaI QUA NH\u1eeeNG T\u1ea4M B\u1ea2N \u0110\u1ed2 c\u1ee7a Tim Marshall \u0111\u00f3ng g\u00f3i t\u1ea5t c\u1ea3 nh\u1eefng c\u00e2u tr\u1ea3 l\u1eddi s\u00e1ng su\u1ed1t nh\u1ea5t, \u0111\u1ed9c \u0111\u00e1o nh\u1ea5t cho nh\u1eefng th\u1eafc m\u1eafc tr\u00ean, v\u00e0 nhi\u1ec1u v\u1ea5n \u0111\u1ec1 kh\u00e1c c\u1ee7a \u0111\u1ecba l\u00ed th\u1ebf gi\u1edbi!<\/p>\n<p>B\u1eb1ng d\u1eabn ch\u1ee9ng kh\u00e1ch quan, nh\u00e3n quan c\u00e1 nh\u00e2n d\u1ef1a tr\u00ean s\u1ef1 hi\u1ec3u bi\u1ebft th\u1ea5u su\u1ed1t, th\u00f4ng qua h\u1ec7 th\u1ed1ng b\u1ea3n \u0111\u1ed3 \u0111\u1ecba l\u00ed r\u1ed9ng kh\u1eafp n\u0103m ch\u00e2u, t\u00e1c gi\u1ea3 \u0111\u01b0a ng\u01b0\u1eddi \u0111\u1ecdc b\u01b0\u1edbc v\u00e0o h\u00e0nh tr\u00ecnh kh\u00e1m ph\u00e1 v\u00e0 tr\u1ea3i nghi\u1ec7m l\u1ecbch s\u1eed &#8211; ch\u00ednh tr\u1ecb c\u00f3 m\u1ed9t kh\u00f4ng hai.<\/p>\n<p>Ta s\u1ebd hi\u1ec3u nh\u1eefng l\u1ef1a ch\u1ecdn c\u1ee7a c\u00e1c nh\u00e0 l\u00e3nh \u0111\u1ea1o th\u1ebf gi\u1edbi b\u1ecb \u1ea3nh h\u01b0\u1edfng b\u1edfi n\u00fai non, s\u00f4ng su\u1ed1i, bi\u1ec3n h\u1ed3 ra sao? T\u1ea1i sao c\u00e1c y\u1ebfu t\u1ed1 \u0111\u1ecba l\u00ed l\u1ea1i c\u00f3 ngh\u0129a l\u00e0 l\u1ecbch s\u1eed lu\u00f4n l\u1eb7p l\u1ea1i?<\/p>\n<p>V\u1edbi c\u00e1ch tr\u00ecnh b\u00e0y s\u1ed1ng \u0111\u1ed9ng, phi\u00ean b\u1ea3n minh h\u1ecda m\u00e0u \u0111\u1ed9c \u0111\u00e1o d\u00e0nh cho \u0111\u1ed9c gi\u1ea3 tr\u1ebb, \u0111\u00e2y l\u00e0 t\u00e1c ph\u1ea9m truy\u1ec1n c\u1ea3m h\u1ee9ng s\u00e2u s\u1eafc, cho c\u00e1c b\u1ea1n t\u00ecm th\u1ea5y nhi\u1ec1u \u0111i\u1ec1u n\u1eefa v\u1ec1 l\u1ecbch s\u1eed phong ph\u00fa c\u1ee7a c\u00e1c qu\u1ed1c gia, d\u00e2n t\u1ed9c, v\u00e0 \u0111\u1ecba l\u00ed c\u1ee7a th\u1ebf gi\u1edbi!<\/p>\n<p>Nh\u1eefng t\u00f9 nh\u00e2n c\u1ee7a \u0111\u1ecba l\u00ed l\u00e0 s\u1ef1 k\u1ebft h\u1ee3p c\u1ee7a c\u00e1c y\u1ebfu t\u1ed1 \u0111\u1ecba l\u00ed, l\u1ecbch s\u1eed v\u00e0 ch\u00ednh tr\u1ecb.<\/p>\n<p>\u0110\u1ecba ch\u00ednh tr\u1ecb v\u1eabn \u0111ang thay \u0111\u1ed5i li\u00ean t\u1ee5c, v\u00e0 con ng\u01b0\u1eddi tr\u00ean kh\u1eafp th\u1ebf gi\u1edbi c\u00f3 nh\u1eefng nh\u00ecn nh\u1eadn kh\u00e1c nhau v\u1ec1 m\u1ecdi kh\u00eda c\u1ea1nh c\u1ee7a n\u00f3.<\/p>\n<p>T\u1eeb nh\u1eefng kh\u00e1m ph\u00e1 v\u1ec1 s\u1ef1 v\u1eadn h\u00e0nh c\u1ee7a th\u1ebf gi\u1edbi, qua nh\u1eefng t\u1ea5m b\u1ea3n \u0111\u1ed3 trong s\u00e1ch, hi v\u1ecdng s\u1ebd g\u1ee3i \u00fd cho b\u1ea1n \u0111\u1ecdc nh\u1eefng con \u0111\u01b0\u1eddng t\u01b0 duy m\u1edbi, c\u00f3 chi\u1ec1u s\u00e2u, v\u00e0 th\u1eadt gi\u00e1 tr\u1ecb.<\/p>\n<p>Tim Marshall l\u00e0 k\u00fd gi\u1ea3 ng\u01b0\u1eddi Anh v\u1edbi h\u01a1n 25 n\u0103m kinh nghi\u1ec7m v\u1ec1 tin t\u1ee9c \u0111\u1ed1i ngo\u1ea1i. Theo t\u00e1c gi\u1ea3, cu\u1ed1n s\u00e1ch m\u1edbi n\u00e0y khai th\u00e1c nh\u1eefng \u0111i\u1ec3m ch\u00ednh t\u1eeb b\u1ea3n s\u00e1ch g\u1ed1c, \u0111\u00fac r\u00fat v\u00e0 \u2013 quan tr\u1ecdng nh\u1ea5t \u2013 \u0111\u01b0a ch\u00fang ta v\u00e0o cu\u1ed9c s\u1ed1ng nh\u1edd s\u1ef1 minh h\u1ecda tuy\u1ec7t v\u1eddi t\u1eeb h\u1ecda s\u0129 Grace Easton v\u00e0 Jessica Smith, gi\u00fap \u0111\u1ed9c gi\u1ea3 c\u00f3 c\u00e1i nh\u00ecn m\u1edbi v\u1ec1 th\u1ebf gi\u1edbi quanh h\u1ecd.<\/p>\n","protected":false},"featured_media":12919,"template":"","meta":{"_acf_changed":false},"product_brand":[],"product_cat":[18,17,26],"product_tag":[81],"class_list":{"0":"post-12924","1":"product","2":"type-product","3":"status-publish","4":"has-post-thumbnail","6":"product_cat-kinh-te","7":"product_cat-sach-danh-cho-cac-be","8":"product_cat-thieu-nien-11-tuoi-18-tuoi","9":"product_tag-sach-gia-uu-dai","11":"first","12":"outofstock","13":"sale","14":"taxable","15":"shipping-taxable","16":"purchasable","17":"product-type-simple"},"supplier_id":null,"supplier_sku":"","barcode":null,"atum_controlled":true,"out_stock_date":"2026-02-19 13:12:30","out_stock_threshold":null,"inheritable":false,"inbound_stock":0,"stock_on_hold":0,"sold_today":0,"sales_last_days":0,"reserved_stock":0,"customer_returns":0,"warehouse_damage":0,"lost_in_post":0,"other_logs":0,"out_stock_days":24,"lost_sales":75,"has_location":false,"update_date":"2026-03-15T22:56:15","atum_locations":[],"atum_stock_status":"outofstock","restock_status":false,"low_stock_amount":"","sales_update_date":"2026-03-15T22:56:15","calc_backorders":null,"acf":{"publisher":{"ID":1454,"post_author":"1","post_date":"2021-02-17 01:11:34","post_date_gmt":"2021-02-16 23:11:34","post_content":"<!-- wp:flatsome\/uxbuilder -->\n<h1 style=\"text-align: center;\"><strong>Kim \u0110\u1ed3ng<\/strong><\/h1>\n[row]\n\n[col span=\"3\" span__sm=\"12\"]\n\n[ux_image id=\"1534\" image_size=\"medium\"]\n\n\n[\/col]\n[col span=\"9\" span__sm=\"12\"]\n\n<p>Nh\u00e0 xu\u1ea5t b\u1ea3n Kim \u0110\u1ed3ng tr\u1ef1c thu\u1ed9c Trung \u01b0\u01a1ng \u0110o\u00e0n TNCS H\u1ed3 Ch\u00ed Minh l\u00e0 Nh\u00e0 xu\u1ea5t b\u1ea3n t\u1ed5ng h\u1ee3p c\u00f3 ch\u1ee9c n\u0103ng xu\u1ea5t b\u1ea3n s\u00e1ch v\u00e0 v\u0103n h\u00f3a ph\u1ea9m ph\u1ee5c v\u1ee5 thi\u1ebfu nhi v\u00e0 c\u00e1c b\u1eadc ph\u1ee5 huynh trong c\u1ea3 n\u01b0\u1edbc, qu\u1ea3ng b\u00e1 v\u00e0 gi\u1edbi thi\u1ec7u v\u0103n h\u00f3a Vi\u1ec7t Nam ra th\u1ebf gi\u1edbi.<br \/>Nh\u00e0 xu\u1ea5t b\u1ea3n c\u00f3 nhi\u1ec7m v\u1ee5 t\u1ed5 ch\u1ee9c b\u1ea3n th\u1ea3o, bi\u00ean so\u1ea1n, bi\u00ean d\u1ecbch, xu\u1ea5t b\u1ea3n v\u00e0 ph\u00e1t h\u00e0nh c\u00e1c xu\u1ea5t b\u1ea3n ph\u1ea9m c\u00f3 n\u1ed9i dung: gi\u00e1o d\u1ee5c truy\u1ec1n th\u1ed1ng d\u00e2n t\u1ed9c, gi\u00e1o d\u1ee5c v\u1ec1 tri th\u1ee9c, ki\u1ebfn th\u1ee9c\u2026 tr\u00ean c\u00e1c l\u0129nh v\u1ef1c v\u0103n h\u1ecdc, ngh\u1ec7 thu\u1eadt, khoa h\u1ecdc k\u1ef9 thu\u1eadt nh\u1eb1m cung c\u1ea5p cho c\u00e1c em thi\u1ebfu nhi c\u0169ng nh\u01b0 c\u00e1c b\u1eadc ph\u1ee5 huynh c\u00e1c ki\u1ebfn th\u1ee9c c\u1ea7n thi\u1ebft trong cu\u1ed9c s\u1ed1ng, nh\u1eefng tinh hoa c\u1ee7a tri th\u1ee9c nh\u00e2n lo\u1ea1i nh\u1eb1m g\u00f3p ph\u1ea7n gi\u00e1o d\u1ee5c v\u00e0 h\u00ecnh th\u00e0nh nh\u00e2n c\u00e1ch th\u1ebf h\u1ec7 tr\u1ebb.<br \/>\u0110\u1ed1i t\u01b0\u1ee3ng ph\u1ee5c v\u1ee5 c\u1ee7a Nh\u00e0 xu\u1ea5t b\u1ea3n l\u00e0 c\u00e1c em t\u1eeb tu\u1ed5i nh\u00e0 tr\u1ebb m\u1eabu gi\u00e1o (1 \u0111\u1ebfn 5 tu\u1ed5i), nhi \u0111\u1ed3ng (6 \u0111\u1ebfn 9 tu\u1ed5i), thi\u1ebfu ni\u00ean (10 \u0111\u1ebfn 15 tu\u1ed5i) \u0111\u1ebfn c\u00e1c em tu\u1ed5i m\u1edbi l\u1edbn (16 \u0111\u1ebfn 18 tu\u1ed5i) v\u00e0 c\u00e1c b\u1eadc ph\u1ee5 huynh.<\/p>\n\n[\/col]\n\n[\/row]\n\n<!-- \/wp:flatsome\/uxbuilder -->","post_title":"Kim \u0110\u1ed3ng","post_excerpt":"","post_status":"publish","comment_status":"closed","ping_status":"closed","post_password":"","post_name":"kim-dong","to_ping":"","pinged":"","post_modified":"2021-02-17 01:31:56","post_modified_gmt":"2021-02-16 23:31:56","post_content_filtered":"","post_parent":0,"guid":"https:\/\/sachviet.eu\/nha-phat-hanh\/kim-dong\/","menu_order":0,"post_type":"publisher","post_mime_type":"","comment_count":"0","filter":"raw"}},"_links":{"self":[{"href":"https:\/\/sachviet.eu\/en\/wp-json\/wp\/v2\/product\/12924","targetHints":{"allow":["GET"]}}],"collection":[{"href":"https:\/\/sachviet.eu\/en\/wp-json\/wp\/v2\/product"}],"about":[{"href":"https:\/\/sachviet.eu\/en\/wp-json\/wp\/v2\/types\/product"}],"wp:featuredmedia":[{"embeddable":true,"href":"https:\/\/sachviet.eu\/en\/wp-json\/wp\/v2\/media\/12919"}],"wp:attachment":[{"href":"https:\/\/sachviet.eu\/en\/wp-json\/wp\/v2\/media?parent=12924"}],"wp:term":[{"taxonomy":"product_brand","embeddable":true,"href":"https:\/\/sachviet.eu\/en\/wp-json\/wp\/v2\/product_brand?post=12924"},{"taxonomy":"product_cat","embeddable":true,"href":"https:\/\/sachviet.eu\/en\/wp-json\/wp\/v2\/product_cat?post=12924"},{"taxonomy":"product_tag","embeddable":true,"href":"https:\/\/sachviet.eu\/en\/wp-json\/wp\/v2\/product_tag?post=12924"}],"curies":[{"name":"wp","href":"https:\/\/api.w.org\/{rel}","templated":true}]}}