{"id":12916,"date":"2021-06-11T23:37:39","date_gmt":"2021-06-11T20:37:39","guid":{"rendered":"https:\/\/sachviet.eu\/shop\/set-5-quyen-ong-vui-tinh-chau-tinh-nghich\/"},"modified":"2025-04-24T12:28:52","modified_gmt":"2025-04-24T09:28:52","slug":"set-5-quyen-ong-vui-tinh-chau-tinh-nghich","status":"publish","type":"product","link":"https:\/\/sachviet.eu\/en\/shop\/set-5-quyen-ong-vui-tinh-chau-tinh-nghich\/","title":{"rendered":"Set 5 quy\u1ec3n &#8211; \u00d4ng vui t\u00ednh, Ch\u00e1u tinh ngh\u1ecbch"},"content":{"rendered":"<p>Nh\u1eefng b\u00f4ng tuy\u1ebft d\u00e0y nh\u1eb9 nh\u00e0ng r\u01a1i xu\u1ed1ng, ph\u1ee7 l\u00ean khu v\u01b0\u1eddn m\u1ed9t m\u00e0u tr\u1eafng mu\u1ed1t.<\/p>\n<p>\u00d4ng mang chi\u1ebfc xe tr\u01b0\u1ee3t tuy\u1ebft ra kh\u1ecfi nh\u00e0 kho v\u00e0 h\u1ecfi:<\/p>\n<p>\u201cAi mu\u1ed1n ch\u01a1i v\u1edbi \u00f4ng n\u00e0o?\u201d<\/p>\n<p>B\u1ea3y c\u00e1nh tay gi\u01a1 l\u00ean.<\/p>\n<p>\u0110\u00f3 l\u00e0 kh\u1edfi \u0111\u1ea7u c\u1ee7a chuy\u1ebfn th\u00e1m hi\u1ec3m v\u1edbi tuy\u1ebft vui tuy\u1ec7t!<\/p>\n<p>M\u1eddi c\u00e1c b\u1ea1n c\u00f9ng t\u00ecm \u0111\u1ecdc tr\u1ecdn b\u1ed9 truy\u1ec7n tranh m\u00e0u d\u00e0nh cho l\u1ee9a tu\u1ed5i nhi \u0111\u1ed3ng:<\/p>\n<p>\u00d4ng vui t\u00ednh &#8211; Ch\u00e1u tinh ngh\u1ecbch: Ti\u1ec7c sinh nh\u1eadt b\u00e0<\/p>\n<p>\u00d4ng vui t\u00ednh &#8211; Ch\u00e1u tinh ngh\u1ecbch: Vui \u0111\u00f9a tr\u00ean tuy\u1ebft<\/p>\n<p>\u00d4ng vui t\u00ednh &#8211; Ch\u00e1u tinh ngh\u1ecbch: Ch\u01a1i tr\u1ed1n t\u00ecm c\u00f9ng \u00f4ng<\/p>\n<p>\u00d4ng vui t\u00ednh &#8211; Ch\u00e1u tinh ngh\u1ecbch: Chuy\u1ebfn \u0111i bi\u1ec3n \u0111\u00e1ng nh\u1edb<\/p>\n<p>\u00d4ng vui t\u00ednh &#8211; Ch\u00e1u tinh ngh\u1ecbch: D\u1ea1o ch\u01a1i b\u1eb1ng xe \u0111\u1ea1p<\/p>\n","protected":false},"excerpt":{"rendered":"<p>Nh\u1eefng b\u00f4ng tuy\u1ebft d\u00e0y nh\u1eb9 nh\u00e0ng r\u01a1i xu\u1ed1ng, ph\u1ee7 l\u00ean khu v\u01b0\u1eddn m\u1ed9t m\u00e0u tr\u1eafng mu\u1ed1t.<\/p>\n<p>\u00d4ng mang chi\u1ebfc xe tr\u01b0\u1ee3t tuy\u1ebft ra kh\u1ecfi nh\u00e0 kho v\u00e0 h\u1ecfi:<\/p>\n<p>\u201cAi mu\u1ed1n ch\u01a1i v\u1edbi \u00f4ng n\u00e0o?\u201d<\/p>\n<p>B\u1ea3y c\u00e1nh tay gi\u01a1 l\u00ean.<\/p>\n<p>\u0110\u00f3 l\u00e0 kh\u1edfi \u0111\u1ea7u c\u1ee7a chuy\u1ebfn th\u00e1m hi\u1ec3m v\u1edbi tuy\u1ebft vui tuy\u1ec7t!<\/p>\n","protected":false},"featured_media":12911,"template":"","meta":{"_acf_changed":false},"product_brand":[],"product_cat":[25,17,26],"product_tag":[81],"class_list":{"0":"post-12916","1":"product","2":"type-product","3":"status-publish","4":"has-post-thumbnail","6":"product_cat-nhi-dong-6-tuoi-12-tuoi","7":"product_cat-sach-danh-cho-cac-be","8":"product_cat-thieu-nien-11-tuoi-18-tuoi","9":"product_tag-sach-gia-uu-dai","11":"first","12":"instock","13":"sale","14":"taxable","15":"shipping-taxable","16":"purchasable","17":"product-type-simple"},"supplier_id":null,"supplier_sku":"","barcode":null,"atum_controlled":true,"out_stock_date":null,"out_stock_threshold":null,"inheritable":false,"inbound_stock":0,"stock_on_hold":0,"sold_today":0,"sales_last_days":0,"reserved_stock":0,"customer_returns":0,"warehouse_damage":0,"lost_in_post":0,"other_logs":0,"out_stock_days":0,"lost_sales":0,"has_location":false,"update_date":"2026-01-28T23:11:28","atum_locations":[],"atum_stock_status":"instock","restock_status":false,"low_stock_amount":"","sales_update_date":"2026-01-28T23:11:28","calc_backorders":null,"acf":{"publisher":{"ID":1454,"post_author":"1","post_date":"2021-02-17 01:11:34","post_date_gmt":"2021-02-16 23:11:34","post_content":"<!-- wp:flatsome\/uxbuilder -->\n<h1 style=\"text-align: center;\"><strong>Kim \u0110\u1ed3ng<\/strong><\/h1>\n[row]\n\n[col span=\"3\" span__sm=\"12\"]\n\n[ux_image id=\"1534\" image_size=\"medium\"]\n\n\n[\/col]\n[col span=\"9\" span__sm=\"12\"]\n\n<p>Nh\u00e0 xu\u1ea5t b\u1ea3n Kim \u0110\u1ed3ng tr\u1ef1c thu\u1ed9c Trung \u01b0\u01a1ng \u0110o\u00e0n TNCS H\u1ed3 Ch\u00ed Minh l\u00e0 Nh\u00e0 xu\u1ea5t b\u1ea3n t\u1ed5ng h\u1ee3p c\u00f3 ch\u1ee9c n\u0103ng xu\u1ea5t b\u1ea3n s\u00e1ch v\u00e0 v\u0103n h\u00f3a ph\u1ea9m ph\u1ee5c v\u1ee5 thi\u1ebfu nhi v\u00e0 c\u00e1c b\u1eadc ph\u1ee5 huynh trong c\u1ea3 n\u01b0\u1edbc, qu\u1ea3ng b\u00e1 v\u00e0 gi\u1edbi thi\u1ec7u v\u0103n h\u00f3a Vi\u1ec7t Nam ra th\u1ebf gi\u1edbi.<br \/>Nh\u00e0 xu\u1ea5t b\u1ea3n c\u00f3 nhi\u1ec7m v\u1ee5 t\u1ed5 ch\u1ee9c b\u1ea3n th\u1ea3o, bi\u00ean so\u1ea1n, bi\u00ean d\u1ecbch, xu\u1ea5t b\u1ea3n v\u00e0 ph\u00e1t h\u00e0nh c\u00e1c xu\u1ea5t b\u1ea3n ph\u1ea9m c\u00f3 n\u1ed9i dung: gi\u00e1o d\u1ee5c truy\u1ec1n th\u1ed1ng d\u00e2n t\u1ed9c, gi\u00e1o d\u1ee5c v\u1ec1 tri th\u1ee9c, ki\u1ebfn th\u1ee9c\u2026 tr\u00ean c\u00e1c l\u0129nh v\u1ef1c v\u0103n h\u1ecdc, ngh\u1ec7 thu\u1eadt, khoa h\u1ecdc k\u1ef9 thu\u1eadt nh\u1eb1m cung c\u1ea5p cho c\u00e1c em thi\u1ebfu nhi c\u0169ng nh\u01b0 c\u00e1c b\u1eadc ph\u1ee5 huynh c\u00e1c ki\u1ebfn th\u1ee9c c\u1ea7n thi\u1ebft trong cu\u1ed9c s\u1ed1ng, nh\u1eefng tinh hoa c\u1ee7a tri th\u1ee9c nh\u00e2n lo\u1ea1i nh\u1eb1m g\u00f3p ph\u1ea7n gi\u00e1o d\u1ee5c v\u00e0 h\u00ecnh th\u00e0nh nh\u00e2n c\u00e1ch th\u1ebf h\u1ec7 tr\u1ebb.<br \/>\u0110\u1ed1i t\u01b0\u1ee3ng ph\u1ee5c v\u1ee5 c\u1ee7a Nh\u00e0 xu\u1ea5t b\u1ea3n l\u00e0 c\u00e1c em t\u1eeb tu\u1ed5i nh\u00e0 tr\u1ebb m\u1eabu gi\u00e1o (1 \u0111\u1ebfn 5 tu\u1ed5i), nhi \u0111\u1ed3ng (6 \u0111\u1ebfn 9 tu\u1ed5i), thi\u1ebfu ni\u00ean (10 \u0111\u1ebfn 15 tu\u1ed5i) \u0111\u1ebfn c\u00e1c em tu\u1ed5i m\u1edbi l\u1edbn (16 \u0111\u1ebfn 18 tu\u1ed5i) v\u00e0 c\u00e1c b\u1eadc ph\u1ee5 huynh.<\/p>\n\n[\/col]\n\n[\/row]\n\n<!-- \/wp:flatsome\/uxbuilder -->","post_title":"Kim \u0110\u1ed3ng","post_excerpt":"","post_status":"publish","comment_status":"closed","ping_status":"closed","post_password":"","post_name":"kim-dong","to_ping":"","pinged":"","post_modified":"2021-02-17 01:31:56","post_modified_gmt":"2021-02-16 23:31:56","post_content_filtered":"","post_parent":0,"guid":"https:\/\/sachviet.eu\/nha-phat-hanh\/kim-dong\/","menu_order":0,"post_type":"publisher","post_mime_type":"","comment_count":"0","filter":"raw"}},"_links":{"self":[{"href":"https:\/\/sachviet.eu\/en\/wp-json\/wp\/v2\/product\/12916","targetHints":{"allow":["GET"]}}],"collection":[{"href":"https:\/\/sachviet.eu\/en\/wp-json\/wp\/v2\/product"}],"about":[{"href":"https:\/\/sachviet.eu\/en\/wp-json\/wp\/v2\/types\/product"}],"wp:featuredmedia":[{"embeddable":true,"href":"https:\/\/sachviet.eu\/en\/wp-json\/wp\/v2\/media\/12911"}],"wp:attachment":[{"href":"https:\/\/sachviet.eu\/en\/wp-json\/wp\/v2\/media?parent=12916"}],"wp:term":[{"taxonomy":"product_brand","embeddable":true,"href":"https:\/\/sachviet.eu\/en\/wp-json\/wp\/v2\/product_brand?post=12916"},{"taxonomy":"product_cat","embeddable":true,"href":"https:\/\/sachviet.eu\/en\/wp-json\/wp\/v2\/product_cat?post=12916"},{"taxonomy":"product_tag","embeddable":true,"href":"https:\/\/sachviet.eu\/en\/wp-json\/wp\/v2\/product_tag?post=12916"}],"curies":[{"name":"wp","href":"https:\/\/api.w.org\/{rel}","templated":true}]}}