{"id":12910,"date":"2021-06-11T23:37:27","date_gmt":"2021-06-11T20:37:27","guid":{"rendered":"https:\/\/sachviet.eu\/shop\/trai-tim-cua-me-nhung-trai-nghiem-lam-me-ngot-ngao-bia-mem\/"},"modified":"2021-11-09T14:43:30","modified_gmt":"2021-11-09T12:43:30","slug":"trai-tim-cua-me-nhung-trai-nghiem-lam-me-ngot-ngao-bia-mem","status":"publish","type":"product","link":"https:\/\/sachviet.eu\/en\/shop\/trai-tim-cua-me-nhung-trai-nghiem-lam-me-ngot-ngao-bia-mem\/","title":{"rendered":"Tr\u00e1i Tim C\u1ee7a M\u1eb9 &#8211; Nh\u1eefng Tr\u1ea3i Nghi\u1ec7m L\u00e0m M\u1eb9 Ng\u1ecdt Ng\u00e0o &#8211;\u00a0(B\u00eca m\u1ec1m)"},"content":{"rendered":"<p>\u201cTr\u00e1i tim c\u1ee7a m\u1eb9\u201d l\u00e0 cu\u1ed1n nh\u1eadt k\u00ed b\u1eb1ng tranh x\u00fac \u0111\u1ed9ng tr\u00ean h\u00e0nh tr\u00ecnh \u0111\u1ed3ng h\u00e0nh c\u00f9ng con c\u1ee7a m\u1ed9t ng\u01b0\u1eddi m\u1eb9. Cu\u1ed1n s\u00e1ch thuy\u1ebft ph\u1ee5c ng\u01b0\u1eddi \u0111\u1ecdc b\u1edfi nh\u1eefng b\u1ee9c tranh v\u00f4 c\u00f9ng tinh t\u1ebf v\u00e0 \u0111\u1eb9p m\u1eaft c\u00f9ng c\u00e2u chuy\u1ec7n c\u1ea3m \u0111\u1ed9ng v\u1ec1 t\u00ecnh m\u1eabu t\u1eed. Nh\u01b0ng h\u01a1n th\u1ebf, \u201cTr\u00e1i tim c\u1ee7a m\u1eb9\u201d c\u00f2n g\u1eedi g\u1eafm m\u1ed9t th\u00f4ng \u0111i\u1ec7p x\u00fac \u0111\u1ed9ng v\u1ec1 t\u00ecnh y\u00eau th\u01b0\u01a1ng: r\u1eb1ng v\u1ebb \u0111\u1eb9p c\u1ee7a cu\u1ed9c s\u1ed1ng v\u00e0 t\u00ecnh y\u00eau l\u1ea1i th\u01b0\u1eddng \u0111\u1ebfn t\u1eeb nh\u1eefng g\u00ec b\u00ecnh d\u1ecb nh\u1ea5t.<\/p>\n<p>Nh\u00e0 b\u00e1o Ho\u00e0i Anh t\u1eebng chia s\u1ebb: \u201cCu\u1ed9c s\u1ed1ng c\u01a1 b\u1ea3n l\u00e0 nh\u1eefng \u0111i\u1ec1u \u0111\u01a1n gi\u1ea3n. Kh\u00f4ng ph\u1ea3i l\u00fac n\u00e0o ng\u01b0\u1eddi ta c\u0169ng \u0111\u1ee7 n\u0103ng l\u01b0\u1ee3ng, c\u1ea3m h\u1ee9ng, \u0111\u1ed9ng l\u1ef1c \u0111\u1ec3 l\u00e0m nh\u1eefng \u0111i\u1ec1u phi th\u01b0\u1eddng, v\u0129 \u0111\u1ea1i. H\u00e3y t\u00ecm th\u1ea5y ni\u1ec1m vui ngay trong nh\u1eefng \u0111i\u1ec1u b\u00ecnh d\u1ecb, gi\u1ea3n \u0111\u01a1n c\u1ee7a cu\u1ed9c s\u1ed1ng. \u0110\u00f3 c\u0169ng l\u00e0 mong mu\u1ed1n c\u1ee7a m\u00ecnh khi vi\u1ebft Tr\u00e1i tim c\u1ee7a m\u1eb9.\u201d<\/p>\n<p>Cu\u1ed1n s\u00e1ch l\u00e0 m\u1ed9t \u201cd\u1ef1 \u00e1n\u201d \u0111\u01b0\u1ee3c th\u1ef1c hi\u1ec7n b\u1ec1n b\u1ec9 v\u00e0 l\u00e2u d\u00e0i b\u1edfi nh\u00f3m t\u00e1c gi\u1ea3: nh\u00e0 b\u00e1o Ph\u1ea1m Th\u1ecb Ho\u00e0i Anh v\u00e0 h\u1ecda s\u0129 \u0110\u1eadu \u0110\u0169a. T\u00e1c gi\u1ea3 Ho\u00e0i Anh \u0111\u01b0\u1ee3c bi\u1ebft \u0111\u1ebfn nh\u01b0 m\u1ed9t m\u1eb9 Vi\u1ec7t \u201ct\u1ef1 xu\u1ea5t b\u1ea3n s\u00e1ch cho con\u201d v\u1edbi r\u1ea5t nhi\u1ec1u nh\u1eefng cu\u1ed1n s\u00e1ch \u201chandmade\u201d do ch\u1ecb ch\u1ea5p b\u00fat v\u00e0 h\u1ecda s\u0129 \u0110\u1eadu \u0110\u0169a v\u1ebd tranh minh h\u1ecda. S\u00e1ch \u0111\u00e3 \u0111\u1ea1t Gi\u1ea3i th\u01b0\u1edfng Grand Prize c\u1ee7a cu\u1ed9c thi Samsung Kids Time Authors\u2019 Award 2015 d\u00e0nh cho c\u00e1c t\u00e1c gi\u1ea3 \u0110\u00f4ng Nam \u00c1 v\u00e0 gi\u1ea3i B\u1ea1c s\u00e1ch Hay n\u0103m 2016.<\/p>\n<p>\u201cTr\u00e1i tim c\u1ee7a m\u1eb9\u201d kh\u00f4ng ph\u1ea3i cu\u1ed1n s\u00e1ch d\u00e0nh cho nh\u1eefng ai mu\u1ed1n \u0111\u1ecdc nhanh, c\u00f3 nh\u1eefng b\u1ee9c tranh \u0111\u1eb9p \u0111\u1ebfn n\u1ed7i b\u1ea1n ph\u1ea3i d\u00e0nh c\u1ea3 ng\u00e0y \u0111\u1ec3 l\u1eb7ng y\u00ean ng\u1eafm nh\u00ecn, v\u00e0 c\u00f3 nh\u1eefng kho\u1ea3nh kh\u1eafc y\u00eau y\u00eau v\u00e0 xinh xinh \u0111\u1ebfn n\u1ed7i b\u1ea1n s\u1ebd c\u00f3 c\u1ea3m gi\u00e1c nh\u01b0 m\u1ecdi th\u1ee9 \u0111\u1ec1u vang vang trong tr\u00e1i tim m\u00ecnh cho \u0111\u1ebfn t\u1eadn m\u1ea5y ng\u00e0y sau.<\/p>\n<p>H\u00ecnh \u1ea3nh c\u00f4 b\u00e9 \u00f4m ch\u1ea7m l\u1ea5y l\u01b0ng m\u1eb9, hai m\u1eb9 con ph\u00f3ng xe tr\u00ean ph\u1ed1 ph\u01b0\u1eddng t\u1ea5p n\u1eadp, kho\u1ea3nh kh\u1eafc hai m\u1eb9 con c\u00f9ng \u201cthi\u201d xem ai l\u00e0 nh\u00e0 v\u00f4 \u0111\u1ecbch th\u1ed5i bong b\u00f3ng x\u00e0 ph\u00f2ng gi\u1ecfi nh\u1ea5t th\u1ebf gi\u1edbi, hay ti\u1ebfng g\u1ecdi \u201cM\u1eb9\u201d trong gi\u1ea5c m\u01a1 c\u1ee7a c\u00f4 b\u00e9 c\u00f3 \u0111\u00f4i m\u00e1 h\u1ed3ng h\u00e0o, ph\u00fang ph\u00ednh s\u1ebd l\u00e0 nh\u1eefng k\u1ec9 ni\u1ec7m ng\u1ecdt ng\u00e0o v\u00e0 trong tr\u1ebbo m\u00e0 b\u1ea1n s\u1ebd nh\u1edb nh\u1ea5t&#8230;<\/p>\n<p>\u201cM\u1ed7i ch\u00fang ta, ai c\u0169ng sinh ra t\u1eeb m\u1ed9t tr\u00e1i tim y\u00eau th\u01b0\u01a1ng.\u201d &#8211; T\u00e1c gi\u1ea3 Ho\u00e0i Anh<\/p>\n<p>\u201cCu\u1ed1n s\u00e1ch \u201cTr\u00e1i tim c\u1ee7a m\u1eb9\u201d khi\u1ebfn con ngh\u0129 v\u1ec1 nh\u1eefng l\u00fd do t\u1ea1i sao con y\u00eau m\u1eb9? T\u1ea1i sao em b\u00e9 n\u00e0o c\u0169ng y\u00eau m\u1eb9? C\u00e1c em b\u00e9 y\u00eau m\u1eb9 c\u00f3 gi\u1ed1ng nhau kh\u00f4ng? Con y\u00eau m\u1eb9 con theo c\u00e1ch c\u1ee7a ri\u00eang con. Ai c\u0169ng y\u00eau m\u1eb9 theo c\u00e1ch c\u1ee7a h\u1ecd. V\u00e0 b\u1ea5t c\u1ee9 ai khi \u0111\u1ecdc cu\u1ed1n s\u00e1ch n\u00e0y, s\u1ebd nh\u1edb ra ng\u00e0y x\u01b0a h\u1ecd \u0111\u00e3 y\u00eau th\u01b0\u01a1ng m\u1eb9 theo c\u00e1ch n\u00e0o.\u201d &#8211; Em Th\u00f3c, 12 tu\u1ed5i<\/p>\n","protected":false},"excerpt":{"rendered":"<p>\u201cTr\u00e1i tim c\u1ee7a m\u1eb9\u201d l\u00e0 cu\u1ed1n nh\u1eadt k\u00ed b\u1eb1ng tranh x\u00fac \u0111\u1ed9ng tr\u00ean h\u00e0nh tr\u00ecnh \u0111\u1ed3ng h\u00e0nh c\u00f9ng con c\u1ee7a m\u1ed9t ng\u01b0\u1eddi m\u1eb9. Cu\u1ed1n s\u00e1ch thuy\u1ebft ph\u1ee5c ng\u01b0\u1eddi \u0111\u1ecdc b\u1edfi nh\u1eefng b\u1ee9c tranh v\u00f4 c\u00f9ng tinh t\u1ebf v\u00e0 \u0111\u1eb9p m\u1eaft c\u00f9ng c\u00e2u chuy\u1ec7n c\u1ea3m \u0111\u1ed9ng v\u1ec1 t\u00ecnh m\u1eabu t\u1eed. Nh\u01b0ng h\u01a1n th\u1ebf, \u201cTr\u00e1i tim c\u1ee7a m\u1eb9\u201d c\u00f2n g\u1eedi g\u1eafm m\u1ed9t th\u00f4ng \u0111i\u1ec7p x\u00fac \u0111\u1ed9ng v\u1ec1 t\u00ecnh y\u00eau th\u01b0\u01a1ng: r\u1eb1ng v\u1ebb \u0111\u1eb9p c\u1ee7a cu\u1ed9c s\u1ed1ng v\u00e0 t\u00ecnh y\u00eau l\u1ea1i th\u01b0\u1eddng \u0111\u1ebfn t\u1eeb nh\u1eefng g\u00ec b\u00ecnh d\u1ecb nh\u1ea5t.<\/p>\n<p>Nh\u00e0 b\u00e1o Ho\u00e0i Anh t\u1eebng chia s\u1ebb: \u201cCu\u1ed9c s\u1ed1ng c\u01a1 b\u1ea3n l\u00e0 nh\u1eefng \u0111i\u1ec1u \u0111\u01a1n gi\u1ea3n. Kh\u00f4ng ph\u1ea3i l\u00fac n\u00e0o ng\u01b0\u1eddi ta c\u0169ng \u0111\u1ee7 n\u0103ng l\u01b0\u1ee3ng, c\u1ea3m h\u1ee9ng, \u0111\u1ed9ng l\u1ef1c \u0111\u1ec3 l\u00e0m nh\u1eefng \u0111i\u1ec1u phi th\u01b0\u1eddng, v\u0129 \u0111\u1ea1i. H\u00e3y t\u00ecm th\u1ea5y ni\u1ec1m vui ngay trong nh\u1eefng \u0111i\u1ec1u b\u00ecnh d\u1ecb, gi\u1ea3n \u0111\u01a1n c\u1ee7a cu\u1ed9c s\u1ed1ng. \u0110\u00f3 c\u0169ng l\u00e0 mong mu\u1ed1n c\u1ee7a m\u00ecnh khi vi\u1ebft Tr\u00e1i tim c\u1ee7a m\u1eb9.\u201d<\/p>\n<p>Cu\u1ed1n s\u00e1ch l\u00e0 m\u1ed9t \u201cd\u1ef1 \u00e1n\u201d \u0111\u01b0\u1ee3c th\u1ef1c hi\u1ec7n b\u1ec1n b\u1ec9 v\u00e0 l\u00e2u d\u00e0i b\u1edfi nh\u00f3m t\u00e1c gi\u1ea3: nh\u00e0 b\u00e1o Ph\u1ea1m Th\u1ecb Ho\u00e0i Anh v\u00e0 h\u1ecda s\u0129 \u0110\u1eadu \u0110\u0169a. T\u00e1c gi\u1ea3 Ho\u00e0i Anh \u0111\u01b0\u1ee3c bi\u1ebft \u0111\u1ebfn nh\u01b0 m\u1ed9t m\u1eb9 Vi\u1ec7t \u201ct\u1ef1 xu\u1ea5t b\u1ea3n s\u00e1ch cho con\u201d v\u1edbi r\u1ea5t nhi\u1ec1u nh\u1eefng cu\u1ed1n s\u00e1ch \u201chandmade\u201d do ch\u1ecb ch\u1ea5p b\u00fat v\u00e0 h\u1ecda s\u0129 \u0110\u1eadu \u0110\u0169a v\u1ebd tranh minh h\u1ecda. S\u00e1ch \u0111\u00e3 \u0111\u1ea1t Gi\u1ea3i th\u01b0\u1edfng Grand Prize c\u1ee7a cu\u1ed9c thi Samsung Kids Time Authors\u2019 Award 2015 d\u00e0nh cho c\u00e1c t\u00e1c gi\u1ea3 \u0110\u00f4ng Nam \u00c1 v\u00e0 gi\u1ea3i B\u1ea1c s\u00e1ch Hay n\u0103m 2016.<\/p>\n<p>\u201cTr\u00e1i tim c\u1ee7a m\u1eb9\u201d kh\u00f4ng ph\u1ea3i cu\u1ed1n s\u00e1ch d\u00e0nh cho nh\u1eefng ai mu\u1ed1n \u0111\u1ecdc nhanh, c\u00f3 nh\u1eefng b\u1ee9c tranh \u0111\u1eb9p \u0111\u1ebfn n\u1ed7i b\u1ea1n ph\u1ea3i d\u00e0nh c\u1ea3 ng\u00e0y \u0111\u1ec3 l\u1eb7ng y\u00ean ng\u1eafm nh\u00ecn, v\u00e0 c\u00f3 nh\u1eefng kho\u1ea3nh kh\u1eafc y\u00eau y\u00eau v\u00e0 xinh xinh \u0111\u1ebfn n\u1ed7i b\u1ea1n s\u1ebd c\u00f3 c\u1ea3m gi\u00e1c nh\u01b0 m\u1ecdi th\u1ee9 \u0111\u1ec1u vang vang trong tr\u00e1i tim m\u00ecnh cho \u0111\u1ebfn t\u1eadn m\u1ea5y ng\u00e0y sau.<\/p>\n<p>H\u00ecnh \u1ea3nh c\u00f4 b\u00e9 \u00f4m ch\u1ea7m l\u1ea5y l\u01b0ng m\u1eb9, hai m\u1eb9 con ph\u00f3ng xe tr\u00ean ph\u1ed1 ph\u01b0\u1eddng t\u1ea5p n\u1eadp, kho\u1ea3nh kh\u1eafc hai m\u1eb9 con c\u00f9ng \u201cthi\u201d xem ai l\u00e0 nh\u00e0 v\u00f4 \u0111\u1ecbch th\u1ed5i bong b\u00f3ng x\u00e0 ph\u00f2ng gi\u1ecfi nh\u1ea5t th\u1ebf gi\u1edbi, hay ti\u1ebfng g\u1ecdi \u201cM\u1eb9\u201d trong gi\u1ea5c m\u01a1 c\u1ee7a c\u00f4 b\u00e9 c\u00f3 \u0111\u00f4i m\u00e1 h\u1ed3ng h\u00e0o, ph\u00fang ph\u00ednh s\u1ebd l\u00e0 nh\u1eefng k\u1ec9 ni\u1ec7m ng\u1ecdt ng\u00e0o v\u00e0 trong tr\u1ebbo m\u00e0 b\u1ea1n s\u1ebd nh\u1edb nh\u1ea5t&#8230;<\/p>\n","protected":false},"featured_media":12909,"template":"","meta":{"_acf_changed":false},"product_brand":[],"product_cat":[24,25,17,71],"product_tag":[],"class_list":{"0":"post-12910","1":"product","2":"type-product","3":"status-publish","4":"has-post-thumbnail","6":"product_cat-nha-tre-mau-giao-0-tuoi-6-tuoi","7":"product_cat-nhi-dong-6-tuoi-12-tuoi","8":"product_cat-sach-danh-cho-cac-be","9":"product_cat-sach-tre-em-thuan-viet","11":"first","12":"outofstock","13":"taxable","14":"shipping-taxable","15":"purchasable","16":"product-type-simple"},"supplier_id":null,"supplier_sku":"","barcode":null,"atum_controlled":true,"out_stock_date":"2021-11-09 12:43:30","out_stock_threshold":null,"inheritable":false,"inbound_stock":0,"stock_on_hold":0,"sold_today":0,"sales_last_days":0,"reserved_stock":0,"customer_returns":0,"warehouse_damage":0,"lost_in_post":0,"other_logs":0,"out_stock_days":1541,"lost_sales":0,"has_location":false,"update_date":"2026-01-28T23:10:52","atum_locations":[],"atum_stock_status":"outofstock","restock_status":false,"low_stock_amount":"","sales_update_date":"2026-01-28T23:10:52","calc_backorders":null,"acf":{"publisher":{"ID":1454,"post_author":"1","post_date":"2021-02-17 01:11:34","post_date_gmt":"2021-02-16 23:11:34","post_content":"<!-- wp:flatsome\/uxbuilder -->\n<h1 style=\"text-align: center;\"><strong>Kim \u0110\u1ed3ng<\/strong><\/h1>\n[row]\n\n[col span=\"3\" span__sm=\"12\"]\n\n[ux_image id=\"1534\" image_size=\"medium\"]\n\n\n[\/col]\n[col span=\"9\" span__sm=\"12\"]\n\n<p>Nh\u00e0 xu\u1ea5t b\u1ea3n Kim \u0110\u1ed3ng tr\u1ef1c thu\u1ed9c Trung \u01b0\u01a1ng \u0110o\u00e0n TNCS H\u1ed3 Ch\u00ed Minh l\u00e0 Nh\u00e0 xu\u1ea5t b\u1ea3n t\u1ed5ng h\u1ee3p c\u00f3 ch\u1ee9c n\u0103ng xu\u1ea5t b\u1ea3n s\u00e1ch v\u00e0 v\u0103n h\u00f3a ph\u1ea9m ph\u1ee5c v\u1ee5 thi\u1ebfu nhi v\u00e0 c\u00e1c b\u1eadc ph\u1ee5 huynh trong c\u1ea3 n\u01b0\u1edbc, qu\u1ea3ng b\u00e1 v\u00e0 gi\u1edbi thi\u1ec7u v\u0103n h\u00f3a Vi\u1ec7t Nam ra th\u1ebf gi\u1edbi.<br \/>Nh\u00e0 xu\u1ea5t b\u1ea3n c\u00f3 nhi\u1ec7m v\u1ee5 t\u1ed5 ch\u1ee9c b\u1ea3n th\u1ea3o, bi\u00ean so\u1ea1n, bi\u00ean d\u1ecbch, xu\u1ea5t b\u1ea3n v\u00e0 ph\u00e1t h\u00e0nh c\u00e1c xu\u1ea5t b\u1ea3n ph\u1ea9m c\u00f3 n\u1ed9i dung: gi\u00e1o d\u1ee5c truy\u1ec1n th\u1ed1ng d\u00e2n t\u1ed9c, gi\u00e1o d\u1ee5c v\u1ec1 tri th\u1ee9c, ki\u1ebfn th\u1ee9c\u2026 tr\u00ean c\u00e1c l\u0129nh v\u1ef1c v\u0103n h\u1ecdc, ngh\u1ec7 thu\u1eadt, khoa h\u1ecdc k\u1ef9 thu\u1eadt nh\u1eb1m cung c\u1ea5p cho c\u00e1c em thi\u1ebfu nhi c\u0169ng nh\u01b0 c\u00e1c b\u1eadc ph\u1ee5 huynh c\u00e1c ki\u1ebfn th\u1ee9c c\u1ea7n thi\u1ebft trong cu\u1ed9c s\u1ed1ng, nh\u1eefng tinh hoa c\u1ee7a tri th\u1ee9c nh\u00e2n lo\u1ea1i nh\u1eb1m g\u00f3p ph\u1ea7n gi\u00e1o d\u1ee5c v\u00e0 h\u00ecnh th\u00e0nh nh\u00e2n c\u00e1ch th\u1ebf h\u1ec7 tr\u1ebb.<br \/>\u0110\u1ed1i t\u01b0\u1ee3ng ph\u1ee5c v\u1ee5 c\u1ee7a Nh\u00e0 xu\u1ea5t b\u1ea3n l\u00e0 c\u00e1c em t\u1eeb tu\u1ed5i nh\u00e0 tr\u1ebb m\u1eabu gi\u00e1o (1 \u0111\u1ebfn 5 tu\u1ed5i), nhi \u0111\u1ed3ng (6 \u0111\u1ebfn 9 tu\u1ed5i), thi\u1ebfu ni\u00ean (10 \u0111\u1ebfn 15 tu\u1ed5i) \u0111\u1ebfn c\u00e1c em tu\u1ed5i m\u1edbi l\u1edbn (16 \u0111\u1ebfn 18 tu\u1ed5i) v\u00e0 c\u00e1c b\u1eadc ph\u1ee5 huynh.<\/p>\n\n[\/col]\n\n[\/row]\n\n<!-- \/wp:flatsome\/uxbuilder -->","post_title":"Kim \u0110\u1ed3ng","post_excerpt":"","post_status":"publish","comment_status":"closed","ping_status":"closed","post_password":"","post_name":"kim-dong","to_ping":"","pinged":"","post_modified":"2021-02-17 01:31:56","post_modified_gmt":"2021-02-16 23:31:56","post_content_filtered":"","post_parent":0,"guid":"https:\/\/sachviet.eu\/nha-phat-hanh\/kim-dong\/","menu_order":0,"post_type":"publisher","post_mime_type":"","comment_count":"0","filter":"raw"}},"_links":{"self":[{"href":"https:\/\/sachviet.eu\/en\/wp-json\/wp\/v2\/product\/12910","targetHints":{"allow":["GET"]}}],"collection":[{"href":"https:\/\/sachviet.eu\/en\/wp-json\/wp\/v2\/product"}],"about":[{"href":"https:\/\/sachviet.eu\/en\/wp-json\/wp\/v2\/types\/product"}],"wp:featuredmedia":[{"embeddable":true,"href":"https:\/\/sachviet.eu\/en\/wp-json\/wp\/v2\/media\/12909"}],"wp:attachment":[{"href":"https:\/\/sachviet.eu\/en\/wp-json\/wp\/v2\/media?parent=12910"}],"wp:term":[{"taxonomy":"product_brand","embeddable":true,"href":"https:\/\/sachviet.eu\/en\/wp-json\/wp\/v2\/product_brand?post=12910"},{"taxonomy":"product_cat","embeddable":true,"href":"https:\/\/sachviet.eu\/en\/wp-json\/wp\/v2\/product_cat?post=12910"},{"taxonomy":"product_tag","embeddable":true,"href":"https:\/\/sachviet.eu\/en\/wp-json\/wp\/v2\/product_tag?post=12910"}],"curies":[{"name":"wp","href":"https:\/\/api.w.org\/{rel}","templated":true}]}}