{"id":12908,"date":"2021-06-11T23:37:22","date_gmt":"2021-06-11T20:37:22","guid":{"rendered":"https:\/\/sachviet.eu\/shop\/chiec-goi-biet-noi\/"},"modified":"2025-03-19T16:03:52","modified_gmt":"2025-03-19T14:03:52","slug":"chiec-goi-biet-noi","status":"publish","type":"product","link":"https:\/\/sachviet.eu\/en\/shop\/chiec-goi-biet-noi\/","title":{"rendered":"Chi\u1ebfc G\u1ed1i Bi\u1ebft N\u00f3i"},"content":{"rendered":"<p>Nh\u1eefng ng\u00f4i sao \u0111\u00e3 m\u1ecdc tr\u00ean n\u1ec1n tr\u1eddi \u0111\u00eam.<\/p>\n<p>\u0110\u1ebfn gi\u1edd b\u00e9 v\u00e0o gi\u01b0\u1eddng ng\u1ee7 r\u1ed3i.<\/p>\n<p>Ba m\u1eb9 l\u1eadt quy\u1ec3n s\u00e1ch tuy\u1ec7t \u0111\u1eb9p n\u00e0y ra, c\u00f9ng b\u00e9 v\u00e0o th\u1ebf gi\u1edbi tr\u1ebb th\u01a1, bay tr\u00ean \u0111\u00e1m m\u00e2y c\u1ee7a nh\u1eefng c\u00e2u chuy\u1ec7n \u0111\u00e1ng y\u00eau, l\u1eafng nghe gi\u00f3 th\u00ec th\u1ea7m c\u00e1c v\u1ea7n th\u01a1 ng\u1ed9 ngh\u0129nh, v\u00e0 lim dim m\u1eaft ng\u1eafm nh\u00ecn c\u00e1c b\u1ee9c tranh m\u00e0u s\u1eafc d\u1ecbu \u00eam\u2026<\/p>\n<p>Nh\u1eefng c\u00e2u chuy\u1ec7n tr\u01b0\u1edbc gi\u1edd \u0111i ng\u1ee7 v\u00e0 v\u00f2ng tay \u1ea5m \u00e1p c\u1ee7a ba m\u1eb9 s\u1ebd \u0111\u01b0a b\u00e9 v\u00e0o gi\u1ea5c m\u01a1 th\u1ea7n ti\u00ean.<\/p>\n<p>Nh\u00e0 th\u01a1 Ph\u1ea1m Th\u1ecb Ng\u1ecdc Li\u00ean<\/p>\n<p>Sinh t\u1ea1i H\u00e0 N\u1ed9i, hi\u1ec7n s\u1ed1ng v\u00e0 l\u00e0m vi\u1ec7c t\u1ea1i th\u00e0nh ph\u1ed1 H\u1ed3 Ch\u00ed Minh<\/p>\n<p>H\u1ed9i vi\u00ean H\u1ed9i Nh\u00e0 V\u0103n Vi\u1ec7t Nam<\/p>\n","protected":false},"excerpt":{"rendered":"<p>Nh\u1eefng ng\u00f4i sao \u0111\u00e3 m\u1ecdc tr\u00ean n\u1ec1n tr\u1eddi \u0111\u00eam.<\/p>\n<p>\u0110\u1ebfn gi\u1edd b\u00e9 v\u00e0o gi\u01b0\u1eddng ng\u1ee7 r\u1ed3i.<\/p>\n<p>Ba m\u1eb9 l\u1eadt quy\u1ec3n s\u00e1ch tuy\u1ec7t \u0111\u1eb9p n\u00e0y ra, c\u00f9ng b\u00e9 v\u00e0o th\u1ebf gi\u1edbi tr\u1ebb th\u01a1, bay tr\u00ean \u0111\u00e1m m\u00e2y c\u1ee7a nh\u1eefng c\u00e2u chuy\u1ec7n \u0111\u00e1ng y\u00eau, l\u1eafng nghe gi\u00f3 th\u00ec th\u1ea7m c\u00e1c v\u1ea7n th\u01a1 ng\u1ed9 ngh\u0129nh, v\u00e0 lim dim m\u1eaft ng\u1eafm nh\u00ecn c\u00e1c b\u1ee9c tranh m\u00e0u s\u1eafc d\u1ecbu \u00eam\u2026<\/p>\n<p>Nh\u1eefng c\u00e2u chuy\u1ec7n tr\u01b0\u1edbc gi\u1edd \u0111i ng\u1ee7 v\u00e0 v\u00f2ng tay \u1ea5m \u00e1p c\u1ee7a ba m\u1eb9 s\u1ebd \u0111\u01b0a b\u00e9 v\u00e0o gi\u1ea5c m\u01a1 th\u1ea7n ti\u00ean.<\/p>\n<p>Nh\u00e0 th\u01a1 Ph\u1ea1m Th\u1ecb Ng\u1ecdc Li\u00ean<\/p>\n<p>Sinh t\u1ea1i H\u00e0 N\u1ed9i, hi\u1ec7n s\u1ed1ng v\u00e0 l\u00e0m vi\u1ec7c t\u1ea1i th\u00e0nh ph\u1ed1 H\u1ed3 Ch\u00ed Minh<\/p>\n<p>H\u1ed9i vi\u00ean H\u1ed9i Nh\u00e0 V\u0103n Vi\u1ec7t Nam<\/p>\n","protected":false},"featured_media":12907,"template":"","meta":{"_acf_changed":false},"product_brand":[],"product_cat":[17,25,71,26],"product_tag":[],"class_list":{"0":"post-12908","1":"product","2":"type-product","3":"status-publish","4":"has-post-thumbnail","6":"product_cat-sach-danh-cho-cac-be","7":"product_cat-nhi-dong-6-tuoi-12-tuoi","8":"product_cat-sach-tre-em-thuan-viet","9":"product_cat-thieu-nien-11-tuoi-18-tuoi","11":"first","12":"outofstock","13":"taxable","14":"shipping-taxable","15":"purchasable","16":"product-type-simple"},"supplier_id":null,"supplier_sku":"","barcode":null,"atum_controlled":true,"out_stock_date":"2025-03-19 14:03:52","out_stock_threshold":null,"inheritable":false,"inbound_stock":0,"stock_on_hold":0,"sold_today":0,"sales_last_days":0,"reserved_stock":0,"customer_returns":0,"warehouse_damage":0,"lost_in_post":0,"other_logs":0,"out_stock_days":315,"lost_sales":0,"has_location":false,"update_date":"2026-01-28T23:11:28","atum_locations":[],"atum_stock_status":"outofstock","restock_status":false,"low_stock_amount":"","sales_update_date":"2026-01-28T23:11:28","calc_backorders":null,"acf":{"publisher":{"ID":1454,"post_author":"1","post_date":"2021-02-17 01:11:34","post_date_gmt":"2021-02-16 23:11:34","post_content":"<!-- wp:flatsome\/uxbuilder -->\n<h1 style=\"text-align: center;\"><strong>Kim \u0110\u1ed3ng<\/strong><\/h1>\n[row]\n\n[col span=\"3\" span__sm=\"12\"]\n\n[ux_image id=\"1534\" image_size=\"medium\"]\n\n\n[\/col]\n[col span=\"9\" span__sm=\"12\"]\n\n<p>Nh\u00e0 xu\u1ea5t b\u1ea3n Kim \u0110\u1ed3ng tr\u1ef1c thu\u1ed9c Trung \u01b0\u01a1ng \u0110o\u00e0n TNCS H\u1ed3 Ch\u00ed Minh l\u00e0 Nh\u00e0 xu\u1ea5t b\u1ea3n t\u1ed5ng h\u1ee3p c\u00f3 ch\u1ee9c n\u0103ng xu\u1ea5t b\u1ea3n s\u00e1ch v\u00e0 v\u0103n h\u00f3a ph\u1ea9m ph\u1ee5c v\u1ee5 thi\u1ebfu nhi v\u00e0 c\u00e1c b\u1eadc ph\u1ee5 huynh trong c\u1ea3 n\u01b0\u1edbc, qu\u1ea3ng b\u00e1 v\u00e0 gi\u1edbi thi\u1ec7u v\u0103n h\u00f3a Vi\u1ec7t Nam ra th\u1ebf gi\u1edbi.<br \/>Nh\u00e0 xu\u1ea5t b\u1ea3n c\u00f3 nhi\u1ec7m v\u1ee5 t\u1ed5 ch\u1ee9c b\u1ea3n th\u1ea3o, bi\u00ean so\u1ea1n, bi\u00ean d\u1ecbch, xu\u1ea5t b\u1ea3n v\u00e0 ph\u00e1t h\u00e0nh c\u00e1c xu\u1ea5t b\u1ea3n ph\u1ea9m c\u00f3 n\u1ed9i dung: gi\u00e1o d\u1ee5c truy\u1ec1n th\u1ed1ng d\u00e2n t\u1ed9c, gi\u00e1o d\u1ee5c v\u1ec1 tri th\u1ee9c, ki\u1ebfn th\u1ee9c\u2026 tr\u00ean c\u00e1c l\u0129nh v\u1ef1c v\u0103n h\u1ecdc, ngh\u1ec7 thu\u1eadt, khoa h\u1ecdc k\u1ef9 thu\u1eadt nh\u1eb1m cung c\u1ea5p cho c\u00e1c em thi\u1ebfu nhi c\u0169ng nh\u01b0 c\u00e1c b\u1eadc ph\u1ee5 huynh c\u00e1c ki\u1ebfn th\u1ee9c c\u1ea7n thi\u1ebft trong cu\u1ed9c s\u1ed1ng, nh\u1eefng tinh hoa c\u1ee7a tri th\u1ee9c nh\u00e2n lo\u1ea1i nh\u1eb1m g\u00f3p ph\u1ea7n gi\u00e1o d\u1ee5c v\u00e0 h\u00ecnh th\u00e0nh nh\u00e2n c\u00e1ch th\u1ebf h\u1ec7 tr\u1ebb.<br \/>\u0110\u1ed1i t\u01b0\u1ee3ng ph\u1ee5c v\u1ee5 c\u1ee7a Nh\u00e0 xu\u1ea5t b\u1ea3n l\u00e0 c\u00e1c em t\u1eeb tu\u1ed5i nh\u00e0 tr\u1ebb m\u1eabu gi\u00e1o (1 \u0111\u1ebfn 5 tu\u1ed5i), nhi \u0111\u1ed3ng (6 \u0111\u1ebfn 9 tu\u1ed5i), thi\u1ebfu ni\u00ean (10 \u0111\u1ebfn 15 tu\u1ed5i) \u0111\u1ebfn c\u00e1c em tu\u1ed5i m\u1edbi l\u1edbn (16 \u0111\u1ebfn 18 tu\u1ed5i) v\u00e0 c\u00e1c b\u1eadc ph\u1ee5 huynh.<\/p>\n\n[\/col]\n\n[\/row]\n\n<!-- \/wp:flatsome\/uxbuilder -->","post_title":"Kim \u0110\u1ed3ng","post_excerpt":"","post_status":"publish","comment_status":"closed","ping_status":"closed","post_password":"","post_name":"kim-dong","to_ping":"","pinged":"","post_modified":"2021-02-17 01:31:56","post_modified_gmt":"2021-02-16 23:31:56","post_content_filtered":"","post_parent":0,"guid":"https:\/\/sachviet.eu\/nha-phat-hanh\/kim-dong\/","menu_order":0,"post_type":"publisher","post_mime_type":"","comment_count":"0","filter":"raw"}},"_links":{"self":[{"href":"https:\/\/sachviet.eu\/en\/wp-json\/wp\/v2\/product\/12908","targetHints":{"allow":["GET"]}}],"collection":[{"href":"https:\/\/sachviet.eu\/en\/wp-json\/wp\/v2\/product"}],"about":[{"href":"https:\/\/sachviet.eu\/en\/wp-json\/wp\/v2\/types\/product"}],"wp:featuredmedia":[{"embeddable":true,"href":"https:\/\/sachviet.eu\/en\/wp-json\/wp\/v2\/media\/12907"}],"wp:attachment":[{"href":"https:\/\/sachviet.eu\/en\/wp-json\/wp\/v2\/media?parent=12908"}],"wp:term":[{"taxonomy":"product_brand","embeddable":true,"href":"https:\/\/sachviet.eu\/en\/wp-json\/wp\/v2\/product_brand?post=12908"},{"taxonomy":"product_cat","embeddable":true,"href":"https:\/\/sachviet.eu\/en\/wp-json\/wp\/v2\/product_cat?post=12908"},{"taxonomy":"product_tag","embeddable":true,"href":"https:\/\/sachviet.eu\/en\/wp-json\/wp\/v2\/product_tag?post=12908"}],"curies":[{"name":"wp","href":"https:\/\/api.w.org\/{rel}","templated":true}]}}