{"id":12906,"date":"2021-06-11T23:37:18","date_gmt":"2021-06-11T20:37:18","guid":{"rendered":"https:\/\/sachviet.eu\/shop\/sai-gon-cua-em\/"},"modified":"2021-06-14T20:15:32","modified_gmt":"2021-06-14T17:15:32","slug":"sai-gon-cua-em","status":"publish","type":"product","link":"https:\/\/sachviet.eu\/en\/shop\/sai-gon-cua-em\/","title":{"rendered":"S\u00e0i G\u00f2n C\u1ee7a Em"},"content":{"rendered":"<p>S\u00e0i G\u00f2n c\u1ee7a em l\u00e0 s\u00e1ch tranh ki\u1ebfn th\u1ee9c cho tr\u1ebb em v\u1ec1 S\u00e0i G\u00f2n, do h\u1ecda s\u0129 v\u00e0 nh\u00f3m t\u00e1c gi\u1ea3 Vi\u1ec7t Nam th\u1ef1c hi\u1ec7n. M\u1ed9t cu\u1ed9c d\u1ea1o ch\u01a1i S\u00e0i G\u00f2n \u1edf nh\u1eefng \u0111\u1ecba \u0111i\u1ec3m th\u00e2n thu\u1ed9c v\u00e0 xuy\u00ean th\u1eddi gian t\u1eeb l\u00fac v\u00f9ng \u0111\u1ea5t h\u00ecnh th\u00e0nh \u0111\u1ebfn b\u00e2y gi\u1edd. S\u00e1ch c\u00f3 70% minh h\u1ecda b\u1eb1ng tranh v\u1ebd, \u1ea3nh, \u0111\u1ed3 h\u1ecda, v\u00e0 30% l\u1eddi d\u1eabn chuy\u1ec7n. Nh\u00e2n v\u1eadt ch\u00ednh l\u00e0 ch\u00fa s\u00f3c v\u00e0 b\u1ed3 c\u00e2u.<\/p>\n<p>\u0110i k\u00e8m c\u00f2n c\u00f3 th\u00eam cu\u1ed1n S\u00e0i G\u00f2n c\u1ee7a em- s\u00e1ch t\u01b0\u01a1ng t\u00e1c g\u1ed3m nhi\u1ec1u tr\u00f2 ch\u01a1i th\u00fa v\u1ecb v\u00e0 th\u00f4ng minh, l\u00e0m th\u00e0nh m\u1ed9t B\u1ed9 s\u00e1ch \u0111\u1eb9p &#8211; qu\u00e0 t\u1eb7ng \u00fd ngh\u0129a trong b\u1ea5t k\u1ef3 d\u1ecbp n\u00e0o, cho tr\u1ebb em v\u00e0 c\u1ea3 ng\u01b0\u1eddi l\u1edbn nhi\u1ec1u l\u1ee9a tu\u1ed5i nhi\u1ec1u ngh\u1ec1 nghi\u1ec7p.<\/p>\n","protected":false},"excerpt":{"rendered":"<p>S\u00e0i G\u00f2n c\u1ee7a em l\u00e0 s\u00e1ch tranh ki\u1ebfn th\u1ee9c cho tr\u1ebb em v\u1ec1 S\u00e0i G\u00f2n, do h\u1ecda s\u0129 v\u00e0 nh\u00f3m t\u00e1c gi\u1ea3 Vi\u1ec7t Nam th\u1ef1c hi\u1ec7n. M\u1ed9t cu\u1ed9c d\u1ea1o ch\u01a1i S\u00e0i G\u00f2n \u1edf nh\u1eefng \u0111\u1ecba \u0111i\u1ec3m th\u00e2n thu\u1ed9c v\u00e0 xuy\u00ean th\u1eddi gian t\u1eeb l\u00fac v\u00f9ng \u0111\u1ea5t h\u00ecnh th\u00e0nh \u0111\u1ebfn b\u00e2y gi\u1edd. S\u00e1ch c\u00f3 70% minh h\u1ecda b\u1eb1ng tranh v\u1ebd, \u1ea3nh, \u0111\u1ed3 h\u1ecda, v\u00e0 30% l\u1eddi d\u1eabn chuy\u1ec7n. Nh\u00e2n v\u1eadt ch\u00ednh l\u00e0 ch\u00fa s\u00f3c v\u00e0 b\u1ed3 c\u00e2u.<\/p>\n<p>\u0110i k\u00e8m c\u00f2n c\u00f3 th\u00eam cu\u1ed1n S\u00e0i G\u00f2n c\u1ee7a em- s\u00e1ch t\u01b0\u01a1ng t\u00e1c g\u1ed3m nhi\u1ec1u tr\u00f2 ch\u01a1i th\u00fa v\u1ecb v\u00e0 th\u00f4ng minh, l\u00e0m th\u00e0nh m\u1ed9t B\u1ed9 s\u00e1ch \u0111\u1eb9p &#8211; qu\u00e0 t\u1eb7ng \u00fd ngh\u0129a trong b\u1ea5t k\u1ef3 d\u1ecbp n\u00e0o, cho tr\u1ebb em v\u00e0 c\u1ea3 ng\u01b0\u1eddi l\u1edbn nhi\u1ec1u l\u1ee9a tu\u1ed5i nhi\u1ec1u ngh\u1ec1 nghi\u1ec7p.<\/p>\n","protected":false},"featured_media":12898,"template":"","meta":{"_acf_changed":false},"product_brand":[],"product_cat":[25,17,71,26],"product_tag":[],"class_list":{"0":"post-12906","1":"product","2":"type-product","3":"status-publish","4":"has-post-thumbnail","6":"product_cat-nhi-dong-6-tuoi-12-tuoi","7":"product_cat-sach-danh-cho-cac-be","8":"product_cat-sach-tre-em-thuan-viet","9":"product_cat-thieu-nien-11-tuoi-18-tuoi","11":"first","12":"outofstock","13":"taxable","14":"shipping-taxable","15":"purchasable","16":"product-type-simple"},"supplier_id":null,"supplier_sku":"","barcode":null,"atum_controlled":true,"out_stock_date":"2021-06-12 10:31:56","out_stock_threshold":null,"inheritable":false,"inbound_stock":0,"stock_on_hold":0,"sold_today":0,"sales_last_days":0,"reserved_stock":0,"customer_returns":0,"warehouse_damage":0,"lost_in_post":0,"other_logs":0,"out_stock_days":1691,"lost_sales":0,"has_location":false,"update_date":"2026-01-28T23:10:52","atum_locations":[],"atum_stock_status":"outofstock","restock_status":false,"low_stock_amount":"","sales_update_date":"2026-01-28T23:10:52","calc_backorders":null,"acf":{"publisher":{"ID":1517,"post_author":"1","post_date":"2021-02-17 01:14:41","post_date_gmt":"2021-02-16 23:14:41","post_content":"","post_title":"NXB Tr\u1ebb","post_excerpt":"","post_status":"publish","comment_status":"closed","ping_status":"closed","post_password":"","post_name":"nxb-tre","to_ping":"","pinged":"","post_modified":"2021-02-17 01:14:41","post_modified_gmt":"2021-02-16 23:14:41","post_content_filtered":"","post_parent":0,"guid":"https:\/\/sachviet.eu\/nha-phat-hanh\/nxb-tre\/","menu_order":0,"post_type":"publisher","post_mime_type":"","comment_count":"0","filter":"raw"}},"_links":{"self":[{"href":"https:\/\/sachviet.eu\/en\/wp-json\/wp\/v2\/product\/12906","targetHints":{"allow":["GET"]}}],"collection":[{"href":"https:\/\/sachviet.eu\/en\/wp-json\/wp\/v2\/product"}],"about":[{"href":"https:\/\/sachviet.eu\/en\/wp-json\/wp\/v2\/types\/product"}],"wp:featuredmedia":[{"embeddable":true,"href":"https:\/\/sachviet.eu\/en\/wp-json\/wp\/v2\/media\/12898"}],"wp:attachment":[{"href":"https:\/\/sachviet.eu\/en\/wp-json\/wp\/v2\/media?parent=12906"}],"wp:term":[{"taxonomy":"product_brand","embeddable":true,"href":"https:\/\/sachviet.eu\/en\/wp-json\/wp\/v2\/product_brand?post=12906"},{"taxonomy":"product_cat","embeddable":true,"href":"https:\/\/sachviet.eu\/en\/wp-json\/wp\/v2\/product_cat?post=12906"},{"taxonomy":"product_tag","embeddable":true,"href":"https:\/\/sachviet.eu\/en\/wp-json\/wp\/v2\/product_tag?post=12906"}],"curies":[{"name":"wp","href":"https:\/\/api.w.org\/{rel}","templated":true}]}}