{"id":12893,"date":"2021-06-11T23:36:24","date_gmt":"2021-06-11T20:36:24","guid":{"rendered":"https:\/\/sachviet.eu\/shop\/ran-va-the-gioi-tro-tan-tap-1\/"},"modified":"2024-08-25T22:41:46","modified_gmt":"2024-08-25T19:41:46","slug":"ran-va-the-gioi-tro-tan-tap-1","status":"publish","type":"product","link":"https:\/\/sachviet.eu\/en\/shop\/ran-va-the-gioi-tro-tan-tap-1\/","title":{"rendered":"Ran V\u00e0 Th\u1ebf Gi\u1edbi Tro T\u00e0n &#8211; T\u1eadp 1"},"content":{"rendered":"<p>Ran V\u00e0 Th\u1ebf Gi\u1edbi Tro T\u00e0n &#8211; T\u1eadp 1<\/p>\n<p>Th\u00e0nh ph\u1ed1 xinh \u0111\u1eb9p b\u00ecnh y\u00ean Haimachi \u0111\u01b0\u1ee3c gia \u0111\u00ecnh ph\u00f9 th\u1ee7y Uruma b\u1ea3o h\u1ed9 kh\u1ecfi s\u1ef1 t\u1ea5n c\u00f4ng c\u1ee7a k\u1ebb th\u00f9 t\u00e0n \u0111\u1ed9c nh\u1ea5t &#8211; h\u00e0i tr\u00f9ng. C\u00f4 b\u00e9 Ran, con g\u00e1i \u00fat c\u1ee7a gia \u0111\u00ecnh Uruma m\u1edbi ch\u1ec9 l\u00e0 ph\u00f9 th\u1ee7y &#8220;m\u1ea7m non&#8221;, c\u00f4 b\u00e9 v\u1eabn \u0111ang tu\u1ed5i \u0103n tu\u1ed5i l\u1edbn v\u00e0 ch\u01b0a kh\u00e1m ph\u00e1 h\u1ebft s\u1ee9c m\u1ea1nh c\u0169ng nh\u01b0 \u00fd th\u1ee9c \u0111\u01b0\u1ee3c nhi\u1ec7m v\u1ee5 l\u1edbn lao c\u1ee7a gia \u0111\u00ecnh m\u00ecnh. M\u1ed9t l\u1ea7n n\u1ecd, khi mang \u0111\u00f4i gi\u00e0y c\u00f3 kh\u1ea3 n\u0103ng bi\u1ebfn m\u00ecnh th\u00e0nh thi\u1ebfu n\u1eef, Ran \u0111\u00e3 c\u00f3 m\u1ed9t cu\u1ed9c g\u1eb7p g\u1ee1 k\u00ec l\u1ea1 v\u1edbi m\u1ed9t thi\u1ebfu gia nh\u00e0 gi\u00e0u ki\u00eam tay ch\u01a1i kh\u00e9t ti\u1ebfng c\u1ee7a th\u00e0nh ph\u1ed1&#8230; Ph\u1ea3i ch\u0103ng s\u00f3ng gi\u00f3 s\u1ebd b\u1eaft \u0111\u1ea7u t\u1eeb \u0111\u00e2y?<\/p>\n<p>Xin m\u1eddi c\u00e1c b\u1ea1n \u0111\u00f3n \u0111\u1ecdc b\u1ed9 truy\u1ec7n RAN V\u00c0 TH\u1ebe GI\u1edaI TRO T\u00c0N &#8211; C\u00e2u chuy\u1ec7n c\u1ed5 t\u00edch d\u00e0nh cho l\u1ee9a tu\u1ed5i tr\u01b0\u1edfng th\u00e0nh, v\u1edbi n\u00e9t v\u1ebd trau chu\u1ed1t v\u00e0 \u0111\u1ea7y s\u1ee9c quy\u1ebfn r\u0169 c\u1ee7a n\u1eef t\u00e1c gi\u1ea3 AKI IRIE, \u0111\u01b0\u1ee3c NXB Kim \u0110\u1ed3ng \u0111\u1ea7u t\u01b0 c\u1ea3 v\u1ec1 n\u1ed9i dung v\u00e0 h\u00ecnh th\u1ee9c.<\/p>\n","protected":false},"excerpt":{"rendered":"<p>Ran V\u00e0 Th\u1ebf Gi\u1edbi Tro T\u00e0n &#8211; T\u1eadp 1<\/p>\n<p>Th\u00e0nh ph\u1ed1 xinh \u0111\u1eb9p b\u00ecnh y\u00ean Haimachi \u0111\u01b0\u1ee3c gia \u0111\u00ecnh ph\u00f9 th\u1ee7y Uruma b\u1ea3o h\u1ed9 kh\u1ecfi s\u1ef1 t\u1ea5n c\u00f4ng c\u1ee7a k\u1ebb th\u00f9 t\u00e0n \u0111\u1ed9c nh\u1ea5t &#8211; h\u00e0i tr\u00f9ng. C\u00f4 b\u00e9 Ran, con g\u00e1i \u00fat c\u1ee7a gia \u0111\u00ecnh Uruma m\u1edbi ch\u1ec9 l\u00e0 ph\u00f9 th\u1ee7y &#8220;m\u1ea7m non&#8221;, c\u00f4 b\u00e9 v\u1eabn \u0111ang tu\u1ed5i \u0103n tu\u1ed5i l\u1edbn v\u00e0 ch\u01b0a kh\u00e1m ph\u00e1 h\u1ebft s\u1ee9c m\u1ea1nh c\u0169ng nh\u01b0 \u00fd th\u1ee9c \u0111\u01b0\u1ee3c nhi\u1ec7m v\u1ee5 l\u1edbn lao c\u1ee7a gia \u0111\u00ecnh m\u00ecnh. M\u1ed9t l\u1ea7n n\u1ecd, khi mang \u0111\u00f4i gi\u00e0y c\u00f3 kh\u1ea3 n\u0103ng bi\u1ebfn m\u00ecnh th\u00e0nh thi\u1ebfu n\u1eef, Ran \u0111\u00e3 c\u00f3 m\u1ed9t cu\u1ed9c g\u1eb7p g\u1ee1 k\u00ec l\u1ea1 v\u1edbi m\u1ed9t thi\u1ebfu gia nh\u00e0 gi\u00e0u ki\u00eam tay ch\u01a1i kh\u00e9t ti\u1ebfng c\u1ee7a th\u00e0nh ph\u1ed1&#8230; Ph\u1ea3i ch\u0103ng s\u00f3ng gi\u00f3 s\u1ebd b\u1eaft \u0111\u1ea7u t\u1eeb \u0111\u00e2y?<\/p>\n<p>Xin m\u1eddi c\u00e1c b\u1ea1n \u0111\u00f3n \u0111\u1ecdc b\u1ed9 truy\u1ec7n RAN V\u00c0 TH\u1ebe GI\u1edaI TRO T\u00c0N &#8211; C\u00e2u chuy\u1ec7n c\u1ed5 t\u00edch d\u00e0nh cho l\u1ee9a tu\u1ed5i tr\u01b0\u1edfng th\u00e0nh, v\u1edbi n\u00e9t v\u1ebd trau chu\u1ed1t v\u00e0 \u0111\u1ea7y s\u1ee9c quy\u1ebfn r\u0169 c\u1ee7a n\u1eef t\u00e1c gi\u1ea3 AKI IRIE, \u0111\u01b0\u1ee3c NXB Kim \u0110\u1ed3ng \u0111\u1ea7u t\u01b0 c\u1ea3 v\u1ec1 n\u1ed9i dung v\u00e0 h\u00ecnh th\u1ee9c.<\/p>\n","protected":false},"featured_media":12890,"template":"","meta":{"_acf_changed":false},"product_brand":[],"product_cat":[29],"product_tag":[],"class_list":{"0":"post-12893","1":"product","2":"type-product","3":"status-publish","4":"has-post-thumbnail","6":"product_cat-manga-comics","8":"first","9":"instock","10":"taxable","11":"shipping-taxable","12":"purchasable","13":"product-type-simple"},"supplier_id":null,"supplier_sku":"","barcode":null,"atum_controlled":true,"out_stock_date":null,"out_stock_threshold":null,"inheritable":false,"inbound_stock":0,"stock_on_hold":0,"sold_today":0,"sales_last_days":0,"reserved_stock":0,"customer_returns":0,"warehouse_damage":0,"lost_in_post":0,"other_logs":0,"out_stock_days":0,"lost_sales":0,"has_location":false,"update_date":"2026-01-28T23:11:23","atum_locations":[],"atum_stock_status":"instock","restock_status":false,"low_stock_amount":"","sales_update_date":"2026-01-28T23:11:23","calc_backorders":null,"acf":{"publisher":{"ID":1454,"post_author":"1","post_date":"2021-02-17 01:11:34","post_date_gmt":"2021-02-16 23:11:34","post_content":"<!-- wp:flatsome\/uxbuilder -->\n<h1 style=\"text-align: center;\"><strong>Kim \u0110\u1ed3ng<\/strong><\/h1>\n[row]\n\n[col span=\"3\" span__sm=\"12\"]\n\n[ux_image id=\"1534\" image_size=\"medium\"]\n\n\n[\/col]\n[col span=\"9\" span__sm=\"12\"]\n\n<p>Nh\u00e0 xu\u1ea5t b\u1ea3n Kim \u0110\u1ed3ng tr\u1ef1c thu\u1ed9c Trung \u01b0\u01a1ng \u0110o\u00e0n TNCS H\u1ed3 Ch\u00ed Minh l\u00e0 Nh\u00e0 xu\u1ea5t b\u1ea3n t\u1ed5ng h\u1ee3p c\u00f3 ch\u1ee9c n\u0103ng xu\u1ea5t b\u1ea3n s\u00e1ch v\u00e0 v\u0103n h\u00f3a ph\u1ea9m ph\u1ee5c v\u1ee5 thi\u1ebfu nhi v\u00e0 c\u00e1c b\u1eadc ph\u1ee5 huynh trong c\u1ea3 n\u01b0\u1edbc, qu\u1ea3ng b\u00e1 v\u00e0 gi\u1edbi thi\u1ec7u v\u0103n h\u00f3a Vi\u1ec7t Nam ra th\u1ebf gi\u1edbi.<br \/>Nh\u00e0 xu\u1ea5t b\u1ea3n c\u00f3 nhi\u1ec7m v\u1ee5 t\u1ed5 ch\u1ee9c b\u1ea3n th\u1ea3o, bi\u00ean so\u1ea1n, bi\u00ean d\u1ecbch, xu\u1ea5t b\u1ea3n v\u00e0 ph\u00e1t h\u00e0nh c\u00e1c xu\u1ea5t b\u1ea3n ph\u1ea9m c\u00f3 n\u1ed9i dung: gi\u00e1o d\u1ee5c truy\u1ec1n th\u1ed1ng d\u00e2n t\u1ed9c, gi\u00e1o d\u1ee5c v\u1ec1 tri th\u1ee9c, ki\u1ebfn th\u1ee9c\u2026 tr\u00ean c\u00e1c l\u0129nh v\u1ef1c v\u0103n h\u1ecdc, ngh\u1ec7 thu\u1eadt, khoa h\u1ecdc k\u1ef9 thu\u1eadt nh\u1eb1m cung c\u1ea5p cho c\u00e1c em thi\u1ebfu nhi c\u0169ng nh\u01b0 c\u00e1c b\u1eadc ph\u1ee5 huynh c\u00e1c ki\u1ebfn th\u1ee9c c\u1ea7n thi\u1ebft trong cu\u1ed9c s\u1ed1ng, nh\u1eefng tinh hoa c\u1ee7a tri th\u1ee9c nh\u00e2n lo\u1ea1i nh\u1eb1m g\u00f3p ph\u1ea7n gi\u00e1o d\u1ee5c v\u00e0 h\u00ecnh th\u00e0nh nh\u00e2n c\u00e1ch th\u1ebf h\u1ec7 tr\u1ebb.<br \/>\u0110\u1ed1i t\u01b0\u1ee3ng ph\u1ee5c v\u1ee5 c\u1ee7a Nh\u00e0 xu\u1ea5t b\u1ea3n l\u00e0 c\u00e1c em t\u1eeb tu\u1ed5i nh\u00e0 tr\u1ebb m\u1eabu gi\u00e1o (1 \u0111\u1ebfn 5 tu\u1ed5i), nhi \u0111\u1ed3ng (6 \u0111\u1ebfn 9 tu\u1ed5i), thi\u1ebfu ni\u00ean (10 \u0111\u1ebfn 15 tu\u1ed5i) \u0111\u1ebfn c\u00e1c em tu\u1ed5i m\u1edbi l\u1edbn (16 \u0111\u1ebfn 18 tu\u1ed5i) v\u00e0 c\u00e1c b\u1eadc ph\u1ee5 huynh.<\/p>\n\n[\/col]\n\n[\/row]\n\n<!-- \/wp:flatsome\/uxbuilder -->","post_title":"Kim \u0110\u1ed3ng","post_excerpt":"","post_status":"publish","comment_status":"closed","ping_status":"closed","post_password":"","post_name":"kim-dong","to_ping":"","pinged":"","post_modified":"2021-02-17 01:31:56","post_modified_gmt":"2021-02-16 23:31:56","post_content_filtered":"","post_parent":0,"guid":"https:\/\/sachviet.eu\/nha-phat-hanh\/kim-dong\/","menu_order":0,"post_type":"publisher","post_mime_type":"","comment_count":"0","filter":"raw"}},"_links":{"self":[{"href":"https:\/\/sachviet.eu\/en\/wp-json\/wp\/v2\/product\/12893","targetHints":{"allow":["GET"]}}],"collection":[{"href":"https:\/\/sachviet.eu\/en\/wp-json\/wp\/v2\/product"}],"about":[{"href":"https:\/\/sachviet.eu\/en\/wp-json\/wp\/v2\/types\/product"}],"wp:featuredmedia":[{"embeddable":true,"href":"https:\/\/sachviet.eu\/en\/wp-json\/wp\/v2\/media\/12890"}],"wp:attachment":[{"href":"https:\/\/sachviet.eu\/en\/wp-json\/wp\/v2\/media?parent=12893"}],"wp:term":[{"taxonomy":"product_brand","embeddable":true,"href":"https:\/\/sachviet.eu\/en\/wp-json\/wp\/v2\/product_brand?post=12893"},{"taxonomy":"product_cat","embeddable":true,"href":"https:\/\/sachviet.eu\/en\/wp-json\/wp\/v2\/product_cat?post=12893"},{"taxonomy":"product_tag","embeddable":true,"href":"https:\/\/sachviet.eu\/en\/wp-json\/wp\/v2\/product_tag?post=12893"}],"curies":[{"name":"wp","href":"https:\/\/api.w.org\/{rel}","templated":true}]}}