{"id":12889,"date":"2021-06-11T23:36:11","date_gmt":"2021-06-11T20:36:11","guid":{"rendered":"https:\/\/sachviet.eu\/shop\/nguoi-me-tot-hon-la-nguoi-thay-tot-tron-bo-2-tap\/"},"modified":"2025-08-22T12:27:11","modified_gmt":"2025-08-22T09:27:11","slug":"nguoi-me-tot-hon-la-nguoi-thay-tot-tron-bo-2-tap","status":"publish","type":"product","link":"https:\/\/sachviet.eu\/en\/shop\/nguoi-me-tot-hon-la-nguoi-thay-tot-tron-bo-2-tap\/","title":{"rendered":"Ng\u01b0\u1eddi m\u1eb9 t\u1ed1t h\u01a1n l\u00e0 ng\u01b0\u1eddi th\u1ea7y t\u1ed1t &#8211; Tr\u1ecdn b\u1ed9 2 t\u1eadp"},"content":{"rendered":"<p>\u201c T\u00ecnh m\u1eb9 kh\u00f4ng ph\u1ea3i l\u00e0 s\u1ef1 chi\u1ebfm h\u1eefu v\u0129nh h\u1eb1ng \u0111\u1ed1i v\u1edbi con tr\u1ebb m\u00e0 l\u00e0 m\u1ed9t s\u1ef1 r\u00fat lui h\u1ee3p l\u00ed. Nhi\u1ec7m v\u1ee5 \u0111\u1ea7u ti\u00ean c\u1ee7a t\u00ecnh m\u1eb9 ch\u00ednh l\u00e0 th\u00e2n m\u1eadt v\u1edbi tr\u1ebb, b\u1ea3o v\u1ec7 cho tr\u1ebb tr\u01b0\u1edfng th\u00e0nh; nhi\u1ec7m v\u1ee5 th\u1ee9 hai ch\u00ednh l\u00e0 r\u1eddi xa tr\u1ebb, th\u00fac \u0111\u1ea9y tr\u1ebb \u0111\u1ed9c l\u1eadp.\u201d<br \/>\nC\u00e1ch \u0111\u00e2y 7 n\u0103m cu\u1ed1n s\u00e1ch \u201cNg\u01b0\u1eddi m\u1eb9 t\u1ed1t h\u01a1n l\u00e0 ng\u01b0\u1eddi th\u1ea7y t\u1ed1t\u201d \u0111\u00e3 tr\u1edf th\u00e0nh m\u1ed9t hi\u1ec7n t\u01b0\u1ee3ng trong th\u1ecb tr\u01b0\u1eddng s\u00e1ch Nu\u00f4i d\u1ea1y con t\u1ea1i Vi\u1ec7t Nam. T\u00ednh \u0111\u1ebfn nay \u201cNg\u01b0\u1eddi m\u1eb9 t\u1ed1t h\u01a1n l\u00e0 ng\u01b0\u1eddi th\u1ea7y t\u1ed1t\u201d \u0111\u00e3 b\u00e1n \u0111\u01b0\u1ee3c g\u1ea7n 50.000 b\u1ea3n v\u00e0 tr\u1edf th\u00e0nh cu\u1ed1n s\u00e1ch g\u1ed1i \u0111\u1ea7u gi\u01b0\u1eddng c\u1ee7a r\u1ea5t nhi\u1ec1u b\u00e0 m\u1eb9 tr\u00ean kh\u1eafp Vi\u1ec7t Nam \u1edf c\u00e1c \u0111\u1ed9 tu\u1ed5i. T\u1ea1i Trung Qu\u1ed1c, cu\u1ed1n s\u00e1ch \u0111\u01b0\u1ee3c xu\u1ea5t b\u1ea3n v\u1edbi h\u01a1n 10 tri\u1ec7u b\u1ea3n v\u00e0 d\u1ecbch ra nhi\u1ec1u th\u1ee9 ti\u1ebfng tr\u00ean th\u1ebf gi\u1edbi.<br \/>\nTi\u1ebfp n\u1ed1i s\u1ef1 th\u00e0nh c\u00f4ng c\u1ee7a cu\u1ed1n s\u00e1ch, t\u00e1c gi\u1ea3 Do\u00e3n Ki\u1ebfn L\u1ee3i \u0111\u00e3 cho ra \u0111\u1eddi cu\u1ed1n \u201cNg\u01b0\u1eddi m\u1eb9 t\u1ed1t h\u01a1n l\u00e0 ng\u01b0\u1eddi th\u1ea7y t\u1ed1t 2\u201d l\u00e0 t\u1eadp h\u1ee3p nh\u1eefng b\u1ee9c th\u01b0 \u0111\u1ed9c gi\u1ea3 g\u1eedi \u0111\u1ebfn b\u00e0 \u0111\u1ec3 t\u00e2m s\u1ef1 v\u00e0 nh\u1edd t\u01b0 v\u1ea5n. C\u00e1c c\u00e2u h\u1ecfi m\u00e0 \u0111\u1ed9c gi\u1ea3 \u0111\u1eb7t ra cho t\u00e1c gi\u1ea3 Do\u00e3n Ki\u1ebfn L\u1ee3i c\u00f3 ph\u1ea1m vi r\u1ed9ng, bao ph\u1ee7 t\u1eeb gi\u00e1o d\u1ee5c gia \u0111\u00ecnh t\u1edbi gi\u00e1o d\u1ee5c tr\u01b0\u1eddng h\u1ecdc v\u00e0 gi\u00e1o d\u1ee5c x\u00e3 h\u1ed9i; t\u1eeb vi\u1ec7c h\u1ecdc t\u1eadp c\u00e1c m\u00f4n gi\u00e1o khoa t\u1edbi nh\u1eefng v\u1ea5n \u0111\u1ec1 t\u00e2m sinh l\u00fd tr\u1ebb v\u00e0 gi\u00e1o d\u1ee5c gi\u1edbi t\u00ednh.<br \/>\nT\u1ea1i sao tr\u1ebb h\u1ee9a m\u00e0 kh\u00f4ng gi\u1eef l\u1eddi? Cho tr\u1ebb y\u00eau th\u01b0\u01a1ng v\u00e0 t\u1ef1 do bao nhi\u00eau l\u00e0 h\u1ee3p l\u00ed? Li\u1ec7u tr\u1ebb \u0111\u01b0\u1ee3c chi\u1ec1u qu\u00e1 c\u00f3 sinh h\u01b0 kh\u00f4ng?<br \/>\nNh\u1eefng c\u00e2u h\u1ecfi \u0111\u00f3 kh\u00f4ng h\u1ec1 nh\u1ecf nh\u1eb7t nh\u01b0 ch\u00fang ta t\u01b0\u1edfng, th\u1eadm ch\u00ed n\u00f3 c\u00f2n khi\u1ebfn nhi\u1ec1u ph\u1ee5 huynh \u0111au \u0111\u1ea7u suy ngh\u0129, b\u1edfi ai c\u0169ng mu\u1ed1n t\u00ecm \u0111\u01b0\u1ee3c c\u00e2u tr\u1ea3 l\u1eddi chu\u1ea9n x\u00e1c nh\u1ea5t, \u0111\u1ec3 t\u1eeb \u0111\u00f3 cho con nh\u1eefng \u0111i\u1ec1u tuy\u1ec7t v\u1eddi nh\u1ea5t.<\/p>\n","protected":false},"excerpt":{"rendered":"<p>\u201c T\u00ecnh m\u1eb9 kh\u00f4ng ph\u1ea3i l\u00e0 s\u1ef1 chi\u1ebfm h\u1eefu v\u0129nh h\u1eb1ng \u0111\u1ed1i v\u1edbi con tr\u1ebb m\u00e0 l\u00e0 m\u1ed9t s\u1ef1 r\u00fat lui h\u1ee3p l\u00ed. Nhi\u1ec7m v\u1ee5 \u0111\u1ea7u ti\u00ean c\u1ee7a t\u00ecnh m\u1eb9 ch\u00ednh l\u00e0 th\u00e2n m\u1eadt v\u1edbi tr\u1ebb, b\u1ea3o v\u1ec7 cho tr\u1ebb tr\u01b0\u1edfng th\u00e0nh; nhi\u1ec7m v\u1ee5 th\u1ee9 hai ch\u00ednh l\u00e0 r\u1eddi xa tr\u1ebb, th\u00fac \u0111\u1ea9y tr\u1ebb \u0111\u1ed9c l\u1eadp.\u201d<br \/>\nC\u00e1ch \u0111\u00e2y 7 n\u0103m cu\u1ed1n s\u00e1ch \u201cNg\u01b0\u1eddi m\u1eb9 t\u1ed1t h\u01a1n l\u00e0 ng\u01b0\u1eddi th\u1ea7y t\u1ed1t\u201d \u0111\u00e3 tr\u1edf th\u00e0nh m\u1ed9t hi\u1ec7n t\u01b0\u1ee3ng trong th\u1ecb tr\u01b0\u1eddng s\u00e1ch Nu\u00f4i d\u1ea1y con t\u1ea1i Vi\u1ec7t Nam. T\u00ednh \u0111\u1ebfn nay \u201cNg\u01b0\u1eddi m\u1eb9 t\u1ed1t h\u01a1n l\u00e0 ng\u01b0\u1eddi th\u1ea7y t\u1ed1t\u201d \u0111\u00e3 b\u00e1n \u0111\u01b0\u1ee3c g\u1ea7n 50.000 b\u1ea3n v\u00e0 tr\u1edf th\u00e0nh cu\u1ed1n s\u00e1ch g\u1ed1i \u0111\u1ea7u gi\u01b0\u1eddng c\u1ee7a r\u1ea5t nhi\u1ec1u b\u00e0 m\u1eb9 tr\u00ean kh\u1eafp Vi\u1ec7t Nam \u1edf c\u00e1c \u0111\u1ed9 tu\u1ed5i. T\u1ea1i Trung Qu\u1ed1c, cu\u1ed1n s\u00e1ch \u0111\u01b0\u1ee3c xu\u1ea5t b\u1ea3n v\u1edbi h\u01a1n 10 tri\u1ec7u b\u1ea3n v\u00e0 d\u1ecbch ra nhi\u1ec1u th\u1ee9 ti\u1ebfng tr\u00ean th\u1ebf gi\u1edbi.<br \/>\nTi\u1ebfp n\u1ed1i s\u1ef1 th\u00e0nh c\u00f4ng c\u1ee7a cu\u1ed1n s\u00e1ch, t\u00e1c gi\u1ea3 Do\u00e3n Ki\u1ebfn L\u1ee3i \u0111\u00e3 cho ra \u0111\u1eddi cu\u1ed1n \u201cNg\u01b0\u1eddi m\u1eb9 t\u1ed1t h\u01a1n l\u00e0 ng\u01b0\u1eddi th\u1ea7y t\u1ed1t 2\u201d l\u00e0 t\u1eadp h\u1ee3p nh\u1eefng b\u1ee9c th\u01b0 \u0111\u1ed9c gi\u1ea3 g\u1eedi \u0111\u1ebfn b\u00e0 \u0111\u1ec3 t\u00e2m s\u1ef1 v\u00e0 nh\u1edd t\u01b0 v\u1ea5n. C\u00e1c c\u00e2u h\u1ecfi m\u00e0 \u0111\u1ed9c gi\u1ea3 \u0111\u1eb7t ra cho t\u00e1c gi\u1ea3 Do\u00e3n Ki\u1ebfn L\u1ee3i c\u00f3 ph\u1ea1m vi r\u1ed9ng, bao ph\u1ee7 t\u1eeb gi\u00e1o d\u1ee5c gia \u0111\u00ecnh t\u1edbi gi\u00e1o d\u1ee5c tr\u01b0\u1eddng h\u1ecdc v\u00e0 gi\u00e1o d\u1ee5c x\u00e3 h\u1ed9i; t\u1eeb vi\u1ec7c h\u1ecdc t\u1eadp c\u00e1c m\u00f4n gi\u00e1o khoa t\u1edbi nh\u1eefng v\u1ea5n \u0111\u1ec1 t\u00e2m sinh l\u00fd tr\u1ebb v\u00e0 gi\u00e1o d\u1ee5c gi\u1edbi t\u00ednh.<br \/>\nT\u1ea1i sao tr\u1ebb h\u1ee9a m\u00e0 kh\u00f4ng gi\u1eef l\u1eddi? Cho tr\u1ebb y\u00eau th\u01b0\u01a1ng v\u00e0 t\u1ef1 do bao nhi\u00eau l\u00e0 h\u1ee3p l\u00ed? Li\u1ec7u tr\u1ebb \u0111\u01b0\u1ee3c chi\u1ec1u qu\u00e1 c\u00f3 sinh h\u01b0 kh\u00f4ng?<br \/>\nNh\u1eefng c\u00e2u h\u1ecfi \u0111\u00f3 kh\u00f4ng h\u1ec1 nh\u1ecf nh\u1eb7t nh\u01b0 ch\u00fang ta t\u01b0\u1edfng, th\u1eadm ch\u00ed n\u00f3 c\u00f2n khi\u1ebfn nhi\u1ec1u ph\u1ee5 huynh \u0111au \u0111\u1ea7u suy ngh\u0129, b\u1edfi ai c\u0169ng mu\u1ed1n t\u00ecm \u0111\u01b0\u1ee3c c\u00e2u tr\u1ea3 l\u1eddi chu\u1ea9n x\u00e1c nh\u1ea5t, \u0111\u1ec3 t\u1eeb \u0111\u00f3 cho con nh\u1eefng \u0111i\u1ec1u tuy\u1ec7t v\u1eddi nh\u1ea5t.<\/p>\n","protected":false},"featured_media":12887,"template":"","meta":{"_acf_changed":false},"product_brand":[],"product_cat":[19],"product_tag":[81],"class_list":{"0":"post-12889","1":"product","2":"type-product","3":"status-publish","4":"has-post-thumbnail","6":"product_cat-nuoi-day-con","7":"product_tag-sach-gia-uu-dai","9":"first","10":"instock","11":"sale","12":"taxable","13":"shipping-taxable","14":"purchasable","15":"product-type-simple"},"supplier_id":null,"supplier_sku":"","barcode":null,"atum_controlled":true,"out_stock_date":null,"out_stock_threshold":null,"inheritable":false,"inbound_stock":0,"stock_on_hold":0,"sold_today":0,"sales_last_days":0,"reserved_stock":0,"customer_returns":0,"warehouse_damage":0,"lost_in_post":0,"other_logs":0,"out_stock_days":0,"lost_sales":0,"has_location":false,"update_date":"2026-01-28T23:11:30","atum_locations":[],"atum_stock_status":"instock","restock_status":false,"low_stock_amount":"","sales_update_date":"2026-01-28T23:11:30","calc_backorders":null,"acf":{"publisher":{"ID":1453,"post_author":"1","post_date":"2021-02-17 01:11:32","post_date_gmt":"2021-02-16 23:11:32","post_content":"<!-- wp:flatsome\/uxbuilder -->\n<h1 style=\"text-align: center;\"><strong>Qu\u1ea3ng V\u0103n<\/strong><\/h1>\n[row]\n\n[col span=\"6\" span__sm=\"12\"]\n\n[ux_image id=\"1552\" image_size=\"medium\"]\n\n\n[\/col]\n[col span=\"6\" span__sm=\"12\"]\n\n<p><strong>Quangvanbooks<\/strong><br \/>Qu\u1ea3ng V\u0103n l\u00e0 t\u1ed5 h\u1ee3p xu\u1ea5t b\u1ea3n, gi\u00e1o d\u1ee5c v\u00e0 nh\u01b0\u1ee3ng quy\u1ec1n h\u00e0ng \u0111\u1ea7u trong ng\u00e0nh c\u00f4ng nghi\u1ec7p s\u00e1ng t\u1ea1o v\u1edbi c\u00e1c th\u01b0\u01a1ng hi\u1ec7u nh\u00e1nh:<\/p>\n<p>Quangvanbooks - Th\u01b0\u01a1ng hi\u1ec7u s\u00e1ch v\u0103n h\u00f3a gi\u00e1o d\u1ee5c v\u00e0 v\u0103n h\u00f3a gi\u1ea3i tr\u00ed<br \/>Ehomebooks - Th\u01b0\u01a1ng hi\u1ec7u s\u00e1ch gi\u00e1o d\u1ee5c gia \u0111\u00ecnh<br \/>Sakurabooks - Th\u01b0\u01a1ng hi\u1ec7u s\u00e1ch Nh\u1eadt B\u1ea3n<br \/>IPERbooks - Th\u01b0\u01a1ng hi\u1ec7u s\u00e1ch gi\u00e1o d\u1ee5c nh\u00e0 tr\u01b0\u1eddng<br \/>IPER - Vi\u1ec7n nghi\u00ean c\u1ee9u xu\u1ea5t b\u1ea3n v\u00e0 gi\u00e1o d\u1ee5c IPER<\/p>\n<p><strong>T\u1ea7m nh\u00ecn<\/strong><br \/>Tr\u1edf th\u00e0nh th\u01b0\u01a1ng hi\u1ec7u s\u00e1ch v\u0103n h\u00f3a gi\u00e1o d\u1ee5c v\u00e0 v\u0103n h\u00f3a gi\u1ea3i tr\u00ed t\u1ed1t nh\u1ea5t v\u00e0 \u0111a d\u1ea1ng nh\u1ea5t Vi\u1ec7t Nam.<\/p>\n<p><br \/><strong>S\u1ee9 m\u1ec7nh<\/strong><br \/>Mang \u0111\u1ebfn nh\u1eefng cu\u1ed1n s\u00e1ch v\u0103n h\u00f3a gi\u00e1o d\u1ee5c v\u00e0 v\u0103n h\u00f3a gi\u1ea3i tr\u00ed \u0111\u1ebfn v\u1edbi \u0111\u1ed9c gi\u1ea3 Vi\u1ec7t Nam v\u00e0 th\u1ebf gi\u1edbi nh\u1eb1m gi\u00fap \u0111\u1ed9c gi\u1ea3 ph\u00e1t tri\u1ec3n b\u1ea3n th\u00e2n, gi\u00e1o d\u1ee5c, gi\u1ea3i tr\u00ed v\u00e0 khai s\u00e1ng nh\u1eb1m x\u00e2y d\u1ef1ng x\u00e3 h\u1ed9i th\u1ecbnh v\u01b0\u1ee3ng, h\u1ea1nh ph\u00fac.<\/p>\n<p><strong>Gi\u00e1 tr\u1ecb c\u1ed1t l\u00f5i<\/strong><\/p>\n<p>S\u00e1ng t\u1ea1o - Linh ho\u1ea1t - H\u1ee3p t\u00e1c - Ch\u00ednh tr\u1ef1c - Nhi\u1ec7t huy\u1ebft - C\u00e2n b\u1eb1ng - H\u1ea1nh ph\u00fac<\/p>\n\n[\/col]\n\n[\/row]\n\n<!-- \/wp:flatsome\/uxbuilder -->","post_title":"Qu\u1ea3ng V\u0103n","post_excerpt":"","post_status":"publish","comment_status":"closed","ping_status":"closed","post_password":"","post_name":"quang-van","to_ping":"","pinged":"","post_modified":"2021-02-17 01:26:44","post_modified_gmt":"2021-02-16 23:26:44","post_content_filtered":"","post_parent":0,"guid":"https:\/\/sachviet.eu\/nha-phat-hanh\/quang-van\/","menu_order":0,"post_type":"publisher","post_mime_type":"","comment_count":"0","filter":"raw"}},"_links":{"self":[{"href":"https:\/\/sachviet.eu\/en\/wp-json\/wp\/v2\/product\/12889","targetHints":{"allow":["GET"]}}],"collection":[{"href":"https:\/\/sachviet.eu\/en\/wp-json\/wp\/v2\/product"}],"about":[{"href":"https:\/\/sachviet.eu\/en\/wp-json\/wp\/v2\/types\/product"}],"wp:featuredmedia":[{"embeddable":true,"href":"https:\/\/sachviet.eu\/en\/wp-json\/wp\/v2\/media\/12887"}],"wp:attachment":[{"href":"https:\/\/sachviet.eu\/en\/wp-json\/wp\/v2\/media?parent=12889"}],"wp:term":[{"taxonomy":"product_brand","embeddable":true,"href":"https:\/\/sachviet.eu\/en\/wp-json\/wp\/v2\/product_brand?post=12889"},{"taxonomy":"product_cat","embeddable":true,"href":"https:\/\/sachviet.eu\/en\/wp-json\/wp\/v2\/product_cat?post=12889"},{"taxonomy":"product_tag","embeddable":true,"href":"https:\/\/sachviet.eu\/en\/wp-json\/wp\/v2\/product_tag?post=12889"}],"curies":[{"name":"wp","href":"https:\/\/api.w.org\/{rel}","templated":true}]}}