{"id":12884,"date":"2021-06-11T23:35:49","date_gmt":"2021-06-11T20:35:49","guid":{"rendered":"https:\/\/sachviet.eu\/shop\/ky-luat-ban-an-dinh-duong-can-bang\/"},"modified":"2022-02-21T15:40:08","modified_gmt":"2022-02-21T13:40:08","slug":"ky-luat-ban-an-dinh-duong-can-bang","status":"publish","type":"product","link":"https:\/\/sachviet.eu\/en\/shop\/ky-luat-ban-an-dinh-duong-can-bang\/","title":{"rendered":"K\u1ef7 Lu\u1eadt B\u00e0n \u0102n &#8211; Dinh D\u01b0\u1ee1ng C\u00e2n B\u1eb1ng"},"content":{"rendered":"<p>K\u1ef7 Lu\u1eadt B\u00e0n \u0102n &#8211; Dinh D\u01b0\u1ee1ng C\u00e2n B\u1eb1ng<\/p>\n<p>Ch\u00e0o m\u1eebng m\u1eb9 \u0111\u1ebfn v\u1edbi h\u00e0nh tr\u00ecnh m\u1edbi \u0111\u1ea7y th\u00fa v\u1ecb nh\u01b0ng c\u0169ng kh\u00f4ng k\u00e9m ph\u1ea7n c\u0103ng th\u1eb3ng. \u0110\u00e3 qua r\u1ed3i c\u00e1i th\u1eddi k\u00ec nh\u00e0n h\u1ea1, c\u1ea3 ng\u00e0y quanh \u0111i qu\u1ea9n l\u1ea1i v\u1edbi v\u00e0i b\u00ecnh s\u1eefa, m\u1ed7i l\u1ea7n \u0111\u1ebfn b\u1eefa m\u1eb9 ch\u1ec9 th\u1ee7ng th\u1ec9nh v\u00e9n \u00e1o cho ti hay c\u00f9ng l\u1eafm l\u00e0 chu\u1ea9n b\u1ecb m\u1ed9t b\u00ecnh \u2013 m\u1ed9t n\u00fam l\u00e0 xong m\u1ed9t b\u1eefa \u0103n.<\/p>\n<p>6 th\u00e1ng \u0111\u1ebfn nh\u01b0 m\u1ed9t c\u01a1n gi\u00f3, c\u00f9ng v\u1edbi bao h\u1ee9ng kh\u1edfi c\u1ee7a vi\u1ec7c b\u1eaft \u0111\u1ea7u \u0103n d\u1eb7m, \u0111a d\u1ea1ng h\u00f3a th\u1ee9c \u0103n. V\u00e0i ng\u00e0y \u0111\u1ea7u tr\u00f4i \u0111i th\u1eadt \u00eam \u0111\u1ec1m, th\u1ebf nh\u01b0ng r\u1ed3i k\u00ec v\u1ecdng c\u1ee7a m\u1eb9 v\u1ec1 em b\u00e9 ng\u1ed3i \u0103n ngoan t\u1eeb \u0111\u1ea7u \u0111\u1ebfn cu\u1ed1i b\u1eefa b\u1ecb \u0111\u1eadp tan t\u00e0nh b\u1edfi c\u00e1i hi\u1ec7n th\u1ef1c con bi\u1ebfng \u0103n, con g\u00e0o kh\u00f3c \u2013 \u0111\u1eadp ph\u00e1, ch\u1ea1y kh\u1eafp nh\u00e0, kh\u00f4ng ch\u1ecbu \u0103n, th\u1eadm ch\u00ed k\u00e8m n\u00f4n \u1ecde \u2026 B\u00e2y gi\u1edd ph\u1ea3i l\u00e0m sao?<\/p>\n<p>M\u1eb9 s\u1ebd c\u00f3 hai s\u1ef1 l\u1ef1a ch\u1ecdn. M\u1ed9t l\u00e0, \u201c\u0103n rong v\u00e0 \u00e9p \u0103n\u201d v\u1edbi nh\u1eefng h\u1ec7 qu\u1ea3 nh\u01b0: l\u00e0m ti\u00eau h\u00f3a k\u00e9m hi\u1ec7u qu\u1ea3; l\u00e0m tr\u1ebb s\u1ee3 h\u00e3i, c\u00e1u k\u1ec9nh, c\u00f3 th\u1ec3 g\u00e2y \u1ee9c ch\u1ebf th\u1ea7n kinh v\u00e0 \u1edf nhi\u1ec1u tr\u1ebb nh\u1eefng \u0111i\u1ec1u n\u00e0y g\u00e2y \u1ee9c ch\u1ebf ti\u00eau h\u00f3a, n\u00f4n theo ch\u1ee7 \u00fd, \u0103n u\u1ed1ng l\u1ec7ch dinh d\u01b0\u1ee1ng; l\u00e0m m\u1ea5t th\u1eddi gian v\u00e0 c\u00f4ng s\u1ee9c c\u1ee7a cham\u1eb9 v\u00e0 gia \u0111\u00ecnh; l\u00e0m h\u1ecfng r\u0103ng trong l\u00e2u d\u00e0i. Do s\u1ee3 n\u00f4n n\u00ean m\u1eb9 kh\u00f4ng \u0111\u00e1nh r\u0103ng cho b\u00e9 sau \u0103n, nh\u1eefng h\u00e0m r\u0103ng s\u1eefa c\u1ee9 th\u1ebf t\u1ea1o t\u1ea7ng l\u1edbp m\u1ea3ng b\u00e1m d\u00e0y, m\u1ee7n r\u0103ng, s\u00fan r\u0103ng.; m\u1ea5t c\u01a1 h\u1ed9i h\u1ecdc t\u1eadp v\u00e0 ph\u00e1t tri\u1ec3n: \u00c9p \u0103n l\u1ea5y \u0111i \u1edf tr\u1ebb c\u01a1 h\u1ed9i \u0111\u01b0\u1ee3c kh\u00e1m ph\u00e1 \u1ea9m th\u1ef1c, h\u1ecdc t\u1eadp k\u0129 n\u0103ng c\u1eed \u0111\u1ed9ng tinh\u2026<\/p>\n<p>Hai l\u00e0, \u201c\u0103n ch\u1ee7 \u0111\u1ed9ng v\u00e0 k\u1ef7 lu\u1eadt b\u00e0n \u0103n\u201d v\u1edbi nh\u1eefng \u1ea3nh h\u01b0\u1edfng t\u00edch c\u1ef1c nh\u01b0: r\u00e8n k\u1ef9 n\u0103ng ph\u1ed1i h\u1ee3p c\u1ee7a tay \u2013 m\u1eaft \u2013 mi\u1ec7ng; t\u0103ng s\u1ef1 t\u1ef1 tin, khi con xoay x\u1edf qua kh\u00f3 kh\u0103n, v\u00e0 \u0111\u1ea1t \u0111\u01b0\u1ee3c \u0111i\u1ec1u m\u00ecnh mu\u1ed1n: cho \u0111\u01b0\u1ee3c th\u1ee9c \u0103n v\u00e0o mi\u1ec7ng, c\u1ea7m \u0111\u01b0\u1ee3c chi\u1ebfc th\u00eca, \u0103n \u0111\u01b0\u1ee3c b\u1eb1ng n\u0129a, th\u00eca, hay \u0111\u0169a; t\u00ednh t\u1ef1 l\u1eadp t\u1ef1 ch\u1ee7 \u0111\u01b0\u1ee3c nu\u00f4i d\u01b0\u1ee1ng: con \u0103n cho ch\u00ednh b\u1ea3n th\u00e2n m\u00ecnh, v\u00e0 con l\u00e0m \u0111\u01b0\u1ee3c; h\u1ec7 ti\u00eau h\u00f3a c\u00f3 c\u01a1 h\u1ed9i \u0111\u01b0\u1ee3c ho\u00e0n thi\u1ec7n, qu\u00e1 tr\u00ecnh ti\u00eau h\u00f3a l\u00e0 to\u00e0n di\u1ec7n. Ph\u1ea3n \u1ee9ng sinh h\u00f3a trong ti\u00eau h\u00f3a l\u00e0 t\u1ef1 nhi\u00ean v\u00e0 hi\u1ec7u qu\u1ea3; v\u00e0 cu\u1ed1i c\u00f9ng l\u00e0 con \u0103n \u0111\u1ee7 ch\u1ea5t, c\u00e2n b\u1eb1ng v\u00e0 dinh d\u01b0\u1ee1ng t\u1ed1t nh\u1ea5t \u0111\u1ec3 ph\u00e1t tri\u1ec3n t\u1ed1i \u0111a theo kh\u1ea3 n\u0103ng ti\u1ec1m t\u00e0ng c\u1ee7a ch\u00ednh m\u00ecnh.<\/p>\n<p>\u0110\u1ebfn \u0111\u00e2y ch\u1eafc h\u1eb3n cha m\u1eb9 \u0111\u00e3 bi\u1ebft m\u00ecnh n\u00ean ch\u1ecdn theo h\u01b0\u1edbng n\u00e0o r\u1ed3i, nh\u01b0ng \u0111\u00e2u s\u1ebd l\u00e0 ch\u1ec9 d\u1eabn khi \u0111\u1ee9a tr\u1ebb: kh\u00f4ng ch\u1ecbu ng\u1ed3i v\u00e0o b\u00e0n; ng\u1eadm th\u1ee9c \u0103n trong mi\u1ec7ng; \u0103n r\u1ea5t \u00edt; \u0103n l\u1ec7ch; ho\u1eb7c u\u1ed1ng r\u1ea5t \u00edt n\u01b0\u1edbc\u2026 Th\u00ec t\u1ea5t c\u1ea3 nh\u1eefng v\u1ea5n \u0111\u1ec1 \u0111\u00f3 \u0111\u00e3 \u0111\u01b0\u1ee3c t\u00e1c gi\u1ea3 Hachun Lyonnet (H\u00e0 Ch\u0169n) h\u1ec7 th\u1ed1ng l\u1ea1i v\u00e0 chia s\u1ebb trong cu\u1ed1n s\u00e1ch K\u1ef7 lu\u1eadt b\u00e0n \u0103n &#8211; Dinh d\u01b0\u1ee1ng c\u00e2n b\u1eb1ng v\u1edbi h\u00ecnh th\u1ee9c v\u00f4 c\u00f9ng t\u01b0\u01a1i m\u1edbi v\u00e0 khoa h\u1ecdc.<\/p>\n<p>Cu\u1ed1n s\u00e1ch \u0111\u01b0\u1ee3c xu\u1ea5t b\u1ea3n v\u1edbi hy v\u1ecdng m\u1ed7i \u0111\u1ee9a tr\u1ebb \u0111\u1ec1u \u0111\u01b0\u1ee3c \u0102n c\u00e2n b\u1eb1ng \u2013 T\u1ea1i b\u00e0n \u2013 C\u00f9ng gia \u0111\u00ecnh v\u00e0 trong ni\u1ec1m vui.<\/p>\n<p>\u201cNh\u1edd vi\u1ec7c \u00e1p d\u1ee5ng k\u1ef7 lu\u1eadt b\u00e0n \u0103n m\u00e0 r\u1ea5t nhi\u1ec1u em b\u00e9 \u0111\u00e3 ng\u1ed3i ngoan tr\u00ean gh\u1ebf \u0111\u1ec3 \u0103nd\u1eb7m, thay v\u00ec v\u1eeba ch\u1ea1y ch\u01a1i v\u1eeba \u0103n, \u1ea3nh h\u01b0\u1edfng \u0111\u1ebfn h\u1ec7 ti\u00eau h\u00f3a v\u00e0 khi\u1ebfn ng\u01b0\u1eddi l\u1edbn \u201cph\u00e1t\u0111i\u00ean\u201d. Nh\u1edd \u00e1p d\u1ee5ng k\u1ef7 lu\u1eadt b\u00e0n \u0103n, nhi\u1ec1u em b\u00e9 c\u1ea3m nh\u1eadn \u0111\u01b0\u1ee3c s\u1ef1 \u0111\u00e1ng qu\u00fd c\u1ee7a th\u1ee9c\u0103n, bi\u1ebft tr\u00e2n tr\u1ecdng \u0111\u1ed3 \u0103n v\u00e0 \u0103n u\u1ed1ng t\u1ef1 gi\u00e1c, \u0103n theo nhu c\u1ea7u. Nh\u1edd k\u1ef7 lu\u1eadt b\u00e0n \u0103n, c\u00e1cb\u00e9 h\u1ecdc \u0111\u01b0\u1ee3c c\u00e1ch \u0103n u\u1ed1ng c\u00e2n b\u1eb1ng v\u00e0 l\u00e0nh m\u1ea1nh, thay v\u00ec \u0103n l\u1ec7ch v\u00e0 ch\u1ec9 \u0103n nh\u1eefng m\u00f3nm\u00e0 m\u00ecnh th\u00edch. Do \u0111\u00f3, cu\u1ed1n s\u00e1ch n\u00e0y s\u1ebd gi\u00fap c\u00e1c b\u1eadc cha m\u1eb9 d\u00f9 theo ph\u01b0\u01a1ng ph\u00e1p \u0103nd\u1eb7m n\u00e0o c\u0169ng c\u00f3 th\u1ec3 \u00e1p d\u1ee5ng k\u1ef7 lu\u1eadt b\u00e0n \u0103n hi\u1ec7u qu\u1ea3, \u0111\u00fang \u0111\u1eafn v\u00e0 ph\u00f9 h\u1ee3p, \u0111\u1ec3 m\u1ecdi emb\u00e9 \u0111\u1ec1u t\u00ecm \u0111\u01b0\u1ee3c ni\u1ec1m vui trong \u0103n u\u1ed1ng.\u201d \u2013 tr\u00edch l\u1eddi gi\u1edbi thi\u1ec7u c\u1ee7a M\u1eb9 Ong B\u00f4ng, \u0111\u1ed3ng t\u00e1c gi\u1ea3 b\u1ed9 s\u00e1ch b\u00e1n ch\u1ea1y Nu\u00f4i con kh\u00f4ng ph\u1ea3i l\u00e0 cu\u1ed9c chi\u1ebfn \u2013 \u0102n d\u1eb7m kh\u00f4ng ph\u1ea3i l\u00e0 cu\u1ed9c chi\u1ebfn.<\/p>\n<p> \u201cLi\u1ec7u c\u00f3 m\u1ed9t th\u1ee9 g\u1ecdi l\u00e0 \u201cb\u00ed-k\u00edp to\u00e0n-th\u01b0 tuy\u1ec7t-ph\u1ea9m\u201d v\u1ec1 dinh d\u01b0\u1ee1ng v\u00e0 \u0103n u\u1ed1ng cho tr\u1ebb nh\u1ecf gi\u1eefa \u201cma tr\u1eadn\u201d th\u00f4ng tin trong th\u1eddi \u0111i\u1ec3m hi\u1ec7n t\u1ea1i kh\u00f4ng? H\u1ee1i nh\u1eefng b\u00e0 m\u1eb9 tr\u1ebb \u0111ang c\u1ea3m th\u1ea5y hoang mang v\u00e0 b\u1ed1i r\u1ed1i v\u1edbi vi\u1ec7c t\u00ecm hi\u1ec3u v\u1ec1 dinh d\u01b0\u1ee1ng cho con, c\u00f9ng n\u1ed7i \u00e1m \u1ea3nh \u201c\u0103n rong\u201d, \u201c\u00e9p \u0103n\u201d trong th\u1eddi k\u00ec con \u0103n d\u1eb7m! Xin th\u01b0a v\u1edbi b\u1ea1n l\u00e0 kh\u00f4ng c\u00f3 \u0111\u00e2u! \u0110\u1eebng \u0111i t\u00ecm c\u00e1i b\u00ed k\u00edp ho\u00e0n h\u1ea3o \u1ea5y.<\/p>\n<p>Nh\u01b0ng may thay, b\u1ea1n l\u1ea1i \u0111ang c\u1ea7m tr\u00ean tay cu\u1ed1n s\u00e1ch n\u00e0y.\u201d \u2013 tr\u00edch l\u1eddi gi\u1edbi thi\u1ec7u c\u1ee7a Phan Anh (Esheep)<\/p>\n<p>M\u1ee5c l\u1ee5c:<\/p>\n<p>\u0102n d\u1eb7m: B\u1eaft \u0111\u1ea7u m\u1ed9t h\u00e0nh tr\u00ecnh \u0111\u1ea7y h\u1ee9ng kh\u1edfi<\/p>\n<p>K\u1ec9 lu\u1eadt b\u00e0n \u0103n: Ch\u00eca kh\u00f3 \u0111\u1ebfn dinh d\u01b0\u1ee1ng t\u00edch c\u1ef1c<\/p>\n<p>Dinh d\u01b0\u1ee1ng c\u00e2n b\u1eb1ng: \u0110\u1ec3 con l\u00e0 l\u1ef1c s\u0129 t\u00ed hon c\u1ee7a m\u1eb9<\/p>\n<p>Gi\u00fap t\u00f4i v\u1edbi, con kh\u00f4ng ch\u1ecbu \u0103n\u2026 \u0110\u1ec3 b\u00e0n \u0103n kh\u00f4ng ph\u1ea3i n\u01a1i tranh gi\u00e0nh quy\u1ec1n l\u1ef1c gi\u1eef con v\u00e0 ng\u01b0\u1eddi l\u1edbn<\/p>\n<p>M\u1ed9t s\u1ed1 \u0111i\u1ec1u m\u1eb9 c\u1ea7n bi\u1ebft<\/p>\n<p>Chuy\u1ec7n ng\u01b0\u1eddi trong cu\u1ed9c: C\u00e1c m\u1eb9 \u0111\u00e3 \u00e1p d\u1ee5ng th\u00e0nh c\u00f4ng K\u1ec9 lu\u1eadt b\u00e0n \u0103n nh\u01b0 th\u1ebf n\u00e0o?<\/p>\n","protected":false},"excerpt":{"rendered":"<p>K\u1ef7 Lu\u1eadt B\u00e0n \u0102n &#8211; Dinh D\u01b0\u1ee1ng C\u00e2n B\u1eb1ng<\/p>\n<p>Ch\u00e0o m\u1eebng m\u1eb9 \u0111\u1ebfn v\u1edbi h\u00e0nh tr\u00ecnh m\u1edbi \u0111\u1ea7y th\u00fa v\u1ecb nh\u01b0ng c\u0169ng kh\u00f4ng k\u00e9m ph\u1ea7n c\u0103ng th\u1eb3ng. \u0110\u00e3 qua r\u1ed3i c\u00e1i th\u1eddi k\u00ec nh\u00e0n h\u1ea1, c\u1ea3 ng\u00e0y quanh \u0111i qu\u1ea9n l\u1ea1i v\u1edbi v\u00e0i b\u00ecnh s\u1eefa, m\u1ed7i l\u1ea7n \u0111\u1ebfn b\u1eefa m\u1eb9 ch\u1ec9 th\u1ee7ng th\u1ec9nh v\u00e9n \u00e1o cho ti hay c\u00f9ng l\u1eafm l\u00e0 chu\u1ea9n b\u1ecb m\u1ed9t b\u00ecnh \u2013 m\u1ed9t n\u00fam l\u00e0 xong m\u1ed9t b\u1eefa \u0103n.<\/p>\n<p>6 th\u00e1ng \u0111\u1ebfn nh\u01b0 m\u1ed9t c\u01a1n gi\u00f3, c\u00f9ng v\u1edbi bao h\u1ee9ng kh\u1edfi c\u1ee7a vi\u1ec7c b\u1eaft \u0111\u1ea7u \u0103n d\u1eb7m, \u0111a d\u1ea1ng h\u00f3a th\u1ee9c \u0103n. V\u00e0i ng\u00e0y \u0111\u1ea7u tr\u00f4i \u0111i th\u1eadt \u00eam \u0111\u1ec1m, th\u1ebf nh\u01b0ng r\u1ed3i k\u00ec v\u1ecdng c\u1ee7a m\u1eb9 v\u1ec1 em b\u00e9 ng\u1ed3i \u0103n ngoan t\u1eeb \u0111\u1ea7u \u0111\u1ebfn cu\u1ed1i b\u1eefa b\u1ecb \u0111\u1eadp tan t\u00e0nh b\u1edfi c\u00e1i hi\u1ec7n th\u1ef1c con bi\u1ebfng \u0103n, con g\u00e0o kh\u00f3c \u2013 \u0111\u1eadp ph\u00e1, ch\u1ea1y kh\u1eafp nh\u00e0, kh\u00f4ng ch\u1ecbu \u0103n, th\u1eadm ch\u00ed k\u00e8m n\u00f4n \u1ecde \u2026 B\u00e2y gi\u1edd ph\u1ea3i l\u00e0m sao?<\/p>\n<p>M\u1eb9 s\u1ebd c\u00f3 hai s\u1ef1 l\u1ef1a ch\u1ecdn. M\u1ed9t l\u00e0, \u201c\u0103n rong v\u00e0 \u00e9p \u0103n\u201d v\u1edbi nh\u1eefng h\u1ec7 qu\u1ea3 nh\u01b0: l\u00e0m ti\u00eau h\u00f3a k\u00e9m hi\u1ec7u qu\u1ea3; l\u00e0m tr\u1ebb s\u1ee3 h\u00e3i, c\u00e1u k\u1ec9nh, c\u00f3 th\u1ec3 g\u00e2y \u1ee9c ch\u1ebf th\u1ea7n kinh v\u00e0 \u1edf nhi\u1ec1u tr\u1ebb nh\u1eefng \u0111i\u1ec1u n\u00e0y g\u00e2y \u1ee9c ch\u1ebf ti\u00eau h\u00f3a, n\u00f4n theo ch\u1ee7 \u00fd, \u0103n u\u1ed1ng l\u1ec7ch dinh d\u01b0\u1ee1ng; l\u00e0m m\u1ea5t th\u1eddi gian v\u00e0 c\u00f4ng s\u1ee9c c\u1ee7a cham\u1eb9 v\u00e0 gia \u0111\u00ecnh; l\u00e0m h\u1ecfng r\u0103ng trong l\u00e2u d\u00e0i. Do s\u1ee3 n\u00f4n n\u00ean m\u1eb9 kh\u00f4ng \u0111\u00e1nh r\u0103ng cho b\u00e9 sau \u0103n, nh\u1eefng h\u00e0m r\u0103ng s\u1eefa c\u1ee9 th\u1ebf t\u1ea1o t\u1ea7ng l\u1edbp m\u1ea3ng b\u00e1m d\u00e0y, m\u1ee7n r\u0103ng, s\u00fan r\u0103ng.; m\u1ea5t c\u01a1 h\u1ed9i h\u1ecdc t\u1eadp v\u00e0 ph\u00e1t tri\u1ec3n: \u00c9p \u0103n l\u1ea5y \u0111i \u1edf tr\u1ebb c\u01a1 h\u1ed9i \u0111\u01b0\u1ee3c kh\u00e1m ph\u00e1 \u1ea9m th\u1ef1c, h\u1ecdc t\u1eadp k\u0129 n\u0103ng c\u1eed \u0111\u1ed9ng tinh\u2026<\/p>\n<p>Hai l\u00e0, \u201c\u0103n ch\u1ee7 \u0111\u1ed9ng v\u00e0 k\u1ef7 lu\u1eadt b\u00e0n \u0103n\u201d v\u1edbi nh\u1eefng \u1ea3nh h\u01b0\u1edfng t\u00edch c\u1ef1c nh\u01b0: r\u00e8n k\u1ef9 n\u0103ng ph\u1ed1i h\u1ee3p c\u1ee7a tay \u2013 m\u1eaft \u2013 mi\u1ec7ng; t\u0103ng s\u1ef1 t\u1ef1 tin, khi con xoay x\u1edf qua kh\u00f3 kh\u0103n, v\u00e0 \u0111\u1ea1t \u0111\u01b0\u1ee3c \u0111i\u1ec1u m\u00ecnh mu\u1ed1n: cho \u0111\u01b0\u1ee3c th\u1ee9c \u0103n v\u00e0o mi\u1ec7ng, c\u1ea7m \u0111\u01b0\u1ee3c chi\u1ebfc th\u00eca, \u0103n \u0111\u01b0\u1ee3c b\u1eb1ng n\u0129a, th\u00eca, hay \u0111\u0169a; t\u00ednh t\u1ef1 l\u1eadp t\u1ef1 ch\u1ee7 \u0111\u01b0\u1ee3c nu\u00f4i d\u01b0\u1ee1ng: con \u0103n cho ch\u00ednh b\u1ea3n th\u00e2n m\u00ecnh, v\u00e0 con l\u00e0m \u0111\u01b0\u1ee3c; h\u1ec7 ti\u00eau h\u00f3a c\u00f3 c\u01a1 h\u1ed9i \u0111\u01b0\u1ee3c ho\u00e0n thi\u1ec7n, qu\u00e1 tr\u00ecnh ti\u00eau h\u00f3a l\u00e0 to\u00e0n di\u1ec7n. Ph\u1ea3n \u1ee9ng sinh h\u00f3a trong ti\u00eau h\u00f3a l\u00e0 t\u1ef1 nhi\u00ean v\u00e0 hi\u1ec7u qu\u1ea3; v\u00e0 cu\u1ed1i c\u00f9ng l\u00e0 con \u0103n \u0111\u1ee7 ch\u1ea5t, c\u00e2n b\u1eb1ng v\u00e0 dinh d\u01b0\u1ee1ng t\u1ed1t nh\u1ea5t \u0111\u1ec3 ph\u00e1t tri\u1ec3n t\u1ed1i \u0111a theo kh\u1ea3 n\u0103ng ti\u1ec1m t\u00e0ng c\u1ee7a ch\u00ednh m\u00ecnh.<\/p>\n<p>\u0110\u1ebfn \u0111\u00e2y ch\u1eafc h\u1eb3n cha m\u1eb9 \u0111\u00e3 bi\u1ebft m\u00ecnh n\u00ean ch\u1ecdn theo h\u01b0\u1edbng n\u00e0o r\u1ed3i, nh\u01b0ng \u0111\u00e2u s\u1ebd l\u00e0 ch\u1ec9 d\u1eabn khi \u0111\u1ee9a tr\u1ebb: kh\u00f4ng ch\u1ecbu ng\u1ed3i v\u00e0o b\u00e0n; ng\u1eadm th\u1ee9c \u0103n trong mi\u1ec7ng; \u0103n r\u1ea5t \u00edt; \u0103n l\u1ec7ch; ho\u1eb7c u\u1ed1ng r\u1ea5t \u00edt n\u01b0\u1edbc\u2026 Th\u00ec t\u1ea5t c\u1ea3 nh\u1eefng v\u1ea5n \u0111\u1ec1 \u0111\u00f3 \u0111\u00e3 \u0111\u01b0\u1ee3c t\u00e1c gi\u1ea3 Hachun Lyonnet (H\u00e0 Ch\u0169n) h\u1ec7 th\u1ed1ng l\u1ea1i v\u00e0 chia s\u1ebb trong cu\u1ed1n s\u00e1ch K\u1ef7 lu\u1eadt b\u00e0n \u0103n &#8211; Dinh d\u01b0\u1ee1ng c\u00e2n b\u1eb1ng v\u1edbi h\u00ecnh th\u1ee9c v\u00f4 c\u00f9ng t\u01b0\u01a1i m\u1edbi v\u00e0 khoa h\u1ecdc.<\/p>\n","protected":false},"featured_media":12880,"template":"","meta":{"_acf_changed":false},"product_brand":[],"product_cat":[19],"product_tag":[],"class_list":{"0":"post-12884","1":"product","2":"type-product","3":"status-publish","4":"has-post-thumbnail","6":"product_cat-nuoi-day-con","8":"first","9":"outofstock","10":"taxable","11":"shipping-taxable","12":"purchasable","13":"product-type-simple"},"supplier_id":null,"supplier_sku":"","barcode":null,"atum_controlled":true,"out_stock_date":"2022-02-21 11:40:08","out_stock_threshold":null,"inheritable":false,"inbound_stock":0,"stock_on_hold":0,"sold_today":0,"sales_last_days":0,"reserved_stock":0,"customer_returns":0,"warehouse_damage":0,"lost_in_post":0,"other_logs":0,"out_stock_days":1437,"lost_sales":3693,"has_location":false,"update_date":"2026-01-28T23:10:52","atum_locations":[],"atum_stock_status":"outofstock","restock_status":false,"low_stock_amount":"","sales_update_date":"2026-01-28T23:10:52","calc_backorders":null,"acf":{"publisher":{"ID":1474,"post_author":"1","post_date":"2021-02-17 01:12:51","post_date_gmt":"2021-02-16 23:12:51","post_content":"","post_title":"Th\u00e1i H\u00e0","post_excerpt":"","post_status":"publish","comment_status":"closed","ping_status":"closed","post_password":"","post_name":"thai-ha","to_ping":"","pinged":"","post_modified":"2021-02-17 01:12:51","post_modified_gmt":"2021-02-16 23:12:51","post_content_filtered":"","post_parent":0,"guid":"https:\/\/sachviet.eu\/nha-phat-hanh\/thai-ha\/","menu_order":0,"post_type":"publisher","post_mime_type":"","comment_count":"0","filter":"raw"}},"_links":{"self":[{"href":"https:\/\/sachviet.eu\/en\/wp-json\/wp\/v2\/product\/12884","targetHints":{"allow":["GET"]}}],"collection":[{"href":"https:\/\/sachviet.eu\/en\/wp-json\/wp\/v2\/product"}],"about":[{"href":"https:\/\/sachviet.eu\/en\/wp-json\/wp\/v2\/types\/product"}],"wp:featuredmedia":[{"embeddable":true,"href":"https:\/\/sachviet.eu\/en\/wp-json\/wp\/v2\/media\/12880"}],"wp:attachment":[{"href":"https:\/\/sachviet.eu\/en\/wp-json\/wp\/v2\/media?parent=12884"}],"wp:term":[{"taxonomy":"product_brand","embeddable":true,"href":"https:\/\/sachviet.eu\/en\/wp-json\/wp\/v2\/product_brand?post=12884"},{"taxonomy":"product_cat","embeddable":true,"href":"https:\/\/sachviet.eu\/en\/wp-json\/wp\/v2\/product_cat?post=12884"},{"taxonomy":"product_tag","embeddable":true,"href":"https:\/\/sachviet.eu\/en\/wp-json\/wp\/v2\/product_tag?post=12884"}],"curies":[{"name":"wp","href":"https:\/\/api.w.org\/{rel}","templated":true}]}}