{"id":12879,"date":"2021-06-11T23:35:34","date_gmt":"2021-06-11T20:35:34","guid":{"rendered":"https:\/\/sachviet.eu\/shop\/quang-ganh-lo-au-thanh-thoi-lam-me\/"},"modified":"2023-03-10T18:10:44","modified_gmt":"2023-03-10T16:10:44","slug":"quang-ganh-lo-au-thanh-thoi-lam-me","status":"publish","type":"product","link":"https:\/\/sachviet.eu\/en\/shop\/quang-ganh-lo-au-thanh-thoi-lam-me\/","title":{"rendered":"Qu\u1eb3ng g\u00e1nh lo \u00e2u th\u1ea3nh th\u01a1i l\u00e0m m\u1eb9"},"content":{"rendered":"<p>Qu\u1eb3ng G\u00e1nh Lo \u00c2u, Th\u1ea3nh Th\u01a1i L\u00e0m M\u1eb9 &#8211; C\u1ea9m Nang Ch\u1eefa L\u00e0nh Nh\u1eefng N\u1ed7i S\u1ee3 Th\u1ea7m K\u00edn Cho Ng\u01b0\u1eddi M\u1eb9 Tr\u1ebb<\/p>\n<p>B\u1ea1n s\u1ebd \u1ed5n th\u00f4i!<\/p>\n<p>H\u01a1n 90% c\u00e1c b\u00e0 m\u1eb9 tr\u1ebb c\u00f3 nh\u1eefng suy ngh\u0129 \u0111\u00e1ng s\u1ee3 v\u00e0 kh\u00e1c th\u01b0\u1eddng v\u1ec1 c\u1ea3 con l\u1eabn ch\u00ednh h\u1ecd. \u201cN\u1ebfu m\u00ecnh l\u00e0m r\u01a1i con th\u00ec sao? N\u1ebfu m\u00ecnh c\u00e1u gi\u1eadn m\u1ea5t ki\u1ec3m so\u00e1t v\u00e0 l\u00e0m con b\u1ecb th\u01b0\u01a1ng? L\u00e0m m\u1eb9 kh\u00f3 qu\u00e1! M\u00ecnh kh\u00f4ng bi\u1ebft th\u1ef1c s\u1ef1 c\u00f3 mu\u1ed1n ti\u1ebfp t\u1ee5c n\u1eefa hay kh\u00f4ng. Tr\u1eddi \u0111\u1ea5t, m\u00ecnh t\u1ec7 l\u1eafm th\u00ec m\u1edbi c\u00f3 suy ngh\u0129 \u0111\u00f3!\u201d. V\u1edbi r\u1ea5t nhi\u1ec1u ng\u01b0\u1eddi m\u1eb9, nh\u1eefng suy ngh\u0129 \u0111\u00f3 b\u1ecb ch\u00f4n gi\u1ea5u trong n\u1ed7i t\u1ee7i h\u1ed5 khi\u1ebfn h\u1ecd c\u00e0ng c\u1ea3m th\u1ea5y t\u1ed3i t\u1ec7 h\u01a1n. Nh\u01b0ng c\u00f3 tin t\u1ed1t d\u00e0nh cho b\u1ea1n \u0111\u00e2y: B\u1ea1n C\u00d3 TH\u1ec2 c\u1ea3m th\u1ea5y kh\u00e1 h\u01a1n!<\/p>\n<p>Nh\u1eb9 nh\u00e0ng nh\u01b0ng nghi\u00eam t\u00fac, \u1ea5m \u00e1p nh\u01b0ng kh\u00f4ng m\u00f9i m\u1eabn, v\u1edbi n\u1ed9i dung \u0111\u01b0\u1ee3c chia t\u00e1ch ho\u00e0n h\u1ea3o cho c\u00e1c b\u00e0 m\u1eb9 b\u1eadn r\u1ed9n, \u201cQu\u1eb3ng g\u00e1nh lo \u00e2u, th\u1ea3nh th\u01a1i l\u00e0m m\u1eb9\u201d d\u00e0nh cho nh\u1eefng ai \u0111ang l\u00e0m m\u1eb9, l\u00e0m ch\u1ed3ng v\u00e0 c\u1ea3 nh\u1eefng gia \u0111\u00ecnh \u1edf kh\u1eafp n\u01a1i \u0111ang c\u1ea7n gi\u00fap \u0111\u1ee1 \u0111\u1ec3 v\u01b0\u1ee3t qua giai \u0111o\u1ea1n kh\u00f3 kh\u0103n n\u00e0y.<\/p>\n<p>\u0110\u00fac r\u00fat t\u1eeb h\u00e0ng ch\u1ee5c n\u0103m l\u00e0 chuy\u00ean gia t\u01b0 v\u1ea5n t\u00e2m l\u00ed sau sinh, t\u00e1c gi\u1ea3 l\u00e0m r\u00f5 th\u1ebf gi\u1edbi n\u1ed9i t\u00e2m y\u1ebfu \u1edbt v\u1edbi v\u00f4 v\u00e0n c\u1ea3m x\u00fac th\u0103ng tr\u1ea7m c\u1ee7a nh\u1eefng ng\u01b0\u1eddi m\u1eb9 tr\u1ebb. B\u1eb1ng l\u1ed1i vi\u1ebft nh\u1eb9 nh\u00e0ng v\u00e0 h\u00e0i h\u01b0\u1edbc, t\u00e1c gi\u1ea3 d\u00e0nh cho ng\u01b0\u1eddi ph\u1ee5 n\u1eef sau sinh m\u1ed9t t\u00ecnh c\u1ea3m \u1ea5m \u00e1p, s\u1ebb chia v\u00e0 m\u00e1ch n\u01b0\u1edbc nh\u1eefng l\u1ed1i ra nho nh\u1ecf, \u0111\u1ec3 ng\u01b0\u1eddi th\u00e2n c\u00f3 th\u1ec3 h\u1ed7 tr\u1ee3 v\u00e0 ch\u00ednh ng\u01b0\u1eddi m\u1eb9 v\u01b0\u1ee3t qua giai \u0111o\u1ea1n kh\u00f3 kh\u0103n n\u00e0y&#8230;<\/p>\n<p>T\u00e1c gi\u1ea3: Karen Kleiman<\/p>\n<p>Chuy\u00ean gia s\u1ee9c kho\u1ebb t\u00e2m th\u1ea7n v\u1edbi h\u01a1n 30 n\u0103m kinh nghi\u1ec7m h\u1ed7 tr\u1ee3 \u0111i\u1ec1u tr\u1ecb c\u00e1c r\u1ed1i lo\u1ea1n lo \u00e2u, tr\u1ea7m c\u1ea3m tr\u01b0\u1edbc v\u00e0 sau sinh. Di\u1ec5n gi\u1ea3 trong nhi\u1ec1u ch\u01b0\u01a1ng tr\u00ecnh truy\u1ec1n h\u00ecnh M\u1ef9 nh\u01b0 Inside Edition, The Ophrah Winfrey Show, v\u00e0 NBC Nightly News\u2026<\/p>\n<p>Ho\u1ea1 s\u0129 minh ho\u1ea1: Molly Mcintyre<\/p>\n<p>L\u00e0 ho\u1ea1 s\u0129 minh ho\u1ea1 v\u00e0 v\u1ebd truy\u1ec7n tranh. Tranh minh ho\u1ea1 c\u1ee7a b\u00e0 t\u1eebng xu\u1ea5t hi\u1ec7n trong t\u1ea1p ch\u00ed Bitch, Everyday Feminism, Scary Mommy, Psychology Today v.v&#8230;<\/p>\n","protected":false},"excerpt":{"rendered":"<p>Qu\u1eb3ng G\u00e1nh Lo \u00c2u, Th\u1ea3nh Th\u01a1i L\u00e0m M\u1eb9 &#8211; C\u1ea9m Nang Ch\u1eefa L\u00e0nh Nh\u1eefng N\u1ed7i S\u1ee3 Th\u1ea7m K\u00edn Cho Ng\u01b0\u1eddi M\u1eb9 Tr\u1ebb<\/p>\n<p>B\u1ea1n s\u1ebd \u1ed5n th\u00f4i!<\/p>\n<p>H\u01a1n 90% c\u00e1c b\u00e0 m\u1eb9 tr\u1ebb c\u00f3 nh\u1eefng suy ngh\u0129 \u0111\u00e1ng s\u1ee3 v\u00e0 kh\u00e1c th\u01b0\u1eddng v\u1ec1 c\u1ea3 con l\u1eabn ch\u00ednh h\u1ecd. \u201cN\u1ebfu m\u00ecnh l\u00e0m r\u01a1i con th\u00ec sao? N\u1ebfu m\u00ecnh c\u00e1u gi\u1eadn m\u1ea5t ki\u1ec3m so\u00e1t v\u00e0 l\u00e0m con b\u1ecb th\u01b0\u01a1ng? L\u00e0m m\u1eb9 kh\u00f3 qu\u00e1! M\u00ecnh kh\u00f4ng bi\u1ebft th\u1ef1c s\u1ef1 c\u00f3 mu\u1ed1n ti\u1ebfp t\u1ee5c n\u1eefa hay kh\u00f4ng. Tr\u1eddi \u0111\u1ea5t, m\u00ecnh t\u1ec7 l\u1eafm th\u00ec m\u1edbi c\u00f3 suy ngh\u0129 \u0111\u00f3!\u201d. V\u1edbi r\u1ea5t nhi\u1ec1u ng\u01b0\u1eddi m\u1eb9, nh\u1eefng suy ngh\u0129 \u0111\u00f3 b\u1ecb ch\u00f4n gi\u1ea5u trong n\u1ed7i t\u1ee7i h\u1ed5 khi\u1ebfn h\u1ecd c\u00e0ng c\u1ea3m th\u1ea5y t\u1ed3i t\u1ec7 h\u01a1n. Nh\u01b0ng c\u00f3 tin t\u1ed1t d\u00e0nh cho b\u1ea1n \u0111\u00e2y: B\u1ea1n C\u00d3 TH\u1ec2 c\u1ea3m th\u1ea5y kh\u00e1 h\u01a1n!<\/p>\n<p>Nh\u1eb9 nh\u00e0ng nh\u01b0ng nghi\u00eam t\u00fac, \u1ea5m \u00e1p nh\u01b0ng kh\u00f4ng m\u00f9i m\u1eabn, v\u1edbi n\u1ed9i dung \u0111\u01b0\u1ee3c chia t\u00e1ch ho\u00e0n h\u1ea3o cho c\u00e1c b\u00e0 m\u1eb9 b\u1eadn r\u1ed9n, \u201cQu\u1eb3ng g\u00e1nh lo \u00e2u, th\u1ea3nh th\u01a1i l\u00e0m m\u1eb9\u201d d\u00e0nh cho nh\u1eefng ai \u0111ang l\u00e0m m\u1eb9, l\u00e0m ch\u1ed3ng v\u00e0 c\u1ea3 nh\u1eefng gia \u0111\u00ecnh \u1edf kh\u1eafp n\u01a1i \u0111ang c\u1ea7n gi\u00fap \u0111\u1ee1 \u0111\u1ec3 v\u01b0\u1ee3t qua giai \u0111o\u1ea1n kh\u00f3 kh\u0103n n\u00e0y.<\/p>\n<p>\u0110\u00fac r\u00fat t\u1eeb h\u00e0ng ch\u1ee5c n\u0103m l\u00e0 chuy\u00ean gia t\u01b0 v\u1ea5n t\u00e2m l\u00ed sau sinh, t\u00e1c gi\u1ea3 l\u00e0m r\u00f5 th\u1ebf gi\u1edbi n\u1ed9i t\u00e2m y\u1ebfu \u1edbt v\u1edbi v\u00f4 v\u00e0n c\u1ea3m x\u00fac th\u0103ng tr\u1ea7m c\u1ee7a nh\u1eefng ng\u01b0\u1eddi m\u1eb9 tr\u1ebb. B\u1eb1ng l\u1ed1i vi\u1ebft nh\u1eb9 nh\u00e0ng v\u00e0 h\u00e0i h\u01b0\u1edbc, t\u00e1c gi\u1ea3 d\u00e0nh cho ng\u01b0\u1eddi ph\u1ee5 n\u1eef sau sinh m\u1ed9t t\u00ecnh c\u1ea3m \u1ea5m \u00e1p, s\u1ebb chia v\u00e0 m\u00e1ch n\u01b0\u1edbc nh\u1eefng l\u1ed1i ra nho nh\u1ecf, \u0111\u1ec3 ng\u01b0\u1eddi th\u00e2n c\u00f3 th\u1ec3 h\u1ed7 tr\u1ee3 v\u00e0 ch\u00ednh ng\u01b0\u1eddi m\u1eb9 v\u01b0\u1ee3t qua giai \u0111o\u1ea1n kh\u00f3 kh\u0103n n\u00e0y&#8230;<\/p>\n","protected":false},"featured_media":12877,"template":"","meta":{"_acf_changed":false},"product_brand":[],"product_cat":[19],"product_tag":[],"class_list":{"0":"post-12879","1":"product","2":"type-product","3":"status-publish","4":"has-post-thumbnail","6":"product_cat-nuoi-day-con","8":"first","9":"outofstock","10":"taxable","11":"shipping-taxable","12":"purchasable","13":"product-type-simple"},"supplier_id":null,"supplier_sku":"","barcode":null,"atum_controlled":true,"out_stock_date":"2023-03-10 16:10:44","out_stock_threshold":null,"inheritable":false,"inbound_stock":0,"stock_on_hold":0,"sold_today":0,"sales_last_days":0,"reserved_stock":0,"customer_returns":0,"warehouse_damage":0,"lost_in_post":0,"other_logs":0,"out_stock_days":1055,"lost_sales":0,"has_location":false,"update_date":"2026-01-28T23:10:52","atum_locations":[],"atum_stock_status":"outofstock","restock_status":false,"low_stock_amount":"","sales_update_date":"2026-01-28T23:10:52","calc_backorders":null,"acf":{"publisher":{"ID":1454,"post_author":"1","post_date":"2021-02-17 01:11:34","post_date_gmt":"2021-02-16 23:11:34","post_content":"<!-- wp:flatsome\/uxbuilder -->\n<h1 style=\"text-align: center;\"><strong>Kim \u0110\u1ed3ng<\/strong><\/h1>\n[row]\n\n[col span=\"3\" span__sm=\"12\"]\n\n[ux_image id=\"1534\" image_size=\"medium\"]\n\n\n[\/col]\n[col span=\"9\" span__sm=\"12\"]\n\n<p>Nh\u00e0 xu\u1ea5t b\u1ea3n Kim \u0110\u1ed3ng tr\u1ef1c thu\u1ed9c Trung \u01b0\u01a1ng \u0110o\u00e0n TNCS H\u1ed3 Ch\u00ed Minh l\u00e0 Nh\u00e0 xu\u1ea5t b\u1ea3n t\u1ed5ng h\u1ee3p c\u00f3 ch\u1ee9c n\u0103ng xu\u1ea5t b\u1ea3n s\u00e1ch v\u00e0 v\u0103n h\u00f3a ph\u1ea9m ph\u1ee5c v\u1ee5 thi\u1ebfu nhi v\u00e0 c\u00e1c b\u1eadc ph\u1ee5 huynh trong c\u1ea3 n\u01b0\u1edbc, qu\u1ea3ng b\u00e1 v\u00e0 gi\u1edbi thi\u1ec7u v\u0103n h\u00f3a Vi\u1ec7t Nam ra th\u1ebf gi\u1edbi.<br \/>Nh\u00e0 xu\u1ea5t b\u1ea3n c\u00f3 nhi\u1ec7m v\u1ee5 t\u1ed5 ch\u1ee9c b\u1ea3n th\u1ea3o, bi\u00ean so\u1ea1n, bi\u00ean d\u1ecbch, xu\u1ea5t b\u1ea3n v\u00e0 ph\u00e1t h\u00e0nh c\u00e1c xu\u1ea5t b\u1ea3n ph\u1ea9m c\u00f3 n\u1ed9i dung: gi\u00e1o d\u1ee5c truy\u1ec1n th\u1ed1ng d\u00e2n t\u1ed9c, gi\u00e1o d\u1ee5c v\u1ec1 tri th\u1ee9c, ki\u1ebfn th\u1ee9c\u2026 tr\u00ean c\u00e1c l\u0129nh v\u1ef1c v\u0103n h\u1ecdc, ngh\u1ec7 thu\u1eadt, khoa h\u1ecdc k\u1ef9 thu\u1eadt nh\u1eb1m cung c\u1ea5p cho c\u00e1c em thi\u1ebfu nhi c\u0169ng nh\u01b0 c\u00e1c b\u1eadc ph\u1ee5 huynh c\u00e1c ki\u1ebfn th\u1ee9c c\u1ea7n thi\u1ebft trong cu\u1ed9c s\u1ed1ng, nh\u1eefng tinh hoa c\u1ee7a tri th\u1ee9c nh\u00e2n lo\u1ea1i nh\u1eb1m g\u00f3p ph\u1ea7n gi\u00e1o d\u1ee5c v\u00e0 h\u00ecnh th\u00e0nh nh\u00e2n c\u00e1ch th\u1ebf h\u1ec7 tr\u1ebb.<br \/>\u0110\u1ed1i t\u01b0\u1ee3ng ph\u1ee5c v\u1ee5 c\u1ee7a Nh\u00e0 xu\u1ea5t b\u1ea3n l\u00e0 c\u00e1c em t\u1eeb tu\u1ed5i nh\u00e0 tr\u1ebb m\u1eabu gi\u00e1o (1 \u0111\u1ebfn 5 tu\u1ed5i), nhi \u0111\u1ed3ng (6 \u0111\u1ebfn 9 tu\u1ed5i), thi\u1ebfu ni\u00ean (10 \u0111\u1ebfn 15 tu\u1ed5i) \u0111\u1ebfn c\u00e1c em tu\u1ed5i m\u1edbi l\u1edbn (16 \u0111\u1ebfn 18 tu\u1ed5i) v\u00e0 c\u00e1c b\u1eadc ph\u1ee5 huynh.<\/p>\n\n[\/col]\n\n[\/row]\n\n<!-- \/wp:flatsome\/uxbuilder -->","post_title":"Kim \u0110\u1ed3ng","post_excerpt":"","post_status":"publish","comment_status":"closed","ping_status":"closed","post_password":"","post_name":"kim-dong","to_ping":"","pinged":"","post_modified":"2021-02-17 01:31:56","post_modified_gmt":"2021-02-16 23:31:56","post_content_filtered":"","post_parent":0,"guid":"https:\/\/sachviet.eu\/nha-phat-hanh\/kim-dong\/","menu_order":0,"post_type":"publisher","post_mime_type":"","comment_count":"0","filter":"raw"}},"_links":{"self":[{"href":"https:\/\/sachviet.eu\/en\/wp-json\/wp\/v2\/product\/12879","targetHints":{"allow":["GET"]}}],"collection":[{"href":"https:\/\/sachviet.eu\/en\/wp-json\/wp\/v2\/product"}],"about":[{"href":"https:\/\/sachviet.eu\/en\/wp-json\/wp\/v2\/types\/product"}],"wp:featuredmedia":[{"embeddable":true,"href":"https:\/\/sachviet.eu\/en\/wp-json\/wp\/v2\/media\/12877"}],"wp:attachment":[{"href":"https:\/\/sachviet.eu\/en\/wp-json\/wp\/v2\/media?parent=12879"}],"wp:term":[{"taxonomy":"product_brand","embeddable":true,"href":"https:\/\/sachviet.eu\/en\/wp-json\/wp\/v2\/product_brand?post=12879"},{"taxonomy":"product_cat","embeddable":true,"href":"https:\/\/sachviet.eu\/en\/wp-json\/wp\/v2\/product_cat?post=12879"},{"taxonomy":"product_tag","embeddable":true,"href":"https:\/\/sachviet.eu\/en\/wp-json\/wp\/v2\/product_tag?post=12879"}],"curies":[{"name":"wp","href":"https:\/\/api.w.org\/{rel}","templated":true}]}}