{"id":12876,"date":"2021-06-11T23:35:23","date_gmt":"2021-06-11T20:35:23","guid":{"rendered":"https:\/\/sachviet.eu\/shop\/me-viet-day-con-buoc-cung-toan-cau\/"},"modified":"2021-06-14T12:24:11","modified_gmt":"2021-06-14T09:24:11","slug":"me-viet-day-con-buoc-cung-toan-cau","status":"publish","type":"product","link":"https:\/\/sachviet.eu\/en\/shop\/me-viet-day-con-buoc-cung-toan-cau\/","title":{"rendered":"M\u1eb9 Vi\u1ec7t D\u1ea1y Con B\u01b0\u1edbc C\u00f9ng To\u00e0n C\u1ea7u"},"content":{"rendered":"<p>V\u1edbi b\u1ea5t c\u1ee9 m\u1ed9t v\u1ecb tr\u00ed c\u00f4ng vi\u1ec7c n\u00e0o c\u0169ng c\u1ea7n \u0111\u01b0\u1ee3c b\u1ed3i d\u01b0\u1ee1ng \u0111\u00e0o t\u1ea1o c\u00f4ng phu, th\u1ebf m\u00e0 \u0111\u1ec3 l\u00e0m m\u1eb9, l\u00e0m \u201cthi\u00ean ch\u1ee9c\u201d th\u00ec ng\u01b0\u1eddi ph\u1ee5 n\u1eef c\u1ee9 ph\u1ea3i t\u1ef1 m\u00e0y m\u00f2, t\u1ef1 h\u1ecdc m\u00e0 ch\u1eb3ng \u0111\u01b0\u1ee3c qua tr\u01b0\u1eddng l\u1edbp d\u1ea1y d\u1ed7, h\u01b0\u1edbng d\u1eabn n\u00e0o c\u1ea3.<\/p>\n<p>Nh\u01b0ng v\u1edbi t\u00e1c gi\u1ea3 cu\u1ed1n s\u00e1ch M\u1eb9 Vi\u1ec7t &#8211; d\u1ea1y con b\u01b0\u1edbc c\u00f9ng to\u00e0n c\u1ea7u c\u1ee7a ch\u1ecb H\u1ed3 Th\u1ecb H\u1ea3i \u00c2u, v\u1edbi h\u01a1n 18 n\u0103m l\u00e0m m\u1eb9, d\u1ea5n th\u00e2n trong m\u1ecdi kho\u1ea3nh kh\u1eafc y\u00eau th\u01b0\u01a1ng, t\u1eadn hi\u1ebfn, t\u1eadn h\u01b0\u1edfng cu\u1ed9c \u0111\u1eddi trong vai tr\u00f2 thi\u00ean ch\u1ee9c \u1ea5y, ch\u1ecb H\u1ed3 Th\u1ecb H\u1ea3i \u00c2u nh\u1eadn ra r\u1eb1ng, con g\u00e1i ch\u1ecb, \u0111\u1ee9a con b\u00e9 b\u1ecfng \u1ea5y ch\u00ednh l\u00e0 ng\u01b0\u1eddi th\u1ea7y d\u1eabn d\u1eaft ch\u1ecb, \u0111\u1ea7y \u0111\u1ed9ng l\u1ef1c nh\u01b0ng c\u0169ng v\u00f4 c\u00f9ng nghi\u00eam kh\u1eafc, \u0111\u1ec3 ch\u1ecb d\u1ea7n d\u1ea7n tr\u01b0\u1edfng th\u00e0nh, \u0111\u1ec3 ch\u1ecb v\u01b0\u1ee3t qua l\u1ea7n l\u01b0\u1ee3t nh\u1eefng k\u1ef3 s\u00e1ch h\u1ea1ch l\u00e0m m\u1eb9 m\u1ed9t c\u00e1ch vinh quang. V\u00f2ng nguy\u1ec7t qu\u1ebf m\u00e0 ng\u01b0\u1eddi m\u1eb9 thi\u00ean ch\u1ee9c nh\u1eadn \u0111\u01b0\u1ee3c t\u1eeb con c\u00e1i c\u00f3 kh\u00f4ng \u00edt m\u1ed3 h\u00f4i, n\u01b0\u1edbc m\u1eaft v\u1edbi t\u1ea5t c\u1ea3 t\u00e2m h\u1ed3n v\u00e0 tr\u00ed tu\u1ec7.<\/p>\n<p>Ch\u1ecb H\u1ed3 Th\u1ecb H\u1ea3i \u00c2u \u0111\u00e3 vi\u1ebft: &#8220;L\u00e0m m\u1eb9 &#8211; m\u1ed9t &#8220;thi\u00ean ch\u1ee9c&#8221; con \u0111\u01b0\u1eddng t\u1ef1 h\u1ecdc v\u00e0 t\u1ef1 tr\u01b0\u1edfng th\u00e0nh; con \u0111\u01b0\u1eddng ph\u00fac l\u1ea1c v\u00e0 \u0111\u00f2i h\u1ecfi nhi\u1ec1u ph\u1ea9m ch\u1ea5t h\u01a1n t\u1ea5t th\u1ea3y m\u1ecdi \u201c\u0111\u1eddi ch\u1ee9c\u201d, \u0111\u00f2i h\u1ecfi s\u1ef1 ki\u00ean nh\u1eabn h\u1ecdc h\u1ecfi kh\u00f4ng ng\u1eebng, \u0111\u00f2i h\u1ecfi s\u1ef1 khi\u00eam nh\u01b0\u1eddng v\u00e0 nh\u1ea1y b\u00e9n, \u0111\u00f2i h\u1ecfi s\u1ee9c kh\u1ecfe n\u1ed9i l\u1ef1c v\u00e0 l\u00f2ng can \u0111\u1ea3m, th\u1ebf n\u00ean, l\u00e0m m\u1eb9 l\u00e0 con \u0111\u01b0\u1eddng x\u00fac \u0111\u1ed9ng v\u00e0 lay \u0111\u1ed9ng ch\u00e2n th\u00e0nh.<\/p>\n<p>Cu\u1ed1n s\u00e1ch n\u00e0y \u0111\u01b0\u1ee3c ch\u1ecb H\u1ed3 Th\u1ecb H\u1ea3i \u00c2u vi\u1ebft \u0111\u1ec3 ch\u1ecb \u0111\u01b0\u1ee3c tr\u1ea3 \u01a1n cho \u0111\u1eddi nh\u1eefng g\u00ec ch\u1ecb \u0111\u00e3 t\u00edch t\u1ee5, k\u1ebft tinh th\u00e0nh tu\u1ec7 gi\u00e1c c\u1ee7a m\u00ecnh. &#8220;Tr\u1ea3 \u01a1n \u0111\u1eddi sau g\u1ea7n 50 n\u0103m d\u1ea5n th\u00e2n s\u1ed1ng nh\u01b0 th\u1ec3 gi\u00e2y ph\u00fat n\u00e0o c\u0169ng l\u00e0 gi\u00e2y ph\u00fat qu\u00fd gi\u00e1 nh\u1ea5t! Tr\u1ea3 \u01a1n cu\u1ed9c \u0111\u1eddi nh\u1eefng \u0111am m\u00ea, hi\u1ec3u bi\u1ebft v\u00e0 ch\u1ee9ng ng\u1ed9 qu\u00fd gi\u00e1 t\u00f4i c\u00f3 \u0111\u01b0\u1ee3c tr\u00ean h\u00e0nh tr\u00ecnh th\u1ef1c h\u00e0nh \u201cthi\u00ean ch\u1ee9c l\u00e0m m\u1eb9\u201d thi\u00eang li\u00eang: T\u00f4i l\u00e0 ng\u01b0\u1eddi m\u1eb9 Vi\u1ec7t b\u00ecnh d\u1ecb v\u1edbi m\u1ed9t \u0111\u1ee9a con g\u00e1i nh\u1ecf b\u00ecnh d\u1ecb Vi\u1ec7t Nam.&#8221;<\/p>\n","protected":false},"excerpt":{"rendered":"<p>V\u1edbi b\u1ea5t c\u1ee9 m\u1ed9t v\u1ecb tr\u00ed c\u00f4ng vi\u1ec7c n\u00e0o c\u0169ng c\u1ea7n \u0111\u01b0\u1ee3c b\u1ed3i d\u01b0\u1ee1ng \u0111\u00e0o t\u1ea1o c\u00f4ng phu, th\u1ebf m\u00e0 \u0111\u1ec3 l\u00e0m m\u1eb9, l\u00e0m \u201cthi\u00ean ch\u1ee9c\u201d th\u00ec ng\u01b0\u1eddi ph\u1ee5 n\u1eef c\u1ee9 ph\u1ea3i t\u1ef1 m\u00e0y m\u00f2, t\u1ef1 h\u1ecdc m\u00e0 ch\u1eb3ng \u0111\u01b0\u1ee3c qua tr\u01b0\u1eddng l\u1edbp d\u1ea1y d\u1ed7, h\u01b0\u1edbng d\u1eabn n\u00e0o c\u1ea3.<\/p>\n<p>Nh\u01b0ng v\u1edbi t\u00e1c gi\u1ea3 cu\u1ed1n s\u00e1ch M\u1eb9 Vi\u1ec7t &#8211; d\u1ea1y con b\u01b0\u1edbc c\u00f9ng to\u00e0n c\u1ea7u c\u1ee7a ch\u1ecb H\u1ed3 Th\u1ecb H\u1ea3i \u00c2u, v\u1edbi h\u01a1n 18 n\u0103m l\u00e0m m\u1eb9, d\u1ea5n th\u00e2n trong m\u1ecdi kho\u1ea3nh kh\u1eafc y\u00eau th\u01b0\u01a1ng, t\u1eadn hi\u1ebfn, t\u1eadn h\u01b0\u1edfng cu\u1ed9c \u0111\u1eddi trong vai tr\u00f2 thi\u00ean ch\u1ee9c \u1ea5y, ch\u1ecb H\u1ed3 Th\u1ecb H\u1ea3i \u00c2u nh\u1eadn ra r\u1eb1ng, con g\u00e1i ch\u1ecb, \u0111\u1ee9a con b\u00e9 b\u1ecfng \u1ea5y ch\u00ednh l\u00e0 ng\u01b0\u1eddi th\u1ea7y d\u1eabn d\u1eaft ch\u1ecb, \u0111\u1ea7y \u0111\u1ed9ng l\u1ef1c nh\u01b0ng c\u0169ng v\u00f4 c\u00f9ng nghi\u00eam kh\u1eafc, \u0111\u1ec3 ch\u1ecb d\u1ea7n d\u1ea7n tr\u01b0\u1edfng th\u00e0nh, \u0111\u1ec3 ch\u1ecb v\u01b0\u1ee3t qua l\u1ea7n l\u01b0\u1ee3t nh\u1eefng k\u1ef3 s\u00e1ch h\u1ea1ch l\u00e0m m\u1eb9 m\u1ed9t c\u00e1ch vinh quang. V\u00f2ng nguy\u1ec7t qu\u1ebf m\u00e0 ng\u01b0\u1eddi m\u1eb9 thi\u00ean ch\u1ee9c nh\u1eadn \u0111\u01b0\u1ee3c t\u1eeb con c\u00e1i c\u00f3 kh\u00f4ng \u00edt m\u1ed3 h\u00f4i, n\u01b0\u1edbc m\u1eaft v\u1edbi t\u1ea5t c\u1ea3 t\u00e2m h\u1ed3n v\u00e0 tr\u00ed tu\u1ec7.<\/p>\n<p>Ch\u1ecb H\u1ed3 Th\u1ecb H\u1ea3i \u00c2u \u0111\u00e3 vi\u1ebft: &#8220;L\u00e0m m\u1eb9 &#8211; m\u1ed9t &#8220;thi\u00ean ch\u1ee9c&#8221; con \u0111\u01b0\u1eddng t\u1ef1 h\u1ecdc v\u00e0 t\u1ef1 tr\u01b0\u1edfng th\u00e0nh; con \u0111\u01b0\u1eddng ph\u00fac l\u1ea1c v\u00e0 \u0111\u00f2i h\u1ecfi nhi\u1ec1u ph\u1ea9m ch\u1ea5t h\u01a1n t\u1ea5t th\u1ea3y m\u1ecdi \u201c\u0111\u1eddi ch\u1ee9c\u201d, \u0111\u00f2i h\u1ecfi s\u1ef1 ki\u00ean nh\u1eabn h\u1ecdc h\u1ecfi kh\u00f4ng ng\u1eebng, \u0111\u00f2i h\u1ecfi s\u1ef1 khi\u00eam nh\u01b0\u1eddng v\u00e0 nh\u1ea1y b\u00e9n, \u0111\u00f2i h\u1ecfi s\u1ee9c kh\u1ecfe n\u1ed9i l\u1ef1c v\u00e0 l\u00f2ng can \u0111\u1ea3m, th\u1ebf n\u00ean, l\u00e0m m\u1eb9 l\u00e0 con \u0111\u01b0\u1eddng x\u00fac \u0111\u1ed9ng v\u00e0 lay \u0111\u1ed9ng ch\u00e2n th\u00e0nh.<\/p>\n<p>Cu\u1ed1n s\u00e1ch n\u00e0y \u0111\u01b0\u1ee3c ch\u1ecb H\u1ed3 Th\u1ecb H\u1ea3i \u00c2u vi\u1ebft \u0111\u1ec3 ch\u1ecb \u0111\u01b0\u1ee3c tr\u1ea3 \u01a1n cho \u0111\u1eddi nh\u1eefng g\u00ec ch\u1ecb \u0111\u00e3 t\u00edch t\u1ee5, k\u1ebft tinh th\u00e0nh tu\u1ec7 gi\u00e1c c\u1ee7a m\u00ecnh. &#8220;Tr\u1ea3 \u01a1n \u0111\u1eddi sau g\u1ea7n 50 n\u0103m d\u1ea5n th\u00e2n s\u1ed1ng nh\u01b0 th\u1ec3 gi\u00e2y ph\u00fat n\u00e0o c\u0169ng l\u00e0 gi\u00e2y ph\u00fat qu\u00fd gi\u00e1 nh\u1ea5t! Tr\u1ea3 \u01a1n cu\u1ed9c \u0111\u1eddi nh\u1eefng \u0111am m\u00ea, hi\u1ec3u bi\u1ebft v\u00e0 ch\u1ee9ng ng\u1ed9 qu\u00fd gi\u00e1 t\u00f4i c\u00f3 \u0111\u01b0\u1ee3c tr\u00ean h\u00e0nh tr\u00ecnh th\u1ef1c h\u00e0nh \u201cthi\u00ean ch\u1ee9c l\u00e0m m\u1eb9\u201d thi\u00eang li\u00eang: T\u00f4i l\u00e0 ng\u01b0\u1eddi m\u1eb9 Vi\u1ec7t b\u00ecnh d\u1ecb v\u1edbi m\u1ed9t \u0111\u1ee9a con g\u00e1i nh\u1ecf b\u00ecnh d\u1ecb Vi\u1ec7t Nam.&#8221;<\/p>\n","protected":false},"featured_media":12873,"template":"","meta":{"_acf_changed":false},"product_brand":[],"product_cat":[19],"product_tag":[],"class_list":{"0":"post-12876","1":"product","2":"type-product","3":"status-publish","4":"has-post-thumbnail","6":"product_cat-nuoi-day-con","8":"first","9":"instock","10":"taxable","11":"shipping-taxable","12":"purchasable","13":"product-type-simple"},"supplier_id":null,"supplier_sku":"","barcode":null,"atum_controlled":true,"out_stock_date":null,"out_stock_threshold":null,"inheritable":false,"inbound_stock":0,"stock_on_hold":0,"sold_today":0,"sales_last_days":0,"reserved_stock":0,"customer_returns":0,"warehouse_damage":0,"lost_in_post":0,"other_logs":0,"out_stock_days":0,"lost_sales":0,"has_location":false,"update_date":"2026-01-28T23:10:52","atum_locations":[],"atum_stock_status":"instock","restock_status":false,"low_stock_amount":"","sales_update_date":"2026-01-28T23:10:52","calc_backorders":null,"acf":{"publisher":{"ID":1474,"post_author":"1","post_date":"2021-02-17 01:12:51","post_date_gmt":"2021-02-16 23:12:51","post_content":"","post_title":"Th\u00e1i H\u00e0","post_excerpt":"","post_status":"publish","comment_status":"closed","ping_status":"closed","post_password":"","post_name":"thai-ha","to_ping":"","pinged":"","post_modified":"2021-02-17 01:12:51","post_modified_gmt":"2021-02-16 23:12:51","post_content_filtered":"","post_parent":0,"guid":"https:\/\/sachviet.eu\/nha-phat-hanh\/thai-ha\/","menu_order":0,"post_type":"publisher","post_mime_type":"","comment_count":"0","filter":"raw"}},"_links":{"self":[{"href":"https:\/\/sachviet.eu\/en\/wp-json\/wp\/v2\/product\/12876","targetHints":{"allow":["GET"]}}],"collection":[{"href":"https:\/\/sachviet.eu\/en\/wp-json\/wp\/v2\/product"}],"about":[{"href":"https:\/\/sachviet.eu\/en\/wp-json\/wp\/v2\/types\/product"}],"wp:featuredmedia":[{"embeddable":true,"href":"https:\/\/sachviet.eu\/en\/wp-json\/wp\/v2\/media\/12873"}],"wp:attachment":[{"href":"https:\/\/sachviet.eu\/en\/wp-json\/wp\/v2\/media?parent=12876"}],"wp:term":[{"taxonomy":"product_brand","embeddable":true,"href":"https:\/\/sachviet.eu\/en\/wp-json\/wp\/v2\/product_brand?post=12876"},{"taxonomy":"product_cat","embeddable":true,"href":"https:\/\/sachviet.eu\/en\/wp-json\/wp\/v2\/product_cat?post=12876"},{"taxonomy":"product_tag","embeddable":true,"href":"https:\/\/sachviet.eu\/en\/wp-json\/wp\/v2\/product_tag?post=12876"}],"curies":[{"name":"wp","href":"https:\/\/api.w.org\/{rel}","templated":true}]}}